{"id":3732,"date":"2016-01-07T14:34:06","date_gmt":"2016-01-07T14:34:06","guid":{"rendered":"https:\/\/www.qnde.ca\/?post_type=product&#038;p=3732"},"modified":"2025-08-14T13:13:31","modified_gmt":"2025-08-14T17:13:31","slug":"skd-s2","status":"publish","type":"product","link":"https:\/\/www.qnde.ca\/fr\/produit\/skd-s2\/","title":{"rendered":"Magnaflux Spotcheck SKD-S2, R\u00e9v\u00e9lateur au Solvant"},"content":{"rendered":"<h3><strong>Magnaflux Spotcheck SKD-S2, R\u00e9v\u00e9lateur au Solvant<\/strong><\/h3>\n<p>D\u00e9veloppeur non chlor\u00e9 \u00e0 base de solvants.<\/p>\n<ul>\n<li>MGSKDS2-5: SKD-S2, 16oz (473ml) canette a\u00e9rosol.<\/li>\n<li>MGSKDS2-4: SKD-S2, 16oz (473ml) canettes a\u00e9rosols (caisse de 12).<\/li>\n<li>MGSKDS2-2: SKD-S2, 1gal (3.78L) (caisse de 4).<\/li>\n<li>MGSKDS2-1: SKD-S2, 5gal (18.9L) chaudi\u00e8re.<\/li>\n<li>MGSKDS2: SKD-S2, 55gal (208L) baril.<\/li>\n<\/ul>\n","protected":false},"excerpt":{"rendered":"<p>Magnaflux Spotcheck SKD-S2, R\u00e9v\u00e9lateur au Solvant D\u00e9veloppeur non chlor\u00e9 \u00e0 base de solvants. MGSKDS2-5: SKD-S2, 16oz (473ml) canette a\u00e9rosol. MGSKDS2-4: SKD-S2, 16oz (473ml) canettes a\u00e9rosols (caisse de 12). MGSKDS2-2: SKD-S2, 1gal (3.78L) (caisse de 4). MGSKDS2-1: SKD-S2, 5gal (18.9L) chaudi\u00e8re. MGSKDS2: SKD-S2, 55gal (208L) baril.<\/p>\n","protected":false},"featured_media":11587,"template":"","meta":{"_monsterinsights_skip_tracking":false,"_monsterinsights_sitenote_active":false,"_monsterinsights_sitenote_note":"","_monsterinsights_sitenote_category":0},"product_brand":[],"product_cat":[369,119],"product_tag":[],"class_list":{"0":"post-3732","1":"product","2":"type-product","3":"status-publish","4":"has-post-thumbnail","6":"product_cat-magnaflux-fr","7":"product_cat-penetrants-visibles","9":"first","10":"instock","11":"shipping-taxable","12":"purchasable","13":"product-type-variable"},"yoast_head":"<!-- This site is optimized with the Yoast SEO plugin v23.9 - https:\/\/yoast.com\/wordpress\/plugins\/seo\/ -->\n<title>Magnaflux Spotcheck SKD-S2, R\u00e9v\u00e9lateur au Solvant &#060; Qualit\u00e9 NDE<\/title>\n<meta name=\"description\" content=\"Magnaflux Spotcheck SKD-S2, r\u00e9v\u00e9lateur non chlor\u00e9 \u00e0 base de solvants. Disponible en cannette a\u00e9rosol, chaudi\u00e8re ou en baril.\" \/>\n<meta name=\"robots\" content=\"index, follow, max-snippet:-1, max-image-preview:large, max-video-preview:-1\" \/>\n<link rel=\"canonical\" href=\"https:\/\/www.qnde.ca\/fr\/produit\/skd-s2\/\" \/>\n<meta name=\"twitter:label1\" content=\"Dur\u00e9e de lecture estim\u00e9e\" \/>\n\t<meta name=\"twitter:data1\" content=\"1 minute\" \/>\n<script type=\"application\/ld+json\" class=\"yoast-schema-graph\">{\"@context\":\"https:\/\/schema.org\",\"@graph\":[{\"@type\":[\"WebPage\",\"ItemPage\"],\"@id\":\"https:\/\/www.qnde.ca\/fr\/produit\/skd-s2\/\",\"url\":\"https:\/\/www.qnde.ca\/fr\/produit\/skd-s2\/\",\"name\":\"Magnaflux Spotcheck SKD-S2, R\u00e9v\u00e9lateur au Solvant &#060; Qualit\u00e9 NDE\",\"isPartOf\":{\"@id\":\"https:\/\/www.qnde.ca\/#website\"},\"primaryImageOfPage\":{\"@id\":\"https:\/\/www.qnde.ca\/fr\/produit\/skd-s2\/#primaryimage\"},\"image\":{\"@id\":\"https:\/\/www.qnde.ca\/fr\/produit\/skd-s2\/#primaryimage\"},\"thumbnailUrl\":\"https:\/\/www.qnde.ca\/wp-content\/uploads\/2016\/01\/SKD-S2-Can.jpg\",\"datePublished\":\"2016-01-07T14:34:06+00:00\",\"dateModified\":\"2025-08-14T17:13:31+00:00\",\"description\":\"Magnaflux Spotcheck SKD-S2, r\u00e9v\u00e9lateur non chlor\u00e9 \u00e0 base de solvants. Disponible en cannette a\u00e9rosol, chaudi\u00e8re ou en baril.\",\"breadcrumb\":{\"@id\":\"https:\/\/www.qnde.ca\/fr\/produit\/skd-s2\/#breadcrumb\"},\"inLanguage\":\"fr-FR\",\"potentialAction\":[{\"@type\":\"ReadAction\",\"target\":[\"https:\/\/www.qnde.ca\/fr\/produit\/skd-s2\/\"]}]},{\"@type\":\"ImageObject\",\"inLanguage\":\"fr-FR\",\"@id\":\"https:\/\/www.qnde.ca\/fr\/produit\/skd-s2\/#primaryimage\",\"url\":\"https:\/\/www.qnde.ca\/wp-content\/uploads\/2016\/01\/SKD-S2-Can.jpg\",\"contentUrl\":\"https:\/\/www.qnde.ca\/wp-content\/uploads\/2016\/01\/SKD-S2-Can.jpg\",\"width\":320,\"height\":320},{\"@type\":\"BreadcrumbList\",\"@id\":\"https:\/\/www.qnde.ca\/fr\/produit\/skd-s2\/#breadcrumb\",\"itemListElement\":[{\"@type\":\"ListItem\",\"position\":1,\"name\":\"Accueil\",\"item\":\"https:\/\/www.qnde.ca\/fr\/\"},{\"@type\":\"ListItem\",\"position\":2,\"name\":\"Produits\",\"item\":\"https:\/\/www.qnde.ca\/fr\/produits\/\"},{\"@type\":\"ListItem\",\"position\":3,\"name\":\"Marques\",\"item\":\"https:\/\/www.qnde.ca\/fr\/product-category\/marques\/\"},{\"@type\":\"ListItem\",\"position\":4,\"name\":\"Magnaflux\",\"item\":\"https:\/\/www.qnde.ca\/fr\/product-category\/marques\/magnaflux-fr\/\"},{\"@type\":\"ListItem\",\"position\":5,\"name\":\"Magnaflux Spotcheck SKD-S2, R\u00e9v\u00e9lateur au Solvant\"}]},{\"@type\":\"WebSite\",\"@id\":\"https:\/\/www.qnde.ca\/#website\",\"url\":\"https:\/\/www.qnde.ca\/\",\"name\":\"Qualit\u00e9 NDE\",\"description\":\"\u00c9quipements d&#039;essais non destructifs \",\"publisher\":{\"@id\":\"https:\/\/www.qnde.ca\/#organization\"},\"potentialAction\":[{\"@type\":\"SearchAction\",\"target\":{\"@type\":\"EntryPoint\",\"urlTemplate\":\"https:\/\/www.qnde.ca\/?s={search_term_string}\"},\"query-input\":{\"@type\":\"PropertyValueSpecification\",\"valueRequired\":true,\"valueName\":\"search_term_string\"}}],\"inLanguage\":\"fr-FR\"},{\"@type\":\"Organization\",\"@id\":\"https:\/\/www.qnde.ca\/#organization\",\"name\":\"Quality NDT Ltd.\",\"url\":\"https:\/\/www.qnde.ca\/\",\"logo\":{\"@type\":\"ImageObject\",\"inLanguage\":\"fr-FR\",\"@id\":\"https:\/\/www.qnde.ca\/#\/schema\/logo\/image\/\",\"url\":\"https:\/\/www.qnde.ca\/wp-content\/uploads\/2022\/02\/QNDE_logo_RGB-gif.gif\",\"contentUrl\":\"https:\/\/www.qnde.ca\/wp-content\/uploads\/2022\/02\/QNDE_logo_RGB-gif.gif\",\"width\":250,\"height\":64,\"caption\":\"Quality NDT Ltd.\"},\"image\":{\"@id\":\"https:\/\/www.qnde.ca\/#\/schema\/logo\/image\/\"},\"sameAs\":[\"https:\/\/www.linkedin.com\/company\/qnde\/about\/?viewAsMember=true\"]}]}<\/script>\n<!-- \/ Yoast SEO plugin. -->","yoast_head_json":{"title":"Magnaflux Spotcheck SKD-S2, R\u00e9v\u00e9lateur au Solvant &#060; Qualit\u00e9 NDE","description":"Magnaflux Spotcheck SKD-S2, r\u00e9v\u00e9lateur non chlor\u00e9 \u00e0 base de solvants. Disponible en cannette a\u00e9rosol, chaudi\u00e8re ou en baril.","robots":{"index":"index","follow":"follow","max-snippet":"max-snippet:-1","max-image-preview":"max-image-preview:large","max-video-preview":"max-video-preview:-1"},"canonical":"https:\/\/www.qnde.ca\/fr\/produit\/skd-s2\/","twitter_misc":{"Dur\u00e9e de lecture estim\u00e9e":"1 minute"},"schema":{"@context":"https:\/\/schema.org","@graph":[{"@type":["WebPage","ItemPage"],"@id":"https:\/\/www.qnde.ca\/fr\/produit\/skd-s2\/","url":"https:\/\/www.qnde.ca\/fr\/produit\/skd-s2\/","name":"Magnaflux Spotcheck SKD-S2, R\u00e9v\u00e9lateur au Solvant &#060; Qualit\u00e9 NDE","isPartOf":{"@id":"https:\/\/www.qnde.ca\/#website"},"primaryImageOfPage":{"@id":"https:\/\/www.qnde.ca\/fr\/produit\/skd-s2\/#primaryimage"},"image":{"@id":"https:\/\/www.qnde.ca\/fr\/produit\/skd-s2\/#primaryimage"},"thumbnailUrl":"https:\/\/www.qnde.ca\/wp-content\/uploads\/2016\/01\/SKD-S2-Can.jpg","datePublished":"2016-01-07T14:34:06+00:00","dateModified":"2025-08-14T17:13:31+00:00","description":"Magnaflux Spotcheck SKD-S2, r\u00e9v\u00e9lateur non chlor\u00e9 \u00e0 base de solvants. Disponible en cannette a\u00e9rosol, chaudi\u00e8re ou en baril.","breadcrumb":{"@id":"https:\/\/www.qnde.ca\/fr\/produit\/skd-s2\/#breadcrumb"},"inLanguage":"fr-FR","potentialAction":[{"@type":"ReadAction","target":["https:\/\/www.qnde.ca\/fr\/produit\/skd-s2\/"]}]},{"@type":"ImageObject","inLanguage":"fr-FR","@id":"https:\/\/www.qnde.ca\/fr\/produit\/skd-s2\/#primaryimage","url":"https:\/\/www.qnde.ca\/wp-content\/uploads\/2016\/01\/SKD-S2-Can.jpg","contentUrl":"https:\/\/www.qnde.ca\/wp-content\/uploads\/2016\/01\/SKD-S2-Can.jpg","width":320,"height":320},{"@type":"BreadcrumbList","@id":"https:\/\/www.qnde.ca\/fr\/produit\/skd-s2\/#breadcrumb","itemListElement":[{"@type":"ListItem","position":1,"name":"Accueil","item":"https:\/\/www.qnde.ca\/fr\/"},{"@type":"ListItem","position":2,"name":"Produits","item":"https:\/\/www.qnde.ca\/fr\/produits\/"},{"@type":"ListItem","position":3,"name":"Marques","item":"https:\/\/www.qnde.ca\/fr\/product-category\/marques\/"},{"@type":"ListItem","position":4,"name":"Magnaflux","item":"https:\/\/www.qnde.ca\/fr\/product-category\/marques\/magnaflux-fr\/"},{"@type":"ListItem","position":5,"name":"Magnaflux Spotcheck SKD-S2, R\u00e9v\u00e9lateur au Solvant"}]},{"@type":"WebSite","@id":"https:\/\/www.qnde.ca\/#website","url":"https:\/\/www.qnde.ca\/","name":"Qualit\u00e9 NDE","description":"\u00c9quipements d&#039;essais non destructifs ","publisher":{"@id":"https:\/\/www.qnde.ca\/#organization"},"potentialAction":[{"@type":"SearchAction","target":{"@type":"EntryPoint","urlTemplate":"https:\/\/www.qnde.ca\/?s={search_term_string}"},"query-input":{"@type":"PropertyValueSpecification","valueRequired":true,"valueName":"search_term_string"}}],"inLanguage":"fr-FR"},{"@type":"Organization","@id":"https:\/\/www.qnde.ca\/#organization","name":"Quality NDT Ltd.","url":"https:\/\/www.qnde.ca\/","logo":{"@type":"ImageObject","inLanguage":"fr-FR","@id":"https:\/\/www.qnde.ca\/#\/schema\/logo\/image\/","url":"https:\/\/www.qnde.ca\/wp-content\/uploads\/2022\/02\/QNDE_logo_RGB-gif.gif","contentUrl":"https:\/\/www.qnde.ca\/wp-content\/uploads\/2022\/02\/QNDE_logo_RGB-gif.gif","width":250,"height":64,"caption":"Quality NDT Ltd."},"image":{"@id":"https:\/\/www.qnde.ca\/#\/schema\/logo\/image\/"},"sameAs":["https:\/\/www.linkedin.com\/company\/qnde\/about\/?viewAsMember=true"]}]}},"jetpack_sharing_enabled":true,"_links":{"self":[{"href":"https:\/\/www.qnde.ca\/fr\/wp-json\/wp\/v2\/product\/3732","targetHints":{"allow":["GET"]}}],"collection":[{"href":"https:\/\/www.qnde.ca\/fr\/wp-json\/wp\/v2\/product"}],"about":[{"href":"https:\/\/www.qnde.ca\/fr\/wp-json\/wp\/v2\/types\/product"}],"wp:featuredmedia":[{"embeddable":true,"href":"https:\/\/www.qnde.ca\/fr\/wp-json\/wp\/v2\/media\/11587"}],"wp:attachment":[{"href":"https:\/\/www.qnde.ca\/fr\/wp-json\/wp\/v2\/media?parent=3732"}],"wp:term":[{"taxonomy":"product_brand","embeddable":true,"href":"https:\/\/www.qnde.ca\/fr\/wp-json\/wp\/v2\/product_brand?post=3732"},{"taxonomy":"product_cat","embeddable":true,"href":"https:\/\/www.qnde.ca\/fr\/wp-json\/wp\/v2\/product_cat?post=3732"},{"taxonomy":"product_tag","embeddable":true,"href":"https:\/\/www.qnde.ca\/fr\/wp-json\/wp\/v2\/product_tag?post=3732"}],"curies":[{"name":"wp","href":"https:\/\/api.w.org\/{rel}","templated":true}]}}