{"id":3706,"date":"2016-01-06T16:21:11","date_gmt":"2016-01-06T16:21:11","guid":{"rendered":"https:\/\/www.qnde.ca\/?post_type=product&#038;p=3706"},"modified":"2023-03-23T14:33:49","modified_gmt":"2023-03-23T18:33:49","slug":"ligne-de-penetrant-post-emulsion","status":"publish","type":"product","link":"https:\/\/www.qnde.ca\/fr\/produit\/ligne-de-penetrant-post-emulsion\/","title":{"rendered":"QNDE PE-12 Ligne de P\u00e9n\u00e9trant Modulable Post-\u00c9mulsifiable &#8211; SUR MESURE"},"content":{"rendered":"<h3><strong>QNDE PE-12 Ligne de P\u00e9n\u00e9trant Modulable Post-\u00c9mulsifiable &#8211; SUR MESURE<\/strong><\/h3>\n<p>&nbsp;<\/p>\n<p>Cette ligne de p\u00e9n\u00e9trant post-\u00e9mulsifiable \u00e0 douze stations de Qualit\u00e9 NDE a \u00e9t\u00e9 con\u00e7ue en gardant \u00e0 l&rsquo;esprit la s\u00e9curit\u00e9, car nos stations en porte-\u00e0-faux n\u2019ont pas de poteaux \u00e0 l\u2019avant afin que l\u2019utilisateur puisse facilement d\u00e9placer les pi\u00e8ces. Le s\u00e9choir r\u00e9pond \u00e0 la norme ASTM C1055 pour les surfaces externes chaudes et rencontre facilement le requis de temp\u00e9rature de \u00b115\u00baF (8.3\u00baC) dans la zone active de s\u00e9chage du s\u00e9choir.<\/p>\n<p>&nbsp;<\/p>\n<p>La ligne modulaire standard ci-dessus peut \u00eatre con\u00e7ue sur mesure pour r\u00e9pondre \u00e0 vos besoins sp\u00e9cifiques. Une fois les sp\u00e9cifications approuv\u00e9es, le plan de localisation des raccords \u00e9lectriques et de plomberies (air\/eau) seront fournis afin que vous puissiez installer ceux-ci avant la livraison de votre ligne de p\u00e9n\u00e9trant. Veuillez remplir le formulaire ci-joint afin que notre sp\u00e9cialiste puisse \u00e9tablir les sp\u00e9cifications de votre ligne de p\u00e9n\u00e9trant.<\/p>\n<p>&nbsp;<\/p>\n<p>Une fois que les sp\u00e9cifications et dessins sont approuv\u00e9s, nous fabriquerons, testerons et certifierons le tout avant l\u2019essai d\u2019acceptation en usine et\/ou l\u2019exp\u00e9dition.<\/p>\n","protected":false},"excerpt":{"rendered":"<p>QNDE PE-12 Ligne de P\u00e9n\u00e9trant Modulable Post-\u00c9mulsifiable &#8211; SUR MESURE &nbsp; Cette ligne de p\u00e9n\u00e9trant post-\u00e9mulsifiable \u00e0 douze stations de Qualit\u00e9 NDE a \u00e9t\u00e9 con\u00e7ue en gardant \u00e0 l&rsquo;esprit la s\u00e9curit\u00e9, car nos stations en porte-\u00e0-faux n\u2019ont pas de poteaux \u00e0 l\u2019avant afin que l\u2019utilisateur puisse facilement d\u00e9placer les pi\u00e8ces. Le s\u00e9choir r\u00e9pond \u00e0 la [&hellip;]<\/p>\n","protected":false},"featured_media":28071,"template":"","meta":{"_monsterinsights_skip_tracking":false,"_monsterinsights_sitenote_active":false,"_monsterinsights_sitenote_note":"","_monsterinsights_sitenote_category":0},"product_brand":[],"product_cat":[392,118,361,122],"product_tag":[],"class_list":{"0":"post-3706","1":"product","2":"type-product","3":"status-publish","4":"has-post-thumbnail","6":"product_cat-qnde-fr","7":"product_cat-ressuage","8":"product_cat-ligne-de-penetrants","9":"product_cat-equipements-ressuage","11":"first","12":"instock","13":"shipping-taxable","14":"purchasable","15":"product-type-simple"},"yoast_head":"<!-- This site is optimized with the Yoast SEO plugin v23.9 - https:\/\/yoast.com\/wordpress\/plugins\/seo\/ -->\n<title>QNDE PE-12 Ligne de P\u00e9n\u00e9trant Modulable Post-\u00c9mulsifiable - SUR MESURE &#060; Qualit\u00e9 NDE<\/title>\n<meta name=\"description\" content=\"Cette ligne de p\u00e9n\u00e9trant post-\u00e9mulsifiable \u00e0 douze stations de QNDE peut \u00eatre con\u00e7ue sur mesure pour r\u00e9pondre \u00e0 vos besoins sp\u00e9cifiques.\" \/>\n<meta name=\"robots\" content=\"index, follow, max-snippet:-1, max-image-preview:large, max-video-preview:-1\" \/>\n<link rel=\"canonical\" href=\"https:\/\/www.qnde.ca\/fr\/produit\/ligne-de-penetrant-post-emulsion\/\" \/>\n<meta name=\"twitter:label1\" content=\"Dur\u00e9e de lecture estim\u00e9e\" \/>\n\t<meta name=\"twitter:data1\" content=\"1 minute\" \/>\n<script type=\"application\/ld+json\" class=\"yoast-schema-graph\">{\"@context\":\"https:\/\/schema.org\",\"@graph\":[{\"@type\":[\"WebPage\",\"ItemPage\"],\"@id\":\"https:\/\/www.qnde.ca\/fr\/produit\/ligne-de-penetrant-post-emulsion\/\",\"url\":\"https:\/\/www.qnde.ca\/fr\/produit\/ligne-de-penetrant-post-emulsion\/\",\"name\":\"QNDE PE-12 Ligne de P\u00e9n\u00e9trant Modulable Post-\u00c9mulsifiable - SUR MESURE &#060; Qualit\u00e9 NDE\",\"isPartOf\":{\"@id\":\"https:\/\/www.qnde.ca\/#website\"},\"primaryImageOfPage\":{\"@id\":\"https:\/\/www.qnde.ca\/fr\/produit\/ligne-de-penetrant-post-emulsion\/#primaryimage\"},\"image\":{\"@id\":\"https:\/\/www.qnde.ca\/fr\/produit\/ligne-de-penetrant-post-emulsion\/#primaryimage\"},\"thumbnailUrl\":\"https:\/\/www.qnde.ca\/wp-content\/uploads\/2022\/07\/QNDE-PE12-IMG_1541-CLEAN.png\",\"datePublished\":\"2016-01-06T16:21:11+00:00\",\"dateModified\":\"2023-03-23T18:33:49+00:00\",\"description\":\"Cette ligne de p\u00e9n\u00e9trant post-\u00e9mulsifiable \u00e0 douze stations de QNDE peut \u00eatre con\u00e7ue sur mesure pour r\u00e9pondre \u00e0 vos besoins sp\u00e9cifiques.\",\"breadcrumb\":{\"@id\":\"https:\/\/www.qnde.ca\/fr\/produit\/ligne-de-penetrant-post-emulsion\/#breadcrumb\"},\"inLanguage\":\"fr-FR\",\"potentialAction\":[{\"@type\":\"ReadAction\",\"target\":[\"https:\/\/www.qnde.ca\/fr\/produit\/ligne-de-penetrant-post-emulsion\/\"]}]},{\"@type\":\"ImageObject\",\"inLanguage\":\"fr-FR\",\"@id\":\"https:\/\/www.qnde.ca\/fr\/produit\/ligne-de-penetrant-post-emulsion\/#primaryimage\",\"url\":\"https:\/\/www.qnde.ca\/wp-content\/uploads\/2022\/07\/QNDE-PE12-IMG_1541-CLEAN.png\",\"contentUrl\":\"https:\/\/www.qnde.ca\/wp-content\/uploads\/2022\/07\/QNDE-PE12-IMG_1541-CLEAN.png\",\"width\":2048,\"height\":1536},{\"@type\":\"BreadcrumbList\",\"@id\":\"https:\/\/www.qnde.ca\/fr\/produit\/ligne-de-penetrant-post-emulsion\/#breadcrumb\",\"itemListElement\":[{\"@type\":\"ListItem\",\"position\":1,\"name\":\"Accueil\",\"item\":\"https:\/\/www.qnde.ca\/fr\/\"},{\"@type\":\"ListItem\",\"position\":2,\"name\":\"Produits\",\"item\":\"https:\/\/www.qnde.ca\/fr\/produits\/\"},{\"@type\":\"ListItem\",\"position\":3,\"name\":\"Ressuage\",\"item\":\"https:\/\/www.qnde.ca\/fr\/product-category\/ressuage\/\"},{\"@type\":\"ListItem\",\"position\":4,\"name\":\"Lignes de p\u00e9n\u00e9trants\",\"item\":\"https:\/\/www.qnde.ca\/fr\/product-category\/ressuage\/ligne-de-penetrants\/\"},{\"@type\":\"ListItem\",\"position\":5,\"name\":\"QNDE PE-12 Ligne de P\u00e9n\u00e9trant Modulable Post-\u00c9mulsifiable &#8211; SUR MESURE\"}]},{\"@type\":\"WebSite\",\"@id\":\"https:\/\/www.qnde.ca\/#website\",\"url\":\"https:\/\/www.qnde.ca\/\",\"name\":\"Qualit\u00e9 NDE\",\"description\":\"\u00c9quipements d&#039;essais non destructifs \",\"publisher\":{\"@id\":\"https:\/\/www.qnde.ca\/#organization\"},\"potentialAction\":[{\"@type\":\"SearchAction\",\"target\":{\"@type\":\"EntryPoint\",\"urlTemplate\":\"https:\/\/www.qnde.ca\/?s={search_term_string}\"},\"query-input\":{\"@type\":\"PropertyValueSpecification\",\"valueRequired\":true,\"valueName\":\"search_term_string\"}}],\"inLanguage\":\"fr-FR\"},{\"@type\":\"Organization\",\"@id\":\"https:\/\/www.qnde.ca\/#organization\",\"name\":\"Quality NDT Ltd.\",\"url\":\"https:\/\/www.qnde.ca\/\",\"logo\":{\"@type\":\"ImageObject\",\"inLanguage\":\"fr-FR\",\"@id\":\"https:\/\/www.qnde.ca\/#\/schema\/logo\/image\/\",\"url\":\"https:\/\/www.qnde.ca\/wp-content\/uploads\/2022\/02\/QNDE_logo_RGB-gif.gif\",\"contentUrl\":\"https:\/\/www.qnde.ca\/wp-content\/uploads\/2022\/02\/QNDE_logo_RGB-gif.gif\",\"width\":250,\"height\":64,\"caption\":\"Quality NDT Ltd.\"},\"image\":{\"@id\":\"https:\/\/www.qnde.ca\/#\/schema\/logo\/image\/\"},\"sameAs\":[\"https:\/\/www.linkedin.com\/company\/qnde\/about\/?viewAsMember=true\"]}]}<\/script>\n<!-- \/ Yoast SEO plugin. -->","yoast_head_json":{"title":"QNDE PE-12 Ligne de P\u00e9n\u00e9trant Modulable Post-\u00c9mulsifiable - SUR MESURE &#060; Qualit\u00e9 NDE","description":"Cette ligne de p\u00e9n\u00e9trant post-\u00e9mulsifiable \u00e0 douze stations de QNDE peut \u00eatre con\u00e7ue sur mesure pour r\u00e9pondre \u00e0 vos besoins sp\u00e9cifiques.","robots":{"index":"index","follow":"follow","max-snippet":"max-snippet:-1","max-image-preview":"max-image-preview:large","max-video-preview":"max-video-preview:-1"},"canonical":"https:\/\/www.qnde.ca\/fr\/produit\/ligne-de-penetrant-post-emulsion\/","twitter_misc":{"Dur\u00e9e de lecture estim\u00e9e":"1 minute"},"schema":{"@context":"https:\/\/schema.org","@graph":[{"@type":["WebPage","ItemPage"],"@id":"https:\/\/www.qnde.ca\/fr\/produit\/ligne-de-penetrant-post-emulsion\/","url":"https:\/\/www.qnde.ca\/fr\/produit\/ligne-de-penetrant-post-emulsion\/","name":"QNDE PE-12 Ligne de P\u00e9n\u00e9trant Modulable Post-\u00c9mulsifiable - SUR MESURE &#060; Qualit\u00e9 NDE","isPartOf":{"@id":"https:\/\/www.qnde.ca\/#website"},"primaryImageOfPage":{"@id":"https:\/\/www.qnde.ca\/fr\/produit\/ligne-de-penetrant-post-emulsion\/#primaryimage"},"image":{"@id":"https:\/\/www.qnde.ca\/fr\/produit\/ligne-de-penetrant-post-emulsion\/#primaryimage"},"thumbnailUrl":"https:\/\/www.qnde.ca\/wp-content\/uploads\/2022\/07\/QNDE-PE12-IMG_1541-CLEAN.png","datePublished":"2016-01-06T16:21:11+00:00","dateModified":"2023-03-23T18:33:49+00:00","description":"Cette ligne de p\u00e9n\u00e9trant post-\u00e9mulsifiable \u00e0 douze stations de QNDE peut \u00eatre con\u00e7ue sur mesure pour r\u00e9pondre \u00e0 vos besoins sp\u00e9cifiques.","breadcrumb":{"@id":"https:\/\/www.qnde.ca\/fr\/produit\/ligne-de-penetrant-post-emulsion\/#breadcrumb"},"inLanguage":"fr-FR","potentialAction":[{"@type":"ReadAction","target":["https:\/\/www.qnde.ca\/fr\/produit\/ligne-de-penetrant-post-emulsion\/"]}]},{"@type":"ImageObject","inLanguage":"fr-FR","@id":"https:\/\/www.qnde.ca\/fr\/produit\/ligne-de-penetrant-post-emulsion\/#primaryimage","url":"https:\/\/www.qnde.ca\/wp-content\/uploads\/2022\/07\/QNDE-PE12-IMG_1541-CLEAN.png","contentUrl":"https:\/\/www.qnde.ca\/wp-content\/uploads\/2022\/07\/QNDE-PE12-IMG_1541-CLEAN.png","width":2048,"height":1536},{"@type":"BreadcrumbList","@id":"https:\/\/www.qnde.ca\/fr\/produit\/ligne-de-penetrant-post-emulsion\/#breadcrumb","itemListElement":[{"@type":"ListItem","position":1,"name":"Accueil","item":"https:\/\/www.qnde.ca\/fr\/"},{"@type":"ListItem","position":2,"name":"Produits","item":"https:\/\/www.qnde.ca\/fr\/produits\/"},{"@type":"ListItem","position":3,"name":"Ressuage","item":"https:\/\/www.qnde.ca\/fr\/product-category\/ressuage\/"},{"@type":"ListItem","position":4,"name":"Lignes de p\u00e9n\u00e9trants","item":"https:\/\/www.qnde.ca\/fr\/product-category\/ressuage\/ligne-de-penetrants\/"},{"@type":"ListItem","position":5,"name":"QNDE PE-12 Ligne de P\u00e9n\u00e9trant Modulable Post-\u00c9mulsifiable &#8211; SUR MESURE"}]},{"@type":"WebSite","@id":"https:\/\/www.qnde.ca\/#website","url":"https:\/\/www.qnde.ca\/","name":"Qualit\u00e9 NDE","description":"\u00c9quipements d&#039;essais non destructifs ","publisher":{"@id":"https:\/\/www.qnde.ca\/#organization"},"potentialAction":[{"@type":"SearchAction","target":{"@type":"EntryPoint","urlTemplate":"https:\/\/www.qnde.ca\/?s={search_term_string}"},"query-input":{"@type":"PropertyValueSpecification","valueRequired":true,"valueName":"search_term_string"}}],"inLanguage":"fr-FR"},{"@type":"Organization","@id":"https:\/\/www.qnde.ca\/#organization","name":"Quality NDT Ltd.","url":"https:\/\/www.qnde.ca\/","logo":{"@type":"ImageObject","inLanguage":"fr-FR","@id":"https:\/\/www.qnde.ca\/#\/schema\/logo\/image\/","url":"https:\/\/www.qnde.ca\/wp-content\/uploads\/2022\/02\/QNDE_logo_RGB-gif.gif","contentUrl":"https:\/\/www.qnde.ca\/wp-content\/uploads\/2022\/02\/QNDE_logo_RGB-gif.gif","width":250,"height":64,"caption":"Quality NDT Ltd."},"image":{"@id":"https:\/\/www.qnde.ca\/#\/schema\/logo\/image\/"},"sameAs":["https:\/\/www.linkedin.com\/company\/qnde\/about\/?viewAsMember=true"]}]}},"jetpack_sharing_enabled":true,"_links":{"self":[{"href":"https:\/\/www.qnde.ca\/fr\/wp-json\/wp\/v2\/product\/3706","targetHints":{"allow":["GET"]}}],"collection":[{"href":"https:\/\/www.qnde.ca\/fr\/wp-json\/wp\/v2\/product"}],"about":[{"href":"https:\/\/www.qnde.ca\/fr\/wp-json\/wp\/v2\/types\/product"}],"wp:featuredmedia":[{"embeddable":true,"href":"https:\/\/www.qnde.ca\/fr\/wp-json\/wp\/v2\/media\/28071"}],"wp:attachment":[{"href":"https:\/\/www.qnde.ca\/fr\/wp-json\/wp\/v2\/media?parent=3706"}],"wp:term":[{"taxonomy":"product_brand","embeddable":true,"href":"https:\/\/www.qnde.ca\/fr\/wp-json\/wp\/v2\/product_brand?post=3706"},{"taxonomy":"product_cat","embeddable":true,"href":"https:\/\/www.qnde.ca\/fr\/wp-json\/wp\/v2\/product_cat?post=3706"},{"taxonomy":"product_tag","embeddable":true,"href":"https:\/\/www.qnde.ca\/fr\/wp-json\/wp\/v2\/product_tag?post=3706"}],"curies":[{"name":"wp","href":"https:\/\/api.w.org\/{rel}","templated":true}]}}