{"id":3692,"date":"2016-01-06T16:02:08","date_gmt":"2016-01-06T16:02:08","guid":{"rendered":"https:\/\/www.qnde.ca\/?post_type=product&#038;p=3692"},"modified":"2025-08-14T08:30:07","modified_gmt":"2025-08-14T12:30:07","slug":"panneaux-nicr","status":"publish","type":"product","link":"https:\/\/www.qnde.ca\/fr\/produit\/panneaux-nicr\/","title":{"rendered":"Magnaflux, Panneaux Nickel Chrome"},"content":{"rendered":"<h3><strong>Magnaflux, Panneaux Nickel Chrome<\/strong><\/h3>\n<p>Ensemble de deux panneaux Eishen Twin Nickel Chrome pour le contr\u00f4le du processus d\u2019inspection au p\u00e9n\u00e9trant fluorescent o\u00f9 sont v\u00e9rifi\u00e9es la sensibilit\u00e9, la visibilit\u00e9 et performance du p\u00e9n\u00e9trant. Les panneaux sont fabriqu\u00e9s en coupant un seul bloc dans la moiti\u00e9 perpendiculaire aux d\u00e9fauts. Les panneaux sont aussi appel\u00e9s blocs de r\u00e9f\u00e9rence ISO 3452-3 de type 1.<\/p>\n<ul>\n<li>506251: Panneaux de Nickel Chrome de 10\u00b5m (paire) \u2013 Pour sensibilit\u00e9 de niveau 4.<\/li>\n<li>506252: Panneaux de Nickel Chrome de 20\u00b5m (paire) \u2013 Pour sensibilit\u00e9 de niveau 3 et 4.<\/li>\n<li>506253: Panneaux de Nickel Chrome de 30\u00b5m (paire) \u2013 Pour sensibilit\u00e9 de niveau 2, 3 et 4.<\/li>\n<li>506254: Panneaux de Nickel Chrome de 50\u00b5m (paire) \u2013 Pour sensibilit\u00e9 de niveau 1, 2, 3 et 4.<\/li>\n<\/ul>\n","protected":false},"excerpt":{"rendered":"<p>Magnaflux, Panneaux Nickel Chrome Ensemble de deux panneaux Eishen Twin Nickel Chrome pour le contr\u00f4le du processus d\u2019inspection au p\u00e9n\u00e9trant fluorescent o\u00f9 sont v\u00e9rifi\u00e9es la sensibilit\u00e9, la visibilit\u00e9 et performance du p\u00e9n\u00e9trant. Les panneaux sont fabriqu\u00e9s en coupant un seul bloc dans la moiti\u00e9 perpendiculaire aux d\u00e9fauts. Les panneaux sont aussi appel\u00e9s blocs de r\u00e9f\u00e9rence [&hellip;]<\/p>\n","protected":false},"featured_media":11739,"template":"","meta":{"_monsterinsights_skip_tracking":false,"_monsterinsights_sitenote_active":false,"_monsterinsights_sitenote_note":"","_monsterinsights_sitenote_category":0},"product_brand":[],"product_cat":[369,123],"product_tag":[],"class_list":{"0":"post-3692","1":"product","2":"type-product","3":"status-publish","4":"has-post-thumbnail","6":"product_cat-magnaflux-fr","7":"product_cat-accessoires-ressuage","9":"first","10":"instock","11":"shipping-taxable","12":"purchasable","13":"product-type-variable"},"yoast_head":"<!-- This site is optimized with the Yoast SEO plugin v23.9 - https:\/\/yoast.com\/wordpress\/plugins\/seo\/ -->\n<title>Magnaflux, Panneaux Nickel Chrome &#060; Qualit\u00e9 NDE<\/title>\n<meta name=\"description\" content=\"Ensemble Magnaflux de deux panneaux Nickel Chrome\/bloc de r\u00e9f\u00e9rence ISO 3452-3 de type 1. Contr\u00f4le du processus d&#039;inspection au p\u00e9n\u00e9trant fluorescent.\" \/>\n<meta name=\"robots\" content=\"index, follow, max-snippet:-1, max-image-preview:large, max-video-preview:-1\" \/>\n<link rel=\"canonical\" href=\"https:\/\/www.qnde.ca\/fr\/produit\/panneaux-nicr\/\" \/>\n<meta name=\"twitter:label1\" content=\"Dur\u00e9e de lecture estim\u00e9e\" \/>\n\t<meta name=\"twitter:data1\" content=\"1 minute\" \/>\n<script type=\"application\/ld+json\" class=\"yoast-schema-graph\">{\"@context\":\"https:\/\/schema.org\",\"@graph\":[{\"@type\":[\"WebPage\",\"ItemPage\"],\"@id\":\"https:\/\/www.qnde.ca\/fr\/produit\/panneaux-nicr\/\",\"url\":\"https:\/\/www.qnde.ca\/fr\/produit\/panneaux-nicr\/\",\"name\":\"Magnaflux, Panneaux Nickel Chrome &#060; Qualit\u00e9 NDE\",\"isPartOf\":{\"@id\":\"https:\/\/www.qnde.ca\/#website\"},\"primaryImageOfPage\":{\"@id\":\"https:\/\/www.qnde.ca\/fr\/produit\/panneaux-nicr\/#primaryimage\"},\"image\":{\"@id\":\"https:\/\/www.qnde.ca\/fr\/produit\/panneaux-nicr\/#primaryimage\"},\"thumbnailUrl\":\"https:\/\/www.qnde.ca\/wp-content\/uploads\/2016\/01\/Nicr-Panels-magnaflux.jpg\",\"datePublished\":\"2016-01-06T16:02:08+00:00\",\"dateModified\":\"2025-08-14T12:30:07+00:00\",\"description\":\"Ensemble Magnaflux de deux panneaux Nickel Chrome\/bloc de r\u00e9f\u00e9rence ISO 3452-3 de type 1. Contr\u00f4le du processus d'inspection au p\u00e9n\u00e9trant fluorescent.\",\"breadcrumb\":{\"@id\":\"https:\/\/www.qnde.ca\/fr\/produit\/panneaux-nicr\/#breadcrumb\"},\"inLanguage\":\"fr-FR\",\"potentialAction\":[{\"@type\":\"ReadAction\",\"target\":[\"https:\/\/www.qnde.ca\/fr\/produit\/panneaux-nicr\/\"]}]},{\"@type\":\"ImageObject\",\"inLanguage\":\"fr-FR\",\"@id\":\"https:\/\/www.qnde.ca\/fr\/produit\/panneaux-nicr\/#primaryimage\",\"url\":\"https:\/\/www.qnde.ca\/wp-content\/uploads\/2016\/01\/Nicr-Panels-magnaflux.jpg\",\"contentUrl\":\"https:\/\/www.qnde.ca\/wp-content\/uploads\/2016\/01\/Nicr-Panels-magnaflux.jpg\",\"width\":800,\"height\":585,\"caption\":\"506251 - Panneaux de Nickel Chrome de 10\u00b5m\"},{\"@type\":\"BreadcrumbList\",\"@id\":\"https:\/\/www.qnde.ca\/fr\/produit\/panneaux-nicr\/#breadcrumb\",\"itemListElement\":[{\"@type\":\"ListItem\",\"position\":1,\"name\":\"Accueil\",\"item\":\"https:\/\/www.qnde.ca\/fr\/\"},{\"@type\":\"ListItem\",\"position\":2,\"name\":\"Produits\",\"item\":\"https:\/\/www.qnde.ca\/fr\/produits\/\"},{\"@type\":\"ListItem\",\"position\":3,\"name\":\"Marques\",\"item\":\"https:\/\/www.qnde.ca\/fr\/product-category\/marques\/\"},{\"@type\":\"ListItem\",\"position\":4,\"name\":\"Magnaflux\",\"item\":\"https:\/\/www.qnde.ca\/fr\/product-category\/marques\/magnaflux-fr\/\"},{\"@type\":\"ListItem\",\"position\":5,\"name\":\"Magnaflux, Panneaux Nickel Chrome\"}]},{\"@type\":\"WebSite\",\"@id\":\"https:\/\/www.qnde.ca\/#website\",\"url\":\"https:\/\/www.qnde.ca\/\",\"name\":\"Qualit\u00e9 NDE\",\"description\":\"\u00c9quipements d&#039;essais non destructifs \",\"publisher\":{\"@id\":\"https:\/\/www.qnde.ca\/#organization\"},\"potentialAction\":[{\"@type\":\"SearchAction\",\"target\":{\"@type\":\"EntryPoint\",\"urlTemplate\":\"https:\/\/www.qnde.ca\/?s={search_term_string}\"},\"query-input\":{\"@type\":\"PropertyValueSpecification\",\"valueRequired\":true,\"valueName\":\"search_term_string\"}}],\"inLanguage\":\"fr-FR\"},{\"@type\":\"Organization\",\"@id\":\"https:\/\/www.qnde.ca\/#organization\",\"name\":\"Quality NDT Ltd.\",\"url\":\"https:\/\/www.qnde.ca\/\",\"logo\":{\"@type\":\"ImageObject\",\"inLanguage\":\"fr-FR\",\"@id\":\"https:\/\/www.qnde.ca\/#\/schema\/logo\/image\/\",\"url\":\"https:\/\/www.qnde.ca\/wp-content\/uploads\/2022\/02\/QNDE_logo_RGB-gif.gif\",\"contentUrl\":\"https:\/\/www.qnde.ca\/wp-content\/uploads\/2022\/02\/QNDE_logo_RGB-gif.gif\",\"width\":250,\"height\":64,\"caption\":\"Quality NDT Ltd.\"},\"image\":{\"@id\":\"https:\/\/www.qnde.ca\/#\/schema\/logo\/image\/\"},\"sameAs\":[\"https:\/\/www.linkedin.com\/company\/qnde\/about\/?viewAsMember=true\"]}]}<\/script>\n<!-- \/ Yoast SEO plugin. -->","yoast_head_json":{"title":"Magnaflux, Panneaux Nickel Chrome &#060; Qualit\u00e9 NDE","description":"Ensemble Magnaflux de deux panneaux Nickel Chrome\/bloc de r\u00e9f\u00e9rence ISO 3452-3 de type 1. Contr\u00f4le du processus d'inspection au p\u00e9n\u00e9trant fluorescent.","robots":{"index":"index","follow":"follow","max-snippet":"max-snippet:-1","max-image-preview":"max-image-preview:large","max-video-preview":"max-video-preview:-1"},"canonical":"https:\/\/www.qnde.ca\/fr\/produit\/panneaux-nicr\/","twitter_misc":{"Dur\u00e9e de lecture estim\u00e9e":"1 minute"},"schema":{"@context":"https:\/\/schema.org","@graph":[{"@type":["WebPage","ItemPage"],"@id":"https:\/\/www.qnde.ca\/fr\/produit\/panneaux-nicr\/","url":"https:\/\/www.qnde.ca\/fr\/produit\/panneaux-nicr\/","name":"Magnaflux, Panneaux Nickel Chrome &#060; Qualit\u00e9 NDE","isPartOf":{"@id":"https:\/\/www.qnde.ca\/#website"},"primaryImageOfPage":{"@id":"https:\/\/www.qnde.ca\/fr\/produit\/panneaux-nicr\/#primaryimage"},"image":{"@id":"https:\/\/www.qnde.ca\/fr\/produit\/panneaux-nicr\/#primaryimage"},"thumbnailUrl":"https:\/\/www.qnde.ca\/wp-content\/uploads\/2016\/01\/Nicr-Panels-magnaflux.jpg","datePublished":"2016-01-06T16:02:08+00:00","dateModified":"2025-08-14T12:30:07+00:00","description":"Ensemble Magnaflux de deux panneaux Nickel Chrome\/bloc de r\u00e9f\u00e9rence ISO 3452-3 de type 1. Contr\u00f4le du processus d'inspection au p\u00e9n\u00e9trant fluorescent.","breadcrumb":{"@id":"https:\/\/www.qnde.ca\/fr\/produit\/panneaux-nicr\/#breadcrumb"},"inLanguage":"fr-FR","potentialAction":[{"@type":"ReadAction","target":["https:\/\/www.qnde.ca\/fr\/produit\/panneaux-nicr\/"]}]},{"@type":"ImageObject","inLanguage":"fr-FR","@id":"https:\/\/www.qnde.ca\/fr\/produit\/panneaux-nicr\/#primaryimage","url":"https:\/\/www.qnde.ca\/wp-content\/uploads\/2016\/01\/Nicr-Panels-magnaflux.jpg","contentUrl":"https:\/\/www.qnde.ca\/wp-content\/uploads\/2016\/01\/Nicr-Panels-magnaflux.jpg","width":800,"height":585,"caption":"506251 - Panneaux de Nickel Chrome de 10\u00b5m"},{"@type":"BreadcrumbList","@id":"https:\/\/www.qnde.ca\/fr\/produit\/panneaux-nicr\/#breadcrumb","itemListElement":[{"@type":"ListItem","position":1,"name":"Accueil","item":"https:\/\/www.qnde.ca\/fr\/"},{"@type":"ListItem","position":2,"name":"Produits","item":"https:\/\/www.qnde.ca\/fr\/produits\/"},{"@type":"ListItem","position":3,"name":"Marques","item":"https:\/\/www.qnde.ca\/fr\/product-category\/marques\/"},{"@type":"ListItem","position":4,"name":"Magnaflux","item":"https:\/\/www.qnde.ca\/fr\/product-category\/marques\/magnaflux-fr\/"},{"@type":"ListItem","position":5,"name":"Magnaflux, Panneaux Nickel Chrome"}]},{"@type":"WebSite","@id":"https:\/\/www.qnde.ca\/#website","url":"https:\/\/www.qnde.ca\/","name":"Qualit\u00e9 NDE","description":"\u00c9quipements d&#039;essais non destructifs ","publisher":{"@id":"https:\/\/www.qnde.ca\/#organization"},"potentialAction":[{"@type":"SearchAction","target":{"@type":"EntryPoint","urlTemplate":"https:\/\/www.qnde.ca\/?s={search_term_string}"},"query-input":{"@type":"PropertyValueSpecification","valueRequired":true,"valueName":"search_term_string"}}],"inLanguage":"fr-FR"},{"@type":"Organization","@id":"https:\/\/www.qnde.ca\/#organization","name":"Quality NDT Ltd.","url":"https:\/\/www.qnde.ca\/","logo":{"@type":"ImageObject","inLanguage":"fr-FR","@id":"https:\/\/www.qnde.ca\/#\/schema\/logo\/image\/","url":"https:\/\/www.qnde.ca\/wp-content\/uploads\/2022\/02\/QNDE_logo_RGB-gif.gif","contentUrl":"https:\/\/www.qnde.ca\/wp-content\/uploads\/2022\/02\/QNDE_logo_RGB-gif.gif","width":250,"height":64,"caption":"Quality NDT Ltd."},"image":{"@id":"https:\/\/www.qnde.ca\/#\/schema\/logo\/image\/"},"sameAs":["https:\/\/www.linkedin.com\/company\/qnde\/about\/?viewAsMember=true"]}]}},"jetpack_sharing_enabled":true,"_links":{"self":[{"href":"https:\/\/www.qnde.ca\/fr\/wp-json\/wp\/v2\/product\/3692","targetHints":{"allow":["GET"]}}],"collection":[{"href":"https:\/\/www.qnde.ca\/fr\/wp-json\/wp\/v2\/product"}],"about":[{"href":"https:\/\/www.qnde.ca\/fr\/wp-json\/wp\/v2\/types\/product"}],"wp:featuredmedia":[{"embeddable":true,"href":"https:\/\/www.qnde.ca\/fr\/wp-json\/wp\/v2\/media\/11739"}],"wp:attachment":[{"href":"https:\/\/www.qnde.ca\/fr\/wp-json\/wp\/v2\/media?parent=3692"}],"wp:term":[{"taxonomy":"product_brand","embeddable":true,"href":"https:\/\/www.qnde.ca\/fr\/wp-json\/wp\/v2\/product_brand?post=3692"},{"taxonomy":"product_cat","embeddable":true,"href":"https:\/\/www.qnde.ca\/fr\/wp-json\/wp\/v2\/product_cat?post=3692"},{"taxonomy":"product_tag","embeddable":true,"href":"https:\/\/www.qnde.ca\/fr\/wp-json\/wp\/v2\/product_tag?post=3692"}],"curies":[{"name":"wp","href":"https:\/\/api.w.org\/{rel}","templated":true}]}}