{"id":3689,"date":"2016-01-06T15:54:49","date_gmt":"2016-01-06T15:54:49","guid":{"rendered":"https:\/\/www.qnde.ca\/?post_type=product&#038;p=3689"},"modified":"2025-08-20T11:40:07","modified_gmt":"2025-08-20T15:40:07","slug":"ligne-penetrant-lavable-eau","status":"publish","type":"product","link":"https:\/\/www.qnde.ca\/fr\/produit\/ligne-penetrant-lavable-eau\/","title":{"rendered":"QNDE WW-9 Ligne de P\u00e9n\u00e9trant Modulable Lavable \u00e0 l&rsquo;Eau &#8211; SUR MESURE"},"content":{"rendered":"<h3><strong>Qualit\u00e9 NDE, Ligne de P\u00e9n\u00e9trant Modulable Lavable \u00e0 l\u2019Eau &#8211; SUR MESURE<\/strong><\/h3>\n<p>La ligne de p\u00e9n\u00e9trant lavable \u00e0 l\u2019eau \u00e0 neuf stations de Qualit\u00e9 NDE est fait en acier inoxydable pour des ann\u00e9es d\u2019utilisation sans ennui. Cette ligne peut \u00eatre con\u00e7ue sur mesure pour r\u00e9pondre \u00e0 vos besoins sp\u00e9cifiques.<\/p>\n<p>La ligne de p\u00e9n\u00e9trant modulaire lavable \u00e0 l\u2019eau \u00e0 neuf stations est \u00e9quip\u00e9e d\u2019un panneau de contr\u00f4le central avec boutons ON\/OFF illumin\u00e9s pour l\u2019ensemble de la ligne et pour la collecte de bruine, ainsi qu\u2019un r\u00e9glage de temp\u00e9rature ajustable pour le s\u00e9choir. Elle comprend \u00e9galement des grilles en aluminium aux stations 2, 3 et 5, ainsi qu\u2019un s\u00e9choir muni d\u2019un contr\u00f4leur de temp\u00e9rature \u00e9lectronique \u00e9talonn\u00e9 avec protection contre les surcharges.<\/p>\n<p data-start=\"96\" data-end=\"138\"><strong data-start=\"96\" data-end=\"136\">Quelques options pour la QNDE WW-9 :<\/strong><\/p>\n<ul data-start=\"139\" data-end=\"382\">\n<li data-start=\"139\" data-end=\"171\">\n<p data-start=\"141\" data-end=\"171\">Dessus en polypropyl\u00e8ne noir<\/p>\n<\/li>\n<li data-start=\"172\" data-end=\"241\">\n<p data-start=\"174\" data-end=\"241\">Trous de 3\/8\u2033 espac\u00e9s tous les 2\u2033 pour les stations 1 \u00e0 4, 6 et 8<\/p>\n<\/li>\n<li data-start=\"242\" data-end=\"297\">\n<p data-start=\"244\" data-end=\"297\">Grille anti-\u00e9claboussure pour la station de rin\u00e7age<\/p>\n<\/li>\n<li data-start=\"298\" data-end=\"341\">\n<p data-start=\"300\" data-end=\"341\">Kit de lumi\u00e8re UV avec support articul\u00e9<\/p>\n<\/li>\n<li data-start=\"342\" data-end=\"382\">\n<p data-start=\"344\" data-end=\"382\">Minuteries pour diff\u00e9rentes stations<\/p>\n<\/li>\n<\/ul>\n<p>Pour plus de d\u00e9tails sur les options offerts, veuillez consulter notre catalogue.<\/p>\n<p>Pour commander votre propre QNDE WW-9, communicez avec notre sp\u00e9cialiste pour discuter les sp\u00e9cifications de votre ligne de p\u00e9n\u00e9trant.<\/p>\n","protected":false},"excerpt":{"rendered":"<p>Qualit\u00e9 NDE, Ligne de P\u00e9n\u00e9trant Modulable Lavable \u00e0 l\u2019Eau &#8211; SUR MESURE La ligne de p\u00e9n\u00e9trant lavable \u00e0 l\u2019eau \u00e0 neuf stations de Qualit\u00e9 NDE est fait en acier inoxydable pour des ann\u00e9es d\u2019utilisation sans ennui. Cette ligne peut \u00eatre con\u00e7ue sur mesure pour r\u00e9pondre \u00e0 vos besoins sp\u00e9cifiques. La ligne de p\u00e9n\u00e9trant modulaire lavable [&hellip;]<\/p>\n","protected":false},"featured_media":28101,"template":"","meta":{"_monsterinsights_skip_tracking":false,"_monsterinsights_sitenote_active":false,"_monsterinsights_sitenote_note":"","_monsterinsights_sitenote_category":0},"product_brand":[],"product_cat":[392,361,122],"product_tag":[],"class_list":{"0":"post-3689","1":"product","2":"type-product","3":"status-publish","4":"has-post-thumbnail","6":"product_cat-qnde-fr","7":"product_cat-ligne-de-penetrants","8":"product_cat-equipements-ressuage","10":"first","11":"instock","12":"shipping-taxable","13":"purchasable","14":"product-type-simple"},"yoast_head":"<!-- This site is optimized with the Yoast SEO plugin v23.9 - https:\/\/yoast.com\/wordpress\/plugins\/seo\/ -->\n<title>QNDE WW-9 Ligne de P\u00e9n\u00e9trant Modulable Lavable \u00e0 l&#039;Eau - SUR MESURE &#060; Qualit\u00e9 NDE<\/title>\n<meta name=\"description\" content=\"La ligne de p\u00e9n\u00e9trant lavable \u00e0 l\u2019eau \u00e0 neuf stations de Qualit\u00e9 NDE peut \u00eatre con\u00e7ue sur mesure pour r\u00e9pondre \u00e0 vos besoins sp\u00e9cifiques.\" \/>\n<meta name=\"robots\" content=\"index, follow, max-snippet:-1, max-image-preview:large, max-video-preview:-1\" \/>\n<link rel=\"canonical\" href=\"https:\/\/www.qnde.ca\/fr\/produit\/ligne-penetrant-lavable-eau\/\" \/>\n<meta name=\"twitter:label1\" content=\"Dur\u00e9e de lecture estim\u00e9e\" \/>\n\t<meta name=\"twitter:data1\" content=\"2 minutes\" \/>\n<script type=\"application\/ld+json\" class=\"yoast-schema-graph\">{\"@context\":\"https:\/\/schema.org\",\"@graph\":[{\"@type\":[\"WebPage\",\"ItemPage\"],\"@id\":\"https:\/\/www.qnde.ca\/fr\/produit\/ligne-penetrant-lavable-eau\/\",\"url\":\"https:\/\/www.qnde.ca\/fr\/produit\/ligne-penetrant-lavable-eau\/\",\"name\":\"QNDE WW-9 Ligne de P\u00e9n\u00e9trant Modulable Lavable \u00e0 l'Eau - SUR MESURE &#060; Qualit\u00e9 NDE\",\"isPartOf\":{\"@id\":\"https:\/\/www.qnde.ca\/#website\"},\"primaryImageOfPage\":{\"@id\":\"https:\/\/www.qnde.ca\/fr\/produit\/ligne-penetrant-lavable-eau\/#primaryimage\"},\"image\":{\"@id\":\"https:\/\/www.qnde.ca\/fr\/produit\/ligne-penetrant-lavable-eau\/#primaryimage\"},\"thumbnailUrl\":\"https:\/\/www.qnde.ca\/wp-content\/uploads\/2016\/01\/QNDE-PE-12-Stations-CLEAN-scaled-scaled.jpg\",\"datePublished\":\"2016-01-06T15:54:49+00:00\",\"dateModified\":\"2025-08-20T15:40:07+00:00\",\"description\":\"La ligne de p\u00e9n\u00e9trant lavable \u00e0 l\u2019eau \u00e0 neuf stations de Qualit\u00e9 NDE peut \u00eatre con\u00e7ue sur mesure pour r\u00e9pondre \u00e0 vos besoins sp\u00e9cifiques.\",\"breadcrumb\":{\"@id\":\"https:\/\/www.qnde.ca\/fr\/produit\/ligne-penetrant-lavable-eau\/#breadcrumb\"},\"inLanguage\":\"fr-FR\",\"potentialAction\":[{\"@type\":\"ReadAction\",\"target\":[\"https:\/\/www.qnde.ca\/fr\/produit\/ligne-penetrant-lavable-eau\/\"]}]},{\"@type\":\"ImageObject\",\"inLanguage\":\"fr-FR\",\"@id\":\"https:\/\/www.qnde.ca\/fr\/produit\/ligne-penetrant-lavable-eau\/#primaryimage\",\"url\":\"https:\/\/www.qnde.ca\/wp-content\/uploads\/2016\/01\/QNDE-PE-12-Stations-CLEAN-scaled-scaled.jpg\",\"contentUrl\":\"https:\/\/www.qnde.ca\/wp-content\/uploads\/2016\/01\/QNDE-PE-12-Stations-CLEAN-scaled-scaled.jpg\",\"width\":2048,\"height\":1536,\"caption\":\"binary comment\"},{\"@type\":\"BreadcrumbList\",\"@id\":\"https:\/\/www.qnde.ca\/fr\/produit\/ligne-penetrant-lavable-eau\/#breadcrumb\",\"itemListElement\":[{\"@type\":\"ListItem\",\"position\":1,\"name\":\"Accueil\",\"item\":\"https:\/\/www.qnde.ca\/fr\/\"},{\"@type\":\"ListItem\",\"position\":2,\"name\":\"Produits\",\"item\":\"https:\/\/www.qnde.ca\/fr\/produits\/\"},{\"@type\":\"ListItem\",\"position\":3,\"name\":\"Ressuage\",\"item\":\"https:\/\/www.qnde.ca\/fr\/product-category\/ressuage\/\"},{\"@type\":\"ListItem\",\"position\":4,\"name\":\"Lignes de p\u00e9n\u00e9trants\",\"item\":\"https:\/\/www.qnde.ca\/fr\/product-category\/ressuage\/ligne-de-penetrants\/\"},{\"@type\":\"ListItem\",\"position\":5,\"name\":\"QNDE WW-9 Ligne de P\u00e9n\u00e9trant Modulable Lavable \u00e0 l&#8217;Eau &#8211; SUR MESURE\"}]},{\"@type\":\"WebSite\",\"@id\":\"https:\/\/www.qnde.ca\/#website\",\"url\":\"https:\/\/www.qnde.ca\/\",\"name\":\"Qualit\u00e9 NDE\",\"description\":\"\u00c9quipements d&#039;essais non destructifs \",\"publisher\":{\"@id\":\"https:\/\/www.qnde.ca\/#organization\"},\"potentialAction\":[{\"@type\":\"SearchAction\",\"target\":{\"@type\":\"EntryPoint\",\"urlTemplate\":\"https:\/\/www.qnde.ca\/?s={search_term_string}\"},\"query-input\":{\"@type\":\"PropertyValueSpecification\",\"valueRequired\":true,\"valueName\":\"search_term_string\"}}],\"inLanguage\":\"fr-FR\"},{\"@type\":\"Organization\",\"@id\":\"https:\/\/www.qnde.ca\/#organization\",\"name\":\"Quality NDT Ltd.\",\"url\":\"https:\/\/www.qnde.ca\/\",\"logo\":{\"@type\":\"ImageObject\",\"inLanguage\":\"fr-FR\",\"@id\":\"https:\/\/www.qnde.ca\/#\/schema\/logo\/image\/\",\"url\":\"https:\/\/www.qnde.ca\/wp-content\/uploads\/2022\/02\/QNDE_logo_RGB-gif.gif\",\"contentUrl\":\"https:\/\/www.qnde.ca\/wp-content\/uploads\/2022\/02\/QNDE_logo_RGB-gif.gif\",\"width\":250,\"height\":64,\"caption\":\"Quality NDT Ltd.\"},\"image\":{\"@id\":\"https:\/\/www.qnde.ca\/#\/schema\/logo\/image\/\"},\"sameAs\":[\"https:\/\/www.linkedin.com\/company\/qnde\/about\/?viewAsMember=true\"]}]}<\/script>\n<!-- \/ Yoast SEO plugin. -->","yoast_head_json":{"title":"QNDE WW-9 Ligne de P\u00e9n\u00e9trant Modulable Lavable \u00e0 l'Eau - SUR MESURE &#060; Qualit\u00e9 NDE","description":"La ligne de p\u00e9n\u00e9trant lavable \u00e0 l\u2019eau \u00e0 neuf stations de Qualit\u00e9 NDE peut \u00eatre con\u00e7ue sur mesure pour r\u00e9pondre \u00e0 vos besoins sp\u00e9cifiques.","robots":{"index":"index","follow":"follow","max-snippet":"max-snippet:-1","max-image-preview":"max-image-preview:large","max-video-preview":"max-video-preview:-1"},"canonical":"https:\/\/www.qnde.ca\/fr\/produit\/ligne-penetrant-lavable-eau\/","twitter_misc":{"Dur\u00e9e de lecture estim\u00e9e":"2 minutes"},"schema":{"@context":"https:\/\/schema.org","@graph":[{"@type":["WebPage","ItemPage"],"@id":"https:\/\/www.qnde.ca\/fr\/produit\/ligne-penetrant-lavable-eau\/","url":"https:\/\/www.qnde.ca\/fr\/produit\/ligne-penetrant-lavable-eau\/","name":"QNDE WW-9 Ligne de P\u00e9n\u00e9trant Modulable Lavable \u00e0 l'Eau - SUR MESURE &#060; Qualit\u00e9 NDE","isPartOf":{"@id":"https:\/\/www.qnde.ca\/#website"},"primaryImageOfPage":{"@id":"https:\/\/www.qnde.ca\/fr\/produit\/ligne-penetrant-lavable-eau\/#primaryimage"},"image":{"@id":"https:\/\/www.qnde.ca\/fr\/produit\/ligne-penetrant-lavable-eau\/#primaryimage"},"thumbnailUrl":"https:\/\/www.qnde.ca\/wp-content\/uploads\/2016\/01\/QNDE-PE-12-Stations-CLEAN-scaled-scaled.jpg","datePublished":"2016-01-06T15:54:49+00:00","dateModified":"2025-08-20T15:40:07+00:00","description":"La ligne de p\u00e9n\u00e9trant lavable \u00e0 l\u2019eau \u00e0 neuf stations de Qualit\u00e9 NDE peut \u00eatre con\u00e7ue sur mesure pour r\u00e9pondre \u00e0 vos besoins sp\u00e9cifiques.","breadcrumb":{"@id":"https:\/\/www.qnde.ca\/fr\/produit\/ligne-penetrant-lavable-eau\/#breadcrumb"},"inLanguage":"fr-FR","potentialAction":[{"@type":"ReadAction","target":["https:\/\/www.qnde.ca\/fr\/produit\/ligne-penetrant-lavable-eau\/"]}]},{"@type":"ImageObject","inLanguage":"fr-FR","@id":"https:\/\/www.qnde.ca\/fr\/produit\/ligne-penetrant-lavable-eau\/#primaryimage","url":"https:\/\/www.qnde.ca\/wp-content\/uploads\/2016\/01\/QNDE-PE-12-Stations-CLEAN-scaled-scaled.jpg","contentUrl":"https:\/\/www.qnde.ca\/wp-content\/uploads\/2016\/01\/QNDE-PE-12-Stations-CLEAN-scaled-scaled.jpg","width":2048,"height":1536,"caption":"binary comment"},{"@type":"BreadcrumbList","@id":"https:\/\/www.qnde.ca\/fr\/produit\/ligne-penetrant-lavable-eau\/#breadcrumb","itemListElement":[{"@type":"ListItem","position":1,"name":"Accueil","item":"https:\/\/www.qnde.ca\/fr\/"},{"@type":"ListItem","position":2,"name":"Produits","item":"https:\/\/www.qnde.ca\/fr\/produits\/"},{"@type":"ListItem","position":3,"name":"Ressuage","item":"https:\/\/www.qnde.ca\/fr\/product-category\/ressuage\/"},{"@type":"ListItem","position":4,"name":"Lignes de p\u00e9n\u00e9trants","item":"https:\/\/www.qnde.ca\/fr\/product-category\/ressuage\/ligne-de-penetrants\/"},{"@type":"ListItem","position":5,"name":"QNDE WW-9 Ligne de P\u00e9n\u00e9trant Modulable Lavable \u00e0 l&#8217;Eau &#8211; SUR MESURE"}]},{"@type":"WebSite","@id":"https:\/\/www.qnde.ca\/#website","url":"https:\/\/www.qnde.ca\/","name":"Qualit\u00e9 NDE","description":"\u00c9quipements d&#039;essais non destructifs ","publisher":{"@id":"https:\/\/www.qnde.ca\/#organization"},"potentialAction":[{"@type":"SearchAction","target":{"@type":"EntryPoint","urlTemplate":"https:\/\/www.qnde.ca\/?s={search_term_string}"},"query-input":{"@type":"PropertyValueSpecification","valueRequired":true,"valueName":"search_term_string"}}],"inLanguage":"fr-FR"},{"@type":"Organization","@id":"https:\/\/www.qnde.ca\/#organization","name":"Quality NDT Ltd.","url":"https:\/\/www.qnde.ca\/","logo":{"@type":"ImageObject","inLanguage":"fr-FR","@id":"https:\/\/www.qnde.ca\/#\/schema\/logo\/image\/","url":"https:\/\/www.qnde.ca\/wp-content\/uploads\/2022\/02\/QNDE_logo_RGB-gif.gif","contentUrl":"https:\/\/www.qnde.ca\/wp-content\/uploads\/2022\/02\/QNDE_logo_RGB-gif.gif","width":250,"height":64,"caption":"Quality NDT Ltd."},"image":{"@id":"https:\/\/www.qnde.ca\/#\/schema\/logo\/image\/"},"sameAs":["https:\/\/www.linkedin.com\/company\/qnde\/about\/?viewAsMember=true"]}]}},"jetpack_sharing_enabled":true,"_links":{"self":[{"href":"https:\/\/www.qnde.ca\/fr\/wp-json\/wp\/v2\/product\/3689","targetHints":{"allow":["GET"]}}],"collection":[{"href":"https:\/\/www.qnde.ca\/fr\/wp-json\/wp\/v2\/product"}],"about":[{"href":"https:\/\/www.qnde.ca\/fr\/wp-json\/wp\/v2\/types\/product"}],"wp:featuredmedia":[{"embeddable":true,"href":"https:\/\/www.qnde.ca\/fr\/wp-json\/wp\/v2\/media\/28101"}],"wp:attachment":[{"href":"https:\/\/www.qnde.ca\/fr\/wp-json\/wp\/v2\/media?parent=3689"}],"wp:term":[{"taxonomy":"product_brand","embeddable":true,"href":"https:\/\/www.qnde.ca\/fr\/wp-json\/wp\/v2\/product_brand?post=3689"},{"taxonomy":"product_cat","embeddable":true,"href":"https:\/\/www.qnde.ca\/fr\/wp-json\/wp\/v2\/product_cat?post=3689"},{"taxonomy":"product_tag","embeddable":true,"href":"https:\/\/www.qnde.ca\/fr\/wp-json\/wp\/v2\/product_tag?post=3689"}],"curies":[{"name":"wp","href":"https:\/\/api.w.org\/{rel}","templated":true}]}}