{"id":3623,"date":"2015-12-17T15:02:43","date_gmt":"2015-12-17T15:02:43","guid":{"rendered":"https:\/\/www.qnde.ca\/?post_type=product&#038;p=3623"},"modified":"2025-08-14T08:53:34","modified_gmt":"2025-08-14T12:53:34","slug":"kit-dinjecteur-demulsifiant-hydrophile","status":"publish","type":"product","link":"https:\/\/www.qnde.ca\/fr\/produit\/kit-dinjecteur-demulsifiant-hydrophile\/","title":{"rendered":"Magnaflux Ensemble d\u2019Injecteur d\u2019\u00c9mulsifiant Hydrophile"},"content":{"rendered":"<h3><strong>Magnaflux Ensemble d\u2019Injecteur d\u2019\u00c9mulsifiant Hydrophile<\/strong><\/h3>\n<p>Le syst\u00e8me d\u2019injection m\u00e9lange automatiquement l\u2019\u00e9mulsifiant hydrophile (0.5 \u00e0 5%) avec de l\u2019eau \u00e0 un d\u00e9bit allant jusqu\u2019\u00e0 14gal (53L) par minute.<\/p>\n<ul>\n<li>609032: Ensemble d\u2019injection d\u2019\u00e9mulsifiant hydrophile.<\/li>\n<\/ul>\n","protected":false},"excerpt":{"rendered":"<p>Magnaflux Ensemble d\u2019Injecteur d\u2019\u00c9mulsifiant Hydrophile Le syst\u00e8me d\u2019injection m\u00e9lange automatiquement l\u2019\u00e9mulsifiant hydrophile (0.5 \u00e0 5%) avec de l\u2019eau \u00e0 un d\u00e9bit allant jusqu\u2019\u00e0 14gal (53L) par minute. 609032: Ensemble d\u2019injection d\u2019\u00e9mulsifiant hydrophile.<\/p>\n","protected":false},"featured_media":3625,"template":"","meta":{"_monsterinsights_skip_tracking":false,"_monsterinsights_sitenote_active":false,"_monsterinsights_sitenote_note":"","_monsterinsights_sitenote_category":0},"product_brand":[],"product_cat":[369,123],"product_tag":[],"class_list":{"0":"post-3623","1":"product","2":"type-product","3":"status-publish","4":"has-post-thumbnail","6":"product_cat-magnaflux-fr","7":"product_cat-accessoires-ressuage","9":"first","10":"instock","11":"shipping-taxable","12":"purchasable","13":"product-type-simple"},"yoast_head":"<!-- This site is optimized with the Yoast SEO plugin v23.9 - https:\/\/yoast.com\/wordpress\/plugins\/seo\/ -->\n<title>Magnaflux Ensemble d\u2019Injecteur d\u2019\u00c9mulsifiant Hydrophile &#060; Qualit\u00e9 NDE<\/title>\n<meta name=\"description\" content=\"Ensemble d&#039;injection Magnaflux m\u00e9langeant automatiquement l\u2019\u00e9mulsifiant hydrophile (0.5 \u00e0 5%) avec de l\u2019eau \u00e0 un d\u00e9bit allant jusqu\u2019\u00e0 14gal (53L)\/minute.\" \/>\n<meta name=\"robots\" content=\"index, follow, max-snippet:-1, max-image-preview:large, max-video-preview:-1\" \/>\n<link rel=\"canonical\" href=\"https:\/\/www.qnde.ca\/fr\/produit\/kit-dinjecteur-demulsifiant-hydrophile\/\" \/>\n<meta name=\"twitter:label1\" content=\"Dur\u00e9e de lecture estim\u00e9e\" \/>\n\t<meta name=\"twitter:data1\" content=\"1 minute\" \/>\n<script type=\"application\/ld+json\" class=\"yoast-schema-graph\">{\"@context\":\"https:\/\/schema.org\",\"@graph\":[{\"@type\":[\"WebPage\",\"ItemPage\"],\"@id\":\"https:\/\/www.qnde.ca\/fr\/produit\/kit-dinjecteur-demulsifiant-hydrophile\/\",\"url\":\"https:\/\/www.qnde.ca\/fr\/produit\/kit-dinjecteur-demulsifiant-hydrophile\/\",\"name\":\"Magnaflux Ensemble d\u2019Injecteur d\u2019\u00c9mulsifiant Hydrophile &#060; Qualit\u00e9 NDE\",\"isPartOf\":{\"@id\":\"https:\/\/www.qnde.ca\/#website\"},\"primaryImageOfPage\":{\"@id\":\"https:\/\/www.qnde.ca\/fr\/produit\/kit-dinjecteur-demulsifiant-hydrophile\/#primaryimage\"},\"image\":{\"@id\":\"https:\/\/www.qnde.ca\/fr\/produit\/kit-dinjecteur-demulsifiant-hydrophile\/#primaryimage\"},\"thumbnailUrl\":\"https:\/\/www.qnde.ca\/wp-content\/uploads\/2015\/12\/Kit-injecteur---mulsifiant-hydrophile-e1563202756484.jpg\",\"datePublished\":\"2015-12-17T15:02:43+00:00\",\"dateModified\":\"2025-08-14T12:53:34+00:00\",\"description\":\"Ensemble d'injection Magnaflux m\u00e9langeant automatiquement l\u2019\u00e9mulsifiant hydrophile (0.5 \u00e0 5%) avec de l\u2019eau \u00e0 un d\u00e9bit allant jusqu\u2019\u00e0 14gal (53L)\/minute.\",\"breadcrumb\":{\"@id\":\"https:\/\/www.qnde.ca\/fr\/produit\/kit-dinjecteur-demulsifiant-hydrophile\/#breadcrumb\"},\"inLanguage\":\"fr-FR\",\"potentialAction\":[{\"@type\":\"ReadAction\",\"target\":[\"https:\/\/www.qnde.ca\/fr\/produit\/kit-dinjecteur-demulsifiant-hydrophile\/\"]}]},{\"@type\":\"ImageObject\",\"inLanguage\":\"fr-FR\",\"@id\":\"https:\/\/www.qnde.ca\/fr\/produit\/kit-dinjecteur-demulsifiant-hydrophile\/#primaryimage\",\"url\":\"https:\/\/www.qnde.ca\/wp-content\/uploads\/2015\/12\/Kit-injecteur---mulsifiant-hydrophile-e1563202756484.jpg\",\"contentUrl\":\"https:\/\/www.qnde.ca\/wp-content\/uploads\/2015\/12\/Kit-injecteur---mulsifiant-hydrophile-e1563202756484.jpg\",\"width\":428,\"height\":428,\"caption\":\"Ensemble d\u2019Injecteur d\u2019\u00c9mulsifiant Hydrophile\"},{\"@type\":\"BreadcrumbList\",\"@id\":\"https:\/\/www.qnde.ca\/fr\/produit\/kit-dinjecteur-demulsifiant-hydrophile\/#breadcrumb\",\"itemListElement\":[{\"@type\":\"ListItem\",\"position\":1,\"name\":\"Accueil\",\"item\":\"https:\/\/www.qnde.ca\/fr\/\"},{\"@type\":\"ListItem\",\"position\":2,\"name\":\"Produits\",\"item\":\"https:\/\/www.qnde.ca\/fr\/produits\/\"},{\"@type\":\"ListItem\",\"position\":3,\"name\":\"Ressuage\",\"item\":\"https:\/\/www.qnde.ca\/fr\/product-category\/ressuage\/\"},{\"@type\":\"ListItem\",\"position\":4,\"name\":\"Accessoires\",\"item\":\"https:\/\/www.qnde.ca\/fr\/product-category\/ressuage\/accessoires-ressuage\/\"},{\"@type\":\"ListItem\",\"position\":5,\"name\":\"Magnaflux Ensemble d\u2019Injecteur d\u2019\u00c9mulsifiant Hydrophile\"}]},{\"@type\":\"WebSite\",\"@id\":\"https:\/\/www.qnde.ca\/#website\",\"url\":\"https:\/\/www.qnde.ca\/\",\"name\":\"Qualit\u00e9 NDE\",\"description\":\"\u00c9quipements d&#039;essais non destructifs \",\"publisher\":{\"@id\":\"https:\/\/www.qnde.ca\/#organization\"},\"potentialAction\":[{\"@type\":\"SearchAction\",\"target\":{\"@type\":\"EntryPoint\",\"urlTemplate\":\"https:\/\/www.qnde.ca\/?s={search_term_string}\"},\"query-input\":{\"@type\":\"PropertyValueSpecification\",\"valueRequired\":true,\"valueName\":\"search_term_string\"}}],\"inLanguage\":\"fr-FR\"},{\"@type\":\"Organization\",\"@id\":\"https:\/\/www.qnde.ca\/#organization\",\"name\":\"Quality NDT Ltd.\",\"url\":\"https:\/\/www.qnde.ca\/\",\"logo\":{\"@type\":\"ImageObject\",\"inLanguage\":\"fr-FR\",\"@id\":\"https:\/\/www.qnde.ca\/#\/schema\/logo\/image\/\",\"url\":\"https:\/\/www.qnde.ca\/wp-content\/uploads\/2022\/02\/QNDE_logo_RGB-gif.gif\",\"contentUrl\":\"https:\/\/www.qnde.ca\/wp-content\/uploads\/2022\/02\/QNDE_logo_RGB-gif.gif\",\"width\":250,\"height\":64,\"caption\":\"Quality NDT Ltd.\"},\"image\":{\"@id\":\"https:\/\/www.qnde.ca\/#\/schema\/logo\/image\/\"},\"sameAs\":[\"https:\/\/www.linkedin.com\/company\/qnde\/about\/?viewAsMember=true\"]}]}<\/script>\n<!-- \/ Yoast SEO plugin. -->","yoast_head_json":{"title":"Magnaflux Ensemble d\u2019Injecteur d\u2019\u00c9mulsifiant Hydrophile &#060; Qualit\u00e9 NDE","description":"Ensemble d'injection Magnaflux m\u00e9langeant automatiquement l\u2019\u00e9mulsifiant hydrophile (0.5 \u00e0 5%) avec de l\u2019eau \u00e0 un d\u00e9bit allant jusqu\u2019\u00e0 14gal (53L)\/minute.","robots":{"index":"index","follow":"follow","max-snippet":"max-snippet:-1","max-image-preview":"max-image-preview:large","max-video-preview":"max-video-preview:-1"},"canonical":"https:\/\/www.qnde.ca\/fr\/produit\/kit-dinjecteur-demulsifiant-hydrophile\/","twitter_misc":{"Dur\u00e9e de lecture estim\u00e9e":"1 minute"},"schema":{"@context":"https:\/\/schema.org","@graph":[{"@type":["WebPage","ItemPage"],"@id":"https:\/\/www.qnde.ca\/fr\/produit\/kit-dinjecteur-demulsifiant-hydrophile\/","url":"https:\/\/www.qnde.ca\/fr\/produit\/kit-dinjecteur-demulsifiant-hydrophile\/","name":"Magnaflux Ensemble d\u2019Injecteur d\u2019\u00c9mulsifiant Hydrophile &#060; Qualit\u00e9 NDE","isPartOf":{"@id":"https:\/\/www.qnde.ca\/#website"},"primaryImageOfPage":{"@id":"https:\/\/www.qnde.ca\/fr\/produit\/kit-dinjecteur-demulsifiant-hydrophile\/#primaryimage"},"image":{"@id":"https:\/\/www.qnde.ca\/fr\/produit\/kit-dinjecteur-demulsifiant-hydrophile\/#primaryimage"},"thumbnailUrl":"https:\/\/www.qnde.ca\/wp-content\/uploads\/2015\/12\/Kit-injecteur---mulsifiant-hydrophile-e1563202756484.jpg","datePublished":"2015-12-17T15:02:43+00:00","dateModified":"2025-08-14T12:53:34+00:00","description":"Ensemble d'injection Magnaflux m\u00e9langeant automatiquement l\u2019\u00e9mulsifiant hydrophile (0.5 \u00e0 5%) avec de l\u2019eau \u00e0 un d\u00e9bit allant jusqu\u2019\u00e0 14gal (53L)\/minute.","breadcrumb":{"@id":"https:\/\/www.qnde.ca\/fr\/produit\/kit-dinjecteur-demulsifiant-hydrophile\/#breadcrumb"},"inLanguage":"fr-FR","potentialAction":[{"@type":"ReadAction","target":["https:\/\/www.qnde.ca\/fr\/produit\/kit-dinjecteur-demulsifiant-hydrophile\/"]}]},{"@type":"ImageObject","inLanguage":"fr-FR","@id":"https:\/\/www.qnde.ca\/fr\/produit\/kit-dinjecteur-demulsifiant-hydrophile\/#primaryimage","url":"https:\/\/www.qnde.ca\/wp-content\/uploads\/2015\/12\/Kit-injecteur---mulsifiant-hydrophile-e1563202756484.jpg","contentUrl":"https:\/\/www.qnde.ca\/wp-content\/uploads\/2015\/12\/Kit-injecteur---mulsifiant-hydrophile-e1563202756484.jpg","width":428,"height":428,"caption":"Ensemble d\u2019Injecteur d\u2019\u00c9mulsifiant Hydrophile"},{"@type":"BreadcrumbList","@id":"https:\/\/www.qnde.ca\/fr\/produit\/kit-dinjecteur-demulsifiant-hydrophile\/#breadcrumb","itemListElement":[{"@type":"ListItem","position":1,"name":"Accueil","item":"https:\/\/www.qnde.ca\/fr\/"},{"@type":"ListItem","position":2,"name":"Produits","item":"https:\/\/www.qnde.ca\/fr\/produits\/"},{"@type":"ListItem","position":3,"name":"Ressuage","item":"https:\/\/www.qnde.ca\/fr\/product-category\/ressuage\/"},{"@type":"ListItem","position":4,"name":"Accessoires","item":"https:\/\/www.qnde.ca\/fr\/product-category\/ressuage\/accessoires-ressuage\/"},{"@type":"ListItem","position":5,"name":"Magnaflux Ensemble d\u2019Injecteur d\u2019\u00c9mulsifiant Hydrophile"}]},{"@type":"WebSite","@id":"https:\/\/www.qnde.ca\/#website","url":"https:\/\/www.qnde.ca\/","name":"Qualit\u00e9 NDE","description":"\u00c9quipements d&#039;essais non destructifs ","publisher":{"@id":"https:\/\/www.qnde.ca\/#organization"},"potentialAction":[{"@type":"SearchAction","target":{"@type":"EntryPoint","urlTemplate":"https:\/\/www.qnde.ca\/?s={search_term_string}"},"query-input":{"@type":"PropertyValueSpecification","valueRequired":true,"valueName":"search_term_string"}}],"inLanguage":"fr-FR"},{"@type":"Organization","@id":"https:\/\/www.qnde.ca\/#organization","name":"Quality NDT Ltd.","url":"https:\/\/www.qnde.ca\/","logo":{"@type":"ImageObject","inLanguage":"fr-FR","@id":"https:\/\/www.qnde.ca\/#\/schema\/logo\/image\/","url":"https:\/\/www.qnde.ca\/wp-content\/uploads\/2022\/02\/QNDE_logo_RGB-gif.gif","contentUrl":"https:\/\/www.qnde.ca\/wp-content\/uploads\/2022\/02\/QNDE_logo_RGB-gif.gif","width":250,"height":64,"caption":"Quality NDT Ltd."},"image":{"@id":"https:\/\/www.qnde.ca\/#\/schema\/logo\/image\/"},"sameAs":["https:\/\/www.linkedin.com\/company\/qnde\/about\/?viewAsMember=true"]}]}},"jetpack_sharing_enabled":true,"_links":{"self":[{"href":"https:\/\/www.qnde.ca\/fr\/wp-json\/wp\/v2\/product\/3623","targetHints":{"allow":["GET"]}}],"collection":[{"href":"https:\/\/www.qnde.ca\/fr\/wp-json\/wp\/v2\/product"}],"about":[{"href":"https:\/\/www.qnde.ca\/fr\/wp-json\/wp\/v2\/types\/product"}],"wp:featuredmedia":[{"embeddable":true,"href":"https:\/\/www.qnde.ca\/fr\/wp-json\/wp\/v2\/media\/3625"}],"wp:attachment":[{"href":"https:\/\/www.qnde.ca\/fr\/wp-json\/wp\/v2\/media?parent=3623"}],"wp:term":[{"taxonomy":"product_brand","embeddable":true,"href":"https:\/\/www.qnde.ca\/fr\/wp-json\/wp\/v2\/product_brand?post=3623"},{"taxonomy":"product_cat","embeddable":true,"href":"https:\/\/www.qnde.ca\/fr\/wp-json\/wp\/v2\/product_cat?post=3623"},{"taxonomy":"product_tag","embeddable":true,"href":"https:\/\/www.qnde.ca\/fr\/wp-json\/wp\/v2\/product_tag?post=3623"}],"curies":[{"name":"wp","href":"https:\/\/api.w.org\/{rel}","templated":true}]}}