{"id":3617,"date":"2015-12-17T14:45:56","date_gmt":"2015-12-17T14:45:56","guid":{"rendered":"https:\/\/www.qnde.ca\/?post_type=product&#038;p=3617"},"modified":"2025-06-17T09:46:43","modified_gmt":"2025-06-17T13:46:43","slug":"hpx-pro-fr","status":"publish","type":"product","link":"https:\/\/www.qnde.ca\/fr\/produit\/hpx-pro-fr\/","title":{"rendered":"Carestream HPX-PRO, Syst\u00e8me CR Num\u00e9rique Portatif"},"content":{"rendered":"<h3><strong>Carestream HPX-PRO, Syst\u00e8me CR Num\u00e9rique Portatif <\/strong><\/h3>\n<p>Le syst\u00e8me HPX-PRO est con\u00e7u pour la portabilit\u00e9 et le haut d\u00e9bit d&rsquo;imagerie num\u00e9rique requis dans le secteur exigeant des pipelines. Pesant seulement 35lb (16kg), il peut \u00eatre pr\u00eat en moins de 5 minutes.<\/p>\n<p>Sp\u00e9cialement con\u00e7u pour le NDT, il vient avec un logiciel tout-en-un qui inclut tous les modules pour la radiographie CR, DR et la gestion des images. Le logiciel permet d\u2019instantan\u00e9ment sauvegarder ou rechercher \u00e0 travers des ann\u00e9es d\u2019images en utilisant des mots cl\u00e9s, num\u00e9ro de s\u00e9rie, date, etc. Conforme DICONDE avec tous les autres fabricants.<\/p>\n<p>Contactez-nous afin de discuter de votre application, de vos exigences, des options disponibles et\/ou recevoir une soumission.<\/p>\n<ul>\n<li>1067990: HPX-PRO avec ordinateur portable zBook et valise de transport.<\/li>\n<li>1067966: HPX-PRO avec \u00e9cran monochrome 3MP et ordinateur de table.<\/li>\n<li>1067974: HPX-PRO avec \u00e9cran monochrome 5MP et ordinateur de table.<\/li>\n<li>1009075: Unit\u00e9 de visionnement avec \u00e9cran monochrome 5MP et ordinateur de table.<\/li>\n<li>1012244: Unit\u00e9 de visionnement avec \u00e9cran monochrome 3MP et ordinateur de table.<\/li>\n<li>1009042: Unit\u00e9 de visionnement avec ordinateur portable zBook.<\/li>\n<\/ul>\n","protected":false},"excerpt":{"rendered":"<p>Carestream HPX-PRO, Syst\u00e8me CR Num\u00e9rique Portatif Le syst\u00e8me HPX-PRO est con\u00e7u pour la portabilit\u00e9 et le haut d\u00e9bit d&rsquo;imagerie num\u00e9rique requis dans le secteur exigeant des pipelines. Pesant seulement 35lb (16kg), il peut \u00eatre pr\u00eat en moins de 5 minutes. Sp\u00e9cialement con\u00e7u pour le NDT, il vient avec un logiciel tout-en-un qui inclut tous les [&hellip;]<\/p>\n","protected":false},"featured_media":13587,"template":"","meta":{"_monsterinsights_skip_tracking":false,"_monsterinsights_sitenote_active":false,"_monsterinsights_sitenote_note":"","_monsterinsights_sitenote_category":0},"product_brand":[],"product_cat":[388,141],"product_tag":[],"class_list":{"0":"post-3617","1":"product","2":"type-product","3":"status-publish","4":"has-post-thumbnail","6":"product_cat-carestream-fr","7":"product_cat-radiologie-numerique-cr","9":"first","10":"instock","11":"shipping-taxable","12":"purchasable","13":"product-type-variable"},"yoast_head":"<!-- This site is optimized with the Yoast SEO plugin v23.9 - https:\/\/yoast.com\/wordpress\/plugins\/seo\/ -->\n<title>Carestream HPX-PRO, Syst\u00e8me CR Num\u00e9rique Portatif &#060; Qualit\u00e9 NDE<\/title>\n<meta name=\"description\" content=\"Con\u00e7u pour la portabilit\u00e9 et le haut d\u00e9bit d&#039;imagerie num\u00e9rique requis dans le secteur des pipelines. 35lb (16kg), il est pr\u00eat en moins de 5 minutes.\" \/>\n<meta name=\"robots\" content=\"index, follow, max-snippet:-1, max-image-preview:large, max-video-preview:-1\" \/>\n<link rel=\"canonical\" href=\"https:\/\/www.qnde.ca\/fr\/produit\/hpx-pro-fr\/\" \/>\n<meta name=\"twitter:label1\" content=\"Dur\u00e9e de lecture estim\u00e9e\" \/>\n\t<meta name=\"twitter:data1\" content=\"1 minute\" \/>\n<script type=\"application\/ld+json\" class=\"yoast-schema-graph\">{\"@context\":\"https:\/\/schema.org\",\"@graph\":[{\"@type\":[\"WebPage\",\"ItemPage\"],\"@id\":\"https:\/\/www.qnde.ca\/fr\/produit\/hpx-pro-fr\/\",\"url\":\"https:\/\/www.qnde.ca\/fr\/produit\/hpx-pro-fr\/\",\"name\":\"Carestream HPX-PRO, Syst\u00e8me CR Num\u00e9rique Portatif &#060; Qualit\u00e9 NDE\",\"isPartOf\":{\"@id\":\"https:\/\/www.qnde.ca\/#website\"},\"primaryImageOfPage\":{\"@id\":\"https:\/\/www.qnde.ca\/fr\/produit\/hpx-pro-fr\/#primaryimage\"},\"image\":{\"@id\":\"https:\/\/www.qnde.ca\/fr\/produit\/hpx-pro-fr\/#primaryimage\"},\"thumbnailUrl\":\"https:\/\/www.qnde.ca\/wp-content\/uploads\/2021\/01\/Carestream-HPX-PRO-with-Plate-scaled-scaled.jpg\",\"datePublished\":\"2015-12-17T14:45:56+00:00\",\"dateModified\":\"2025-06-17T13:46:43+00:00\",\"description\":\"Con\u00e7u pour la portabilit\u00e9 et le haut d\u00e9bit d'imagerie num\u00e9rique requis dans le secteur des pipelines. 35lb (16kg), il est pr\u00eat en moins de 5 minutes.\",\"breadcrumb\":{\"@id\":\"https:\/\/www.qnde.ca\/fr\/produit\/hpx-pro-fr\/#breadcrumb\"},\"inLanguage\":\"fr-FR\",\"potentialAction\":[{\"@type\":\"ReadAction\",\"target\":[\"https:\/\/www.qnde.ca\/fr\/produit\/hpx-pro-fr\/\"]}]},{\"@type\":\"ImageObject\",\"inLanguage\":\"fr-FR\",\"@id\":\"https:\/\/www.qnde.ca\/fr\/produit\/hpx-pro-fr\/#primaryimage\",\"url\":\"https:\/\/www.qnde.ca\/wp-content\/uploads\/2021\/01\/Carestream-HPX-PRO-with-Plate-scaled-scaled.jpg\",\"contentUrl\":\"https:\/\/www.qnde.ca\/wp-content\/uploads\/2021\/01\/Carestream-HPX-PRO-with-Plate-scaled-scaled.jpg\",\"width\":2048,\"height\":1151},{\"@type\":\"BreadcrumbList\",\"@id\":\"https:\/\/www.qnde.ca\/fr\/produit\/hpx-pro-fr\/#breadcrumb\",\"itemListElement\":[{\"@type\":\"ListItem\",\"position\":1,\"name\":\"Accueil\",\"item\":\"https:\/\/www.qnde.ca\/fr\/\"},{\"@type\":\"ListItem\",\"position\":2,\"name\":\"Produits\",\"item\":\"https:\/\/www.qnde.ca\/fr\/produits\/\"},{\"@type\":\"ListItem\",\"position\":3,\"name\":\"Marques\",\"item\":\"https:\/\/www.qnde.ca\/fr\/product-category\/marques\/\"},{\"@type\":\"ListItem\",\"position\":4,\"name\":\"Carestream\",\"item\":\"https:\/\/www.qnde.ca\/fr\/product-category\/marques\/carestream-fr\/\"},{\"@type\":\"ListItem\",\"position\":5,\"name\":\"Carestream HPX-PRO, Syst\u00e8me CR Num\u00e9rique Portatif\"}]},{\"@type\":\"WebSite\",\"@id\":\"https:\/\/www.qnde.ca\/#website\",\"url\":\"https:\/\/www.qnde.ca\/\",\"name\":\"Qualit\u00e9 NDE\",\"description\":\"\u00c9quipements d&#039;essais non destructifs \",\"publisher\":{\"@id\":\"https:\/\/www.qnde.ca\/#organization\"},\"potentialAction\":[{\"@type\":\"SearchAction\",\"target\":{\"@type\":\"EntryPoint\",\"urlTemplate\":\"https:\/\/www.qnde.ca\/?s={search_term_string}\"},\"query-input\":{\"@type\":\"PropertyValueSpecification\",\"valueRequired\":true,\"valueName\":\"search_term_string\"}}],\"inLanguage\":\"fr-FR\"},{\"@type\":\"Organization\",\"@id\":\"https:\/\/www.qnde.ca\/#organization\",\"name\":\"Quality NDT Ltd.\",\"url\":\"https:\/\/www.qnde.ca\/\",\"logo\":{\"@type\":\"ImageObject\",\"inLanguage\":\"fr-FR\",\"@id\":\"https:\/\/www.qnde.ca\/#\/schema\/logo\/image\/\",\"url\":\"https:\/\/www.qnde.ca\/wp-content\/uploads\/2022\/02\/QNDE_logo_RGB-gif.gif\",\"contentUrl\":\"https:\/\/www.qnde.ca\/wp-content\/uploads\/2022\/02\/QNDE_logo_RGB-gif.gif\",\"width\":250,\"height\":64,\"caption\":\"Quality NDT Ltd.\"},\"image\":{\"@id\":\"https:\/\/www.qnde.ca\/#\/schema\/logo\/image\/\"},\"sameAs\":[\"https:\/\/www.linkedin.com\/company\/qnde\/about\/?viewAsMember=true\"]}]}<\/script>\n<!-- \/ Yoast SEO plugin. -->","yoast_head_json":{"title":"Carestream HPX-PRO, Syst\u00e8me CR Num\u00e9rique Portatif &#060; Qualit\u00e9 NDE","description":"Con\u00e7u pour la portabilit\u00e9 et le haut d\u00e9bit d'imagerie num\u00e9rique requis dans le secteur des pipelines. 35lb (16kg), il est pr\u00eat en moins de 5 minutes.","robots":{"index":"index","follow":"follow","max-snippet":"max-snippet:-1","max-image-preview":"max-image-preview:large","max-video-preview":"max-video-preview:-1"},"canonical":"https:\/\/www.qnde.ca\/fr\/produit\/hpx-pro-fr\/","twitter_misc":{"Dur\u00e9e de lecture estim\u00e9e":"1 minute"},"schema":{"@context":"https:\/\/schema.org","@graph":[{"@type":["WebPage","ItemPage"],"@id":"https:\/\/www.qnde.ca\/fr\/produit\/hpx-pro-fr\/","url":"https:\/\/www.qnde.ca\/fr\/produit\/hpx-pro-fr\/","name":"Carestream HPX-PRO, Syst\u00e8me CR Num\u00e9rique Portatif &#060; Qualit\u00e9 NDE","isPartOf":{"@id":"https:\/\/www.qnde.ca\/#website"},"primaryImageOfPage":{"@id":"https:\/\/www.qnde.ca\/fr\/produit\/hpx-pro-fr\/#primaryimage"},"image":{"@id":"https:\/\/www.qnde.ca\/fr\/produit\/hpx-pro-fr\/#primaryimage"},"thumbnailUrl":"https:\/\/www.qnde.ca\/wp-content\/uploads\/2021\/01\/Carestream-HPX-PRO-with-Plate-scaled-scaled.jpg","datePublished":"2015-12-17T14:45:56+00:00","dateModified":"2025-06-17T13:46:43+00:00","description":"Con\u00e7u pour la portabilit\u00e9 et le haut d\u00e9bit d'imagerie num\u00e9rique requis dans le secteur des pipelines. 35lb (16kg), il est pr\u00eat en moins de 5 minutes.","breadcrumb":{"@id":"https:\/\/www.qnde.ca\/fr\/produit\/hpx-pro-fr\/#breadcrumb"},"inLanguage":"fr-FR","potentialAction":[{"@type":"ReadAction","target":["https:\/\/www.qnde.ca\/fr\/produit\/hpx-pro-fr\/"]}]},{"@type":"ImageObject","inLanguage":"fr-FR","@id":"https:\/\/www.qnde.ca\/fr\/produit\/hpx-pro-fr\/#primaryimage","url":"https:\/\/www.qnde.ca\/wp-content\/uploads\/2021\/01\/Carestream-HPX-PRO-with-Plate-scaled-scaled.jpg","contentUrl":"https:\/\/www.qnde.ca\/wp-content\/uploads\/2021\/01\/Carestream-HPX-PRO-with-Plate-scaled-scaled.jpg","width":2048,"height":1151},{"@type":"BreadcrumbList","@id":"https:\/\/www.qnde.ca\/fr\/produit\/hpx-pro-fr\/#breadcrumb","itemListElement":[{"@type":"ListItem","position":1,"name":"Accueil","item":"https:\/\/www.qnde.ca\/fr\/"},{"@type":"ListItem","position":2,"name":"Produits","item":"https:\/\/www.qnde.ca\/fr\/produits\/"},{"@type":"ListItem","position":3,"name":"Marques","item":"https:\/\/www.qnde.ca\/fr\/product-category\/marques\/"},{"@type":"ListItem","position":4,"name":"Carestream","item":"https:\/\/www.qnde.ca\/fr\/product-category\/marques\/carestream-fr\/"},{"@type":"ListItem","position":5,"name":"Carestream HPX-PRO, Syst\u00e8me CR Num\u00e9rique Portatif"}]},{"@type":"WebSite","@id":"https:\/\/www.qnde.ca\/#website","url":"https:\/\/www.qnde.ca\/","name":"Qualit\u00e9 NDE","description":"\u00c9quipements d&#039;essais non destructifs ","publisher":{"@id":"https:\/\/www.qnde.ca\/#organization"},"potentialAction":[{"@type":"SearchAction","target":{"@type":"EntryPoint","urlTemplate":"https:\/\/www.qnde.ca\/?s={search_term_string}"},"query-input":{"@type":"PropertyValueSpecification","valueRequired":true,"valueName":"search_term_string"}}],"inLanguage":"fr-FR"},{"@type":"Organization","@id":"https:\/\/www.qnde.ca\/#organization","name":"Quality NDT Ltd.","url":"https:\/\/www.qnde.ca\/","logo":{"@type":"ImageObject","inLanguage":"fr-FR","@id":"https:\/\/www.qnde.ca\/#\/schema\/logo\/image\/","url":"https:\/\/www.qnde.ca\/wp-content\/uploads\/2022\/02\/QNDE_logo_RGB-gif.gif","contentUrl":"https:\/\/www.qnde.ca\/wp-content\/uploads\/2022\/02\/QNDE_logo_RGB-gif.gif","width":250,"height":64,"caption":"Quality NDT Ltd."},"image":{"@id":"https:\/\/www.qnde.ca\/#\/schema\/logo\/image\/"},"sameAs":["https:\/\/www.linkedin.com\/company\/qnde\/about\/?viewAsMember=true"]}]}},"jetpack_sharing_enabled":true,"_links":{"self":[{"href":"https:\/\/www.qnde.ca\/fr\/wp-json\/wp\/v2\/product\/3617","targetHints":{"allow":["GET"]}}],"collection":[{"href":"https:\/\/www.qnde.ca\/fr\/wp-json\/wp\/v2\/product"}],"about":[{"href":"https:\/\/www.qnde.ca\/fr\/wp-json\/wp\/v2\/types\/product"}],"wp:featuredmedia":[{"embeddable":true,"href":"https:\/\/www.qnde.ca\/fr\/wp-json\/wp\/v2\/media\/13587"}],"wp:attachment":[{"href":"https:\/\/www.qnde.ca\/fr\/wp-json\/wp\/v2\/media?parent=3617"}],"wp:term":[{"taxonomy":"product_brand","embeddable":true,"href":"https:\/\/www.qnde.ca\/fr\/wp-json\/wp\/v2\/product_brand?post=3617"},{"taxonomy":"product_cat","embeddable":true,"href":"https:\/\/www.qnde.ca\/fr\/wp-json\/wp\/v2\/product_cat?post=3617"},{"taxonomy":"product_tag","embeddable":true,"href":"https:\/\/www.qnde.ca\/fr\/wp-json\/wp\/v2\/product_tag?post=3617"}],"curies":[{"name":"wp","href":"https:\/\/api.w.org\/{rel}","templated":true}]}}