{"id":3575,"date":"2015-12-16T19:35:04","date_gmt":"2015-12-16T19:35:04","guid":{"rendered":"https:\/\/www.qnde.ca\/?post_type=product&#038;p=3575"},"modified":"2025-08-20T11:47:49","modified_gmt":"2025-08-20T15:47:49","slug":"systeme-de-filtre-active-au-charbon","status":"publish","type":"product","link":"https:\/\/www.qnde.ca\/fr\/produit\/systeme-de-filtre-active-au-charbon\/","title":{"rendered":"Syst\u00e8me de Filtration d\u2019Eau Us\u00e9e \u2013 Contamin\u00e9 au P\u00e9n\u00e9trant"},"content":{"rendered":"<h3><strong>Syst\u00e8me de Filtration d\u2019Eau Us\u00e9e \u2013 Contamin\u00e9 au P\u00e9n\u00e9trant<\/strong><\/h3>\n<p data-start=\"54\" data-end=\"384\">Le syst\u00e8me de filtration au charbon est con\u00e7u pour \u00e9liminer le p\u00e9n\u00e9trant contenu dans les eaux de rin\u00e7age avant leur rejet au drain, afin de r\u00e9pondre aux exigences de 100 ppm, 50 ppm ou 30 ppm. Chaque baril peut retenir environ 10 gallons (37,9 L) de p\u00e9n\u00e9trant lavable \u00e0 l\u2019eau ou 5 gallons (18,9 L) de p\u00e9n\u00e9trant post-\u00e9mulsifiable.<\/p>\n<p>IMPORTANT<strong data-start=\"65\" data-end=\"80\"> :<\/strong> si votre liquide contient une quantit\u00e9 significative de particules solides de plus de 5 microns, un syst\u00e8me de filtration peut \u00eatre requis. Selon le volume, le type et la taille des particules, un ou plusieurs bo\u00eetiers de filtration sous pression avec sacs filtrants peuvent \u00eatre n\u00e9cessaires. Ces sacs sont disponibles en polypropyl\u00e8ne, nylon, PTFE ou polyester, avec des tailles de filtration allant de 1000 \u00e0 1 micron.<\/p>\n<p>Les ensembles incluent un r\u00e9servoir d\u2019eaux us\u00e9es en acier inoxydable, une pompe 120VAC r\u00e9sistante au p\u00e9n\u00e9trant, un interrupteur automatique ON\/OFF \u00e0 flotteur, plomberie et les \u00a0tuyaux flexibles. Entr\u00e9 dans le bas de 2.0&Prime; (51mm) et sortie sur le dessus de 2.0&Prime; (51mm).<\/p>\n<p>IMPORTANT: Le ppm \u00e0 la sortie du syst\u00e8me de filtration est approximatif ne connaissant pas le ppm \u00e0 l\u2019entr\u00e9, l\u2019\u00e9tat du syst\u00e8me, etc.<\/p>\n<ul>\n<li>LP-200-K2: Ensemble de filtration d\u2019eau us\u00e9e \u2013 2 barils. Rejet \u00e0 environ 100ppm.<\/li>\n<li>LP-200-K3: Ensemble de filtration d\u2019eau us\u00e9e \u2013 3 barils. Rejet \u00e0 environ 50ppm.<\/li>\n<li>LP-200-K4: Ensemble de filtration d\u2019eau us\u00e9e \u2013 4 barils. Rejet \u00e0 environ 30ppm.<\/li>\n<li>LP-200: Baril filtrant au charbon, 200lb (91kg).<\/li>\n<li>LP-176-PE: Baril de plastique (PE); 176lb (80kg) de charbon. Entr\u00e9e et sortie de 2.0&Prime; (51mm) sur le dessus.<\/li>\n<li>LP-3330S-MZ: Baril contenant 300 lb (137 kg) d&rsquo;Organo Clay (70% Zo\u00e9lite modifi\u00e9e + 30% charbon) pour les concentrations en huiles et graisses \u00e9lev\u00e9es.<\/li>\n<li>FTR-PVC-180: Bo\u00eetier de filtration sous pression 180GPM (681L\/m), 100psi (685kPa). Support pour filtre de taille No. 2, entr\u00e9e\/sortie de 2\u201d.<\/li>\n<li>FILTERNO2: Kit de cinq (5x) sacs filtrants de taille No. 2, 7-1\/16 x 32\u201d &#8211; polypropyl\u00e8ne, nylon, PTFE ou polyester (1000, 500, 400, 200, 100, 50, 20, 5 ou 1 micron).<\/li>\n<\/ul>\n<p>Contactez-nous pour plus d&rsquo;informations et\/ou recevoir une soumission.<\/p>\n","protected":false},"excerpt":{"rendered":"<p>Syst\u00e8me de Filtration d\u2019Eau Us\u00e9e \u2013 Contamin\u00e9 au P\u00e9n\u00e9trant Le syst\u00e8me de filtration au charbon est con\u00e7u pour \u00e9liminer le p\u00e9n\u00e9trant contenu dans les eaux de rin\u00e7age avant leur rejet au drain, afin de r\u00e9pondre aux exigences de 100 ppm, 50 ppm ou 30 ppm. Chaque baril peut retenir environ 10 gallons (37,9 L) de [&hellip;]<\/p>\n","protected":false},"featured_media":8356,"template":"","meta":{"_monsterinsights_skip_tracking":false,"_monsterinsights_sitenote_active":false,"_monsterinsights_sitenote_note":"","_monsterinsights_sitenote_category":0},"product_brand":[],"product_cat":[402,123],"product_tag":[],"class_list":{"0":"post-3575","1":"product","2":"type-product","3":"status-publish","4":"has-post-thumbnail","6":"product_cat-autres-marques","7":"product_cat-accessoires-ressuage","9":"first","10":"instock","11":"shipping-taxable","12":"purchasable","13":"product-type-variable"},"yoast_head":"<!-- This site is optimized with the Yoast SEO plugin v23.9 - https:\/\/yoast.com\/wordpress\/plugins\/seo\/ -->\n<title>Syst\u00e8me de Filtration d\u2019Eau Us\u00e9e \u2013 Contamin\u00e9 au P\u00e9n\u00e9trant &#060; Qualit\u00e9 NDE<\/title>\n<meta name=\"description\" content=\"Filtration d\u2019eaux us\u00e9es contamin\u00e9es au p\u00e9n\u00e9trant. Syst\u00e8me au charbon pour conformit\u00e9 100ppm, 50ppm ou 30ppm. Compact, efficace, pr\u00eat \u00e0 l&#039;emploi.\" \/>\n<meta name=\"robots\" content=\"index, follow, max-snippet:-1, max-image-preview:large, max-video-preview:-1\" \/>\n<link rel=\"canonical\" href=\"https:\/\/www.qnde.ca\/fr\/produit\/systeme-de-filtre-active-au-charbon\/\" \/>\n<meta name=\"twitter:label1\" content=\"Dur\u00e9e de lecture estim\u00e9e\" \/>\n\t<meta name=\"twitter:data1\" content=\"2 minutes\" \/>\n<script type=\"application\/ld+json\" class=\"yoast-schema-graph\">{\"@context\":\"https:\/\/schema.org\",\"@graph\":[{\"@type\":[\"WebPage\",\"ItemPage\"],\"@id\":\"https:\/\/www.qnde.ca\/fr\/produit\/systeme-de-filtre-active-au-charbon\/\",\"url\":\"https:\/\/www.qnde.ca\/fr\/produit\/systeme-de-filtre-active-au-charbon\/\",\"name\":\"Syst\u00e8me de Filtration d\u2019Eau Us\u00e9e \u2013 Contamin\u00e9 au P\u00e9n\u00e9trant &#060; Qualit\u00e9 NDE\",\"isPartOf\":{\"@id\":\"https:\/\/www.qnde.ca\/#website\"},\"primaryImageOfPage\":{\"@id\":\"https:\/\/www.qnde.ca\/fr\/produit\/systeme-de-filtre-active-au-charbon\/#primaryimage\"},\"image\":{\"@id\":\"https:\/\/www.qnde.ca\/fr\/produit\/systeme-de-filtre-active-au-charbon\/#primaryimage\"},\"thumbnailUrl\":\"https:\/\/www.qnde.ca\/wp-content\/uploads\/2015\/12\/Automated-Carbon-Filter-System.jpg\",\"datePublished\":\"2015-12-16T19:35:04+00:00\",\"dateModified\":\"2025-08-20T15:47:49+00:00\",\"description\":\"Filtration d\u2019eaux us\u00e9es contamin\u00e9es au p\u00e9n\u00e9trant. Syst\u00e8me au charbon pour conformit\u00e9 100ppm, 50ppm ou 30ppm. Compact, efficace, pr\u00eat \u00e0 l'emploi.\",\"breadcrumb\":{\"@id\":\"https:\/\/www.qnde.ca\/fr\/produit\/systeme-de-filtre-active-au-charbon\/#breadcrumb\"},\"inLanguage\":\"fr-FR\",\"potentialAction\":[{\"@type\":\"ReadAction\",\"target\":[\"https:\/\/www.qnde.ca\/fr\/produit\/systeme-de-filtre-active-au-charbon\/\"]}]},{\"@type\":\"ImageObject\",\"inLanguage\":\"fr-FR\",\"@id\":\"https:\/\/www.qnde.ca\/fr\/produit\/systeme-de-filtre-active-au-charbon\/#primaryimage\",\"url\":\"https:\/\/www.qnde.ca\/wp-content\/uploads\/2015\/12\/Automated-Carbon-Filter-System.jpg\",\"contentUrl\":\"https:\/\/www.qnde.ca\/wp-content\/uploads\/2015\/12\/Automated-Carbon-Filter-System.jpg\",\"width\":1540,\"height\":1000,\"caption\":\"LP-200-K3: Ensemble de filtration d\u2019eau us\u00e9e \u2013 3 barils\"},{\"@type\":\"BreadcrumbList\",\"@id\":\"https:\/\/www.qnde.ca\/fr\/produit\/systeme-de-filtre-active-au-charbon\/#breadcrumb\",\"itemListElement\":[{\"@type\":\"ListItem\",\"position\":1,\"name\":\"Accueil\",\"item\":\"https:\/\/www.qnde.ca\/fr\/\"},{\"@type\":\"ListItem\",\"position\":2,\"name\":\"Produits\",\"item\":\"https:\/\/www.qnde.ca\/fr\/produits\/\"},{\"@type\":\"ListItem\",\"position\":3,\"name\":\"Marques\",\"item\":\"https:\/\/www.qnde.ca\/fr\/product-category\/marques\/\"},{\"@type\":\"ListItem\",\"position\":4,\"name\":\"Autres Marques\",\"item\":\"https:\/\/www.qnde.ca\/fr\/product-category\/marques\/autres-marques\/\"},{\"@type\":\"ListItem\",\"position\":5,\"name\":\"Syst\u00e8me de Filtration d\u2019Eau Us\u00e9e \u2013 Contamin\u00e9 au P\u00e9n\u00e9trant\"}]},{\"@type\":\"WebSite\",\"@id\":\"https:\/\/www.qnde.ca\/#website\",\"url\":\"https:\/\/www.qnde.ca\/\",\"name\":\"Qualit\u00e9 NDE\",\"description\":\"\u00c9quipements d&#039;essais non destructifs \",\"publisher\":{\"@id\":\"https:\/\/www.qnde.ca\/#organization\"},\"potentialAction\":[{\"@type\":\"SearchAction\",\"target\":{\"@type\":\"EntryPoint\",\"urlTemplate\":\"https:\/\/www.qnde.ca\/?s={search_term_string}\"},\"query-input\":{\"@type\":\"PropertyValueSpecification\",\"valueRequired\":true,\"valueName\":\"search_term_string\"}}],\"inLanguage\":\"fr-FR\"},{\"@type\":\"Organization\",\"@id\":\"https:\/\/www.qnde.ca\/#organization\",\"name\":\"Quality NDT Ltd.\",\"url\":\"https:\/\/www.qnde.ca\/\",\"logo\":{\"@type\":\"ImageObject\",\"inLanguage\":\"fr-FR\",\"@id\":\"https:\/\/www.qnde.ca\/#\/schema\/logo\/image\/\",\"url\":\"https:\/\/www.qnde.ca\/wp-content\/uploads\/2022\/02\/QNDE_logo_RGB-gif.gif\",\"contentUrl\":\"https:\/\/www.qnde.ca\/wp-content\/uploads\/2022\/02\/QNDE_logo_RGB-gif.gif\",\"width\":250,\"height\":64,\"caption\":\"Quality NDT Ltd.\"},\"image\":{\"@id\":\"https:\/\/www.qnde.ca\/#\/schema\/logo\/image\/\"},\"sameAs\":[\"https:\/\/www.linkedin.com\/company\/qnde\/about\/?viewAsMember=true\"]}]}<\/script>\n<!-- \/ Yoast SEO plugin. -->","yoast_head_json":{"title":"Syst\u00e8me de Filtration d\u2019Eau Us\u00e9e \u2013 Contamin\u00e9 au P\u00e9n\u00e9trant &#060; Qualit\u00e9 NDE","description":"Filtration d\u2019eaux us\u00e9es contamin\u00e9es au p\u00e9n\u00e9trant. Syst\u00e8me au charbon pour conformit\u00e9 100ppm, 50ppm ou 30ppm. Compact, efficace, pr\u00eat \u00e0 l'emploi.","robots":{"index":"index","follow":"follow","max-snippet":"max-snippet:-1","max-image-preview":"max-image-preview:large","max-video-preview":"max-video-preview:-1"},"canonical":"https:\/\/www.qnde.ca\/fr\/produit\/systeme-de-filtre-active-au-charbon\/","twitter_misc":{"Dur\u00e9e de lecture estim\u00e9e":"2 minutes"},"schema":{"@context":"https:\/\/schema.org","@graph":[{"@type":["WebPage","ItemPage"],"@id":"https:\/\/www.qnde.ca\/fr\/produit\/systeme-de-filtre-active-au-charbon\/","url":"https:\/\/www.qnde.ca\/fr\/produit\/systeme-de-filtre-active-au-charbon\/","name":"Syst\u00e8me de Filtration d\u2019Eau Us\u00e9e \u2013 Contamin\u00e9 au P\u00e9n\u00e9trant &#060; Qualit\u00e9 NDE","isPartOf":{"@id":"https:\/\/www.qnde.ca\/#website"},"primaryImageOfPage":{"@id":"https:\/\/www.qnde.ca\/fr\/produit\/systeme-de-filtre-active-au-charbon\/#primaryimage"},"image":{"@id":"https:\/\/www.qnde.ca\/fr\/produit\/systeme-de-filtre-active-au-charbon\/#primaryimage"},"thumbnailUrl":"https:\/\/www.qnde.ca\/wp-content\/uploads\/2015\/12\/Automated-Carbon-Filter-System.jpg","datePublished":"2015-12-16T19:35:04+00:00","dateModified":"2025-08-20T15:47:49+00:00","description":"Filtration d\u2019eaux us\u00e9es contamin\u00e9es au p\u00e9n\u00e9trant. Syst\u00e8me au charbon pour conformit\u00e9 100ppm, 50ppm ou 30ppm. Compact, efficace, pr\u00eat \u00e0 l'emploi.","breadcrumb":{"@id":"https:\/\/www.qnde.ca\/fr\/produit\/systeme-de-filtre-active-au-charbon\/#breadcrumb"},"inLanguage":"fr-FR","potentialAction":[{"@type":"ReadAction","target":["https:\/\/www.qnde.ca\/fr\/produit\/systeme-de-filtre-active-au-charbon\/"]}]},{"@type":"ImageObject","inLanguage":"fr-FR","@id":"https:\/\/www.qnde.ca\/fr\/produit\/systeme-de-filtre-active-au-charbon\/#primaryimage","url":"https:\/\/www.qnde.ca\/wp-content\/uploads\/2015\/12\/Automated-Carbon-Filter-System.jpg","contentUrl":"https:\/\/www.qnde.ca\/wp-content\/uploads\/2015\/12\/Automated-Carbon-Filter-System.jpg","width":1540,"height":1000,"caption":"LP-200-K3: Ensemble de filtration d\u2019eau us\u00e9e \u2013 3 barils"},{"@type":"BreadcrumbList","@id":"https:\/\/www.qnde.ca\/fr\/produit\/systeme-de-filtre-active-au-charbon\/#breadcrumb","itemListElement":[{"@type":"ListItem","position":1,"name":"Accueil","item":"https:\/\/www.qnde.ca\/fr\/"},{"@type":"ListItem","position":2,"name":"Produits","item":"https:\/\/www.qnde.ca\/fr\/produits\/"},{"@type":"ListItem","position":3,"name":"Marques","item":"https:\/\/www.qnde.ca\/fr\/product-category\/marques\/"},{"@type":"ListItem","position":4,"name":"Autres Marques","item":"https:\/\/www.qnde.ca\/fr\/product-category\/marques\/autres-marques\/"},{"@type":"ListItem","position":5,"name":"Syst\u00e8me de Filtration d\u2019Eau Us\u00e9e \u2013 Contamin\u00e9 au P\u00e9n\u00e9trant"}]},{"@type":"WebSite","@id":"https:\/\/www.qnde.ca\/#website","url":"https:\/\/www.qnde.ca\/","name":"Qualit\u00e9 NDE","description":"\u00c9quipements d&#039;essais non destructifs ","publisher":{"@id":"https:\/\/www.qnde.ca\/#organization"},"potentialAction":[{"@type":"SearchAction","target":{"@type":"EntryPoint","urlTemplate":"https:\/\/www.qnde.ca\/?s={search_term_string}"},"query-input":{"@type":"PropertyValueSpecification","valueRequired":true,"valueName":"search_term_string"}}],"inLanguage":"fr-FR"},{"@type":"Organization","@id":"https:\/\/www.qnde.ca\/#organization","name":"Quality NDT Ltd.","url":"https:\/\/www.qnde.ca\/","logo":{"@type":"ImageObject","inLanguage":"fr-FR","@id":"https:\/\/www.qnde.ca\/#\/schema\/logo\/image\/","url":"https:\/\/www.qnde.ca\/wp-content\/uploads\/2022\/02\/QNDE_logo_RGB-gif.gif","contentUrl":"https:\/\/www.qnde.ca\/wp-content\/uploads\/2022\/02\/QNDE_logo_RGB-gif.gif","width":250,"height":64,"caption":"Quality NDT Ltd."},"image":{"@id":"https:\/\/www.qnde.ca\/#\/schema\/logo\/image\/"},"sameAs":["https:\/\/www.linkedin.com\/company\/qnde\/about\/?viewAsMember=true"]}]}},"jetpack_sharing_enabled":true,"_links":{"self":[{"href":"https:\/\/www.qnde.ca\/fr\/wp-json\/wp\/v2\/product\/3575","targetHints":{"allow":["GET"]}}],"collection":[{"href":"https:\/\/www.qnde.ca\/fr\/wp-json\/wp\/v2\/product"}],"about":[{"href":"https:\/\/www.qnde.ca\/fr\/wp-json\/wp\/v2\/types\/product"}],"wp:featuredmedia":[{"embeddable":true,"href":"https:\/\/www.qnde.ca\/fr\/wp-json\/wp\/v2\/media\/8356"}],"wp:attachment":[{"href":"https:\/\/www.qnde.ca\/fr\/wp-json\/wp\/v2\/media?parent=3575"}],"wp:term":[{"taxonomy":"product_brand","embeddable":true,"href":"https:\/\/www.qnde.ca\/fr\/wp-json\/wp\/v2\/product_brand?post=3575"},{"taxonomy":"product_cat","embeddable":true,"href":"https:\/\/www.qnde.ca\/fr\/wp-json\/wp\/v2\/product_cat?post=3575"},{"taxonomy":"product_tag","embeddable":true,"href":"https:\/\/www.qnde.ca\/fr\/wp-json\/wp\/v2\/product_tag?post=3575"}],"curies":[{"name":"wp","href":"https:\/\/api.w.org\/{rel}","templated":true}]}}