{"id":3566,"date":"2015-12-16T18:49:08","date_gmt":"2015-12-16T18:49:08","guid":{"rendered":"https:\/\/www.qnde.ca\/?post_type=product&#038;p=3566"},"modified":"2025-08-11T10:57:09","modified_gmt":"2025-08-11T14:57:09","slug":"ae-2-de-poche","status":"publish","type":"product","link":"https:\/\/www.qnde.ca\/fr\/produit\/ae-2-de-poche\/","title":{"rendered":"Physical Acoustic &#8211; AE-2 de poche"},"content":{"rendered":"<h3>Physical Acoustic AE-2 de poche<\/h3>\n<p>Syst\u00e8me AE de poche (canal param\u00e9trique et AE) pour l&rsquo;inspection NDT portative.<\/p>\n<p>Syst\u00e8me AE de poche \u00e0 2 cannaux.<\/p>\n<p>Applications typiques:<\/p>\n<ul style=\"font-style: inherit; font-weight: inherit;\">\n<li style=\"font-style: inherit; font-weight: inherit;\"><span style=\"font-style: inherit; font-weight: inherit;\"><b><strong style=\"font-style: inherit;\">Tests \u00e9lectriques<\/strong><\/b><\/span><span style=\"font-style: inherit; font-weight: inherit;\">: \u00c9valuation de d\u00e9fauts thermiques, \u00e9lectriques et m\u00e9caniques de transformateurs, GSU ou \u00a0disjoncteurs en marche.\u00a0<\/span><\/li>\n<li style=\"font-style: inherit; font-weight: inherit;\"><span style=\"font-style: inherit; font-weight: inherit;\">\u00a0<\/span><span style=\"font-style: inherit; font-weight: inherit;\"><b><strong style=\"font-style: inherit;\">Essais d&rsquo;\u00e9tanch\u00e9it\u00e9 de soupape<\/strong><\/b>:<\/span><span style=\"font-style: inherit; font-weight: inherit;\">\u00a0Les valves en fonction peuvent \u00eatre test\u00e9es pour v\u00e9rifier leur \u00e9tanch\u00e9it\u00e9, le tout quantifi\u00e9 pour une estimation du total de perte.<\/span><\/li>\n<li style=\"font-style: inherit; font-weight: inherit;\"><span style=\"font-style: inherit; font-weight: inherit;\"><b><strong style=\"font-style: inherit;\">Tests sur rouleaux d&rsquo;acier<\/strong><\/b>:<\/span><span style=\"font-style: inherit; font-weight: inherit;\">\u00a0Suivi de refroidissement des rouleaux d&rsquo;aciers soumis aux variations de temp\u00e9rature et de pression, pouvant \u00eatre inspect\u00e9s tr\u00e8s rapidement pour les micro-fissurations.<\/span><\/li>\n<li style=\"font-style: inherit; font-weight: inherit;\"><span style=\"font-style: inherit; font-weight: inherit;\"><b><strong style=\"font-style: inherit;\">Corrosion des r\u00e9servoirs de stockage<\/strong><\/b>:<\/span><span style=\"font-style: inherit; font-weight: inherit;\">\u00a0Un suivi de corrosion en temps r\u00e9el permet d&rsquo;identifier les zones \u00e0 probl\u00e8me dans les r\u00e9servoirs de stockage \u00e0 ciel ouvert afin de pr\u00e9venir les pertes qui pourraient contaminer le sol.\u00a0<\/span><\/li>\n<\/ul>\n","protected":false},"excerpt":{"rendered":"<p>Physical Acoustic AE-2 de poche Syst\u00e8me AE de poche (canal param\u00e9trique et AE) pour l&rsquo;inspection NDT portative. Syst\u00e8me AE de poche \u00e0 2 cannaux. Applications typiques: Tests \u00e9lectriques: \u00c9valuation de d\u00e9fauts thermiques, \u00e9lectriques et m\u00e9caniques de transformateurs, GSU ou \u00a0disjoncteurs en marche.\u00a0 \u00a0Essais d&rsquo;\u00e9tanch\u00e9it\u00e9 de soupape:\u00a0Les valves en fonction peuvent \u00eatre test\u00e9es pour v\u00e9rifier leur [&hellip;]<\/p>\n","protected":false},"featured_media":3568,"template":"","meta":{"_monsterinsights_skip_tracking":false,"_monsterinsights_sitenote_active":false,"_monsterinsights_sitenote_note":"","_monsterinsights_sitenote_category":0},"product_brand":[],"product_cat":[402,117],"product_tag":[],"class_list":{"0":"post-3566","1":"product","2":"type-product","3":"status-publish","4":"has-post-thumbnail","6":"product_cat-autres-marques","7":"product_cat-systemes-portatifs","9":"first","10":"instock","11":"shipping-taxable","12":"purchasable","13":"product-type-simple"},"yoast_head":"<!-- This site is optimized with the Yoast SEO plugin v23.9 - https:\/\/yoast.com\/wordpress\/plugins\/seo\/ -->\n<title>Physical Acoustic - AE-2 de poche &#060; Qualit\u00e9 NDE<\/title>\n<meta name=\"description\" content=\"AE-2 de poche : syst\u00e8me d\u2019\u00e9mission acoustique portatif \u00e0 2 canaux pour inspection NDT rapide et pr\u00e9cise sur le terrain.\" \/>\n<meta name=\"robots\" content=\"index, follow, max-snippet:-1, max-image-preview:large, max-video-preview:-1\" \/>\n<link rel=\"canonical\" href=\"https:\/\/www.qnde.ca\/fr\/produit\/ae-2-de-poche\/\" \/>\n<meta name=\"twitter:label1\" content=\"Dur\u00e9e de lecture estim\u00e9e\" \/>\n\t<meta name=\"twitter:data1\" content=\"1 minute\" \/>\n<script type=\"application\/ld+json\" class=\"yoast-schema-graph\">{\"@context\":\"https:\/\/schema.org\",\"@graph\":[{\"@type\":[\"WebPage\",\"ItemPage\"],\"@id\":\"https:\/\/www.qnde.ca\/fr\/produit\/ae-2-de-poche\/\",\"url\":\"https:\/\/www.qnde.ca\/fr\/produit\/ae-2-de-poche\/\",\"name\":\"Physical Acoustic - AE-2 de poche &#060; Qualit\u00e9 NDE\",\"isPartOf\":{\"@id\":\"https:\/\/www.qnde.ca\/#website\"},\"primaryImageOfPage\":{\"@id\":\"https:\/\/www.qnde.ca\/fr\/produit\/ae-2-de-poche\/#primaryimage\"},\"image\":{\"@id\":\"https:\/\/www.qnde.ca\/fr\/produit\/ae-2-de-poche\/#primaryimage\"},\"thumbnailUrl\":\"https:\/\/www.qnde.ca\/wp-content\/uploads\/2015\/12\/AE-2-de-poche.jpg\",\"datePublished\":\"2015-12-16T18:49:08+00:00\",\"dateModified\":\"2025-08-11T14:57:09+00:00\",\"description\":\"AE-2 de poche : syst\u00e8me d\u2019\u00e9mission acoustique portatif \u00e0 2 canaux pour inspection NDT rapide et pr\u00e9cise sur le terrain.\",\"breadcrumb\":{\"@id\":\"https:\/\/www.qnde.ca\/fr\/produit\/ae-2-de-poche\/#breadcrumb\"},\"inLanguage\":\"fr-FR\",\"potentialAction\":[{\"@type\":\"ReadAction\",\"target\":[\"https:\/\/www.qnde.ca\/fr\/produit\/ae-2-de-poche\/\"]}]},{\"@type\":\"ImageObject\",\"inLanguage\":\"fr-FR\",\"@id\":\"https:\/\/www.qnde.ca\/fr\/produit\/ae-2-de-poche\/#primaryimage\",\"url\":\"https:\/\/www.qnde.ca\/wp-content\/uploads\/2015\/12\/AE-2-de-poche.jpg\",\"contentUrl\":\"https:\/\/www.qnde.ca\/wp-content\/uploads\/2015\/12\/AE-2-de-poche.jpg\",\"width\":305,\"height\":200},{\"@type\":\"BreadcrumbList\",\"@id\":\"https:\/\/www.qnde.ca\/fr\/produit\/ae-2-de-poche\/#breadcrumb\",\"itemListElement\":[{\"@type\":\"ListItem\",\"position\":1,\"name\":\"Accueil\",\"item\":\"https:\/\/www.qnde.ca\/fr\/\"},{\"@type\":\"ListItem\",\"position\":2,\"name\":\"Produits\",\"item\":\"https:\/\/www.qnde.ca\/fr\/produits\/\"},{\"@type\":\"ListItem\",\"position\":3,\"name\":\"Marques\",\"item\":\"https:\/\/www.qnde.ca\/fr\/product-category\/marques\/\"},{\"@type\":\"ListItem\",\"position\":4,\"name\":\"Autres Marques\",\"item\":\"https:\/\/www.qnde.ca\/fr\/product-category\/marques\/autres-marques\/\"},{\"@type\":\"ListItem\",\"position\":5,\"name\":\"Physical Acoustic &#8211; AE-2 de poche\"}]},{\"@type\":\"WebSite\",\"@id\":\"https:\/\/www.qnde.ca\/#website\",\"url\":\"https:\/\/www.qnde.ca\/\",\"name\":\"Qualit\u00e9 NDE\",\"description\":\"\u00c9quipements d&#039;essais non destructifs \",\"publisher\":{\"@id\":\"https:\/\/www.qnde.ca\/#organization\"},\"potentialAction\":[{\"@type\":\"SearchAction\",\"target\":{\"@type\":\"EntryPoint\",\"urlTemplate\":\"https:\/\/www.qnde.ca\/?s={search_term_string}\"},\"query-input\":{\"@type\":\"PropertyValueSpecification\",\"valueRequired\":true,\"valueName\":\"search_term_string\"}}],\"inLanguage\":\"fr-FR\"},{\"@type\":\"Organization\",\"@id\":\"https:\/\/www.qnde.ca\/#organization\",\"name\":\"Quality NDT Ltd.\",\"url\":\"https:\/\/www.qnde.ca\/\",\"logo\":{\"@type\":\"ImageObject\",\"inLanguage\":\"fr-FR\",\"@id\":\"https:\/\/www.qnde.ca\/#\/schema\/logo\/image\/\",\"url\":\"https:\/\/www.qnde.ca\/wp-content\/uploads\/2022\/02\/QNDE_logo_RGB-gif.gif\",\"contentUrl\":\"https:\/\/www.qnde.ca\/wp-content\/uploads\/2022\/02\/QNDE_logo_RGB-gif.gif\",\"width\":250,\"height\":64,\"caption\":\"Quality NDT Ltd.\"},\"image\":{\"@id\":\"https:\/\/www.qnde.ca\/#\/schema\/logo\/image\/\"},\"sameAs\":[\"https:\/\/www.linkedin.com\/company\/qnde\/about\/?viewAsMember=true\"]}]}<\/script>\n<!-- \/ Yoast SEO plugin. -->","yoast_head_json":{"title":"Physical Acoustic - AE-2 de poche &#060; Qualit\u00e9 NDE","description":"AE-2 de poche : syst\u00e8me d\u2019\u00e9mission acoustique portatif \u00e0 2 canaux pour inspection NDT rapide et pr\u00e9cise sur le terrain.","robots":{"index":"index","follow":"follow","max-snippet":"max-snippet:-1","max-image-preview":"max-image-preview:large","max-video-preview":"max-video-preview:-1"},"canonical":"https:\/\/www.qnde.ca\/fr\/produit\/ae-2-de-poche\/","twitter_misc":{"Dur\u00e9e de lecture estim\u00e9e":"1 minute"},"schema":{"@context":"https:\/\/schema.org","@graph":[{"@type":["WebPage","ItemPage"],"@id":"https:\/\/www.qnde.ca\/fr\/produit\/ae-2-de-poche\/","url":"https:\/\/www.qnde.ca\/fr\/produit\/ae-2-de-poche\/","name":"Physical Acoustic - AE-2 de poche &#060; Qualit\u00e9 NDE","isPartOf":{"@id":"https:\/\/www.qnde.ca\/#website"},"primaryImageOfPage":{"@id":"https:\/\/www.qnde.ca\/fr\/produit\/ae-2-de-poche\/#primaryimage"},"image":{"@id":"https:\/\/www.qnde.ca\/fr\/produit\/ae-2-de-poche\/#primaryimage"},"thumbnailUrl":"https:\/\/www.qnde.ca\/wp-content\/uploads\/2015\/12\/AE-2-de-poche.jpg","datePublished":"2015-12-16T18:49:08+00:00","dateModified":"2025-08-11T14:57:09+00:00","description":"AE-2 de poche : syst\u00e8me d\u2019\u00e9mission acoustique portatif \u00e0 2 canaux pour inspection NDT rapide et pr\u00e9cise sur le terrain.","breadcrumb":{"@id":"https:\/\/www.qnde.ca\/fr\/produit\/ae-2-de-poche\/#breadcrumb"},"inLanguage":"fr-FR","potentialAction":[{"@type":"ReadAction","target":["https:\/\/www.qnde.ca\/fr\/produit\/ae-2-de-poche\/"]}]},{"@type":"ImageObject","inLanguage":"fr-FR","@id":"https:\/\/www.qnde.ca\/fr\/produit\/ae-2-de-poche\/#primaryimage","url":"https:\/\/www.qnde.ca\/wp-content\/uploads\/2015\/12\/AE-2-de-poche.jpg","contentUrl":"https:\/\/www.qnde.ca\/wp-content\/uploads\/2015\/12\/AE-2-de-poche.jpg","width":305,"height":200},{"@type":"BreadcrumbList","@id":"https:\/\/www.qnde.ca\/fr\/produit\/ae-2-de-poche\/#breadcrumb","itemListElement":[{"@type":"ListItem","position":1,"name":"Accueil","item":"https:\/\/www.qnde.ca\/fr\/"},{"@type":"ListItem","position":2,"name":"Produits","item":"https:\/\/www.qnde.ca\/fr\/produits\/"},{"@type":"ListItem","position":3,"name":"Marques","item":"https:\/\/www.qnde.ca\/fr\/product-category\/marques\/"},{"@type":"ListItem","position":4,"name":"Autres Marques","item":"https:\/\/www.qnde.ca\/fr\/product-category\/marques\/autres-marques\/"},{"@type":"ListItem","position":5,"name":"Physical Acoustic &#8211; AE-2 de poche"}]},{"@type":"WebSite","@id":"https:\/\/www.qnde.ca\/#website","url":"https:\/\/www.qnde.ca\/","name":"Qualit\u00e9 NDE","description":"\u00c9quipements d&#039;essais non destructifs ","publisher":{"@id":"https:\/\/www.qnde.ca\/#organization"},"potentialAction":[{"@type":"SearchAction","target":{"@type":"EntryPoint","urlTemplate":"https:\/\/www.qnde.ca\/?s={search_term_string}"},"query-input":{"@type":"PropertyValueSpecification","valueRequired":true,"valueName":"search_term_string"}}],"inLanguage":"fr-FR"},{"@type":"Organization","@id":"https:\/\/www.qnde.ca\/#organization","name":"Quality NDT Ltd.","url":"https:\/\/www.qnde.ca\/","logo":{"@type":"ImageObject","inLanguage":"fr-FR","@id":"https:\/\/www.qnde.ca\/#\/schema\/logo\/image\/","url":"https:\/\/www.qnde.ca\/wp-content\/uploads\/2022\/02\/QNDE_logo_RGB-gif.gif","contentUrl":"https:\/\/www.qnde.ca\/wp-content\/uploads\/2022\/02\/QNDE_logo_RGB-gif.gif","width":250,"height":64,"caption":"Quality NDT Ltd."},"image":{"@id":"https:\/\/www.qnde.ca\/#\/schema\/logo\/image\/"},"sameAs":["https:\/\/www.linkedin.com\/company\/qnde\/about\/?viewAsMember=true"]}]}},"jetpack_sharing_enabled":true,"_links":{"self":[{"href":"https:\/\/www.qnde.ca\/fr\/wp-json\/wp\/v2\/product\/3566","targetHints":{"allow":["GET"]}}],"collection":[{"href":"https:\/\/www.qnde.ca\/fr\/wp-json\/wp\/v2\/product"}],"about":[{"href":"https:\/\/www.qnde.ca\/fr\/wp-json\/wp\/v2\/types\/product"}],"wp:featuredmedia":[{"embeddable":true,"href":"https:\/\/www.qnde.ca\/fr\/wp-json\/wp\/v2\/media\/3568"}],"wp:attachment":[{"href":"https:\/\/www.qnde.ca\/fr\/wp-json\/wp\/v2\/media?parent=3566"}],"wp:term":[{"taxonomy":"product_brand","embeddable":true,"href":"https:\/\/www.qnde.ca\/fr\/wp-json\/wp\/v2\/product_brand?post=3566"},{"taxonomy":"product_cat","embeddable":true,"href":"https:\/\/www.qnde.ca\/fr\/wp-json\/wp\/v2\/product_cat?post=3566"},{"taxonomy":"product_tag","embeddable":true,"href":"https:\/\/www.qnde.ca\/fr\/wp-json\/wp\/v2\/product_tag?post=3566"}],"curies":[{"name":"wp","href":"https:\/\/api.w.org\/{rel}","templated":true}]}}