{"id":3561,"date":"2015-12-16T18:33:41","date_gmt":"2015-12-16T18:33:41","guid":{"rendered":"https:\/\/www.qnde.ca\/?post_type=product&#038;p=3561"},"modified":"2025-08-11T10:47:49","modified_gmt":"2025-08-11T14:47:49","slug":"systemes-multicanaux","status":"publish","type":"product","link":"https:\/\/www.qnde.ca\/fr\/produit\/systemes-multicanaux\/","title":{"rendered":"Syst\u00e8mes multicanaux"},"content":{"rendered":"<h3 id=\"ctl01_ctl00_cphMainContent_ProductTitle\">Syst\u00e8mes multicanaux<\/h3>\n<p>Syst\u00e8mes sp\u00e9cialis\u00e9s pour l&rsquo;\u00e9mission acoustique et\/ou les essais de vibration de grosses pi\u00e8ces ou structures telles que:<\/p>\n<ul>\n<li style=\"list-style-type: none;\">\n<ul>\n<li>Pipelines.<\/li>\n<li>Cuves sous pression.<\/li>\n<li>Cuves \u00e0 stockage d&rsquo;huile.<\/li>\n<li>Avion.<\/li>\n<li>Structures de b\u00e9ton ou autres.<\/li>\n<\/ul>\n<\/li>\n<li>N\u00e9cessaires pour couvrir les zones d&rsquo;int\u00e9r\u00eat enti\u00e8res de la structure test\u00e9e.<\/li>\n<li>N\u00e9c\u00e9ssaire pour obtenir une location AE pr\u00e9cise.<\/li>\n<li>N\u00e9c\u00e9ssaire pour obtenir une analyse statistique de l&rsquo;int\u00e9grit\u00e9 de la structure en heures ou jours.<\/li>\n<li>Syst\u00e8mes semblables utilis\u00e9s pour la t\u00e9l\u00e9surveillance de structures, usines de production et autres via Intranet.<\/li>\n<li>Internet ou logiciel de bord.<\/li>\n<\/ul>\n<h4>DiSP-System<\/h4>\n<ul>\n<li>Disponible en 16, 24 ou 56 cannaux. Syst\u00e8me AE compact con\u00e7u pour les utilisations sur le terreain et la recherche.<\/li>\n<\/ul>\n<h4>SAMOS-System<\/h4>\n<ul>\n<li>Disponible en 32, 48 et 80 cannaux. Syst\u00e8me AE con\u00e7u pour les utilisations n\u00e9cessitant co\u00fbt moindre, bande de basse fr\u00e9quence, format compact.<\/li>\n<\/ul>\n","protected":false},"excerpt":{"rendered":"<p>Syst\u00e8mes multicanaux Syst\u00e8mes sp\u00e9cialis\u00e9s pour l&rsquo;\u00e9mission acoustique et\/ou les essais de vibration de grosses pi\u00e8ces ou structures telles que: Pipelines. Cuves sous pression. Cuves \u00e0 stockage d&rsquo;huile. Avion. Structures de b\u00e9ton ou autres. N\u00e9cessaires pour couvrir les zones d&rsquo;int\u00e9r\u00eat enti\u00e8res de la structure test\u00e9e. N\u00e9c\u00e9ssaire pour obtenir une location AE pr\u00e9cise. N\u00e9c\u00e9ssaire pour obtenir une [&hellip;]<\/p>\n","protected":false},"featured_media":3563,"template":"","meta":{"_monsterinsights_skip_tracking":false,"_monsterinsights_sitenote_active":false,"_monsterinsights_sitenote_note":"","_monsterinsights_sitenote_category":0},"product_brand":[],"product_cat":[402,116],"product_tag":[],"class_list":{"0":"post-3561","1":"product","2":"type-product","3":"status-publish","4":"has-post-thumbnail","6":"product_cat-autres-marques","7":"product_cat-systemes-multicanaux","9":"first","10":"instock","11":"shipping-taxable","12":"purchasable","13":"product-type-variable"},"yoast_head":"<!-- This site is optimized with the Yoast SEO plugin v23.9 - https:\/\/yoast.com\/wordpress\/plugins\/seo\/ -->\n<title>Syst\u00e8mes multicanaux &#060; Qualit\u00e9 NDE<\/title>\n<meta name=\"description\" content=\"Syst\u00e8mes multicanaux AE\/vibration pour inspection de grandes structures : pipelines, cuves, avions, b\u00e9ton, avec t\u00e9l\u00e9surveillance et analyse pr\u00e9cise.\" \/>\n<meta name=\"robots\" content=\"index, follow, max-snippet:-1, max-image-preview:large, max-video-preview:-1\" \/>\n<link rel=\"canonical\" href=\"https:\/\/www.qnde.ca\/fr\/produit\/systemes-multicanaux\/\" \/>\n<meta name=\"twitter:label1\" content=\"Dur\u00e9e de lecture estim\u00e9e\" \/>\n\t<meta name=\"twitter:data1\" content=\"1 minute\" \/>\n<script type=\"application\/ld+json\" class=\"yoast-schema-graph\">{\"@context\":\"https:\/\/schema.org\",\"@graph\":[{\"@type\":[\"WebPage\",\"ItemPage\"],\"@id\":\"https:\/\/www.qnde.ca\/fr\/produit\/systemes-multicanaux\/\",\"url\":\"https:\/\/www.qnde.ca\/fr\/produit\/systemes-multicanaux\/\",\"name\":\"Syst\u00e8mes multicanaux &#060; Qualit\u00e9 NDE\",\"isPartOf\":{\"@id\":\"https:\/\/www.qnde.ca\/#website\"},\"primaryImageOfPage\":{\"@id\":\"https:\/\/www.qnde.ca\/fr\/produit\/systemes-multicanaux\/#primaryimage\"},\"image\":{\"@id\":\"https:\/\/www.qnde.ca\/fr\/produit\/systemes-multicanaux\/#primaryimage\"},\"thumbnailUrl\":\"https:\/\/www.qnde.ca\/wp-content\/uploads\/2015\/12\/Syst--mes-multicanaux.jpg\",\"datePublished\":\"2015-12-16T18:33:41+00:00\",\"dateModified\":\"2025-08-11T14:47:49+00:00\",\"description\":\"Syst\u00e8mes multicanaux AE\/vibration pour inspection de grandes structures : pipelines, cuves, avions, b\u00e9ton, avec t\u00e9l\u00e9surveillance et analyse pr\u00e9cise.\",\"breadcrumb\":{\"@id\":\"https:\/\/www.qnde.ca\/fr\/produit\/systemes-multicanaux\/#breadcrumb\"},\"inLanguage\":\"fr-FR\",\"potentialAction\":[{\"@type\":\"ReadAction\",\"target\":[\"https:\/\/www.qnde.ca\/fr\/produit\/systemes-multicanaux\/\"]}]},{\"@type\":\"ImageObject\",\"inLanguage\":\"fr-FR\",\"@id\":\"https:\/\/www.qnde.ca\/fr\/produit\/systemes-multicanaux\/#primaryimage\",\"url\":\"https:\/\/www.qnde.ca\/wp-content\/uploads\/2015\/12\/Syst--mes-multicanaux.jpg\",\"contentUrl\":\"https:\/\/www.qnde.ca\/wp-content\/uploads\/2015\/12\/Syst--mes-multicanaux.jpg\",\"width\":200,\"height\":200},{\"@type\":\"BreadcrumbList\",\"@id\":\"https:\/\/www.qnde.ca\/fr\/produit\/systemes-multicanaux\/#breadcrumb\",\"itemListElement\":[{\"@type\":\"ListItem\",\"position\":1,\"name\":\"Accueil\",\"item\":\"https:\/\/www.qnde.ca\/fr\/\"},{\"@type\":\"ListItem\",\"position\":2,\"name\":\"Produits\",\"item\":\"https:\/\/www.qnde.ca\/fr\/produits\/\"},{\"@type\":\"ListItem\",\"position\":3,\"name\":\"Marques\",\"item\":\"https:\/\/www.qnde.ca\/fr\/product-category\/marques\/\"},{\"@type\":\"ListItem\",\"position\":4,\"name\":\"Autres Marques\",\"item\":\"https:\/\/www.qnde.ca\/fr\/product-category\/marques\/autres-marques\/\"},{\"@type\":\"ListItem\",\"position\":5,\"name\":\"Syst\u00e8mes multicanaux\"}]},{\"@type\":\"WebSite\",\"@id\":\"https:\/\/www.qnde.ca\/#website\",\"url\":\"https:\/\/www.qnde.ca\/\",\"name\":\"Qualit\u00e9 NDE\",\"description\":\"\u00c9quipements d&#039;essais non destructifs \",\"publisher\":{\"@id\":\"https:\/\/www.qnde.ca\/#organization\"},\"potentialAction\":[{\"@type\":\"SearchAction\",\"target\":{\"@type\":\"EntryPoint\",\"urlTemplate\":\"https:\/\/www.qnde.ca\/?s={search_term_string}\"},\"query-input\":{\"@type\":\"PropertyValueSpecification\",\"valueRequired\":true,\"valueName\":\"search_term_string\"}}],\"inLanguage\":\"fr-FR\"},{\"@type\":\"Organization\",\"@id\":\"https:\/\/www.qnde.ca\/#organization\",\"name\":\"Quality NDT Ltd.\",\"url\":\"https:\/\/www.qnde.ca\/\",\"logo\":{\"@type\":\"ImageObject\",\"inLanguage\":\"fr-FR\",\"@id\":\"https:\/\/www.qnde.ca\/#\/schema\/logo\/image\/\",\"url\":\"https:\/\/www.qnde.ca\/wp-content\/uploads\/2022\/02\/QNDE_logo_RGB-gif.gif\",\"contentUrl\":\"https:\/\/www.qnde.ca\/wp-content\/uploads\/2022\/02\/QNDE_logo_RGB-gif.gif\",\"width\":250,\"height\":64,\"caption\":\"Quality NDT Ltd.\"},\"image\":{\"@id\":\"https:\/\/www.qnde.ca\/#\/schema\/logo\/image\/\"},\"sameAs\":[\"https:\/\/www.linkedin.com\/company\/qnde\/about\/?viewAsMember=true\"]}]}<\/script>\n<!-- \/ Yoast SEO plugin. -->","yoast_head_json":{"title":"Syst\u00e8mes multicanaux &#060; Qualit\u00e9 NDE","description":"Syst\u00e8mes multicanaux AE\/vibration pour inspection de grandes structures : pipelines, cuves, avions, b\u00e9ton, avec t\u00e9l\u00e9surveillance et analyse pr\u00e9cise.","robots":{"index":"index","follow":"follow","max-snippet":"max-snippet:-1","max-image-preview":"max-image-preview:large","max-video-preview":"max-video-preview:-1"},"canonical":"https:\/\/www.qnde.ca\/fr\/produit\/systemes-multicanaux\/","twitter_misc":{"Dur\u00e9e de lecture estim\u00e9e":"1 minute"},"schema":{"@context":"https:\/\/schema.org","@graph":[{"@type":["WebPage","ItemPage"],"@id":"https:\/\/www.qnde.ca\/fr\/produit\/systemes-multicanaux\/","url":"https:\/\/www.qnde.ca\/fr\/produit\/systemes-multicanaux\/","name":"Syst\u00e8mes multicanaux &#060; Qualit\u00e9 NDE","isPartOf":{"@id":"https:\/\/www.qnde.ca\/#website"},"primaryImageOfPage":{"@id":"https:\/\/www.qnde.ca\/fr\/produit\/systemes-multicanaux\/#primaryimage"},"image":{"@id":"https:\/\/www.qnde.ca\/fr\/produit\/systemes-multicanaux\/#primaryimage"},"thumbnailUrl":"https:\/\/www.qnde.ca\/wp-content\/uploads\/2015\/12\/Syst--mes-multicanaux.jpg","datePublished":"2015-12-16T18:33:41+00:00","dateModified":"2025-08-11T14:47:49+00:00","description":"Syst\u00e8mes multicanaux AE\/vibration pour inspection de grandes structures : pipelines, cuves, avions, b\u00e9ton, avec t\u00e9l\u00e9surveillance et analyse pr\u00e9cise.","breadcrumb":{"@id":"https:\/\/www.qnde.ca\/fr\/produit\/systemes-multicanaux\/#breadcrumb"},"inLanguage":"fr-FR","potentialAction":[{"@type":"ReadAction","target":["https:\/\/www.qnde.ca\/fr\/produit\/systemes-multicanaux\/"]}]},{"@type":"ImageObject","inLanguage":"fr-FR","@id":"https:\/\/www.qnde.ca\/fr\/produit\/systemes-multicanaux\/#primaryimage","url":"https:\/\/www.qnde.ca\/wp-content\/uploads\/2015\/12\/Syst--mes-multicanaux.jpg","contentUrl":"https:\/\/www.qnde.ca\/wp-content\/uploads\/2015\/12\/Syst--mes-multicanaux.jpg","width":200,"height":200},{"@type":"BreadcrumbList","@id":"https:\/\/www.qnde.ca\/fr\/produit\/systemes-multicanaux\/#breadcrumb","itemListElement":[{"@type":"ListItem","position":1,"name":"Accueil","item":"https:\/\/www.qnde.ca\/fr\/"},{"@type":"ListItem","position":2,"name":"Produits","item":"https:\/\/www.qnde.ca\/fr\/produits\/"},{"@type":"ListItem","position":3,"name":"Marques","item":"https:\/\/www.qnde.ca\/fr\/product-category\/marques\/"},{"@type":"ListItem","position":4,"name":"Autres Marques","item":"https:\/\/www.qnde.ca\/fr\/product-category\/marques\/autres-marques\/"},{"@type":"ListItem","position":5,"name":"Syst\u00e8mes multicanaux"}]},{"@type":"WebSite","@id":"https:\/\/www.qnde.ca\/#website","url":"https:\/\/www.qnde.ca\/","name":"Qualit\u00e9 NDE","description":"\u00c9quipements d&#039;essais non destructifs ","publisher":{"@id":"https:\/\/www.qnde.ca\/#organization"},"potentialAction":[{"@type":"SearchAction","target":{"@type":"EntryPoint","urlTemplate":"https:\/\/www.qnde.ca\/?s={search_term_string}"},"query-input":{"@type":"PropertyValueSpecification","valueRequired":true,"valueName":"search_term_string"}}],"inLanguage":"fr-FR"},{"@type":"Organization","@id":"https:\/\/www.qnde.ca\/#organization","name":"Quality NDT Ltd.","url":"https:\/\/www.qnde.ca\/","logo":{"@type":"ImageObject","inLanguage":"fr-FR","@id":"https:\/\/www.qnde.ca\/#\/schema\/logo\/image\/","url":"https:\/\/www.qnde.ca\/wp-content\/uploads\/2022\/02\/QNDE_logo_RGB-gif.gif","contentUrl":"https:\/\/www.qnde.ca\/wp-content\/uploads\/2022\/02\/QNDE_logo_RGB-gif.gif","width":250,"height":64,"caption":"Quality NDT Ltd."},"image":{"@id":"https:\/\/www.qnde.ca\/#\/schema\/logo\/image\/"},"sameAs":["https:\/\/www.linkedin.com\/company\/qnde\/about\/?viewAsMember=true"]}]}},"jetpack_sharing_enabled":true,"_links":{"self":[{"href":"https:\/\/www.qnde.ca\/fr\/wp-json\/wp\/v2\/product\/3561","targetHints":{"allow":["GET"]}}],"collection":[{"href":"https:\/\/www.qnde.ca\/fr\/wp-json\/wp\/v2\/product"}],"about":[{"href":"https:\/\/www.qnde.ca\/fr\/wp-json\/wp\/v2\/types\/product"}],"wp:featuredmedia":[{"embeddable":true,"href":"https:\/\/www.qnde.ca\/fr\/wp-json\/wp\/v2\/media\/3563"}],"wp:attachment":[{"href":"https:\/\/www.qnde.ca\/fr\/wp-json\/wp\/v2\/media?parent=3561"}],"wp:term":[{"taxonomy":"product_brand","embeddable":true,"href":"https:\/\/www.qnde.ca\/fr\/wp-json\/wp\/v2\/product_brand?post=3561"},{"taxonomy":"product_cat","embeddable":true,"href":"https:\/\/www.qnde.ca\/fr\/wp-json\/wp\/v2\/product_cat?post=3561"},{"taxonomy":"product_tag","embeddable":true,"href":"https:\/\/www.qnde.ca\/fr\/wp-json\/wp\/v2\/product_tag?post=3561"}],"curies":[{"name":"wp","href":"https:\/\/api.w.org\/{rel}","templated":true}]}}