{"id":3472,"date":"2015-12-01T16:21:52","date_gmt":"2015-12-01T16:21:52","guid":{"rendered":"https:\/\/www.qnde.ca\/?post_type=product&#038;p=3472"},"modified":"2025-08-12T13:40:42","modified_gmt":"2025-08-12T17:40:42","slug":"branson2800-fr","status":"publish","type":"product","link":"https:\/\/www.qnde.ca\/fr\/produit\/branson2800-fr\/","title":{"rendered":"Branson Serie 2800 Nettoyeur Ultrasonique"},"content":{"rendered":"<h3>Branson Serie 2800 Nettoyeur Ultrasonique<\/h3>\n<p>Branson offre des nettoyeurs haute puissance dans une grande vari\u00e9t\u00e9 de grandeur et d\u2019option (num\u00e9rique ou analogue, chauff\u00e9, contr\u00f4le de puissance et d\u00e9gazement, accessoires). Avec la fonction de balayage de fr\u00e9quences, vous obtenez le meilleur nettoyage possible \u00e0 chaque fois. Toutes les unit\u00e9s r\u00e9pondent aux normes FCC, CSA, CE &amp; UL et sont couverts d\u2019une garantie de 2 ans.<\/p>\n<p>Diff\u00e9rentes grandeurs disponible (1.9, 2.8, 5.7, 9.5 et 20.8 litres). Contactez-nous pour discuter de votre application, vos exigences, options disponibles et\/ou recevoir une soumission.<\/p>\n<ul>\n<li>M2800H: Branson M2800H, 120V, g\u00e9n\u00e9rateur d\u2019ondes industriel de 40kHz avec balayage de fr\u00e9quences, minuterie m\u00e9canique avec chauffage continu, r\u00e9servoir de 1.5gal (5.7L) mesurant 11.5\u201dL x 6\u201dl x 6\u201dP. Livr\u00e9 avec couvercle et manuel de l\u2019utilisateur. Le standard pour le nettoyage des panneaux TAM.<\/li>\n<li>M2800: Branson M2800, 120V, g\u00e9n\u00e9rateur d\u2019ondes industriel de 40kHz avec balayage de fr\u00e9quence, minuterie m\u00e9canique, r\u00e9servoir de 1.5gal (5.7L) mesurant 11.5\u201dL x 6\u201dl x 6\u201dP. Livr\u00e9 avec couvercle et manuel de l\u2019utilisateur.<\/li>\n<li>CPX2800: Branson CPX2800, 120V, g\u00e9n\u00e9rateur d\u2019ondes industriel de 40kHz avec balayage de fr\u00e9quences et d\u00e9gazement contr\u00f4l\u00e9s par une minuterie num\u00e9rique (0-99 minutes) avec chauffage continu, r\u00e9servoir de 1.5gal (5.7L) mesurant 11.5\u201dL x 6\u201dl x 6\u201dP. Livr\u00e9 avec couvercle et manuel de l\u2019utilisateur.<\/li>\n<\/ul>\n<h4><strong>Options:<\/strong><\/h4>\n<ul>\n<li>M2800-BSKT: Panier de broches pour Branson M2800.<\/li>\n<li>M2800-RACK: Support de broches pour Branson M2800.<\/li>\n<\/ul>\n","protected":false},"excerpt":{"rendered":"<p>Branson Serie 2800 Nettoyeur Ultrasonique Branson offre des nettoyeurs haute puissance dans une grande vari\u00e9t\u00e9 de grandeur et d\u2019option (num\u00e9rique ou analogue, chauff\u00e9, contr\u00f4le de puissance et d\u00e9gazement, accessoires). Avec la fonction de balayage de fr\u00e9quences, vous obtenez le meilleur nettoyage possible \u00e0 chaque fois. Toutes les unit\u00e9s r\u00e9pondent aux normes FCC, CSA, CE &amp; [&hellip;]<\/p>\n","protected":false},"featured_media":18966,"template":"","meta":{"_monsterinsights_skip_tracking":false,"_monsterinsights_sitenote_active":false,"_monsterinsights_sitenote_note":"","_monsterinsights_sitenote_category":0},"product_brand":[],"product_cat":[402,110],"product_tag":[],"class_list":{"0":"post-3472","1":"product","2":"type-product","3":"status-publish","4":"has-post-thumbnail","6":"product_cat-autres-marques","7":"product_cat-nettoyeurs-ultrasoniques","9":"first","10":"instock","11":"shipping-taxable","12":"purchasable","13":"product-type-variable"},"yoast_head":"<!-- This site is optimized with the Yoast SEO plugin v23.9 - https:\/\/yoast.com\/wordpress\/plugins\/seo\/ -->\n<title>Branson Serie 2800 Nettoyeur Ultrasonique &#060; Qualit\u00e9 NDE<\/title>\n<meta name=\"description\" content=\"Nettoyeur ultrasonique Branson S\u00e9rie 2800, haute puissance, options num\u00e9riques\/analogiques, chauffage, contr\u00f4le puissance, conforme normes FCC, CE, UL.\" \/>\n<meta name=\"robots\" content=\"index, follow, max-snippet:-1, max-image-preview:large, max-video-preview:-1\" \/>\n<link rel=\"canonical\" href=\"https:\/\/www.qnde.ca\/fr\/produit\/branson2800-fr\/\" \/>\n<meta name=\"twitter:label1\" content=\"Dur\u00e9e de lecture estim\u00e9e\" \/>\n\t<meta name=\"twitter:data1\" content=\"2 minutes\" \/>\n<script type=\"application\/ld+json\" class=\"yoast-schema-graph\">{\"@context\":\"https:\/\/schema.org\",\"@graph\":[{\"@type\":[\"WebPage\",\"ItemPage\"],\"@id\":\"https:\/\/www.qnde.ca\/fr\/produit\/branson2800-fr\/\",\"url\":\"https:\/\/www.qnde.ca\/fr\/produit\/branson2800-fr\/\",\"name\":\"Branson Serie 2800 Nettoyeur Ultrasonique &#060; Qualit\u00e9 NDE\",\"isPartOf\":{\"@id\":\"https:\/\/www.qnde.ca\/#website\"},\"primaryImageOfPage\":{\"@id\":\"https:\/\/www.qnde.ca\/fr\/produit\/branson2800-fr\/#primaryimage\"},\"image\":{\"@id\":\"https:\/\/www.qnde.ca\/fr\/produit\/branson2800-fr\/#primaryimage\"},\"thumbnailUrl\":\"https:\/\/www.qnde.ca\/wp-content\/uploads\/2021\/04\/VH32D-Ultrasonic-TAM-panel-cleaning-kit-with-digital-heater-timer-basket-and-cover-TAM-panel-inside-not-included.jpg\",\"datePublished\":\"2015-12-01T16:21:52+00:00\",\"dateModified\":\"2025-08-12T17:40:42+00:00\",\"description\":\"Nettoyeur ultrasonique Branson S\u00e9rie 2800, haute puissance, options num\u00e9riques\/analogiques, chauffage, contr\u00f4le puissance, conforme normes FCC, CE, UL.\",\"breadcrumb\":{\"@id\":\"https:\/\/www.qnde.ca\/fr\/produit\/branson2800-fr\/#breadcrumb\"},\"inLanguage\":\"fr-FR\",\"potentialAction\":[{\"@type\":\"ReadAction\",\"target\":[\"https:\/\/www.qnde.ca\/fr\/produit\/branson2800-fr\/\"]}]},{\"@type\":\"ImageObject\",\"inLanguage\":\"fr-FR\",\"@id\":\"https:\/\/www.qnde.ca\/fr\/produit\/branson2800-fr\/#primaryimage\",\"url\":\"https:\/\/www.qnde.ca\/wp-content\/uploads\/2021\/04\/VH32D-Ultrasonic-TAM-panel-cleaning-kit-with-digital-heater-timer-basket-and-cover-TAM-panel-inside-not-included.jpg\",\"contentUrl\":\"https:\/\/www.qnde.ca\/wp-content\/uploads\/2021\/04\/VH32D-Ultrasonic-TAM-panel-cleaning-kit-with-digital-heater-timer-basket-and-cover-TAM-panel-inside-not-included.jpg\",\"width\":1000,\"height\":1000,\"caption\":\"Branson M2800H, Ultrasonic Cleaner, standard for TAM panel cleaning\"},{\"@type\":\"BreadcrumbList\",\"@id\":\"https:\/\/www.qnde.ca\/fr\/produit\/branson2800-fr\/#breadcrumb\",\"itemListElement\":[{\"@type\":\"ListItem\",\"position\":1,\"name\":\"Accueil\",\"item\":\"https:\/\/www.qnde.ca\/fr\/\"},{\"@type\":\"ListItem\",\"position\":2,\"name\":\"Produits\",\"item\":\"https:\/\/www.qnde.ca\/fr\/produits\/\"},{\"@type\":\"ListItem\",\"position\":3,\"name\":\"Marques\",\"item\":\"https:\/\/www.qnde.ca\/fr\/product-category\/marques\/\"},{\"@type\":\"ListItem\",\"position\":4,\"name\":\"Autres Marques\",\"item\":\"https:\/\/www.qnde.ca\/fr\/product-category\/marques\/autres-marques\/\"},{\"@type\":\"ListItem\",\"position\":5,\"name\":\"Branson Serie 2800 Nettoyeur Ultrasonique\"}]},{\"@type\":\"WebSite\",\"@id\":\"https:\/\/www.qnde.ca\/#website\",\"url\":\"https:\/\/www.qnde.ca\/\",\"name\":\"Qualit\u00e9 NDE\",\"description\":\"\u00c9quipements d&#039;essais non destructifs \",\"publisher\":{\"@id\":\"https:\/\/www.qnde.ca\/#organization\"},\"potentialAction\":[{\"@type\":\"SearchAction\",\"target\":{\"@type\":\"EntryPoint\",\"urlTemplate\":\"https:\/\/www.qnde.ca\/?s={search_term_string}\"},\"query-input\":{\"@type\":\"PropertyValueSpecification\",\"valueRequired\":true,\"valueName\":\"search_term_string\"}}],\"inLanguage\":\"fr-FR\"},{\"@type\":\"Organization\",\"@id\":\"https:\/\/www.qnde.ca\/#organization\",\"name\":\"Quality NDT Ltd.\",\"url\":\"https:\/\/www.qnde.ca\/\",\"logo\":{\"@type\":\"ImageObject\",\"inLanguage\":\"fr-FR\",\"@id\":\"https:\/\/www.qnde.ca\/#\/schema\/logo\/image\/\",\"url\":\"https:\/\/www.qnde.ca\/wp-content\/uploads\/2022\/02\/QNDE_logo_RGB-gif.gif\",\"contentUrl\":\"https:\/\/www.qnde.ca\/wp-content\/uploads\/2022\/02\/QNDE_logo_RGB-gif.gif\",\"width\":250,\"height\":64,\"caption\":\"Quality NDT Ltd.\"},\"image\":{\"@id\":\"https:\/\/www.qnde.ca\/#\/schema\/logo\/image\/\"},\"sameAs\":[\"https:\/\/www.linkedin.com\/company\/qnde\/about\/?viewAsMember=true\"]}]}<\/script>\n<!-- \/ Yoast SEO plugin. -->","yoast_head_json":{"title":"Branson Serie 2800 Nettoyeur Ultrasonique &#060; Qualit\u00e9 NDE","description":"Nettoyeur ultrasonique Branson S\u00e9rie 2800, haute puissance, options num\u00e9riques\/analogiques, chauffage, contr\u00f4le puissance, conforme normes FCC, CE, UL.","robots":{"index":"index","follow":"follow","max-snippet":"max-snippet:-1","max-image-preview":"max-image-preview:large","max-video-preview":"max-video-preview:-1"},"canonical":"https:\/\/www.qnde.ca\/fr\/produit\/branson2800-fr\/","twitter_misc":{"Dur\u00e9e de lecture estim\u00e9e":"2 minutes"},"schema":{"@context":"https:\/\/schema.org","@graph":[{"@type":["WebPage","ItemPage"],"@id":"https:\/\/www.qnde.ca\/fr\/produit\/branson2800-fr\/","url":"https:\/\/www.qnde.ca\/fr\/produit\/branson2800-fr\/","name":"Branson Serie 2800 Nettoyeur Ultrasonique &#060; Qualit\u00e9 NDE","isPartOf":{"@id":"https:\/\/www.qnde.ca\/#website"},"primaryImageOfPage":{"@id":"https:\/\/www.qnde.ca\/fr\/produit\/branson2800-fr\/#primaryimage"},"image":{"@id":"https:\/\/www.qnde.ca\/fr\/produit\/branson2800-fr\/#primaryimage"},"thumbnailUrl":"https:\/\/www.qnde.ca\/wp-content\/uploads\/2021\/04\/VH32D-Ultrasonic-TAM-panel-cleaning-kit-with-digital-heater-timer-basket-and-cover-TAM-panel-inside-not-included.jpg","datePublished":"2015-12-01T16:21:52+00:00","dateModified":"2025-08-12T17:40:42+00:00","description":"Nettoyeur ultrasonique Branson S\u00e9rie 2800, haute puissance, options num\u00e9riques\/analogiques, chauffage, contr\u00f4le puissance, conforme normes FCC, CE, UL.","breadcrumb":{"@id":"https:\/\/www.qnde.ca\/fr\/produit\/branson2800-fr\/#breadcrumb"},"inLanguage":"fr-FR","potentialAction":[{"@type":"ReadAction","target":["https:\/\/www.qnde.ca\/fr\/produit\/branson2800-fr\/"]}]},{"@type":"ImageObject","inLanguage":"fr-FR","@id":"https:\/\/www.qnde.ca\/fr\/produit\/branson2800-fr\/#primaryimage","url":"https:\/\/www.qnde.ca\/wp-content\/uploads\/2021\/04\/VH32D-Ultrasonic-TAM-panel-cleaning-kit-with-digital-heater-timer-basket-and-cover-TAM-panel-inside-not-included.jpg","contentUrl":"https:\/\/www.qnde.ca\/wp-content\/uploads\/2021\/04\/VH32D-Ultrasonic-TAM-panel-cleaning-kit-with-digital-heater-timer-basket-and-cover-TAM-panel-inside-not-included.jpg","width":1000,"height":1000,"caption":"Branson M2800H, Ultrasonic Cleaner, standard for TAM panel cleaning"},{"@type":"BreadcrumbList","@id":"https:\/\/www.qnde.ca\/fr\/produit\/branson2800-fr\/#breadcrumb","itemListElement":[{"@type":"ListItem","position":1,"name":"Accueil","item":"https:\/\/www.qnde.ca\/fr\/"},{"@type":"ListItem","position":2,"name":"Produits","item":"https:\/\/www.qnde.ca\/fr\/produits\/"},{"@type":"ListItem","position":3,"name":"Marques","item":"https:\/\/www.qnde.ca\/fr\/product-category\/marques\/"},{"@type":"ListItem","position":4,"name":"Autres Marques","item":"https:\/\/www.qnde.ca\/fr\/product-category\/marques\/autres-marques\/"},{"@type":"ListItem","position":5,"name":"Branson Serie 2800 Nettoyeur Ultrasonique"}]},{"@type":"WebSite","@id":"https:\/\/www.qnde.ca\/#website","url":"https:\/\/www.qnde.ca\/","name":"Qualit\u00e9 NDE","description":"\u00c9quipements d&#039;essais non destructifs ","publisher":{"@id":"https:\/\/www.qnde.ca\/#organization"},"potentialAction":[{"@type":"SearchAction","target":{"@type":"EntryPoint","urlTemplate":"https:\/\/www.qnde.ca\/?s={search_term_string}"},"query-input":{"@type":"PropertyValueSpecification","valueRequired":true,"valueName":"search_term_string"}}],"inLanguage":"fr-FR"},{"@type":"Organization","@id":"https:\/\/www.qnde.ca\/#organization","name":"Quality NDT Ltd.","url":"https:\/\/www.qnde.ca\/","logo":{"@type":"ImageObject","inLanguage":"fr-FR","@id":"https:\/\/www.qnde.ca\/#\/schema\/logo\/image\/","url":"https:\/\/www.qnde.ca\/wp-content\/uploads\/2022\/02\/QNDE_logo_RGB-gif.gif","contentUrl":"https:\/\/www.qnde.ca\/wp-content\/uploads\/2022\/02\/QNDE_logo_RGB-gif.gif","width":250,"height":64,"caption":"Quality NDT Ltd."},"image":{"@id":"https:\/\/www.qnde.ca\/#\/schema\/logo\/image\/"},"sameAs":["https:\/\/www.linkedin.com\/company\/qnde\/about\/?viewAsMember=true"]}]}},"jetpack_sharing_enabled":true,"_links":{"self":[{"href":"https:\/\/www.qnde.ca\/fr\/wp-json\/wp\/v2\/product\/3472","targetHints":{"allow":["GET"]}}],"collection":[{"href":"https:\/\/www.qnde.ca\/fr\/wp-json\/wp\/v2\/product"}],"about":[{"href":"https:\/\/www.qnde.ca\/fr\/wp-json\/wp\/v2\/types\/product"}],"wp:featuredmedia":[{"embeddable":true,"href":"https:\/\/www.qnde.ca\/fr\/wp-json\/wp\/v2\/media\/18966"}],"wp:attachment":[{"href":"https:\/\/www.qnde.ca\/fr\/wp-json\/wp\/v2\/media?parent=3472"}],"wp:term":[{"taxonomy":"product_brand","embeddable":true,"href":"https:\/\/www.qnde.ca\/fr\/wp-json\/wp\/v2\/product_brand?post=3472"},{"taxonomy":"product_cat","embeddable":true,"href":"https:\/\/www.qnde.ca\/fr\/wp-json\/wp\/v2\/product_cat?post=3472"},{"taxonomy":"product_tag","embeddable":true,"href":"https:\/\/www.qnde.ca\/fr\/wp-json\/wp\/v2\/product_tag?post=3472"}],"curies":[{"name":"wp","href":"https:\/\/api.w.org\/{rel}","templated":true}]}}