{"id":3454,"date":"2015-12-01T15:52:01","date_gmt":"2015-12-01T15:52:01","guid":{"rendered":"https:\/\/www.qnde.ca\/?post_type=product&#038;p=3454"},"modified":"2025-08-12T14:02:11","modified_gmt":"2025-08-12T18:02:11","slug":"daraclean-283-fr","status":"publish","type":"product","link":"https:\/\/www.qnde.ca\/fr\/produit\/daraclean-283-fr\/","title":{"rendered":"Magnaflux Daraclean 283, Nettoyant Aqueux Alcalin"},"content":{"rendered":"<h3><strong>Magnaflux Daraclean 283, Nettoyant Aqueux Alcalin<\/strong><\/h3>\n<p>Nettoyant mod\u00e9r\u00e9ment alcalin avec peu de mousse, formule avec surfactants, \u00e9mulsifiants et inhibiteurs de corrosion (SANS phosphates). Hautement tol\u00e9rant \u00e0 l&rsquo;eau dure, il est con\u00e7u pour le lavage par vaporisation et ultrasons. Maintient les salet\u00e9s en suspension jusqu\u2019\u00e0 ce que les solides se d\u00e9posent et que l\u2019huile et la graisse fusionnent et flottent, parfait pour \u00eatre filtr\u00e9 et\/ou \u00e9cum\u00e9 pour prolonger la vie du nettoyant.<\/p>\n<p>Nettoyant de haute performance pour aluminium, laiton, bronze, acier au carbone, fonte, cuivre, nickel, m\u00e9taux plaqu\u00e9s, stainless, superalliage et titane. Fonctionne mieux sur les huiles hydrosoluble, liquides d\u2019usinage, liquides de refroidissements synth\u00e9tiques, huiles de viscosit\u00e9 moyenne et lourde, compos\u00e9s de polissage, huiles \u00e0 moteur, sols carbonis\u00e9s et salet\u00e9s.<\/p>\n<p>Conforme \u00e0 la majorit\u00e9 des sp\u00e9cifications a\u00e9rospatiales.<\/p>\n<ul>\n<li>MG283: Magnaflux Daraclean 283, Nettoyant aqueux alcalin puissant, 55gal (208L) baril.<\/li>\n<\/ul>\n","protected":false},"excerpt":{"rendered":"<p>Magnaflux Daraclean 283, Nettoyant Aqueux Alcalin Nettoyant mod\u00e9r\u00e9ment alcalin avec peu de mousse, formule avec surfactants, \u00e9mulsifiants et inhibiteurs de corrosion (SANS phosphates). Hautement tol\u00e9rant \u00e0 l&rsquo;eau dure, il est con\u00e7u pour le lavage par vaporisation et ultrasons. Maintient les salet\u00e9s en suspension jusqu\u2019\u00e0 ce que les solides se d\u00e9posent et que l\u2019huile et la [&hellip;]<\/p>\n","protected":false},"featured_media":18957,"template":"","meta":{"_monsterinsights_skip_tracking":false,"_monsterinsights_sitenote_active":false,"_monsterinsights_sitenote_note":"","_monsterinsights_sitenote_category":0},"product_brand":[],"product_cat":[369,113],"product_tag":[],"class_list":{"0":"post-3454","1":"product","2":"type-product","3":"status-publish","4":"has-post-thumbnail","6":"product_cat-magnaflux-fr","7":"product_cat-nettalcal-fr","8":"pa_quantite-baril-de-55-gallons","9":"pa_quantite-seau-de-5-gallons","11":"first","12":"instock","13":"shipping-taxable","14":"purchasable","15":"product-type-simple"},"yoast_head":"<!-- This site is optimized with the Yoast SEO plugin v23.9 - https:\/\/yoast.com\/wordpress\/plugins\/seo\/ -->\n<title>Magnaflux Daraclean 283, Nettoyant Aqueux Alcalin &#060; Qualit\u00e9 NDE<\/title>\n<meta name=\"description\" content=\"Nettoyant alcalin Daraclean 283, faible mousse, sans phosphates. Efficace sur m\u00e9taux, huiles, graisses et salet\u00e9s. Usage vaporisation et ultrasons.\" \/>\n<meta name=\"robots\" content=\"index, follow, max-snippet:-1, max-image-preview:large, max-video-preview:-1\" \/>\n<link rel=\"canonical\" href=\"https:\/\/www.qnde.ca\/fr\/produit\/daraclean-283-fr\/\" \/>\n<meta name=\"twitter:label1\" content=\"Dur\u00e9e de lecture estim\u00e9e\" \/>\n\t<meta name=\"twitter:data1\" content=\"1 minute\" \/>\n<script type=\"application\/ld+json\" class=\"yoast-schema-graph\">{\"@context\":\"https:\/\/schema.org\",\"@graph\":[{\"@type\":[\"WebPage\",\"ItemPage\"],\"@id\":\"https:\/\/www.qnde.ca\/fr\/produit\/daraclean-283-fr\/\",\"url\":\"https:\/\/www.qnde.ca\/fr\/produit\/daraclean-283-fr\/\",\"name\":\"Magnaflux Daraclean 283, Nettoyant Aqueux Alcalin &#060; Qualit\u00e9 NDE\",\"isPartOf\":{\"@id\":\"https:\/\/www.qnde.ca\/#website\"},\"primaryImageOfPage\":{\"@id\":\"https:\/\/www.qnde.ca\/fr\/produit\/daraclean-283-fr\/#primaryimage\"},\"image\":{\"@id\":\"https:\/\/www.qnde.ca\/fr\/produit\/daraclean-283-fr\/#primaryimage\"},\"thumbnailUrl\":\"https:\/\/www.qnde.ca\/wp-content\/uploads\/2021\/04\/Magnaflux-Daraclean-283-Alkaline-Aqueous-Cleaner-shown-in-5-and-55-gallons.jpg\",\"datePublished\":\"2015-12-01T15:52:01+00:00\",\"dateModified\":\"2025-08-12T18:02:11+00:00\",\"description\":\"Nettoyant alcalin Daraclean 283, faible mousse, sans phosphates. Efficace sur m\u00e9taux, huiles, graisses et salet\u00e9s. Usage vaporisation et ultrasons.\",\"breadcrumb\":{\"@id\":\"https:\/\/www.qnde.ca\/fr\/produit\/daraclean-283-fr\/#breadcrumb\"},\"inLanguage\":\"fr-FR\",\"potentialAction\":[{\"@type\":\"ReadAction\",\"target\":[\"https:\/\/www.qnde.ca\/fr\/produit\/daraclean-283-fr\/\"]}]},{\"@type\":\"ImageObject\",\"inLanguage\":\"fr-FR\",\"@id\":\"https:\/\/www.qnde.ca\/fr\/produit\/daraclean-283-fr\/#primaryimage\",\"url\":\"https:\/\/www.qnde.ca\/wp-content\/uploads\/2021\/04\/Magnaflux-Daraclean-283-Alkaline-Aqueous-Cleaner-shown-in-5-and-55-gallons.jpg\",\"contentUrl\":\"https:\/\/www.qnde.ca\/wp-content\/uploads\/2021\/04\/Magnaflux-Daraclean-283-Alkaline-Aqueous-Cleaner-shown-in-5-and-55-gallons.jpg\",\"width\":2000,\"height\":2000,\"caption\":\"Magnaflux Daraclean 283 Alkaline Aqueous Cleaner shown in 5 and 55 gallons\"},{\"@type\":\"BreadcrumbList\",\"@id\":\"https:\/\/www.qnde.ca\/fr\/produit\/daraclean-283-fr\/#breadcrumb\",\"itemListElement\":[{\"@type\":\"ListItem\",\"position\":1,\"name\":\"Accueil\",\"item\":\"https:\/\/www.qnde.ca\/fr\/\"},{\"@type\":\"ListItem\",\"position\":2,\"name\":\"Produits\",\"item\":\"https:\/\/www.qnde.ca\/fr\/produits\/\"},{\"@type\":\"ListItem\",\"position\":3,\"name\":\"Produits Nettoyage\",\"item\":\"https:\/\/www.qnde.ca\/fr\/product-category\/produits-nettoyage\/\"},{\"@type\":\"ListItem\",\"position\":4,\"name\":\"Nettoyeurs Alcalins\",\"item\":\"https:\/\/www.qnde.ca\/fr\/product-category\/produits-nettoyage\/nettalcal-fr\/\"},{\"@type\":\"ListItem\",\"position\":5,\"name\":\"Magnaflux Daraclean 283, Nettoyant Aqueux Alcalin\"}]},{\"@type\":\"WebSite\",\"@id\":\"https:\/\/www.qnde.ca\/#website\",\"url\":\"https:\/\/www.qnde.ca\/\",\"name\":\"Qualit\u00e9 NDE\",\"description\":\"\u00c9quipements d&#039;essais non destructifs \",\"publisher\":{\"@id\":\"https:\/\/www.qnde.ca\/#organization\"},\"potentialAction\":[{\"@type\":\"SearchAction\",\"target\":{\"@type\":\"EntryPoint\",\"urlTemplate\":\"https:\/\/www.qnde.ca\/?s={search_term_string}\"},\"query-input\":{\"@type\":\"PropertyValueSpecification\",\"valueRequired\":true,\"valueName\":\"search_term_string\"}}],\"inLanguage\":\"fr-FR\"},{\"@type\":\"Organization\",\"@id\":\"https:\/\/www.qnde.ca\/#organization\",\"name\":\"Quality NDT Ltd.\",\"url\":\"https:\/\/www.qnde.ca\/\",\"logo\":{\"@type\":\"ImageObject\",\"inLanguage\":\"fr-FR\",\"@id\":\"https:\/\/www.qnde.ca\/#\/schema\/logo\/image\/\",\"url\":\"https:\/\/www.qnde.ca\/wp-content\/uploads\/2022\/02\/QNDE_logo_RGB-gif.gif\",\"contentUrl\":\"https:\/\/www.qnde.ca\/wp-content\/uploads\/2022\/02\/QNDE_logo_RGB-gif.gif\",\"width\":250,\"height\":64,\"caption\":\"Quality NDT Ltd.\"},\"image\":{\"@id\":\"https:\/\/www.qnde.ca\/#\/schema\/logo\/image\/\"},\"sameAs\":[\"https:\/\/www.linkedin.com\/company\/qnde\/about\/?viewAsMember=true\"]}]}<\/script>\n<!-- \/ Yoast SEO plugin. -->","yoast_head_json":{"title":"Magnaflux Daraclean 283, Nettoyant Aqueux Alcalin &#060; Qualit\u00e9 NDE","description":"Nettoyant alcalin Daraclean 283, faible mousse, sans phosphates. Efficace sur m\u00e9taux, huiles, graisses et salet\u00e9s. Usage vaporisation et ultrasons.","robots":{"index":"index","follow":"follow","max-snippet":"max-snippet:-1","max-image-preview":"max-image-preview:large","max-video-preview":"max-video-preview:-1"},"canonical":"https:\/\/www.qnde.ca\/fr\/produit\/daraclean-283-fr\/","twitter_misc":{"Dur\u00e9e de lecture estim\u00e9e":"1 minute"},"schema":{"@context":"https:\/\/schema.org","@graph":[{"@type":["WebPage","ItemPage"],"@id":"https:\/\/www.qnde.ca\/fr\/produit\/daraclean-283-fr\/","url":"https:\/\/www.qnde.ca\/fr\/produit\/daraclean-283-fr\/","name":"Magnaflux Daraclean 283, Nettoyant Aqueux Alcalin &#060; Qualit\u00e9 NDE","isPartOf":{"@id":"https:\/\/www.qnde.ca\/#website"},"primaryImageOfPage":{"@id":"https:\/\/www.qnde.ca\/fr\/produit\/daraclean-283-fr\/#primaryimage"},"image":{"@id":"https:\/\/www.qnde.ca\/fr\/produit\/daraclean-283-fr\/#primaryimage"},"thumbnailUrl":"https:\/\/www.qnde.ca\/wp-content\/uploads\/2021\/04\/Magnaflux-Daraclean-283-Alkaline-Aqueous-Cleaner-shown-in-5-and-55-gallons.jpg","datePublished":"2015-12-01T15:52:01+00:00","dateModified":"2025-08-12T18:02:11+00:00","description":"Nettoyant alcalin Daraclean 283, faible mousse, sans phosphates. Efficace sur m\u00e9taux, huiles, graisses et salet\u00e9s. Usage vaporisation et ultrasons.","breadcrumb":{"@id":"https:\/\/www.qnde.ca\/fr\/produit\/daraclean-283-fr\/#breadcrumb"},"inLanguage":"fr-FR","potentialAction":[{"@type":"ReadAction","target":["https:\/\/www.qnde.ca\/fr\/produit\/daraclean-283-fr\/"]}]},{"@type":"ImageObject","inLanguage":"fr-FR","@id":"https:\/\/www.qnde.ca\/fr\/produit\/daraclean-283-fr\/#primaryimage","url":"https:\/\/www.qnde.ca\/wp-content\/uploads\/2021\/04\/Magnaflux-Daraclean-283-Alkaline-Aqueous-Cleaner-shown-in-5-and-55-gallons.jpg","contentUrl":"https:\/\/www.qnde.ca\/wp-content\/uploads\/2021\/04\/Magnaflux-Daraclean-283-Alkaline-Aqueous-Cleaner-shown-in-5-and-55-gallons.jpg","width":2000,"height":2000,"caption":"Magnaflux Daraclean 283 Alkaline Aqueous Cleaner shown in 5 and 55 gallons"},{"@type":"BreadcrumbList","@id":"https:\/\/www.qnde.ca\/fr\/produit\/daraclean-283-fr\/#breadcrumb","itemListElement":[{"@type":"ListItem","position":1,"name":"Accueil","item":"https:\/\/www.qnde.ca\/fr\/"},{"@type":"ListItem","position":2,"name":"Produits","item":"https:\/\/www.qnde.ca\/fr\/produits\/"},{"@type":"ListItem","position":3,"name":"Produits Nettoyage","item":"https:\/\/www.qnde.ca\/fr\/product-category\/produits-nettoyage\/"},{"@type":"ListItem","position":4,"name":"Nettoyeurs Alcalins","item":"https:\/\/www.qnde.ca\/fr\/product-category\/produits-nettoyage\/nettalcal-fr\/"},{"@type":"ListItem","position":5,"name":"Magnaflux Daraclean 283, Nettoyant Aqueux Alcalin"}]},{"@type":"WebSite","@id":"https:\/\/www.qnde.ca\/#website","url":"https:\/\/www.qnde.ca\/","name":"Qualit\u00e9 NDE","description":"\u00c9quipements d&#039;essais non destructifs ","publisher":{"@id":"https:\/\/www.qnde.ca\/#organization"},"potentialAction":[{"@type":"SearchAction","target":{"@type":"EntryPoint","urlTemplate":"https:\/\/www.qnde.ca\/?s={search_term_string}"},"query-input":{"@type":"PropertyValueSpecification","valueRequired":true,"valueName":"search_term_string"}}],"inLanguage":"fr-FR"},{"@type":"Organization","@id":"https:\/\/www.qnde.ca\/#organization","name":"Quality NDT Ltd.","url":"https:\/\/www.qnde.ca\/","logo":{"@type":"ImageObject","inLanguage":"fr-FR","@id":"https:\/\/www.qnde.ca\/#\/schema\/logo\/image\/","url":"https:\/\/www.qnde.ca\/wp-content\/uploads\/2022\/02\/QNDE_logo_RGB-gif.gif","contentUrl":"https:\/\/www.qnde.ca\/wp-content\/uploads\/2022\/02\/QNDE_logo_RGB-gif.gif","width":250,"height":64,"caption":"Quality NDT Ltd."},"image":{"@id":"https:\/\/www.qnde.ca\/#\/schema\/logo\/image\/"},"sameAs":["https:\/\/www.linkedin.com\/company\/qnde\/about\/?viewAsMember=true"]}]}},"jetpack_sharing_enabled":true,"_links":{"self":[{"href":"https:\/\/www.qnde.ca\/fr\/wp-json\/wp\/v2\/product\/3454","targetHints":{"allow":["GET"]}}],"collection":[{"href":"https:\/\/www.qnde.ca\/fr\/wp-json\/wp\/v2\/product"}],"about":[{"href":"https:\/\/www.qnde.ca\/fr\/wp-json\/wp\/v2\/types\/product"}],"wp:featuredmedia":[{"embeddable":true,"href":"https:\/\/www.qnde.ca\/fr\/wp-json\/wp\/v2\/media\/18957"}],"wp:attachment":[{"href":"https:\/\/www.qnde.ca\/fr\/wp-json\/wp\/v2\/media?parent=3454"}],"wp:term":[{"taxonomy":"product_brand","embeddable":true,"href":"https:\/\/www.qnde.ca\/fr\/wp-json\/wp\/v2\/product_brand?post=3454"},{"taxonomy":"product_cat","embeddable":true,"href":"https:\/\/www.qnde.ca\/fr\/wp-json\/wp\/v2\/product_cat?post=3454"},{"taxonomy":"product_tag","embeddable":true,"href":"https:\/\/www.qnde.ca\/fr\/wp-json\/wp\/v2\/product_tag?post=3454"}],"curies":[{"name":"wp","href":"https:\/\/api.w.org\/{rel}","templated":true}]}}