{"id":32843,"date":"2023-12-08T14:23:09","date_gmt":"2023-12-08T19:22:37","guid":{"rendered":"https:\/\/www.qnde.ca\/?post_type=product&#038;p=32843"},"modified":"2025-08-19T14:49:48","modified_gmt":"2025-08-19T18:49:48","slug":"hikmicro-camera-dimagerie-acoustique","status":"publish","type":"product","link":"https:\/\/www.qnde.ca\/fr\/produit\/hikmicro-camera-dimagerie-acoustique\/","title":{"rendered":"HikMicro Cam\u00e9ra d&rsquo;Imagerie Acoustique"},"content":{"rendered":"<h3>HikMicro Cam\u00e9ra d&rsquo;Imagerie Acoustique<\/h3>\n<p>La cam\u00e9ra d&rsquo;imagerie acoustique HikMicro avec d\u00e9tection automatique des fuites et classification des d\u00e9charges partielles permet de d\u00e9tecter les probl\u00e8mes m\u00eame dans des environnements industriels bruyants.<\/p>\n<p>Avec 64 microphones MEMS et une plage de bande passante de 2 kHz \u00e0 65 kHz, les algorithmes avanc\u00e9s de l&rsquo;AI56 peuvent d\u00e9tecter des fuites aussi petites que 0,0003 CFM (0,008 L\/m) et afficher le taux de fuite, le co\u00fbt estim\u00e9 et la gravit\u00e9 graphique de la fuite.<\/p>\n<p>En mode d\u00e9charge partielle, l&rsquo;AI56 identifie les d\u00e9charges corona, PD flottantes, de surface et de particules sur les syst\u00e8mes haute tension qui peuvent entra\u00eener une panne d&rsquo;\u00e9quipement.<\/p>\n<p>Le logiciel ANALYZER Acoustic pour PC est inclus dans tous les kits. Il quantifie les probl\u00e8mes, analyse les images sur le terrain, met en \u00e9vidence les probl\u00e8mes et cr\u00e9e des rapports pour les r\u00e9parations, les audits sur le terrain ou les programmes de remise \u00e9nerg\u00e9tique.<\/p>\n<p>Le kit standard comprend :<\/p>\n<ul>\n<li>une cam\u00e9ra d&rsquo;imagerie acoustique.<\/li>\n<li>une dragonne.<\/li>\n<li>batteries Li-ion rechargeables (3x).<\/li>\n<li>un chargeur avec alimentation avec fiches \u00e0 usage international.<\/li>\n<li>des c\u00e2bles USB et HDMI.<\/li>\n<li>une carte Micro SD de 64 Go.<\/li>\n<li>un guide de d\u00e9marrage rapide.<\/li>\n<li>un certificat d&rsquo;\u00e9talonnage.<\/li>\n<li>un \u00e9tui de transport rigide.<\/li>\n<\/ul>\n<p>\u00c9galement inclus le logiciel PC ANALYZER post-analyse pour une visualisation intuitive, une analyse avanc\u00e9e et un traitement des donn\u00e9es thermiques.<\/p>\n<p>Options :<\/p>\n<ul>\n<li>AI56\u00a0: 0-96 kHz avec distance de d\u00e9tection de 0,3 m\u00e8tres \u00e0 150 m\u00e8tres, r\u00e9solution IR 480 x 360 et 960 x 720 en r\u00e9solution Super IR pour un NETD meilleur que 30 mK. Garantie 3 ans.<\/li>\n<\/ul>\n<p>Contactez-nous pour plus d&rsquo;informations et\/ou pour recevoir une soumission.<\/p>\n","protected":false},"excerpt":{"rendered":"<p>HikMicro Cam\u00e9ra d&rsquo;Imagerie Acoustique La cam\u00e9ra d&rsquo;imagerie acoustique HikMicro avec d\u00e9tection automatique des fuites et classification des d\u00e9charges partielles permet de d\u00e9tecter les probl\u00e8mes m\u00eame dans des environnements industriels bruyants. Avec 64 microphones MEMS et une plage de bande passante de 2 kHz \u00e0 65 kHz, les algorithmes avanc\u00e9s de l&rsquo;AI56 peuvent d\u00e9tecter des fuites [&hellip;]<\/p>\n","protected":false},"featured_media":32842,"template":"","meta":{"_monsterinsights_skip_tracking":false,"_monsterinsights_sitenote_active":false,"_monsterinsights_sitenote_note":"","_monsterinsights_sitenote_category":0},"product_brand":[],"product_cat":[402,418],"product_tag":[],"class_list":{"0":"post-32843","1":"product","2":"type-product","3":"status-publish","4":"has-post-thumbnail","6":"product_cat-autres-marques","7":"product_cat-infrarouge","9":"first","10":"instock","11":"shipping-taxable","12":"purchasable","13":"product-type-simple"},"yoast_head":"<!-- This site is optimized with the Yoast SEO plugin v23.9 - https:\/\/yoast.com\/wordpress\/plugins\/seo\/ -->\n<title>HikMicro Cam\u00e9ra d&#039;Imagerie Acoustique &#060; Qualit\u00e9 NDE<\/title>\n<meta name=\"description\" content=\"Cam\u00e9ra acoustique HikMicro AI56 : d\u00e9tection de fuites ultrasonores et d\u00e9charges partielles, m\u00eame en environnement bruyant. Analyse et rapports inclus.\" \/>\n<meta name=\"robots\" content=\"index, follow, max-snippet:-1, max-image-preview:large, max-video-preview:-1\" \/>\n<link rel=\"canonical\" href=\"https:\/\/www.qnde.ca\/fr\/produit\/hikmicro-camera-dimagerie-acoustique\/\" \/>\n<meta name=\"twitter:label1\" content=\"Dur\u00e9e de lecture estim\u00e9e\" \/>\n\t<meta name=\"twitter:data1\" content=\"2 minutes\" \/>\n<script type=\"application\/ld+json\" class=\"yoast-schema-graph\">{\"@context\":\"https:\/\/schema.org\",\"@graph\":[{\"@type\":[\"WebPage\",\"ItemPage\"],\"@id\":\"https:\/\/www.qnde.ca\/fr\/produit\/hikmicro-camera-dimagerie-acoustique\/\",\"url\":\"https:\/\/www.qnde.ca\/fr\/produit\/hikmicro-camera-dimagerie-acoustique\/\",\"name\":\"HikMicro Cam\u00e9ra d'Imagerie Acoustique &#060; Qualit\u00e9 NDE\",\"isPartOf\":{\"@id\":\"https:\/\/www.qnde.ca\/#website\"},\"primaryImageOfPage\":{\"@id\":\"https:\/\/www.qnde.ca\/fr\/produit\/hikmicro-camera-dimagerie-acoustique\/#primaryimage\"},\"image\":{\"@id\":\"https:\/\/www.qnde.ca\/fr\/produit\/hikmicro-camera-dimagerie-acoustique\/#primaryimage\"},\"thumbnailUrl\":\"https:\/\/www.qnde.ca\/wp-content\/uploads\/2023\/12\/HIKMICRO-AI56-Acoustic-Imaging-Camera.png\",\"datePublished\":\"2023-12-08T19:22:37+00:00\",\"dateModified\":\"2025-08-19T18:49:48+00:00\",\"description\":\"Cam\u00e9ra acoustique HikMicro AI56 : d\u00e9tection de fuites ultrasonores et d\u00e9charges partielles, m\u00eame en environnement bruyant. Analyse et rapports inclus.\",\"breadcrumb\":{\"@id\":\"https:\/\/www.qnde.ca\/fr\/produit\/hikmicro-camera-dimagerie-acoustique\/#breadcrumb\"},\"inLanguage\":\"fr-FR\",\"potentialAction\":[{\"@type\":\"ReadAction\",\"target\":[\"https:\/\/www.qnde.ca\/fr\/produit\/hikmicro-camera-dimagerie-acoustique\/\"]}]},{\"@type\":\"ImageObject\",\"inLanguage\":\"fr-FR\",\"@id\":\"https:\/\/www.qnde.ca\/fr\/produit\/hikmicro-camera-dimagerie-acoustique\/#primaryimage\",\"url\":\"https:\/\/www.qnde.ca\/wp-content\/uploads\/2023\/12\/HIKMICRO-AI56-Acoustic-Imaging-Camera.png\",\"contentUrl\":\"https:\/\/www.qnde.ca\/wp-content\/uploads\/2023\/12\/HIKMICRO-AI56-Acoustic-Imaging-Camera.png\",\"width\":312,\"height\":391},{\"@type\":\"BreadcrumbList\",\"@id\":\"https:\/\/www.qnde.ca\/fr\/produit\/hikmicro-camera-dimagerie-acoustique\/#breadcrumb\",\"itemListElement\":[{\"@type\":\"ListItem\",\"position\":1,\"name\":\"Accueil\",\"item\":\"https:\/\/www.qnde.ca\/fr\/\"},{\"@type\":\"ListItem\",\"position\":2,\"name\":\"Produits\",\"item\":\"https:\/\/www.qnde.ca\/fr\/produits\/\"},{\"@type\":\"ListItem\",\"position\":3,\"name\":\"Marques\",\"item\":\"https:\/\/www.qnde.ca\/fr\/product-category\/marques\/\"},{\"@type\":\"ListItem\",\"position\":4,\"name\":\"Autres Marques\",\"item\":\"https:\/\/www.qnde.ca\/fr\/product-category\/marques\/autres-marques\/\"},{\"@type\":\"ListItem\",\"position\":5,\"name\":\"HikMicro Cam\u00e9ra d&#8217;Imagerie Acoustique\"}]},{\"@type\":\"WebSite\",\"@id\":\"https:\/\/www.qnde.ca\/#website\",\"url\":\"https:\/\/www.qnde.ca\/\",\"name\":\"Qualit\u00e9 NDE\",\"description\":\"\u00c9quipements d&#039;essais non destructifs \",\"publisher\":{\"@id\":\"https:\/\/www.qnde.ca\/#organization\"},\"potentialAction\":[{\"@type\":\"SearchAction\",\"target\":{\"@type\":\"EntryPoint\",\"urlTemplate\":\"https:\/\/www.qnde.ca\/?s={search_term_string}\"},\"query-input\":{\"@type\":\"PropertyValueSpecification\",\"valueRequired\":true,\"valueName\":\"search_term_string\"}}],\"inLanguage\":\"fr-FR\"},{\"@type\":\"Organization\",\"@id\":\"https:\/\/www.qnde.ca\/#organization\",\"name\":\"Quality NDT Ltd.\",\"url\":\"https:\/\/www.qnde.ca\/\",\"logo\":{\"@type\":\"ImageObject\",\"inLanguage\":\"fr-FR\",\"@id\":\"https:\/\/www.qnde.ca\/#\/schema\/logo\/image\/\",\"url\":\"https:\/\/www.qnde.ca\/wp-content\/uploads\/2022\/02\/QNDE_logo_RGB-gif.gif\",\"contentUrl\":\"https:\/\/www.qnde.ca\/wp-content\/uploads\/2022\/02\/QNDE_logo_RGB-gif.gif\",\"width\":250,\"height\":64,\"caption\":\"Quality NDT Ltd.\"},\"image\":{\"@id\":\"https:\/\/www.qnde.ca\/#\/schema\/logo\/image\/\"},\"sameAs\":[\"https:\/\/www.linkedin.com\/company\/qnde\/about\/?viewAsMember=true\"]}]}<\/script>\n<!-- \/ Yoast SEO plugin. -->","yoast_head_json":{"title":"HikMicro Cam\u00e9ra d'Imagerie Acoustique &#060; Qualit\u00e9 NDE","description":"Cam\u00e9ra acoustique HikMicro AI56 : d\u00e9tection de fuites ultrasonores et d\u00e9charges partielles, m\u00eame en environnement bruyant. Analyse et rapports inclus.","robots":{"index":"index","follow":"follow","max-snippet":"max-snippet:-1","max-image-preview":"max-image-preview:large","max-video-preview":"max-video-preview:-1"},"canonical":"https:\/\/www.qnde.ca\/fr\/produit\/hikmicro-camera-dimagerie-acoustique\/","twitter_misc":{"Dur\u00e9e de lecture estim\u00e9e":"2 minutes"},"schema":{"@context":"https:\/\/schema.org","@graph":[{"@type":["WebPage","ItemPage"],"@id":"https:\/\/www.qnde.ca\/fr\/produit\/hikmicro-camera-dimagerie-acoustique\/","url":"https:\/\/www.qnde.ca\/fr\/produit\/hikmicro-camera-dimagerie-acoustique\/","name":"HikMicro Cam\u00e9ra d'Imagerie Acoustique &#060; Qualit\u00e9 NDE","isPartOf":{"@id":"https:\/\/www.qnde.ca\/#website"},"primaryImageOfPage":{"@id":"https:\/\/www.qnde.ca\/fr\/produit\/hikmicro-camera-dimagerie-acoustique\/#primaryimage"},"image":{"@id":"https:\/\/www.qnde.ca\/fr\/produit\/hikmicro-camera-dimagerie-acoustique\/#primaryimage"},"thumbnailUrl":"https:\/\/www.qnde.ca\/wp-content\/uploads\/2023\/12\/HIKMICRO-AI56-Acoustic-Imaging-Camera.png","datePublished":"2023-12-08T19:22:37+00:00","dateModified":"2025-08-19T18:49:48+00:00","description":"Cam\u00e9ra acoustique HikMicro AI56 : d\u00e9tection de fuites ultrasonores et d\u00e9charges partielles, m\u00eame en environnement bruyant. Analyse et rapports inclus.","breadcrumb":{"@id":"https:\/\/www.qnde.ca\/fr\/produit\/hikmicro-camera-dimagerie-acoustique\/#breadcrumb"},"inLanguage":"fr-FR","potentialAction":[{"@type":"ReadAction","target":["https:\/\/www.qnde.ca\/fr\/produit\/hikmicro-camera-dimagerie-acoustique\/"]}]},{"@type":"ImageObject","inLanguage":"fr-FR","@id":"https:\/\/www.qnde.ca\/fr\/produit\/hikmicro-camera-dimagerie-acoustique\/#primaryimage","url":"https:\/\/www.qnde.ca\/wp-content\/uploads\/2023\/12\/HIKMICRO-AI56-Acoustic-Imaging-Camera.png","contentUrl":"https:\/\/www.qnde.ca\/wp-content\/uploads\/2023\/12\/HIKMICRO-AI56-Acoustic-Imaging-Camera.png","width":312,"height":391},{"@type":"BreadcrumbList","@id":"https:\/\/www.qnde.ca\/fr\/produit\/hikmicro-camera-dimagerie-acoustique\/#breadcrumb","itemListElement":[{"@type":"ListItem","position":1,"name":"Accueil","item":"https:\/\/www.qnde.ca\/fr\/"},{"@type":"ListItem","position":2,"name":"Produits","item":"https:\/\/www.qnde.ca\/fr\/produits\/"},{"@type":"ListItem","position":3,"name":"Marques","item":"https:\/\/www.qnde.ca\/fr\/product-category\/marques\/"},{"@type":"ListItem","position":4,"name":"Autres Marques","item":"https:\/\/www.qnde.ca\/fr\/product-category\/marques\/autres-marques\/"},{"@type":"ListItem","position":5,"name":"HikMicro Cam\u00e9ra d&#8217;Imagerie Acoustique"}]},{"@type":"WebSite","@id":"https:\/\/www.qnde.ca\/#website","url":"https:\/\/www.qnde.ca\/","name":"Qualit\u00e9 NDE","description":"\u00c9quipements d&#039;essais non destructifs ","publisher":{"@id":"https:\/\/www.qnde.ca\/#organization"},"potentialAction":[{"@type":"SearchAction","target":{"@type":"EntryPoint","urlTemplate":"https:\/\/www.qnde.ca\/?s={search_term_string}"},"query-input":{"@type":"PropertyValueSpecification","valueRequired":true,"valueName":"search_term_string"}}],"inLanguage":"fr-FR"},{"@type":"Organization","@id":"https:\/\/www.qnde.ca\/#organization","name":"Quality NDT Ltd.","url":"https:\/\/www.qnde.ca\/","logo":{"@type":"ImageObject","inLanguage":"fr-FR","@id":"https:\/\/www.qnde.ca\/#\/schema\/logo\/image\/","url":"https:\/\/www.qnde.ca\/wp-content\/uploads\/2022\/02\/QNDE_logo_RGB-gif.gif","contentUrl":"https:\/\/www.qnde.ca\/wp-content\/uploads\/2022\/02\/QNDE_logo_RGB-gif.gif","width":250,"height":64,"caption":"Quality NDT Ltd."},"image":{"@id":"https:\/\/www.qnde.ca\/#\/schema\/logo\/image\/"},"sameAs":["https:\/\/www.linkedin.com\/company\/qnde\/about\/?viewAsMember=true"]}]}},"jetpack_sharing_enabled":true,"_links":{"self":[{"href":"https:\/\/www.qnde.ca\/fr\/wp-json\/wp\/v2\/product\/32843","targetHints":{"allow":["GET"]}}],"collection":[{"href":"https:\/\/www.qnde.ca\/fr\/wp-json\/wp\/v2\/product"}],"about":[{"href":"https:\/\/www.qnde.ca\/fr\/wp-json\/wp\/v2\/types\/product"}],"wp:featuredmedia":[{"embeddable":true,"href":"https:\/\/www.qnde.ca\/fr\/wp-json\/wp\/v2\/media\/32842"}],"wp:attachment":[{"href":"https:\/\/www.qnde.ca\/fr\/wp-json\/wp\/v2\/media?parent=32843"}],"wp:term":[{"taxonomy":"product_brand","embeddable":true,"href":"https:\/\/www.qnde.ca\/fr\/wp-json\/wp\/v2\/product_brand?post=32843"},{"taxonomy":"product_cat","embeddable":true,"href":"https:\/\/www.qnde.ca\/fr\/wp-json\/wp\/v2\/product_cat?post=32843"},{"taxonomy":"product_tag","embeddable":true,"href":"https:\/\/www.qnde.ca\/fr\/wp-json\/wp\/v2\/product_tag?post=32843"}],"curies":[{"name":"wp","href":"https:\/\/api.w.org\/{rel}","templated":true}]}}