{"id":32815,"date":"2023-12-08T14:24:41","date_gmt":"2023-12-08T19:24:41","guid":{"rendered":"https:\/\/www.qnde.ca\/?post_type=product&#038;p=32815"},"modified":"2025-11-05T09:43:24","modified_gmt":"2025-11-05T14:43:24","slug":"hikmicro-logiciels-pour-cameras-thermiques-industrielles","status":"publish","type":"product","link":"https:\/\/www.qnde.ca\/fr\/produit\/hikmicro-logiciels-pour-cameras-thermiques-industrielles\/","title":{"rendered":"HikMicro Logiciels pour Cam\u00e9ras Thermiques Industrielles"},"content":{"rendered":"<h3><strong>HikMicro Logiciels pour Cam\u00e9ras Thermiques Industrielles<\/strong><\/h3>\n<p>Les logiciels HikMicro sont disponibles en trois versions.<\/p>\n<p>Options\u00a0:<\/p>\n<ul>\n<li>STUDIO\u00a0: logiciel professionnel GRATUIT con\u00e7u pour g\u00e9rer les correctifs et les cam\u00e9ras thermiques portables, la visualisation en direct, l&rsquo;enregistrement vid\u00e9o, l&rsquo;affichage des informations de temp\u00e9rature en temps r\u00e9el, l&rsquo;analyse et le rapport thermographiques avanc\u00e9s, la gestion des alarmes, la recherche historique de temp\u00e9rature, la recherche de journaux et plus encore.<\/li>\n<li>ANALYSEUR : logiciel professionnel GRATUIT con\u00e7u pour visualiser, \u00e9diter et analyser des images infrarouges. Une fois l&rsquo;analyse avanc\u00e9e effectu\u00e9e, vous pouvez visualiser les r\u00e9sultats de la thermographie, enregistrer les images ou exporter le rapport pr\u00e9d\u00e9fini ou personnalis\u00e9.<\/li>\n<li>VIEWER : Application gratuite con\u00e7ue pour connecter votre smartphone ou tablette \u00e0 une cam\u00e9ra thermique pour visualiser, t\u00e9l\u00e9charger et partager instantan\u00e9ment des images ou des vid\u00e9os thermiques. Il permet \u00e9galement de contr\u00f4ler la cam\u00e9ra IR \u00e0 distance lorsque vous travaillez dans des environnements dangereux ou difficiles. Utilisez le logiciel pour la manipulation et l&rsquo;analyse d&rsquo;images ((ajustez le niveau et l&rsquo;\u00e9tendue, les mesures, ajustez les param\u00e8tres, modifiez les palettes de couleurs, et plus encore.<\/li>\n<\/ul>\n<p>Contactez-nous pour plus d&rsquo;informations et\/ou pour recevoir une soumission.<\/p>\n","protected":false},"excerpt":{"rendered":"<p>HikMicro Logiciels pour Cam\u00e9ras Thermiques Industrielles Les logiciels HikMicro sont disponibles en trois versions. Options\u00a0: STUDIO\u00a0: logiciel professionnel GRATUIT con\u00e7u pour g\u00e9rer les correctifs et les cam\u00e9ras thermiques portables, la visualisation en direct, l&rsquo;enregistrement vid\u00e9o, l&rsquo;affichage des informations de temp\u00e9rature en temps r\u00e9el, l&rsquo;analyse et le rapport thermographiques avanc\u00e9s, la gestion des alarmes, la recherche [&hellip;]<\/p>\n","protected":false},"featured_media":32823,"template":"","meta":{"_monsterinsights_skip_tracking":false,"_monsterinsights_sitenote_active":false,"_monsterinsights_sitenote_note":"","_monsterinsights_sitenote_category":0},"product_brand":[],"product_cat":[417,418],"product_tag":[],"class_list":{"0":"post-32815","1":"product","2":"type-product","3":"status-publish","4":"has-post-thumbnail","6":"product_cat-hikmicro-fr","7":"product_cat-infrarouge","9":"first","10":"instock","11":"shipping-taxable","12":"purchasable","13":"product-type-variable"},"yoast_head":"<!-- This site is optimized with the Yoast SEO plugin v23.9 - https:\/\/yoast.com\/wordpress\/plugins\/seo\/ -->\n<title>HikMicro Logiciels pour Cam\u00e9ras Thermiques Industrielles &#060; Qualit\u00e9 NDE<\/title>\n<meta name=\"description\" content=\"Les logiciels HikMicro sont disponibles en trois versions - STUDIO, ANALYSEUR, et VIEWER. Gratuit pour t\u00e9l\u00e9phones int\u00e9lligents et tablettes.\" \/>\n<meta name=\"robots\" content=\"index, follow, max-snippet:-1, max-image-preview:large, max-video-preview:-1\" \/>\n<link rel=\"canonical\" href=\"https:\/\/www.qnde.ca\/fr\/produit\/hikmicro-logiciels-pour-cameras-thermiques-industrielles\/\" \/>\n<meta name=\"twitter:label1\" content=\"Dur\u00e9e de lecture estim\u00e9e\" \/>\n\t<meta name=\"twitter:data1\" content=\"1 minute\" \/>\n<script type=\"application\/ld+json\" class=\"yoast-schema-graph\">{\"@context\":\"https:\/\/schema.org\",\"@graph\":[{\"@type\":[\"WebPage\",\"ItemPage\"],\"@id\":\"https:\/\/www.qnde.ca\/fr\/produit\/hikmicro-logiciels-pour-cameras-thermiques-industrielles\/\",\"url\":\"https:\/\/www.qnde.ca\/fr\/produit\/hikmicro-logiciels-pour-cameras-thermiques-industrielles\/\",\"name\":\"HikMicro Logiciels pour Cam\u00e9ras Thermiques Industrielles &#060; Qualit\u00e9 NDE\",\"isPartOf\":{\"@id\":\"https:\/\/www.qnde.ca\/#website\"},\"primaryImageOfPage\":{\"@id\":\"https:\/\/www.qnde.ca\/fr\/produit\/hikmicro-logiciels-pour-cameras-thermiques-industrielles\/#primaryimage\"},\"image\":{\"@id\":\"https:\/\/www.qnde.ca\/fr\/produit\/hikmicro-logiciels-pour-cameras-thermiques-industrielles\/#primaryimage\"},\"thumbnailUrl\":\"https:\/\/www.qnde.ca\/wp-content\/uploads\/2023\/12\/HIKMICRO-VIEWER-Software-FREE-for-Smartphone-or-Tablet.png\",\"datePublished\":\"2023-12-08T19:24:41+00:00\",\"dateModified\":\"2025-11-05T14:43:24+00:00\",\"description\":\"Les logiciels HikMicro sont disponibles en trois versions - STUDIO, ANALYSEUR, et VIEWER. Gratuit pour t\u00e9l\u00e9phones int\u00e9lligents et tablettes.\",\"breadcrumb\":{\"@id\":\"https:\/\/www.qnde.ca\/fr\/produit\/hikmicro-logiciels-pour-cameras-thermiques-industrielles\/#breadcrumb\"},\"inLanguage\":\"fr-FR\",\"potentialAction\":[{\"@type\":\"ReadAction\",\"target\":[\"https:\/\/www.qnde.ca\/fr\/produit\/hikmicro-logiciels-pour-cameras-thermiques-industrielles\/\"]}]},{\"@type\":\"ImageObject\",\"inLanguage\":\"fr-FR\",\"@id\":\"https:\/\/www.qnde.ca\/fr\/produit\/hikmicro-logiciels-pour-cameras-thermiques-industrielles\/#primaryimage\",\"url\":\"https:\/\/www.qnde.ca\/wp-content\/uploads\/2023\/12\/HIKMICRO-VIEWER-Software-FREE-for-Smartphone-or-Tablet.png\",\"contentUrl\":\"https:\/\/www.qnde.ca\/wp-content\/uploads\/2023\/12\/HIKMICRO-VIEWER-Software-FREE-for-Smartphone-or-Tablet.png\",\"width\":532,\"height\":578},{\"@type\":\"BreadcrumbList\",\"@id\":\"https:\/\/www.qnde.ca\/fr\/produit\/hikmicro-logiciels-pour-cameras-thermiques-industrielles\/#breadcrumb\",\"itemListElement\":[{\"@type\":\"ListItem\",\"position\":1,\"name\":\"Accueil\",\"item\":\"https:\/\/www.qnde.ca\/fr\/\"},{\"@type\":\"ListItem\",\"position\":2,\"name\":\"Produits\",\"item\":\"https:\/\/www.qnde.ca\/fr\/produits\/\"},{\"@type\":\"ListItem\",\"position\":3,\"name\":\"Infrarouge\",\"item\":\"https:\/\/www.qnde.ca\/fr\/product-category\/infrarouge\/\"},{\"@type\":\"ListItem\",\"position\":4,\"name\":\"HikMicro Logiciels pour Cam\u00e9ras Thermiques Industrielles\"}]},{\"@type\":\"WebSite\",\"@id\":\"https:\/\/www.qnde.ca\/#website\",\"url\":\"https:\/\/www.qnde.ca\/\",\"name\":\"Qualit\u00e9 NDE\",\"description\":\"\u00c9quipements d&#039;essais non destructifs \",\"publisher\":{\"@id\":\"https:\/\/www.qnde.ca\/#organization\"},\"potentialAction\":[{\"@type\":\"SearchAction\",\"target\":{\"@type\":\"EntryPoint\",\"urlTemplate\":\"https:\/\/www.qnde.ca\/?s={search_term_string}\"},\"query-input\":{\"@type\":\"PropertyValueSpecification\",\"valueRequired\":true,\"valueName\":\"search_term_string\"}}],\"inLanguage\":\"fr-FR\"},{\"@type\":\"Organization\",\"@id\":\"https:\/\/www.qnde.ca\/#organization\",\"name\":\"Quality NDT Ltd.\",\"url\":\"https:\/\/www.qnde.ca\/\",\"logo\":{\"@type\":\"ImageObject\",\"inLanguage\":\"fr-FR\",\"@id\":\"https:\/\/www.qnde.ca\/#\/schema\/logo\/image\/\",\"url\":\"https:\/\/www.qnde.ca\/wp-content\/uploads\/2022\/02\/QNDE_logo_RGB-gif.gif\",\"contentUrl\":\"https:\/\/www.qnde.ca\/wp-content\/uploads\/2022\/02\/QNDE_logo_RGB-gif.gif\",\"width\":250,\"height\":64,\"caption\":\"Quality NDT Ltd.\"},\"image\":{\"@id\":\"https:\/\/www.qnde.ca\/#\/schema\/logo\/image\/\"},\"sameAs\":[\"https:\/\/www.linkedin.com\/company\/qnde\/about\/?viewAsMember=true\"]}]}<\/script>\n<!-- \/ Yoast SEO plugin. -->","yoast_head_json":{"title":"HikMicro Logiciels pour Cam\u00e9ras Thermiques Industrielles &#060; Qualit\u00e9 NDE","description":"Les logiciels HikMicro sont disponibles en trois versions - STUDIO, ANALYSEUR, et VIEWER. Gratuit pour t\u00e9l\u00e9phones int\u00e9lligents et tablettes.","robots":{"index":"index","follow":"follow","max-snippet":"max-snippet:-1","max-image-preview":"max-image-preview:large","max-video-preview":"max-video-preview:-1"},"canonical":"https:\/\/www.qnde.ca\/fr\/produit\/hikmicro-logiciels-pour-cameras-thermiques-industrielles\/","twitter_misc":{"Dur\u00e9e de lecture estim\u00e9e":"1 minute"},"schema":{"@context":"https:\/\/schema.org","@graph":[{"@type":["WebPage","ItemPage"],"@id":"https:\/\/www.qnde.ca\/fr\/produit\/hikmicro-logiciels-pour-cameras-thermiques-industrielles\/","url":"https:\/\/www.qnde.ca\/fr\/produit\/hikmicro-logiciels-pour-cameras-thermiques-industrielles\/","name":"HikMicro Logiciels pour Cam\u00e9ras Thermiques Industrielles &#060; Qualit\u00e9 NDE","isPartOf":{"@id":"https:\/\/www.qnde.ca\/#website"},"primaryImageOfPage":{"@id":"https:\/\/www.qnde.ca\/fr\/produit\/hikmicro-logiciels-pour-cameras-thermiques-industrielles\/#primaryimage"},"image":{"@id":"https:\/\/www.qnde.ca\/fr\/produit\/hikmicro-logiciels-pour-cameras-thermiques-industrielles\/#primaryimage"},"thumbnailUrl":"https:\/\/www.qnde.ca\/wp-content\/uploads\/2023\/12\/HIKMICRO-VIEWER-Software-FREE-for-Smartphone-or-Tablet.png","datePublished":"2023-12-08T19:24:41+00:00","dateModified":"2025-11-05T14:43:24+00:00","description":"Les logiciels HikMicro sont disponibles en trois versions - STUDIO, ANALYSEUR, et VIEWER. Gratuit pour t\u00e9l\u00e9phones int\u00e9lligents et tablettes.","breadcrumb":{"@id":"https:\/\/www.qnde.ca\/fr\/produit\/hikmicro-logiciels-pour-cameras-thermiques-industrielles\/#breadcrumb"},"inLanguage":"fr-FR","potentialAction":[{"@type":"ReadAction","target":["https:\/\/www.qnde.ca\/fr\/produit\/hikmicro-logiciels-pour-cameras-thermiques-industrielles\/"]}]},{"@type":"ImageObject","inLanguage":"fr-FR","@id":"https:\/\/www.qnde.ca\/fr\/produit\/hikmicro-logiciels-pour-cameras-thermiques-industrielles\/#primaryimage","url":"https:\/\/www.qnde.ca\/wp-content\/uploads\/2023\/12\/HIKMICRO-VIEWER-Software-FREE-for-Smartphone-or-Tablet.png","contentUrl":"https:\/\/www.qnde.ca\/wp-content\/uploads\/2023\/12\/HIKMICRO-VIEWER-Software-FREE-for-Smartphone-or-Tablet.png","width":532,"height":578},{"@type":"BreadcrumbList","@id":"https:\/\/www.qnde.ca\/fr\/produit\/hikmicro-logiciels-pour-cameras-thermiques-industrielles\/#breadcrumb","itemListElement":[{"@type":"ListItem","position":1,"name":"Accueil","item":"https:\/\/www.qnde.ca\/fr\/"},{"@type":"ListItem","position":2,"name":"Produits","item":"https:\/\/www.qnde.ca\/fr\/produits\/"},{"@type":"ListItem","position":3,"name":"Infrarouge","item":"https:\/\/www.qnde.ca\/fr\/product-category\/infrarouge\/"},{"@type":"ListItem","position":4,"name":"HikMicro Logiciels pour Cam\u00e9ras Thermiques Industrielles"}]},{"@type":"WebSite","@id":"https:\/\/www.qnde.ca\/#website","url":"https:\/\/www.qnde.ca\/","name":"Qualit\u00e9 NDE","description":"\u00c9quipements d&#039;essais non destructifs ","publisher":{"@id":"https:\/\/www.qnde.ca\/#organization"},"potentialAction":[{"@type":"SearchAction","target":{"@type":"EntryPoint","urlTemplate":"https:\/\/www.qnde.ca\/?s={search_term_string}"},"query-input":{"@type":"PropertyValueSpecification","valueRequired":true,"valueName":"search_term_string"}}],"inLanguage":"fr-FR"},{"@type":"Organization","@id":"https:\/\/www.qnde.ca\/#organization","name":"Quality NDT Ltd.","url":"https:\/\/www.qnde.ca\/","logo":{"@type":"ImageObject","inLanguage":"fr-FR","@id":"https:\/\/www.qnde.ca\/#\/schema\/logo\/image\/","url":"https:\/\/www.qnde.ca\/wp-content\/uploads\/2022\/02\/QNDE_logo_RGB-gif.gif","contentUrl":"https:\/\/www.qnde.ca\/wp-content\/uploads\/2022\/02\/QNDE_logo_RGB-gif.gif","width":250,"height":64,"caption":"Quality NDT Ltd."},"image":{"@id":"https:\/\/www.qnde.ca\/#\/schema\/logo\/image\/"},"sameAs":["https:\/\/www.linkedin.com\/company\/qnde\/about\/?viewAsMember=true"]}]}},"jetpack_sharing_enabled":true,"_links":{"self":[{"href":"https:\/\/www.qnde.ca\/fr\/wp-json\/wp\/v2\/product\/32815","targetHints":{"allow":["GET"]}}],"collection":[{"href":"https:\/\/www.qnde.ca\/fr\/wp-json\/wp\/v2\/product"}],"about":[{"href":"https:\/\/www.qnde.ca\/fr\/wp-json\/wp\/v2\/types\/product"}],"wp:featuredmedia":[{"embeddable":true,"href":"https:\/\/www.qnde.ca\/fr\/wp-json\/wp\/v2\/media\/32823"}],"wp:attachment":[{"href":"https:\/\/www.qnde.ca\/fr\/wp-json\/wp\/v2\/media?parent=32815"}],"wp:term":[{"taxonomy":"product_brand","embeddable":true,"href":"https:\/\/www.qnde.ca\/fr\/wp-json\/wp\/v2\/product_brand?post=32815"},{"taxonomy":"product_cat","embeddable":true,"href":"https:\/\/www.qnde.ca\/fr\/wp-json\/wp\/v2\/product_cat?post=32815"},{"taxonomy":"product_tag","embeddable":true,"href":"https:\/\/www.qnde.ca\/fr\/wp-json\/wp\/v2\/product_tag?post=32815"}],"curies":[{"name":"wp","href":"https:\/\/api.w.org\/{rel}","templated":true}]}}