{"id":32806,"date":"2023-12-08T14:30:08","date_gmt":"2023-12-08T19:31:12","guid":{"rendered":"https:\/\/www.qnde.ca\/?post_type=product&#038;p=32806"},"modified":"2025-08-19T14:43:00","modified_gmt":"2025-08-19T18:43:00","slug":"hikmicro-serie-pocket","status":"publish","type":"product","link":"https:\/\/www.qnde.ca\/fr\/produit\/hikmicro-serie-pocket\/","title":{"rendered":"HikMicro S\u00e9rie-Pocket Cam\u00e9ra Infrarouge \u00e0 Imagerie Thermique"},"content":{"rendered":"<h3><strong>HikMicro S\u00e9rie-Pocket Cam\u00e9ra Infrarouge \u00e0 Imagerie Thermique <\/strong><\/h3>\n<p>La cam\u00e9ra thermique de poche haute performance Hikmicro s\u00e9rie de poche est robuste et durable avec une conception facile \u00e0 tenir et \u00e0 transporter.<\/p>\n<p>Dot\u00e9 de 4 modes d\u2019image\u00a0 thermique, fusion, PIP et visuel et de 7 palettes de couleurs, cet outil de thermographie de poche offre plusieurs options d\u2019affichage adapt\u00e9es \u00e0 chaque situation. Il permet de localiser rapidement les probl\u00e8mes cach\u00e9s et de mesurer avec pr\u00e9cision les temp\u00e9ratures anormales.<\/p>\n<p>IP54 avec protection contre les chutes de 2 m\u00e8tres, ces cam\u00e9ras thermographiques ont une fr\u00e9quence d&rsquo;image de 25 Hz, un pas de d\u00e9tecteur de 12 microns, une plage spectrale de 7,5 \u00e0 14 microns, une m\u00e9moire interne de 16 Go d&rsquo;une capacit\u00e9 de 60 000 images, une capacit\u00e9 vid\u00e9o de 54 heures, un affichage de r\u00e9solution 640 x 4800. \u00c9cran tactile LCD de 3,5 pouces, et plus encore.<\/p>\n<p>Le kit standard comprend\u00a0:<\/p>\n<ul>\n<li>une cam\u00e9ra thermique IP54.<\/li>\n<li>une dragonne.<\/li>\n<li>une batterie Li-ion rechargeable interne.<\/li>\n<li>c\u00e2ble USB avec alimentation.<\/li>\n<li>une m\u00e9moire Flash de 16 Go.<\/li>\n<li>un certificat d&rsquo;\u00e9talonnage du guide de d\u00e9marrage rapide.<\/li>\n<li>une pochette de transport souple.<\/li>\n<\/ul>\n<p>\u00c9galement inclus le logiciel PC ANALYZER post-analyse pour une visualisation intuitive, une analyse avanc\u00e9e et un traitement des donn\u00e9es thermiques.<\/p>\n<p>Options:<\/p>\n<ul>\n<li>Pocket 2\u00a0: plage de temp\u00e9rature de -20 \u00e0 400 Celsius (-4 \u00e0 752 Farhrenheit), r\u00e9solution IR 256 x 192 pour un NETD sup\u00e9rieur \u00e0 40 mK. Garantie 3 ans.<\/li>\n<\/ul>\n<p>Contactez-nous pour plus d&rsquo;informations et\/ou pour recevoir une soumission.<\/p>\n","protected":false},"excerpt":{"rendered":"<p>HikMicro S\u00e9rie-Pocket Cam\u00e9ra Infrarouge \u00e0 Imagerie Thermique La cam\u00e9ra thermique de poche haute performance Hikmicro s\u00e9rie de poche est robuste et durable avec une conception facile \u00e0 tenir et \u00e0 transporter. Dot\u00e9 de 4 modes d\u2019image\u00a0 thermique, fusion, PIP et visuel et de 7 palettes de couleurs, cet outil de thermographie de poche offre plusieurs [&hellip;]<\/p>\n","protected":false},"featured_media":32809,"template":"","meta":{"_monsterinsights_skip_tracking":false,"_monsterinsights_sitenote_active":false,"_monsterinsights_sitenote_note":"","_monsterinsights_sitenote_category":0},"product_brand":[],"product_cat":[402,418],"product_tag":[],"class_list":{"0":"post-32806","1":"product","2":"type-product","3":"status-publish","4":"has-post-thumbnail","6":"product_cat-autres-marques","7":"product_cat-infrarouge","9":"first","10":"instock","11":"shipping-taxable","12":"purchasable","13":"product-type-simple"},"yoast_head":"<!-- This site is optimized with the Yoast SEO plugin v23.9 - https:\/\/yoast.com\/wordpress\/plugins\/seo\/ -->\n<title>HikMicro S\u00e9rie-Pocket Cam\u00e9ra Infrarouge \u00e0 Imagerie Thermique &#060; Qualit\u00e9 NDE<\/title>\n<meta name=\"description\" content=\"La cam\u00e9ra thermique de poche haute performance Hikmicro s\u00e9rie de poche est robuste et durable avec une conception facile \u00e0 tenir et \u00e0 transporter.\" \/>\n<meta name=\"robots\" content=\"index, follow, max-snippet:-1, max-image-preview:large, max-video-preview:-1\" \/>\n<link rel=\"canonical\" href=\"https:\/\/www.qnde.ca\/fr\/produit\/hikmicro-serie-pocket\/\" \/>\n<meta name=\"twitter:label1\" content=\"Dur\u00e9e de lecture estim\u00e9e\" \/>\n\t<meta name=\"twitter:data1\" content=\"2 minutes\" \/>\n<script type=\"application\/ld+json\" class=\"yoast-schema-graph\">{\"@context\":\"https:\/\/schema.org\",\"@graph\":[{\"@type\":[\"WebPage\",\"ItemPage\"],\"@id\":\"https:\/\/www.qnde.ca\/fr\/produit\/hikmicro-serie-pocket\/\",\"url\":\"https:\/\/www.qnde.ca\/fr\/produit\/hikmicro-serie-pocket\/\",\"name\":\"HikMicro S\u00e9rie-Pocket Cam\u00e9ra Infrarouge \u00e0 Imagerie Thermique &#060; Qualit\u00e9 NDE\",\"isPartOf\":{\"@id\":\"https:\/\/www.qnde.ca\/#website\"},\"primaryImageOfPage\":{\"@id\":\"https:\/\/www.qnde.ca\/fr\/produit\/hikmicro-serie-pocket\/#primaryimage\"},\"image\":{\"@id\":\"https:\/\/www.qnde.ca\/fr\/produit\/hikmicro-serie-pocket\/#primaryimage\"},\"thumbnailUrl\":\"https:\/\/www.qnde.ca\/wp-content\/uploads\/2023\/12\/Pocket2-1-Infrared-Thermography-Camera-20-to-400C-In-use.jpg\",\"datePublished\":\"2023-12-08T19:31:12+00:00\",\"dateModified\":\"2025-08-19T18:43:00+00:00\",\"description\":\"La cam\u00e9ra thermique de poche haute performance Hikmicro s\u00e9rie de poche est robuste et durable avec une conception facile \u00e0 tenir et \u00e0 transporter.\",\"breadcrumb\":{\"@id\":\"https:\/\/www.qnde.ca\/fr\/produit\/hikmicro-serie-pocket\/#breadcrumb\"},\"inLanguage\":\"fr-FR\",\"potentialAction\":[{\"@type\":\"ReadAction\",\"target\":[\"https:\/\/www.qnde.ca\/fr\/produit\/hikmicro-serie-pocket\/\"]}]},{\"@type\":\"ImageObject\",\"inLanguage\":\"fr-FR\",\"@id\":\"https:\/\/www.qnde.ca\/fr\/produit\/hikmicro-serie-pocket\/#primaryimage\",\"url\":\"https:\/\/www.qnde.ca\/wp-content\/uploads\/2023\/12\/Pocket2-1-Infrared-Thermography-Camera-20-to-400C-In-use.jpg\",\"contentUrl\":\"https:\/\/www.qnde.ca\/wp-content\/uploads\/2023\/12\/Pocket2-1-Infrared-Thermography-Camera-20-to-400C-In-use.jpg\",\"width\":1024,\"height\":768},{\"@type\":\"BreadcrumbList\",\"@id\":\"https:\/\/www.qnde.ca\/fr\/produit\/hikmicro-serie-pocket\/#breadcrumb\",\"itemListElement\":[{\"@type\":\"ListItem\",\"position\":1,\"name\":\"Accueil\",\"item\":\"https:\/\/www.qnde.ca\/fr\/\"},{\"@type\":\"ListItem\",\"position\":2,\"name\":\"Produits\",\"item\":\"https:\/\/www.qnde.ca\/fr\/produits\/\"},{\"@type\":\"ListItem\",\"position\":3,\"name\":\"Marques\",\"item\":\"https:\/\/www.qnde.ca\/fr\/product-category\/marques\/\"},{\"@type\":\"ListItem\",\"position\":4,\"name\":\"Autres Marques\",\"item\":\"https:\/\/www.qnde.ca\/fr\/product-category\/marques\/autres-marques\/\"},{\"@type\":\"ListItem\",\"position\":5,\"name\":\"HikMicro S\u00e9rie-Pocket Cam\u00e9ra Infrarouge \u00e0 Imagerie Thermique\"}]},{\"@type\":\"WebSite\",\"@id\":\"https:\/\/www.qnde.ca\/#website\",\"url\":\"https:\/\/www.qnde.ca\/\",\"name\":\"Qualit\u00e9 NDE\",\"description\":\"\u00c9quipements d&#039;essais non destructifs \",\"publisher\":{\"@id\":\"https:\/\/www.qnde.ca\/#organization\"},\"potentialAction\":[{\"@type\":\"SearchAction\",\"target\":{\"@type\":\"EntryPoint\",\"urlTemplate\":\"https:\/\/www.qnde.ca\/?s={search_term_string}\"},\"query-input\":{\"@type\":\"PropertyValueSpecification\",\"valueRequired\":true,\"valueName\":\"search_term_string\"}}],\"inLanguage\":\"fr-FR\"},{\"@type\":\"Organization\",\"@id\":\"https:\/\/www.qnde.ca\/#organization\",\"name\":\"Quality NDT Ltd.\",\"url\":\"https:\/\/www.qnde.ca\/\",\"logo\":{\"@type\":\"ImageObject\",\"inLanguage\":\"fr-FR\",\"@id\":\"https:\/\/www.qnde.ca\/#\/schema\/logo\/image\/\",\"url\":\"https:\/\/www.qnde.ca\/wp-content\/uploads\/2022\/02\/QNDE_logo_RGB-gif.gif\",\"contentUrl\":\"https:\/\/www.qnde.ca\/wp-content\/uploads\/2022\/02\/QNDE_logo_RGB-gif.gif\",\"width\":250,\"height\":64,\"caption\":\"Quality NDT Ltd.\"},\"image\":{\"@id\":\"https:\/\/www.qnde.ca\/#\/schema\/logo\/image\/\"},\"sameAs\":[\"https:\/\/www.linkedin.com\/company\/qnde\/about\/?viewAsMember=true\"]}]}<\/script>\n<!-- \/ Yoast SEO plugin. -->","yoast_head_json":{"title":"HikMicro S\u00e9rie-Pocket Cam\u00e9ra Infrarouge \u00e0 Imagerie Thermique &#060; Qualit\u00e9 NDE","description":"La cam\u00e9ra thermique de poche haute performance Hikmicro s\u00e9rie de poche est robuste et durable avec une conception facile \u00e0 tenir et \u00e0 transporter.","robots":{"index":"index","follow":"follow","max-snippet":"max-snippet:-1","max-image-preview":"max-image-preview:large","max-video-preview":"max-video-preview:-1"},"canonical":"https:\/\/www.qnde.ca\/fr\/produit\/hikmicro-serie-pocket\/","twitter_misc":{"Dur\u00e9e de lecture estim\u00e9e":"2 minutes"},"schema":{"@context":"https:\/\/schema.org","@graph":[{"@type":["WebPage","ItemPage"],"@id":"https:\/\/www.qnde.ca\/fr\/produit\/hikmicro-serie-pocket\/","url":"https:\/\/www.qnde.ca\/fr\/produit\/hikmicro-serie-pocket\/","name":"HikMicro S\u00e9rie-Pocket Cam\u00e9ra Infrarouge \u00e0 Imagerie Thermique &#060; Qualit\u00e9 NDE","isPartOf":{"@id":"https:\/\/www.qnde.ca\/#website"},"primaryImageOfPage":{"@id":"https:\/\/www.qnde.ca\/fr\/produit\/hikmicro-serie-pocket\/#primaryimage"},"image":{"@id":"https:\/\/www.qnde.ca\/fr\/produit\/hikmicro-serie-pocket\/#primaryimage"},"thumbnailUrl":"https:\/\/www.qnde.ca\/wp-content\/uploads\/2023\/12\/Pocket2-1-Infrared-Thermography-Camera-20-to-400C-In-use.jpg","datePublished":"2023-12-08T19:31:12+00:00","dateModified":"2025-08-19T18:43:00+00:00","description":"La cam\u00e9ra thermique de poche haute performance Hikmicro s\u00e9rie de poche est robuste et durable avec une conception facile \u00e0 tenir et \u00e0 transporter.","breadcrumb":{"@id":"https:\/\/www.qnde.ca\/fr\/produit\/hikmicro-serie-pocket\/#breadcrumb"},"inLanguage":"fr-FR","potentialAction":[{"@type":"ReadAction","target":["https:\/\/www.qnde.ca\/fr\/produit\/hikmicro-serie-pocket\/"]}]},{"@type":"ImageObject","inLanguage":"fr-FR","@id":"https:\/\/www.qnde.ca\/fr\/produit\/hikmicro-serie-pocket\/#primaryimage","url":"https:\/\/www.qnde.ca\/wp-content\/uploads\/2023\/12\/Pocket2-1-Infrared-Thermography-Camera-20-to-400C-In-use.jpg","contentUrl":"https:\/\/www.qnde.ca\/wp-content\/uploads\/2023\/12\/Pocket2-1-Infrared-Thermography-Camera-20-to-400C-In-use.jpg","width":1024,"height":768},{"@type":"BreadcrumbList","@id":"https:\/\/www.qnde.ca\/fr\/produit\/hikmicro-serie-pocket\/#breadcrumb","itemListElement":[{"@type":"ListItem","position":1,"name":"Accueil","item":"https:\/\/www.qnde.ca\/fr\/"},{"@type":"ListItem","position":2,"name":"Produits","item":"https:\/\/www.qnde.ca\/fr\/produits\/"},{"@type":"ListItem","position":3,"name":"Marques","item":"https:\/\/www.qnde.ca\/fr\/product-category\/marques\/"},{"@type":"ListItem","position":4,"name":"Autres Marques","item":"https:\/\/www.qnde.ca\/fr\/product-category\/marques\/autres-marques\/"},{"@type":"ListItem","position":5,"name":"HikMicro S\u00e9rie-Pocket Cam\u00e9ra Infrarouge \u00e0 Imagerie Thermique"}]},{"@type":"WebSite","@id":"https:\/\/www.qnde.ca\/#website","url":"https:\/\/www.qnde.ca\/","name":"Qualit\u00e9 NDE","description":"\u00c9quipements d&#039;essais non destructifs ","publisher":{"@id":"https:\/\/www.qnde.ca\/#organization"},"potentialAction":[{"@type":"SearchAction","target":{"@type":"EntryPoint","urlTemplate":"https:\/\/www.qnde.ca\/?s={search_term_string}"},"query-input":{"@type":"PropertyValueSpecification","valueRequired":true,"valueName":"search_term_string"}}],"inLanguage":"fr-FR"},{"@type":"Organization","@id":"https:\/\/www.qnde.ca\/#organization","name":"Quality NDT Ltd.","url":"https:\/\/www.qnde.ca\/","logo":{"@type":"ImageObject","inLanguage":"fr-FR","@id":"https:\/\/www.qnde.ca\/#\/schema\/logo\/image\/","url":"https:\/\/www.qnde.ca\/wp-content\/uploads\/2022\/02\/QNDE_logo_RGB-gif.gif","contentUrl":"https:\/\/www.qnde.ca\/wp-content\/uploads\/2022\/02\/QNDE_logo_RGB-gif.gif","width":250,"height":64,"caption":"Quality NDT Ltd."},"image":{"@id":"https:\/\/www.qnde.ca\/#\/schema\/logo\/image\/"},"sameAs":["https:\/\/www.linkedin.com\/company\/qnde\/about\/?viewAsMember=true"]}]}},"jetpack_sharing_enabled":true,"_links":{"self":[{"href":"https:\/\/www.qnde.ca\/fr\/wp-json\/wp\/v2\/product\/32806","targetHints":{"allow":["GET"]}}],"collection":[{"href":"https:\/\/www.qnde.ca\/fr\/wp-json\/wp\/v2\/product"}],"about":[{"href":"https:\/\/www.qnde.ca\/fr\/wp-json\/wp\/v2\/types\/product"}],"wp:featuredmedia":[{"embeddable":true,"href":"https:\/\/www.qnde.ca\/fr\/wp-json\/wp\/v2\/media\/32809"}],"wp:attachment":[{"href":"https:\/\/www.qnde.ca\/fr\/wp-json\/wp\/v2\/media?parent=32806"}],"wp:term":[{"taxonomy":"product_brand","embeddable":true,"href":"https:\/\/www.qnde.ca\/fr\/wp-json\/wp\/v2\/product_brand?post=32806"},{"taxonomy":"product_cat","embeddable":true,"href":"https:\/\/www.qnde.ca\/fr\/wp-json\/wp\/v2\/product_cat?post=32806"},{"taxonomy":"product_tag","embeddable":true,"href":"https:\/\/www.qnde.ca\/fr\/wp-json\/wp\/v2\/product_tag?post=32806"}],"curies":[{"name":"wp","href":"https:\/\/api.w.org\/{rel}","templated":true}]}}