{"id":32800,"date":"2023-12-08T14:32:58","date_gmt":"2023-12-08T19:34:13","guid":{"rendered":"https:\/\/www.qnde.ca\/?post_type=product&#038;p=32800"},"modified":"2025-11-25T13:53:22","modified_gmt":"2025-11-25T18:53:22","slug":"hikmicro-serie-b-camera-infrarouge-a-imagerie-thermique","status":"publish","type":"product","link":"https:\/\/www.qnde.ca\/fr\/produit\/hikmicro-serie-b-camera-infrarouge-a-imagerie-thermique\/","title":{"rendered":"HikMicro S\u00e9rie-B Cam\u00e9ra Infrarouge \u00e0 Imagerie Thermique"},"content":{"rendered":"<h3><strong>HikMicro S\u00e9rie-B Cam\u00e9ra Infrarouge \u00e0 Imagerie Thermique<\/strong><\/h3>\n<p>La s\u00e9rie Basic est une cam\u00e9ra thermique compacte et facile \u00e0 utiliser, dot\u00e9e de la technologie d\u2019am\u00e9lioration d\u2019image SuperIR. Elle offre une qualit\u00e9 d\u2019image \u00e9lev\u00e9e dans plusieurs modes d\u2019affichage : thermique, fusion, PIP et visuel. Gr\u00e2ce \u00e0 la mesure rapide de la temp\u00e9rature et \u00e0 l\u2019alarme de temp\u00e9rature \u00e9lev\u00e9e, ces cam\u00e9ras sont id\u00e9ales pour inspecter l\u2019enveloppe du b\u00e2timent, les armoires \u00e9lectriques, les syst\u00e8mes m\u00e9caniques, automobiles, et bien plus encore.<\/p>\n<p>IP54 avec protection contre les chutes de 2 m\u00e8tres, ces cam\u00e9ras thermographiques ont une fr\u00e9quence d&rsquo;image de 25 Hz, une plage spectrale de 7,5 \u00e0 14 microns, une m\u00e9moire flash de 16 Go d&rsquo;une capacit\u00e9 de 90 000 images JPG (30 000 pour la B1L), un \u00e9cran de r\u00e9solution 240 x 320 et un \u00e9cran tactile LCD de 3,2 pouces. \u00e9cran, et plus encore.<\/p>\n<p>Le kit standard comprend :<\/p>\n<ul>\n<li>une cam\u00e9ra thermique IP54.<\/li>\n<li>une dragonne.<\/li>\n<li>des batteries Li-ion rechargeables (2x).<\/li>\n<li>un chargeur avec alimentation avec fiches \u00e0 usage international.<\/li>\n<li>des c\u00e2bles USB.<\/li>\n<li>une m\u00e9moire flash int\u00e9gr\u00e9e de 16 Go.<\/li>\n<li>un guide de d\u00e9marrage rapide.<\/li>\n<li>un certificat d&rsquo;\u00e9talonnage.<\/li>\n<li>un \u00e9tui de transport rigide.<\/li>\n<\/ul>\n<p>\u00c9galement inclus le logiciel PC ANALYZER post-analyse pour une visualisation intuitive, une analyse avanc\u00e9e et un traitement des donn\u00e9es thermiques.<\/p>\n<p>Options:<\/p>\n<ul>\n<li>B20 : plage de temp\u00e9rature de -20 \u00e0 550 Celsius (-4 \u00e0 1022 Farhrenheit), r\u00e9solution IR 256 x 192 et Super IR sur les images captur\u00e9es, pas de d\u00e9tecteur de 12 microns, NETD sup\u00e9rieur \u00e0 40 mK. Garantie 3 ans.<\/li>\n<\/ul>\n<p>Contactez-nous pour plus d&rsquo;informations et\/ou pour recevoir une soumission.<\/p>\n","protected":false},"excerpt":{"rendered":"<p>HikMicro S\u00e9rie-B Cam\u00e9ra Infrarouge \u00e0 Imagerie Thermique La s\u00e9rie Basic est une cam\u00e9ra thermique compacte et facile \u00e0 utiliser, dot\u00e9e de la technologie d\u2019am\u00e9lioration d\u2019image SuperIR. Elle offre une qualit\u00e9 d\u2019image \u00e9lev\u00e9e dans plusieurs modes d\u2019affichage : thermique, fusion, PIP et visuel. Gr\u00e2ce \u00e0 la mesure rapide de la temp\u00e9rature et \u00e0 l\u2019alarme de temp\u00e9rature [&hellip;]<\/p>\n","protected":false},"featured_media":32797,"template":"","meta":{"_monsterinsights_skip_tracking":false,"_monsterinsights_sitenote_active":false,"_monsterinsights_sitenote_note":"","_monsterinsights_sitenote_category":0},"product_brand":[],"product_cat":[402,418],"product_tag":[],"class_list":{"0":"post-32800","1":"product","2":"type-product","3":"status-publish","4":"has-post-thumbnail","6":"product_cat-autres-marques","7":"product_cat-infrarouge","9":"first","10":"instock","11":"shipping-taxable","12":"purchasable","13":"product-type-simple"},"yoast_head":"<!-- This site is optimized with the Yoast SEO plugin v23.9 - https:\/\/yoast.com\/wordpress\/plugins\/seo\/ -->\n<title>HikMicro S\u00e9rie-B Cam\u00e9ra Infrarouge \u00e0 Imagerie Thermique &#060; Qualit\u00e9 NDE<\/title>\n<meta name=\"description\" content=\"Cam\u00e9ra thermique HikMicro S\u00e9rie-B : compacte, IP54, SuperIR, 25Hz, \u00e9cran tactile 3,2\u201d, alarme haute temp\u00e9rature et logiciel d\u2019analyse inclus.\" \/>\n<meta name=\"robots\" content=\"index, follow, max-snippet:-1, max-image-preview:large, max-video-preview:-1\" \/>\n<link rel=\"canonical\" href=\"https:\/\/www.qnde.ca\/fr\/produit\/hikmicro-serie-b-camera-infrarouge-a-imagerie-thermique\/\" \/>\n<meta name=\"twitter:label1\" content=\"Dur\u00e9e de lecture estim\u00e9e\" \/>\n\t<meta name=\"twitter:data1\" content=\"2 minutes\" \/>\n<script type=\"application\/ld+json\" class=\"yoast-schema-graph\">{\"@context\":\"https:\/\/schema.org\",\"@graph\":[{\"@type\":[\"WebPage\",\"ItemPage\"],\"@id\":\"https:\/\/www.qnde.ca\/fr\/produit\/hikmicro-serie-b-camera-infrarouge-a-imagerie-thermique\/\",\"url\":\"https:\/\/www.qnde.ca\/fr\/produit\/hikmicro-serie-b-camera-infrarouge-a-imagerie-thermique\/\",\"name\":\"HikMicro S\u00e9rie-B Cam\u00e9ra Infrarouge \u00e0 Imagerie Thermique &#060; Qualit\u00e9 NDE\",\"isPartOf\":{\"@id\":\"https:\/\/www.qnde.ca\/#website\"},\"primaryImageOfPage\":{\"@id\":\"https:\/\/www.qnde.ca\/fr\/produit\/hikmicro-serie-b-camera-infrarouge-a-imagerie-thermique\/#primaryimage\"},\"image\":{\"@id\":\"https:\/\/www.qnde.ca\/fr\/produit\/hikmicro-serie-b-camera-infrarouge-a-imagerie-thermique\/#primaryimage\"},\"thumbnailUrl\":\"https:\/\/www.qnde.ca\/wp-content\/uploads\/2023\/12\/B20-1-Infrared-Thermography-Camera-1.jpg\",\"datePublished\":\"2023-12-08T19:34:13+00:00\",\"dateModified\":\"2025-11-25T18:53:22+00:00\",\"description\":\"Cam\u00e9ra thermique HikMicro S\u00e9rie-B : compacte, IP54, SuperIR, 25Hz, \u00e9cran tactile 3,2\u201d, alarme haute temp\u00e9rature et logiciel d\u2019analyse inclus.\",\"breadcrumb\":{\"@id\":\"https:\/\/www.qnde.ca\/fr\/produit\/hikmicro-serie-b-camera-infrarouge-a-imagerie-thermique\/#breadcrumb\"},\"inLanguage\":\"fr-FR\",\"potentialAction\":[{\"@type\":\"ReadAction\",\"target\":[\"https:\/\/www.qnde.ca\/fr\/produit\/hikmicro-serie-b-camera-infrarouge-a-imagerie-thermique\/\"]}]},{\"@type\":\"ImageObject\",\"inLanguage\":\"fr-FR\",\"@id\":\"https:\/\/www.qnde.ca\/fr\/produit\/hikmicro-serie-b-camera-infrarouge-a-imagerie-thermique\/#primaryimage\",\"url\":\"https:\/\/www.qnde.ca\/wp-content\/uploads\/2023\/12\/B20-1-Infrared-Thermography-Camera-1.jpg\",\"contentUrl\":\"https:\/\/www.qnde.ca\/wp-content\/uploads\/2023\/12\/B20-1-Infrared-Thermography-Camera-1.jpg\",\"width\":342,\"height\":342,\"caption\":\"Une cam\u00e9ra thermique et un smartphone affichant la m\u00eame image thermique, pos\u00e9s sur un fond blanc \u00e9pur\u00e9\"},{\"@type\":\"BreadcrumbList\",\"@id\":\"https:\/\/www.qnde.ca\/fr\/produit\/hikmicro-serie-b-camera-infrarouge-a-imagerie-thermique\/#breadcrumb\",\"itemListElement\":[{\"@type\":\"ListItem\",\"position\":1,\"name\":\"Accueil\",\"item\":\"https:\/\/www.qnde.ca\/fr\/\"},{\"@type\":\"ListItem\",\"position\":2,\"name\":\"Produits\",\"item\":\"https:\/\/www.qnde.ca\/fr\/produits\/\"},{\"@type\":\"ListItem\",\"position\":3,\"name\":\"Marques\",\"item\":\"https:\/\/www.qnde.ca\/fr\/product-category\/marques\/\"},{\"@type\":\"ListItem\",\"position\":4,\"name\":\"Autres Marques\",\"item\":\"https:\/\/www.qnde.ca\/fr\/product-category\/marques\/autres-marques\/\"},{\"@type\":\"ListItem\",\"position\":5,\"name\":\"HikMicro S\u00e9rie-B Cam\u00e9ra Infrarouge \u00e0 Imagerie Thermique\"}]},{\"@type\":\"WebSite\",\"@id\":\"https:\/\/www.qnde.ca\/#website\",\"url\":\"https:\/\/www.qnde.ca\/\",\"name\":\"Qualit\u00e9 NDE\",\"description\":\"\u00c9quipements d&#039;essais non destructifs \",\"publisher\":{\"@id\":\"https:\/\/www.qnde.ca\/#organization\"},\"potentialAction\":[{\"@type\":\"SearchAction\",\"target\":{\"@type\":\"EntryPoint\",\"urlTemplate\":\"https:\/\/www.qnde.ca\/?s={search_term_string}\"},\"query-input\":{\"@type\":\"PropertyValueSpecification\",\"valueRequired\":true,\"valueName\":\"search_term_string\"}}],\"inLanguage\":\"fr-FR\"},{\"@type\":\"Organization\",\"@id\":\"https:\/\/www.qnde.ca\/#organization\",\"name\":\"Quality NDT Ltd.\",\"url\":\"https:\/\/www.qnde.ca\/\",\"logo\":{\"@type\":\"ImageObject\",\"inLanguage\":\"fr-FR\",\"@id\":\"https:\/\/www.qnde.ca\/#\/schema\/logo\/image\/\",\"url\":\"https:\/\/www.qnde.ca\/wp-content\/uploads\/2022\/02\/QNDE_logo_RGB-gif.gif\",\"contentUrl\":\"https:\/\/www.qnde.ca\/wp-content\/uploads\/2022\/02\/QNDE_logo_RGB-gif.gif\",\"width\":250,\"height\":64,\"caption\":\"Quality NDT Ltd.\"},\"image\":{\"@id\":\"https:\/\/www.qnde.ca\/#\/schema\/logo\/image\/\"},\"sameAs\":[\"https:\/\/www.linkedin.com\/company\/qnde\/about\/?viewAsMember=true\"]}]}<\/script>\n<!-- \/ Yoast SEO plugin. -->","yoast_head_json":{"title":"HikMicro S\u00e9rie-B Cam\u00e9ra Infrarouge \u00e0 Imagerie Thermique &#060; Qualit\u00e9 NDE","description":"Cam\u00e9ra thermique HikMicro S\u00e9rie-B : compacte, IP54, SuperIR, 25Hz, \u00e9cran tactile 3,2\u201d, alarme haute temp\u00e9rature et logiciel d\u2019analyse inclus.","robots":{"index":"index","follow":"follow","max-snippet":"max-snippet:-1","max-image-preview":"max-image-preview:large","max-video-preview":"max-video-preview:-1"},"canonical":"https:\/\/www.qnde.ca\/fr\/produit\/hikmicro-serie-b-camera-infrarouge-a-imagerie-thermique\/","twitter_misc":{"Dur\u00e9e de lecture estim\u00e9e":"2 minutes"},"schema":{"@context":"https:\/\/schema.org","@graph":[{"@type":["WebPage","ItemPage"],"@id":"https:\/\/www.qnde.ca\/fr\/produit\/hikmicro-serie-b-camera-infrarouge-a-imagerie-thermique\/","url":"https:\/\/www.qnde.ca\/fr\/produit\/hikmicro-serie-b-camera-infrarouge-a-imagerie-thermique\/","name":"HikMicro S\u00e9rie-B Cam\u00e9ra Infrarouge \u00e0 Imagerie Thermique &#060; Qualit\u00e9 NDE","isPartOf":{"@id":"https:\/\/www.qnde.ca\/#website"},"primaryImageOfPage":{"@id":"https:\/\/www.qnde.ca\/fr\/produit\/hikmicro-serie-b-camera-infrarouge-a-imagerie-thermique\/#primaryimage"},"image":{"@id":"https:\/\/www.qnde.ca\/fr\/produit\/hikmicro-serie-b-camera-infrarouge-a-imagerie-thermique\/#primaryimage"},"thumbnailUrl":"https:\/\/www.qnde.ca\/wp-content\/uploads\/2023\/12\/B20-1-Infrared-Thermography-Camera-1.jpg","datePublished":"2023-12-08T19:34:13+00:00","dateModified":"2025-11-25T18:53:22+00:00","description":"Cam\u00e9ra thermique HikMicro S\u00e9rie-B : compacte, IP54, SuperIR, 25Hz, \u00e9cran tactile 3,2\u201d, alarme haute temp\u00e9rature et logiciel d\u2019analyse inclus.","breadcrumb":{"@id":"https:\/\/www.qnde.ca\/fr\/produit\/hikmicro-serie-b-camera-infrarouge-a-imagerie-thermique\/#breadcrumb"},"inLanguage":"fr-FR","potentialAction":[{"@type":"ReadAction","target":["https:\/\/www.qnde.ca\/fr\/produit\/hikmicro-serie-b-camera-infrarouge-a-imagerie-thermique\/"]}]},{"@type":"ImageObject","inLanguage":"fr-FR","@id":"https:\/\/www.qnde.ca\/fr\/produit\/hikmicro-serie-b-camera-infrarouge-a-imagerie-thermique\/#primaryimage","url":"https:\/\/www.qnde.ca\/wp-content\/uploads\/2023\/12\/B20-1-Infrared-Thermography-Camera-1.jpg","contentUrl":"https:\/\/www.qnde.ca\/wp-content\/uploads\/2023\/12\/B20-1-Infrared-Thermography-Camera-1.jpg","width":342,"height":342,"caption":"Une cam\u00e9ra thermique et un smartphone affichant la m\u00eame image thermique, pos\u00e9s sur un fond blanc \u00e9pur\u00e9"},{"@type":"BreadcrumbList","@id":"https:\/\/www.qnde.ca\/fr\/produit\/hikmicro-serie-b-camera-infrarouge-a-imagerie-thermique\/#breadcrumb","itemListElement":[{"@type":"ListItem","position":1,"name":"Accueil","item":"https:\/\/www.qnde.ca\/fr\/"},{"@type":"ListItem","position":2,"name":"Produits","item":"https:\/\/www.qnde.ca\/fr\/produits\/"},{"@type":"ListItem","position":3,"name":"Marques","item":"https:\/\/www.qnde.ca\/fr\/product-category\/marques\/"},{"@type":"ListItem","position":4,"name":"Autres Marques","item":"https:\/\/www.qnde.ca\/fr\/product-category\/marques\/autres-marques\/"},{"@type":"ListItem","position":5,"name":"HikMicro S\u00e9rie-B Cam\u00e9ra Infrarouge \u00e0 Imagerie Thermique"}]},{"@type":"WebSite","@id":"https:\/\/www.qnde.ca\/#website","url":"https:\/\/www.qnde.ca\/","name":"Qualit\u00e9 NDE","description":"\u00c9quipements d&#039;essais non destructifs ","publisher":{"@id":"https:\/\/www.qnde.ca\/#organization"},"potentialAction":[{"@type":"SearchAction","target":{"@type":"EntryPoint","urlTemplate":"https:\/\/www.qnde.ca\/?s={search_term_string}"},"query-input":{"@type":"PropertyValueSpecification","valueRequired":true,"valueName":"search_term_string"}}],"inLanguage":"fr-FR"},{"@type":"Organization","@id":"https:\/\/www.qnde.ca\/#organization","name":"Quality NDT Ltd.","url":"https:\/\/www.qnde.ca\/","logo":{"@type":"ImageObject","inLanguage":"fr-FR","@id":"https:\/\/www.qnde.ca\/#\/schema\/logo\/image\/","url":"https:\/\/www.qnde.ca\/wp-content\/uploads\/2022\/02\/QNDE_logo_RGB-gif.gif","contentUrl":"https:\/\/www.qnde.ca\/wp-content\/uploads\/2022\/02\/QNDE_logo_RGB-gif.gif","width":250,"height":64,"caption":"Quality NDT Ltd."},"image":{"@id":"https:\/\/www.qnde.ca\/#\/schema\/logo\/image\/"},"sameAs":["https:\/\/www.linkedin.com\/company\/qnde\/about\/?viewAsMember=true"]}]}},"jetpack_sharing_enabled":true,"_links":{"self":[{"href":"https:\/\/www.qnde.ca\/fr\/wp-json\/wp\/v2\/product\/32800","targetHints":{"allow":["GET"]}}],"collection":[{"href":"https:\/\/www.qnde.ca\/fr\/wp-json\/wp\/v2\/product"}],"about":[{"href":"https:\/\/www.qnde.ca\/fr\/wp-json\/wp\/v2\/types\/product"}],"wp:featuredmedia":[{"embeddable":true,"href":"https:\/\/www.qnde.ca\/fr\/wp-json\/wp\/v2\/media\/32797"}],"wp:attachment":[{"href":"https:\/\/www.qnde.ca\/fr\/wp-json\/wp\/v2\/media?parent=32800"}],"wp:term":[{"taxonomy":"product_brand","embeddable":true,"href":"https:\/\/www.qnde.ca\/fr\/wp-json\/wp\/v2\/product_brand?post=32800"},{"taxonomy":"product_cat","embeddable":true,"href":"https:\/\/www.qnde.ca\/fr\/wp-json\/wp\/v2\/product_cat?post=32800"},{"taxonomy":"product_tag","embeddable":true,"href":"https:\/\/www.qnde.ca\/fr\/wp-json\/wp\/v2\/product_tag?post=32800"}],"curies":[{"name":"wp","href":"https:\/\/api.w.org\/{rel}","templated":true}]}}