{"id":32714,"date":"2023-12-08T14:49:12","date_gmt":"2023-12-08T19:49:41","guid":{"rendered":"https:\/\/www.qnde.ca\/?post_type=product&#038;p=32714"},"modified":"2025-08-19T13:59:47","modified_gmt":"2025-08-19T17:59:47","slug":"hikmicro-serie-g-camera-infrarouge-a-imagerie-thermique","status":"publish","type":"product","link":"https:\/\/www.qnde.ca\/fr\/produit\/hikmicro-serie-g-camera-infrarouge-a-imagerie-thermique\/","title":{"rendered":"HikMicro S\u00e9rie-G Cam\u00e9ra Infrarouge \u00e0 Imagerie Thermique"},"content":{"rendered":"<h3><strong>HikMicro S\u00e9rie-G Cam\u00e9ra Infrarouge \u00e0 Imagerie Thermique<\/strong><\/h3>\n<p>Les cam\u00e9ras d&rsquo;imagerie thermique de la s\u00e9rie Genius de HikMicro sont \u00e0 ultra haute r\u00e9solution avec plusieurs modes d&rsquo;image.\u00a0 Les modes thermique, fusion, PIP et optique, pour r\u00e9pondre \u00e0 vos pr\u00e9f\u00e9rences et besoins. Avec des objectifs interchangeables et diff\u00e9rents modes de mise au point, ces cam\u00e9ras fournissent des images de haute performance pour vos besoins d&rsquo;inspection.<\/p>\n<p>IP54 avec un test de chute de 2 m\u00e8tres. Ces cam\u00e9ras thermographiques ont une fr\u00e9quence d&rsquo;image de 50 Hz, un pas de d\u00e9tecteur de 17 microns, une plage spectrale de 7,5 \u00e0 14 microns.Ils ont de plus une carte Micro SD de 64 Go d&rsquo;une capacit\u00e9 de 60 000 images, une capacit\u00e9 vid\u00e9o de 64 heures, 800 x 480 r\u00e9solution d&rsquo;affichage \u00c9cran tactile LCD de 4,3 pouces, et plus encore.<\/p>\n<p>Le kit standard comprend :<\/p>\n<ul>\n<li>une cam\u00e9ra thermique IP54.<\/li>\n<li>une dragonne.<\/li>\n<li>Li-ion rechargeables (3x).<\/li>\n<li>un chargeur avec alimentation avec fiches \u00e0 usage international.<\/li>\n<li>c\u00e2bles USB et HDMI.<\/li>\n<li>une carte Micro SD de 64 Go.<\/li>\n<li>un guide de d\u00e9marrage rapide.<\/li>\n<li>un certificat d&rsquo;\u00e9talonnage .<\/li>\n<li>un \u00e9tui de transport rigide.<\/li>\n<\/ul>\n<p>\u00c9galement inclus le logiciel PC ANALYZER. Post-analyse pour une visualisation intuitive, avanc\u00e9e et un traitement des donn\u00e9es thermiques.<\/p>\n<p>Options:<\/p>\n<ul>\n<li>G61H : plage de temp\u00e9rature de -20 \u00e0 650 Celsius (-4 \u00e0 1202 Farhrenheit), r\u00e9solution IR 640 x 480 et 1280 x 960 en r\u00e9solution Super IR pour un NETD sup\u00e9rieur \u00e0 35 mK. Garantie 3 ans.<\/li>\n<li>G31 : plage de temp\u00e9rature de -20 \u00e0 650 Celsius (-4 \u00e0 1202 Farhrenheit), r\u00e9solution IR 384 x 288 et 768 x 576 en r\u00e9solution Super IR pour un NETD meilleur que 35 mK. Garantie 3 ans.<\/li>\n<\/ul>\n<p>Contactez-nous pour plus d&rsquo;informations et\/ou pour recevoir une soumission.<\/p>\n","protected":false},"excerpt":{"rendered":"<p>HikMicro S\u00e9rie-G Cam\u00e9ra Infrarouge \u00e0 Imagerie Thermique Les cam\u00e9ras d&rsquo;imagerie thermique de la s\u00e9rie Genius de HikMicro sont \u00e0 ultra haute r\u00e9solution avec plusieurs modes d&rsquo;image.\u00a0 Les modes thermique, fusion, PIP et optique, pour r\u00e9pondre \u00e0 vos pr\u00e9f\u00e9rences et besoins. Avec des objectifs interchangeables et diff\u00e9rents modes de mise au point, ces cam\u00e9ras fournissent des [&hellip;]<\/p>\n","protected":false},"featured_media":32707,"template":"","meta":{"_monsterinsights_skip_tracking":false,"_monsterinsights_sitenote_active":false,"_monsterinsights_sitenote_note":"","_monsterinsights_sitenote_category":0},"product_brand":[],"product_cat":[402,418],"product_tag":[],"class_list":{"0":"post-32714","1":"product","2":"type-product","3":"status-publish","4":"has-post-thumbnail","6":"product_cat-autres-marques","7":"product_cat-infrarouge","9":"first","10":"instock","11":"shipping-taxable","12":"purchasable","13":"product-type-variable"},"yoast_head":"<!-- This site is optimized with the Yoast SEO plugin v23.9 - https:\/\/yoast.com\/wordpress\/plugins\/seo\/ -->\n<title>HikMicro S\u00e9rie-G Cam\u00e9ra Infrarouge \u00e0 Imagerie Thermique &#060; Qualit\u00e9 NDE<\/title>\n<meta name=\"description\" content=\"Cam\u00e9ra thermique HikMicro S\u00e9rie-G : IR haute r\u00e9solution, 50Hz, objectifs interchangeables, \u00e9cran 4,3&quot;, SD 64 Go, SuperIR, garantie 3 ans.\" \/>\n<meta name=\"robots\" content=\"index, follow, max-snippet:-1, max-image-preview:large, max-video-preview:-1\" \/>\n<link rel=\"canonical\" href=\"https:\/\/www.qnde.ca\/fr\/produit\/hikmicro-serie-g-camera-infrarouge-a-imagerie-thermique\/\" \/>\n<meta name=\"twitter:label1\" content=\"Dur\u00e9e de lecture estim\u00e9e\" \/>\n\t<meta name=\"twitter:data1\" content=\"2 minutes\" \/>\n<script type=\"application\/ld+json\" class=\"yoast-schema-graph\">{\"@context\":\"https:\/\/schema.org\",\"@graph\":[{\"@type\":[\"WebPage\",\"ItemPage\"],\"@id\":\"https:\/\/www.qnde.ca\/fr\/produit\/hikmicro-serie-g-camera-infrarouge-a-imagerie-thermique\/\",\"url\":\"https:\/\/www.qnde.ca\/fr\/produit\/hikmicro-serie-g-camera-infrarouge-a-imagerie-thermique\/\",\"name\":\"HikMicro S\u00e9rie-G Cam\u00e9ra Infrarouge \u00e0 Imagerie Thermique &#060; Qualit\u00e9 NDE\",\"isPartOf\":{\"@id\":\"https:\/\/www.qnde.ca\/#website\"},\"primaryImageOfPage\":{\"@id\":\"https:\/\/www.qnde.ca\/fr\/produit\/hikmicro-serie-g-camera-infrarouge-a-imagerie-thermique\/#primaryimage\"},\"image\":{\"@id\":\"https:\/\/www.qnde.ca\/fr\/produit\/hikmicro-serie-g-camera-infrarouge-a-imagerie-thermique\/#primaryimage\"},\"thumbnailUrl\":\"https:\/\/www.qnde.ca\/wp-content\/uploads\/2023\/12\/G-Series-01-Infrared-Thermography-Camera-20-to-650C-Front-view.png\",\"datePublished\":\"2023-12-08T19:49:41+00:00\",\"dateModified\":\"2025-08-19T17:59:47+00:00\",\"description\":\"Cam\u00e9ra thermique HikMicro S\u00e9rie-G : IR haute r\u00e9solution, 50Hz, objectifs interchangeables, \u00e9cran 4,3\\\", SD 64 Go, SuperIR, garantie 3 ans.\",\"breadcrumb\":{\"@id\":\"https:\/\/www.qnde.ca\/fr\/produit\/hikmicro-serie-g-camera-infrarouge-a-imagerie-thermique\/#breadcrumb\"},\"inLanguage\":\"fr-FR\",\"potentialAction\":[{\"@type\":\"ReadAction\",\"target\":[\"https:\/\/www.qnde.ca\/fr\/produit\/hikmicro-serie-g-camera-infrarouge-a-imagerie-thermique\/\"]}]},{\"@type\":\"ImageObject\",\"inLanguage\":\"fr-FR\",\"@id\":\"https:\/\/www.qnde.ca\/fr\/produit\/hikmicro-serie-g-camera-infrarouge-a-imagerie-thermique\/#primaryimage\",\"url\":\"https:\/\/www.qnde.ca\/wp-content\/uploads\/2023\/12\/G-Series-01-Infrared-Thermography-Camera-20-to-650C-Front-view.png\",\"contentUrl\":\"https:\/\/www.qnde.ca\/wp-content\/uploads\/2023\/12\/G-Series-01-Infrared-Thermography-Camera-20-to-650C-Front-view.png\",\"width\":2048,\"height\":2048},{\"@type\":\"BreadcrumbList\",\"@id\":\"https:\/\/www.qnde.ca\/fr\/produit\/hikmicro-serie-g-camera-infrarouge-a-imagerie-thermique\/#breadcrumb\",\"itemListElement\":[{\"@type\":\"ListItem\",\"position\":1,\"name\":\"Accueil\",\"item\":\"https:\/\/www.qnde.ca\/fr\/\"},{\"@type\":\"ListItem\",\"position\":2,\"name\":\"Produits\",\"item\":\"https:\/\/www.qnde.ca\/fr\/produits\/\"},{\"@type\":\"ListItem\",\"position\":3,\"name\":\"Marques\",\"item\":\"https:\/\/www.qnde.ca\/fr\/product-category\/marques\/\"},{\"@type\":\"ListItem\",\"position\":4,\"name\":\"Autres Marques\",\"item\":\"https:\/\/www.qnde.ca\/fr\/product-category\/marques\/autres-marques\/\"},{\"@type\":\"ListItem\",\"position\":5,\"name\":\"HikMicro S\u00e9rie-G Cam\u00e9ra Infrarouge \u00e0 Imagerie Thermique\"}]},{\"@type\":\"WebSite\",\"@id\":\"https:\/\/www.qnde.ca\/#website\",\"url\":\"https:\/\/www.qnde.ca\/\",\"name\":\"Qualit\u00e9 NDE\",\"description\":\"\u00c9quipements d&#039;essais non destructifs \",\"publisher\":{\"@id\":\"https:\/\/www.qnde.ca\/#organization\"},\"potentialAction\":[{\"@type\":\"SearchAction\",\"target\":{\"@type\":\"EntryPoint\",\"urlTemplate\":\"https:\/\/www.qnde.ca\/?s={search_term_string}\"},\"query-input\":{\"@type\":\"PropertyValueSpecification\",\"valueRequired\":true,\"valueName\":\"search_term_string\"}}],\"inLanguage\":\"fr-FR\"},{\"@type\":\"Organization\",\"@id\":\"https:\/\/www.qnde.ca\/#organization\",\"name\":\"Quality NDT Ltd.\",\"url\":\"https:\/\/www.qnde.ca\/\",\"logo\":{\"@type\":\"ImageObject\",\"inLanguage\":\"fr-FR\",\"@id\":\"https:\/\/www.qnde.ca\/#\/schema\/logo\/image\/\",\"url\":\"https:\/\/www.qnde.ca\/wp-content\/uploads\/2022\/02\/QNDE_logo_RGB-gif.gif\",\"contentUrl\":\"https:\/\/www.qnde.ca\/wp-content\/uploads\/2022\/02\/QNDE_logo_RGB-gif.gif\",\"width\":250,\"height\":64,\"caption\":\"Quality NDT Ltd.\"},\"image\":{\"@id\":\"https:\/\/www.qnde.ca\/#\/schema\/logo\/image\/\"},\"sameAs\":[\"https:\/\/www.linkedin.com\/company\/qnde\/about\/?viewAsMember=true\"]}]}<\/script>\n<!-- \/ Yoast SEO plugin. -->","yoast_head_json":{"title":"HikMicro S\u00e9rie-G Cam\u00e9ra Infrarouge \u00e0 Imagerie Thermique &#060; Qualit\u00e9 NDE","description":"Cam\u00e9ra thermique HikMicro S\u00e9rie-G : IR haute r\u00e9solution, 50Hz, objectifs interchangeables, \u00e9cran 4,3\", SD 64 Go, SuperIR, garantie 3 ans.","robots":{"index":"index","follow":"follow","max-snippet":"max-snippet:-1","max-image-preview":"max-image-preview:large","max-video-preview":"max-video-preview:-1"},"canonical":"https:\/\/www.qnde.ca\/fr\/produit\/hikmicro-serie-g-camera-infrarouge-a-imagerie-thermique\/","twitter_misc":{"Dur\u00e9e de lecture estim\u00e9e":"2 minutes"},"schema":{"@context":"https:\/\/schema.org","@graph":[{"@type":["WebPage","ItemPage"],"@id":"https:\/\/www.qnde.ca\/fr\/produit\/hikmicro-serie-g-camera-infrarouge-a-imagerie-thermique\/","url":"https:\/\/www.qnde.ca\/fr\/produit\/hikmicro-serie-g-camera-infrarouge-a-imagerie-thermique\/","name":"HikMicro S\u00e9rie-G Cam\u00e9ra Infrarouge \u00e0 Imagerie Thermique &#060; Qualit\u00e9 NDE","isPartOf":{"@id":"https:\/\/www.qnde.ca\/#website"},"primaryImageOfPage":{"@id":"https:\/\/www.qnde.ca\/fr\/produit\/hikmicro-serie-g-camera-infrarouge-a-imagerie-thermique\/#primaryimage"},"image":{"@id":"https:\/\/www.qnde.ca\/fr\/produit\/hikmicro-serie-g-camera-infrarouge-a-imagerie-thermique\/#primaryimage"},"thumbnailUrl":"https:\/\/www.qnde.ca\/wp-content\/uploads\/2023\/12\/G-Series-01-Infrared-Thermography-Camera-20-to-650C-Front-view.png","datePublished":"2023-12-08T19:49:41+00:00","dateModified":"2025-08-19T17:59:47+00:00","description":"Cam\u00e9ra thermique HikMicro S\u00e9rie-G : IR haute r\u00e9solution, 50Hz, objectifs interchangeables, \u00e9cran 4,3\", SD 64 Go, SuperIR, garantie 3 ans.","breadcrumb":{"@id":"https:\/\/www.qnde.ca\/fr\/produit\/hikmicro-serie-g-camera-infrarouge-a-imagerie-thermique\/#breadcrumb"},"inLanguage":"fr-FR","potentialAction":[{"@type":"ReadAction","target":["https:\/\/www.qnde.ca\/fr\/produit\/hikmicro-serie-g-camera-infrarouge-a-imagerie-thermique\/"]}]},{"@type":"ImageObject","inLanguage":"fr-FR","@id":"https:\/\/www.qnde.ca\/fr\/produit\/hikmicro-serie-g-camera-infrarouge-a-imagerie-thermique\/#primaryimage","url":"https:\/\/www.qnde.ca\/wp-content\/uploads\/2023\/12\/G-Series-01-Infrared-Thermography-Camera-20-to-650C-Front-view.png","contentUrl":"https:\/\/www.qnde.ca\/wp-content\/uploads\/2023\/12\/G-Series-01-Infrared-Thermography-Camera-20-to-650C-Front-view.png","width":2048,"height":2048},{"@type":"BreadcrumbList","@id":"https:\/\/www.qnde.ca\/fr\/produit\/hikmicro-serie-g-camera-infrarouge-a-imagerie-thermique\/#breadcrumb","itemListElement":[{"@type":"ListItem","position":1,"name":"Accueil","item":"https:\/\/www.qnde.ca\/fr\/"},{"@type":"ListItem","position":2,"name":"Produits","item":"https:\/\/www.qnde.ca\/fr\/produits\/"},{"@type":"ListItem","position":3,"name":"Marques","item":"https:\/\/www.qnde.ca\/fr\/product-category\/marques\/"},{"@type":"ListItem","position":4,"name":"Autres Marques","item":"https:\/\/www.qnde.ca\/fr\/product-category\/marques\/autres-marques\/"},{"@type":"ListItem","position":5,"name":"HikMicro S\u00e9rie-G Cam\u00e9ra Infrarouge \u00e0 Imagerie Thermique"}]},{"@type":"WebSite","@id":"https:\/\/www.qnde.ca\/#website","url":"https:\/\/www.qnde.ca\/","name":"Qualit\u00e9 NDE","description":"\u00c9quipements d&#039;essais non destructifs ","publisher":{"@id":"https:\/\/www.qnde.ca\/#organization"},"potentialAction":[{"@type":"SearchAction","target":{"@type":"EntryPoint","urlTemplate":"https:\/\/www.qnde.ca\/?s={search_term_string}"},"query-input":{"@type":"PropertyValueSpecification","valueRequired":true,"valueName":"search_term_string"}}],"inLanguage":"fr-FR"},{"@type":"Organization","@id":"https:\/\/www.qnde.ca\/#organization","name":"Quality NDT Ltd.","url":"https:\/\/www.qnde.ca\/","logo":{"@type":"ImageObject","inLanguage":"fr-FR","@id":"https:\/\/www.qnde.ca\/#\/schema\/logo\/image\/","url":"https:\/\/www.qnde.ca\/wp-content\/uploads\/2022\/02\/QNDE_logo_RGB-gif.gif","contentUrl":"https:\/\/www.qnde.ca\/wp-content\/uploads\/2022\/02\/QNDE_logo_RGB-gif.gif","width":250,"height":64,"caption":"Quality NDT Ltd."},"image":{"@id":"https:\/\/www.qnde.ca\/#\/schema\/logo\/image\/"},"sameAs":["https:\/\/www.linkedin.com\/company\/qnde\/about\/?viewAsMember=true"]}]}},"jetpack_sharing_enabled":true,"_links":{"self":[{"href":"https:\/\/www.qnde.ca\/fr\/wp-json\/wp\/v2\/product\/32714","targetHints":{"allow":["GET"]}}],"collection":[{"href":"https:\/\/www.qnde.ca\/fr\/wp-json\/wp\/v2\/product"}],"about":[{"href":"https:\/\/www.qnde.ca\/fr\/wp-json\/wp\/v2\/types\/product"}],"wp:featuredmedia":[{"embeddable":true,"href":"https:\/\/www.qnde.ca\/fr\/wp-json\/wp\/v2\/media\/32707"}],"wp:attachment":[{"href":"https:\/\/www.qnde.ca\/fr\/wp-json\/wp\/v2\/media?parent=32714"}],"wp:term":[{"taxonomy":"product_brand","embeddable":true,"href":"https:\/\/www.qnde.ca\/fr\/wp-json\/wp\/v2\/product_brand?post=32714"},{"taxonomy":"product_cat","embeddable":true,"href":"https:\/\/www.qnde.ca\/fr\/wp-json\/wp\/v2\/product_cat?post=32714"},{"taxonomy":"product_tag","embeddable":true,"href":"https:\/\/www.qnde.ca\/fr\/wp-json\/wp\/v2\/product_tag?post=32714"}],"curies":[{"name":"wp","href":"https:\/\/api.w.org\/{rel}","templated":true}]}}