{"id":32704,"date":"2023-12-08T14:48:19","date_gmt":"2023-12-08T19:28:42","guid":{"rendered":"https:\/\/www.qnde.ca\/?post_type=product&#038;p=32704"},"modified":"2025-08-19T14:09:51","modified_gmt":"2025-08-19T18:09:51","slug":"hikmicro-camera-infrarouge-serie-sp","status":"publish","type":"product","link":"https:\/\/www.qnde.ca\/fr\/produit\/hikmicro-camera-infrarouge-serie-sp\/","title":{"rendered":"HikMicro S\u00e9rie-SP Cam\u00e9ra Infrarouge \u00e0 Imagerie Thermique"},"content":{"rendered":"<h3><strong>HikMicro S<\/strong><strong style=\"font-size: 16px;\">\u00e9rie-SP C<\/strong><strong style=\"font-size: 16px;\">am\u00e9ra Infrarouge \u00e0 Imagerie Thermique\u00a0<\/strong><\/h3>\n<p>Les cam\u00e9ras infrarouges \u00e0 imagerie thermique sont id\u00e9ales pour les applications commerciales, industrielles et utilitaires. Avec 5 modes d&rsquo;imagerie, dont thermique, fusion, PIP, m\u00e9lange et visuel, elles facilitent la d\u00e9tection des signes de dysfonctionnement pendant l\u2019examen des \u00e9quipements. Elles ont des\u00a0 fonctionnalit\u00e9s telles que la technologie d&rsquo;am\u00e9lioration de l&rsquo;image SuperIR, un objectif et un \u00e9cran rotatifs flexibles, un viseur OLED (SP60\/60H uniquement), une plage de temp\u00e9ratures extr\u00eames, des objectifs interchangeables et un zoom num\u00e9rique continu, un niveau et une \u00e9tendue en un seul clic, des annotations d&rsquo;image multiples et compl\u00e8tes, radiom\u00e9trique analyse vid\u00e9o, syst\u00e8me de batterie interchangeable et t\u00e9l\u00e9m\u00e8tre laser int\u00e9gr\u00e9, cette unit\u00e9 robuste est durable et con\u00e7ue pour l&rsquo;ext\u00e9rieur.<\/p>\n<p>Ces cam\u00e9ras thermographiques ont une fr\u00e9quence d&rsquo;image de 25 Hz, un pas de d\u00e9tecteur de 17 microns et une plage spectrale de 7,5 \u00e0 14 microns.Elles ont de plus, une carte Micro SD de 64 Go d&rsquo;une capacit\u00e9 de 60 000 images, une capacit\u00e9 vid\u00e9o de 64 heures, un \u00e9cran tactile LCD de 5 pouces avec une r\u00e9solution de 1 280 x 720 et plus.<\/p>\n<h3>Le kit standard comprend\u00a0:<\/h3>\n<ul>\n<li>une cam\u00e9ra thermique IP54.<\/li>\n<li>une dragonne.<\/li>\n<li>un capuchon de viseur en caoutchouc (SP60\/60H uniquement).<\/li>\n<li>des capuchons d&rsquo;objectif d&rsquo;appareil photo.<\/li>\n<li>des batteries Li-ion rechargeables (2x).<\/li>\n<li>un chargeur avec alimentation avec fiches \u00e0 usage international.<\/li>\n<li>c\u00e2bles USB et HDMI.<\/li>\n<li>Carte Micro SD 64 Go.<\/li>\n<li>guide de d\u00e9marrage rapide.<\/li>\n<li>certificat d&rsquo;\u00e9talonnage.<\/li>\n<li>\u00e9tui de transport rigide.<\/li>\n<\/ul>\n<p>\u00c9galement inclus le logiciel PC ANALYZER post-analyse pour une visualisation intuitive, une analyse avanc\u00e9e et un traitement des donn\u00e9es thermiques.<\/p>\n<p>Options:<\/p>\n<ul>\n<li>SP40 : plage de temp\u00e9rature de -20 \u00e0 650 Celsius (-4 \u00e0 1202 Farhrenheit), r\u00e9solution IR 480 x 360 et 960 x 720 en r\u00e9solution Super IR pour un NETD meilleur que 30 mK. Garantie 3 ans.<\/li>\n<li>SP40H : plage de temp\u00e9rature de -40 \u00e0 2200 Celsius (-40 \u00e0 3992 Farhrenheit), r\u00e9solution IR 480 x 360 et 960 x 720 en r\u00e9solution Super IR pour un NETD sup\u00e9rieur \u00e0 30 mK. Garantie 3 ans.<\/li>\n<li>SP60 : plage de temp\u00e9rature de -20 \u00e0 650 Celsius (-4 \u00e0 1202 Farhrenheit), r\u00e9solution IR 640 x 480 et 1280 x 960 en r\u00e9solution Super IR pour un NETD sup\u00e9rieur \u00e0 30 mK. Garantie 3 ans.<\/li>\n<li>SP60H : plage de temp\u00e9rature de -40 \u00e0 2200 Celsius (-40 \u00e0 3992 Farhrenheit), r\u00e9solution IR 640 x 480 et 1280 x 960 en r\u00e9solution Super IR pour un NETD sup\u00e9rieur \u00e0 30 mK. Garantie 3 ans.<\/li>\n<\/ul>\n<p>Contactez-nous pour plus d&rsquo;informations et\/ou pour recevoir une soumission.<\/p>\n","protected":false},"excerpt":{"rendered":"<p>HikMicro S\u00e9rie-SP Cam\u00e9ra Infrarouge \u00e0 Imagerie Thermique\u00a0 Les cam\u00e9ras infrarouges \u00e0 imagerie thermique sont id\u00e9ales pour les applications commerciales, industrielles et utilitaires. Avec 5 modes d&rsquo;imagerie, dont thermique, fusion, PIP, m\u00e9lange et visuel, elles facilitent la d\u00e9tection des signes de dysfonctionnement pendant l\u2019examen des \u00e9quipements. Elles ont des\u00a0 fonctionnalit\u00e9s telles que la technologie d&rsquo;am\u00e9lioration de [&hellip;]<\/p>\n","protected":false},"featured_media":32699,"template":"","meta":{"_monsterinsights_skip_tracking":false,"_monsterinsights_sitenote_active":false,"_monsterinsights_sitenote_note":"","_monsterinsights_sitenote_category":0},"product_brand":[],"product_cat":[402,418],"product_tag":[],"class_list":{"0":"post-32704","1":"product","2":"type-product","3":"status-publish","4":"has-post-thumbnail","6":"product_cat-autres-marques","7":"product_cat-infrarouge","9":"first","10":"instock","11":"shipping-taxable","12":"purchasable","13":"product-type-variable"},"yoast_head":"<!-- This site is optimized with the Yoast SEO plugin v23.9 - https:\/\/yoast.com\/wordpress\/plugins\/seo\/ -->\n<title>HikMicro S\u00e9rie-SP Cam\u00e9ra Infrarouge \u00e0 Imagerie Thermique &#060; Qualit\u00e9 NDE<\/title>\n<meta name=\"description\" content=\"Les cam\u00e9ras infrarouges \u00e0 imagerie thermique HikMicro s\u00e9rie SP sont id\u00e9ales pour les applications commerciales, industrielles et utilitaires.\" \/>\n<meta name=\"robots\" content=\"index, follow, max-snippet:-1, max-image-preview:large, max-video-preview:-1\" \/>\n<link rel=\"canonical\" href=\"https:\/\/www.qnde.ca\/fr\/produit\/hikmicro-camera-infrarouge-serie-sp\/\" \/>\n<meta name=\"twitter:label1\" content=\"Dur\u00e9e de lecture estim\u00e9e\" \/>\n\t<meta name=\"twitter:data1\" content=\"3 minutes\" \/>\n<script type=\"application\/ld+json\" class=\"yoast-schema-graph\">{\"@context\":\"https:\/\/schema.org\",\"@graph\":[{\"@type\":[\"WebPage\",\"ItemPage\"],\"@id\":\"https:\/\/www.qnde.ca\/fr\/produit\/hikmicro-camera-infrarouge-serie-sp\/\",\"url\":\"https:\/\/www.qnde.ca\/fr\/produit\/hikmicro-camera-infrarouge-serie-sp\/\",\"name\":\"HikMicro S\u00e9rie-SP Cam\u00e9ra Infrarouge \u00e0 Imagerie Thermique &#060; Qualit\u00e9 NDE\",\"isPartOf\":{\"@id\":\"https:\/\/www.qnde.ca\/#website\"},\"primaryImageOfPage\":{\"@id\":\"https:\/\/www.qnde.ca\/fr\/produit\/hikmicro-camera-infrarouge-serie-sp\/#primaryimage\"},\"image\":{\"@id\":\"https:\/\/www.qnde.ca\/fr\/produit\/hikmicro-camera-infrarouge-serie-sp\/#primaryimage\"},\"thumbnailUrl\":\"https:\/\/www.qnde.ca\/wp-content\/uploads\/2023\/12\/SP60-1-Infrared-Thermography-Camera-20-to-650C.png\",\"datePublished\":\"2023-12-08T19:28:42+00:00\",\"dateModified\":\"2025-08-19T18:09:51+00:00\",\"description\":\"Les cam\u00e9ras infrarouges \u00e0 imagerie thermique HikMicro s\u00e9rie SP sont id\u00e9ales pour les applications commerciales, industrielles et utilitaires.\",\"breadcrumb\":{\"@id\":\"https:\/\/www.qnde.ca\/fr\/produit\/hikmicro-camera-infrarouge-serie-sp\/#breadcrumb\"},\"inLanguage\":\"fr-FR\",\"potentialAction\":[{\"@type\":\"ReadAction\",\"target\":[\"https:\/\/www.qnde.ca\/fr\/produit\/hikmicro-camera-infrarouge-serie-sp\/\"]}]},{\"@type\":\"ImageObject\",\"inLanguage\":\"fr-FR\",\"@id\":\"https:\/\/www.qnde.ca\/fr\/produit\/hikmicro-camera-infrarouge-serie-sp\/#primaryimage\",\"url\":\"https:\/\/www.qnde.ca\/wp-content\/uploads\/2023\/12\/SP60-1-Infrared-Thermography-Camera-20-to-650C.png\",\"contentUrl\":\"https:\/\/www.qnde.ca\/wp-content\/uploads\/2023\/12\/SP60-1-Infrared-Thermography-Camera-20-to-650C.png\",\"width\":2048,\"height\":2048,\"caption\":\"Cam\u00e9ra thermique affichant l\u2019image d\u2019une ligne \u00e9lectrique, mettant en \u00e9vidence les variations de temp\u00e9rature \u00e0 des fins d\u2019inspection.\"},{\"@type\":\"BreadcrumbList\",\"@id\":\"https:\/\/www.qnde.ca\/fr\/produit\/hikmicro-camera-infrarouge-serie-sp\/#breadcrumb\",\"itemListElement\":[{\"@type\":\"ListItem\",\"position\":1,\"name\":\"Accueil\",\"item\":\"https:\/\/www.qnde.ca\/fr\/\"},{\"@type\":\"ListItem\",\"position\":2,\"name\":\"Produits\",\"item\":\"https:\/\/www.qnde.ca\/fr\/produits\/\"},{\"@type\":\"ListItem\",\"position\":3,\"name\":\"Brands\",\"item\":\"https:\/\/www.qnde.ca\/product-category\/brands\/\"},{\"@type\":\"ListItem\",\"position\":4,\"name\":\"Other Brands\",\"item\":\"https:\/\/www.qnde.ca\/product-category\/brands\/other-brands\/\"},{\"@type\":\"ListItem\",\"position\":5,\"name\":\"HikMicro S\u00e9rie-SP Cam\u00e9ra Infrarouge \u00e0 Imagerie Thermique\"}]},{\"@type\":\"WebSite\",\"@id\":\"https:\/\/www.qnde.ca\/#website\",\"url\":\"https:\/\/www.qnde.ca\/\",\"name\":\"Qualit\u00e9 NDE\",\"description\":\"\u00c9quipements d&#039;essais non destructifs \",\"publisher\":{\"@id\":\"https:\/\/www.qnde.ca\/#organization\"},\"potentialAction\":[{\"@type\":\"SearchAction\",\"target\":{\"@type\":\"EntryPoint\",\"urlTemplate\":\"https:\/\/www.qnde.ca\/?s={search_term_string}\"},\"query-input\":{\"@type\":\"PropertyValueSpecification\",\"valueRequired\":true,\"valueName\":\"search_term_string\"}}],\"inLanguage\":\"fr-FR\"},{\"@type\":\"Organization\",\"@id\":\"https:\/\/www.qnde.ca\/#organization\",\"name\":\"Quality NDT Ltd.\",\"url\":\"https:\/\/www.qnde.ca\/\",\"logo\":{\"@type\":\"ImageObject\",\"inLanguage\":\"fr-FR\",\"@id\":\"https:\/\/www.qnde.ca\/#\/schema\/logo\/image\/\",\"url\":\"https:\/\/www.qnde.ca\/wp-content\/uploads\/2022\/02\/QNDE_logo_RGB-gif.gif\",\"contentUrl\":\"https:\/\/www.qnde.ca\/wp-content\/uploads\/2022\/02\/QNDE_logo_RGB-gif.gif\",\"width\":250,\"height\":64,\"caption\":\"Quality NDT Ltd.\"},\"image\":{\"@id\":\"https:\/\/www.qnde.ca\/#\/schema\/logo\/image\/\"},\"sameAs\":[\"https:\/\/www.linkedin.com\/company\/qnde\/about\/?viewAsMember=true\"]}]}<\/script>\n<!-- \/ Yoast SEO plugin. -->","yoast_head_json":{"title":"HikMicro S\u00e9rie-SP Cam\u00e9ra Infrarouge \u00e0 Imagerie Thermique &#060; Qualit\u00e9 NDE","description":"Les cam\u00e9ras infrarouges \u00e0 imagerie thermique HikMicro s\u00e9rie SP sont id\u00e9ales pour les applications commerciales, industrielles et utilitaires.","robots":{"index":"index","follow":"follow","max-snippet":"max-snippet:-1","max-image-preview":"max-image-preview:large","max-video-preview":"max-video-preview:-1"},"canonical":"https:\/\/www.qnde.ca\/fr\/produit\/hikmicro-camera-infrarouge-serie-sp\/","twitter_misc":{"Dur\u00e9e de lecture estim\u00e9e":"3 minutes"},"schema":{"@context":"https:\/\/schema.org","@graph":[{"@type":["WebPage","ItemPage"],"@id":"https:\/\/www.qnde.ca\/fr\/produit\/hikmicro-camera-infrarouge-serie-sp\/","url":"https:\/\/www.qnde.ca\/fr\/produit\/hikmicro-camera-infrarouge-serie-sp\/","name":"HikMicro S\u00e9rie-SP Cam\u00e9ra Infrarouge \u00e0 Imagerie Thermique &#060; Qualit\u00e9 NDE","isPartOf":{"@id":"https:\/\/www.qnde.ca\/#website"},"primaryImageOfPage":{"@id":"https:\/\/www.qnde.ca\/fr\/produit\/hikmicro-camera-infrarouge-serie-sp\/#primaryimage"},"image":{"@id":"https:\/\/www.qnde.ca\/fr\/produit\/hikmicro-camera-infrarouge-serie-sp\/#primaryimage"},"thumbnailUrl":"https:\/\/www.qnde.ca\/wp-content\/uploads\/2023\/12\/SP60-1-Infrared-Thermography-Camera-20-to-650C.png","datePublished":"2023-12-08T19:28:42+00:00","dateModified":"2025-08-19T18:09:51+00:00","description":"Les cam\u00e9ras infrarouges \u00e0 imagerie thermique HikMicro s\u00e9rie SP sont id\u00e9ales pour les applications commerciales, industrielles et utilitaires.","breadcrumb":{"@id":"https:\/\/www.qnde.ca\/fr\/produit\/hikmicro-camera-infrarouge-serie-sp\/#breadcrumb"},"inLanguage":"fr-FR","potentialAction":[{"@type":"ReadAction","target":["https:\/\/www.qnde.ca\/fr\/produit\/hikmicro-camera-infrarouge-serie-sp\/"]}]},{"@type":"ImageObject","inLanguage":"fr-FR","@id":"https:\/\/www.qnde.ca\/fr\/produit\/hikmicro-camera-infrarouge-serie-sp\/#primaryimage","url":"https:\/\/www.qnde.ca\/wp-content\/uploads\/2023\/12\/SP60-1-Infrared-Thermography-Camera-20-to-650C.png","contentUrl":"https:\/\/www.qnde.ca\/wp-content\/uploads\/2023\/12\/SP60-1-Infrared-Thermography-Camera-20-to-650C.png","width":2048,"height":2048,"caption":"Cam\u00e9ra thermique affichant l\u2019image d\u2019une ligne \u00e9lectrique, mettant en \u00e9vidence les variations de temp\u00e9rature \u00e0 des fins d\u2019inspection."},{"@type":"BreadcrumbList","@id":"https:\/\/www.qnde.ca\/fr\/produit\/hikmicro-camera-infrarouge-serie-sp\/#breadcrumb","itemListElement":[{"@type":"ListItem","position":1,"name":"Accueil","item":"https:\/\/www.qnde.ca\/fr\/"},{"@type":"ListItem","position":2,"name":"Produits","item":"https:\/\/www.qnde.ca\/fr\/produits\/"},{"@type":"ListItem","position":3,"name":"Brands","item":"https:\/\/www.qnde.ca\/product-category\/brands\/"},{"@type":"ListItem","position":4,"name":"Other Brands","item":"https:\/\/www.qnde.ca\/product-category\/brands\/other-brands\/"},{"@type":"ListItem","position":5,"name":"HikMicro S\u00e9rie-SP Cam\u00e9ra Infrarouge \u00e0 Imagerie Thermique"}]},{"@type":"WebSite","@id":"https:\/\/www.qnde.ca\/#website","url":"https:\/\/www.qnde.ca\/","name":"Qualit\u00e9 NDE","description":"\u00c9quipements d&#039;essais non destructifs ","publisher":{"@id":"https:\/\/www.qnde.ca\/#organization"},"potentialAction":[{"@type":"SearchAction","target":{"@type":"EntryPoint","urlTemplate":"https:\/\/www.qnde.ca\/?s={search_term_string}"},"query-input":{"@type":"PropertyValueSpecification","valueRequired":true,"valueName":"search_term_string"}}],"inLanguage":"fr-FR"},{"@type":"Organization","@id":"https:\/\/www.qnde.ca\/#organization","name":"Quality NDT Ltd.","url":"https:\/\/www.qnde.ca\/","logo":{"@type":"ImageObject","inLanguage":"fr-FR","@id":"https:\/\/www.qnde.ca\/#\/schema\/logo\/image\/","url":"https:\/\/www.qnde.ca\/wp-content\/uploads\/2022\/02\/QNDE_logo_RGB-gif.gif","contentUrl":"https:\/\/www.qnde.ca\/wp-content\/uploads\/2022\/02\/QNDE_logo_RGB-gif.gif","width":250,"height":64,"caption":"Quality NDT Ltd."},"image":{"@id":"https:\/\/www.qnde.ca\/#\/schema\/logo\/image\/"},"sameAs":["https:\/\/www.linkedin.com\/company\/qnde\/about\/?viewAsMember=true"]}]}},"jetpack_sharing_enabled":true,"_links":{"self":[{"href":"https:\/\/www.qnde.ca\/fr\/wp-json\/wp\/v2\/product\/32704","targetHints":{"allow":["GET"]}}],"collection":[{"href":"https:\/\/www.qnde.ca\/fr\/wp-json\/wp\/v2\/product"}],"about":[{"href":"https:\/\/www.qnde.ca\/fr\/wp-json\/wp\/v2\/types\/product"}],"wp:featuredmedia":[{"embeddable":true,"href":"https:\/\/www.qnde.ca\/fr\/wp-json\/wp\/v2\/media\/32699"}],"wp:attachment":[{"href":"https:\/\/www.qnde.ca\/fr\/wp-json\/wp\/v2\/media?parent=32704"}],"wp:term":[{"taxonomy":"product_brand","embeddable":true,"href":"https:\/\/www.qnde.ca\/fr\/wp-json\/wp\/v2\/product_brand?post=32704"},{"taxonomy":"product_cat","embeddable":true,"href":"https:\/\/www.qnde.ca\/fr\/wp-json\/wp\/v2\/product_cat?post=32704"},{"taxonomy":"product_tag","embeddable":true,"href":"https:\/\/www.qnde.ca\/fr\/wp-json\/wp\/v2\/product_tag?post=32704"}],"curies":[{"name":"wp","href":"https:\/\/api.w.org\/{rel}","templated":true}]}}