{"id":32594,"date":"2023-11-14T13:37:02","date_gmt":"2025-06-17T15:54:04","guid":{"rendered":"https:\/\/www.qnde.ca\/?post_type=product&#038;p=32594"},"modified":"2025-11-05T10:16:16","modified_gmt":"2025-11-05T15:16:16","slug":"lcndt-dl-1-lampe-led-pour-piece-sombre","status":"publish","type":"product","link":"https:\/\/www.qnde.ca\/fr\/produit\/lcndt-dl-1-lampe-led-pour-piece-sombre\/","title":{"rendered":"LCNDT DL-1 Lampe LED pour Pi\u00e8ce Sombre"},"content":{"rendered":"<h3><strong>LCNDT DL-1 Lampe LED pour pi\u00e8ce sombre<\/strong><\/h3>\n<p>La Lampe LED DL-1 est une lampe \u00e0 monter sur le mur ou le plafond d&rsquo;une chambre noire, fournie avec un support inclinable robuste qui peut pivoter de 120 degr\u00e9s vers le haut\/bas et d&rsquo;un c\u00f4t\u00e9 \u00e0 l&rsquo;autre. La lampe en aluminium est IP53 et est \u00e9quip\u00e9e d&rsquo;un variateur de 20 \u00e0 100 %, d&rsquo;un interrupteur ON\/OFF. Livr\u00e9 avec une alimentation 90-264VAC, 47\/63Hz, il ne n\u00e9cessite que 10W. 1 an de garantie.<\/p>\n<p>DL-1\u00a0:\u00a0\u00e9clairage LED de s\u00e9curit\u00e9 pour pi\u00e8ce sombre.<\/p>\n<p>&nbsp;<\/p>\n<p>Contactez-nous pour plus d&rsquo;information et\/ou recevoir une soumission.<\/p>\n","protected":false},"excerpt":{"rendered":"<p>LCNDT DL-1 Lampe LED pour pi\u00e8ce sombre La Lampe LED DL-1 est une lampe \u00e0 monter sur le mur ou le plafond d&rsquo;une chambre noire, fournie avec un support inclinable robuste qui peut pivoter de 120 degr\u00e9s vers le haut\/bas et d&rsquo;un c\u00f4t\u00e9 \u00e0 l&rsquo;autre. La lampe en aluminium est IP53 et est \u00e9quip\u00e9e d&rsquo;un [&hellip;]<\/p>\n","protected":false},"featured_media":32593,"template":"","meta":{"_monsterinsights_skip_tracking":false,"_monsterinsights_sitenote_active":false,"_monsterinsights_sitenote_note":"","_monsterinsights_sitenote_category":0},"product_brand":[],"product_cat":[402,138,322],"product_tag":[],"class_list":{"0":"post-32594","1":"product","2":"type-product","3":"status-publish","4":"has-post-thumbnail","6":"product_cat-autres-marques","7":"product_cat-radiographie","8":"product_cat-equipements-chambre-noire","10":"first","11":"instock","12":"shipping-taxable","13":"product-type-simple"},"yoast_head":"<!-- This site is optimized with the Yoast SEO plugin v23.9 - https:\/\/yoast.com\/wordpress\/plugins\/seo\/ -->\n<title>LCNDT DL-1 Lampe LED pour Pi\u00e8ce Sombre &#060; Qualit\u00e9 NDE<\/title>\n<meta name=\"description\" content=\"Lampe LED DL-1 pour chambre noire, montage mural ou plafond, variateur 20\u2013100\u202f%, pivot 120\u00b0, IP53, 10W, alim 90\u2013264VAC. Robuste et garantie 1 an.\" \/>\n<meta name=\"robots\" content=\"index, follow, max-snippet:-1, max-image-preview:large, max-video-preview:-1\" \/>\n<link rel=\"canonical\" href=\"https:\/\/www.qnde.ca\/fr\/produit\/lcndt-dl-1-lampe-led-pour-piece-sombre\/\" \/>\n<meta name=\"twitter:label1\" content=\"Dur\u00e9e de lecture estim\u00e9e\" \/>\n\t<meta name=\"twitter:data1\" content=\"1 minute\" \/>\n<script type=\"application\/ld+json\" class=\"yoast-schema-graph\">{\"@context\":\"https:\/\/schema.org\",\"@graph\":[{\"@type\":[\"WebPage\",\"ItemPage\"],\"@id\":\"https:\/\/www.qnde.ca\/fr\/produit\/lcndt-dl-1-lampe-led-pour-piece-sombre\/\",\"url\":\"https:\/\/www.qnde.ca\/fr\/produit\/lcndt-dl-1-lampe-led-pour-piece-sombre\/\",\"name\":\"LCNDT DL-1 Lampe LED pour Pi\u00e8ce Sombre &#060; Qualit\u00e9 NDE\",\"isPartOf\":{\"@id\":\"https:\/\/www.qnde.ca\/#website\"},\"primaryImageOfPage\":{\"@id\":\"https:\/\/www.qnde.ca\/fr\/produit\/lcndt-dl-1-lampe-led-pour-piece-sombre\/#primaryimage\"},\"image\":{\"@id\":\"https:\/\/www.qnde.ca\/fr\/produit\/lcndt-dl-1-lampe-led-pour-piece-sombre\/#primaryimage\"},\"thumbnailUrl\":\"https:\/\/www.qnde.ca\/wp-content\/uploads\/2023\/11\/DL-1-LED-Dark-Room-Safe-Light.png\",\"datePublished\":\"2025-06-17T15:54:04+00:00\",\"dateModified\":\"2025-11-05T15:16:16+00:00\",\"description\":\"Lampe LED DL-1 pour chambre noire, montage mural ou plafond, variateur 20\u2013100\u202f%, pivot 120\u00b0, IP53, 10W, alim 90\u2013264VAC. Robuste et garantie 1 an.\",\"breadcrumb\":{\"@id\":\"https:\/\/www.qnde.ca\/fr\/produit\/lcndt-dl-1-lampe-led-pour-piece-sombre\/#breadcrumb\"},\"inLanguage\":\"fr-FR\",\"potentialAction\":[{\"@type\":\"ReadAction\",\"target\":[\"https:\/\/www.qnde.ca\/fr\/produit\/lcndt-dl-1-lampe-led-pour-piece-sombre\/\"]}]},{\"@type\":\"ImageObject\",\"inLanguage\":\"fr-FR\",\"@id\":\"https:\/\/www.qnde.ca\/fr\/produit\/lcndt-dl-1-lampe-led-pour-piece-sombre\/#primaryimage\",\"url\":\"https:\/\/www.qnde.ca\/wp-content\/uploads\/2023\/11\/DL-1-LED-Dark-Room-Safe-Light.png\",\"contentUrl\":\"https:\/\/www.qnde.ca\/wp-content\/uploads\/2023\/11\/DL-1-LED-Dark-Room-Safe-Light.png\",\"width\":722,\"height\":686,\"caption\":\"LCNDT DL-1 Lumi\u00e8re LED pour chambre noire offrant un \u00e9clairage doux dans un environnement sombre, id\u00e9ale pour les travaux en chambre noire.\"},{\"@type\":\"BreadcrumbList\",\"@id\":\"https:\/\/www.qnde.ca\/fr\/produit\/lcndt-dl-1-lampe-led-pour-piece-sombre\/#breadcrumb\",\"itemListElement\":[{\"@type\":\"ListItem\",\"position\":1,\"name\":\"Accueil\",\"item\":\"https:\/\/www.qnde.ca\/fr\/\"},{\"@type\":\"ListItem\",\"position\":2,\"name\":\"Produits\",\"item\":\"https:\/\/www.qnde.ca\/fr\/produits\/\"},{\"@type\":\"ListItem\",\"position\":3,\"name\":\"Marques\",\"item\":\"https:\/\/www.qnde.ca\/fr\/product-category\/marques\/\"},{\"@type\":\"ListItem\",\"position\":4,\"name\":\"Autres Marques\",\"item\":\"https:\/\/www.qnde.ca\/fr\/product-category\/marques\/autres-marques\/\"},{\"@type\":\"ListItem\",\"position\":5,\"name\":\"LCNDT DL-1 Lampe LED pour Pi\u00e8ce Sombre\"}]},{\"@type\":\"WebSite\",\"@id\":\"https:\/\/www.qnde.ca\/#website\",\"url\":\"https:\/\/www.qnde.ca\/\",\"name\":\"Qualit\u00e9 NDE\",\"description\":\"\u00c9quipements d&#039;essais non destructifs \",\"publisher\":{\"@id\":\"https:\/\/www.qnde.ca\/#organization\"},\"potentialAction\":[{\"@type\":\"SearchAction\",\"target\":{\"@type\":\"EntryPoint\",\"urlTemplate\":\"https:\/\/www.qnde.ca\/?s={search_term_string}\"},\"query-input\":{\"@type\":\"PropertyValueSpecification\",\"valueRequired\":true,\"valueName\":\"search_term_string\"}}],\"inLanguage\":\"fr-FR\"},{\"@type\":\"Organization\",\"@id\":\"https:\/\/www.qnde.ca\/#organization\",\"name\":\"Quality NDT Ltd.\",\"url\":\"https:\/\/www.qnde.ca\/\",\"logo\":{\"@type\":\"ImageObject\",\"inLanguage\":\"fr-FR\",\"@id\":\"https:\/\/www.qnde.ca\/#\/schema\/logo\/image\/\",\"url\":\"https:\/\/www.qnde.ca\/wp-content\/uploads\/2022\/02\/QNDE_logo_RGB-gif.gif\",\"contentUrl\":\"https:\/\/www.qnde.ca\/wp-content\/uploads\/2022\/02\/QNDE_logo_RGB-gif.gif\",\"width\":250,\"height\":64,\"caption\":\"Quality NDT Ltd.\"},\"image\":{\"@id\":\"https:\/\/www.qnde.ca\/#\/schema\/logo\/image\/\"},\"sameAs\":[\"https:\/\/www.linkedin.com\/company\/qnde\/about\/?viewAsMember=true\"]}]}<\/script>\n<!-- \/ Yoast SEO plugin. -->","yoast_head_json":{"title":"LCNDT DL-1 Lampe LED pour Pi\u00e8ce Sombre &#060; Qualit\u00e9 NDE","description":"Lampe LED DL-1 pour chambre noire, montage mural ou plafond, variateur 20\u2013100\u202f%, pivot 120\u00b0, IP53, 10W, alim 90\u2013264VAC. Robuste et garantie 1 an.","robots":{"index":"index","follow":"follow","max-snippet":"max-snippet:-1","max-image-preview":"max-image-preview:large","max-video-preview":"max-video-preview:-1"},"canonical":"https:\/\/www.qnde.ca\/fr\/produit\/lcndt-dl-1-lampe-led-pour-piece-sombre\/","twitter_misc":{"Dur\u00e9e de lecture estim\u00e9e":"1 minute"},"schema":{"@context":"https:\/\/schema.org","@graph":[{"@type":["WebPage","ItemPage"],"@id":"https:\/\/www.qnde.ca\/fr\/produit\/lcndt-dl-1-lampe-led-pour-piece-sombre\/","url":"https:\/\/www.qnde.ca\/fr\/produit\/lcndt-dl-1-lampe-led-pour-piece-sombre\/","name":"LCNDT DL-1 Lampe LED pour Pi\u00e8ce Sombre &#060; Qualit\u00e9 NDE","isPartOf":{"@id":"https:\/\/www.qnde.ca\/#website"},"primaryImageOfPage":{"@id":"https:\/\/www.qnde.ca\/fr\/produit\/lcndt-dl-1-lampe-led-pour-piece-sombre\/#primaryimage"},"image":{"@id":"https:\/\/www.qnde.ca\/fr\/produit\/lcndt-dl-1-lampe-led-pour-piece-sombre\/#primaryimage"},"thumbnailUrl":"https:\/\/www.qnde.ca\/wp-content\/uploads\/2023\/11\/DL-1-LED-Dark-Room-Safe-Light.png","datePublished":"2025-06-17T15:54:04+00:00","dateModified":"2025-11-05T15:16:16+00:00","description":"Lampe LED DL-1 pour chambre noire, montage mural ou plafond, variateur 20\u2013100\u202f%, pivot 120\u00b0, IP53, 10W, alim 90\u2013264VAC. Robuste et garantie 1 an.","breadcrumb":{"@id":"https:\/\/www.qnde.ca\/fr\/produit\/lcndt-dl-1-lampe-led-pour-piece-sombre\/#breadcrumb"},"inLanguage":"fr-FR","potentialAction":[{"@type":"ReadAction","target":["https:\/\/www.qnde.ca\/fr\/produit\/lcndt-dl-1-lampe-led-pour-piece-sombre\/"]}]},{"@type":"ImageObject","inLanguage":"fr-FR","@id":"https:\/\/www.qnde.ca\/fr\/produit\/lcndt-dl-1-lampe-led-pour-piece-sombre\/#primaryimage","url":"https:\/\/www.qnde.ca\/wp-content\/uploads\/2023\/11\/DL-1-LED-Dark-Room-Safe-Light.png","contentUrl":"https:\/\/www.qnde.ca\/wp-content\/uploads\/2023\/11\/DL-1-LED-Dark-Room-Safe-Light.png","width":722,"height":686,"caption":"LCNDT DL-1 Lumi\u00e8re LED pour chambre noire offrant un \u00e9clairage doux dans un environnement sombre, id\u00e9ale pour les travaux en chambre noire."},{"@type":"BreadcrumbList","@id":"https:\/\/www.qnde.ca\/fr\/produit\/lcndt-dl-1-lampe-led-pour-piece-sombre\/#breadcrumb","itemListElement":[{"@type":"ListItem","position":1,"name":"Accueil","item":"https:\/\/www.qnde.ca\/fr\/"},{"@type":"ListItem","position":2,"name":"Produits","item":"https:\/\/www.qnde.ca\/fr\/produits\/"},{"@type":"ListItem","position":3,"name":"Marques","item":"https:\/\/www.qnde.ca\/fr\/product-category\/marques\/"},{"@type":"ListItem","position":4,"name":"Autres Marques","item":"https:\/\/www.qnde.ca\/fr\/product-category\/marques\/autres-marques\/"},{"@type":"ListItem","position":5,"name":"LCNDT DL-1 Lampe LED pour Pi\u00e8ce Sombre"}]},{"@type":"WebSite","@id":"https:\/\/www.qnde.ca\/#website","url":"https:\/\/www.qnde.ca\/","name":"Qualit\u00e9 NDE","description":"\u00c9quipements d&#039;essais non destructifs ","publisher":{"@id":"https:\/\/www.qnde.ca\/#organization"},"potentialAction":[{"@type":"SearchAction","target":{"@type":"EntryPoint","urlTemplate":"https:\/\/www.qnde.ca\/?s={search_term_string}"},"query-input":{"@type":"PropertyValueSpecification","valueRequired":true,"valueName":"search_term_string"}}],"inLanguage":"fr-FR"},{"@type":"Organization","@id":"https:\/\/www.qnde.ca\/#organization","name":"Quality NDT Ltd.","url":"https:\/\/www.qnde.ca\/","logo":{"@type":"ImageObject","inLanguage":"fr-FR","@id":"https:\/\/www.qnde.ca\/#\/schema\/logo\/image\/","url":"https:\/\/www.qnde.ca\/wp-content\/uploads\/2022\/02\/QNDE_logo_RGB-gif.gif","contentUrl":"https:\/\/www.qnde.ca\/wp-content\/uploads\/2022\/02\/QNDE_logo_RGB-gif.gif","width":250,"height":64,"caption":"Quality NDT Ltd."},"image":{"@id":"https:\/\/www.qnde.ca\/#\/schema\/logo\/image\/"},"sameAs":["https:\/\/www.linkedin.com\/company\/qnde\/about\/?viewAsMember=true"]}]}},"jetpack_sharing_enabled":true,"_links":{"self":[{"href":"https:\/\/www.qnde.ca\/fr\/wp-json\/wp\/v2\/product\/32594","targetHints":{"allow":["GET"]}}],"collection":[{"href":"https:\/\/www.qnde.ca\/fr\/wp-json\/wp\/v2\/product"}],"about":[{"href":"https:\/\/www.qnde.ca\/fr\/wp-json\/wp\/v2\/types\/product"}],"wp:featuredmedia":[{"embeddable":true,"href":"https:\/\/www.qnde.ca\/fr\/wp-json\/wp\/v2\/media\/32593"}],"wp:attachment":[{"href":"https:\/\/www.qnde.ca\/fr\/wp-json\/wp\/v2\/media?parent=32594"}],"wp:term":[{"taxonomy":"product_brand","embeddable":true,"href":"https:\/\/www.qnde.ca\/fr\/wp-json\/wp\/v2\/product_brand?post=32594"},{"taxonomy":"product_cat","embeddable":true,"href":"https:\/\/www.qnde.ca\/fr\/wp-json\/wp\/v2\/product_cat?post=32594"},{"taxonomy":"product_tag","embeddable":true,"href":"https:\/\/www.qnde.ca\/fr\/wp-json\/wp\/v2\/product_tag?post=32594"}],"curies":[{"name":"wp","href":"https:\/\/api.w.org\/{rel}","templated":true}]}}