{"id":32579,"date":"2023-11-14T13:16:58","date_gmt":"2025-06-17T15:33:05","guid":{"rendered":"https:\/\/www.qnde.ca\/?post_type=product&#038;p=32579"},"modified":"2025-11-25T13:58:53","modified_gmt":"2025-11-25T18:58:53","slug":"hamamatsu-tubes-a-rayons-x-microfocus-industriels","status":"publish","type":"product","link":"https:\/\/www.qnde.ca\/fr\/produit\/hamamatsu-tubes-a-rayons-x-microfocus-industriels\/","title":{"rendered":"Hamamatsu Tubes \u00e0 Rayons-X Microfocus Industriels"},"content":{"rendered":"<h3><strong>Hamamatsu Tubes \u00e0 Rayons-X Microfocus Industriels<\/strong><\/h3>\n<p>Les sources de rayons-X industrielles \u00e0 microfocus Hamamatsu sont des sources de type scell\u00e9, disponibles dans diff\u00e9rentes tailles de points focaux, parfaites pour l&rsquo;inspection non destructive 2D et 3D. Tous les syst\u00e8mes \u00e0 rayons-X Hamamatsu sont livr\u00e9s avec un logiciel permettant \u00e0 votre ordinateur de contr\u00f4ler ce syst\u00e8me \u00e0 rayons X.<\/p>\n<p>Ces tubes ont un cycle de service de 100 %, vous pouvez donc les utiliser 24h\/24 et 7j\/7 sur votre ligne de production pour inspecter les puces informatiques, les PCB, les cellules de batterie, les applications m\u00e9dicales et de laboratoire, la recherche et le d\u00e9veloppement, le contr\u00f4le qualit\u00e9 et bien plus encore.<\/p>\n<h3>Options:<\/h3>\n<ul>\n<li>L14351-02 : Syst\u00e8mes \u00e0 rayons-X compacts \u00e0 microfocus scell\u00e9s. 40 \u00e0 180 kV avec spots focaux de 20 \u00e0 200 microns, 90 W, angle de faisceau de 62 degr\u00e9s.<\/li>\n<li>L12161-07 : Syst\u00e8mes \u00e0 rayons-X compacts \u00e0 microfocus scell\u00e9s. 40 \u00e0 150 kV avec points focaux de 5 microns, 75 W, angle de faisceau de 43 degr\u00e9s.<\/li>\n<li>L9181-02 : Syst\u00e8mes \u00e0 rayons-X compacts \u00e0 microfocus scell\u00e9s. 40 \u00e0 130 kV avec points focaux de 5 microns, 39 W, angle de faisceau de 45 degr\u00e9s.<\/li>\n<li>L10951 : Syst\u00e8mes \u00e0 rayons-X compacts \u00e0 microfocus scell\u00e9s. 40 \u00e0 110 kV avec spots focaux de 15 \u00e0 80 microns, 50 W, angle de faisceau de 62 degr\u00e9s.<\/li>\n<li>L10101 : Syst\u00e8mes \u00e0 rayons-X compacts \u00e0 microfocus scell\u00e9s. 40 \u00e0 100 kV avec spots focaux de 5 \u00e0 30 microns, 20 W, angle de faisceau de 42 degr\u00e9s.<\/li>\n<li>L12721 : Syst\u00e8mes \u00e0 rayons-X compacts de type OPEN \u00e0 microfocus. 20 \u00e0 230 kV \u00e0 0 \u00e0 1 000 microAmp\u00e8res, 231 \u00e0 300 kV \u00e0 0 \u00e0 500 microAmp\u00e8res, spots focaux de 4 microns, environ 200 W, angle de faisceau de 40 \u00e0 60 degr\u00e9s.<\/li>\n<li>L10801 : Syst\u00e8mes \u00e0 rayons-X compacts de type OPEN \u00e0 microfocus. 20 \u00e0 230 kV \u00e0 0 \u00e0 1 000 microAmp\u00e8res, points focaux de 4 microns, environ 200 W, angle de faisceau de 40 degr\u00e9s.<\/li>\n<\/ul>\n<p>Contactez-nous pour plus d&rsquo;informations et\/ou pour recevoir une soumission.<\/p>\n","protected":false},"excerpt":{"rendered":"<p>Hamamatsu Tubes \u00e0 Rayons-X Microfocus Industriels Les sources de rayons-X industrielles \u00e0 microfocus Hamamatsu sont des sources de type scell\u00e9, disponibles dans diff\u00e9rentes tailles de points focaux, parfaites pour l&rsquo;inspection non destructive 2D et 3D. Tous les syst\u00e8mes \u00e0 rayons-X Hamamatsu sont livr\u00e9s avec un logiciel permettant \u00e0 votre ordinateur de contr\u00f4ler ce syst\u00e8me \u00e0 [&hellip;]<\/p>\n","protected":false},"featured_media":32578,"template":"","meta":{"_monsterinsights_skip_tracking":false,"_monsterinsights_sitenote_active":false,"_monsterinsights_sitenote_note":"","_monsterinsights_sitenote_category":0},"product_brand":[],"product_cat":[402,138,365],"product_tag":[],"class_list":{"0":"post-32579","1":"product","2":"type-product","3":"status-publish","4":"has-post-thumbnail","6":"product_cat-autres-marques","7":"product_cat-radiographie","8":"product_cat-systeme-rayons-x","10":"first","11":"instock","12":"shipping-taxable","13":"purchasable","14":"product-type-variable"},"yoast_head":"<!-- This site is optimized with the Yoast SEO plugin v23.9 - https:\/\/yoast.com\/wordpress\/plugins\/seo\/ -->\n<title>Hamamatsu Tubes \u00e0 Rayons-X Microfocus Industriels &#060; Qualit\u00e9 NDE<\/title>\n<meta name=\"description\" content=\"Les sources de rayons-X industrielles \u00e0 microfocus Hamamatsu sont des sources de type scell\u00e9, disponibles dans diff\u00e9rentes tailles de points focaux.\" \/>\n<meta name=\"robots\" content=\"index, follow, max-snippet:-1, max-image-preview:large, max-video-preview:-1\" \/>\n<link rel=\"canonical\" href=\"https:\/\/www.qnde.ca\/fr\/produit\/hamamatsu-tubes-a-rayons-x-microfocus-industriels\/\" \/>\n<meta name=\"twitter:label1\" content=\"Dur\u00e9e de lecture estim\u00e9e\" \/>\n\t<meta name=\"twitter:data1\" content=\"2 minutes\" \/>\n<script type=\"application\/ld+json\" class=\"yoast-schema-graph\">{\"@context\":\"https:\/\/schema.org\",\"@graph\":[{\"@type\":[\"WebPage\",\"ItemPage\"],\"@id\":\"https:\/\/www.qnde.ca\/fr\/produit\/hamamatsu-tubes-a-rayons-x-microfocus-industriels\/\",\"url\":\"https:\/\/www.qnde.ca\/fr\/produit\/hamamatsu-tubes-a-rayons-x-microfocus-industriels\/\",\"name\":\"Hamamatsu Tubes \u00e0 Rayons-X Microfocus Industriels &#060; Qualit\u00e9 NDE\",\"isPartOf\":{\"@id\":\"https:\/\/www.qnde.ca\/#website\"},\"primaryImageOfPage\":{\"@id\":\"https:\/\/www.qnde.ca\/fr\/produit\/hamamatsu-tubes-a-rayons-x-microfocus-industriels\/#primaryimage\"},\"image\":{\"@id\":\"https:\/\/www.qnde.ca\/fr\/produit\/hamamatsu-tubes-a-rayons-x-microfocus-industriels\/#primaryimage\"},\"thumbnailUrl\":\"https:\/\/www.qnde.ca\/wp-content\/uploads\/2023\/11\/L14351-02-Microfocus-sealed-x-ray-systems-40-to-180kv.jpg\",\"datePublished\":\"2025-06-17T15:33:05+00:00\",\"dateModified\":\"2025-11-25T18:58:53+00:00\",\"description\":\"Les sources de rayons-X industrielles \u00e0 microfocus Hamamatsu sont des sources de type scell\u00e9, disponibles dans diff\u00e9rentes tailles de points focaux.\",\"breadcrumb\":{\"@id\":\"https:\/\/www.qnde.ca\/fr\/produit\/hamamatsu-tubes-a-rayons-x-microfocus-industriels\/#breadcrumb\"},\"inLanguage\":\"fr-FR\",\"potentialAction\":[{\"@type\":\"ReadAction\",\"target\":[\"https:\/\/www.qnde.ca\/fr\/produit\/hamamatsu-tubes-a-rayons-x-microfocus-industriels\/\"]}]},{\"@type\":\"ImageObject\",\"inLanguage\":\"fr-FR\",\"@id\":\"https:\/\/www.qnde.ca\/fr\/produit\/hamamatsu-tubes-a-rayons-x-microfocus-industriels\/#primaryimage\",\"url\":\"https:\/\/www.qnde.ca\/wp-content\/uploads\/2023\/11\/L14351-02-Microfocus-sealed-x-ray-systems-40-to-180kv.jpg\",\"contentUrl\":\"https:\/\/www.qnde.ca\/wp-content\/uploads\/2023\/11\/L14351-02-Microfocus-sealed-x-ray-systems-40-to-180kv.jpg\",\"width\":252,\"height\":252,\"caption\":\"Source de rayons X sur un fond blanc \u00e9pur\u00e9.\"},{\"@type\":\"BreadcrumbList\",\"@id\":\"https:\/\/www.qnde.ca\/fr\/produit\/hamamatsu-tubes-a-rayons-x-microfocus-industriels\/#breadcrumb\",\"itemListElement\":[{\"@type\":\"ListItem\",\"position\":1,\"name\":\"Accueil\",\"item\":\"https:\/\/www.qnde.ca\/fr\/\"},{\"@type\":\"ListItem\",\"position\":2,\"name\":\"Produits\",\"item\":\"https:\/\/www.qnde.ca\/fr\/produits\/\"},{\"@type\":\"ListItem\",\"position\":3,\"name\":\"Marques\",\"item\":\"https:\/\/www.qnde.ca\/fr\/product-category\/marques\/\"},{\"@type\":\"ListItem\",\"position\":4,\"name\":\"Autres Marques\",\"item\":\"https:\/\/www.qnde.ca\/fr\/product-category\/marques\/autres-marques\/\"},{\"@type\":\"ListItem\",\"position\":5,\"name\":\"Hamamatsu Tubes \u00e0 Rayons-X Microfocus Industriels\"}]},{\"@type\":\"WebSite\",\"@id\":\"https:\/\/www.qnde.ca\/#website\",\"url\":\"https:\/\/www.qnde.ca\/\",\"name\":\"Qualit\u00e9 NDE\",\"description\":\"\u00c9quipements d&#039;essais non destructifs \",\"publisher\":{\"@id\":\"https:\/\/www.qnde.ca\/#organization\"},\"potentialAction\":[{\"@type\":\"SearchAction\",\"target\":{\"@type\":\"EntryPoint\",\"urlTemplate\":\"https:\/\/www.qnde.ca\/?s={search_term_string}\"},\"query-input\":{\"@type\":\"PropertyValueSpecification\",\"valueRequired\":true,\"valueName\":\"search_term_string\"}}],\"inLanguage\":\"fr-FR\"},{\"@type\":\"Organization\",\"@id\":\"https:\/\/www.qnde.ca\/#organization\",\"name\":\"Quality NDT Ltd.\",\"url\":\"https:\/\/www.qnde.ca\/\",\"logo\":{\"@type\":\"ImageObject\",\"inLanguage\":\"fr-FR\",\"@id\":\"https:\/\/www.qnde.ca\/#\/schema\/logo\/image\/\",\"url\":\"https:\/\/www.qnde.ca\/wp-content\/uploads\/2022\/02\/QNDE_logo_RGB-gif.gif\",\"contentUrl\":\"https:\/\/www.qnde.ca\/wp-content\/uploads\/2022\/02\/QNDE_logo_RGB-gif.gif\",\"width\":250,\"height\":64,\"caption\":\"Quality NDT Ltd.\"},\"image\":{\"@id\":\"https:\/\/www.qnde.ca\/#\/schema\/logo\/image\/\"},\"sameAs\":[\"https:\/\/www.linkedin.com\/company\/qnde\/about\/?viewAsMember=true\"]}]}<\/script>\n<!-- \/ Yoast SEO plugin. -->","yoast_head_json":{"title":"Hamamatsu Tubes \u00e0 Rayons-X Microfocus Industriels &#060; Qualit\u00e9 NDE","description":"Les sources de rayons-X industrielles \u00e0 microfocus Hamamatsu sont des sources de type scell\u00e9, disponibles dans diff\u00e9rentes tailles de points focaux.","robots":{"index":"index","follow":"follow","max-snippet":"max-snippet:-1","max-image-preview":"max-image-preview:large","max-video-preview":"max-video-preview:-1"},"canonical":"https:\/\/www.qnde.ca\/fr\/produit\/hamamatsu-tubes-a-rayons-x-microfocus-industriels\/","twitter_misc":{"Dur\u00e9e de lecture estim\u00e9e":"2 minutes"},"schema":{"@context":"https:\/\/schema.org","@graph":[{"@type":["WebPage","ItemPage"],"@id":"https:\/\/www.qnde.ca\/fr\/produit\/hamamatsu-tubes-a-rayons-x-microfocus-industriels\/","url":"https:\/\/www.qnde.ca\/fr\/produit\/hamamatsu-tubes-a-rayons-x-microfocus-industriels\/","name":"Hamamatsu Tubes \u00e0 Rayons-X Microfocus Industriels &#060; Qualit\u00e9 NDE","isPartOf":{"@id":"https:\/\/www.qnde.ca\/#website"},"primaryImageOfPage":{"@id":"https:\/\/www.qnde.ca\/fr\/produit\/hamamatsu-tubes-a-rayons-x-microfocus-industriels\/#primaryimage"},"image":{"@id":"https:\/\/www.qnde.ca\/fr\/produit\/hamamatsu-tubes-a-rayons-x-microfocus-industriels\/#primaryimage"},"thumbnailUrl":"https:\/\/www.qnde.ca\/wp-content\/uploads\/2023\/11\/L14351-02-Microfocus-sealed-x-ray-systems-40-to-180kv.jpg","datePublished":"2025-06-17T15:33:05+00:00","dateModified":"2025-11-25T18:58:53+00:00","description":"Les sources de rayons-X industrielles \u00e0 microfocus Hamamatsu sont des sources de type scell\u00e9, disponibles dans diff\u00e9rentes tailles de points focaux.","breadcrumb":{"@id":"https:\/\/www.qnde.ca\/fr\/produit\/hamamatsu-tubes-a-rayons-x-microfocus-industriels\/#breadcrumb"},"inLanguage":"fr-FR","potentialAction":[{"@type":"ReadAction","target":["https:\/\/www.qnde.ca\/fr\/produit\/hamamatsu-tubes-a-rayons-x-microfocus-industriels\/"]}]},{"@type":"ImageObject","inLanguage":"fr-FR","@id":"https:\/\/www.qnde.ca\/fr\/produit\/hamamatsu-tubes-a-rayons-x-microfocus-industriels\/#primaryimage","url":"https:\/\/www.qnde.ca\/wp-content\/uploads\/2023\/11\/L14351-02-Microfocus-sealed-x-ray-systems-40-to-180kv.jpg","contentUrl":"https:\/\/www.qnde.ca\/wp-content\/uploads\/2023\/11\/L14351-02-Microfocus-sealed-x-ray-systems-40-to-180kv.jpg","width":252,"height":252,"caption":"Source de rayons X sur un fond blanc \u00e9pur\u00e9."},{"@type":"BreadcrumbList","@id":"https:\/\/www.qnde.ca\/fr\/produit\/hamamatsu-tubes-a-rayons-x-microfocus-industriels\/#breadcrumb","itemListElement":[{"@type":"ListItem","position":1,"name":"Accueil","item":"https:\/\/www.qnde.ca\/fr\/"},{"@type":"ListItem","position":2,"name":"Produits","item":"https:\/\/www.qnde.ca\/fr\/produits\/"},{"@type":"ListItem","position":3,"name":"Marques","item":"https:\/\/www.qnde.ca\/fr\/product-category\/marques\/"},{"@type":"ListItem","position":4,"name":"Autres Marques","item":"https:\/\/www.qnde.ca\/fr\/product-category\/marques\/autres-marques\/"},{"@type":"ListItem","position":5,"name":"Hamamatsu Tubes \u00e0 Rayons-X Microfocus Industriels"}]},{"@type":"WebSite","@id":"https:\/\/www.qnde.ca\/#website","url":"https:\/\/www.qnde.ca\/","name":"Qualit\u00e9 NDE","description":"\u00c9quipements d&#039;essais non destructifs ","publisher":{"@id":"https:\/\/www.qnde.ca\/#organization"},"potentialAction":[{"@type":"SearchAction","target":{"@type":"EntryPoint","urlTemplate":"https:\/\/www.qnde.ca\/?s={search_term_string}"},"query-input":{"@type":"PropertyValueSpecification","valueRequired":true,"valueName":"search_term_string"}}],"inLanguage":"fr-FR"},{"@type":"Organization","@id":"https:\/\/www.qnde.ca\/#organization","name":"Quality NDT Ltd.","url":"https:\/\/www.qnde.ca\/","logo":{"@type":"ImageObject","inLanguage":"fr-FR","@id":"https:\/\/www.qnde.ca\/#\/schema\/logo\/image\/","url":"https:\/\/www.qnde.ca\/wp-content\/uploads\/2022\/02\/QNDE_logo_RGB-gif.gif","contentUrl":"https:\/\/www.qnde.ca\/wp-content\/uploads\/2022\/02\/QNDE_logo_RGB-gif.gif","width":250,"height":64,"caption":"Quality NDT Ltd."},"image":{"@id":"https:\/\/www.qnde.ca\/#\/schema\/logo\/image\/"},"sameAs":["https:\/\/www.linkedin.com\/company\/qnde\/about\/?viewAsMember=true"]}]}},"jetpack_sharing_enabled":true,"_links":{"self":[{"href":"https:\/\/www.qnde.ca\/fr\/wp-json\/wp\/v2\/product\/32579","targetHints":{"allow":["GET"]}}],"collection":[{"href":"https:\/\/www.qnde.ca\/fr\/wp-json\/wp\/v2\/product"}],"about":[{"href":"https:\/\/www.qnde.ca\/fr\/wp-json\/wp\/v2\/types\/product"}],"wp:featuredmedia":[{"embeddable":true,"href":"https:\/\/www.qnde.ca\/fr\/wp-json\/wp\/v2\/media\/32578"}],"wp:attachment":[{"href":"https:\/\/www.qnde.ca\/fr\/wp-json\/wp\/v2\/media?parent=32579"}],"wp:term":[{"taxonomy":"product_brand","embeddable":true,"href":"https:\/\/www.qnde.ca\/fr\/wp-json\/wp\/v2\/product_brand?post=32579"},{"taxonomy":"product_cat","embeddable":true,"href":"https:\/\/www.qnde.ca\/fr\/wp-json\/wp\/v2\/product_cat?post=32579"},{"taxonomy":"product_tag","embeddable":true,"href":"https:\/\/www.qnde.ca\/fr\/wp-json\/wp\/v2\/product_tag?post=32579"}],"curies":[{"name":"wp","href":"https:\/\/api.w.org\/{rel}","templated":true}]}}