{"id":32554,"date":"2023-11-13T16:46:56","date_gmt":"2023-11-13T21:47:46","guid":{"rendered":"https:\/\/www.qnde.ca\/?post_type=product&#038;p=32554"},"modified":"2025-08-19T15:07:37","modified_gmt":"2025-08-19T19:07:37","slug":"thermo-fischer-tubes-rayons-x-microfocus-industriels","status":"publish","type":"product","link":"https:\/\/www.qnde.ca\/fr\/produit\/thermo-fischer-tubes-rayons-x-microfocus-industriels\/","title":{"rendered":"Thermo Fischer Tubes \u00e0 Rayons-X Microfocus Industriels"},"content":{"rendered":"<h3><strong>Thermo Fischer Tubes \u00e0 Rayons-X Microfocus Industriels<\/strong><\/h3>\n<p>Les sources de rayons-X de Thermo Fisher sont des sources de type scell\u00e9es disponibles dans diff\u00e9rentes tailles de points focaux et parfaits pour l&rsquo;inspection non destructive 2D et 3D. Tous les syst\u00e8mes \u00e0 rayons-X Thermo Fisher sont livr\u00e9s avec un logiciel permettant \u00e0 votre ordinateur de contr\u00f4ler ce syst\u00e8me \u00e0 rayons-X.<\/p>\n<p>Ces tubes disposent d\u2019un cycle de service de 100 %, ce qui permet une utilisation continue 24h\/24 et 7j\/7 en production. Ils conviennent parfaitement \u00e0 l\u2019inspection des puces informatiques, des PCB, des cellules de batterie, ainsi qu\u2019aux applications m\u00e9dicales, de laboratoire, en R&amp;D, en contr\u00f4le qualit\u00e9, et bien plus encore.<\/p>\n<p>Options\u00a0:<\/p>\n<ul>\n<li>PSX5 : Syst\u00e8mes \u00e0 rayons-X microfocus compacts avec jusqu&rsquo;\u00e0 90 kV \u00e0 8 watts. Points focaux de 15 \u00e0 4,5 microns.<\/li>\n<li>PSX10 : Sources de rayons X les plus puissantes de 130 kV jusqu&rsquo;\u00e0 65 watts. Angle de faisceau standard de 53\u00b0 et un angle de faisceau large de 115\u00b0 pour un point focal de 6 ou 7 microns.<\/li>\n<li>PSX15 : solutions radiologiques robustes de milieu de gamme avec jusqu&rsquo;\u00e0 110 kV \u00e0 25 watts et un point focal de 5 ou 7 microns.<\/li>\n<\/ul>\n<p>Contactez-nous pour plus d&rsquo;informations et\/ou pour recevoir une soumission.<\/p>\n","protected":false},"excerpt":{"rendered":"<p>Thermo Fischer Tubes \u00e0 Rayons-X Microfocus Industriels Les sources de rayons-X de Thermo Fisher sont des sources de type scell\u00e9es disponibles dans diff\u00e9rentes tailles de points focaux et parfaits pour l&rsquo;inspection non destructive 2D et 3D. Tous les syst\u00e8mes \u00e0 rayons-X Thermo Fisher sont livr\u00e9s avec un logiciel permettant \u00e0 votre ordinateur de contr\u00f4ler ce [&hellip;]<\/p>\n","protected":false},"featured_media":32546,"template":"","meta":{"_monsterinsights_skip_tracking":false,"_monsterinsights_sitenote_active":false,"_monsterinsights_sitenote_note":"","_monsterinsights_sitenote_category":0},"product_brand":[],"product_cat":[402,138,365],"product_tag":[],"class_list":{"0":"post-32554","1":"product","2":"type-product","3":"status-publish","4":"has-post-thumbnail","6":"product_cat-autres-marques","7":"product_cat-radiographie","8":"product_cat-systeme-rayons-x","10":"first","11":"instock","12":"shipping-taxable","13":"purchasable","14":"product-type-variable"},"yoast_head":"<!-- This site is optimized with the Yoast SEO plugin v23.9 - https:\/\/yoast.com\/wordpress\/plugins\/seo\/ -->\n<title>Thermo Fischer Tubes \u00e0 Rayons-X Microfocus Industriels &#060; Qualit\u00e9 NDE<\/title>\n<meta name=\"description\" content=\"Tubes \u00e0 rayons-X microfocus Thermo Fisher, scell\u00e9s, 100\u202f% duty cycle. Id\u00e9als pour inspection 2D\/3D en production, R&amp;D, \u00e9lectronique, m\u00e9dical, batteries.\" \/>\n<meta name=\"robots\" content=\"index, follow, max-snippet:-1, max-image-preview:large, max-video-preview:-1\" \/>\n<link rel=\"canonical\" href=\"https:\/\/www.qnde.ca\/fr\/produit\/thermo-fischer-tubes-rayons-x-microfocus-industriels\/\" \/>\n<meta name=\"twitter:label1\" content=\"Dur\u00e9e de lecture estim\u00e9e\" \/>\n\t<meta name=\"twitter:data1\" content=\"2 minutes\" \/>\n<script type=\"application\/ld+json\" class=\"yoast-schema-graph\">{\"@context\":\"https:\/\/schema.org\",\"@graph\":[{\"@type\":[\"WebPage\",\"ItemPage\"],\"@id\":\"https:\/\/www.qnde.ca\/fr\/produit\/thermo-fischer-tubes-rayons-x-microfocus-industriels\/\",\"url\":\"https:\/\/www.qnde.ca\/fr\/produit\/thermo-fischer-tubes-rayons-x-microfocus-industriels\/\",\"name\":\"Thermo Fischer Tubes \u00e0 Rayons-X Microfocus Industriels &#060; Qualit\u00e9 NDE\",\"isPartOf\":{\"@id\":\"https:\/\/www.qnde.ca\/#website\"},\"primaryImageOfPage\":{\"@id\":\"https:\/\/www.qnde.ca\/fr\/produit\/thermo-fischer-tubes-rayons-x-microfocus-industriels\/#primaryimage\"},\"image\":{\"@id\":\"https:\/\/www.qnde.ca\/fr\/produit\/thermo-fischer-tubes-rayons-x-microfocus-industriels\/#primaryimage\"},\"thumbnailUrl\":\"https:\/\/www.qnde.ca\/wp-content\/uploads\/2023\/11\/PSX10-Microfocus-X-ray-system.jpg\",\"datePublished\":\"2023-11-13T21:47:46+00:00\",\"dateModified\":\"2025-08-19T19:07:37+00:00\",\"description\":\"Tubes \u00e0 rayons-X microfocus Thermo Fisher, scell\u00e9s, 100\u202f% duty cycle. Id\u00e9als pour inspection 2D\/3D en production, R&D, \u00e9lectronique, m\u00e9dical, batteries.\",\"breadcrumb\":{\"@id\":\"https:\/\/www.qnde.ca\/fr\/produit\/thermo-fischer-tubes-rayons-x-microfocus-industriels\/#breadcrumb\"},\"inLanguage\":\"fr-FR\",\"potentialAction\":[{\"@type\":\"ReadAction\",\"target\":[\"https:\/\/www.qnde.ca\/fr\/produit\/thermo-fischer-tubes-rayons-x-microfocus-industriels\/\"]}]},{\"@type\":\"ImageObject\",\"inLanguage\":\"fr-FR\",\"@id\":\"https:\/\/www.qnde.ca\/fr\/produit\/thermo-fischer-tubes-rayons-x-microfocus-industriels\/#primaryimage\",\"url\":\"https:\/\/www.qnde.ca\/wp-content\/uploads\/2023\/11\/PSX10-Microfocus-X-ray-system.jpg\",\"contentUrl\":\"https:\/\/www.qnde.ca\/wp-content\/uploads\/2023\/11\/PSX10-Microfocus-X-ray-system.jpg\",\"width\":650,\"height\":497},{\"@type\":\"BreadcrumbList\",\"@id\":\"https:\/\/www.qnde.ca\/fr\/produit\/thermo-fischer-tubes-rayons-x-microfocus-industriels\/#breadcrumb\",\"itemListElement\":[{\"@type\":\"ListItem\",\"position\":1,\"name\":\"Accueil\",\"item\":\"https:\/\/www.qnde.ca\/fr\/\"},{\"@type\":\"ListItem\",\"position\":2,\"name\":\"Produits\",\"item\":\"https:\/\/www.qnde.ca\/fr\/produits\/\"},{\"@type\":\"ListItem\",\"position\":3,\"name\":\"Marques\",\"item\":\"https:\/\/www.qnde.ca\/fr\/product-category\/marques\/\"},{\"@type\":\"ListItem\",\"position\":4,\"name\":\"Autres Marques\",\"item\":\"https:\/\/www.qnde.ca\/fr\/product-category\/marques\/autres-marques\/\"},{\"@type\":\"ListItem\",\"position\":5,\"name\":\"Thermo Fischer Tubes \u00e0 Rayons-X Microfocus Industriels\"}]},{\"@type\":\"WebSite\",\"@id\":\"https:\/\/www.qnde.ca\/#website\",\"url\":\"https:\/\/www.qnde.ca\/\",\"name\":\"Qualit\u00e9 NDE\",\"description\":\"\u00c9quipements d&#039;essais non destructifs \",\"publisher\":{\"@id\":\"https:\/\/www.qnde.ca\/#organization\"},\"potentialAction\":[{\"@type\":\"SearchAction\",\"target\":{\"@type\":\"EntryPoint\",\"urlTemplate\":\"https:\/\/www.qnde.ca\/?s={search_term_string}\"},\"query-input\":{\"@type\":\"PropertyValueSpecification\",\"valueRequired\":true,\"valueName\":\"search_term_string\"}}],\"inLanguage\":\"fr-FR\"},{\"@type\":\"Organization\",\"@id\":\"https:\/\/www.qnde.ca\/#organization\",\"name\":\"Quality NDT Ltd.\",\"url\":\"https:\/\/www.qnde.ca\/\",\"logo\":{\"@type\":\"ImageObject\",\"inLanguage\":\"fr-FR\",\"@id\":\"https:\/\/www.qnde.ca\/#\/schema\/logo\/image\/\",\"url\":\"https:\/\/www.qnde.ca\/wp-content\/uploads\/2022\/02\/QNDE_logo_RGB-gif.gif\",\"contentUrl\":\"https:\/\/www.qnde.ca\/wp-content\/uploads\/2022\/02\/QNDE_logo_RGB-gif.gif\",\"width\":250,\"height\":64,\"caption\":\"Quality NDT Ltd.\"},\"image\":{\"@id\":\"https:\/\/www.qnde.ca\/#\/schema\/logo\/image\/\"},\"sameAs\":[\"https:\/\/www.linkedin.com\/company\/qnde\/about\/?viewAsMember=true\"]}]}<\/script>\n<!-- \/ Yoast SEO plugin. -->","yoast_head_json":{"title":"Thermo Fischer Tubes \u00e0 Rayons-X Microfocus Industriels &#060; Qualit\u00e9 NDE","description":"Tubes \u00e0 rayons-X microfocus Thermo Fisher, scell\u00e9s, 100\u202f% duty cycle. Id\u00e9als pour inspection 2D\/3D en production, R&D, \u00e9lectronique, m\u00e9dical, batteries.","robots":{"index":"index","follow":"follow","max-snippet":"max-snippet:-1","max-image-preview":"max-image-preview:large","max-video-preview":"max-video-preview:-1"},"canonical":"https:\/\/www.qnde.ca\/fr\/produit\/thermo-fischer-tubes-rayons-x-microfocus-industriels\/","twitter_misc":{"Dur\u00e9e de lecture estim\u00e9e":"2 minutes"},"schema":{"@context":"https:\/\/schema.org","@graph":[{"@type":["WebPage","ItemPage"],"@id":"https:\/\/www.qnde.ca\/fr\/produit\/thermo-fischer-tubes-rayons-x-microfocus-industriels\/","url":"https:\/\/www.qnde.ca\/fr\/produit\/thermo-fischer-tubes-rayons-x-microfocus-industriels\/","name":"Thermo Fischer Tubes \u00e0 Rayons-X Microfocus Industriels &#060; Qualit\u00e9 NDE","isPartOf":{"@id":"https:\/\/www.qnde.ca\/#website"},"primaryImageOfPage":{"@id":"https:\/\/www.qnde.ca\/fr\/produit\/thermo-fischer-tubes-rayons-x-microfocus-industriels\/#primaryimage"},"image":{"@id":"https:\/\/www.qnde.ca\/fr\/produit\/thermo-fischer-tubes-rayons-x-microfocus-industriels\/#primaryimage"},"thumbnailUrl":"https:\/\/www.qnde.ca\/wp-content\/uploads\/2023\/11\/PSX10-Microfocus-X-ray-system.jpg","datePublished":"2023-11-13T21:47:46+00:00","dateModified":"2025-08-19T19:07:37+00:00","description":"Tubes \u00e0 rayons-X microfocus Thermo Fisher, scell\u00e9s, 100\u202f% duty cycle. Id\u00e9als pour inspection 2D\/3D en production, R&D, \u00e9lectronique, m\u00e9dical, batteries.","breadcrumb":{"@id":"https:\/\/www.qnde.ca\/fr\/produit\/thermo-fischer-tubes-rayons-x-microfocus-industriels\/#breadcrumb"},"inLanguage":"fr-FR","potentialAction":[{"@type":"ReadAction","target":["https:\/\/www.qnde.ca\/fr\/produit\/thermo-fischer-tubes-rayons-x-microfocus-industriels\/"]}]},{"@type":"ImageObject","inLanguage":"fr-FR","@id":"https:\/\/www.qnde.ca\/fr\/produit\/thermo-fischer-tubes-rayons-x-microfocus-industriels\/#primaryimage","url":"https:\/\/www.qnde.ca\/wp-content\/uploads\/2023\/11\/PSX10-Microfocus-X-ray-system.jpg","contentUrl":"https:\/\/www.qnde.ca\/wp-content\/uploads\/2023\/11\/PSX10-Microfocus-X-ray-system.jpg","width":650,"height":497},{"@type":"BreadcrumbList","@id":"https:\/\/www.qnde.ca\/fr\/produit\/thermo-fischer-tubes-rayons-x-microfocus-industriels\/#breadcrumb","itemListElement":[{"@type":"ListItem","position":1,"name":"Accueil","item":"https:\/\/www.qnde.ca\/fr\/"},{"@type":"ListItem","position":2,"name":"Produits","item":"https:\/\/www.qnde.ca\/fr\/produits\/"},{"@type":"ListItem","position":3,"name":"Marques","item":"https:\/\/www.qnde.ca\/fr\/product-category\/marques\/"},{"@type":"ListItem","position":4,"name":"Autres Marques","item":"https:\/\/www.qnde.ca\/fr\/product-category\/marques\/autres-marques\/"},{"@type":"ListItem","position":5,"name":"Thermo Fischer Tubes \u00e0 Rayons-X Microfocus Industriels"}]},{"@type":"WebSite","@id":"https:\/\/www.qnde.ca\/#website","url":"https:\/\/www.qnde.ca\/","name":"Qualit\u00e9 NDE","description":"\u00c9quipements d&#039;essais non destructifs ","publisher":{"@id":"https:\/\/www.qnde.ca\/#organization"},"potentialAction":[{"@type":"SearchAction","target":{"@type":"EntryPoint","urlTemplate":"https:\/\/www.qnde.ca\/?s={search_term_string}"},"query-input":{"@type":"PropertyValueSpecification","valueRequired":true,"valueName":"search_term_string"}}],"inLanguage":"fr-FR"},{"@type":"Organization","@id":"https:\/\/www.qnde.ca\/#organization","name":"Quality NDT Ltd.","url":"https:\/\/www.qnde.ca\/","logo":{"@type":"ImageObject","inLanguage":"fr-FR","@id":"https:\/\/www.qnde.ca\/#\/schema\/logo\/image\/","url":"https:\/\/www.qnde.ca\/wp-content\/uploads\/2022\/02\/QNDE_logo_RGB-gif.gif","contentUrl":"https:\/\/www.qnde.ca\/wp-content\/uploads\/2022\/02\/QNDE_logo_RGB-gif.gif","width":250,"height":64,"caption":"Quality NDT Ltd."},"image":{"@id":"https:\/\/www.qnde.ca\/#\/schema\/logo\/image\/"},"sameAs":["https:\/\/www.linkedin.com\/company\/qnde\/about\/?viewAsMember=true"]}]}},"jetpack_sharing_enabled":true,"_links":{"self":[{"href":"https:\/\/www.qnde.ca\/fr\/wp-json\/wp\/v2\/product\/32554","targetHints":{"allow":["GET"]}}],"collection":[{"href":"https:\/\/www.qnde.ca\/fr\/wp-json\/wp\/v2\/product"}],"about":[{"href":"https:\/\/www.qnde.ca\/fr\/wp-json\/wp\/v2\/types\/product"}],"wp:featuredmedia":[{"embeddable":true,"href":"https:\/\/www.qnde.ca\/fr\/wp-json\/wp\/v2\/media\/32546"}],"wp:attachment":[{"href":"https:\/\/www.qnde.ca\/fr\/wp-json\/wp\/v2\/media?parent=32554"}],"wp:term":[{"taxonomy":"product_brand","embeddable":true,"href":"https:\/\/www.qnde.ca\/fr\/wp-json\/wp\/v2\/product_brand?post=32554"},{"taxonomy":"product_cat","embeddable":true,"href":"https:\/\/www.qnde.ca\/fr\/wp-json\/wp\/v2\/product_cat?post=32554"},{"taxonomy":"product_tag","embeddable":true,"href":"https:\/\/www.qnde.ca\/fr\/wp-json\/wp\/v2\/product_tag?post=32554"}],"curies":[{"name":"wp","href":"https:\/\/api.w.org\/{rel}","templated":true}]}}