{"id":32477,"date":"2023-09-07T18:28:07","date_gmt":"2023-09-07T22:28:07","guid":{"rendered":"https:\/\/www.qnde.ca\/produit\/nettoyeur-a-ultrasons\/"},"modified":"2025-12-03T10:34:41","modified_gmt":"2025-12-03T15:34:41","slug":"nettoyeur-a-ultrasons","status":"publish","type":"product","link":"https:\/\/www.qnde.ca\/fr\/produit\/nettoyeur-a-ultrasons\/","title":{"rendered":"Nettoyeur \u00e0 Ultrasons sur Table"},"content":{"rendered":"<h4><strong>Nettoyeur \u00e0 Ultrasons sur Table<\/strong><\/h4>\n<p>Les nettoyeurs \u00e0 ultrasons num\u00e9riques sur table sont largement utilis\u00e9s sur les pi\u00e8ces m\u00e9talliques, les pi\u00e8ces de laboratoires, \u00e9lectroniques, m\u00e9dicales et autres petites pi\u00e8ces. Syst\u00e8me industriel facile \u00e0 utiliser, la grandeur et la puissance peuvent \u00eatre personnalis\u00e9es selon vos besoins.<\/p>\n<p>Le r\u00e9servoir de nettoyage ultrasonique comprend un contr\u00f4leur num\u00e9rique; une minuterie num\u00e9rique de 0 \u00e0 99 minutes; un chauffage num\u00e9rique de 0 \u00e0 60 Celsius; un cycle de d\u00e9gazage puls\u00e9 et cycle de nettoyage bar balayage UT; surfaces internes, externes, panier et couvercles en acier inoxydable 304; un cordon d&rsquo;alimentation; un manuel d&rsquo;utilisation et la \u00a0garantie de un an.<\/p>\n<p>Options:<\/p>\n<ul>\n<li>R40: capacit\u00e9 de 40L avec r\u00e9servoir de 600x350x200mm, panier de 550x355x120mm, puissance ultrasonore de 900 W avec une fr\u00e9quence de 28kHz ou 40kHz, 120VAC ou 240VAC.<\/li>\n<li>R15, R30 et R60 \u00e9galement disponibles.<\/li>\n<\/ul>\n<p>Contactez-nous pour plus d&rsquo;informations et\/ou pour recevoir une soumission.<\/p>\n","protected":false},"excerpt":{"rendered":"<p>Nettoyeur \u00e0 Ultrasons sur Table Les nettoyeurs \u00e0 ultrasons num\u00e9riques sur table sont largement utilis\u00e9s sur les pi\u00e8ces m\u00e9talliques, les pi\u00e8ces de laboratoires, \u00e9lectroniques, m\u00e9dicales et autres petites pi\u00e8ces. Syst\u00e8me industriel facile \u00e0 utiliser, la grandeur et la puissance peuvent \u00eatre personnalis\u00e9es selon vos besoins. Le r\u00e9servoir de nettoyage ultrasonique comprend un contr\u00f4leur num\u00e9rique; une [&hellip;]<\/p>\n","protected":false},"featured_media":32472,"template":"","meta":{"_monsterinsights_skip_tracking":false,"_monsterinsights_sitenote_active":false,"_monsterinsights_sitenote_note":"","_monsterinsights_sitenote_category":0},"product_brand":[],"product_cat":[402,105,110],"product_tag":[],"class_list":{"0":"post-32477","1":"product","2":"type-product","3":"status-publish","4":"has-post-thumbnail","6":"product_cat-autres-marques","7":"product_cat-produits-nettoyage","8":"product_cat-nettoyeurs-ultrasoniques","10":"first","11":"instock","12":"shipping-taxable","13":"purchasable","14":"product-type-variable"},"yoast_head":"<!-- This site is optimized with the Yoast SEO plugin v23.9 - https:\/\/yoast.com\/wordpress\/plugins\/seo\/ -->\n<title>Nettoyeur \u00e0 Ultrasons sur Table &#060; Qualit\u00e9 NDE<\/title>\n<meta name=\"description\" content=\"Nettoyeur \u00e0 ultrasons sur table, num\u00e9rique, chauffage et minuterie int\u00e9gr\u00e9s. Id\u00e9al pour m\u00e9taux, labos, \u00e9lectronique. Facile \u00e0 personnaliser selon besoins.\" \/>\n<meta name=\"robots\" content=\"index, follow, max-snippet:-1, max-image-preview:large, max-video-preview:-1\" \/>\n<link rel=\"canonical\" href=\"https:\/\/www.qnde.ca\/fr\/produit\/nettoyeur-a-ultrasons\/\" \/>\n<meta name=\"twitter:label1\" content=\"Dur\u00e9e de lecture estim\u00e9e\" \/>\n\t<meta name=\"twitter:data1\" content=\"1 minute\" \/>\n<script type=\"application\/ld+json\" class=\"yoast-schema-graph\">{\"@context\":\"https:\/\/schema.org\",\"@graph\":[{\"@type\":[\"WebPage\",\"ItemPage\"],\"@id\":\"https:\/\/www.qnde.ca\/fr\/produit\/nettoyeur-a-ultrasons\/\",\"url\":\"https:\/\/www.qnde.ca\/fr\/produit\/nettoyeur-a-ultrasons\/\",\"name\":\"Nettoyeur \u00e0 Ultrasons sur Table &#060; Qualit\u00e9 NDE\",\"isPartOf\":{\"@id\":\"https:\/\/www.qnde.ca\/#website\"},\"primaryImageOfPage\":{\"@id\":\"https:\/\/www.qnde.ca\/fr\/produit\/nettoyeur-a-ultrasons\/#primaryimage\"},\"image\":{\"@id\":\"https:\/\/www.qnde.ca\/fr\/produit\/nettoyeur-a-ultrasons\/#primaryimage\"},\"thumbnailUrl\":\"https:\/\/www.qnde.ca\/wp-content\/uploads\/2023\/09\/R30-Tabletop-Ultrasonic-Cleaner-with-basket-and-lid.jpg\",\"datePublished\":\"2023-09-07T22:28:07+00:00\",\"dateModified\":\"2025-12-03T15:34:41+00:00\",\"description\":\"Nettoyeur \u00e0 ultrasons sur table, num\u00e9rique, chauffage et minuterie int\u00e9gr\u00e9s. Id\u00e9al pour m\u00e9taux, labos, \u00e9lectronique. Facile \u00e0 personnaliser selon besoins.\",\"breadcrumb\":{\"@id\":\"https:\/\/www.qnde.ca\/fr\/produit\/nettoyeur-a-ultrasons\/#breadcrumb\"},\"inLanguage\":\"fr-FR\",\"potentialAction\":[{\"@type\":\"ReadAction\",\"target\":[\"https:\/\/www.qnde.ca\/fr\/produit\/nettoyeur-a-ultrasons\/\"]}]},{\"@type\":\"ImageObject\",\"inLanguage\":\"fr-FR\",\"@id\":\"https:\/\/www.qnde.ca\/fr\/produit\/nettoyeur-a-ultrasons\/#primaryimage\",\"url\":\"https:\/\/www.qnde.ca\/wp-content\/uploads\/2023\/09\/R30-Tabletop-Ultrasonic-Cleaner-with-basket-and-lid.jpg\",\"contentUrl\":\"https:\/\/www.qnde.ca\/wp-content\/uploads\/2023\/09\/R30-Tabletop-Ultrasonic-Cleaner-with-basket-and-lid.jpg\",\"width\":640,\"height\":640,\"caption\":\"Nettoyeurs ultrasoniques num\u00e9riques Clangsonic de table, pr\u00e9sent\u00e9s sur un fond blanc.\"},{\"@type\":\"BreadcrumbList\",\"@id\":\"https:\/\/www.qnde.ca\/fr\/produit\/nettoyeur-a-ultrasons\/#breadcrumb\",\"itemListElement\":[{\"@type\":\"ListItem\",\"position\":1,\"name\":\"Accueil\",\"item\":\"https:\/\/www.qnde.ca\/fr\/\"},{\"@type\":\"ListItem\",\"position\":2,\"name\":\"Produits\",\"item\":\"https:\/\/www.qnde.ca\/fr\/produits\/\"},{\"@type\":\"ListItem\",\"position\":3,\"name\":\"Marques\",\"item\":\"https:\/\/www.qnde.ca\/fr\/product-category\/marques\/\"},{\"@type\":\"ListItem\",\"position\":4,\"name\":\"Autres Marques\",\"item\":\"https:\/\/www.qnde.ca\/fr\/product-category\/marques\/autres-marques\/\"},{\"@type\":\"ListItem\",\"position\":5,\"name\":\"Nettoyeur \u00e0 Ultrasons sur Table\"}]},{\"@type\":\"WebSite\",\"@id\":\"https:\/\/www.qnde.ca\/#website\",\"url\":\"https:\/\/www.qnde.ca\/\",\"name\":\"Qualit\u00e9 NDE\",\"description\":\"\u00c9quipements d&#039;essais non destructifs \",\"publisher\":{\"@id\":\"https:\/\/www.qnde.ca\/#organization\"},\"potentialAction\":[{\"@type\":\"SearchAction\",\"target\":{\"@type\":\"EntryPoint\",\"urlTemplate\":\"https:\/\/www.qnde.ca\/?s={search_term_string}\"},\"query-input\":{\"@type\":\"PropertyValueSpecification\",\"valueRequired\":true,\"valueName\":\"search_term_string\"}}],\"inLanguage\":\"fr-FR\"},{\"@type\":\"Organization\",\"@id\":\"https:\/\/www.qnde.ca\/#organization\",\"name\":\"Quality NDT Ltd.\",\"url\":\"https:\/\/www.qnde.ca\/\",\"logo\":{\"@type\":\"ImageObject\",\"inLanguage\":\"fr-FR\",\"@id\":\"https:\/\/www.qnde.ca\/#\/schema\/logo\/image\/\",\"url\":\"https:\/\/www.qnde.ca\/wp-content\/uploads\/2022\/02\/QNDE_logo_RGB-gif.gif\",\"contentUrl\":\"https:\/\/www.qnde.ca\/wp-content\/uploads\/2022\/02\/QNDE_logo_RGB-gif.gif\",\"width\":250,\"height\":64,\"caption\":\"Quality NDT Ltd.\"},\"image\":{\"@id\":\"https:\/\/www.qnde.ca\/#\/schema\/logo\/image\/\"},\"sameAs\":[\"https:\/\/www.linkedin.com\/company\/qnde\/about\/?viewAsMember=true\"]}]}<\/script>\n<!-- \/ Yoast SEO plugin. -->","yoast_head_json":{"title":"Nettoyeur \u00e0 Ultrasons sur Table &#060; Qualit\u00e9 NDE","description":"Nettoyeur \u00e0 ultrasons sur table, num\u00e9rique, chauffage et minuterie int\u00e9gr\u00e9s. Id\u00e9al pour m\u00e9taux, labos, \u00e9lectronique. Facile \u00e0 personnaliser selon besoins.","robots":{"index":"index","follow":"follow","max-snippet":"max-snippet:-1","max-image-preview":"max-image-preview:large","max-video-preview":"max-video-preview:-1"},"canonical":"https:\/\/www.qnde.ca\/fr\/produit\/nettoyeur-a-ultrasons\/","twitter_misc":{"Dur\u00e9e de lecture estim\u00e9e":"1 minute"},"schema":{"@context":"https:\/\/schema.org","@graph":[{"@type":["WebPage","ItemPage"],"@id":"https:\/\/www.qnde.ca\/fr\/produit\/nettoyeur-a-ultrasons\/","url":"https:\/\/www.qnde.ca\/fr\/produit\/nettoyeur-a-ultrasons\/","name":"Nettoyeur \u00e0 Ultrasons sur Table &#060; Qualit\u00e9 NDE","isPartOf":{"@id":"https:\/\/www.qnde.ca\/#website"},"primaryImageOfPage":{"@id":"https:\/\/www.qnde.ca\/fr\/produit\/nettoyeur-a-ultrasons\/#primaryimage"},"image":{"@id":"https:\/\/www.qnde.ca\/fr\/produit\/nettoyeur-a-ultrasons\/#primaryimage"},"thumbnailUrl":"https:\/\/www.qnde.ca\/wp-content\/uploads\/2023\/09\/R30-Tabletop-Ultrasonic-Cleaner-with-basket-and-lid.jpg","datePublished":"2023-09-07T22:28:07+00:00","dateModified":"2025-12-03T15:34:41+00:00","description":"Nettoyeur \u00e0 ultrasons sur table, num\u00e9rique, chauffage et minuterie int\u00e9gr\u00e9s. Id\u00e9al pour m\u00e9taux, labos, \u00e9lectronique. Facile \u00e0 personnaliser selon besoins.","breadcrumb":{"@id":"https:\/\/www.qnde.ca\/fr\/produit\/nettoyeur-a-ultrasons\/#breadcrumb"},"inLanguage":"fr-FR","potentialAction":[{"@type":"ReadAction","target":["https:\/\/www.qnde.ca\/fr\/produit\/nettoyeur-a-ultrasons\/"]}]},{"@type":"ImageObject","inLanguage":"fr-FR","@id":"https:\/\/www.qnde.ca\/fr\/produit\/nettoyeur-a-ultrasons\/#primaryimage","url":"https:\/\/www.qnde.ca\/wp-content\/uploads\/2023\/09\/R30-Tabletop-Ultrasonic-Cleaner-with-basket-and-lid.jpg","contentUrl":"https:\/\/www.qnde.ca\/wp-content\/uploads\/2023\/09\/R30-Tabletop-Ultrasonic-Cleaner-with-basket-and-lid.jpg","width":640,"height":640,"caption":"Nettoyeurs ultrasoniques num\u00e9riques Clangsonic de table, pr\u00e9sent\u00e9s sur un fond blanc."},{"@type":"BreadcrumbList","@id":"https:\/\/www.qnde.ca\/fr\/produit\/nettoyeur-a-ultrasons\/#breadcrumb","itemListElement":[{"@type":"ListItem","position":1,"name":"Accueil","item":"https:\/\/www.qnde.ca\/fr\/"},{"@type":"ListItem","position":2,"name":"Produits","item":"https:\/\/www.qnde.ca\/fr\/produits\/"},{"@type":"ListItem","position":3,"name":"Marques","item":"https:\/\/www.qnde.ca\/fr\/product-category\/marques\/"},{"@type":"ListItem","position":4,"name":"Autres Marques","item":"https:\/\/www.qnde.ca\/fr\/product-category\/marques\/autres-marques\/"},{"@type":"ListItem","position":5,"name":"Nettoyeur \u00e0 Ultrasons sur Table"}]},{"@type":"WebSite","@id":"https:\/\/www.qnde.ca\/#website","url":"https:\/\/www.qnde.ca\/","name":"Qualit\u00e9 NDE","description":"\u00c9quipements d&#039;essais non destructifs ","publisher":{"@id":"https:\/\/www.qnde.ca\/#organization"},"potentialAction":[{"@type":"SearchAction","target":{"@type":"EntryPoint","urlTemplate":"https:\/\/www.qnde.ca\/?s={search_term_string}"},"query-input":{"@type":"PropertyValueSpecification","valueRequired":true,"valueName":"search_term_string"}}],"inLanguage":"fr-FR"},{"@type":"Organization","@id":"https:\/\/www.qnde.ca\/#organization","name":"Quality NDT Ltd.","url":"https:\/\/www.qnde.ca\/","logo":{"@type":"ImageObject","inLanguage":"fr-FR","@id":"https:\/\/www.qnde.ca\/#\/schema\/logo\/image\/","url":"https:\/\/www.qnde.ca\/wp-content\/uploads\/2022\/02\/QNDE_logo_RGB-gif.gif","contentUrl":"https:\/\/www.qnde.ca\/wp-content\/uploads\/2022\/02\/QNDE_logo_RGB-gif.gif","width":250,"height":64,"caption":"Quality NDT Ltd."},"image":{"@id":"https:\/\/www.qnde.ca\/#\/schema\/logo\/image\/"},"sameAs":["https:\/\/www.linkedin.com\/company\/qnde\/about\/?viewAsMember=true"]}]}},"jetpack_sharing_enabled":true,"_links":{"self":[{"href":"https:\/\/www.qnde.ca\/fr\/wp-json\/wp\/v2\/product\/32477","targetHints":{"allow":["GET"]}}],"collection":[{"href":"https:\/\/www.qnde.ca\/fr\/wp-json\/wp\/v2\/product"}],"about":[{"href":"https:\/\/www.qnde.ca\/fr\/wp-json\/wp\/v2\/types\/product"}],"wp:featuredmedia":[{"embeddable":true,"href":"https:\/\/www.qnde.ca\/fr\/wp-json\/wp\/v2\/media\/32472"}],"wp:attachment":[{"href":"https:\/\/www.qnde.ca\/fr\/wp-json\/wp\/v2\/media?parent=32477"}],"wp:term":[{"taxonomy":"product_brand","embeddable":true,"href":"https:\/\/www.qnde.ca\/fr\/wp-json\/wp\/v2\/product_brand?post=32477"},{"taxonomy":"product_cat","embeddable":true,"href":"https:\/\/www.qnde.ca\/fr\/wp-json\/wp\/v2\/product_cat?post=32477"},{"taxonomy":"product_tag","embeddable":true,"href":"https:\/\/www.qnde.ca\/fr\/wp-json\/wp\/v2\/product_tag?post=32477"}],"curies":[{"name":"wp","href":"https:\/\/api.w.org\/{rel}","templated":true}]}}