{"id":32343,"date":"2023-08-31T18:32:59","date_gmt":"2023-08-31T22:32:59","guid":{"rendered":"https:\/\/www.qnde.ca\/produit\/hathorn-h7-systeme-de-camera-dinspection-de-tuyaux\/"},"modified":"2025-08-19T15:10:52","modified_gmt":"2025-08-19T19:10:52","slug":"hathorn-h7-systeme-de-camera-dinspection-de-tuyaux","status":"publish","type":"product","link":"https:\/\/www.qnde.ca\/fr\/produit\/hathorn-h7-systeme-de-camera-dinspection-de-tuyaux\/","title":{"rendered":"Hathorn H7 Syst\u00e8me de Cam\u00e9ra d&rsquo;Inspection de Tuyaux"},"content":{"rendered":"<h4>Hathorn H7 Syst\u00e8me de Cam\u00e9ra d&rsquo;Inspection de Tuyaux<\/h4>\n<p>Le syst\u00e8me de cam\u00e9ra d&rsquo;inspection de tuyaux Hathorn H7 est une unit\u00e9 l\u00e9g\u00e8re, facile \u00e0 utiliser et portable, ne pesant que 16 kg (35 lb). Ce syst\u00e8me est \u00e9quip\u00e9 de votre choix de c\u00e2ble premium de 200 pieds et de t\u00eates de cam\u00e9ra Hathorn DuraCAM avec des lumi\u00e8res LED super brillantes.<\/p>\n<p>Avec l&rsquo;enregistrement vid\u00e9o \u00e0 une touche (MPEG4) et la capture d&rsquo;\u00e9cran (JPEG) sur USB et disque dur, vous pouvez enregistrer sur un disque dur standard de 64 Go. Enregistrez, mettez en pause, jouez, avancez et rembobinez rapidement, et comprend un contr\u00f4le d&rsquo;onde de 512 Hz. Option Wi-Fi disponible.<\/p>\n<p>Contactez-nous pour plus d&rsquo;informations et\/ou recevoir une soumission.<\/p>\n","protected":false},"excerpt":{"rendered":"<p>Hathorn H7 Syst\u00e8me de Cam\u00e9ra d&rsquo;Inspection de Tuyaux Le syst\u00e8me de cam\u00e9ra d&rsquo;inspection de tuyaux Hathorn H7 est une unit\u00e9 l\u00e9g\u00e8re, facile \u00e0 utiliser et portable, ne pesant que 16 kg (35 lb). Ce syst\u00e8me est \u00e9quip\u00e9 de votre choix de c\u00e2ble premium de 200 pieds et de t\u00eates de cam\u00e9ra Hathorn DuraCAM avec des [&hellip;]<\/p>\n","protected":false},"featured_media":32336,"template":"","meta":{"_monsterinsights_skip_tracking":false,"_monsterinsights_sitenote_active":false,"_monsterinsights_sitenote_note":"","_monsterinsights_sitenote_category":0},"product_brand":[],"product_cat":[402,148,153],"product_tag":[],"class_list":{"0":"post-32343","1":"product","2":"type-product","3":"status-publish","4":"has-post-thumbnail","6":"product_cat-autres-marques","7":"product_cat-visuel","8":"product_cat-cameras-poussee","10":"first","11":"instock","12":"shipping-taxable","13":"purchasable","14":"product-type-simple"},"yoast_head":"<!-- This site is optimized with the Yoast SEO plugin v23.9 - https:\/\/yoast.com\/wordpress\/plugins\/seo\/ -->\n<title>Hathorn H7 Syst\u00e8me de Cam\u00e9ra d&#039;Inspection de Tuyaux &#060; Qualit\u00e9 NDE<\/title>\n<meta name=\"description\" content=\"Le syst\u00e8me de cam\u00e9ra d&#039;inspection de tuyaux Hathorn H7 est une unit\u00e9 l\u00e9g\u00e8re, facile \u00e0 utiliser et portable, ne pesant que 16 kg (35 lb).\" \/>\n<meta name=\"robots\" content=\"index, follow, max-snippet:-1, max-image-preview:large, max-video-preview:-1\" \/>\n<link rel=\"canonical\" href=\"https:\/\/www.qnde.ca\/fr\/produit\/hathorn-h7-systeme-de-camera-dinspection-de-tuyaux\/\" \/>\n<meta name=\"twitter:label1\" content=\"Dur\u00e9e de lecture estim\u00e9e\" \/>\n\t<meta name=\"twitter:data1\" content=\"1 minute\" \/>\n<script type=\"application\/ld+json\" class=\"yoast-schema-graph\">{\"@context\":\"https:\/\/schema.org\",\"@graph\":[{\"@type\":[\"WebPage\",\"ItemPage\"],\"@id\":\"https:\/\/www.qnde.ca\/fr\/produit\/hathorn-h7-systeme-de-camera-dinspection-de-tuyaux\/\",\"url\":\"https:\/\/www.qnde.ca\/fr\/produit\/hathorn-h7-systeme-de-camera-dinspection-de-tuyaux\/\",\"name\":\"Hathorn H7 Syst\u00e8me de Cam\u00e9ra d'Inspection de Tuyaux &#060; Qualit\u00e9 NDE\",\"isPartOf\":{\"@id\":\"https:\/\/www.qnde.ca\/#website\"},\"primaryImageOfPage\":{\"@id\":\"https:\/\/www.qnde.ca\/fr\/produit\/hathorn-h7-systeme-de-camera-dinspection-de-tuyaux\/#primaryimage\"},\"image\":{\"@id\":\"https:\/\/www.qnde.ca\/fr\/produit\/hathorn-h7-systeme-de-camera-dinspection-de-tuyaux\/#primaryimage\"},\"thumbnailUrl\":\"https:\/\/www.qnde.ca\/wp-content\/uploads\/2023\/08\/H7-with-drop-shadow-transparent-BG.png\",\"datePublished\":\"2023-08-31T22:32:59+00:00\",\"dateModified\":\"2025-08-19T19:10:52+00:00\",\"description\":\"Le syst\u00e8me de cam\u00e9ra d'inspection de tuyaux Hathorn H7 est une unit\u00e9 l\u00e9g\u00e8re, facile \u00e0 utiliser et portable, ne pesant que 16 kg (35 lb).\",\"breadcrumb\":{\"@id\":\"https:\/\/www.qnde.ca\/fr\/produit\/hathorn-h7-systeme-de-camera-dinspection-de-tuyaux\/#breadcrumb\"},\"inLanguage\":\"fr-FR\",\"potentialAction\":[{\"@type\":\"ReadAction\",\"target\":[\"https:\/\/www.qnde.ca\/fr\/produit\/hathorn-h7-systeme-de-camera-dinspection-de-tuyaux\/\"]}]},{\"@type\":\"ImageObject\",\"inLanguage\":\"fr-FR\",\"@id\":\"https:\/\/www.qnde.ca\/fr\/produit\/hathorn-h7-systeme-de-camera-dinspection-de-tuyaux\/#primaryimage\",\"url\":\"https:\/\/www.qnde.ca\/wp-content\/uploads\/2023\/08\/H7-with-drop-shadow-transparent-BG.png\",\"contentUrl\":\"https:\/\/www.qnde.ca\/wp-content\/uploads\/2023\/08\/H7-with-drop-shadow-transparent-BG.png\",\"width\":700,\"height\":700},{\"@type\":\"BreadcrumbList\",\"@id\":\"https:\/\/www.qnde.ca\/fr\/produit\/hathorn-h7-systeme-de-camera-dinspection-de-tuyaux\/#breadcrumb\",\"itemListElement\":[{\"@type\":\"ListItem\",\"position\":1,\"name\":\"Accueil\",\"item\":\"https:\/\/www.qnde.ca\/fr\/\"},{\"@type\":\"ListItem\",\"position\":2,\"name\":\"Produits\",\"item\":\"https:\/\/www.qnde.ca\/fr\/produits\/\"},{\"@type\":\"ListItem\",\"position\":3,\"name\":\"Marques\",\"item\":\"https:\/\/www.qnde.ca\/fr\/product-category\/marques\/\"},{\"@type\":\"ListItem\",\"position\":4,\"name\":\"Autres Marques\",\"item\":\"https:\/\/www.qnde.ca\/fr\/product-category\/marques\/autres-marques\/\"},{\"@type\":\"ListItem\",\"position\":5,\"name\":\"Hathorn H7 Syst\u00e8me de Cam\u00e9ra d&#8217;Inspection de Tuyaux\"}]},{\"@type\":\"WebSite\",\"@id\":\"https:\/\/www.qnde.ca\/#website\",\"url\":\"https:\/\/www.qnde.ca\/\",\"name\":\"Qualit\u00e9 NDE\",\"description\":\"\u00c9quipements d&#039;essais non destructifs \",\"publisher\":{\"@id\":\"https:\/\/www.qnde.ca\/#organization\"},\"potentialAction\":[{\"@type\":\"SearchAction\",\"target\":{\"@type\":\"EntryPoint\",\"urlTemplate\":\"https:\/\/www.qnde.ca\/?s={search_term_string}\"},\"query-input\":{\"@type\":\"PropertyValueSpecification\",\"valueRequired\":true,\"valueName\":\"search_term_string\"}}],\"inLanguage\":\"fr-FR\"},{\"@type\":\"Organization\",\"@id\":\"https:\/\/www.qnde.ca\/#organization\",\"name\":\"Quality NDT Ltd.\",\"url\":\"https:\/\/www.qnde.ca\/\",\"logo\":{\"@type\":\"ImageObject\",\"inLanguage\":\"fr-FR\",\"@id\":\"https:\/\/www.qnde.ca\/#\/schema\/logo\/image\/\",\"url\":\"https:\/\/www.qnde.ca\/wp-content\/uploads\/2022\/02\/QNDE_logo_RGB-gif.gif\",\"contentUrl\":\"https:\/\/www.qnde.ca\/wp-content\/uploads\/2022\/02\/QNDE_logo_RGB-gif.gif\",\"width\":250,\"height\":64,\"caption\":\"Quality NDT Ltd.\"},\"image\":{\"@id\":\"https:\/\/www.qnde.ca\/#\/schema\/logo\/image\/\"},\"sameAs\":[\"https:\/\/www.linkedin.com\/company\/qnde\/about\/?viewAsMember=true\"]}]}<\/script>\n<!-- \/ Yoast SEO plugin. -->","yoast_head_json":{"title":"Hathorn H7 Syst\u00e8me de Cam\u00e9ra d'Inspection de Tuyaux &#060; Qualit\u00e9 NDE","description":"Le syst\u00e8me de cam\u00e9ra d'inspection de tuyaux Hathorn H7 est une unit\u00e9 l\u00e9g\u00e8re, facile \u00e0 utiliser et portable, ne pesant que 16 kg (35 lb).","robots":{"index":"index","follow":"follow","max-snippet":"max-snippet:-1","max-image-preview":"max-image-preview:large","max-video-preview":"max-video-preview:-1"},"canonical":"https:\/\/www.qnde.ca\/fr\/produit\/hathorn-h7-systeme-de-camera-dinspection-de-tuyaux\/","twitter_misc":{"Dur\u00e9e de lecture estim\u00e9e":"1 minute"},"schema":{"@context":"https:\/\/schema.org","@graph":[{"@type":["WebPage","ItemPage"],"@id":"https:\/\/www.qnde.ca\/fr\/produit\/hathorn-h7-systeme-de-camera-dinspection-de-tuyaux\/","url":"https:\/\/www.qnde.ca\/fr\/produit\/hathorn-h7-systeme-de-camera-dinspection-de-tuyaux\/","name":"Hathorn H7 Syst\u00e8me de Cam\u00e9ra d'Inspection de Tuyaux &#060; Qualit\u00e9 NDE","isPartOf":{"@id":"https:\/\/www.qnde.ca\/#website"},"primaryImageOfPage":{"@id":"https:\/\/www.qnde.ca\/fr\/produit\/hathorn-h7-systeme-de-camera-dinspection-de-tuyaux\/#primaryimage"},"image":{"@id":"https:\/\/www.qnde.ca\/fr\/produit\/hathorn-h7-systeme-de-camera-dinspection-de-tuyaux\/#primaryimage"},"thumbnailUrl":"https:\/\/www.qnde.ca\/wp-content\/uploads\/2023\/08\/H7-with-drop-shadow-transparent-BG.png","datePublished":"2023-08-31T22:32:59+00:00","dateModified":"2025-08-19T19:10:52+00:00","description":"Le syst\u00e8me de cam\u00e9ra d'inspection de tuyaux Hathorn H7 est une unit\u00e9 l\u00e9g\u00e8re, facile \u00e0 utiliser et portable, ne pesant que 16 kg (35 lb).","breadcrumb":{"@id":"https:\/\/www.qnde.ca\/fr\/produit\/hathorn-h7-systeme-de-camera-dinspection-de-tuyaux\/#breadcrumb"},"inLanguage":"fr-FR","potentialAction":[{"@type":"ReadAction","target":["https:\/\/www.qnde.ca\/fr\/produit\/hathorn-h7-systeme-de-camera-dinspection-de-tuyaux\/"]}]},{"@type":"ImageObject","inLanguage":"fr-FR","@id":"https:\/\/www.qnde.ca\/fr\/produit\/hathorn-h7-systeme-de-camera-dinspection-de-tuyaux\/#primaryimage","url":"https:\/\/www.qnde.ca\/wp-content\/uploads\/2023\/08\/H7-with-drop-shadow-transparent-BG.png","contentUrl":"https:\/\/www.qnde.ca\/wp-content\/uploads\/2023\/08\/H7-with-drop-shadow-transparent-BG.png","width":700,"height":700},{"@type":"BreadcrumbList","@id":"https:\/\/www.qnde.ca\/fr\/produit\/hathorn-h7-systeme-de-camera-dinspection-de-tuyaux\/#breadcrumb","itemListElement":[{"@type":"ListItem","position":1,"name":"Accueil","item":"https:\/\/www.qnde.ca\/fr\/"},{"@type":"ListItem","position":2,"name":"Produits","item":"https:\/\/www.qnde.ca\/fr\/produits\/"},{"@type":"ListItem","position":3,"name":"Marques","item":"https:\/\/www.qnde.ca\/fr\/product-category\/marques\/"},{"@type":"ListItem","position":4,"name":"Autres Marques","item":"https:\/\/www.qnde.ca\/fr\/product-category\/marques\/autres-marques\/"},{"@type":"ListItem","position":5,"name":"Hathorn H7 Syst\u00e8me de Cam\u00e9ra d&#8217;Inspection de Tuyaux"}]},{"@type":"WebSite","@id":"https:\/\/www.qnde.ca\/#website","url":"https:\/\/www.qnde.ca\/","name":"Qualit\u00e9 NDE","description":"\u00c9quipements d&#039;essais non destructifs ","publisher":{"@id":"https:\/\/www.qnde.ca\/#organization"},"potentialAction":[{"@type":"SearchAction","target":{"@type":"EntryPoint","urlTemplate":"https:\/\/www.qnde.ca\/?s={search_term_string}"},"query-input":{"@type":"PropertyValueSpecification","valueRequired":true,"valueName":"search_term_string"}}],"inLanguage":"fr-FR"},{"@type":"Organization","@id":"https:\/\/www.qnde.ca\/#organization","name":"Quality NDT Ltd.","url":"https:\/\/www.qnde.ca\/","logo":{"@type":"ImageObject","inLanguage":"fr-FR","@id":"https:\/\/www.qnde.ca\/#\/schema\/logo\/image\/","url":"https:\/\/www.qnde.ca\/wp-content\/uploads\/2022\/02\/QNDE_logo_RGB-gif.gif","contentUrl":"https:\/\/www.qnde.ca\/wp-content\/uploads\/2022\/02\/QNDE_logo_RGB-gif.gif","width":250,"height":64,"caption":"Quality NDT Ltd."},"image":{"@id":"https:\/\/www.qnde.ca\/#\/schema\/logo\/image\/"},"sameAs":["https:\/\/www.linkedin.com\/company\/qnde\/about\/?viewAsMember=true"]}]}},"jetpack_sharing_enabled":true,"_links":{"self":[{"href":"https:\/\/www.qnde.ca\/fr\/wp-json\/wp\/v2\/product\/32343","targetHints":{"allow":["GET"]}}],"collection":[{"href":"https:\/\/www.qnde.ca\/fr\/wp-json\/wp\/v2\/product"}],"about":[{"href":"https:\/\/www.qnde.ca\/fr\/wp-json\/wp\/v2\/types\/product"}],"wp:featuredmedia":[{"embeddable":true,"href":"https:\/\/www.qnde.ca\/fr\/wp-json\/wp\/v2\/media\/32336"}],"wp:attachment":[{"href":"https:\/\/www.qnde.ca\/fr\/wp-json\/wp\/v2\/media?parent=32343"}],"wp:term":[{"taxonomy":"product_brand","embeddable":true,"href":"https:\/\/www.qnde.ca\/fr\/wp-json\/wp\/v2\/product_brand?post=32343"},{"taxonomy":"product_cat","embeddable":true,"href":"https:\/\/www.qnde.ca\/fr\/wp-json\/wp\/v2\/product_cat?post=32343"},{"taxonomy":"product_tag","embeddable":true,"href":"https:\/\/www.qnde.ca\/fr\/wp-json\/wp\/v2\/product_tag?post=32343"}],"curies":[{"name":"wp","href":"https:\/\/api.w.org\/{rel}","templated":true}]}}