{"id":32337,"date":"2023-08-31T18:02:26","date_gmt":"2023-08-31T22:02:26","guid":{"rendered":"https:\/\/www.qnde.ca\/produit\/hathorn-micron-fr\/"},"modified":"2025-08-19T15:14:14","modified_gmt":"2025-08-19T19:14:14","slug":"hathorn-micron-fr","status":"publish","type":"product","link":"https:\/\/www.qnde.ca\/fr\/produit\/hathorn-micron-fr\/","title":{"rendered":"Hathorn Micron DuraSCOPE Cam\u00e9ra d&rsquo;Inspection de Canalisations\u00a0"},"content":{"rendered":"<h4>Hathorn Micron DuraSCOPE Cam\u00e9ra d&rsquo;Inspection de Canalisations<\/h4>\n<p>La cam\u00e9ra d&rsquo;inspection DuraSCOPE par Hathorn est facile \u00e0 utiliser, portable, et l\u00e9g\u00e8re, et fait pour inspecter des tuyaux de 1,5&Prime; \u00e0 3&Prime;.<\/p>\n<p>La t\u00eate de cam\u00e9ra a une vue droite de 1&Prime;, des options wifi ou non-wifi. La cam\u00e9ra DuraSCOPE est livr\u00e9 avec votre choix de t\u00eates de cam\u00e9ra DuraCAM \u00e0 vue droite de 1&Prime; ou 7\/8&Prime; avec \u00e9clairage LED. L&rsquo;unit\u00e9 ne mesure que 16 pouces de hauteur et ne p\u00e8se que 16 livres. L&rsquo;option Wifi est aliment\u00e9e par une batterie externe Milwaukee 18 V (vendue s\u00e9par\u00e9ment) qui peut durer jusqu&rsquo;\u00e0 6 heures.<\/p>\n<p>Le kit standard comprend:<\/p>\n<ul>\n<li>une sonde haute puissance 512 Hz.<\/li>\n<li>une tige de pouss\u00e9e.<\/li>\n<li>8 LED.<\/li>\n<li>une t\u00eate DuraCAM avec qualit\u00e9 d&rsquo;image HD.<\/li>\n<\/ul>\n<p>Voir la fiche technique pour plus de d\u00e9tails !<\/p>\n<p>Contactez-nous pour plus de d\u00e9tails et\/ou pour recevoir une soumission.<\/p>\n","protected":false},"excerpt":{"rendered":"<p>Hathorn Micron DuraSCOPE Cam\u00e9ra d&rsquo;Inspection de Canalisations La cam\u00e9ra d&rsquo;inspection DuraSCOPE par Hathorn est facile \u00e0 utiliser, portable, et l\u00e9g\u00e8re, et fait pour inspecter des tuyaux de 1,5&Prime; \u00e0 3&Prime;. La t\u00eate de cam\u00e9ra a une vue droite de 1&Prime;, des options wifi ou non-wifi. La cam\u00e9ra DuraSCOPE est livr\u00e9 avec votre choix de t\u00eates [&hellip;]<\/p>\n","protected":false},"featured_media":32342,"template":"","meta":{"_monsterinsights_skip_tracking":false,"_monsterinsights_sitenote_active":false,"_monsterinsights_sitenote_note":"","_monsterinsights_sitenote_category":0},"product_brand":[],"product_cat":[402,148,153],"product_tag":[],"class_list":{"0":"post-32337","1":"product","2":"type-product","3":"status-publish","4":"has-post-thumbnail","6":"product_cat-autres-marques","7":"product_cat-visuel","8":"product_cat-cameras-poussee","10":"first","11":"instock","12":"shipping-taxable","13":"purchasable","14":"product-type-simple"},"yoast_head":"<!-- This site is optimized with the Yoast SEO plugin v23.9 - https:\/\/yoast.com\/wordpress\/plugins\/seo\/ -->\n<title>Hathorn Micron DuraSCOPE Cam\u00e9ra d&#039;Inspection de Canalisations\u00a0 &#060; Qualit\u00e9 NDE<\/title>\n<meta name=\"description\" content=\"La cam\u00e9ra d&#039;inspection DuraSCOPE par Hathorn est facile \u00e0 utiliser, portable, et l\u00e9g\u00e8re, et fait pour inspecter des tuyaux de 1,5&quot; \u00e0 3&quot;.\" \/>\n<meta name=\"robots\" content=\"index, follow, max-snippet:-1, max-image-preview:large, max-video-preview:-1\" \/>\n<link rel=\"canonical\" href=\"https:\/\/www.qnde.ca\/fr\/produit\/hathorn-micron-fr\/\" \/>\n<meta name=\"twitter:label1\" content=\"Dur\u00e9e de lecture estim\u00e9e\" \/>\n\t<meta name=\"twitter:data1\" content=\"1 minute\" \/>\n<script type=\"application\/ld+json\" class=\"yoast-schema-graph\">{\"@context\":\"https:\/\/schema.org\",\"@graph\":[{\"@type\":[\"WebPage\",\"ItemPage\"],\"@id\":\"https:\/\/www.qnde.ca\/fr\/produit\/hathorn-micron-fr\/\",\"url\":\"https:\/\/www.qnde.ca\/fr\/produit\/hathorn-micron-fr\/\",\"name\":\"Hathorn Micron DuraSCOPE Cam\u00e9ra d'Inspection de Canalisations\u00a0 &#060; Qualit\u00e9 NDE\",\"isPartOf\":{\"@id\":\"https:\/\/www.qnde.ca\/#website\"},\"primaryImageOfPage\":{\"@id\":\"https:\/\/www.qnde.ca\/fr\/produit\/hathorn-micron-fr\/#primaryimage\"},\"image\":{\"@id\":\"https:\/\/www.qnde.ca\/fr\/produit\/hathorn-micron-fr\/#primaryimage\"},\"thumbnailUrl\":\"https:\/\/www.qnde.ca\/wp-content\/uploads\/2023\/08\/Micron_1_50.png\",\"datePublished\":\"2023-08-31T22:02:26+00:00\",\"dateModified\":\"2025-08-19T19:14:14+00:00\",\"description\":\"La cam\u00e9ra d'inspection DuraSCOPE par Hathorn est facile \u00e0 utiliser, portable, et l\u00e9g\u00e8re, et fait pour inspecter des tuyaux de 1,5\\\" \u00e0 3\\\".\",\"breadcrumb\":{\"@id\":\"https:\/\/www.qnde.ca\/fr\/produit\/hathorn-micron-fr\/#breadcrumb\"},\"inLanguage\":\"fr-FR\",\"potentialAction\":[{\"@type\":\"ReadAction\",\"target\":[\"https:\/\/www.qnde.ca\/fr\/produit\/hathorn-micron-fr\/\"]}]},{\"@type\":\"ImageObject\",\"inLanguage\":\"fr-FR\",\"@id\":\"https:\/\/www.qnde.ca\/fr\/produit\/hathorn-micron-fr\/#primaryimage\",\"url\":\"https:\/\/www.qnde.ca\/wp-content\/uploads\/2023\/08\/Micron_1_50.png\",\"contentUrl\":\"https:\/\/www.qnde.ca\/wp-content\/uploads\/2023\/08\/Micron_1_50.png\",\"width\":540,\"height\":540},{\"@type\":\"BreadcrumbList\",\"@id\":\"https:\/\/www.qnde.ca\/fr\/produit\/hathorn-micron-fr\/#breadcrumb\",\"itemListElement\":[{\"@type\":\"ListItem\",\"position\":1,\"name\":\"Accueil\",\"item\":\"https:\/\/www.qnde.ca\/fr\/\"},{\"@type\":\"ListItem\",\"position\":2,\"name\":\"Produits\",\"item\":\"https:\/\/www.qnde.ca\/fr\/produits\/\"},{\"@type\":\"ListItem\",\"position\":3,\"name\":\"Marques\",\"item\":\"https:\/\/www.qnde.ca\/fr\/product-category\/marques\/\"},{\"@type\":\"ListItem\",\"position\":4,\"name\":\"Autres Marques\",\"item\":\"https:\/\/www.qnde.ca\/fr\/product-category\/marques\/autres-marques\/\"},{\"@type\":\"ListItem\",\"position\":5,\"name\":\"Hathorn Micron DuraSCOPE Cam\u00e9ra d&#8217;Inspection de Canalisations\u00a0\"}]},{\"@type\":\"WebSite\",\"@id\":\"https:\/\/www.qnde.ca\/#website\",\"url\":\"https:\/\/www.qnde.ca\/\",\"name\":\"Qualit\u00e9 NDE\",\"description\":\"\u00c9quipements d&#039;essais non destructifs \",\"publisher\":{\"@id\":\"https:\/\/www.qnde.ca\/#organization\"},\"potentialAction\":[{\"@type\":\"SearchAction\",\"target\":{\"@type\":\"EntryPoint\",\"urlTemplate\":\"https:\/\/www.qnde.ca\/?s={search_term_string}\"},\"query-input\":{\"@type\":\"PropertyValueSpecification\",\"valueRequired\":true,\"valueName\":\"search_term_string\"}}],\"inLanguage\":\"fr-FR\"},{\"@type\":\"Organization\",\"@id\":\"https:\/\/www.qnde.ca\/#organization\",\"name\":\"Quality NDT Ltd.\",\"url\":\"https:\/\/www.qnde.ca\/\",\"logo\":{\"@type\":\"ImageObject\",\"inLanguage\":\"fr-FR\",\"@id\":\"https:\/\/www.qnde.ca\/#\/schema\/logo\/image\/\",\"url\":\"https:\/\/www.qnde.ca\/wp-content\/uploads\/2022\/02\/QNDE_logo_RGB-gif.gif\",\"contentUrl\":\"https:\/\/www.qnde.ca\/wp-content\/uploads\/2022\/02\/QNDE_logo_RGB-gif.gif\",\"width\":250,\"height\":64,\"caption\":\"Quality NDT Ltd.\"},\"image\":{\"@id\":\"https:\/\/www.qnde.ca\/#\/schema\/logo\/image\/\"},\"sameAs\":[\"https:\/\/www.linkedin.com\/company\/qnde\/about\/?viewAsMember=true\"]}]}<\/script>\n<!-- \/ Yoast SEO plugin. -->","yoast_head_json":{"title":"Hathorn Micron DuraSCOPE Cam\u00e9ra d'Inspection de Canalisations\u00a0 &#060; Qualit\u00e9 NDE","description":"La cam\u00e9ra d'inspection DuraSCOPE par Hathorn est facile \u00e0 utiliser, portable, et l\u00e9g\u00e8re, et fait pour inspecter des tuyaux de 1,5\" \u00e0 3\".","robots":{"index":"index","follow":"follow","max-snippet":"max-snippet:-1","max-image-preview":"max-image-preview:large","max-video-preview":"max-video-preview:-1"},"canonical":"https:\/\/www.qnde.ca\/fr\/produit\/hathorn-micron-fr\/","twitter_misc":{"Dur\u00e9e de lecture estim\u00e9e":"1 minute"},"schema":{"@context":"https:\/\/schema.org","@graph":[{"@type":["WebPage","ItemPage"],"@id":"https:\/\/www.qnde.ca\/fr\/produit\/hathorn-micron-fr\/","url":"https:\/\/www.qnde.ca\/fr\/produit\/hathorn-micron-fr\/","name":"Hathorn Micron DuraSCOPE Cam\u00e9ra d'Inspection de Canalisations\u00a0 &#060; Qualit\u00e9 NDE","isPartOf":{"@id":"https:\/\/www.qnde.ca\/#website"},"primaryImageOfPage":{"@id":"https:\/\/www.qnde.ca\/fr\/produit\/hathorn-micron-fr\/#primaryimage"},"image":{"@id":"https:\/\/www.qnde.ca\/fr\/produit\/hathorn-micron-fr\/#primaryimage"},"thumbnailUrl":"https:\/\/www.qnde.ca\/wp-content\/uploads\/2023\/08\/Micron_1_50.png","datePublished":"2023-08-31T22:02:26+00:00","dateModified":"2025-08-19T19:14:14+00:00","description":"La cam\u00e9ra d'inspection DuraSCOPE par Hathorn est facile \u00e0 utiliser, portable, et l\u00e9g\u00e8re, et fait pour inspecter des tuyaux de 1,5\" \u00e0 3\".","breadcrumb":{"@id":"https:\/\/www.qnde.ca\/fr\/produit\/hathorn-micron-fr\/#breadcrumb"},"inLanguage":"fr-FR","potentialAction":[{"@type":"ReadAction","target":["https:\/\/www.qnde.ca\/fr\/produit\/hathorn-micron-fr\/"]}]},{"@type":"ImageObject","inLanguage":"fr-FR","@id":"https:\/\/www.qnde.ca\/fr\/produit\/hathorn-micron-fr\/#primaryimage","url":"https:\/\/www.qnde.ca\/wp-content\/uploads\/2023\/08\/Micron_1_50.png","contentUrl":"https:\/\/www.qnde.ca\/wp-content\/uploads\/2023\/08\/Micron_1_50.png","width":540,"height":540},{"@type":"BreadcrumbList","@id":"https:\/\/www.qnde.ca\/fr\/produit\/hathorn-micron-fr\/#breadcrumb","itemListElement":[{"@type":"ListItem","position":1,"name":"Accueil","item":"https:\/\/www.qnde.ca\/fr\/"},{"@type":"ListItem","position":2,"name":"Produits","item":"https:\/\/www.qnde.ca\/fr\/produits\/"},{"@type":"ListItem","position":3,"name":"Marques","item":"https:\/\/www.qnde.ca\/fr\/product-category\/marques\/"},{"@type":"ListItem","position":4,"name":"Autres Marques","item":"https:\/\/www.qnde.ca\/fr\/product-category\/marques\/autres-marques\/"},{"@type":"ListItem","position":5,"name":"Hathorn Micron DuraSCOPE Cam\u00e9ra d&#8217;Inspection de Canalisations\u00a0"}]},{"@type":"WebSite","@id":"https:\/\/www.qnde.ca\/#website","url":"https:\/\/www.qnde.ca\/","name":"Qualit\u00e9 NDE","description":"\u00c9quipements d&#039;essais non destructifs ","publisher":{"@id":"https:\/\/www.qnde.ca\/#organization"},"potentialAction":[{"@type":"SearchAction","target":{"@type":"EntryPoint","urlTemplate":"https:\/\/www.qnde.ca\/?s={search_term_string}"},"query-input":{"@type":"PropertyValueSpecification","valueRequired":true,"valueName":"search_term_string"}}],"inLanguage":"fr-FR"},{"@type":"Organization","@id":"https:\/\/www.qnde.ca\/#organization","name":"Quality NDT Ltd.","url":"https:\/\/www.qnde.ca\/","logo":{"@type":"ImageObject","inLanguage":"fr-FR","@id":"https:\/\/www.qnde.ca\/#\/schema\/logo\/image\/","url":"https:\/\/www.qnde.ca\/wp-content\/uploads\/2022\/02\/QNDE_logo_RGB-gif.gif","contentUrl":"https:\/\/www.qnde.ca\/wp-content\/uploads\/2022\/02\/QNDE_logo_RGB-gif.gif","width":250,"height":64,"caption":"Quality NDT Ltd."},"image":{"@id":"https:\/\/www.qnde.ca\/#\/schema\/logo\/image\/"},"sameAs":["https:\/\/www.linkedin.com\/company\/qnde\/about\/?viewAsMember=true"]}]}},"jetpack_sharing_enabled":true,"_links":{"self":[{"href":"https:\/\/www.qnde.ca\/fr\/wp-json\/wp\/v2\/product\/32337","targetHints":{"allow":["GET"]}}],"collection":[{"href":"https:\/\/www.qnde.ca\/fr\/wp-json\/wp\/v2\/product"}],"about":[{"href":"https:\/\/www.qnde.ca\/fr\/wp-json\/wp\/v2\/types\/product"}],"wp:featuredmedia":[{"embeddable":true,"href":"https:\/\/www.qnde.ca\/fr\/wp-json\/wp\/v2\/media\/32342"}],"wp:attachment":[{"href":"https:\/\/www.qnde.ca\/fr\/wp-json\/wp\/v2\/media?parent=32337"}],"wp:term":[{"taxonomy":"product_brand","embeddable":true,"href":"https:\/\/www.qnde.ca\/fr\/wp-json\/wp\/v2\/product_brand?post=32337"},{"taxonomy":"product_cat","embeddable":true,"href":"https:\/\/www.qnde.ca\/fr\/wp-json\/wp\/v2\/product_cat?post=32337"},{"taxonomy":"product_tag","embeddable":true,"href":"https:\/\/www.qnde.ca\/fr\/wp-json\/wp\/v2\/product_tag?post=32337"}],"curies":[{"name":"wp","href":"https:\/\/api.w.org\/{rel}","templated":true}]}}