{"id":32320,"date":"2023-08-30T14:43:22","date_gmt":"2023-08-30T18:43:22","guid":{"rendered":"https:\/\/www.qnde.ca\/produit\/magnaflux-zl-150\/"},"modified":"2025-08-19T15:15:56","modified_gmt":"2025-08-19T19:15:56","slug":"magnaflux-zl-150","status":"publish","type":"product","link":"https:\/\/www.qnde.ca\/fr\/produit\/magnaflux-zl-150\/","title":{"rendered":"Magnaflux ZL-150 P\u00e9n\u00e9trant Fluorescent Lavable \u00e0 l&rsquo;Eau\u00a0"},"content":{"rendered":"<h4>Magnaflux ZL-150 P\u00e9n\u00e9trant Fluorescent Lavable \u00e0 l&rsquo;Eau<\/h4>\n<p>Le ZL-150 de Magnaflux est un p\u00e9n\u00e9trant fluorescent lavable \u00e0 l&rsquo;eau, id\u00e9al pour trouver des indications dans les pi\u00e8ces brutes dans les applications par immersion \u00e0 grand volume. Ce p\u00e9n\u00e9trant de sensibilit\u00e9 moyenne de niveau 2 est \u00e9conomique et nettoie les pi\u00e8ces rapidement et facilement.<\/p>\n<p><strong>Options<\/strong>:<\/p>\n<ul>\n<li>01-3285-45\u00a0:\u00a0baril de 55 gal (208\u00a0L)<\/li>\n<li>01-3285-67\u00a0:\u00a0baril de 275 gallons (1\u00a0250\u00a0L)<\/li>\n<\/ul>\n<p>Contactez-nous pour plus d\u2019information et\/ou recevoir une soumission.<\/p>\n","protected":false},"excerpt":{"rendered":"<p>Magnaflux ZL-150 P\u00e9n\u00e9trant Fluorescent Lavable \u00e0 l&rsquo;Eau Le ZL-150 de Magnaflux est un p\u00e9n\u00e9trant fluorescent lavable \u00e0 l&rsquo;eau, id\u00e9al pour trouver des indications dans les pi\u00e8ces brutes dans les applications par immersion \u00e0 grand volume. Ce p\u00e9n\u00e9trant de sensibilit\u00e9 moyenne de niveau 2 est \u00e9conomique et nettoie les pi\u00e8ces rapidement et facilement. Options: 01-3285-45\u00a0:\u00a0baril de [&hellip;]<\/p>\n","protected":false},"featured_media":32319,"template":"","meta":{"_monsterinsights_skip_tracking":false,"_monsterinsights_sitenote_active":false,"_monsterinsights_sitenote_note":"","_monsterinsights_sitenote_category":0},"product_brand":[],"product_cat":[369,118,120],"product_tag":[],"class_list":{"0":"post-32320","1":"product","2":"type-product","3":"status-publish","4":"has-post-thumbnail","6":"product_cat-magnaflux-fr","7":"product_cat-ressuage","8":"product_cat-penetrants-fluorescents","10":"first","11":"instock","12":"shipping-taxable","13":"purchasable","14":"product-type-variable"},"yoast_head":"<!-- This site is optimized with the Yoast SEO plugin v23.9 - https:\/\/yoast.com\/wordpress\/plugins\/seo\/ -->\n<title>Magnaflux ZL-150 P\u00e9n\u00e9trant Fluorescent Lavable \u00e0 l&#039;Eau\u00a0 &#060; Qualit\u00e9 NDE<\/title>\n<meta name=\"description\" content=\"ZL-150 Magnaflux, \u00e9n\u00e9trant fluorescent lavable \u00e0 l&#039;eau, pour trouver des indications dans les pi\u00e8ces brutes lors d&#039;application par immersion \u00e0 grand volume.\" \/>\n<meta name=\"robots\" content=\"index, follow, max-snippet:-1, max-image-preview:large, max-video-preview:-1\" \/>\n<link rel=\"canonical\" href=\"https:\/\/www.qnde.ca\/fr\/produit\/magnaflux-zl-150\/\" \/>\n<meta name=\"twitter:label1\" content=\"Dur\u00e9e de lecture estim\u00e9e\" \/>\n\t<meta name=\"twitter:data1\" content=\"1 minute\" \/>\n<script type=\"application\/ld+json\" class=\"yoast-schema-graph\">{\"@context\":\"https:\/\/schema.org\",\"@graph\":[{\"@type\":[\"WebPage\",\"ItemPage\"],\"@id\":\"https:\/\/www.qnde.ca\/fr\/produit\/magnaflux-zl-150\/\",\"url\":\"https:\/\/www.qnde.ca\/fr\/produit\/magnaflux-zl-150\/\",\"name\":\"Magnaflux ZL-150 P\u00e9n\u00e9trant Fluorescent Lavable \u00e0 l'Eau\u00a0 &#060; Qualit\u00e9 NDE\",\"isPartOf\":{\"@id\":\"https:\/\/www.qnde.ca\/#website\"},\"primaryImageOfPage\":{\"@id\":\"https:\/\/www.qnde.ca\/fr\/produit\/magnaflux-zl-150\/#primaryimage\"},\"image\":{\"@id\":\"https:\/\/www.qnde.ca\/fr\/produit\/magnaflux-zl-150\/#primaryimage\"},\"thumbnailUrl\":\"https:\/\/www.qnde.ca\/wp-content\/uploads\/2023\/08\/01-3285-67-ZL-150-group.png\",\"datePublished\":\"2023-08-30T18:43:22+00:00\",\"dateModified\":\"2025-08-19T19:15:56+00:00\",\"description\":\"ZL-150 Magnaflux, \u00e9n\u00e9trant fluorescent lavable \u00e0 l'eau, pour trouver des indications dans les pi\u00e8ces brutes lors d'application par immersion \u00e0 grand volume.\",\"breadcrumb\":{\"@id\":\"https:\/\/www.qnde.ca\/fr\/produit\/magnaflux-zl-150\/#breadcrumb\"},\"inLanguage\":\"fr-FR\",\"potentialAction\":[{\"@type\":\"ReadAction\",\"target\":[\"https:\/\/www.qnde.ca\/fr\/produit\/magnaflux-zl-150\/\"]}]},{\"@type\":\"ImageObject\",\"inLanguage\":\"fr-FR\",\"@id\":\"https:\/\/www.qnde.ca\/fr\/produit\/magnaflux-zl-150\/#primaryimage\",\"url\":\"https:\/\/www.qnde.ca\/wp-content\/uploads\/2023\/08\/01-3285-67-ZL-150-group.png\",\"contentUrl\":\"https:\/\/www.qnde.ca\/wp-content\/uploads\/2023\/08\/01-3285-67-ZL-150-group.png\",\"width\":400,\"height\":400},{\"@type\":\"BreadcrumbList\",\"@id\":\"https:\/\/www.qnde.ca\/fr\/produit\/magnaflux-zl-150\/#breadcrumb\",\"itemListElement\":[{\"@type\":\"ListItem\",\"position\":1,\"name\":\"Accueil\",\"item\":\"https:\/\/www.qnde.ca\/fr\/\"},{\"@type\":\"ListItem\",\"position\":2,\"name\":\"Produits\",\"item\":\"https:\/\/www.qnde.ca\/fr\/produits\/\"},{\"@type\":\"ListItem\",\"position\":3,\"name\":\"Marques\",\"item\":\"https:\/\/www.qnde.ca\/fr\/product-category\/marques\/\"},{\"@type\":\"ListItem\",\"position\":4,\"name\":\"Magnaflux\",\"item\":\"https:\/\/www.qnde.ca\/fr\/product-category\/marques\/magnaflux-fr\/\"},{\"@type\":\"ListItem\",\"position\":5,\"name\":\"Magnaflux ZL-150 P\u00e9n\u00e9trant Fluorescent Lavable \u00e0 l&#8217;Eau\u00a0\"}]},{\"@type\":\"WebSite\",\"@id\":\"https:\/\/www.qnde.ca\/#website\",\"url\":\"https:\/\/www.qnde.ca\/\",\"name\":\"Qualit\u00e9 NDE\",\"description\":\"\u00c9quipements d&#039;essais non destructifs \",\"publisher\":{\"@id\":\"https:\/\/www.qnde.ca\/#organization\"},\"potentialAction\":[{\"@type\":\"SearchAction\",\"target\":{\"@type\":\"EntryPoint\",\"urlTemplate\":\"https:\/\/www.qnde.ca\/?s={search_term_string}\"},\"query-input\":{\"@type\":\"PropertyValueSpecification\",\"valueRequired\":true,\"valueName\":\"search_term_string\"}}],\"inLanguage\":\"fr-FR\"},{\"@type\":\"Organization\",\"@id\":\"https:\/\/www.qnde.ca\/#organization\",\"name\":\"Quality NDT Ltd.\",\"url\":\"https:\/\/www.qnde.ca\/\",\"logo\":{\"@type\":\"ImageObject\",\"inLanguage\":\"fr-FR\",\"@id\":\"https:\/\/www.qnde.ca\/#\/schema\/logo\/image\/\",\"url\":\"https:\/\/www.qnde.ca\/wp-content\/uploads\/2022\/02\/QNDE_logo_RGB-gif.gif\",\"contentUrl\":\"https:\/\/www.qnde.ca\/wp-content\/uploads\/2022\/02\/QNDE_logo_RGB-gif.gif\",\"width\":250,\"height\":64,\"caption\":\"Quality NDT Ltd.\"},\"image\":{\"@id\":\"https:\/\/www.qnde.ca\/#\/schema\/logo\/image\/\"},\"sameAs\":[\"https:\/\/www.linkedin.com\/company\/qnde\/about\/?viewAsMember=true\"]}]}<\/script>\n<!-- \/ Yoast SEO plugin. -->","yoast_head_json":{"title":"Magnaflux ZL-150 P\u00e9n\u00e9trant Fluorescent Lavable \u00e0 l'Eau\u00a0 &#060; Qualit\u00e9 NDE","description":"ZL-150 Magnaflux, \u00e9n\u00e9trant fluorescent lavable \u00e0 l'eau, pour trouver des indications dans les pi\u00e8ces brutes lors d'application par immersion \u00e0 grand volume.","robots":{"index":"index","follow":"follow","max-snippet":"max-snippet:-1","max-image-preview":"max-image-preview:large","max-video-preview":"max-video-preview:-1"},"canonical":"https:\/\/www.qnde.ca\/fr\/produit\/magnaflux-zl-150\/","twitter_misc":{"Dur\u00e9e de lecture estim\u00e9e":"1 minute"},"schema":{"@context":"https:\/\/schema.org","@graph":[{"@type":["WebPage","ItemPage"],"@id":"https:\/\/www.qnde.ca\/fr\/produit\/magnaflux-zl-150\/","url":"https:\/\/www.qnde.ca\/fr\/produit\/magnaflux-zl-150\/","name":"Magnaflux ZL-150 P\u00e9n\u00e9trant Fluorescent Lavable \u00e0 l'Eau\u00a0 &#060; Qualit\u00e9 NDE","isPartOf":{"@id":"https:\/\/www.qnde.ca\/#website"},"primaryImageOfPage":{"@id":"https:\/\/www.qnde.ca\/fr\/produit\/magnaflux-zl-150\/#primaryimage"},"image":{"@id":"https:\/\/www.qnde.ca\/fr\/produit\/magnaflux-zl-150\/#primaryimage"},"thumbnailUrl":"https:\/\/www.qnde.ca\/wp-content\/uploads\/2023\/08\/01-3285-67-ZL-150-group.png","datePublished":"2023-08-30T18:43:22+00:00","dateModified":"2025-08-19T19:15:56+00:00","description":"ZL-150 Magnaflux, \u00e9n\u00e9trant fluorescent lavable \u00e0 l'eau, pour trouver des indications dans les pi\u00e8ces brutes lors d'application par immersion \u00e0 grand volume.","breadcrumb":{"@id":"https:\/\/www.qnde.ca\/fr\/produit\/magnaflux-zl-150\/#breadcrumb"},"inLanguage":"fr-FR","potentialAction":[{"@type":"ReadAction","target":["https:\/\/www.qnde.ca\/fr\/produit\/magnaflux-zl-150\/"]}]},{"@type":"ImageObject","inLanguage":"fr-FR","@id":"https:\/\/www.qnde.ca\/fr\/produit\/magnaflux-zl-150\/#primaryimage","url":"https:\/\/www.qnde.ca\/wp-content\/uploads\/2023\/08\/01-3285-67-ZL-150-group.png","contentUrl":"https:\/\/www.qnde.ca\/wp-content\/uploads\/2023\/08\/01-3285-67-ZL-150-group.png","width":400,"height":400},{"@type":"BreadcrumbList","@id":"https:\/\/www.qnde.ca\/fr\/produit\/magnaflux-zl-150\/#breadcrumb","itemListElement":[{"@type":"ListItem","position":1,"name":"Accueil","item":"https:\/\/www.qnde.ca\/fr\/"},{"@type":"ListItem","position":2,"name":"Produits","item":"https:\/\/www.qnde.ca\/fr\/produits\/"},{"@type":"ListItem","position":3,"name":"Marques","item":"https:\/\/www.qnde.ca\/fr\/product-category\/marques\/"},{"@type":"ListItem","position":4,"name":"Magnaflux","item":"https:\/\/www.qnde.ca\/fr\/product-category\/marques\/magnaflux-fr\/"},{"@type":"ListItem","position":5,"name":"Magnaflux ZL-150 P\u00e9n\u00e9trant Fluorescent Lavable \u00e0 l&#8217;Eau\u00a0"}]},{"@type":"WebSite","@id":"https:\/\/www.qnde.ca\/#website","url":"https:\/\/www.qnde.ca\/","name":"Qualit\u00e9 NDE","description":"\u00c9quipements d&#039;essais non destructifs ","publisher":{"@id":"https:\/\/www.qnde.ca\/#organization"},"potentialAction":[{"@type":"SearchAction","target":{"@type":"EntryPoint","urlTemplate":"https:\/\/www.qnde.ca\/?s={search_term_string}"},"query-input":{"@type":"PropertyValueSpecification","valueRequired":true,"valueName":"search_term_string"}}],"inLanguage":"fr-FR"},{"@type":"Organization","@id":"https:\/\/www.qnde.ca\/#organization","name":"Quality NDT Ltd.","url":"https:\/\/www.qnde.ca\/","logo":{"@type":"ImageObject","inLanguage":"fr-FR","@id":"https:\/\/www.qnde.ca\/#\/schema\/logo\/image\/","url":"https:\/\/www.qnde.ca\/wp-content\/uploads\/2022\/02\/QNDE_logo_RGB-gif.gif","contentUrl":"https:\/\/www.qnde.ca\/wp-content\/uploads\/2022\/02\/QNDE_logo_RGB-gif.gif","width":250,"height":64,"caption":"Quality NDT Ltd."},"image":{"@id":"https:\/\/www.qnde.ca\/#\/schema\/logo\/image\/"},"sameAs":["https:\/\/www.linkedin.com\/company\/qnde\/about\/?viewAsMember=true"]}]}},"jetpack_sharing_enabled":true,"_links":{"self":[{"href":"https:\/\/www.qnde.ca\/fr\/wp-json\/wp\/v2\/product\/32320","targetHints":{"allow":["GET"]}}],"collection":[{"href":"https:\/\/www.qnde.ca\/fr\/wp-json\/wp\/v2\/product"}],"about":[{"href":"https:\/\/www.qnde.ca\/fr\/wp-json\/wp\/v2\/types\/product"}],"wp:featuredmedia":[{"embeddable":true,"href":"https:\/\/www.qnde.ca\/fr\/wp-json\/wp\/v2\/media\/32319"}],"wp:attachment":[{"href":"https:\/\/www.qnde.ca\/fr\/wp-json\/wp\/v2\/media?parent=32320"}],"wp:term":[{"taxonomy":"product_brand","embeddable":true,"href":"https:\/\/www.qnde.ca\/fr\/wp-json\/wp\/v2\/product_brand?post=32320"},{"taxonomy":"product_cat","embeddable":true,"href":"https:\/\/www.qnde.ca\/fr\/wp-json\/wp\/v2\/product_cat?post=32320"},{"taxonomy":"product_tag","embeddable":true,"href":"https:\/\/www.qnde.ca\/fr\/wp-json\/wp\/v2\/product_tag?post=32320"}],"curies":[{"name":"wp","href":"https:\/\/api.w.org\/{rel}","templated":true}]}}