{"id":32297,"date":"2023-08-25T17:11:20","date_gmt":"2025-06-18T14:21:52","guid":{"rendered":"https:\/\/www.qnde.ca\/?post_type=product&#038;p=32297"},"modified":"2025-08-19T15:39:16","modified_gmt":"2025-08-19T19:39:16","slug":"magnaflux-mv-740-suspension-de-particules-visibles-a-base-deau","status":"publish","type":"product","link":"https:\/\/www.qnde.ca\/fr\/produit\/magnaflux-mv-740-suspension-de-particules-visibles-a-base-deau\/","title":{"rendered":"Magnaflux MV-740 Suspension de Particules Visibles \u00e0 Base d&rsquo;Eau"},"content":{"rendered":"<p><strong>Magnaflux MV-740 Suspension de Particules Visibles \u00e0 Base d&rsquo;Eau<\/strong><\/p>\n<p>Ce fluide de particules magn\u00e9tiques \u00e0 base d&rsquo;eau de Magnaflux pour les tests de particules magn\u00e9tiques par m\u00e9thode humide afin de localiser les disconuit\u00e9s fines et moyennes sur les pi\u00e8ces finies. Le MV-740 est souvent utilis\u00e9 avec la peinture de contraste blanche WCP-2 pour am\u00e9liorer le contraste et la sensibilit\u00e9 de l&rsquo;inspection.<\/p>\n<p>&nbsp;<\/p>\n<p><strong>Options:<\/strong><\/p>\n<ul>\n<li>01-9140-35\u00a0: 1 gal (3,78 L), caisse de 4.<\/li>\n<li>01-9140-78 : Cannettes a\u00e9rosols, caisse de 12.<\/li>\n<\/ul>\n<p>Contactez-nous pour plus d&rsquo;information ou pour recevoir une soumission.<\/p>\n","protected":false},"excerpt":{"rendered":"<p>Magnaflux MV-740 Suspension de Particules Visibles \u00e0 Base d&rsquo;Eau Ce fluide de particules magn\u00e9tiques \u00e0 base d&rsquo;eau de Magnaflux pour les tests de particules magn\u00e9tiques par m\u00e9thode humide afin de localiser les disconuit\u00e9s fines et moyennes sur les pi\u00e8ces finies. Le MV-740 est souvent utilis\u00e9 avec la peinture de contraste blanche WCP-2 pour am\u00e9liorer le [&hellip;]<\/p>\n","protected":false},"featured_media":32296,"template":"","meta":{"_monsterinsights_skip_tracking":false,"_monsterinsights_sitenote_active":false,"_monsterinsights_sitenote_note":"","_monsterinsights_sitenote_category":0},"product_brand":[],"product_cat":[369,129,130],"product_tag":[],"class_list":{"0":"post-32297","1":"product","2":"type-product","3":"status-publish","4":"has-post-thumbnail","6":"product_cat-magnaflux-fr","7":"product_cat-magnetoscopie","8":"product_cat-particules-magnetiques-visibles","10":"first","11":"instock","12":"shipping-taxable","13":"purchasable","14":"product-type-variable"},"yoast_head":"<!-- This site is optimized with the Yoast SEO plugin v23.9 - https:\/\/yoast.com\/wordpress\/plugins\/seo\/ -->\n<title>Magnaflux MV-740 Suspension de Particules Visibles \u00e0 Base d&#039;Eau &#060; Qualit\u00e9 NDE<\/title>\n<meta name=\"description\" content=\"MV-740, suspension magn\u00e9tique visible \u00e0 base d&#039;eau pour d\u00e9tection de d\u00e9fauts fins. \u00c0 utiliser avec WCP-2 pour un contraste et une sensibilit\u00e9 accrus.\" \/>\n<meta name=\"robots\" content=\"index, follow, max-snippet:-1, max-image-preview:large, max-video-preview:-1\" \/>\n<link rel=\"canonical\" href=\"https:\/\/www.qnde.ca\/fr\/produit\/magnaflux-mv-740-suspension-de-particules-visibles-a-base-deau\/\" \/>\n<meta name=\"twitter:label1\" content=\"Dur\u00e9e de lecture estim\u00e9e\" \/>\n\t<meta name=\"twitter:data1\" content=\"1 minute\" \/>\n<script type=\"application\/ld+json\" class=\"yoast-schema-graph\">{\"@context\":\"https:\/\/schema.org\",\"@graph\":[{\"@type\":[\"WebPage\",\"ItemPage\"],\"@id\":\"https:\/\/www.qnde.ca\/fr\/produit\/magnaflux-mv-740-suspension-de-particules-visibles-a-base-deau\/\",\"url\":\"https:\/\/www.qnde.ca\/fr\/produit\/magnaflux-mv-740-suspension-de-particules-visibles-a-base-deau\/\",\"name\":\"Magnaflux MV-740 Suspension de Particules Visibles \u00e0 Base d'Eau &#060; Qualit\u00e9 NDE\",\"isPartOf\":{\"@id\":\"https:\/\/www.qnde.ca\/#website\"},\"primaryImageOfPage\":{\"@id\":\"https:\/\/www.qnde.ca\/fr\/produit\/magnaflux-mv-740-suspension-de-particules-visibles-a-base-deau\/#primaryimage\"},\"image\":{\"@id\":\"https:\/\/www.qnde.ca\/fr\/produit\/magnaflux-mv-740-suspension-de-particules-visibles-a-base-deau\/#primaryimage\"},\"thumbnailUrl\":\"https:\/\/www.qnde.ca\/wp-content\/uploads\/2023\/08\/01-9140-78-MV-740-Aerosol.jpg\",\"datePublished\":\"2025-06-18T14:21:52+00:00\",\"dateModified\":\"2025-08-19T19:39:16+00:00\",\"description\":\"MV-740, suspension magn\u00e9tique visible \u00e0 base d'eau pour d\u00e9tection de d\u00e9fauts fins. \u00c0 utiliser avec WCP-2 pour un contraste et une sensibilit\u00e9 accrus.\",\"breadcrumb\":{\"@id\":\"https:\/\/www.qnde.ca\/fr\/produit\/magnaflux-mv-740-suspension-de-particules-visibles-a-base-deau\/#breadcrumb\"},\"inLanguage\":\"fr-FR\",\"potentialAction\":[{\"@type\":\"ReadAction\",\"target\":[\"https:\/\/www.qnde.ca\/fr\/produit\/magnaflux-mv-740-suspension-de-particules-visibles-a-base-deau\/\"]}]},{\"@type\":\"ImageObject\",\"inLanguage\":\"fr-FR\",\"@id\":\"https:\/\/www.qnde.ca\/fr\/produit\/magnaflux-mv-740-suspension-de-particules-visibles-a-base-deau\/#primaryimage\",\"url\":\"https:\/\/www.qnde.ca\/wp-content\/uploads\/2023\/08\/01-9140-78-MV-740-Aerosol.jpg\",\"contentUrl\":\"https:\/\/www.qnde.ca\/wp-content\/uploads\/2023\/08\/01-9140-78-MV-740-Aerosol.jpg\",\"width\":800,\"height\":800},{\"@type\":\"BreadcrumbList\",\"@id\":\"https:\/\/www.qnde.ca\/fr\/produit\/magnaflux-mv-740-suspension-de-particules-visibles-a-base-deau\/#breadcrumb\",\"itemListElement\":[{\"@type\":\"ListItem\",\"position\":1,\"name\":\"Accueil\",\"item\":\"https:\/\/www.qnde.ca\/fr\/\"},{\"@type\":\"ListItem\",\"position\":2,\"name\":\"Produits\",\"item\":\"https:\/\/www.qnde.ca\/fr\/produits\/\"},{\"@type\":\"ListItem\",\"position\":3,\"name\":\"Marques\",\"item\":\"https:\/\/www.qnde.ca\/fr\/product-category\/marques\/\"},{\"@type\":\"ListItem\",\"position\":4,\"name\":\"Magnaflux\",\"item\":\"https:\/\/www.qnde.ca\/fr\/product-category\/marques\/magnaflux-fr\/\"},{\"@type\":\"ListItem\",\"position\":5,\"name\":\"Magnaflux MV-740 Suspension de Particules Visibles \u00e0 Base d&#8217;Eau\"}]},{\"@type\":\"WebSite\",\"@id\":\"https:\/\/www.qnde.ca\/#website\",\"url\":\"https:\/\/www.qnde.ca\/\",\"name\":\"Qualit\u00e9 NDE\",\"description\":\"\u00c9quipements d&#039;essais non destructifs \",\"publisher\":{\"@id\":\"https:\/\/www.qnde.ca\/#organization\"},\"potentialAction\":[{\"@type\":\"SearchAction\",\"target\":{\"@type\":\"EntryPoint\",\"urlTemplate\":\"https:\/\/www.qnde.ca\/?s={search_term_string}\"},\"query-input\":{\"@type\":\"PropertyValueSpecification\",\"valueRequired\":true,\"valueName\":\"search_term_string\"}}],\"inLanguage\":\"fr-FR\"},{\"@type\":\"Organization\",\"@id\":\"https:\/\/www.qnde.ca\/#organization\",\"name\":\"Quality NDT Ltd.\",\"url\":\"https:\/\/www.qnde.ca\/\",\"logo\":{\"@type\":\"ImageObject\",\"inLanguage\":\"fr-FR\",\"@id\":\"https:\/\/www.qnde.ca\/#\/schema\/logo\/image\/\",\"url\":\"https:\/\/www.qnde.ca\/wp-content\/uploads\/2022\/02\/QNDE_logo_RGB-gif.gif\",\"contentUrl\":\"https:\/\/www.qnde.ca\/wp-content\/uploads\/2022\/02\/QNDE_logo_RGB-gif.gif\",\"width\":250,\"height\":64,\"caption\":\"Quality NDT Ltd.\"},\"image\":{\"@id\":\"https:\/\/www.qnde.ca\/#\/schema\/logo\/image\/\"},\"sameAs\":[\"https:\/\/www.linkedin.com\/company\/qnde\/about\/?viewAsMember=true\"]}]}<\/script>\n<!-- \/ Yoast SEO plugin. -->","yoast_head_json":{"title":"Magnaflux MV-740 Suspension de Particules Visibles \u00e0 Base d'Eau &#060; Qualit\u00e9 NDE","description":"MV-740, suspension magn\u00e9tique visible \u00e0 base d'eau pour d\u00e9tection de d\u00e9fauts fins. \u00c0 utiliser avec WCP-2 pour un contraste et une sensibilit\u00e9 accrus.","robots":{"index":"index","follow":"follow","max-snippet":"max-snippet:-1","max-image-preview":"max-image-preview:large","max-video-preview":"max-video-preview:-1"},"canonical":"https:\/\/www.qnde.ca\/fr\/produit\/magnaflux-mv-740-suspension-de-particules-visibles-a-base-deau\/","twitter_misc":{"Dur\u00e9e de lecture estim\u00e9e":"1 minute"},"schema":{"@context":"https:\/\/schema.org","@graph":[{"@type":["WebPage","ItemPage"],"@id":"https:\/\/www.qnde.ca\/fr\/produit\/magnaflux-mv-740-suspension-de-particules-visibles-a-base-deau\/","url":"https:\/\/www.qnde.ca\/fr\/produit\/magnaflux-mv-740-suspension-de-particules-visibles-a-base-deau\/","name":"Magnaflux MV-740 Suspension de Particules Visibles \u00e0 Base d'Eau &#060; Qualit\u00e9 NDE","isPartOf":{"@id":"https:\/\/www.qnde.ca\/#website"},"primaryImageOfPage":{"@id":"https:\/\/www.qnde.ca\/fr\/produit\/magnaflux-mv-740-suspension-de-particules-visibles-a-base-deau\/#primaryimage"},"image":{"@id":"https:\/\/www.qnde.ca\/fr\/produit\/magnaflux-mv-740-suspension-de-particules-visibles-a-base-deau\/#primaryimage"},"thumbnailUrl":"https:\/\/www.qnde.ca\/wp-content\/uploads\/2023\/08\/01-9140-78-MV-740-Aerosol.jpg","datePublished":"2025-06-18T14:21:52+00:00","dateModified":"2025-08-19T19:39:16+00:00","description":"MV-740, suspension magn\u00e9tique visible \u00e0 base d'eau pour d\u00e9tection de d\u00e9fauts fins. \u00c0 utiliser avec WCP-2 pour un contraste et une sensibilit\u00e9 accrus.","breadcrumb":{"@id":"https:\/\/www.qnde.ca\/fr\/produit\/magnaflux-mv-740-suspension-de-particules-visibles-a-base-deau\/#breadcrumb"},"inLanguage":"fr-FR","potentialAction":[{"@type":"ReadAction","target":["https:\/\/www.qnde.ca\/fr\/produit\/magnaflux-mv-740-suspension-de-particules-visibles-a-base-deau\/"]}]},{"@type":"ImageObject","inLanguage":"fr-FR","@id":"https:\/\/www.qnde.ca\/fr\/produit\/magnaflux-mv-740-suspension-de-particules-visibles-a-base-deau\/#primaryimage","url":"https:\/\/www.qnde.ca\/wp-content\/uploads\/2023\/08\/01-9140-78-MV-740-Aerosol.jpg","contentUrl":"https:\/\/www.qnde.ca\/wp-content\/uploads\/2023\/08\/01-9140-78-MV-740-Aerosol.jpg","width":800,"height":800},{"@type":"BreadcrumbList","@id":"https:\/\/www.qnde.ca\/fr\/produit\/magnaflux-mv-740-suspension-de-particules-visibles-a-base-deau\/#breadcrumb","itemListElement":[{"@type":"ListItem","position":1,"name":"Accueil","item":"https:\/\/www.qnde.ca\/fr\/"},{"@type":"ListItem","position":2,"name":"Produits","item":"https:\/\/www.qnde.ca\/fr\/produits\/"},{"@type":"ListItem","position":3,"name":"Marques","item":"https:\/\/www.qnde.ca\/fr\/product-category\/marques\/"},{"@type":"ListItem","position":4,"name":"Magnaflux","item":"https:\/\/www.qnde.ca\/fr\/product-category\/marques\/magnaflux-fr\/"},{"@type":"ListItem","position":5,"name":"Magnaflux MV-740 Suspension de Particules Visibles \u00e0 Base d&#8217;Eau"}]},{"@type":"WebSite","@id":"https:\/\/www.qnde.ca\/#website","url":"https:\/\/www.qnde.ca\/","name":"Qualit\u00e9 NDE","description":"\u00c9quipements d&#039;essais non destructifs ","publisher":{"@id":"https:\/\/www.qnde.ca\/#organization"},"potentialAction":[{"@type":"SearchAction","target":{"@type":"EntryPoint","urlTemplate":"https:\/\/www.qnde.ca\/?s={search_term_string}"},"query-input":{"@type":"PropertyValueSpecification","valueRequired":true,"valueName":"search_term_string"}}],"inLanguage":"fr-FR"},{"@type":"Organization","@id":"https:\/\/www.qnde.ca\/#organization","name":"Quality NDT Ltd.","url":"https:\/\/www.qnde.ca\/","logo":{"@type":"ImageObject","inLanguage":"fr-FR","@id":"https:\/\/www.qnde.ca\/#\/schema\/logo\/image\/","url":"https:\/\/www.qnde.ca\/wp-content\/uploads\/2022\/02\/QNDE_logo_RGB-gif.gif","contentUrl":"https:\/\/www.qnde.ca\/wp-content\/uploads\/2022\/02\/QNDE_logo_RGB-gif.gif","width":250,"height":64,"caption":"Quality NDT Ltd."},"image":{"@id":"https:\/\/www.qnde.ca\/#\/schema\/logo\/image\/"},"sameAs":["https:\/\/www.linkedin.com\/company\/qnde\/about\/?viewAsMember=true"]}]}},"jetpack_sharing_enabled":true,"_links":{"self":[{"href":"https:\/\/www.qnde.ca\/fr\/wp-json\/wp\/v2\/product\/32297","targetHints":{"allow":["GET"]}}],"collection":[{"href":"https:\/\/www.qnde.ca\/fr\/wp-json\/wp\/v2\/product"}],"about":[{"href":"https:\/\/www.qnde.ca\/fr\/wp-json\/wp\/v2\/types\/product"}],"wp:featuredmedia":[{"embeddable":true,"href":"https:\/\/www.qnde.ca\/fr\/wp-json\/wp\/v2\/media\/32296"}],"wp:attachment":[{"href":"https:\/\/www.qnde.ca\/fr\/wp-json\/wp\/v2\/media?parent=32297"}],"wp:term":[{"taxonomy":"product_brand","embeddable":true,"href":"https:\/\/www.qnde.ca\/fr\/wp-json\/wp\/v2\/product_brand?post=32297"},{"taxonomy":"product_cat","embeddable":true,"href":"https:\/\/www.qnde.ca\/fr\/wp-json\/wp\/v2\/product_cat?post=32297"},{"taxonomy":"product_tag","embeddable":true,"href":"https:\/\/www.qnde.ca\/fr\/wp-json\/wp\/v2\/product_tag?post=32297"}],"curies":[{"name":"wp","href":"https:\/\/api.w.org\/{rel}","templated":true}]}}