{"id":32128,"date":"2023-06-21T17:52:42","date_gmt":"2023-06-21T21:52:42","guid":{"rendered":"https:\/\/www.qnde.ca\/produit\/spectro-uv-powermax-pm-16b-series-365-lampe-suspendu\/"},"modified":"2025-08-19T15:40:54","modified_gmt":"2025-08-19T19:40:54","slug":"spectro-uv-powermax","status":"publish","type":"product","link":"https:\/\/www.qnde.ca\/fr\/produit\/spectro-uv-powermax\/","title":{"rendered":"Spectro-UV PowerMAX PM-16B S\u00e9ries 365 Lampe Suspendu"},"content":{"rendered":"<h3>Spectro-UV PowerMAX PM-16B S\u00e9ries 365 Lampe Suspendu<\/h3>\n<p>Les lampes suspendus de la s\u00e9rie PowerMAX 365 de Spectro-UV disposent d&rsquo;un panneau de 16 LED UV-A 365 nm sp\u00e9cialement con\u00e7ues pour les applications de test NDT telles que le ressuage fluorescent et l&rsquo;inspection par particules magn\u00e9tiques.<\/p>\n<p>Intensit\u00e9 nominale des UV-A \u00e0 l&rsquo;\u00e9tat stable \u00e0 6 500 uW\/cm2 et une couverture UV-A de 23,6&Prime; x 10,63&Prime; (60 cm x 27 cm) \u00e0 15&Prime; (38 cm). Quatre LED blanches et une mesure de lumi\u00e8re visible de &lt;2 pieds-bougie (&lt;10lux). Interrupteur \u00e0 bascule SPDT pour basculer facilement entre les UV-A et la lumi\u00e8re blanche, contr\u00f4le d&rsquo;intensit\u00e9 \u00e9lectronique int\u00e9gr\u00e9, filtre passe UV-A int\u00e9gr\u00e9. Les lampes peuvent \u00eatre reli\u00e9es entre elles pour une plus grande couverture.<\/p>\n<p>Le kit complet comprend : un projecteur \u00e0 panneau LED PowerMAX PM-16B 365 UV-A, un cordon d&rsquo;alimentation, une cha\u00eene et des crochets.<\/p>\n<p>** Le PM-32B a \u00e9t\u00e9 abandonn\u00e9 &#8211; reliez deux PM-16B pour obtenir la m\u00eame configuration de faisceau que le PM-32B.<\/p>\n<p>Contactez-nous pour plus d&rsquo;informations et\/ou pour demander une soumission.<\/p>\n","protected":false},"excerpt":{"rendered":"<p>Spectro-UV PowerMAX PM-16B S\u00e9ries 365 Lampe Suspendu Les lampes suspendus de la s\u00e9rie PowerMAX 365 de Spectro-UV disposent d&rsquo;un panneau de 16 LED UV-A 365 nm sp\u00e9cialement con\u00e7ues pour les applications de test NDT telles que le ressuage fluorescent et l&rsquo;inspection par particules magn\u00e9tiques. Intensit\u00e9 nominale des UV-A \u00e0 l&rsquo;\u00e9tat stable \u00e0 6 500 uW\/cm2 [&hellip;]<\/p>\n","protected":false},"featured_media":32125,"template":"","meta":{"_monsterinsights_skip_tracking":false,"_monsterinsights_sitenote_active":false,"_monsterinsights_sitenote_note":"","_monsterinsights_sitenote_category":0},"product_brand":[],"product_cat":[400,133],"product_tag":[],"class_list":{"0":"post-32128","1":"product","2":"type-product","3":"status-publish","4":"has-post-thumbnail","6":"product_cat-spectro-uv-fr","7":"product_cat-lampes-uv","9":"first","10":"instock","11":"shipping-taxable","12":"product-type-simple"},"yoast_head":"<!-- This site is optimized with the Yoast SEO plugin v23.9 - https:\/\/yoast.com\/wordpress\/plugins\/seo\/ -->\n<title>Spectro-UV PowerMAX PM-16B S\u00e9ries 365 Lampe Suspendu &#060; Qualit\u00e9 NDE<\/title>\n<meta name=\"description\" content=\"Lampe suspendue PowerMAX PM-16B 365 nm, 6 500 \u00b5W\/cm\u00b2, large couverture UV-A, contr\u00f4le intensit\u00e9, id\u00e9ale pour tests NDT fluorescents.\" \/>\n<meta name=\"robots\" content=\"index, follow, max-snippet:-1, max-image-preview:large, max-video-preview:-1\" \/>\n<link rel=\"canonical\" href=\"https:\/\/www.qnde.ca\/fr\/produit\/spectro-uv-powermax\/\" \/>\n<meta name=\"twitter:label1\" content=\"Dur\u00e9e de lecture estim\u00e9e\" \/>\n\t<meta name=\"twitter:data1\" content=\"1 minute\" \/>\n<script type=\"application\/ld+json\" class=\"yoast-schema-graph\">{\"@context\":\"https:\/\/schema.org\",\"@graph\":[{\"@type\":[\"WebPage\",\"ItemPage\"],\"@id\":\"https:\/\/www.qnde.ca\/fr\/produit\/spectro-uv-powermax\/\",\"url\":\"https:\/\/www.qnde.ca\/fr\/produit\/spectro-uv-powermax\/\",\"name\":\"Spectro-UV PowerMAX PM-16B S\u00e9ries 365 Lampe Suspendu &#060; Qualit\u00e9 NDE\",\"isPartOf\":{\"@id\":\"https:\/\/www.qnde.ca\/#website\"},\"primaryImageOfPage\":{\"@id\":\"https:\/\/www.qnde.ca\/fr\/produit\/spectro-uv-powermax\/#primaryimage\"},\"image\":{\"@id\":\"https:\/\/www.qnde.ca\/fr\/produit\/spectro-uv-powermax\/#primaryimage\"},\"thumbnailUrl\":\"https:\/\/www.qnde.ca\/wp-content\/uploads\/2023\/06\/Spectro-UV-PM-16B.png\",\"datePublished\":\"2023-06-21T21:52:42+00:00\",\"dateModified\":\"2025-08-19T19:40:54+00:00\",\"description\":\"Lampe suspendue PowerMAX PM-16B 365 nm, 6 500 \u00b5W\/cm\u00b2, large couverture UV-A, contr\u00f4le intensit\u00e9, id\u00e9ale pour tests NDT fluorescents.\",\"breadcrumb\":{\"@id\":\"https:\/\/www.qnde.ca\/fr\/produit\/spectro-uv-powermax\/#breadcrumb\"},\"inLanguage\":\"fr-FR\",\"potentialAction\":[{\"@type\":\"ReadAction\",\"target\":[\"https:\/\/www.qnde.ca\/fr\/produit\/spectro-uv-powermax\/\"]}]},{\"@type\":\"ImageObject\",\"inLanguage\":\"fr-FR\",\"@id\":\"https:\/\/www.qnde.ca\/fr\/produit\/spectro-uv-powermax\/#primaryimage\",\"url\":\"https:\/\/www.qnde.ca\/wp-content\/uploads\/2023\/06\/Spectro-UV-PM-16B.png\",\"contentUrl\":\"https:\/\/www.qnde.ca\/wp-content\/uploads\/2023\/06\/Spectro-UV-PM-16B.png\",\"width\":1500,\"height\":1291},{\"@type\":\"BreadcrumbList\",\"@id\":\"https:\/\/www.qnde.ca\/fr\/produit\/spectro-uv-powermax\/#breadcrumb\",\"itemListElement\":[{\"@type\":\"ListItem\",\"position\":1,\"name\":\"Accueil\",\"item\":\"https:\/\/www.qnde.ca\/fr\/\"},{\"@type\":\"ListItem\",\"position\":2,\"name\":\"Produits\",\"item\":\"https:\/\/www.qnde.ca\/fr\/produits\/\"},{\"@type\":\"ListItem\",\"position\":3,\"name\":\"Marques\",\"item\":\"https:\/\/www.qnde.ca\/fr\/product-category\/marques\/\"},{\"@type\":\"ListItem\",\"position\":4,\"name\":\"Spectro-UV\",\"item\":\"https:\/\/www.qnde.ca\/fr\/product-category\/marques\/spectro-uv-fr\/\"},{\"@type\":\"ListItem\",\"position\":5,\"name\":\"Spectro-UV PowerMAX PM-16B S\u00e9ries 365 Lampe Suspendu\"}]},{\"@type\":\"WebSite\",\"@id\":\"https:\/\/www.qnde.ca\/#website\",\"url\":\"https:\/\/www.qnde.ca\/\",\"name\":\"Qualit\u00e9 NDE\",\"description\":\"\u00c9quipements d&#039;essais non destructifs \",\"publisher\":{\"@id\":\"https:\/\/www.qnde.ca\/#organization\"},\"potentialAction\":[{\"@type\":\"SearchAction\",\"target\":{\"@type\":\"EntryPoint\",\"urlTemplate\":\"https:\/\/www.qnde.ca\/?s={search_term_string}\"},\"query-input\":{\"@type\":\"PropertyValueSpecification\",\"valueRequired\":true,\"valueName\":\"search_term_string\"}}],\"inLanguage\":\"fr-FR\"},{\"@type\":\"Organization\",\"@id\":\"https:\/\/www.qnde.ca\/#organization\",\"name\":\"Quality NDT Ltd.\",\"url\":\"https:\/\/www.qnde.ca\/\",\"logo\":{\"@type\":\"ImageObject\",\"inLanguage\":\"fr-FR\",\"@id\":\"https:\/\/www.qnde.ca\/#\/schema\/logo\/image\/\",\"url\":\"https:\/\/www.qnde.ca\/wp-content\/uploads\/2022\/02\/QNDE_logo_RGB-gif.gif\",\"contentUrl\":\"https:\/\/www.qnde.ca\/wp-content\/uploads\/2022\/02\/QNDE_logo_RGB-gif.gif\",\"width\":250,\"height\":64,\"caption\":\"Quality NDT Ltd.\"},\"image\":{\"@id\":\"https:\/\/www.qnde.ca\/#\/schema\/logo\/image\/\"},\"sameAs\":[\"https:\/\/www.linkedin.com\/company\/qnde\/about\/?viewAsMember=true\"]}]}<\/script>\n<!-- \/ Yoast SEO plugin. -->","yoast_head_json":{"title":"Spectro-UV PowerMAX PM-16B S\u00e9ries 365 Lampe Suspendu &#060; Qualit\u00e9 NDE","description":"Lampe suspendue PowerMAX PM-16B 365 nm, 6 500 \u00b5W\/cm\u00b2, large couverture UV-A, contr\u00f4le intensit\u00e9, id\u00e9ale pour tests NDT fluorescents.","robots":{"index":"index","follow":"follow","max-snippet":"max-snippet:-1","max-image-preview":"max-image-preview:large","max-video-preview":"max-video-preview:-1"},"canonical":"https:\/\/www.qnde.ca\/fr\/produit\/spectro-uv-powermax\/","twitter_misc":{"Dur\u00e9e de lecture estim\u00e9e":"1 minute"},"schema":{"@context":"https:\/\/schema.org","@graph":[{"@type":["WebPage","ItemPage"],"@id":"https:\/\/www.qnde.ca\/fr\/produit\/spectro-uv-powermax\/","url":"https:\/\/www.qnde.ca\/fr\/produit\/spectro-uv-powermax\/","name":"Spectro-UV PowerMAX PM-16B S\u00e9ries 365 Lampe Suspendu &#060; Qualit\u00e9 NDE","isPartOf":{"@id":"https:\/\/www.qnde.ca\/#website"},"primaryImageOfPage":{"@id":"https:\/\/www.qnde.ca\/fr\/produit\/spectro-uv-powermax\/#primaryimage"},"image":{"@id":"https:\/\/www.qnde.ca\/fr\/produit\/spectro-uv-powermax\/#primaryimage"},"thumbnailUrl":"https:\/\/www.qnde.ca\/wp-content\/uploads\/2023\/06\/Spectro-UV-PM-16B.png","datePublished":"2023-06-21T21:52:42+00:00","dateModified":"2025-08-19T19:40:54+00:00","description":"Lampe suspendue PowerMAX PM-16B 365 nm, 6 500 \u00b5W\/cm\u00b2, large couverture UV-A, contr\u00f4le intensit\u00e9, id\u00e9ale pour tests NDT fluorescents.","breadcrumb":{"@id":"https:\/\/www.qnde.ca\/fr\/produit\/spectro-uv-powermax\/#breadcrumb"},"inLanguage":"fr-FR","potentialAction":[{"@type":"ReadAction","target":["https:\/\/www.qnde.ca\/fr\/produit\/spectro-uv-powermax\/"]}]},{"@type":"ImageObject","inLanguage":"fr-FR","@id":"https:\/\/www.qnde.ca\/fr\/produit\/spectro-uv-powermax\/#primaryimage","url":"https:\/\/www.qnde.ca\/wp-content\/uploads\/2023\/06\/Spectro-UV-PM-16B.png","contentUrl":"https:\/\/www.qnde.ca\/wp-content\/uploads\/2023\/06\/Spectro-UV-PM-16B.png","width":1500,"height":1291},{"@type":"BreadcrumbList","@id":"https:\/\/www.qnde.ca\/fr\/produit\/spectro-uv-powermax\/#breadcrumb","itemListElement":[{"@type":"ListItem","position":1,"name":"Accueil","item":"https:\/\/www.qnde.ca\/fr\/"},{"@type":"ListItem","position":2,"name":"Produits","item":"https:\/\/www.qnde.ca\/fr\/produits\/"},{"@type":"ListItem","position":3,"name":"Marques","item":"https:\/\/www.qnde.ca\/fr\/product-category\/marques\/"},{"@type":"ListItem","position":4,"name":"Spectro-UV","item":"https:\/\/www.qnde.ca\/fr\/product-category\/marques\/spectro-uv-fr\/"},{"@type":"ListItem","position":5,"name":"Spectro-UV PowerMAX PM-16B S\u00e9ries 365 Lampe Suspendu"}]},{"@type":"WebSite","@id":"https:\/\/www.qnde.ca\/#website","url":"https:\/\/www.qnde.ca\/","name":"Qualit\u00e9 NDE","description":"\u00c9quipements d&#039;essais non destructifs ","publisher":{"@id":"https:\/\/www.qnde.ca\/#organization"},"potentialAction":[{"@type":"SearchAction","target":{"@type":"EntryPoint","urlTemplate":"https:\/\/www.qnde.ca\/?s={search_term_string}"},"query-input":{"@type":"PropertyValueSpecification","valueRequired":true,"valueName":"search_term_string"}}],"inLanguage":"fr-FR"},{"@type":"Organization","@id":"https:\/\/www.qnde.ca\/#organization","name":"Quality NDT Ltd.","url":"https:\/\/www.qnde.ca\/","logo":{"@type":"ImageObject","inLanguage":"fr-FR","@id":"https:\/\/www.qnde.ca\/#\/schema\/logo\/image\/","url":"https:\/\/www.qnde.ca\/wp-content\/uploads\/2022\/02\/QNDE_logo_RGB-gif.gif","contentUrl":"https:\/\/www.qnde.ca\/wp-content\/uploads\/2022\/02\/QNDE_logo_RGB-gif.gif","width":250,"height":64,"caption":"Quality NDT Ltd."},"image":{"@id":"https:\/\/www.qnde.ca\/#\/schema\/logo\/image\/"},"sameAs":["https:\/\/www.linkedin.com\/company\/qnde\/about\/?viewAsMember=true"]}]}},"jetpack_sharing_enabled":true,"_links":{"self":[{"href":"https:\/\/www.qnde.ca\/fr\/wp-json\/wp\/v2\/product\/32128","targetHints":{"allow":["GET"]}}],"collection":[{"href":"https:\/\/www.qnde.ca\/fr\/wp-json\/wp\/v2\/product"}],"about":[{"href":"https:\/\/www.qnde.ca\/fr\/wp-json\/wp\/v2\/types\/product"}],"wp:featuredmedia":[{"embeddable":true,"href":"https:\/\/www.qnde.ca\/fr\/wp-json\/wp\/v2\/media\/32125"}],"wp:attachment":[{"href":"https:\/\/www.qnde.ca\/fr\/wp-json\/wp\/v2\/media?parent=32128"}],"wp:term":[{"taxonomy":"product_brand","embeddable":true,"href":"https:\/\/www.qnde.ca\/fr\/wp-json\/wp\/v2\/product_brand?post=32128"},{"taxonomy":"product_cat","embeddable":true,"href":"https:\/\/www.qnde.ca\/fr\/wp-json\/wp\/v2\/product_cat?post=32128"},{"taxonomy":"product_tag","embeddable":true,"href":"https:\/\/www.qnde.ca\/fr\/wp-json\/wp\/v2\/product_tag?post=32128"}],"curies":[{"name":"wp","href":"https:\/\/api.w.org\/{rel}","templated":true}]}}