{"id":32114,"date":"2023-06-20T19:30:10","date_gmt":"2023-06-20T23:30:10","guid":{"rendered":"https:\/\/www.qnde.ca\/produit\/spectro-uv-ligne-classic\/"},"modified":"2025-08-19T15:43:17","modified_gmt":"2025-08-19T19:43:17","slug":"spectro-uv-ligne-classic","status":"publish","type":"product","link":"https:\/\/www.qnde.ca\/fr\/produit\/spectro-uv-ligne-classic\/","title":{"rendered":"Lampe DEL \u00e0 double faisceau Spectro-UV Classic Line"},"content":{"rendered":"<h3><strong>Lampe DEL \u00e0 double faisceau Spectro-UV Classic Line<\/strong><\/h3>\n<p>&nbsp;<\/p>\n<p>Cette lampe DEL \u00e0 double faisceau est conforme aux normes ASTM E1444 et E3022.<\/p>\n<p>\u00c9quip\u00e9 d&rsquo;un filtre passe-UV-A pour minimiser la lumi\u00e8re visible et augmenter la lumi\u00e8re UV. Le refroidissement m\u00e9canique sans ventilateur maintient la source lumineuse au frais pour maintenir une intensit\u00e9 UV-A optimale lors d&rsquo;une utilisation prolong\u00e9e.<\/p>\n<p>Les kits complets sont livr\u00e9s avec une lampe, un cordon, des lunettes absorbant les UV et un \u00e9tui de transport.<\/p>\n<p>&nbsp;<\/p>\n<p>Options :<\/p>\n<ul>\n<li>CLA-100Z : Lampe LED \u00e0 double faisceau de la s\u00e9rie Classic avec batterie Li-Ion interne. Intensit\u00e9 nominale des UV-A \u00e0 l&rsquo;\u00e9tat stable \u00e0 6700 uW\/cm2, zone de couverture UV-A \u00e0 6&Prime; (15,25 cm). Temps de charge 2,5 heures, autonomie de la batterie 7 heures.<\/li>\n<\/ul>\n<p>&nbsp;<\/p>\n<ul>\n<li>CLA-100 : Lampe LED \u00e0 double faisceau de la s\u00e9rie Classic. Intensit\u00e9 nominale des UV-A \u00e0 l&rsquo;\u00e9tat stable \u00e0 6700 uW\/cm2, zone de couverture UV-A \u00e0 6&Prime; (15,25 cm). Temps de charge 2,5 heures, autonomie de la batterie 7 heures.<\/li>\n<\/ul>\n<p>&nbsp;<\/p>\n<ul>\n<li>CLA-150 : Lampe LED UV-A 365 nm s\u00e9rie classique avec cordon. Intensit\u00e9 nominale des UV-A \u00e0 l&rsquo;\u00e9tat stable \u00e0 8000 uW\/cm2 avec une zone de couverture UV-A de 7&Prime; (17,78 cm). Cordon de 9 pieds.<\/li>\n<\/ul>\n<p>&nbsp;<\/p>\n<p>Contactez-nous pour recevoir plus d&rsquo;informations et\/ou pour recevoir un devis.<\/p>\n","protected":false},"excerpt":{"rendered":"<p>Lampe DEL \u00e0 double faisceau Spectro-UV Classic Line &nbsp; Cette lampe DEL \u00e0 double faisceau est conforme aux normes ASTM E1444 et E3022. \u00c9quip\u00e9 d&rsquo;un filtre passe-UV-A pour minimiser la lumi\u00e8re visible et augmenter la lumi\u00e8re UV. Le refroidissement m\u00e9canique sans ventilateur maintient la source lumineuse au frais pour maintenir une intensit\u00e9 UV-A optimale lors [&hellip;]<\/p>\n","protected":false},"featured_media":32111,"template":"","meta":{"_monsterinsights_skip_tracking":false,"_monsterinsights_sitenote_active":false,"_monsterinsights_sitenote_note":"","_monsterinsights_sitenote_category":0},"product_brand":[],"product_cat":[400,133],"product_tag":[],"class_list":{"0":"post-32114","1":"product","2":"type-product","3":"status-publish","4":"has-post-thumbnail","6":"product_cat-spectro-uv-fr","7":"product_cat-lampes-uv","9":"first","10":"instock","11":"shipping-taxable","12":"purchasable","13":"product-type-variable"},"yoast_head":"<!-- This site is optimized with the Yoast SEO plugin v23.9 - https:\/\/yoast.com\/wordpress\/plugins\/seo\/ -->\n<title>Lampe DEL \u00e0 double faisceau Spectro-UV Classic Line &#060; Qualit\u00e9 NDE<\/title>\n<meta name=\"description\" content=\"Cette lampe DEL de Spectro-UV \u00e0 double faisceau est conforme aux normes ASTM E1444 et E3022. Choix du CLA-150, CLA-100 et CLA-100Z.\" \/>\n<meta name=\"robots\" content=\"index, follow, max-snippet:-1, max-image-preview:large, max-video-preview:-1\" \/>\n<link rel=\"canonical\" href=\"https:\/\/www.qnde.ca\/fr\/produit\/spectro-uv-ligne-classic\/\" \/>\n<meta name=\"twitter:label1\" content=\"Dur\u00e9e de lecture estim\u00e9e\" \/>\n\t<meta name=\"twitter:data1\" content=\"2 minutes\" \/>\n<script type=\"application\/ld+json\" class=\"yoast-schema-graph\">{\"@context\":\"https:\/\/schema.org\",\"@graph\":[{\"@type\":[\"WebPage\",\"ItemPage\"],\"@id\":\"https:\/\/www.qnde.ca\/fr\/produit\/spectro-uv-ligne-classic\/\",\"url\":\"https:\/\/www.qnde.ca\/fr\/produit\/spectro-uv-ligne-classic\/\",\"name\":\"Lampe DEL \u00e0 double faisceau Spectro-UV Classic Line &#060; Qualit\u00e9 NDE\",\"isPartOf\":{\"@id\":\"https:\/\/www.qnde.ca\/#website\"},\"primaryImageOfPage\":{\"@id\":\"https:\/\/www.qnde.ca\/fr\/produit\/spectro-uv-ligne-classic\/#primaryimage\"},\"image\":{\"@id\":\"https:\/\/www.qnde.ca\/fr\/produit\/spectro-uv-ligne-classic\/#primaryimage\"},\"thumbnailUrl\":\"https:\/\/www.qnde.ca\/wp-content\/uploads\/2023\/06\/Spectro-UV-CLA-150.png\",\"datePublished\":\"2023-06-20T23:30:10+00:00\",\"dateModified\":\"2025-08-19T19:43:17+00:00\",\"description\":\"Cette lampe DEL de Spectro-UV \u00e0 double faisceau est conforme aux normes ASTM E1444 et E3022. Choix du CLA-150, CLA-100 et CLA-100Z.\",\"breadcrumb\":{\"@id\":\"https:\/\/www.qnde.ca\/fr\/produit\/spectro-uv-ligne-classic\/#breadcrumb\"},\"inLanguage\":\"fr-FR\",\"potentialAction\":[{\"@type\":\"ReadAction\",\"target\":[\"https:\/\/www.qnde.ca\/fr\/produit\/spectro-uv-ligne-classic\/\"]}]},{\"@type\":\"ImageObject\",\"inLanguage\":\"fr-FR\",\"@id\":\"https:\/\/www.qnde.ca\/fr\/produit\/spectro-uv-ligne-classic\/#primaryimage\",\"url\":\"https:\/\/www.qnde.ca\/wp-content\/uploads\/2023\/06\/Spectro-UV-CLA-150.png\",\"contentUrl\":\"https:\/\/www.qnde.ca\/wp-content\/uploads\/2023\/06\/Spectro-UV-CLA-150.png\",\"width\":819,\"height\":542},{\"@type\":\"BreadcrumbList\",\"@id\":\"https:\/\/www.qnde.ca\/fr\/produit\/spectro-uv-ligne-classic\/#breadcrumb\",\"itemListElement\":[{\"@type\":\"ListItem\",\"position\":1,\"name\":\"Accueil\",\"item\":\"https:\/\/www.qnde.ca\/fr\/\"},{\"@type\":\"ListItem\",\"position\":2,\"name\":\"Produits\",\"item\":\"https:\/\/www.qnde.ca\/fr\/produits\/\"},{\"@type\":\"ListItem\",\"position\":3,\"name\":\"Marques\",\"item\":\"https:\/\/www.qnde.ca\/fr\/product-category\/marques\/\"},{\"@type\":\"ListItem\",\"position\":4,\"name\":\"Spectro-UV\",\"item\":\"https:\/\/www.qnde.ca\/fr\/product-category\/marques\/spectro-uv-fr\/\"},{\"@type\":\"ListItem\",\"position\":5,\"name\":\"Lampe DEL \u00e0 double faisceau Spectro-UV Classic Line\"}]},{\"@type\":\"WebSite\",\"@id\":\"https:\/\/www.qnde.ca\/#website\",\"url\":\"https:\/\/www.qnde.ca\/\",\"name\":\"Qualit\u00e9 NDE\",\"description\":\"\u00c9quipements d&#039;essais non destructifs \",\"publisher\":{\"@id\":\"https:\/\/www.qnde.ca\/#organization\"},\"potentialAction\":[{\"@type\":\"SearchAction\",\"target\":{\"@type\":\"EntryPoint\",\"urlTemplate\":\"https:\/\/www.qnde.ca\/?s={search_term_string}\"},\"query-input\":{\"@type\":\"PropertyValueSpecification\",\"valueRequired\":true,\"valueName\":\"search_term_string\"}}],\"inLanguage\":\"fr-FR\"},{\"@type\":\"Organization\",\"@id\":\"https:\/\/www.qnde.ca\/#organization\",\"name\":\"Quality NDT Ltd.\",\"url\":\"https:\/\/www.qnde.ca\/\",\"logo\":{\"@type\":\"ImageObject\",\"inLanguage\":\"fr-FR\",\"@id\":\"https:\/\/www.qnde.ca\/#\/schema\/logo\/image\/\",\"url\":\"https:\/\/www.qnde.ca\/wp-content\/uploads\/2022\/02\/QNDE_logo_RGB-gif.gif\",\"contentUrl\":\"https:\/\/www.qnde.ca\/wp-content\/uploads\/2022\/02\/QNDE_logo_RGB-gif.gif\",\"width\":250,\"height\":64,\"caption\":\"Quality NDT Ltd.\"},\"image\":{\"@id\":\"https:\/\/www.qnde.ca\/#\/schema\/logo\/image\/\"},\"sameAs\":[\"https:\/\/www.linkedin.com\/company\/qnde\/about\/?viewAsMember=true\"]}]}<\/script>\n<!-- \/ Yoast SEO plugin. -->","yoast_head_json":{"title":"Lampe DEL \u00e0 double faisceau Spectro-UV Classic Line &#060; Qualit\u00e9 NDE","description":"Cette lampe DEL de Spectro-UV \u00e0 double faisceau est conforme aux normes ASTM E1444 et E3022. Choix du CLA-150, CLA-100 et CLA-100Z.","robots":{"index":"index","follow":"follow","max-snippet":"max-snippet:-1","max-image-preview":"max-image-preview:large","max-video-preview":"max-video-preview:-1"},"canonical":"https:\/\/www.qnde.ca\/fr\/produit\/spectro-uv-ligne-classic\/","twitter_misc":{"Dur\u00e9e de lecture estim\u00e9e":"2 minutes"},"schema":{"@context":"https:\/\/schema.org","@graph":[{"@type":["WebPage","ItemPage"],"@id":"https:\/\/www.qnde.ca\/fr\/produit\/spectro-uv-ligne-classic\/","url":"https:\/\/www.qnde.ca\/fr\/produit\/spectro-uv-ligne-classic\/","name":"Lampe DEL \u00e0 double faisceau Spectro-UV Classic Line &#060; Qualit\u00e9 NDE","isPartOf":{"@id":"https:\/\/www.qnde.ca\/#website"},"primaryImageOfPage":{"@id":"https:\/\/www.qnde.ca\/fr\/produit\/spectro-uv-ligne-classic\/#primaryimage"},"image":{"@id":"https:\/\/www.qnde.ca\/fr\/produit\/spectro-uv-ligne-classic\/#primaryimage"},"thumbnailUrl":"https:\/\/www.qnde.ca\/wp-content\/uploads\/2023\/06\/Spectro-UV-CLA-150.png","datePublished":"2023-06-20T23:30:10+00:00","dateModified":"2025-08-19T19:43:17+00:00","description":"Cette lampe DEL de Spectro-UV \u00e0 double faisceau est conforme aux normes ASTM E1444 et E3022. Choix du CLA-150, CLA-100 et CLA-100Z.","breadcrumb":{"@id":"https:\/\/www.qnde.ca\/fr\/produit\/spectro-uv-ligne-classic\/#breadcrumb"},"inLanguage":"fr-FR","potentialAction":[{"@type":"ReadAction","target":["https:\/\/www.qnde.ca\/fr\/produit\/spectro-uv-ligne-classic\/"]}]},{"@type":"ImageObject","inLanguage":"fr-FR","@id":"https:\/\/www.qnde.ca\/fr\/produit\/spectro-uv-ligne-classic\/#primaryimage","url":"https:\/\/www.qnde.ca\/wp-content\/uploads\/2023\/06\/Spectro-UV-CLA-150.png","contentUrl":"https:\/\/www.qnde.ca\/wp-content\/uploads\/2023\/06\/Spectro-UV-CLA-150.png","width":819,"height":542},{"@type":"BreadcrumbList","@id":"https:\/\/www.qnde.ca\/fr\/produit\/spectro-uv-ligne-classic\/#breadcrumb","itemListElement":[{"@type":"ListItem","position":1,"name":"Accueil","item":"https:\/\/www.qnde.ca\/fr\/"},{"@type":"ListItem","position":2,"name":"Produits","item":"https:\/\/www.qnde.ca\/fr\/produits\/"},{"@type":"ListItem","position":3,"name":"Marques","item":"https:\/\/www.qnde.ca\/fr\/product-category\/marques\/"},{"@type":"ListItem","position":4,"name":"Spectro-UV","item":"https:\/\/www.qnde.ca\/fr\/product-category\/marques\/spectro-uv-fr\/"},{"@type":"ListItem","position":5,"name":"Lampe DEL \u00e0 double faisceau Spectro-UV Classic Line"}]},{"@type":"WebSite","@id":"https:\/\/www.qnde.ca\/#website","url":"https:\/\/www.qnde.ca\/","name":"Qualit\u00e9 NDE","description":"\u00c9quipements d&#039;essais non destructifs ","publisher":{"@id":"https:\/\/www.qnde.ca\/#organization"},"potentialAction":[{"@type":"SearchAction","target":{"@type":"EntryPoint","urlTemplate":"https:\/\/www.qnde.ca\/?s={search_term_string}"},"query-input":{"@type":"PropertyValueSpecification","valueRequired":true,"valueName":"search_term_string"}}],"inLanguage":"fr-FR"},{"@type":"Organization","@id":"https:\/\/www.qnde.ca\/#organization","name":"Quality NDT Ltd.","url":"https:\/\/www.qnde.ca\/","logo":{"@type":"ImageObject","inLanguage":"fr-FR","@id":"https:\/\/www.qnde.ca\/#\/schema\/logo\/image\/","url":"https:\/\/www.qnde.ca\/wp-content\/uploads\/2022\/02\/QNDE_logo_RGB-gif.gif","contentUrl":"https:\/\/www.qnde.ca\/wp-content\/uploads\/2022\/02\/QNDE_logo_RGB-gif.gif","width":250,"height":64,"caption":"Quality NDT Ltd."},"image":{"@id":"https:\/\/www.qnde.ca\/#\/schema\/logo\/image\/"},"sameAs":["https:\/\/www.linkedin.com\/company\/qnde\/about\/?viewAsMember=true"]}]}},"jetpack_sharing_enabled":true,"_links":{"self":[{"href":"https:\/\/www.qnde.ca\/fr\/wp-json\/wp\/v2\/product\/32114","targetHints":{"allow":["GET"]}}],"collection":[{"href":"https:\/\/www.qnde.ca\/fr\/wp-json\/wp\/v2\/product"}],"about":[{"href":"https:\/\/www.qnde.ca\/fr\/wp-json\/wp\/v2\/types\/product"}],"wp:featuredmedia":[{"embeddable":true,"href":"https:\/\/www.qnde.ca\/fr\/wp-json\/wp\/v2\/media\/32111"}],"wp:attachment":[{"href":"https:\/\/www.qnde.ca\/fr\/wp-json\/wp\/v2\/media?parent=32114"}],"wp:term":[{"taxonomy":"product_brand","embeddable":true,"href":"https:\/\/www.qnde.ca\/fr\/wp-json\/wp\/v2\/product_brand?post=32114"},{"taxonomy":"product_cat","embeddable":true,"href":"https:\/\/www.qnde.ca\/fr\/wp-json\/wp\/v2\/product_cat?post=32114"},{"taxonomy":"product_tag","embeddable":true,"href":"https:\/\/www.qnde.ca\/fr\/wp-json\/wp\/v2\/product_tag?post=32114"}],"curies":[{"name":"wp","href":"https:\/\/api.w.org\/{rel}","templated":true}]}}