{"id":32098,"date":"2023-06-20T17:24:04","date_gmt":"2023-06-20T21:24:04","guid":{"rendered":"https:\/\/www.qnde.ca\/produit\/spectro-uv-vintage-365\/"},"modified":"2025-08-19T15:48:32","modified_gmt":"2025-08-19T19:48:32","slug":"spectro-uv-vintage-365","status":"publish","type":"product","link":"https:\/\/www.qnde.ca\/fr\/produit\/spectro-uv-vintage-365\/","title":{"rendered":"Spectro-UV Lampe UV-A Vintage 365"},"content":{"rendered":"<h3>Spectro-UV Lampe UV-A Vintage 365<\/h3>\n<p>&nbsp;<\/p>\n<p>La lampe Spectro-UV Vintage 365 est une lampe LED UV-A portable d&rsquo;entr\u00e9e de gamme avec un design vintage et ergonomique et un profil de faisceau large. Cette unit\u00e9 est \u00e9conomique avec une conception sans ventilateur et une poign\u00e9e pistolet classique pour plus de confort.<\/p>\n<p>&nbsp;<\/p>\n<p>Avec deux LED longue dur\u00e9e de 365 nm prot\u00e9g\u00e9es par des lentilles, cette lampe offre une large couverture et un taux de solarisation r\u00e9duit. 5 500 uW\/cm2 \u00e0 15 po (38 cm) et une couverture UV-A de 6 po (15,2 cm) au minimum de 1 200 uW\/cm2 \u00e0 15 po (38 cm). Mesure de la lumi\u00e8re visible \u00e0 &lt;1 pied-bougie. Conforme \u00e0 la norme ISO\u00a0:\u00a03059.<\/p>\n<p>&nbsp;<\/p>\n<p>Le kit complet comprend : une lampe d&rsquo;inspection LED UV-A vintage SPN-VIN 365, un cordon d&rsquo;alimentation CA et un sac de protection rembourr\u00e9.<\/p>\n<p>&nbsp;<\/p>\n<p>Contactez-nous pour plus d\u2019informations, et\/ou pour recevoir une soumission.<\/p>\n","protected":false},"excerpt":{"rendered":"<p>Spectro-UV Lampe UV-A Vintage 365 &nbsp; La lampe Spectro-UV Vintage 365 est une lampe LED UV-A portable d&rsquo;entr\u00e9e de gamme avec un design vintage et ergonomique et un profil de faisceau large. Cette unit\u00e9 est \u00e9conomique avec une conception sans ventilateur et une poign\u00e9e pistolet classique pour plus de confort. &nbsp; Avec deux LED longue [&hellip;]<\/p>\n","protected":false},"featured_media":32095,"template":"","meta":{"_monsterinsights_skip_tracking":false,"_monsterinsights_sitenote_active":false,"_monsterinsights_sitenote_note":"","_monsterinsights_sitenote_category":0},"product_brand":[],"product_cat":[400,133],"product_tag":[],"class_list":{"0":"post-32098","1":"product","2":"type-product","3":"status-publish","4":"has-post-thumbnail","6":"product_cat-spectro-uv-fr","7":"product_cat-lampes-uv","9":"first","10":"instock","11":"shipping-taxable","12":"product-type-simple"},"yoast_head":"<!-- This site is optimized with the Yoast SEO plugin v23.9 - https:\/\/yoast.com\/wordpress\/plugins\/seo\/ -->\n<title>Spectro-UV Lampe UV-A Vintage 365 &#060; Qualit\u00e9 NDE<\/title>\n<meta name=\"description\" content=\"La lampe Spectro-UV Vintage 365 est une lampe LED UV-A portable d&#039;entr\u00e9e de gamme avec un design vintage et ergonomique et un profil de faisceau large.\" \/>\n<meta name=\"robots\" content=\"index, follow, max-snippet:-1, max-image-preview:large, max-video-preview:-1\" \/>\n<link rel=\"canonical\" href=\"https:\/\/www.qnde.ca\/fr\/produit\/spectro-uv-vintage-365\/\" \/>\n<meta name=\"twitter:label1\" content=\"Dur\u00e9e de lecture estim\u00e9e\" \/>\n\t<meta name=\"twitter:data1\" content=\"1 minute\" \/>\n<script type=\"application\/ld+json\" class=\"yoast-schema-graph\">{\"@context\":\"https:\/\/schema.org\",\"@graph\":[{\"@type\":[\"WebPage\",\"ItemPage\"],\"@id\":\"https:\/\/www.qnde.ca\/fr\/produit\/spectro-uv-vintage-365\/\",\"url\":\"https:\/\/www.qnde.ca\/fr\/produit\/spectro-uv-vintage-365\/\",\"name\":\"Spectro-UV Lampe UV-A Vintage 365 &#060; Qualit\u00e9 NDE\",\"isPartOf\":{\"@id\":\"https:\/\/www.qnde.ca\/#website\"},\"primaryImageOfPage\":{\"@id\":\"https:\/\/www.qnde.ca\/fr\/produit\/spectro-uv-vintage-365\/#primaryimage\"},\"image\":{\"@id\":\"https:\/\/www.qnde.ca\/fr\/produit\/spectro-uv-vintage-365\/#primaryimage\"},\"thumbnailUrl\":\"https:\/\/www.qnde.ca\/wp-content\/uploads\/2023\/06\/Spectro-UV-Vintage-365.png\",\"datePublished\":\"2023-06-20T21:24:04+00:00\",\"dateModified\":\"2025-08-19T19:48:32+00:00\",\"description\":\"La lampe Spectro-UV Vintage 365 est une lampe LED UV-A portable d'entr\u00e9e de gamme avec un design vintage et ergonomique et un profil de faisceau large.\",\"breadcrumb\":{\"@id\":\"https:\/\/www.qnde.ca\/fr\/produit\/spectro-uv-vintage-365\/#breadcrumb\"},\"inLanguage\":\"fr-FR\",\"potentialAction\":[{\"@type\":\"ReadAction\",\"target\":[\"https:\/\/www.qnde.ca\/fr\/produit\/spectro-uv-vintage-365\/\"]}]},{\"@type\":\"ImageObject\",\"inLanguage\":\"fr-FR\",\"@id\":\"https:\/\/www.qnde.ca\/fr\/produit\/spectro-uv-vintage-365\/#primaryimage\",\"url\":\"https:\/\/www.qnde.ca\/wp-content\/uploads\/2023\/06\/Spectro-UV-Vintage-365.png\",\"contentUrl\":\"https:\/\/www.qnde.ca\/wp-content\/uploads\/2023\/06\/Spectro-UV-Vintage-365.png\",\"width\":823,\"height\":823},{\"@type\":\"BreadcrumbList\",\"@id\":\"https:\/\/www.qnde.ca\/fr\/produit\/spectro-uv-vintage-365\/#breadcrumb\",\"itemListElement\":[{\"@type\":\"ListItem\",\"position\":1,\"name\":\"Accueil\",\"item\":\"https:\/\/www.qnde.ca\/fr\/\"},{\"@type\":\"ListItem\",\"position\":2,\"name\":\"Produits\",\"item\":\"https:\/\/www.qnde.ca\/fr\/produits\/\"},{\"@type\":\"ListItem\",\"position\":3,\"name\":\"Marques\",\"item\":\"https:\/\/www.qnde.ca\/fr\/product-category\/marques\/\"},{\"@type\":\"ListItem\",\"position\":4,\"name\":\"Spectro-UV\",\"item\":\"https:\/\/www.qnde.ca\/fr\/product-category\/marques\/spectro-uv-fr\/\"},{\"@type\":\"ListItem\",\"position\":5,\"name\":\"Spectro-UV Lampe UV-A Vintage 365\"}]},{\"@type\":\"WebSite\",\"@id\":\"https:\/\/www.qnde.ca\/#website\",\"url\":\"https:\/\/www.qnde.ca\/\",\"name\":\"Qualit\u00e9 NDE\",\"description\":\"\u00c9quipements d&#039;essais non destructifs \",\"publisher\":{\"@id\":\"https:\/\/www.qnde.ca\/#organization\"},\"potentialAction\":[{\"@type\":\"SearchAction\",\"target\":{\"@type\":\"EntryPoint\",\"urlTemplate\":\"https:\/\/www.qnde.ca\/?s={search_term_string}\"},\"query-input\":{\"@type\":\"PropertyValueSpecification\",\"valueRequired\":true,\"valueName\":\"search_term_string\"}}],\"inLanguage\":\"fr-FR\"},{\"@type\":\"Organization\",\"@id\":\"https:\/\/www.qnde.ca\/#organization\",\"name\":\"Quality NDT Ltd.\",\"url\":\"https:\/\/www.qnde.ca\/\",\"logo\":{\"@type\":\"ImageObject\",\"inLanguage\":\"fr-FR\",\"@id\":\"https:\/\/www.qnde.ca\/#\/schema\/logo\/image\/\",\"url\":\"https:\/\/www.qnde.ca\/wp-content\/uploads\/2022\/02\/QNDE_logo_RGB-gif.gif\",\"contentUrl\":\"https:\/\/www.qnde.ca\/wp-content\/uploads\/2022\/02\/QNDE_logo_RGB-gif.gif\",\"width\":250,\"height\":64,\"caption\":\"Quality NDT Ltd.\"},\"image\":{\"@id\":\"https:\/\/www.qnde.ca\/#\/schema\/logo\/image\/\"},\"sameAs\":[\"https:\/\/www.linkedin.com\/company\/qnde\/about\/?viewAsMember=true\"]}]}<\/script>\n<!-- \/ Yoast SEO plugin. -->","yoast_head_json":{"title":"Spectro-UV Lampe UV-A Vintage 365 &#060; Qualit\u00e9 NDE","description":"La lampe Spectro-UV Vintage 365 est une lampe LED UV-A portable d'entr\u00e9e de gamme avec un design vintage et ergonomique et un profil de faisceau large.","robots":{"index":"index","follow":"follow","max-snippet":"max-snippet:-1","max-image-preview":"max-image-preview:large","max-video-preview":"max-video-preview:-1"},"canonical":"https:\/\/www.qnde.ca\/fr\/produit\/spectro-uv-vintage-365\/","twitter_misc":{"Dur\u00e9e de lecture estim\u00e9e":"1 minute"},"schema":{"@context":"https:\/\/schema.org","@graph":[{"@type":["WebPage","ItemPage"],"@id":"https:\/\/www.qnde.ca\/fr\/produit\/spectro-uv-vintage-365\/","url":"https:\/\/www.qnde.ca\/fr\/produit\/spectro-uv-vintage-365\/","name":"Spectro-UV Lampe UV-A Vintage 365 &#060; Qualit\u00e9 NDE","isPartOf":{"@id":"https:\/\/www.qnde.ca\/#website"},"primaryImageOfPage":{"@id":"https:\/\/www.qnde.ca\/fr\/produit\/spectro-uv-vintage-365\/#primaryimage"},"image":{"@id":"https:\/\/www.qnde.ca\/fr\/produit\/spectro-uv-vintage-365\/#primaryimage"},"thumbnailUrl":"https:\/\/www.qnde.ca\/wp-content\/uploads\/2023\/06\/Spectro-UV-Vintage-365.png","datePublished":"2023-06-20T21:24:04+00:00","dateModified":"2025-08-19T19:48:32+00:00","description":"La lampe Spectro-UV Vintage 365 est une lampe LED UV-A portable d'entr\u00e9e de gamme avec un design vintage et ergonomique et un profil de faisceau large.","breadcrumb":{"@id":"https:\/\/www.qnde.ca\/fr\/produit\/spectro-uv-vintage-365\/#breadcrumb"},"inLanguage":"fr-FR","potentialAction":[{"@type":"ReadAction","target":["https:\/\/www.qnde.ca\/fr\/produit\/spectro-uv-vintage-365\/"]}]},{"@type":"ImageObject","inLanguage":"fr-FR","@id":"https:\/\/www.qnde.ca\/fr\/produit\/spectro-uv-vintage-365\/#primaryimage","url":"https:\/\/www.qnde.ca\/wp-content\/uploads\/2023\/06\/Spectro-UV-Vintage-365.png","contentUrl":"https:\/\/www.qnde.ca\/wp-content\/uploads\/2023\/06\/Spectro-UV-Vintage-365.png","width":823,"height":823},{"@type":"BreadcrumbList","@id":"https:\/\/www.qnde.ca\/fr\/produit\/spectro-uv-vintage-365\/#breadcrumb","itemListElement":[{"@type":"ListItem","position":1,"name":"Accueil","item":"https:\/\/www.qnde.ca\/fr\/"},{"@type":"ListItem","position":2,"name":"Produits","item":"https:\/\/www.qnde.ca\/fr\/produits\/"},{"@type":"ListItem","position":3,"name":"Marques","item":"https:\/\/www.qnde.ca\/fr\/product-category\/marques\/"},{"@type":"ListItem","position":4,"name":"Spectro-UV","item":"https:\/\/www.qnde.ca\/fr\/product-category\/marques\/spectro-uv-fr\/"},{"@type":"ListItem","position":5,"name":"Spectro-UV Lampe UV-A Vintage 365"}]},{"@type":"WebSite","@id":"https:\/\/www.qnde.ca\/#website","url":"https:\/\/www.qnde.ca\/","name":"Qualit\u00e9 NDE","description":"\u00c9quipements d&#039;essais non destructifs ","publisher":{"@id":"https:\/\/www.qnde.ca\/#organization"},"potentialAction":[{"@type":"SearchAction","target":{"@type":"EntryPoint","urlTemplate":"https:\/\/www.qnde.ca\/?s={search_term_string}"},"query-input":{"@type":"PropertyValueSpecification","valueRequired":true,"valueName":"search_term_string"}}],"inLanguage":"fr-FR"},{"@type":"Organization","@id":"https:\/\/www.qnde.ca\/#organization","name":"Quality NDT Ltd.","url":"https:\/\/www.qnde.ca\/","logo":{"@type":"ImageObject","inLanguage":"fr-FR","@id":"https:\/\/www.qnde.ca\/#\/schema\/logo\/image\/","url":"https:\/\/www.qnde.ca\/wp-content\/uploads\/2022\/02\/QNDE_logo_RGB-gif.gif","contentUrl":"https:\/\/www.qnde.ca\/wp-content\/uploads\/2022\/02\/QNDE_logo_RGB-gif.gif","width":250,"height":64,"caption":"Quality NDT Ltd."},"image":{"@id":"https:\/\/www.qnde.ca\/#\/schema\/logo\/image\/"},"sameAs":["https:\/\/www.linkedin.com\/company\/qnde\/about\/?viewAsMember=true"]}]}},"jetpack_sharing_enabled":true,"_links":{"self":[{"href":"https:\/\/www.qnde.ca\/fr\/wp-json\/wp\/v2\/product\/32098","targetHints":{"allow":["GET"]}}],"collection":[{"href":"https:\/\/www.qnde.ca\/fr\/wp-json\/wp\/v2\/product"}],"about":[{"href":"https:\/\/www.qnde.ca\/fr\/wp-json\/wp\/v2\/types\/product"}],"wp:featuredmedia":[{"embeddable":true,"href":"https:\/\/www.qnde.ca\/fr\/wp-json\/wp\/v2\/media\/32095"}],"wp:attachment":[{"href":"https:\/\/www.qnde.ca\/fr\/wp-json\/wp\/v2\/media?parent=32098"}],"wp:term":[{"taxonomy":"product_brand","embeddable":true,"href":"https:\/\/www.qnde.ca\/fr\/wp-json\/wp\/v2\/product_brand?post=32098"},{"taxonomy":"product_cat","embeddable":true,"href":"https:\/\/www.qnde.ca\/fr\/wp-json\/wp\/v2\/product_cat?post=32098"},{"taxonomy":"product_tag","embeddable":true,"href":"https:\/\/www.qnde.ca\/fr\/wp-json\/wp\/v2\/product_tag?post=32098"}],"curies":[{"name":"wp","href":"https:\/\/api.w.org\/{rel}","templated":true}]}}