{"id":32077,"date":"2023-06-14T16:58:07","date_gmt":"2023-06-14T20:58:07","guid":{"rendered":"https:\/\/www.qnde.ca\/produit\/32077\/"},"modified":"2025-08-19T15:50:57","modified_gmt":"2025-08-19T19:50:57","slug":"spectro-uv-lampe-idx-300","status":"publish","type":"product","link":"https:\/\/www.qnde.ca\/fr\/produit\/spectro-uv-lampe-idx-300\/","title":{"rendered":"Spectro-UV Lampe de poche IDX-300"},"content":{"rendered":"<h3><strong>Spectro-UV Lampe de poche IDX-300<\/strong><\/h3>\n<p data-start=\"97\" data-end=\"420\">La lampe de poche UV DEL rechargeable de la s\u00e9rie IDX est dot\u00e9e d\u2019un r\u00e9flecteur en aluminium, d\u2019un indicateur lumineux de l\u2019\u00e9tat de charge et d\u2019un port de recharge USB. Autonomie en fonctionnement continu : 4,5 heures. Intensit\u00e9 de 1 200 \u00b5W\/cm\u00b2 \u00e0 38 cm (15&Prime;). Faisceau de 1 000 \u00b5W\/cm\u00b2 sur un diam\u00e8tre de 4,5 cm (1,75&Prime;).<\/p>\n<p data-start=\"422\" data-end=\"608\">Livr\u00e9 avec une batterie lithium-ion rechargeable, un adaptateur secteur 5V, un c\u00e2ble de recharge USB, une dragonne, deux joints toriques, un \u00e9tui de ceinture et une bo\u00eete de rangement.<\/p>\n<p data-start=\"610\" data-end=\"713\">IDX-300 : Lampe torche LED rechargeable Nano 365 S\u00e9rie \u00e0 double \u00e9clairage UV-A \/ lumi\u00e8re blanche.<\/p>\n","protected":false},"excerpt":{"rendered":"<p>Spectro-UV Lampe de poche IDX-300 La lampe de poche UV DEL rechargeable de la s\u00e9rie IDX est dot\u00e9e d\u2019un r\u00e9flecteur en aluminium, d\u2019un indicateur lumineux de l\u2019\u00e9tat de charge et d\u2019un port de recharge USB. Autonomie en fonctionnement continu : 4,5 heures. Intensit\u00e9 de 1 200 \u00b5W\/cm\u00b2 \u00e0 38 cm (15&Prime;). Faisceau de 1 000 [&hellip;]<\/p>\n","protected":false},"featured_media":32070,"template":"","meta":{"_monsterinsights_skip_tracking":false,"_monsterinsights_sitenote_active":false,"_monsterinsights_sitenote_note":"","_monsterinsights_sitenote_category":0},"product_brand":[],"product_cat":[400,133],"product_tag":[],"class_list":{"0":"post-32077","1":"product","2":"type-product","3":"status-publish","4":"has-post-thumbnail","6":"product_cat-spectro-uv-fr","7":"product_cat-lampes-uv","9":"first","10":"instock","11":"shipping-taxable","12":"purchasable","13":"product-type-simple"},"yoast_head":"<!-- This site is optimized with the Yoast SEO plugin v23.9 - https:\/\/yoast.com\/wordpress\/plugins\/seo\/ -->\n<title>Spectro-UV Lampe de poche IDX-300 &#060; Qualit\u00e9 NDE<\/title>\n<meta name=\"description\" content=\"Lampe UV DEL Spectro-UV IDX-300 : 1200 \u00b5W\/cm\u00b2, faisceau concentr\u00e9, rechargeable USB, autonomie 4,5h, id\u00e9ale pour inspections NDT.\" \/>\n<meta name=\"robots\" content=\"index, follow, max-snippet:-1, max-image-preview:large, max-video-preview:-1\" \/>\n<link rel=\"canonical\" href=\"https:\/\/www.qnde.ca\/fr\/produit\/spectro-uv-lampe-idx-300\/\" \/>\n<meta name=\"twitter:label1\" content=\"Dur\u00e9e de lecture estim\u00e9e\" \/>\n\t<meta name=\"twitter:data1\" content=\"1 minute\" \/>\n<script type=\"application\/ld+json\" class=\"yoast-schema-graph\">{\"@context\":\"https:\/\/schema.org\",\"@graph\":[{\"@type\":[\"WebPage\",\"ItemPage\"],\"@id\":\"https:\/\/www.qnde.ca\/fr\/produit\/spectro-uv-lampe-idx-300\/\",\"url\":\"https:\/\/www.qnde.ca\/fr\/produit\/spectro-uv-lampe-idx-300\/\",\"name\":\"Spectro-UV Lampe de poche IDX-300 &#060; Qualit\u00e9 NDE\",\"isPartOf\":{\"@id\":\"https:\/\/www.qnde.ca\/#website\"},\"primaryImageOfPage\":{\"@id\":\"https:\/\/www.qnde.ca\/fr\/produit\/spectro-uv-lampe-idx-300\/#primaryimage\"},\"image\":{\"@id\":\"https:\/\/www.qnde.ca\/fr\/produit\/spectro-uv-lampe-idx-300\/#primaryimage\"},\"thumbnailUrl\":\"https:\/\/www.qnde.ca\/wp-content\/uploads\/2023\/06\/Spectro-UV-IDX-300.jpg\",\"datePublished\":\"2023-06-14T20:58:07+00:00\",\"dateModified\":\"2025-08-19T19:50:57+00:00\",\"description\":\"Lampe UV DEL Spectro-UV IDX-300 : 1200 \u00b5W\/cm\u00b2, faisceau concentr\u00e9, rechargeable USB, autonomie 4,5h, id\u00e9ale pour inspections NDT.\",\"breadcrumb\":{\"@id\":\"https:\/\/www.qnde.ca\/fr\/produit\/spectro-uv-lampe-idx-300\/#breadcrumb\"},\"inLanguage\":\"fr-FR\",\"potentialAction\":[{\"@type\":\"ReadAction\",\"target\":[\"https:\/\/www.qnde.ca\/fr\/produit\/spectro-uv-lampe-idx-300\/\"]}]},{\"@type\":\"ImageObject\",\"inLanguage\":\"fr-FR\",\"@id\":\"https:\/\/www.qnde.ca\/fr\/produit\/spectro-uv-lampe-idx-300\/#primaryimage\",\"url\":\"https:\/\/www.qnde.ca\/wp-content\/uploads\/2023\/06\/Spectro-UV-IDX-300.jpg\",\"contentUrl\":\"https:\/\/www.qnde.ca\/wp-content\/uploads\/2023\/06\/Spectro-UV-IDX-300.jpg\",\"width\":557,\"height\":400},{\"@type\":\"BreadcrumbList\",\"@id\":\"https:\/\/www.qnde.ca\/fr\/produit\/spectro-uv-lampe-idx-300\/#breadcrumb\",\"itemListElement\":[{\"@type\":\"ListItem\",\"position\":1,\"name\":\"Accueil\",\"item\":\"https:\/\/www.qnde.ca\/fr\/\"},{\"@type\":\"ListItem\",\"position\":2,\"name\":\"Produits\",\"item\":\"https:\/\/www.qnde.ca\/fr\/produits\/\"},{\"@type\":\"ListItem\",\"position\":3,\"name\":\"Marques\",\"item\":\"https:\/\/www.qnde.ca\/fr\/product-category\/marques\/\"},{\"@type\":\"ListItem\",\"position\":4,\"name\":\"Spectro-UV\",\"item\":\"https:\/\/www.qnde.ca\/fr\/product-category\/marques\/spectro-uv-fr\/\"},{\"@type\":\"ListItem\",\"position\":5,\"name\":\"Spectro-UV Lampe de poche IDX-300\"}]},{\"@type\":\"WebSite\",\"@id\":\"https:\/\/www.qnde.ca\/#website\",\"url\":\"https:\/\/www.qnde.ca\/\",\"name\":\"Qualit\u00e9 NDE\",\"description\":\"\u00c9quipements d&#039;essais non destructifs \",\"publisher\":{\"@id\":\"https:\/\/www.qnde.ca\/#organization\"},\"potentialAction\":[{\"@type\":\"SearchAction\",\"target\":{\"@type\":\"EntryPoint\",\"urlTemplate\":\"https:\/\/www.qnde.ca\/?s={search_term_string}\"},\"query-input\":{\"@type\":\"PropertyValueSpecification\",\"valueRequired\":true,\"valueName\":\"search_term_string\"}}],\"inLanguage\":\"fr-FR\"},{\"@type\":\"Organization\",\"@id\":\"https:\/\/www.qnde.ca\/#organization\",\"name\":\"Quality NDT Ltd.\",\"url\":\"https:\/\/www.qnde.ca\/\",\"logo\":{\"@type\":\"ImageObject\",\"inLanguage\":\"fr-FR\",\"@id\":\"https:\/\/www.qnde.ca\/#\/schema\/logo\/image\/\",\"url\":\"https:\/\/www.qnde.ca\/wp-content\/uploads\/2022\/02\/QNDE_logo_RGB-gif.gif\",\"contentUrl\":\"https:\/\/www.qnde.ca\/wp-content\/uploads\/2022\/02\/QNDE_logo_RGB-gif.gif\",\"width\":250,\"height\":64,\"caption\":\"Quality NDT Ltd.\"},\"image\":{\"@id\":\"https:\/\/www.qnde.ca\/#\/schema\/logo\/image\/\"},\"sameAs\":[\"https:\/\/www.linkedin.com\/company\/qnde\/about\/?viewAsMember=true\"]}]}<\/script>\n<!-- \/ Yoast SEO plugin. -->","yoast_head_json":{"title":"Spectro-UV Lampe de poche IDX-300 &#060; Qualit\u00e9 NDE","description":"Lampe UV DEL Spectro-UV IDX-300 : 1200 \u00b5W\/cm\u00b2, faisceau concentr\u00e9, rechargeable USB, autonomie 4,5h, id\u00e9ale pour inspections NDT.","robots":{"index":"index","follow":"follow","max-snippet":"max-snippet:-1","max-image-preview":"max-image-preview:large","max-video-preview":"max-video-preview:-1"},"canonical":"https:\/\/www.qnde.ca\/fr\/produit\/spectro-uv-lampe-idx-300\/","twitter_misc":{"Dur\u00e9e de lecture estim\u00e9e":"1 minute"},"schema":{"@context":"https:\/\/schema.org","@graph":[{"@type":["WebPage","ItemPage"],"@id":"https:\/\/www.qnde.ca\/fr\/produit\/spectro-uv-lampe-idx-300\/","url":"https:\/\/www.qnde.ca\/fr\/produit\/spectro-uv-lampe-idx-300\/","name":"Spectro-UV Lampe de poche IDX-300 &#060; Qualit\u00e9 NDE","isPartOf":{"@id":"https:\/\/www.qnde.ca\/#website"},"primaryImageOfPage":{"@id":"https:\/\/www.qnde.ca\/fr\/produit\/spectro-uv-lampe-idx-300\/#primaryimage"},"image":{"@id":"https:\/\/www.qnde.ca\/fr\/produit\/spectro-uv-lampe-idx-300\/#primaryimage"},"thumbnailUrl":"https:\/\/www.qnde.ca\/wp-content\/uploads\/2023\/06\/Spectro-UV-IDX-300.jpg","datePublished":"2023-06-14T20:58:07+00:00","dateModified":"2025-08-19T19:50:57+00:00","description":"Lampe UV DEL Spectro-UV IDX-300 : 1200 \u00b5W\/cm\u00b2, faisceau concentr\u00e9, rechargeable USB, autonomie 4,5h, id\u00e9ale pour inspections NDT.","breadcrumb":{"@id":"https:\/\/www.qnde.ca\/fr\/produit\/spectro-uv-lampe-idx-300\/#breadcrumb"},"inLanguage":"fr-FR","potentialAction":[{"@type":"ReadAction","target":["https:\/\/www.qnde.ca\/fr\/produit\/spectro-uv-lampe-idx-300\/"]}]},{"@type":"ImageObject","inLanguage":"fr-FR","@id":"https:\/\/www.qnde.ca\/fr\/produit\/spectro-uv-lampe-idx-300\/#primaryimage","url":"https:\/\/www.qnde.ca\/wp-content\/uploads\/2023\/06\/Spectro-UV-IDX-300.jpg","contentUrl":"https:\/\/www.qnde.ca\/wp-content\/uploads\/2023\/06\/Spectro-UV-IDX-300.jpg","width":557,"height":400},{"@type":"BreadcrumbList","@id":"https:\/\/www.qnde.ca\/fr\/produit\/spectro-uv-lampe-idx-300\/#breadcrumb","itemListElement":[{"@type":"ListItem","position":1,"name":"Accueil","item":"https:\/\/www.qnde.ca\/fr\/"},{"@type":"ListItem","position":2,"name":"Produits","item":"https:\/\/www.qnde.ca\/fr\/produits\/"},{"@type":"ListItem","position":3,"name":"Marques","item":"https:\/\/www.qnde.ca\/fr\/product-category\/marques\/"},{"@type":"ListItem","position":4,"name":"Spectro-UV","item":"https:\/\/www.qnde.ca\/fr\/product-category\/marques\/spectro-uv-fr\/"},{"@type":"ListItem","position":5,"name":"Spectro-UV Lampe de poche IDX-300"}]},{"@type":"WebSite","@id":"https:\/\/www.qnde.ca\/#website","url":"https:\/\/www.qnde.ca\/","name":"Qualit\u00e9 NDE","description":"\u00c9quipements d&#039;essais non destructifs ","publisher":{"@id":"https:\/\/www.qnde.ca\/#organization"},"potentialAction":[{"@type":"SearchAction","target":{"@type":"EntryPoint","urlTemplate":"https:\/\/www.qnde.ca\/?s={search_term_string}"},"query-input":{"@type":"PropertyValueSpecification","valueRequired":true,"valueName":"search_term_string"}}],"inLanguage":"fr-FR"},{"@type":"Organization","@id":"https:\/\/www.qnde.ca\/#organization","name":"Quality NDT Ltd.","url":"https:\/\/www.qnde.ca\/","logo":{"@type":"ImageObject","inLanguage":"fr-FR","@id":"https:\/\/www.qnde.ca\/#\/schema\/logo\/image\/","url":"https:\/\/www.qnde.ca\/wp-content\/uploads\/2022\/02\/QNDE_logo_RGB-gif.gif","contentUrl":"https:\/\/www.qnde.ca\/wp-content\/uploads\/2022\/02\/QNDE_logo_RGB-gif.gif","width":250,"height":64,"caption":"Quality NDT Ltd."},"image":{"@id":"https:\/\/www.qnde.ca\/#\/schema\/logo\/image\/"},"sameAs":["https:\/\/www.linkedin.com\/company\/qnde\/about\/?viewAsMember=true"]}]}},"jetpack_sharing_enabled":true,"_links":{"self":[{"href":"https:\/\/www.qnde.ca\/fr\/wp-json\/wp\/v2\/product\/32077","targetHints":{"allow":["GET"]}}],"collection":[{"href":"https:\/\/www.qnde.ca\/fr\/wp-json\/wp\/v2\/product"}],"about":[{"href":"https:\/\/www.qnde.ca\/fr\/wp-json\/wp\/v2\/types\/product"}],"wp:featuredmedia":[{"embeddable":true,"href":"https:\/\/www.qnde.ca\/fr\/wp-json\/wp\/v2\/media\/32070"}],"wp:attachment":[{"href":"https:\/\/www.qnde.ca\/fr\/wp-json\/wp\/v2\/media?parent=32077"}],"wp:term":[{"taxonomy":"product_brand","embeddable":true,"href":"https:\/\/www.qnde.ca\/fr\/wp-json\/wp\/v2\/product_brand?post=32077"},{"taxonomy":"product_cat","embeddable":true,"href":"https:\/\/www.qnde.ca\/fr\/wp-json\/wp\/v2\/product_cat?post=32077"},{"taxonomy":"product_tag","embeddable":true,"href":"https:\/\/www.qnde.ca\/fr\/wp-json\/wp\/v2\/product_tag?post=32077"}],"curies":[{"name":"wp","href":"https:\/\/api.w.org\/{rel}","templated":true}]}}