{"id":32067,"date":"2023-06-14T14:45:52","date_gmt":"2023-06-14T18:45:52","guid":{"rendered":"https:\/\/www.qnde.ca\/produit\/spectro-uv-lampe-frontale-eagle-eye-led-uv\/"},"modified":"2025-08-19T15:52:53","modified_gmt":"2025-08-19T19:52:53","slug":"spectro-uv-lampe-frontale-eagle-eye-led-uv","status":"publish","type":"product","link":"https:\/\/www.qnde.ca\/fr\/produit\/spectro-uv-lampe-frontale-eagle-eye-led-uv\/","title":{"rendered":"Spectro-UV Lampe Frontale EagleEye-1 EEX-1000 LED UV"},"content":{"rendered":"<p><strong>Spectro-UV Lampe Frontale EagleEye-1 EEX-1000 LED UV<\/strong><\/p>\n<p>&nbsp;<\/p>\n<p>La lampe frontale EagleEye-1 LED UV de Spectro-UV est une lampe d&rsquo;inspection mains libres sans fil id\u00e9ale pour l&rsquo;inspection de joug CND avec un test de particules magn\u00e9tiques fluorescentes ou de ressuage fluorescent.<\/p>\n<p>&nbsp;<\/p>\n<p>Cette lampe frontale d&rsquo;inspection UV \u00e0 DEL l\u00e9g\u00e8re de 8,4 oz (238 g) est \u00e9quip\u00e9e d&rsquo;un bandeau r\u00e9glable pour un ajustement appropri\u00e9 et d&rsquo;un support de r\u00e9glage de la lampe pour contr\u00f4ler la zone \u00e9clair\u00e9e. Avec une intensit\u00e9 nominale d&rsquo;UV-A \u00e0 l&rsquo;\u00e9tat stable \u00e0 15 000 \u00b5W\/cm2 \u00e0 15&Prime; (38 cm). Zone de couverture UV-A de 4,5&Prime; (11,4 cm) de diam\u00e8tre \u00e0 15&Prime; (38 cm) \u00e0 un minimum de 1 000 \u00b5W\/cm2.<\/p>\n<p>&nbsp;<\/p>\n<p>Le kit complet comprend : une lampe EagleEye-1 NDT UV-A, deux batteries rechargeables, un socle de chargement intelligent avec cordon, des lunettes de protection UV et un \u00e9tui de transport rigide.<\/p>\n<p>&nbsp;<\/p>\n<p>EEX-1000 : Kit complet de lampe frontale UV EagleEye LED.<\/p>\n<p><a href=\"https:\/\/www.qnde.ca\/produit\/eagle-eye-2-headlamp\/\">EK-3000<\/a> : Kit de lampe frontale EagleEye 2 LED UVA et lumi\u00e8re blanche.<\/p>\n<p>&nbsp;<\/p>\n<p>Contactez-nous pour plus d&rsquo;informations et\/ou pour recevoir un devis.<\/p>\n","protected":false},"excerpt":{"rendered":"<p>Spectro-UV Lampe Frontale EagleEye-1 EEX-1000 LED UV &nbsp; La lampe frontale EagleEye-1 LED UV de Spectro-UV est une lampe d&rsquo;inspection mains libres sans fil id\u00e9ale pour l&rsquo;inspection de joug CND avec un test de particules magn\u00e9tiques fluorescentes ou de ressuage fluorescent. &nbsp; Cette lampe frontale d&rsquo;inspection UV \u00e0 DEL l\u00e9g\u00e8re de 8,4 oz (238 g) [&hellip;]<\/p>\n","protected":false},"featured_media":32066,"template":"","meta":{"_monsterinsights_skip_tracking":false,"_monsterinsights_sitenote_active":false,"_monsterinsights_sitenote_note":"","_monsterinsights_sitenote_category":0},"product_brand":[],"product_cat":[400,133],"product_tag":[],"class_list":{"0":"post-32067","1":"product","2":"type-product","3":"status-publish","4":"has-post-thumbnail","6":"product_cat-spectro-uv-fr","7":"product_cat-lampes-uv","9":"first","10":"instock","11":"shipping-taxable","12":"product-type-simple"},"yoast_head":"<!-- This site is optimized with the Yoast SEO plugin v23.9 - https:\/\/yoast.com\/wordpress\/plugins\/seo\/ -->\n<title>Spectro-UV Lampe Frontale EagleEye-1 EEX-1000 LED UV &#060; Qualit\u00e9 NDE<\/title>\n<meta name=\"description\" content=\"Lampe frontale UV LED EagleEye-1, mains libres, 15 000 \u00b5W\/cm\u00b2 \u00e0 38 cm. Id\u00e9ale pour inspection CND. Livr\u00e9e avec accessoires complets.\" \/>\n<meta name=\"robots\" content=\"index, follow, max-snippet:-1, max-image-preview:large, max-video-preview:-1\" \/>\n<link rel=\"canonical\" href=\"https:\/\/www.qnde.ca\/fr\/produit\/spectro-uv-lampe-frontale-eagle-eye-led-uv\/\" \/>\n<meta name=\"twitter:label1\" content=\"Dur\u00e9e de lecture estim\u00e9e\" \/>\n\t<meta name=\"twitter:data1\" content=\"1 minute\" \/>\n<script type=\"application\/ld+json\" class=\"yoast-schema-graph\">{\"@context\":\"https:\/\/schema.org\",\"@graph\":[{\"@type\":[\"WebPage\",\"ItemPage\"],\"@id\":\"https:\/\/www.qnde.ca\/fr\/produit\/spectro-uv-lampe-frontale-eagle-eye-led-uv\/\",\"url\":\"https:\/\/www.qnde.ca\/fr\/produit\/spectro-uv-lampe-frontale-eagle-eye-led-uv\/\",\"name\":\"Spectro-UV Lampe Frontale EagleEye-1 EEX-1000 LED UV &#060; Qualit\u00e9 NDE\",\"isPartOf\":{\"@id\":\"https:\/\/www.qnde.ca\/#website\"},\"primaryImageOfPage\":{\"@id\":\"https:\/\/www.qnde.ca\/fr\/produit\/spectro-uv-lampe-frontale-eagle-eye-led-uv\/#primaryimage\"},\"image\":{\"@id\":\"https:\/\/www.qnde.ca\/fr\/produit\/spectro-uv-lampe-frontale-eagle-eye-led-uv\/#primaryimage\"},\"thumbnailUrl\":\"https:\/\/www.qnde.ca\/wp-content\/uploads\/2023\/06\/SPECTRO-UV-EEX-1000EagleEyeHandheldHelmetMountedLongWaveUltravioletUV365NMNonDesructiveTestingNDTFluorescentInspectionLampOnHelmetApplication.webp\",\"datePublished\":\"2023-06-14T18:45:52+00:00\",\"dateModified\":\"2025-08-19T19:52:53+00:00\",\"description\":\"Lampe frontale UV LED EagleEye-1, mains libres, 15 000 \u00b5W\/cm\u00b2 \u00e0 38 cm. Id\u00e9ale pour inspection CND. Livr\u00e9e avec accessoires complets.\",\"breadcrumb\":{\"@id\":\"https:\/\/www.qnde.ca\/fr\/produit\/spectro-uv-lampe-frontale-eagle-eye-led-uv\/#breadcrumb\"},\"inLanguage\":\"fr-FR\",\"potentialAction\":[{\"@type\":\"ReadAction\",\"target\":[\"https:\/\/www.qnde.ca\/fr\/produit\/spectro-uv-lampe-frontale-eagle-eye-led-uv\/\"]}]},{\"@type\":\"ImageObject\",\"inLanguage\":\"fr-FR\",\"@id\":\"https:\/\/www.qnde.ca\/fr\/produit\/spectro-uv-lampe-frontale-eagle-eye-led-uv\/#primaryimage\",\"url\":\"https:\/\/www.qnde.ca\/wp-content\/uploads\/2023\/06\/SPECTRO-UV-EEX-1000EagleEyeHandheldHelmetMountedLongWaveUltravioletUV365NMNonDesructiveTestingNDTFluorescentInspectionLampOnHelmetApplication.webp\",\"contentUrl\":\"https:\/\/www.qnde.ca\/wp-content\/uploads\/2023\/06\/SPECTRO-UV-EEX-1000EagleEyeHandheldHelmetMountedLongWaveUltravioletUV365NMNonDesructiveTestingNDTFluorescentInspectionLampOnHelmetApplication.webp\",\"width\":1100,\"height\":635},{\"@type\":\"BreadcrumbList\",\"@id\":\"https:\/\/www.qnde.ca\/fr\/produit\/spectro-uv-lampe-frontale-eagle-eye-led-uv\/#breadcrumb\",\"itemListElement\":[{\"@type\":\"ListItem\",\"position\":1,\"name\":\"Accueil\",\"item\":\"https:\/\/www.qnde.ca\/fr\/\"},{\"@type\":\"ListItem\",\"position\":2,\"name\":\"Produits\",\"item\":\"https:\/\/www.qnde.ca\/fr\/produits\/\"},{\"@type\":\"ListItem\",\"position\":3,\"name\":\"Marques\",\"item\":\"https:\/\/www.qnde.ca\/fr\/product-category\/marques\/\"},{\"@type\":\"ListItem\",\"position\":4,\"name\":\"Spectro-UV\",\"item\":\"https:\/\/www.qnde.ca\/fr\/product-category\/marques\/spectro-uv-fr\/\"},{\"@type\":\"ListItem\",\"position\":5,\"name\":\"Spectro-UV Lampe Frontale EagleEye-1 EEX-1000 LED UV\"}]},{\"@type\":\"WebSite\",\"@id\":\"https:\/\/www.qnde.ca\/#website\",\"url\":\"https:\/\/www.qnde.ca\/\",\"name\":\"Qualit\u00e9 NDE\",\"description\":\"\u00c9quipements d&#039;essais non destructifs \",\"publisher\":{\"@id\":\"https:\/\/www.qnde.ca\/#organization\"},\"potentialAction\":[{\"@type\":\"SearchAction\",\"target\":{\"@type\":\"EntryPoint\",\"urlTemplate\":\"https:\/\/www.qnde.ca\/?s={search_term_string}\"},\"query-input\":{\"@type\":\"PropertyValueSpecification\",\"valueRequired\":true,\"valueName\":\"search_term_string\"}}],\"inLanguage\":\"fr-FR\"},{\"@type\":\"Organization\",\"@id\":\"https:\/\/www.qnde.ca\/#organization\",\"name\":\"Quality NDT Ltd.\",\"url\":\"https:\/\/www.qnde.ca\/\",\"logo\":{\"@type\":\"ImageObject\",\"inLanguage\":\"fr-FR\",\"@id\":\"https:\/\/www.qnde.ca\/#\/schema\/logo\/image\/\",\"url\":\"https:\/\/www.qnde.ca\/wp-content\/uploads\/2022\/02\/QNDE_logo_RGB-gif.gif\",\"contentUrl\":\"https:\/\/www.qnde.ca\/wp-content\/uploads\/2022\/02\/QNDE_logo_RGB-gif.gif\",\"width\":250,\"height\":64,\"caption\":\"Quality NDT Ltd.\"},\"image\":{\"@id\":\"https:\/\/www.qnde.ca\/#\/schema\/logo\/image\/\"},\"sameAs\":[\"https:\/\/www.linkedin.com\/company\/qnde\/about\/?viewAsMember=true\"]}]}<\/script>\n<!-- \/ Yoast SEO plugin. -->","yoast_head_json":{"title":"Spectro-UV Lampe Frontale EagleEye-1 EEX-1000 LED UV &#060; Qualit\u00e9 NDE","description":"Lampe frontale UV LED EagleEye-1, mains libres, 15 000 \u00b5W\/cm\u00b2 \u00e0 38 cm. Id\u00e9ale pour inspection CND. Livr\u00e9e avec accessoires complets.","robots":{"index":"index","follow":"follow","max-snippet":"max-snippet:-1","max-image-preview":"max-image-preview:large","max-video-preview":"max-video-preview:-1"},"canonical":"https:\/\/www.qnde.ca\/fr\/produit\/spectro-uv-lampe-frontale-eagle-eye-led-uv\/","twitter_misc":{"Dur\u00e9e de lecture estim\u00e9e":"1 minute"},"schema":{"@context":"https:\/\/schema.org","@graph":[{"@type":["WebPage","ItemPage"],"@id":"https:\/\/www.qnde.ca\/fr\/produit\/spectro-uv-lampe-frontale-eagle-eye-led-uv\/","url":"https:\/\/www.qnde.ca\/fr\/produit\/spectro-uv-lampe-frontale-eagle-eye-led-uv\/","name":"Spectro-UV Lampe Frontale EagleEye-1 EEX-1000 LED UV &#060; Qualit\u00e9 NDE","isPartOf":{"@id":"https:\/\/www.qnde.ca\/#website"},"primaryImageOfPage":{"@id":"https:\/\/www.qnde.ca\/fr\/produit\/spectro-uv-lampe-frontale-eagle-eye-led-uv\/#primaryimage"},"image":{"@id":"https:\/\/www.qnde.ca\/fr\/produit\/spectro-uv-lampe-frontale-eagle-eye-led-uv\/#primaryimage"},"thumbnailUrl":"https:\/\/www.qnde.ca\/wp-content\/uploads\/2023\/06\/SPECTRO-UV-EEX-1000EagleEyeHandheldHelmetMountedLongWaveUltravioletUV365NMNonDesructiveTestingNDTFluorescentInspectionLampOnHelmetApplication.webp","datePublished":"2023-06-14T18:45:52+00:00","dateModified":"2025-08-19T19:52:53+00:00","description":"Lampe frontale UV LED EagleEye-1, mains libres, 15 000 \u00b5W\/cm\u00b2 \u00e0 38 cm. Id\u00e9ale pour inspection CND. Livr\u00e9e avec accessoires complets.","breadcrumb":{"@id":"https:\/\/www.qnde.ca\/fr\/produit\/spectro-uv-lampe-frontale-eagle-eye-led-uv\/#breadcrumb"},"inLanguage":"fr-FR","potentialAction":[{"@type":"ReadAction","target":["https:\/\/www.qnde.ca\/fr\/produit\/spectro-uv-lampe-frontale-eagle-eye-led-uv\/"]}]},{"@type":"ImageObject","inLanguage":"fr-FR","@id":"https:\/\/www.qnde.ca\/fr\/produit\/spectro-uv-lampe-frontale-eagle-eye-led-uv\/#primaryimage","url":"https:\/\/www.qnde.ca\/wp-content\/uploads\/2023\/06\/SPECTRO-UV-EEX-1000EagleEyeHandheldHelmetMountedLongWaveUltravioletUV365NMNonDesructiveTestingNDTFluorescentInspectionLampOnHelmetApplication.webp","contentUrl":"https:\/\/www.qnde.ca\/wp-content\/uploads\/2023\/06\/SPECTRO-UV-EEX-1000EagleEyeHandheldHelmetMountedLongWaveUltravioletUV365NMNonDesructiveTestingNDTFluorescentInspectionLampOnHelmetApplication.webp","width":1100,"height":635},{"@type":"BreadcrumbList","@id":"https:\/\/www.qnde.ca\/fr\/produit\/spectro-uv-lampe-frontale-eagle-eye-led-uv\/#breadcrumb","itemListElement":[{"@type":"ListItem","position":1,"name":"Accueil","item":"https:\/\/www.qnde.ca\/fr\/"},{"@type":"ListItem","position":2,"name":"Produits","item":"https:\/\/www.qnde.ca\/fr\/produits\/"},{"@type":"ListItem","position":3,"name":"Marques","item":"https:\/\/www.qnde.ca\/fr\/product-category\/marques\/"},{"@type":"ListItem","position":4,"name":"Spectro-UV","item":"https:\/\/www.qnde.ca\/fr\/product-category\/marques\/spectro-uv-fr\/"},{"@type":"ListItem","position":5,"name":"Spectro-UV Lampe Frontale EagleEye-1 EEX-1000 LED UV"}]},{"@type":"WebSite","@id":"https:\/\/www.qnde.ca\/#website","url":"https:\/\/www.qnde.ca\/","name":"Qualit\u00e9 NDE","description":"\u00c9quipements d&#039;essais non destructifs ","publisher":{"@id":"https:\/\/www.qnde.ca\/#organization"},"potentialAction":[{"@type":"SearchAction","target":{"@type":"EntryPoint","urlTemplate":"https:\/\/www.qnde.ca\/?s={search_term_string}"},"query-input":{"@type":"PropertyValueSpecification","valueRequired":true,"valueName":"search_term_string"}}],"inLanguage":"fr-FR"},{"@type":"Organization","@id":"https:\/\/www.qnde.ca\/#organization","name":"Quality NDT Ltd.","url":"https:\/\/www.qnde.ca\/","logo":{"@type":"ImageObject","inLanguage":"fr-FR","@id":"https:\/\/www.qnde.ca\/#\/schema\/logo\/image\/","url":"https:\/\/www.qnde.ca\/wp-content\/uploads\/2022\/02\/QNDE_logo_RGB-gif.gif","contentUrl":"https:\/\/www.qnde.ca\/wp-content\/uploads\/2022\/02\/QNDE_logo_RGB-gif.gif","width":250,"height":64,"caption":"Quality NDT Ltd."},"image":{"@id":"https:\/\/www.qnde.ca\/#\/schema\/logo\/image\/"},"sameAs":["https:\/\/www.linkedin.com\/company\/qnde\/about\/?viewAsMember=true"]}]}},"jetpack_sharing_enabled":true,"_links":{"self":[{"href":"https:\/\/www.qnde.ca\/fr\/wp-json\/wp\/v2\/product\/32067","targetHints":{"allow":["GET"]}}],"collection":[{"href":"https:\/\/www.qnde.ca\/fr\/wp-json\/wp\/v2\/product"}],"about":[{"href":"https:\/\/www.qnde.ca\/fr\/wp-json\/wp\/v2\/types\/product"}],"wp:featuredmedia":[{"embeddable":true,"href":"https:\/\/www.qnde.ca\/fr\/wp-json\/wp\/v2\/media\/32066"}],"wp:attachment":[{"href":"https:\/\/www.qnde.ca\/fr\/wp-json\/wp\/v2\/media?parent=32067"}],"wp:term":[{"taxonomy":"product_brand","embeddable":true,"href":"https:\/\/www.qnde.ca\/fr\/wp-json\/wp\/v2\/product_brand?post=32067"},{"taxonomy":"product_cat","embeddable":true,"href":"https:\/\/www.qnde.ca\/fr\/wp-json\/wp\/v2\/product_cat?post=32067"},{"taxonomy":"product_tag","embeddable":true,"href":"https:\/\/www.qnde.ca\/fr\/wp-json\/wp\/v2\/product_tag?post=32067"}],"curies":[{"name":"wp","href":"https:\/\/api.w.org\/{rel}","templated":true}]}}