{"id":32039,"date":"2023-05-31T18:26:15","date_gmt":"2023-05-31T22:26:15","guid":{"rendered":"https:\/\/www.qnde.ca\/produit\/jauge-depaisseur-sonatest-t-gage-v-series\/"},"modified":"2025-11-25T14:15:01","modified_gmt":"2025-11-25T19:15:01","slug":"jauge-depaisseur-sonatest-t-gage-v-series","status":"publish","type":"product","link":"https:\/\/www.qnde.ca\/fr\/produit\/jauge-depaisseur-sonatest-t-gage-v-series\/","title":{"rendered":"Jauge d&rsquo;\u00e9paisseur Sonatest T-Gage V-Series"},"content":{"rendered":"<p><strong>Jauge d&rsquo;\u00e9paisseur Sonatest T-Gage V-Series<\/strong><\/p>\n<p><strong>\u00a0<\/strong>La s\u00e9rie T-Gage V de jauges d&rsquo;\u00e9paisseur de Sonatest offre des solutions d&rsquo;inspection capables de g\u00e9rer presque tous les types de conditions industrielles. L&rsquo;arr\u00eat automatique (programmable par l&rsquo;utilisateur) combin\u00e9 \u00e0 la dur\u00e9e de vie de la batterie de 50 heures rend cet appareil extr\u00eamement fiable.<\/p>\n<p>Class\u00e9 IP54 avec une plage d&rsquo;\u00e9paisseur de 0,20 mm \u00e0 508 mm (0,008&Prime; \u00e0 20&Prime;), cet appareil ne p\u00e8se que 8 oz (230 g) et ne mesure que 76,2 mm x 127 mm x 31,8 mm (3&Prime; x 5&Prime; x1,25&Prime;). 128 x 64 Graphics LCD monochrome 220 x 170 Graphic Color TFT display, 0.5-20 MHJz bandwith, et taux de mesure \u00e0 20\/sec et 4\/sec en mode rapide, et une temp\u00e9rature de fonctionnement de -20\u00b0C \u00e0 50\u00b0C (- 4\u00b0F \u00e0 122\u00b0F).<\/p>\n<p>Le kit standard comprend :<\/p>\n<ul>\n<li>jauge d&rsquo;\u00e9paisseur UT.<\/li>\n<li>double cristal 5 MHz 0,375&Prime;\/9,52 mm de diam\u00e8tre.<\/li>\n<li>Sonde enrob\u00e9e.<\/li>\n<li>c\u00e2ble.<\/li>\n<li>couplant.<\/li>\n<li>mode d&#8217;emploi.<\/li>\n<li>mallette de transport en plastique.<\/li>\n<li>garantie de 2 ans.<\/li>\n<\/ul>\n<p>Option\u00a0:<\/p>\n<ul>\n<li>T-Gage VB : Jauge \u00e0 vitesse variable de base avec sonde, mode DKS-537.<\/li>\n<li>T-Gage V : Le mod\u00e8le de milieu de gamme offre les fonctionnalit\u00e9s les plus populaires, notamment le DG537 d&rsquo;\u00e9chio \u00e0 \u00e9cho. La capacit\u00e9 de balayage A\/B et le logiciel d&rsquo;enregistrement de donn\u00e9es XLS.<\/li>\n<li>T-Gage VDL : Mod\u00e8le haut de gamme offrant le mode Echo-to-Echo DG537, mallette de transport et pochette personnalis\u00e9e et clip ceinture, logiciel d&rsquo;enregistrement Data XLS et c\u00e2ble USB.<\/li>\n<\/ul>\n<p>Contactez-nous pour plus d&rsquo;informations et\/ou pour recevoir une soumission.<\/p>\n","protected":false},"excerpt":{"rendered":"<p>Jauge d&rsquo;\u00e9paisseur Sonatest T-Gage V-Series \u00a0La s\u00e9rie T-Gage V de jauges d&rsquo;\u00e9paisseur de Sonatest offre des solutions d&rsquo;inspection capables de g\u00e9rer presque tous les types de conditions industrielles. L&rsquo;arr\u00eat automatique (programmable par l&rsquo;utilisateur) combin\u00e9 \u00e0 la dur\u00e9e de vie de la batterie de 50 heures rend cet appareil extr\u00eamement fiable. Class\u00e9 IP54 avec une plage [&hellip;]<\/p>\n","protected":false},"featured_media":32036,"template":"","meta":{"_monsterinsights_skip_tracking":false,"_monsterinsights_sitenote_active":false,"_monsterinsights_sitenote_note":"","_monsterinsights_sitenote_category":0},"product_brand":[],"product_cat":[124,126],"product_tag":[],"class_list":{"0":"post-32039","1":"product","2":"type-product","3":"status-publish","4":"has-post-thumbnail","6":"product_cat-ultrasons","7":"product_cat-mesureurs-epaisseur","9":"first","10":"instock","11":"shipping-taxable","12":"purchasable","13":"product-type-variable"},"yoast_head":"<!-- This site is optimized with the Yoast SEO plugin v23.9 - https:\/\/yoast.com\/wordpress\/plugins\/seo\/ -->\n<title>Jauge d&#039;\u00e9paisseur Sonatest T-Gage V-Series &#060; Qualit\u00e9 NDE<\/title>\n<meta name=\"description\" content=\"La s\u00e9rie T-Gage V de jauges d&#039;\u00e9paisseur de Sonatest offre des solutions d&#039;inspection capables de g\u00e9rer presque tous les types de conditions industrielles.\" \/>\n<meta name=\"robots\" content=\"index, follow, max-snippet:-1, max-image-preview:large, max-video-preview:-1\" \/>\n<link rel=\"canonical\" href=\"https:\/\/www.qnde.ca\/fr\/produit\/jauge-depaisseur-sonatest-t-gage-v-series\/\" \/>\n<meta name=\"twitter:label1\" content=\"Dur\u00e9e de lecture estim\u00e9e\" \/>\n\t<meta name=\"twitter:data1\" content=\"2 minutes\" \/>\n<script type=\"application\/ld+json\" class=\"yoast-schema-graph\">{\"@context\":\"https:\/\/schema.org\",\"@graph\":[{\"@type\":[\"WebPage\",\"ItemPage\"],\"@id\":\"https:\/\/www.qnde.ca\/fr\/produit\/jauge-depaisseur-sonatest-t-gage-v-series\/\",\"url\":\"https:\/\/www.qnde.ca\/fr\/produit\/jauge-depaisseur-sonatest-t-gage-v-series\/\",\"name\":\"Jauge d'\u00e9paisseur Sonatest T-Gage V-Series &#060; Qualit\u00e9 NDE\",\"isPartOf\":{\"@id\":\"https:\/\/www.qnde.ca\/#website\"},\"primaryImageOfPage\":{\"@id\":\"https:\/\/www.qnde.ca\/fr\/produit\/jauge-depaisseur-sonatest-t-gage-v-series\/#primaryimage\"},\"image\":{\"@id\":\"https:\/\/www.qnde.ca\/fr\/produit\/jauge-depaisseur-sonatest-t-gage-v-series\/#primaryimage\"},\"thumbnailUrl\":\"https:\/\/www.qnde.ca\/wp-content\/uploads\/2023\/05\/Sonatest-T-Gage-V-Series.jpg\",\"datePublished\":\"2023-05-31T22:26:15+00:00\",\"dateModified\":\"2025-11-25T19:15:01+00:00\",\"description\":\"La s\u00e9rie T-Gage V de jauges d'\u00e9paisseur de Sonatest offre des solutions d'inspection capables de g\u00e9rer presque tous les types de conditions industrielles.\",\"breadcrumb\":{\"@id\":\"https:\/\/www.qnde.ca\/fr\/produit\/jauge-depaisseur-sonatest-t-gage-v-series\/#breadcrumb\"},\"inLanguage\":\"fr-FR\",\"potentialAction\":[{\"@type\":\"ReadAction\",\"target\":[\"https:\/\/www.qnde.ca\/fr\/produit\/jauge-depaisseur-sonatest-t-gage-v-series\/\"]}]},{\"@type\":\"ImageObject\",\"inLanguage\":\"fr-FR\",\"@id\":\"https:\/\/www.qnde.ca\/fr\/produit\/jauge-depaisseur-sonatest-t-gage-v-series\/#primaryimage\",\"url\":\"https:\/\/www.qnde.ca\/wp-content\/uploads\/2023\/05\/Sonatest-T-Gage-V-Series.jpg\",\"contentUrl\":\"https:\/\/www.qnde.ca\/wp-content\/uploads\/2023\/05\/Sonatest-T-Gage-V-Series.jpg\",\"width\":350,\"height\":232,\"caption\":\"Jauge d\u2019\u00e9paisseur \u00e9lectronique portable jaune pr\u00e9sent\u00e9e sur un fond blanc \u00e9pur\u00e9.\"},{\"@type\":\"BreadcrumbList\",\"@id\":\"https:\/\/www.qnde.ca\/fr\/produit\/jauge-depaisseur-sonatest-t-gage-v-series\/#breadcrumb\",\"itemListElement\":[{\"@type\":\"ListItem\",\"position\":1,\"name\":\"Accueil\",\"item\":\"https:\/\/www.qnde.ca\/fr\/\"},{\"@type\":\"ListItem\",\"position\":2,\"name\":\"Produits\",\"item\":\"https:\/\/www.qnde.ca\/fr\/produits\/\"},{\"@type\":\"ListItem\",\"position\":3,\"name\":\"Ultrasons\",\"item\":\"https:\/\/www.qnde.ca\/fr\/product-category\/ultrasons\/\"},{\"@type\":\"ListItem\",\"position\":4,\"name\":\"Mesureurs d\u2019\u00c9paisseur\",\"item\":\"https:\/\/www.qnde.ca\/fr\/product-category\/ultrasons\/mesureurs-epaisseur\/\"},{\"@type\":\"ListItem\",\"position\":5,\"name\":\"Jauge d&#8217;\u00e9paisseur Sonatest T-Gage V-Series\"}]},{\"@type\":\"WebSite\",\"@id\":\"https:\/\/www.qnde.ca\/#website\",\"url\":\"https:\/\/www.qnde.ca\/\",\"name\":\"Qualit\u00e9 NDE\",\"description\":\"\u00c9quipements d&#039;essais non destructifs \",\"publisher\":{\"@id\":\"https:\/\/www.qnde.ca\/#organization\"},\"potentialAction\":[{\"@type\":\"SearchAction\",\"target\":{\"@type\":\"EntryPoint\",\"urlTemplate\":\"https:\/\/www.qnde.ca\/?s={search_term_string}\"},\"query-input\":{\"@type\":\"PropertyValueSpecification\",\"valueRequired\":true,\"valueName\":\"search_term_string\"}}],\"inLanguage\":\"fr-FR\"},{\"@type\":\"Organization\",\"@id\":\"https:\/\/www.qnde.ca\/#organization\",\"name\":\"Quality NDT Ltd.\",\"url\":\"https:\/\/www.qnde.ca\/\",\"logo\":{\"@type\":\"ImageObject\",\"inLanguage\":\"fr-FR\",\"@id\":\"https:\/\/www.qnde.ca\/#\/schema\/logo\/image\/\",\"url\":\"https:\/\/www.qnde.ca\/wp-content\/uploads\/2022\/02\/QNDE_logo_RGB-gif.gif\",\"contentUrl\":\"https:\/\/www.qnde.ca\/wp-content\/uploads\/2022\/02\/QNDE_logo_RGB-gif.gif\",\"width\":250,\"height\":64,\"caption\":\"Quality NDT Ltd.\"},\"image\":{\"@id\":\"https:\/\/www.qnde.ca\/#\/schema\/logo\/image\/\"},\"sameAs\":[\"https:\/\/www.linkedin.com\/company\/qnde\/about\/?viewAsMember=true\"]}]}<\/script>\n<!-- \/ Yoast SEO plugin. -->","yoast_head_json":{"title":"Jauge d'\u00e9paisseur Sonatest T-Gage V-Series &#060; Qualit\u00e9 NDE","description":"La s\u00e9rie T-Gage V de jauges d'\u00e9paisseur de Sonatest offre des solutions d'inspection capables de g\u00e9rer presque tous les types de conditions industrielles.","robots":{"index":"index","follow":"follow","max-snippet":"max-snippet:-1","max-image-preview":"max-image-preview:large","max-video-preview":"max-video-preview:-1"},"canonical":"https:\/\/www.qnde.ca\/fr\/produit\/jauge-depaisseur-sonatest-t-gage-v-series\/","twitter_misc":{"Dur\u00e9e de lecture estim\u00e9e":"2 minutes"},"schema":{"@context":"https:\/\/schema.org","@graph":[{"@type":["WebPage","ItemPage"],"@id":"https:\/\/www.qnde.ca\/fr\/produit\/jauge-depaisseur-sonatest-t-gage-v-series\/","url":"https:\/\/www.qnde.ca\/fr\/produit\/jauge-depaisseur-sonatest-t-gage-v-series\/","name":"Jauge d'\u00e9paisseur Sonatest T-Gage V-Series &#060; Qualit\u00e9 NDE","isPartOf":{"@id":"https:\/\/www.qnde.ca\/#website"},"primaryImageOfPage":{"@id":"https:\/\/www.qnde.ca\/fr\/produit\/jauge-depaisseur-sonatest-t-gage-v-series\/#primaryimage"},"image":{"@id":"https:\/\/www.qnde.ca\/fr\/produit\/jauge-depaisseur-sonatest-t-gage-v-series\/#primaryimage"},"thumbnailUrl":"https:\/\/www.qnde.ca\/wp-content\/uploads\/2023\/05\/Sonatest-T-Gage-V-Series.jpg","datePublished":"2023-05-31T22:26:15+00:00","dateModified":"2025-11-25T19:15:01+00:00","description":"La s\u00e9rie T-Gage V de jauges d'\u00e9paisseur de Sonatest offre des solutions d'inspection capables de g\u00e9rer presque tous les types de conditions industrielles.","breadcrumb":{"@id":"https:\/\/www.qnde.ca\/fr\/produit\/jauge-depaisseur-sonatest-t-gage-v-series\/#breadcrumb"},"inLanguage":"fr-FR","potentialAction":[{"@type":"ReadAction","target":["https:\/\/www.qnde.ca\/fr\/produit\/jauge-depaisseur-sonatest-t-gage-v-series\/"]}]},{"@type":"ImageObject","inLanguage":"fr-FR","@id":"https:\/\/www.qnde.ca\/fr\/produit\/jauge-depaisseur-sonatest-t-gage-v-series\/#primaryimage","url":"https:\/\/www.qnde.ca\/wp-content\/uploads\/2023\/05\/Sonatest-T-Gage-V-Series.jpg","contentUrl":"https:\/\/www.qnde.ca\/wp-content\/uploads\/2023\/05\/Sonatest-T-Gage-V-Series.jpg","width":350,"height":232,"caption":"Jauge d\u2019\u00e9paisseur \u00e9lectronique portable jaune pr\u00e9sent\u00e9e sur un fond blanc \u00e9pur\u00e9."},{"@type":"BreadcrumbList","@id":"https:\/\/www.qnde.ca\/fr\/produit\/jauge-depaisseur-sonatest-t-gage-v-series\/#breadcrumb","itemListElement":[{"@type":"ListItem","position":1,"name":"Accueil","item":"https:\/\/www.qnde.ca\/fr\/"},{"@type":"ListItem","position":2,"name":"Produits","item":"https:\/\/www.qnde.ca\/fr\/produits\/"},{"@type":"ListItem","position":3,"name":"Ultrasons","item":"https:\/\/www.qnde.ca\/fr\/product-category\/ultrasons\/"},{"@type":"ListItem","position":4,"name":"Mesureurs d\u2019\u00c9paisseur","item":"https:\/\/www.qnde.ca\/fr\/product-category\/ultrasons\/mesureurs-epaisseur\/"},{"@type":"ListItem","position":5,"name":"Jauge d&#8217;\u00e9paisseur Sonatest T-Gage V-Series"}]},{"@type":"WebSite","@id":"https:\/\/www.qnde.ca\/#website","url":"https:\/\/www.qnde.ca\/","name":"Qualit\u00e9 NDE","description":"\u00c9quipements d&#039;essais non destructifs ","publisher":{"@id":"https:\/\/www.qnde.ca\/#organization"},"potentialAction":[{"@type":"SearchAction","target":{"@type":"EntryPoint","urlTemplate":"https:\/\/www.qnde.ca\/?s={search_term_string}"},"query-input":{"@type":"PropertyValueSpecification","valueRequired":true,"valueName":"search_term_string"}}],"inLanguage":"fr-FR"},{"@type":"Organization","@id":"https:\/\/www.qnde.ca\/#organization","name":"Quality NDT Ltd.","url":"https:\/\/www.qnde.ca\/","logo":{"@type":"ImageObject","inLanguage":"fr-FR","@id":"https:\/\/www.qnde.ca\/#\/schema\/logo\/image\/","url":"https:\/\/www.qnde.ca\/wp-content\/uploads\/2022\/02\/QNDE_logo_RGB-gif.gif","contentUrl":"https:\/\/www.qnde.ca\/wp-content\/uploads\/2022\/02\/QNDE_logo_RGB-gif.gif","width":250,"height":64,"caption":"Quality NDT Ltd."},"image":{"@id":"https:\/\/www.qnde.ca\/#\/schema\/logo\/image\/"},"sameAs":["https:\/\/www.linkedin.com\/company\/qnde\/about\/?viewAsMember=true"]}]}},"jetpack_sharing_enabled":true,"_links":{"self":[{"href":"https:\/\/www.qnde.ca\/fr\/wp-json\/wp\/v2\/product\/32039","targetHints":{"allow":["GET"]}}],"collection":[{"href":"https:\/\/www.qnde.ca\/fr\/wp-json\/wp\/v2\/product"}],"about":[{"href":"https:\/\/www.qnde.ca\/fr\/wp-json\/wp\/v2\/types\/product"}],"wp:featuredmedia":[{"embeddable":true,"href":"https:\/\/www.qnde.ca\/fr\/wp-json\/wp\/v2\/media\/32036"}],"wp:attachment":[{"href":"https:\/\/www.qnde.ca\/fr\/wp-json\/wp\/v2\/media?parent=32039"}],"wp:term":[{"taxonomy":"product_brand","embeddable":true,"href":"https:\/\/www.qnde.ca\/fr\/wp-json\/wp\/v2\/product_brand?post=32039"},{"taxonomy":"product_cat","embeddable":true,"href":"https:\/\/www.qnde.ca\/fr\/wp-json\/wp\/v2\/product_cat?post=32039"},{"taxonomy":"product_tag","embeddable":true,"href":"https:\/\/www.qnde.ca\/fr\/wp-json\/wp\/v2\/product_tag?post=32039"}],"curies":[{"name":"wp","href":"https:\/\/api.w.org\/{rel}","templated":true}]}}