{"id":32033,"date":"2023-05-30T19:55:58","date_gmt":"2023-05-30T23:55:58","guid":{"rendered":"https:\/\/www.qnde.ca\/produit\/jauge-depaisseur-sonatest-sonagage-iv\/"},"modified":"2025-08-19T16:10:51","modified_gmt":"2025-08-19T20:10:51","slug":"jauge-depaisseur-sonatest-sonagage-iv","status":"publish","type":"product","link":"https:\/\/www.qnde.ca\/fr\/produit\/jauge-depaisseur-sonatest-sonagage-iv\/","title":{"rendered":"Jauge d&rsquo;\u00e9paisseur Sonatest Sonagage IV"},"content":{"rendered":"<h3><strong>Jauge d&rsquo;\u00e9paisseur Sonatest Sonagage IV<\/strong><\/h3>\n<p>Le Sonagage IV est utile pour tester r\u00e9guli\u00e8rement une vari\u00e9t\u00e9 de mat\u00e9riaux. Ceci est facilit\u00e9 par les 8 vitesses de mat\u00e9riaux courants (aluminium, acier, acier inoxydable, fonte, plexiglas, PVC, polystyr\u00e8ne, polyur\u00e9thane) et 2 vitesses qui peuvent \u00eatre d\u00e9finies par l&rsquo;utilisateur \u00e0 l&rsquo;aide du logiciel simple.<\/p>\n<p>Avec une plage de mesure de 0,20 mm \u00e0 508 mm (0,008&Prime; \u00e0 20&Prime;), le Sonagage IV class\u00e9 IP54 est une unit\u00e9 petite et l\u00e9g\u00e8re pesant seulement 8 oz et mesurant seulement 76,2 mm x 127 mm x 31,8 mm (3&Prime; x 5&Prime; x 1.25&Prime;). Avec une temp\u00e9rature de fonctionnement de -20 \u00b0C \u00e0 50 \u00b0C (-4 \u00b0F \u00e0 122 \u00b0F) et une autonomie de 50 heures, cet appareil peut \u00eatre utilis\u00e9 dans presque tous les environnements ext\u00e9rieurs.<\/p>\n<p>Le kit standard comprend : jauge d&rsquo;\u00e9paisseur UT, double cristal DKS-537 5 MHz 0,37&Prime;\/9,52 mm de diam\u00e8tre. sonde enrob\u00e9e, c\u00e2ble, couplant, 2 piles alcalines AA, \u00e9cran graphique LCD monochrome 128 x 64, mallette de transport en plastique, manuel d&rsquo;utilisation et garantie d&rsquo;un an.<\/p>\n","protected":false},"excerpt":{"rendered":"<p>Jauge d&rsquo;\u00e9paisseur Sonatest Sonagage IV Le Sonagage IV est utile pour tester r\u00e9guli\u00e8rement une vari\u00e9t\u00e9 de mat\u00e9riaux. Ceci est facilit\u00e9 par les 8 vitesses de mat\u00e9riaux courants (aluminium, acier, acier inoxydable, fonte, plexiglas, PVC, polystyr\u00e8ne, polyur\u00e9thane) et 2 vitesses qui peuvent \u00eatre d\u00e9finies par l&rsquo;utilisateur \u00e0 l&rsquo;aide du logiciel simple. Avec une plage de mesure [&hellip;]<\/p>\n","protected":false},"featured_media":32032,"template":"","meta":{"_monsterinsights_skip_tracking":false,"_monsterinsights_sitenote_active":false,"_monsterinsights_sitenote_note":"","_monsterinsights_sitenote_category":0},"product_brand":[],"product_cat":[124,126],"product_tag":[],"class_list":{"0":"post-32033","1":"product","2":"type-product","3":"status-publish","4":"has-post-thumbnail","6":"product_cat-ultrasons","7":"product_cat-mesureurs-epaisseur","9":"first","10":"instock","11":"shipping-taxable","12":"product-type-simple"},"yoast_head":"<!-- This site is optimized with the Yoast SEO plugin v23.9 - https:\/\/yoast.com\/wordpress\/plugins\/seo\/ -->\n<title>Jauge d&#039;\u00e9paisseur Sonatest Sonagage IV &#060; Qualit\u00e9 NDE<\/title>\n<meta name=\"description\" content=\"Sonagage IV : jauge d&#039;\u00e9paisseur UT portable, 0,20 \u00e0 508 mm, 8 vitesses pr\u00e9r\u00e9gl\u00e9es, IP54, 50h d\u2019autonomie, id\u00e9ale pour m\u00e9taux et plastiques.\" \/>\n<meta name=\"robots\" content=\"index, follow, max-snippet:-1, max-image-preview:large, max-video-preview:-1\" \/>\n<link rel=\"canonical\" href=\"https:\/\/www.qnde.ca\/fr\/produit\/jauge-depaisseur-sonatest-sonagage-iv\/\" \/>\n<meta name=\"twitter:label1\" content=\"Dur\u00e9e de lecture estim\u00e9e\" \/>\n\t<meta name=\"twitter:data1\" content=\"1 minute\" \/>\n<script type=\"application\/ld+json\" class=\"yoast-schema-graph\">{\"@context\":\"https:\/\/schema.org\",\"@graph\":[{\"@type\":[\"WebPage\",\"ItemPage\"],\"@id\":\"https:\/\/www.qnde.ca\/fr\/produit\/jauge-depaisseur-sonatest-sonagage-iv\/\",\"url\":\"https:\/\/www.qnde.ca\/fr\/produit\/jauge-depaisseur-sonatest-sonagage-iv\/\",\"name\":\"Jauge d'\u00e9paisseur Sonatest Sonagage IV &#060; Qualit\u00e9 NDE\",\"isPartOf\":{\"@id\":\"https:\/\/www.qnde.ca\/#website\"},\"primaryImageOfPage\":{\"@id\":\"https:\/\/www.qnde.ca\/fr\/produit\/jauge-depaisseur-sonatest-sonagage-iv\/#primaryimage\"},\"image\":{\"@id\":\"https:\/\/www.qnde.ca\/fr\/produit\/jauge-depaisseur-sonatest-sonagage-iv\/#primaryimage\"},\"thumbnailUrl\":\"https:\/\/www.qnde.ca\/wp-content\/uploads\/2023\/05\/Sonatest-Sonagage-IV.jpg\",\"datePublished\":\"2023-05-30T23:55:58+00:00\",\"dateModified\":\"2025-08-19T20:10:51+00:00\",\"description\":\"Sonagage IV : jauge d'\u00e9paisseur UT portable, 0,20 \u00e0 508 mm, 8 vitesses pr\u00e9r\u00e9gl\u00e9es, IP54, 50h d\u2019autonomie, id\u00e9ale pour m\u00e9taux et plastiques.\",\"breadcrumb\":{\"@id\":\"https:\/\/www.qnde.ca\/fr\/produit\/jauge-depaisseur-sonatest-sonagage-iv\/#breadcrumb\"},\"inLanguage\":\"fr-FR\",\"potentialAction\":[{\"@type\":\"ReadAction\",\"target\":[\"https:\/\/www.qnde.ca\/fr\/produit\/jauge-depaisseur-sonatest-sonagage-iv\/\"]}]},{\"@type\":\"ImageObject\",\"inLanguage\":\"fr-FR\",\"@id\":\"https:\/\/www.qnde.ca\/fr\/produit\/jauge-depaisseur-sonatest-sonagage-iv\/#primaryimage\",\"url\":\"https:\/\/www.qnde.ca\/wp-content\/uploads\/2023\/05\/Sonatest-Sonagage-IV.jpg\",\"contentUrl\":\"https:\/\/www.qnde.ca\/wp-content\/uploads\/2023\/05\/Sonatest-Sonagage-IV.jpg\",\"width\":350,\"height\":232},{\"@type\":\"BreadcrumbList\",\"@id\":\"https:\/\/www.qnde.ca\/fr\/produit\/jauge-depaisseur-sonatest-sonagage-iv\/#breadcrumb\",\"itemListElement\":[{\"@type\":\"ListItem\",\"position\":1,\"name\":\"Accueil\",\"item\":\"https:\/\/www.qnde.ca\/fr\/\"},{\"@type\":\"ListItem\",\"position\":2,\"name\":\"Produits\",\"item\":\"https:\/\/www.qnde.ca\/fr\/produits\/\"},{\"@type\":\"ListItem\",\"position\":3,\"name\":\"Ultrasons\",\"item\":\"https:\/\/www.qnde.ca\/fr\/product-category\/ultrasons\/\"},{\"@type\":\"ListItem\",\"position\":4,\"name\":\"Mesureurs d\u2019\u00c9paisseur\",\"item\":\"https:\/\/www.qnde.ca\/fr\/product-category\/ultrasons\/mesureurs-epaisseur\/\"},{\"@type\":\"ListItem\",\"position\":5,\"name\":\"Jauge d&#8217;\u00e9paisseur Sonatest Sonagage IV\"}]},{\"@type\":\"WebSite\",\"@id\":\"https:\/\/www.qnde.ca\/#website\",\"url\":\"https:\/\/www.qnde.ca\/\",\"name\":\"Qualit\u00e9 NDE\",\"description\":\"\u00c9quipements d&#039;essais non destructifs \",\"publisher\":{\"@id\":\"https:\/\/www.qnde.ca\/#organization\"},\"potentialAction\":[{\"@type\":\"SearchAction\",\"target\":{\"@type\":\"EntryPoint\",\"urlTemplate\":\"https:\/\/www.qnde.ca\/?s={search_term_string}\"},\"query-input\":{\"@type\":\"PropertyValueSpecification\",\"valueRequired\":true,\"valueName\":\"search_term_string\"}}],\"inLanguage\":\"fr-FR\"},{\"@type\":\"Organization\",\"@id\":\"https:\/\/www.qnde.ca\/#organization\",\"name\":\"Quality NDT Ltd.\",\"url\":\"https:\/\/www.qnde.ca\/\",\"logo\":{\"@type\":\"ImageObject\",\"inLanguage\":\"fr-FR\",\"@id\":\"https:\/\/www.qnde.ca\/#\/schema\/logo\/image\/\",\"url\":\"https:\/\/www.qnde.ca\/wp-content\/uploads\/2022\/02\/QNDE_logo_RGB-gif.gif\",\"contentUrl\":\"https:\/\/www.qnde.ca\/wp-content\/uploads\/2022\/02\/QNDE_logo_RGB-gif.gif\",\"width\":250,\"height\":64,\"caption\":\"Quality NDT Ltd.\"},\"image\":{\"@id\":\"https:\/\/www.qnde.ca\/#\/schema\/logo\/image\/\"},\"sameAs\":[\"https:\/\/www.linkedin.com\/company\/qnde\/about\/?viewAsMember=true\"]}]}<\/script>\n<!-- \/ Yoast SEO plugin. -->","yoast_head_json":{"title":"Jauge d'\u00e9paisseur Sonatest Sonagage IV &#060; Qualit\u00e9 NDE","description":"Sonagage IV : jauge d'\u00e9paisseur UT portable, 0,20 \u00e0 508 mm, 8 vitesses pr\u00e9r\u00e9gl\u00e9es, IP54, 50h d\u2019autonomie, id\u00e9ale pour m\u00e9taux et plastiques.","robots":{"index":"index","follow":"follow","max-snippet":"max-snippet:-1","max-image-preview":"max-image-preview:large","max-video-preview":"max-video-preview:-1"},"canonical":"https:\/\/www.qnde.ca\/fr\/produit\/jauge-depaisseur-sonatest-sonagage-iv\/","twitter_misc":{"Dur\u00e9e de lecture estim\u00e9e":"1 minute"},"schema":{"@context":"https:\/\/schema.org","@graph":[{"@type":["WebPage","ItemPage"],"@id":"https:\/\/www.qnde.ca\/fr\/produit\/jauge-depaisseur-sonatest-sonagage-iv\/","url":"https:\/\/www.qnde.ca\/fr\/produit\/jauge-depaisseur-sonatest-sonagage-iv\/","name":"Jauge d'\u00e9paisseur Sonatest Sonagage IV &#060; Qualit\u00e9 NDE","isPartOf":{"@id":"https:\/\/www.qnde.ca\/#website"},"primaryImageOfPage":{"@id":"https:\/\/www.qnde.ca\/fr\/produit\/jauge-depaisseur-sonatest-sonagage-iv\/#primaryimage"},"image":{"@id":"https:\/\/www.qnde.ca\/fr\/produit\/jauge-depaisseur-sonatest-sonagage-iv\/#primaryimage"},"thumbnailUrl":"https:\/\/www.qnde.ca\/wp-content\/uploads\/2023\/05\/Sonatest-Sonagage-IV.jpg","datePublished":"2023-05-30T23:55:58+00:00","dateModified":"2025-08-19T20:10:51+00:00","description":"Sonagage IV : jauge d'\u00e9paisseur UT portable, 0,20 \u00e0 508 mm, 8 vitesses pr\u00e9r\u00e9gl\u00e9es, IP54, 50h d\u2019autonomie, id\u00e9ale pour m\u00e9taux et plastiques.","breadcrumb":{"@id":"https:\/\/www.qnde.ca\/fr\/produit\/jauge-depaisseur-sonatest-sonagage-iv\/#breadcrumb"},"inLanguage":"fr-FR","potentialAction":[{"@type":"ReadAction","target":["https:\/\/www.qnde.ca\/fr\/produit\/jauge-depaisseur-sonatest-sonagage-iv\/"]}]},{"@type":"ImageObject","inLanguage":"fr-FR","@id":"https:\/\/www.qnde.ca\/fr\/produit\/jauge-depaisseur-sonatest-sonagage-iv\/#primaryimage","url":"https:\/\/www.qnde.ca\/wp-content\/uploads\/2023\/05\/Sonatest-Sonagage-IV.jpg","contentUrl":"https:\/\/www.qnde.ca\/wp-content\/uploads\/2023\/05\/Sonatest-Sonagage-IV.jpg","width":350,"height":232},{"@type":"BreadcrumbList","@id":"https:\/\/www.qnde.ca\/fr\/produit\/jauge-depaisseur-sonatest-sonagage-iv\/#breadcrumb","itemListElement":[{"@type":"ListItem","position":1,"name":"Accueil","item":"https:\/\/www.qnde.ca\/fr\/"},{"@type":"ListItem","position":2,"name":"Produits","item":"https:\/\/www.qnde.ca\/fr\/produits\/"},{"@type":"ListItem","position":3,"name":"Ultrasons","item":"https:\/\/www.qnde.ca\/fr\/product-category\/ultrasons\/"},{"@type":"ListItem","position":4,"name":"Mesureurs d\u2019\u00c9paisseur","item":"https:\/\/www.qnde.ca\/fr\/product-category\/ultrasons\/mesureurs-epaisseur\/"},{"@type":"ListItem","position":5,"name":"Jauge d&#8217;\u00e9paisseur Sonatest Sonagage IV"}]},{"@type":"WebSite","@id":"https:\/\/www.qnde.ca\/#website","url":"https:\/\/www.qnde.ca\/","name":"Qualit\u00e9 NDE","description":"\u00c9quipements d&#039;essais non destructifs ","publisher":{"@id":"https:\/\/www.qnde.ca\/#organization"},"potentialAction":[{"@type":"SearchAction","target":{"@type":"EntryPoint","urlTemplate":"https:\/\/www.qnde.ca\/?s={search_term_string}"},"query-input":{"@type":"PropertyValueSpecification","valueRequired":true,"valueName":"search_term_string"}}],"inLanguage":"fr-FR"},{"@type":"Organization","@id":"https:\/\/www.qnde.ca\/#organization","name":"Quality NDT Ltd.","url":"https:\/\/www.qnde.ca\/","logo":{"@type":"ImageObject","inLanguage":"fr-FR","@id":"https:\/\/www.qnde.ca\/#\/schema\/logo\/image\/","url":"https:\/\/www.qnde.ca\/wp-content\/uploads\/2022\/02\/QNDE_logo_RGB-gif.gif","contentUrl":"https:\/\/www.qnde.ca\/wp-content\/uploads\/2022\/02\/QNDE_logo_RGB-gif.gif","width":250,"height":64,"caption":"Quality NDT Ltd."},"image":{"@id":"https:\/\/www.qnde.ca\/#\/schema\/logo\/image\/"},"sameAs":["https:\/\/www.linkedin.com\/company\/qnde\/about\/?viewAsMember=true"]}]}},"jetpack_sharing_enabled":true,"_links":{"self":[{"href":"https:\/\/www.qnde.ca\/fr\/wp-json\/wp\/v2\/product\/32033","targetHints":{"allow":["GET"]}}],"collection":[{"href":"https:\/\/www.qnde.ca\/fr\/wp-json\/wp\/v2\/product"}],"about":[{"href":"https:\/\/www.qnde.ca\/fr\/wp-json\/wp\/v2\/types\/product"}],"wp:featuredmedia":[{"embeddable":true,"href":"https:\/\/www.qnde.ca\/fr\/wp-json\/wp\/v2\/media\/32032"}],"wp:attachment":[{"href":"https:\/\/www.qnde.ca\/fr\/wp-json\/wp\/v2\/media?parent=32033"}],"wp:term":[{"taxonomy":"product_brand","embeddable":true,"href":"https:\/\/www.qnde.ca\/fr\/wp-json\/wp\/v2\/product_brand?post=32033"},{"taxonomy":"product_cat","embeddable":true,"href":"https:\/\/www.qnde.ca\/fr\/wp-json\/wp\/v2\/product_cat?post=32033"},{"taxonomy":"product_tag","embeddable":true,"href":"https:\/\/www.qnde.ca\/fr\/wp-json\/wp\/v2\/product_tag?post=32033"}],"curies":[{"name":"wp","href":"https:\/\/api.w.org\/{rel}","templated":true}]}}