{"id":32024,"date":"2023-05-30T18:31:42","date_gmt":"2023-05-30T22:31:42","guid":{"rendered":"https:\/\/www.qnde.ca\/produit\/sonatest-alphagage-jauge-depaisseur-de-corrosion\/"},"modified":"2025-08-19T16:02:29","modified_gmt":"2025-08-19T20:02:29","slug":"sonatest-alphagage-jauge-depaisseur-de-corrosion","status":"publish","type":"product","link":"https:\/\/www.qnde.ca\/fr\/produit\/sonatest-alphagage-jauge-depaisseur-de-corrosion\/","title":{"rendered":"Sonatest AlphaGage+ Jauge d&rsquo;\u00e9paisseur de precision\/corrosion"},"content":{"rendered":"<h3><strong>Sonatest AlphaGage+ Jauge d&rsquo;\u00e9paisseur de precision\/corrosion<\/strong><\/h3>\n<p>Cette jauge d&rsquo;\u00e9paisseur polyvalente est utilis\u00e9e pour mesurer avec pr\u00e9cision l&rsquo;\u00e9paisseur de pi\u00e8ces critiques d&rsquo;\u00e9quipements et de mat\u00e9riaux, ainsi que pour effectuer des \u00e9valuations d&rsquo;int\u00e9grit\u00e9 d&rsquo;ouvrages en acier m\u00e9talliques affect\u00e9s par la corrosion ou l&rsquo;\u00e9rosion. Il combine des ann\u00e9es de R&amp;D ultrasonique dans une conception portative robuste et ergonomique \u00e0 utiliser avec des transducteurs \u00e0 un ou deux \u00e9l\u00e9ments.<\/p>\n<p>Certifi\u00e9 IP67, cet appareil offre des fonctionnalit\u00e9s avanc\u00e9es telles que l\u2019\u00e9cho \u00e0 \u00e9cho, une autonomie de 27 heures, et un programme d\u2019interface Data XLS pour une exportation facile des lectures vers un PC. Il prend en charge une large plage d\u2019\u00e9paisseur jusqu\u2019\u00e0 20\u00a0\u00bb en acier, avec une r\u00e9solution de 0,0001\u00a0\u00bb ou 0,01 mm (1 micron), une fr\u00e9quence allant jusqu\u2019\u00e0 30 MHz, un suivi automatique du zoom, et dispose d\u2019un stockage interne de 32 Go.<\/p>\n<p>Le kit standard comprend :<\/p>\n<ul>\n<li>fonctionnalit\u00e9s Echo-to-Echo.<\/li>\n<li>carte micro SD de 2 Go.<\/li>\n<li>adaptateur secteur.<\/li>\n<li>batterie interne rechargeable L-ion 3.<\/li>\n<li>7 V.<\/li>\n<li>CD avec manuel.<\/li>\n<li>programme d&rsquo;interface Data XLS.<\/li>\n<li>certificat d&rsquo;\u00e9talonnage NIST.<\/li>\n<li>\u00e9tui de transport en plastique.<\/li>\n<\/ul>\n<p>Option\u00a0:<\/p>\n<ul>\n<li>AlphaGage+ C : mesureur d&rsquo;\u00e9paisseur de CORROSION portatif hautes performances.<\/li>\n<li>AlphaGauge+ P : jauge d&rsquo;\u00e9paisseur portable PRECISION hautes performances.<\/li>\n<li>AlphaGauge+ CP : CORROSION &amp; PRECISION portable hautes performances combine une jauge d&rsquo;\u00e9paisseur.<\/li>\n<li>Options logicielles d&rsquo;enregistrement de donn\u00e9es (DL), de forme d&rsquo;onde (W) et d&rsquo;\u00e9chelle d&rsquo;oxyde (OS) disponibles sur tous les mod\u00e8les.<\/li>\n<\/ul>\n","protected":false},"excerpt":{"rendered":"<p>Sonatest AlphaGage+ Jauge d&rsquo;\u00e9paisseur de precision\/corrosion Cette jauge d&rsquo;\u00e9paisseur polyvalente est utilis\u00e9e pour mesurer avec pr\u00e9cision l&rsquo;\u00e9paisseur de pi\u00e8ces critiques d&rsquo;\u00e9quipements et de mat\u00e9riaux, ainsi que pour effectuer des \u00e9valuations d&rsquo;int\u00e9grit\u00e9 d&rsquo;ouvrages en acier m\u00e9talliques affect\u00e9s par la corrosion ou l&rsquo;\u00e9rosion. Il combine des ann\u00e9es de R&amp;D ultrasonique dans une conception portative robuste et ergonomique [&hellip;]<\/p>\n","protected":false},"featured_media":32014,"template":"","meta":{"_monsterinsights_skip_tracking":false,"_monsterinsights_sitenote_active":false,"_monsterinsights_sitenote_note":"","_monsterinsights_sitenote_category":0},"product_brand":[],"product_cat":[124,326,126],"product_tag":[],"class_list":{"0":"post-32024","1":"product","2":"type-product","3":"status-publish","4":"has-post-thumbnail","6":"product_cat-ultrasons","7":"product_cat-mesureurs-revetements","8":"product_cat-mesureurs-epaisseur","10":"first","11":"instock","12":"shipping-taxable","13":"purchasable","14":"product-type-variable"},"yoast_head":"<!-- This site is optimized with the Yoast SEO plugin v23.9 - https:\/\/yoast.com\/wordpress\/plugins\/seo\/ -->\n<title>Sonatest AlphaGage+ Jauge d&#039;\u00e9paisseur de precision\/corrosion &#060; Qualit\u00e9 NDE<\/title>\n<meta name=\"description\" content=\"Jauge d&#039;\u00e9paisseur Sonatest AlphaGage+ pour corrosion &amp; pr\u00e9cision. Robuste, IP67, haute r\u00e9solution, stockage 32 Go, options DL\/W\/OS. Portable &amp; fiable.\" \/>\n<meta name=\"robots\" content=\"index, follow, max-snippet:-1, max-image-preview:large, max-video-preview:-1\" \/>\n<link rel=\"canonical\" href=\"https:\/\/www.qnde.ca\/fr\/produit\/sonatest-alphagage-jauge-depaisseur-de-corrosion\/\" \/>\n<meta name=\"twitter:label1\" content=\"Dur\u00e9e de lecture estim\u00e9e\" \/>\n\t<meta name=\"twitter:data1\" content=\"2 minutes\" \/>\n<script type=\"application\/ld+json\" class=\"yoast-schema-graph\">{\"@context\":\"https:\/\/schema.org\",\"@graph\":[{\"@type\":[\"WebPage\",\"ItemPage\"],\"@id\":\"https:\/\/www.qnde.ca\/fr\/produit\/sonatest-alphagage-jauge-depaisseur-de-corrosion\/\",\"url\":\"https:\/\/www.qnde.ca\/fr\/produit\/sonatest-alphagage-jauge-depaisseur-de-corrosion\/\",\"name\":\"Sonatest AlphaGage+ Jauge d'\u00e9paisseur de precision\/corrosion &#060; Qualit\u00e9 NDE\",\"isPartOf\":{\"@id\":\"https:\/\/www.qnde.ca\/#website\"},\"primaryImageOfPage\":{\"@id\":\"https:\/\/www.qnde.ca\/fr\/produit\/sonatest-alphagage-jauge-depaisseur-de-corrosion\/#primaryimage\"},\"image\":{\"@id\":\"https:\/\/www.qnde.ca\/fr\/produit\/sonatest-alphagage-jauge-depaisseur-de-corrosion\/#primaryimage\"},\"thumbnailUrl\":\"https:\/\/www.qnde.ca\/wp-content\/uploads\/2023\/05\/Sonatest-AlphaGageCorrosion-1.jpg\",\"datePublished\":\"2023-05-30T22:31:42+00:00\",\"dateModified\":\"2025-08-19T20:02:29+00:00\",\"description\":\"Jauge d'\u00e9paisseur Sonatest AlphaGage+ pour corrosion & pr\u00e9cision. Robuste, IP67, haute r\u00e9solution, stockage 32 Go, options DL\/W\/OS. Portable & fiable.\",\"breadcrumb\":{\"@id\":\"https:\/\/www.qnde.ca\/fr\/produit\/sonatest-alphagage-jauge-depaisseur-de-corrosion\/#breadcrumb\"},\"inLanguage\":\"fr-FR\",\"potentialAction\":[{\"@type\":\"ReadAction\",\"target\":[\"https:\/\/www.qnde.ca\/fr\/produit\/sonatest-alphagage-jauge-depaisseur-de-corrosion\/\"]}]},{\"@type\":\"ImageObject\",\"inLanguage\":\"fr-FR\",\"@id\":\"https:\/\/www.qnde.ca\/fr\/produit\/sonatest-alphagage-jauge-depaisseur-de-corrosion\/#primaryimage\",\"url\":\"https:\/\/www.qnde.ca\/wp-content\/uploads\/2023\/05\/Sonatest-AlphaGageCorrosion-1.jpg\",\"contentUrl\":\"https:\/\/www.qnde.ca\/wp-content\/uploads\/2023\/05\/Sonatest-AlphaGageCorrosion-1.jpg\",\"width\":336,\"height\":240},{\"@type\":\"BreadcrumbList\",\"@id\":\"https:\/\/www.qnde.ca\/fr\/produit\/sonatest-alphagage-jauge-depaisseur-de-corrosion\/#breadcrumb\",\"itemListElement\":[{\"@type\":\"ListItem\",\"position\":1,\"name\":\"Accueil\",\"item\":\"https:\/\/www.qnde.ca\/fr\/\"},{\"@type\":\"ListItem\",\"position\":2,\"name\":\"Produits\",\"item\":\"https:\/\/www.qnde.ca\/fr\/produits\/\"},{\"@type\":\"ListItem\",\"position\":3,\"name\":\"Ultrasons\",\"item\":\"https:\/\/www.qnde.ca\/fr\/product-category\/ultrasons\/\"},{\"@type\":\"ListItem\",\"position\":4,\"name\":\"Mesureurs de Rev\u00eatements\",\"item\":\"https:\/\/www.qnde.ca\/fr\/product-category\/ultrasons\/mesureurs-revetements\/\"},{\"@type\":\"ListItem\",\"position\":5,\"name\":\"Sonatest AlphaGage+ Jauge d&#8217;\u00e9paisseur de precision\/corrosion\"}]},{\"@type\":\"WebSite\",\"@id\":\"https:\/\/www.qnde.ca\/#website\",\"url\":\"https:\/\/www.qnde.ca\/\",\"name\":\"Qualit\u00e9 NDE\",\"description\":\"\u00c9quipements d&#039;essais non destructifs \",\"publisher\":{\"@id\":\"https:\/\/www.qnde.ca\/#organization\"},\"potentialAction\":[{\"@type\":\"SearchAction\",\"target\":{\"@type\":\"EntryPoint\",\"urlTemplate\":\"https:\/\/www.qnde.ca\/?s={search_term_string}\"},\"query-input\":{\"@type\":\"PropertyValueSpecification\",\"valueRequired\":true,\"valueName\":\"search_term_string\"}}],\"inLanguage\":\"fr-FR\"},{\"@type\":\"Organization\",\"@id\":\"https:\/\/www.qnde.ca\/#organization\",\"name\":\"Quality NDT Ltd.\",\"url\":\"https:\/\/www.qnde.ca\/\",\"logo\":{\"@type\":\"ImageObject\",\"inLanguage\":\"fr-FR\",\"@id\":\"https:\/\/www.qnde.ca\/#\/schema\/logo\/image\/\",\"url\":\"https:\/\/www.qnde.ca\/wp-content\/uploads\/2022\/02\/QNDE_logo_RGB-gif.gif\",\"contentUrl\":\"https:\/\/www.qnde.ca\/wp-content\/uploads\/2022\/02\/QNDE_logo_RGB-gif.gif\",\"width\":250,\"height\":64,\"caption\":\"Quality NDT Ltd.\"},\"image\":{\"@id\":\"https:\/\/www.qnde.ca\/#\/schema\/logo\/image\/\"},\"sameAs\":[\"https:\/\/www.linkedin.com\/company\/qnde\/about\/?viewAsMember=true\"]}]}<\/script>\n<!-- \/ Yoast SEO plugin. -->","yoast_head_json":{"title":"Sonatest AlphaGage+ Jauge d'\u00e9paisseur de precision\/corrosion &#060; Qualit\u00e9 NDE","description":"Jauge d'\u00e9paisseur Sonatest AlphaGage+ pour corrosion & pr\u00e9cision. Robuste, IP67, haute r\u00e9solution, stockage 32 Go, options DL\/W\/OS. Portable & fiable.","robots":{"index":"index","follow":"follow","max-snippet":"max-snippet:-1","max-image-preview":"max-image-preview:large","max-video-preview":"max-video-preview:-1"},"canonical":"https:\/\/www.qnde.ca\/fr\/produit\/sonatest-alphagage-jauge-depaisseur-de-corrosion\/","twitter_misc":{"Dur\u00e9e de lecture estim\u00e9e":"2 minutes"},"schema":{"@context":"https:\/\/schema.org","@graph":[{"@type":["WebPage","ItemPage"],"@id":"https:\/\/www.qnde.ca\/fr\/produit\/sonatest-alphagage-jauge-depaisseur-de-corrosion\/","url":"https:\/\/www.qnde.ca\/fr\/produit\/sonatest-alphagage-jauge-depaisseur-de-corrosion\/","name":"Sonatest AlphaGage+ Jauge d'\u00e9paisseur de precision\/corrosion &#060; Qualit\u00e9 NDE","isPartOf":{"@id":"https:\/\/www.qnde.ca\/#website"},"primaryImageOfPage":{"@id":"https:\/\/www.qnde.ca\/fr\/produit\/sonatest-alphagage-jauge-depaisseur-de-corrosion\/#primaryimage"},"image":{"@id":"https:\/\/www.qnde.ca\/fr\/produit\/sonatest-alphagage-jauge-depaisseur-de-corrosion\/#primaryimage"},"thumbnailUrl":"https:\/\/www.qnde.ca\/wp-content\/uploads\/2023\/05\/Sonatest-AlphaGageCorrosion-1.jpg","datePublished":"2023-05-30T22:31:42+00:00","dateModified":"2025-08-19T20:02:29+00:00","description":"Jauge d'\u00e9paisseur Sonatest AlphaGage+ pour corrosion & pr\u00e9cision. Robuste, IP67, haute r\u00e9solution, stockage 32 Go, options DL\/W\/OS. Portable & fiable.","breadcrumb":{"@id":"https:\/\/www.qnde.ca\/fr\/produit\/sonatest-alphagage-jauge-depaisseur-de-corrosion\/#breadcrumb"},"inLanguage":"fr-FR","potentialAction":[{"@type":"ReadAction","target":["https:\/\/www.qnde.ca\/fr\/produit\/sonatest-alphagage-jauge-depaisseur-de-corrosion\/"]}]},{"@type":"ImageObject","inLanguage":"fr-FR","@id":"https:\/\/www.qnde.ca\/fr\/produit\/sonatest-alphagage-jauge-depaisseur-de-corrosion\/#primaryimage","url":"https:\/\/www.qnde.ca\/wp-content\/uploads\/2023\/05\/Sonatest-AlphaGageCorrosion-1.jpg","contentUrl":"https:\/\/www.qnde.ca\/wp-content\/uploads\/2023\/05\/Sonatest-AlphaGageCorrosion-1.jpg","width":336,"height":240},{"@type":"BreadcrumbList","@id":"https:\/\/www.qnde.ca\/fr\/produit\/sonatest-alphagage-jauge-depaisseur-de-corrosion\/#breadcrumb","itemListElement":[{"@type":"ListItem","position":1,"name":"Accueil","item":"https:\/\/www.qnde.ca\/fr\/"},{"@type":"ListItem","position":2,"name":"Produits","item":"https:\/\/www.qnde.ca\/fr\/produits\/"},{"@type":"ListItem","position":3,"name":"Ultrasons","item":"https:\/\/www.qnde.ca\/fr\/product-category\/ultrasons\/"},{"@type":"ListItem","position":4,"name":"Mesureurs de Rev\u00eatements","item":"https:\/\/www.qnde.ca\/fr\/product-category\/ultrasons\/mesureurs-revetements\/"},{"@type":"ListItem","position":5,"name":"Sonatest AlphaGage+ Jauge d&#8217;\u00e9paisseur de precision\/corrosion"}]},{"@type":"WebSite","@id":"https:\/\/www.qnde.ca\/#website","url":"https:\/\/www.qnde.ca\/","name":"Qualit\u00e9 NDE","description":"\u00c9quipements d&#039;essais non destructifs ","publisher":{"@id":"https:\/\/www.qnde.ca\/#organization"},"potentialAction":[{"@type":"SearchAction","target":{"@type":"EntryPoint","urlTemplate":"https:\/\/www.qnde.ca\/?s={search_term_string}"},"query-input":{"@type":"PropertyValueSpecification","valueRequired":true,"valueName":"search_term_string"}}],"inLanguage":"fr-FR"},{"@type":"Organization","@id":"https:\/\/www.qnde.ca\/#organization","name":"Quality NDT Ltd.","url":"https:\/\/www.qnde.ca\/","logo":{"@type":"ImageObject","inLanguage":"fr-FR","@id":"https:\/\/www.qnde.ca\/#\/schema\/logo\/image\/","url":"https:\/\/www.qnde.ca\/wp-content\/uploads\/2022\/02\/QNDE_logo_RGB-gif.gif","contentUrl":"https:\/\/www.qnde.ca\/wp-content\/uploads\/2022\/02\/QNDE_logo_RGB-gif.gif","width":250,"height":64,"caption":"Quality NDT Ltd."},"image":{"@id":"https:\/\/www.qnde.ca\/#\/schema\/logo\/image\/"},"sameAs":["https:\/\/www.linkedin.com\/company\/qnde\/about\/?viewAsMember=true"]}]}},"jetpack_sharing_enabled":true,"_links":{"self":[{"href":"https:\/\/www.qnde.ca\/fr\/wp-json\/wp\/v2\/product\/32024","targetHints":{"allow":["GET"]}}],"collection":[{"href":"https:\/\/www.qnde.ca\/fr\/wp-json\/wp\/v2\/product"}],"about":[{"href":"https:\/\/www.qnde.ca\/fr\/wp-json\/wp\/v2\/types\/product"}],"wp:featuredmedia":[{"embeddable":true,"href":"https:\/\/www.qnde.ca\/fr\/wp-json\/wp\/v2\/media\/32014"}],"wp:attachment":[{"href":"https:\/\/www.qnde.ca\/fr\/wp-json\/wp\/v2\/media?parent=32024"}],"wp:term":[{"taxonomy":"product_brand","embeddable":true,"href":"https:\/\/www.qnde.ca\/fr\/wp-json\/wp\/v2\/product_brand?post=32024"},{"taxonomy":"product_cat","embeddable":true,"href":"https:\/\/www.qnde.ca\/fr\/wp-json\/wp\/v2\/product_cat?post=32024"},{"taxonomy":"product_tag","embeddable":true,"href":"https:\/\/www.qnde.ca\/fr\/wp-json\/wp\/v2\/product_tag?post=32024"}],"curies":[{"name":"wp","href":"https:\/\/api.w.org\/{rel}","templated":true}]}}