{"id":31789,"date":"2023-03-30T15:42:52","date_gmt":"2023-03-30T19:42:52","guid":{"rendered":"https:\/\/www.qnde.ca\/produit\/x-ris-dxbox-cabinet-inspection\/"},"modified":"2025-11-11T13:56:31","modified_gmt":"2025-11-11T18:56:31","slug":"x-ris-dxbox-cabinet-inspection","status":"publish","type":"product","link":"https:\/\/www.qnde.ca\/fr\/produit\/x-ris-dxbox-cabinet-inspection\/","title":{"rendered":"X-RIS Dxbox-200 Cabinet d&rsquo;inspection \u00e0 Rayons X"},"content":{"rendered":"<h3><strong>X-RIS Dxbox-200 Cabinet d&rsquo;inspection \u00e0 Rayons X<\/strong><\/h3>\n<p>Ce cabinet \u00e0 rayons X est parfait pour une radiographie rapide ou pour du travail de routine. La Dxbox-200 est blind\u00e9e jusqu&rsquo;\u00e0 200kV et est compatible avec de nombreux syst\u00e8mes \u00e0 rayons X portables et fixes. Sa porte magn\u00e9tique avec interlock rencontre les r\u00e8gles de s\u00e9curit\u00e9. Ses roues de grand diam\u00e8tre permettent de le d\u00e9placer o\u00f9 vous voulez dans votre \u00e9tablissement sans tracas.<\/p>\n<p>Le syst\u00e8me complet est conforme aux r\u00e9glements nord-am\u00e9ricaines et internationaux (USA CFR-21, Sant\u00e9 Canada RED Act et CODE 34\u00a0; et IEC 61010-2-091 r\u00e8glements).<\/p>\n<p>Contactez-nous pour discuter de votre application, de vos exigences, des options disponibles et\/ou recevoir une soumission. X-RIS est ouvert \u00e0 discuter du d\u00e9veloppement de nouveaux outils logiciels pour vos besoins sp\u00e9cifiques.<\/p>\n<p>Option:<\/p>\n<p>Syst\u00e8me \u00e0 rayons X:<\/p>\n<ul>\n<li>\u00b5GXC-150: micro-focus X-ray system (10W @7\u00b5m, 30W @30\u00b5m, 75W @50\u00b5m (IEC 336)), 40 to 150kV, 0.01 to 0.5mA.<\/li>\n<li>\u00b5GXC-200: micro-focus X-ray system (150W @200\u00b5m, 500W @800\u00b5m (IEC 336)), 80 to 200kV, 0.2 to 6.0mA.<\/li>\n<li>GemX-150: 50-150kV, 0.1 to 2.0mA, 150W, 200\u00b5m focal spot.<\/li>\n<li>GemX-160: 50-160kV, 0.1 to 2.0mA, 160W, 500&#215;700\u00b5m focal spot.<\/li>\n<li>GemX-200: 50-200kV, 0.1 to 2.0mA, 200W, 500&#215;700\u00b5m focal spot.<\/li>\n<\/ul>\n<p>Panneau DDA:<\/p>\n<ul>\n<li>Dereo UP 2530: surface d\u2019imagerie de 25\u00a0x\u00a030cm, 100\u00a0\u00b5m, 16bit.<\/li>\n<li>Dereo UP 3643: surface d\u2019imagerie de 36\u00a0x\u00a043cm, 100\u00a0\u00b5m, 16bit.<\/li>\n<li>Dereo HE 1723: surface d\u2019imagerie de 17\u00a0x\u00a023cm, 75\u00a0\u00b5m, 16bit.<\/li>\n<li>Dereo HE 3643: surface d\u2019imagerie de 36\u00a0x\u00a043cm, 140\u00a0\u00b5m, 16bit.<\/li>\n<li>Dereo RAD 2532: surface d\u2019imagerie de 25x32cm, 124\u00b5m, 16bit (fix\u00e9 dans l&rsquo;armoire).<\/li>\n<li>Dereo RAD 4343: surface active de 43x43cm, 139\u00b5m, 16bit (fix\u00e9 dans l&rsquo;armoire).<\/li>\n<\/ul>\n","protected":false},"excerpt":{"rendered":"<p>X-RIS Dxbox-200 Cabinet d&rsquo;inspection \u00e0 Rayons X Ce cabinet \u00e0 rayons X est parfait pour une radiographie rapide ou pour du travail de routine. La Dxbox-200 est blind\u00e9e jusqu&rsquo;\u00e0 200kV et est compatible avec de nombreux syst\u00e8mes \u00e0 rayons X portables et fixes. Sa porte magn\u00e9tique avec interlock rencontre les r\u00e8gles de s\u00e9curit\u00e9. Ses roues [&hellip;]<\/p>\n","protected":false},"featured_media":31532,"template":"","meta":{"_monsterinsights_skip_tracking":false,"_monsterinsights_sitenote_active":false,"_monsterinsights_sitenote_note":"","_monsterinsights_sitenote_category":0},"product_brand":[],"product_cat":[606,138,320,365],"product_tag":[],"class_list":{"0":"post-31789","1":"product","2":"type-product","3":"status-publish","4":"has-post-thumbnail","6":"product_cat-x-ris-fr","7":"product_cat-radiographie","8":"product_cat-cabinets-chambre-portes-rayons-x","9":"product_cat-systeme-rayons-x","11":"first","12":"instock","13":"shipping-taxable","14":"purchasable","15":"product-type-variable"},"yoast_head":"<!-- This site is optimized with the Yoast SEO plugin v23.9 - https:\/\/yoast.com\/wordpress\/plugins\/seo\/ -->\n<title>X-RIS Dxbox-200 Cabinet d&#039;inspection \u00e0 Rayons X &#060; Qualit\u00e9 NDE<\/title>\n<meta name=\"description\" content=\"X-RIS Dxbox-200, cabinet rayons X mobile blind\u00e9 jusqu\u2019\u00e0 200kV, s\u00e9curis\u00e9 et conforme aux normes. Id\u00e9al pour inspections rapides et applications de routine.\" \/>\n<meta name=\"robots\" content=\"index, follow, max-snippet:-1, max-image-preview:large, max-video-preview:-1\" \/>\n<link rel=\"canonical\" href=\"https:\/\/www.qnde.ca\/fr\/produit\/x-ris-dxbox-cabinet-inspection\/\" \/>\n<meta name=\"twitter:label1\" content=\"Dur\u00e9e de lecture estim\u00e9e\" \/>\n\t<meta name=\"twitter:data1\" content=\"2 minutes\" \/>\n<script type=\"application\/ld+json\" class=\"yoast-schema-graph\">{\"@context\":\"https:\/\/schema.org\",\"@graph\":[{\"@type\":[\"WebPage\",\"ItemPage\"],\"@id\":\"https:\/\/www.qnde.ca\/fr\/produit\/x-ris-dxbox-cabinet-inspection\/\",\"url\":\"https:\/\/www.qnde.ca\/fr\/produit\/x-ris-dxbox-cabinet-inspection\/\",\"name\":\"X-RIS Dxbox-200 Cabinet d'inspection \u00e0 Rayons X &#060; Qualit\u00e9 NDE\",\"isPartOf\":{\"@id\":\"https:\/\/www.qnde.ca\/#website\"},\"primaryImageOfPage\":{\"@id\":\"https:\/\/www.qnde.ca\/fr\/produit\/x-ris-dxbox-cabinet-inspection\/#primaryimage\"},\"image\":{\"@id\":\"https:\/\/www.qnde.ca\/fr\/produit\/x-ris-dxbox-cabinet-inspection\/#primaryimage\"},\"thumbnailUrl\":\"https:\/\/www.qnde.ca\/wp-content\/uploads\/2023\/03\/X-Ris-Dxbox-200-inspection-cabinet.jpg\",\"datePublished\":\"2023-03-30T19:42:52+00:00\",\"dateModified\":\"2025-11-11T18:56:31+00:00\",\"description\":\"X-RIS Dxbox-200, cabinet rayons X mobile blind\u00e9 jusqu\u2019\u00e0 200kV, s\u00e9curis\u00e9 et conforme aux normes. Id\u00e9al pour inspections rapides et applications de routine.\",\"breadcrumb\":{\"@id\":\"https:\/\/www.qnde.ca\/fr\/produit\/x-ris-dxbox-cabinet-inspection\/#breadcrumb\"},\"inLanguage\":\"fr-FR\",\"potentialAction\":[{\"@type\":\"ReadAction\",\"target\":[\"https:\/\/www.qnde.ca\/fr\/produit\/x-ris-dxbox-cabinet-inspection\/\"]}]},{\"@type\":\"ImageObject\",\"inLanguage\":\"fr-FR\",\"@id\":\"https:\/\/www.qnde.ca\/fr\/produit\/x-ris-dxbox-cabinet-inspection\/#primaryimage\",\"url\":\"https:\/\/www.qnde.ca\/wp-content\/uploads\/2023\/03\/X-Ris-Dxbox-200-inspection-cabinet.jpg\",\"contentUrl\":\"https:\/\/www.qnde.ca\/wp-content\/uploads\/2023\/03\/X-Ris-Dxbox-200-inspection-cabinet.jpg\",\"width\":480,\"height\":719,\"caption\":\"Armoire d'inspection par rayons X X-RIS Dxbox-200 avec deux \u00e9tag\u00e8res con\u00e7ues pour faciliter l'acc\u00e8s aux outils d'inspection.\"},{\"@type\":\"BreadcrumbList\",\"@id\":\"https:\/\/www.qnde.ca\/fr\/produit\/x-ris-dxbox-cabinet-inspection\/#breadcrumb\",\"itemListElement\":[{\"@type\":\"ListItem\",\"position\":1,\"name\":\"Accueil\",\"item\":\"https:\/\/www.qnde.ca\/fr\/\"},{\"@type\":\"ListItem\",\"position\":2,\"name\":\"Produits\",\"item\":\"https:\/\/www.qnde.ca\/fr\/produits\/\"},{\"@type\":\"ListItem\",\"position\":3,\"name\":\"Marques\",\"item\":\"https:\/\/www.qnde.ca\/fr\/product-category\/marques\/\"},{\"@type\":\"ListItem\",\"position\":4,\"name\":\"X-RIS\",\"item\":\"https:\/\/www.qnde.ca\/fr\/product-category\/marques\/x-ris-fr\/\"},{\"@type\":\"ListItem\",\"position\":5,\"name\":\"X-RIS Dxbox-200 Cabinet d&#8217;inspection \u00e0 Rayons X\"}]},{\"@type\":\"WebSite\",\"@id\":\"https:\/\/www.qnde.ca\/#website\",\"url\":\"https:\/\/www.qnde.ca\/\",\"name\":\"Qualit\u00e9 NDE\",\"description\":\"\u00c9quipements d&#039;essais non destructifs \",\"publisher\":{\"@id\":\"https:\/\/www.qnde.ca\/#organization\"},\"potentialAction\":[{\"@type\":\"SearchAction\",\"target\":{\"@type\":\"EntryPoint\",\"urlTemplate\":\"https:\/\/www.qnde.ca\/?s={search_term_string}\"},\"query-input\":{\"@type\":\"PropertyValueSpecification\",\"valueRequired\":true,\"valueName\":\"search_term_string\"}}],\"inLanguage\":\"fr-FR\"},{\"@type\":\"Organization\",\"@id\":\"https:\/\/www.qnde.ca\/#organization\",\"name\":\"Quality NDT Ltd.\",\"url\":\"https:\/\/www.qnde.ca\/\",\"logo\":{\"@type\":\"ImageObject\",\"inLanguage\":\"fr-FR\",\"@id\":\"https:\/\/www.qnde.ca\/#\/schema\/logo\/image\/\",\"url\":\"https:\/\/www.qnde.ca\/wp-content\/uploads\/2022\/02\/QNDE_logo_RGB-gif.gif\",\"contentUrl\":\"https:\/\/www.qnde.ca\/wp-content\/uploads\/2022\/02\/QNDE_logo_RGB-gif.gif\",\"width\":250,\"height\":64,\"caption\":\"Quality NDT Ltd.\"},\"image\":{\"@id\":\"https:\/\/www.qnde.ca\/#\/schema\/logo\/image\/\"},\"sameAs\":[\"https:\/\/www.linkedin.com\/company\/qnde\/about\/?viewAsMember=true\"]}]}<\/script>\n<!-- \/ Yoast SEO plugin. -->","yoast_head_json":{"title":"X-RIS Dxbox-200 Cabinet d'inspection \u00e0 Rayons X &#060; Qualit\u00e9 NDE","description":"X-RIS Dxbox-200, cabinet rayons X mobile blind\u00e9 jusqu\u2019\u00e0 200kV, s\u00e9curis\u00e9 et conforme aux normes. Id\u00e9al pour inspections rapides et applications de routine.","robots":{"index":"index","follow":"follow","max-snippet":"max-snippet:-1","max-image-preview":"max-image-preview:large","max-video-preview":"max-video-preview:-1"},"canonical":"https:\/\/www.qnde.ca\/fr\/produit\/x-ris-dxbox-cabinet-inspection\/","twitter_misc":{"Dur\u00e9e de lecture estim\u00e9e":"2 minutes"},"schema":{"@context":"https:\/\/schema.org","@graph":[{"@type":["WebPage","ItemPage"],"@id":"https:\/\/www.qnde.ca\/fr\/produit\/x-ris-dxbox-cabinet-inspection\/","url":"https:\/\/www.qnde.ca\/fr\/produit\/x-ris-dxbox-cabinet-inspection\/","name":"X-RIS Dxbox-200 Cabinet d'inspection \u00e0 Rayons X &#060; Qualit\u00e9 NDE","isPartOf":{"@id":"https:\/\/www.qnde.ca\/#website"},"primaryImageOfPage":{"@id":"https:\/\/www.qnde.ca\/fr\/produit\/x-ris-dxbox-cabinet-inspection\/#primaryimage"},"image":{"@id":"https:\/\/www.qnde.ca\/fr\/produit\/x-ris-dxbox-cabinet-inspection\/#primaryimage"},"thumbnailUrl":"https:\/\/www.qnde.ca\/wp-content\/uploads\/2023\/03\/X-Ris-Dxbox-200-inspection-cabinet.jpg","datePublished":"2023-03-30T19:42:52+00:00","dateModified":"2025-11-11T18:56:31+00:00","description":"X-RIS Dxbox-200, cabinet rayons X mobile blind\u00e9 jusqu\u2019\u00e0 200kV, s\u00e9curis\u00e9 et conforme aux normes. Id\u00e9al pour inspections rapides et applications de routine.","breadcrumb":{"@id":"https:\/\/www.qnde.ca\/fr\/produit\/x-ris-dxbox-cabinet-inspection\/#breadcrumb"},"inLanguage":"fr-FR","potentialAction":[{"@type":"ReadAction","target":["https:\/\/www.qnde.ca\/fr\/produit\/x-ris-dxbox-cabinet-inspection\/"]}]},{"@type":"ImageObject","inLanguage":"fr-FR","@id":"https:\/\/www.qnde.ca\/fr\/produit\/x-ris-dxbox-cabinet-inspection\/#primaryimage","url":"https:\/\/www.qnde.ca\/wp-content\/uploads\/2023\/03\/X-Ris-Dxbox-200-inspection-cabinet.jpg","contentUrl":"https:\/\/www.qnde.ca\/wp-content\/uploads\/2023\/03\/X-Ris-Dxbox-200-inspection-cabinet.jpg","width":480,"height":719,"caption":"Armoire d'inspection par rayons X X-RIS Dxbox-200 avec deux \u00e9tag\u00e8res con\u00e7ues pour faciliter l'acc\u00e8s aux outils d'inspection."},{"@type":"BreadcrumbList","@id":"https:\/\/www.qnde.ca\/fr\/produit\/x-ris-dxbox-cabinet-inspection\/#breadcrumb","itemListElement":[{"@type":"ListItem","position":1,"name":"Accueil","item":"https:\/\/www.qnde.ca\/fr\/"},{"@type":"ListItem","position":2,"name":"Produits","item":"https:\/\/www.qnde.ca\/fr\/produits\/"},{"@type":"ListItem","position":3,"name":"Marques","item":"https:\/\/www.qnde.ca\/fr\/product-category\/marques\/"},{"@type":"ListItem","position":4,"name":"X-RIS","item":"https:\/\/www.qnde.ca\/fr\/product-category\/marques\/x-ris-fr\/"},{"@type":"ListItem","position":5,"name":"X-RIS Dxbox-200 Cabinet d&#8217;inspection \u00e0 Rayons X"}]},{"@type":"WebSite","@id":"https:\/\/www.qnde.ca\/#website","url":"https:\/\/www.qnde.ca\/","name":"Qualit\u00e9 NDE","description":"\u00c9quipements d&#039;essais non destructifs ","publisher":{"@id":"https:\/\/www.qnde.ca\/#organization"},"potentialAction":[{"@type":"SearchAction","target":{"@type":"EntryPoint","urlTemplate":"https:\/\/www.qnde.ca\/?s={search_term_string}"},"query-input":{"@type":"PropertyValueSpecification","valueRequired":true,"valueName":"search_term_string"}}],"inLanguage":"fr-FR"},{"@type":"Organization","@id":"https:\/\/www.qnde.ca\/#organization","name":"Quality NDT Ltd.","url":"https:\/\/www.qnde.ca\/","logo":{"@type":"ImageObject","inLanguage":"fr-FR","@id":"https:\/\/www.qnde.ca\/#\/schema\/logo\/image\/","url":"https:\/\/www.qnde.ca\/wp-content\/uploads\/2022\/02\/QNDE_logo_RGB-gif.gif","contentUrl":"https:\/\/www.qnde.ca\/wp-content\/uploads\/2022\/02\/QNDE_logo_RGB-gif.gif","width":250,"height":64,"caption":"Quality NDT Ltd."},"image":{"@id":"https:\/\/www.qnde.ca\/#\/schema\/logo\/image\/"},"sameAs":["https:\/\/www.linkedin.com\/company\/qnde\/about\/?viewAsMember=true"]}]}},"jetpack_sharing_enabled":true,"_links":{"self":[{"href":"https:\/\/www.qnde.ca\/fr\/wp-json\/wp\/v2\/product\/31789","targetHints":{"allow":["GET"]}}],"collection":[{"href":"https:\/\/www.qnde.ca\/fr\/wp-json\/wp\/v2\/product"}],"about":[{"href":"https:\/\/www.qnde.ca\/fr\/wp-json\/wp\/v2\/types\/product"}],"wp:featuredmedia":[{"embeddable":true,"href":"https:\/\/www.qnde.ca\/fr\/wp-json\/wp\/v2\/media\/31532"}],"wp:attachment":[{"href":"https:\/\/www.qnde.ca\/fr\/wp-json\/wp\/v2\/media?parent=31789"}],"wp:term":[{"taxonomy":"product_brand","embeddable":true,"href":"https:\/\/www.qnde.ca\/fr\/wp-json\/wp\/v2\/product_brand?post=31789"},{"taxonomy":"product_cat","embeddable":true,"href":"https:\/\/www.qnde.ca\/fr\/wp-json\/wp\/v2\/product_cat?post=31789"},{"taxonomy":"product_tag","embeddable":true,"href":"https:\/\/www.qnde.ca\/fr\/wp-json\/wp\/v2\/product_tag?post=31789"}],"curies":[{"name":"wp","href":"https:\/\/api.w.org\/{rel}","templated":true}]}}