{"id":31771,"date":"2023-03-30T15:07:34","date_gmt":"2023-03-30T19:07:34","guid":{"rendered":"https:\/\/www.qnde.ca\/produit\/x-ris-systeme-de-radiographie\/"},"modified":"2025-08-19T16:20:07","modified_gmt":"2025-08-19T20:20:07","slug":"x-ris-systeme-de-radiographie","status":"publish","type":"product","link":"https:\/\/www.qnde.ca\/fr\/produit\/x-ris-systeme-de-radiographie\/","title":{"rendered":"X-RIS Dxbox-C5 Syst\u00e8me de radiographie"},"content":{"rendered":"<h3>X-RIS Dxbox-C5 Syst\u00e8me de radiographie<\/h3>\n<p>Ce syst\u00e8me DR enti\u00e8rement automatis\u00e9 \u00e0 haut rendement est sp\u00e9cialement con\u00e7u pour l&rsquo;inspection de pi\u00e8ce coul\u00e9e lorsqu&rsquo;une inspection de routine \u00e0 grand volume est requise. Le DxBox-C5 est un syst\u00e8me de radiographie num\u00e9rique multi-axes enti\u00e8rement automatis\u00e9 dot\u00e9 d&rsquo;une table tournante de 70cm de diam\u00e8tre, transparente aux rayons X, pouvant supporter jusqu&rsquo;\u00e0 50kg de pi\u00e8ces. Ce cabinet permet l&rsquo;inspection de pi\u00e8ces complexes dans n&rsquo;importe quelle direction, m\u00eame \u00e0 travers la table tournante. En outre, le fait de ne pas avoir \u00e0 tourner manuellement la pi\u00e8ce ou \u00e0 utiliser de supports pour tenir la pi\u00e8ce permet un gain de temps important.<\/p>\n<p>Le logiciel Maestro permet une inspection enti\u00e8rement automatis\u00e9e bas\u00e9e sur le num\u00e9ro de la pi\u00e8ce ou la cr\u00e9ation d&rsquo;un programme d&rsquo;inspection automatis\u00e9e par le logiciel sur la base d&rsquo;images s\u00e9lectionn\u00e9es.<\/p>\n<p>Le syst\u00e8me complet est conforme aux r\u00e9glements nord-am\u00e9ricaines et internationaux (USA CFR-21, Sant\u00e9 Canada RED Act et CODE 34\u00a0; et IEC 61010-2-091 r\u00e8glements).<\/p>\n<p>Contactez-nous pour discuter de votre application, de vos exigences, des options disponibles et\/ou recevoir une soumission. X-RIS propose \u00e9galement des versions modifi\u00e9es de Dxbox-C5 sur demande.<\/p>\n<h3>Options:<\/h3>\n<p>Syst\u00e8me \u00e0 rayons X:<\/p>\n<ul>\n<li>\u00b5GXC-150: syst\u00e8me \u00e0 rayons X (10W @7\u00b5m, 30W @30\u00b5m, 75W @50\u00a0\u00b5m (CEI\u00a0336)), 40 \u00e0 150kV, 0.01 \u00e0 0.5mA.<\/li>\n<li>GXC-225: syst\u00e8me \u00e0 rayons X de 225 kV; 700W @0.4mm, 1500W @1.0mm, point focal selon EN-12543-2.<\/li>\n<li>GXC-320: syst\u00e8me \u00e0 rayons X de 320 kV; 800W @0.4mm, 1800W @1.0mm, point focal selon EN-12543-2.<\/li>\n<li>GXC-450: syst\u00e8me \u00e0 rayons X de 450 kV; 700W @0.4mm, 1200W @1.2mm selon EN-12543-2.<\/li>\n<\/ul>\n<p>&nbsp;<\/p>\n<p>Panneau DDA:<\/p>\n<ul>\n<li>Dereo RAD 2532: zone active de 25\u00a0x\u00a032\u00a0cm, pas de pixel de 124\u00a0\u00b5m, 16\u00a0bits.<\/li>\n<li>Dereo RAD 3030: zone active de 30\u00a0x\u00a030\u00a0cm, pas de pixel de 145\u00a0\u00b5m, 16\u00a0bits.<\/li>\n<li>Dereo RAD 4040: surface active de 40x40cm, pas de pixel de 200\u00b5m, 14 ou 16bit.<\/li>\n<li>Dereo RAD 4343: zone active de 43x43cm, pas de pixels de 139\u00b5m, 16bit.<\/li>\n<\/ul>\n","protected":false},"excerpt":{"rendered":"<p>X-RIS Dxbox-C5 Syst\u00e8me de radiographie Ce syst\u00e8me DR enti\u00e8rement automatis\u00e9 \u00e0 haut rendement est sp\u00e9cialement con\u00e7u pour l&rsquo;inspection de pi\u00e8ce coul\u00e9e lorsqu&rsquo;une inspection de routine \u00e0 grand volume est requise. Le DxBox-C5 est un syst\u00e8me de radiographie num\u00e9rique multi-axes enti\u00e8rement automatis\u00e9 dot\u00e9 d&rsquo;une table tournante de 70cm de diam\u00e8tre, transparente aux rayons X, pouvant supporter [&hellip;]<\/p>\n","protected":false},"featured_media":31766,"template":"","meta":{"_monsterinsights_skip_tracking":false,"_monsterinsights_sitenote_active":false,"_monsterinsights_sitenote_note":"","_monsterinsights_sitenote_category":0},"product_brand":[],"product_cat":[606,138,365,142],"product_tag":[],"class_list":{"0":"post-31771","1":"product","2":"type-product","3":"status-publish","4":"has-post-thumbnail","6":"product_cat-x-ris-fr","7":"product_cat-radiographie","8":"product_cat-systeme-rayons-x","9":"product_cat-radiologie-numerique-dr","11":"first","12":"instock","13":"shipping-taxable","14":"purchasable","15":"product-type-variable"},"yoast_head":"<!-- This site is optimized with the Yoast SEO plugin v23.9 - https:\/\/yoast.com\/wordpress\/plugins\/seo\/ -->\n<title>X-RIS Dxbox-C5 Syst\u00e8me de radiographie &#060; Qualit\u00e9 NDE<\/title>\n<meta name=\"description\" content=\"X-RIS Dxbox-C5, syst\u00e8me DR automatis\u00e9 pour pi\u00e8ces coul\u00e9es. Table tournante 70\u202fcm, 50\u202fkg, inspection multi-axes rapide. Conforme aux normes internationales.\" \/>\n<meta name=\"robots\" content=\"index, follow, max-snippet:-1, max-image-preview:large, max-video-preview:-1\" \/>\n<link rel=\"canonical\" href=\"https:\/\/www.qnde.ca\/fr\/produit\/x-ris-systeme-de-radiographie\/\" \/>\n<meta name=\"twitter:label1\" content=\"Dur\u00e9e de lecture estim\u00e9e\" \/>\n\t<meta name=\"twitter:data1\" content=\"2 minutes\" \/>\n<script type=\"application\/ld+json\" class=\"yoast-schema-graph\">{\"@context\":\"https:\/\/schema.org\",\"@graph\":[{\"@type\":[\"WebPage\",\"ItemPage\"],\"@id\":\"https:\/\/www.qnde.ca\/fr\/produit\/x-ris-systeme-de-radiographie\/\",\"url\":\"https:\/\/www.qnde.ca\/fr\/produit\/x-ris-systeme-de-radiographie\/\",\"name\":\"X-RIS Dxbox-C5 Syst\u00e8me de radiographie &#060; Qualit\u00e9 NDE\",\"isPartOf\":{\"@id\":\"https:\/\/www.qnde.ca\/#website\"},\"primaryImageOfPage\":{\"@id\":\"https:\/\/www.qnde.ca\/fr\/produit\/x-ris-systeme-de-radiographie\/#primaryimage\"},\"image\":{\"@id\":\"https:\/\/www.qnde.ca\/fr\/produit\/x-ris-systeme-de-radiographie\/#primaryimage\"},\"thumbnailUrl\":\"https:\/\/www.qnde.ca\/wp-content\/uploads\/2023\/03\/corner-closed.png\",\"datePublished\":\"2023-03-30T19:07:34+00:00\",\"dateModified\":\"2025-08-19T20:20:07+00:00\",\"description\":\"X-RIS Dxbox-C5, syst\u00e8me DR automatis\u00e9 pour pi\u00e8ces coul\u00e9es. Table tournante 70\u202fcm, 50\u202fkg, inspection multi-axes rapide. Conforme aux normes internationales.\",\"breadcrumb\":{\"@id\":\"https:\/\/www.qnde.ca\/fr\/produit\/x-ris-systeme-de-radiographie\/#breadcrumb\"},\"inLanguage\":\"fr-FR\",\"potentialAction\":[{\"@type\":\"ReadAction\",\"target\":[\"https:\/\/www.qnde.ca\/fr\/produit\/x-ris-systeme-de-radiographie\/\"]}]},{\"@type\":\"ImageObject\",\"inLanguage\":\"fr-FR\",\"@id\":\"https:\/\/www.qnde.ca\/fr\/produit\/x-ris-systeme-de-radiographie\/#primaryimage\",\"url\":\"https:\/\/www.qnde.ca\/wp-content\/uploads\/2023\/03\/corner-closed.png\",\"contentUrl\":\"https:\/\/www.qnde.ca\/wp-content\/uploads\/2023\/03\/corner-closed.png\",\"width\":2048,\"height\":1366},{\"@type\":\"BreadcrumbList\",\"@id\":\"https:\/\/www.qnde.ca\/fr\/produit\/x-ris-systeme-de-radiographie\/#breadcrumb\",\"itemListElement\":[{\"@type\":\"ListItem\",\"position\":1,\"name\":\"Accueil\",\"item\":\"https:\/\/www.qnde.ca\/fr\/\"},{\"@type\":\"ListItem\",\"position\":2,\"name\":\"Produits\",\"item\":\"https:\/\/www.qnde.ca\/fr\/produits\/\"},{\"@type\":\"ListItem\",\"position\":3,\"name\":\"Marques\",\"item\":\"https:\/\/www.qnde.ca\/fr\/product-category\/marques\/\"},{\"@type\":\"ListItem\",\"position\":4,\"name\":\"X-RIS\",\"item\":\"https:\/\/www.qnde.ca\/fr\/product-category\/marques\/x-ris-fr\/\"},{\"@type\":\"ListItem\",\"position\":5,\"name\":\"X-RIS Dxbox-C5 Syst\u00e8me de radiographie\"}]},{\"@type\":\"WebSite\",\"@id\":\"https:\/\/www.qnde.ca\/#website\",\"url\":\"https:\/\/www.qnde.ca\/\",\"name\":\"Qualit\u00e9 NDE\",\"description\":\"\u00c9quipements d&#039;essais non destructifs \",\"publisher\":{\"@id\":\"https:\/\/www.qnde.ca\/#organization\"},\"potentialAction\":[{\"@type\":\"SearchAction\",\"target\":{\"@type\":\"EntryPoint\",\"urlTemplate\":\"https:\/\/www.qnde.ca\/?s={search_term_string}\"},\"query-input\":{\"@type\":\"PropertyValueSpecification\",\"valueRequired\":true,\"valueName\":\"search_term_string\"}}],\"inLanguage\":\"fr-FR\"},{\"@type\":\"Organization\",\"@id\":\"https:\/\/www.qnde.ca\/#organization\",\"name\":\"Quality NDT Ltd.\",\"url\":\"https:\/\/www.qnde.ca\/\",\"logo\":{\"@type\":\"ImageObject\",\"inLanguage\":\"fr-FR\",\"@id\":\"https:\/\/www.qnde.ca\/#\/schema\/logo\/image\/\",\"url\":\"https:\/\/www.qnde.ca\/wp-content\/uploads\/2022\/02\/QNDE_logo_RGB-gif.gif\",\"contentUrl\":\"https:\/\/www.qnde.ca\/wp-content\/uploads\/2022\/02\/QNDE_logo_RGB-gif.gif\",\"width\":250,\"height\":64,\"caption\":\"Quality NDT Ltd.\"},\"image\":{\"@id\":\"https:\/\/www.qnde.ca\/#\/schema\/logo\/image\/\"},\"sameAs\":[\"https:\/\/www.linkedin.com\/company\/qnde\/about\/?viewAsMember=true\"]}]}<\/script>\n<!-- \/ Yoast SEO plugin. -->","yoast_head_json":{"title":"X-RIS Dxbox-C5 Syst\u00e8me de radiographie &#060; Qualit\u00e9 NDE","description":"X-RIS Dxbox-C5, syst\u00e8me DR automatis\u00e9 pour pi\u00e8ces coul\u00e9es. Table tournante 70\u202fcm, 50\u202fkg, inspection multi-axes rapide. Conforme aux normes internationales.","robots":{"index":"index","follow":"follow","max-snippet":"max-snippet:-1","max-image-preview":"max-image-preview:large","max-video-preview":"max-video-preview:-1"},"canonical":"https:\/\/www.qnde.ca\/fr\/produit\/x-ris-systeme-de-radiographie\/","twitter_misc":{"Dur\u00e9e de lecture estim\u00e9e":"2 minutes"},"schema":{"@context":"https:\/\/schema.org","@graph":[{"@type":["WebPage","ItemPage"],"@id":"https:\/\/www.qnde.ca\/fr\/produit\/x-ris-systeme-de-radiographie\/","url":"https:\/\/www.qnde.ca\/fr\/produit\/x-ris-systeme-de-radiographie\/","name":"X-RIS Dxbox-C5 Syst\u00e8me de radiographie &#060; Qualit\u00e9 NDE","isPartOf":{"@id":"https:\/\/www.qnde.ca\/#website"},"primaryImageOfPage":{"@id":"https:\/\/www.qnde.ca\/fr\/produit\/x-ris-systeme-de-radiographie\/#primaryimage"},"image":{"@id":"https:\/\/www.qnde.ca\/fr\/produit\/x-ris-systeme-de-radiographie\/#primaryimage"},"thumbnailUrl":"https:\/\/www.qnde.ca\/wp-content\/uploads\/2023\/03\/corner-closed.png","datePublished":"2023-03-30T19:07:34+00:00","dateModified":"2025-08-19T20:20:07+00:00","description":"X-RIS Dxbox-C5, syst\u00e8me DR automatis\u00e9 pour pi\u00e8ces coul\u00e9es. Table tournante 70\u202fcm, 50\u202fkg, inspection multi-axes rapide. Conforme aux normes internationales.","breadcrumb":{"@id":"https:\/\/www.qnde.ca\/fr\/produit\/x-ris-systeme-de-radiographie\/#breadcrumb"},"inLanguage":"fr-FR","potentialAction":[{"@type":"ReadAction","target":["https:\/\/www.qnde.ca\/fr\/produit\/x-ris-systeme-de-radiographie\/"]}]},{"@type":"ImageObject","inLanguage":"fr-FR","@id":"https:\/\/www.qnde.ca\/fr\/produit\/x-ris-systeme-de-radiographie\/#primaryimage","url":"https:\/\/www.qnde.ca\/wp-content\/uploads\/2023\/03\/corner-closed.png","contentUrl":"https:\/\/www.qnde.ca\/wp-content\/uploads\/2023\/03\/corner-closed.png","width":2048,"height":1366},{"@type":"BreadcrumbList","@id":"https:\/\/www.qnde.ca\/fr\/produit\/x-ris-systeme-de-radiographie\/#breadcrumb","itemListElement":[{"@type":"ListItem","position":1,"name":"Accueil","item":"https:\/\/www.qnde.ca\/fr\/"},{"@type":"ListItem","position":2,"name":"Produits","item":"https:\/\/www.qnde.ca\/fr\/produits\/"},{"@type":"ListItem","position":3,"name":"Marques","item":"https:\/\/www.qnde.ca\/fr\/product-category\/marques\/"},{"@type":"ListItem","position":4,"name":"X-RIS","item":"https:\/\/www.qnde.ca\/fr\/product-category\/marques\/x-ris-fr\/"},{"@type":"ListItem","position":5,"name":"X-RIS Dxbox-C5 Syst\u00e8me de radiographie"}]},{"@type":"WebSite","@id":"https:\/\/www.qnde.ca\/#website","url":"https:\/\/www.qnde.ca\/","name":"Qualit\u00e9 NDE","description":"\u00c9quipements d&#039;essais non destructifs ","publisher":{"@id":"https:\/\/www.qnde.ca\/#organization"},"potentialAction":[{"@type":"SearchAction","target":{"@type":"EntryPoint","urlTemplate":"https:\/\/www.qnde.ca\/?s={search_term_string}"},"query-input":{"@type":"PropertyValueSpecification","valueRequired":true,"valueName":"search_term_string"}}],"inLanguage":"fr-FR"},{"@type":"Organization","@id":"https:\/\/www.qnde.ca\/#organization","name":"Quality NDT Ltd.","url":"https:\/\/www.qnde.ca\/","logo":{"@type":"ImageObject","inLanguage":"fr-FR","@id":"https:\/\/www.qnde.ca\/#\/schema\/logo\/image\/","url":"https:\/\/www.qnde.ca\/wp-content\/uploads\/2022\/02\/QNDE_logo_RGB-gif.gif","contentUrl":"https:\/\/www.qnde.ca\/wp-content\/uploads\/2022\/02\/QNDE_logo_RGB-gif.gif","width":250,"height":64,"caption":"Quality NDT Ltd."},"image":{"@id":"https:\/\/www.qnde.ca\/#\/schema\/logo\/image\/"},"sameAs":["https:\/\/www.linkedin.com\/company\/qnde\/about\/?viewAsMember=true"]}]}},"jetpack_sharing_enabled":true,"_links":{"self":[{"href":"https:\/\/www.qnde.ca\/fr\/wp-json\/wp\/v2\/product\/31771","targetHints":{"allow":["GET"]}}],"collection":[{"href":"https:\/\/www.qnde.ca\/fr\/wp-json\/wp\/v2\/product"}],"about":[{"href":"https:\/\/www.qnde.ca\/fr\/wp-json\/wp\/v2\/types\/product"}],"wp:featuredmedia":[{"embeddable":true,"href":"https:\/\/www.qnde.ca\/fr\/wp-json\/wp\/v2\/media\/31766"}],"wp:attachment":[{"href":"https:\/\/www.qnde.ca\/fr\/wp-json\/wp\/v2\/media?parent=31771"}],"wp:term":[{"taxonomy":"product_brand","embeddable":true,"href":"https:\/\/www.qnde.ca\/fr\/wp-json\/wp\/v2\/product_brand?post=31771"},{"taxonomy":"product_cat","embeddable":true,"href":"https:\/\/www.qnde.ca\/fr\/wp-json\/wp\/v2\/product_cat?post=31771"},{"taxonomy":"product_tag","embeddable":true,"href":"https:\/\/www.qnde.ca\/fr\/wp-json\/wp\/v2\/product_tag?post=31771"}],"curies":[{"name":"wp","href":"https:\/\/api.w.org\/{rel}","templated":true}]}}