{"id":31751,"date":"2023-03-30T14:41:22","date_gmt":"2023-03-30T18:41:22","guid":{"rendered":"https:\/\/www.qnde.ca\/produit\/systeme-radiographie-micro-focus\/"},"modified":"2025-11-11T14:13:13","modified_gmt":"2025-11-11T19:13:13","slug":"systeme-radiographie-micro-focus","status":"publish","type":"product","link":"https:\/\/www.qnde.ca\/fr\/produit\/systeme-radiographie-micro-focus\/","title":{"rendered":"X-RIS Dxbox RT\/CT, Syst\u00e8me de Radiographie \u2013 Micro-Focus"},"content":{"rendered":"<h3><strong>X-RIS Dxbox RT\/CT, Syst\u00e8me de Radiographie \u2013 Micro-Focus<\/strong><\/h3>\n<p>Pour la radiographie en temps r\u00e9el et la tomographie; radiographie 2D et 3D automatis\u00e9s \u00e0 grande vitesse. Ce syst\u00e8me convivial est con\u00e7u pour l&rsquo;inspection RT et CT.<\/p>\n<p>X-RIS Dxbox RT est un syst\u00e8me 5 axes standard jusqu&rsquo;\u00e0 200kV. Le module Maestro CT reconstruit le volume, permet la visualisation 3D, l&rsquo;affichage des tranches, le post-traitement sur tranche et contr\u00f4le le g\u00e9n\u00e9rateur, le panneau DDA, le manipulateur (5 axes) et la porte.<\/p>\n<p>Contactez-nous pour discuter de votre application, de vos exigences, des options disponibles et\/ou recevoir une soumission. X-RIS propose \u00e9galement des versions Dxbox RT\/CT modifi\u00e9es sur demande.<\/p>\n<p>Options:<\/p>\n<p>Syst\u00e8me \u00e0 rayons X:<\/p>\n<ul>\n<li>\u00b5GXC-150: syst\u00e8me \u00e0 rayons X micro-focus (10W @7\u00b5m, 30W @30\u00b5m, 75W @50\u00b5m (IEC 336)), 40 \u00e0 150kV, 0.01 \u00e0 0.5mA.<\/li>\n<li>\u00b5GXC-200: syst\u00e8me \u00e0 rayons X micro-focus (150W @200\u00b5m, 500W @800\u00b5m (IEC 336)), 80 \u00e0 200kV, 0.2 \u00e0 6.0mA.<\/li>\n<\/ul>\n<p>Panneau DDA:<\/p>\n<ul>\n<li>Dereo RT 1515: surface d\u2019imagerie de 15x15cm, jusqu&rsquo;\u00e0 450kV, 34fps, 119\u00b5m.<\/li>\n<li>Dereo RT 2323: surface d\u2019imagerie de 23x23cm, jusqu&rsquo;\u00e0 450kV, 30fps, 179\u00b5m.<\/li>\n<li>Dereo RT 2532: surface d\u2019imagerie de 25x32cm, jusqu&rsquo;\u00e0 450kV, 22fps, 124\u00b5m.<\/li>\n<li>Dereo RT 3030: surface d\u2019imagerie de 30x30cm, jusqu&rsquo;\u00e0 450kV, 14fps, 145\u00b5m.<\/li>\n<li>Dereo RT 4343: surface d\u2019imagerie de 43x43cm, jusqu&rsquo;\u00e0 450kV, 6fps, 139\u00b5m.<\/li>\n<\/ul>\n","protected":false},"excerpt":{"rendered":"<p>X-RIS Dxbox RT\/CT, Syst\u00e8me de Radiographie \u2013 Micro-Focus Pour la radiographie en temps r\u00e9el et la tomographie; radiographie 2D et 3D automatis\u00e9s \u00e0 grande vitesse. Ce syst\u00e8me convivial est con\u00e7u pour l&rsquo;inspection RT et CT. X-RIS Dxbox RT est un syst\u00e8me 5 axes standard jusqu&rsquo;\u00e0 200kV. Le module Maestro CT reconstruit le volume, permet la [&hellip;]<\/p>\n","protected":false},"featured_media":31530,"template":"","meta":{"_monsterinsights_skip_tracking":false,"_monsterinsights_sitenote_active":false,"_monsterinsights_sitenote_note":"","_monsterinsights_sitenote_category":0},"product_brand":[],"product_cat":[606,138,365,142],"product_tag":[],"class_list":{"0":"post-31751","1":"product","2":"type-product","3":"status-publish","4":"has-post-thumbnail","6":"product_cat-x-ris-fr","7":"product_cat-radiographie","8":"product_cat-systeme-rayons-x","9":"product_cat-radiologie-numerique-dr","11":"first","12":"instock","13":"shipping-taxable","14":"purchasable","15":"product-type-variable"},"yoast_head":"<!-- This site is optimized with the Yoast SEO plugin v23.9 - https:\/\/yoast.com\/wordpress\/plugins\/seo\/ -->\n<title>X-RIS Dxbox RT\/CT, Syst\u00e8me de Radiographie \u2013 Micro-Focus &#060; Qualit\u00e9 NDE<\/title>\n<meta name=\"description\" content=\"X-RIS Dxbox RT\/CT, syst\u00e8me 2D\/3D micro-focus 5 axes jusqu\u2019\u00e0 200kV. Inspection automatis\u00e9e en radiographie temps r\u00e9el et tomographie industrielle.\" \/>\n<meta name=\"robots\" content=\"index, follow, max-snippet:-1, max-image-preview:large, max-video-preview:-1\" \/>\n<link rel=\"canonical\" href=\"https:\/\/www.qnde.ca\/fr\/produit\/systeme-radiographie-micro-focus\/\" \/>\n<meta name=\"twitter:label1\" content=\"Dur\u00e9e de lecture estim\u00e9e\" \/>\n\t<meta name=\"twitter:data1\" content=\"2 minutes\" \/>\n<script type=\"application\/ld+json\" class=\"yoast-schema-graph\">{\"@context\":\"https:\/\/schema.org\",\"@graph\":[{\"@type\":[\"WebPage\",\"ItemPage\"],\"@id\":\"https:\/\/www.qnde.ca\/fr\/produit\/systeme-radiographie-micro-focus\/\",\"url\":\"https:\/\/www.qnde.ca\/fr\/produit\/systeme-radiographie-micro-focus\/\",\"name\":\"X-RIS Dxbox RT\/CT, Syst\u00e8me de Radiographie \u2013 Micro-Focus &#060; Qualit\u00e9 NDE\",\"isPartOf\":{\"@id\":\"https:\/\/www.qnde.ca\/#website\"},\"primaryImageOfPage\":{\"@id\":\"https:\/\/www.qnde.ca\/fr\/produit\/systeme-radiographie-micro-focus\/#primaryimage\"},\"image\":{\"@id\":\"https:\/\/www.qnde.ca\/fr\/produit\/systeme-radiographie-micro-focus\/#primaryimage\"},\"thumbnailUrl\":\"https:\/\/www.qnde.ca\/wp-content\/uploads\/2023\/03\/X-Ris-Dxbox-RTCT.png\",\"datePublished\":\"2023-03-30T18:41:22+00:00\",\"dateModified\":\"2025-11-11T19:13:13+00:00\",\"description\":\"X-RIS Dxbox RT\/CT, syst\u00e8me 2D\/3D micro-focus 5 axes jusqu\u2019\u00e0 200kV. Inspection automatis\u00e9e en radiographie temps r\u00e9el et tomographie industrielle.\",\"breadcrumb\":{\"@id\":\"https:\/\/www.qnde.ca\/fr\/produit\/systeme-radiographie-micro-focus\/#breadcrumb\"},\"inLanguage\":\"fr-FR\",\"potentialAction\":[{\"@type\":\"ReadAction\",\"target\":[\"https:\/\/www.qnde.ca\/fr\/produit\/systeme-radiographie-micro-focus\/\"]}]},{\"@type\":\"ImageObject\",\"inLanguage\":\"fr-FR\",\"@id\":\"https:\/\/www.qnde.ca\/fr\/produit\/systeme-radiographie-micro-focus\/#primaryimage\",\"url\":\"https:\/\/www.qnde.ca\/wp-content\/uploads\/2023\/03\/X-Ris-Dxbox-RTCT.png\",\"contentUrl\":\"https:\/\/www.qnde.ca\/wp-content\/uploads\/2023\/03\/X-Ris-Dxbox-RTCT.png\",\"width\":1107,\"height\":738},{\"@type\":\"BreadcrumbList\",\"@id\":\"https:\/\/www.qnde.ca\/fr\/produit\/systeme-radiographie-micro-focus\/#breadcrumb\",\"itemListElement\":[{\"@type\":\"ListItem\",\"position\":1,\"name\":\"Accueil\",\"item\":\"https:\/\/www.qnde.ca\/fr\/\"},{\"@type\":\"ListItem\",\"position\":2,\"name\":\"Produits\",\"item\":\"https:\/\/www.qnde.ca\/fr\/produits\/\"},{\"@type\":\"ListItem\",\"position\":3,\"name\":\"Marques\",\"item\":\"https:\/\/www.qnde.ca\/fr\/product-category\/marques\/\"},{\"@type\":\"ListItem\",\"position\":4,\"name\":\"X-RIS\",\"item\":\"https:\/\/www.qnde.ca\/fr\/product-category\/marques\/x-ris-fr\/\"},{\"@type\":\"ListItem\",\"position\":5,\"name\":\"X-RIS Dxbox RT\/CT, Syst\u00e8me de Radiographie \u2013 Micro-Focus\"}]},{\"@type\":\"WebSite\",\"@id\":\"https:\/\/www.qnde.ca\/#website\",\"url\":\"https:\/\/www.qnde.ca\/\",\"name\":\"Qualit\u00e9 NDE\",\"description\":\"\u00c9quipements d&#039;essais non destructifs \",\"publisher\":{\"@id\":\"https:\/\/www.qnde.ca\/#organization\"},\"potentialAction\":[{\"@type\":\"SearchAction\",\"target\":{\"@type\":\"EntryPoint\",\"urlTemplate\":\"https:\/\/www.qnde.ca\/?s={search_term_string}\"},\"query-input\":{\"@type\":\"PropertyValueSpecification\",\"valueRequired\":true,\"valueName\":\"search_term_string\"}}],\"inLanguage\":\"fr-FR\"},{\"@type\":\"Organization\",\"@id\":\"https:\/\/www.qnde.ca\/#organization\",\"name\":\"Quality NDT Ltd.\",\"url\":\"https:\/\/www.qnde.ca\/\",\"logo\":{\"@type\":\"ImageObject\",\"inLanguage\":\"fr-FR\",\"@id\":\"https:\/\/www.qnde.ca\/#\/schema\/logo\/image\/\",\"url\":\"https:\/\/www.qnde.ca\/wp-content\/uploads\/2022\/02\/QNDE_logo_RGB-gif.gif\",\"contentUrl\":\"https:\/\/www.qnde.ca\/wp-content\/uploads\/2022\/02\/QNDE_logo_RGB-gif.gif\",\"width\":250,\"height\":64,\"caption\":\"Quality NDT Ltd.\"},\"image\":{\"@id\":\"https:\/\/www.qnde.ca\/#\/schema\/logo\/image\/\"},\"sameAs\":[\"https:\/\/www.linkedin.com\/company\/qnde\/about\/?viewAsMember=true\"]}]}<\/script>\n<!-- \/ Yoast SEO plugin. -->","yoast_head_json":{"title":"X-RIS Dxbox RT\/CT, Syst\u00e8me de Radiographie \u2013 Micro-Focus &#060; Qualit\u00e9 NDE","description":"X-RIS Dxbox RT\/CT, syst\u00e8me 2D\/3D micro-focus 5 axes jusqu\u2019\u00e0 200kV. Inspection automatis\u00e9e en radiographie temps r\u00e9el et tomographie industrielle.","robots":{"index":"index","follow":"follow","max-snippet":"max-snippet:-1","max-image-preview":"max-image-preview:large","max-video-preview":"max-video-preview:-1"},"canonical":"https:\/\/www.qnde.ca\/fr\/produit\/systeme-radiographie-micro-focus\/","twitter_misc":{"Dur\u00e9e de lecture estim\u00e9e":"2 minutes"},"schema":{"@context":"https:\/\/schema.org","@graph":[{"@type":["WebPage","ItemPage"],"@id":"https:\/\/www.qnde.ca\/fr\/produit\/systeme-radiographie-micro-focus\/","url":"https:\/\/www.qnde.ca\/fr\/produit\/systeme-radiographie-micro-focus\/","name":"X-RIS Dxbox RT\/CT, Syst\u00e8me de Radiographie \u2013 Micro-Focus &#060; Qualit\u00e9 NDE","isPartOf":{"@id":"https:\/\/www.qnde.ca\/#website"},"primaryImageOfPage":{"@id":"https:\/\/www.qnde.ca\/fr\/produit\/systeme-radiographie-micro-focus\/#primaryimage"},"image":{"@id":"https:\/\/www.qnde.ca\/fr\/produit\/systeme-radiographie-micro-focus\/#primaryimage"},"thumbnailUrl":"https:\/\/www.qnde.ca\/wp-content\/uploads\/2023\/03\/X-Ris-Dxbox-RTCT.png","datePublished":"2023-03-30T18:41:22+00:00","dateModified":"2025-11-11T19:13:13+00:00","description":"X-RIS Dxbox RT\/CT, syst\u00e8me 2D\/3D micro-focus 5 axes jusqu\u2019\u00e0 200kV. Inspection automatis\u00e9e en radiographie temps r\u00e9el et tomographie industrielle.","breadcrumb":{"@id":"https:\/\/www.qnde.ca\/fr\/produit\/systeme-radiographie-micro-focus\/#breadcrumb"},"inLanguage":"fr-FR","potentialAction":[{"@type":"ReadAction","target":["https:\/\/www.qnde.ca\/fr\/produit\/systeme-radiographie-micro-focus\/"]}]},{"@type":"ImageObject","inLanguage":"fr-FR","@id":"https:\/\/www.qnde.ca\/fr\/produit\/systeme-radiographie-micro-focus\/#primaryimage","url":"https:\/\/www.qnde.ca\/wp-content\/uploads\/2023\/03\/X-Ris-Dxbox-RTCT.png","contentUrl":"https:\/\/www.qnde.ca\/wp-content\/uploads\/2023\/03\/X-Ris-Dxbox-RTCT.png","width":1107,"height":738},{"@type":"BreadcrumbList","@id":"https:\/\/www.qnde.ca\/fr\/produit\/systeme-radiographie-micro-focus\/#breadcrumb","itemListElement":[{"@type":"ListItem","position":1,"name":"Accueil","item":"https:\/\/www.qnde.ca\/fr\/"},{"@type":"ListItem","position":2,"name":"Produits","item":"https:\/\/www.qnde.ca\/fr\/produits\/"},{"@type":"ListItem","position":3,"name":"Marques","item":"https:\/\/www.qnde.ca\/fr\/product-category\/marques\/"},{"@type":"ListItem","position":4,"name":"X-RIS","item":"https:\/\/www.qnde.ca\/fr\/product-category\/marques\/x-ris-fr\/"},{"@type":"ListItem","position":5,"name":"X-RIS Dxbox RT\/CT, Syst\u00e8me de Radiographie \u2013 Micro-Focus"}]},{"@type":"WebSite","@id":"https:\/\/www.qnde.ca\/#website","url":"https:\/\/www.qnde.ca\/","name":"Qualit\u00e9 NDE","description":"\u00c9quipements d&#039;essais non destructifs ","publisher":{"@id":"https:\/\/www.qnde.ca\/#organization"},"potentialAction":[{"@type":"SearchAction","target":{"@type":"EntryPoint","urlTemplate":"https:\/\/www.qnde.ca\/?s={search_term_string}"},"query-input":{"@type":"PropertyValueSpecification","valueRequired":true,"valueName":"search_term_string"}}],"inLanguage":"fr-FR"},{"@type":"Organization","@id":"https:\/\/www.qnde.ca\/#organization","name":"Quality NDT Ltd.","url":"https:\/\/www.qnde.ca\/","logo":{"@type":"ImageObject","inLanguage":"fr-FR","@id":"https:\/\/www.qnde.ca\/#\/schema\/logo\/image\/","url":"https:\/\/www.qnde.ca\/wp-content\/uploads\/2022\/02\/QNDE_logo_RGB-gif.gif","contentUrl":"https:\/\/www.qnde.ca\/wp-content\/uploads\/2022\/02\/QNDE_logo_RGB-gif.gif","width":250,"height":64,"caption":"Quality NDT Ltd."},"image":{"@id":"https:\/\/www.qnde.ca\/#\/schema\/logo\/image\/"},"sameAs":["https:\/\/www.linkedin.com\/company\/qnde\/about\/?viewAsMember=true"]}]}},"jetpack_sharing_enabled":true,"_links":{"self":[{"href":"https:\/\/www.qnde.ca\/fr\/wp-json\/wp\/v2\/product\/31751","targetHints":{"allow":["GET"]}}],"collection":[{"href":"https:\/\/www.qnde.ca\/fr\/wp-json\/wp\/v2\/product"}],"about":[{"href":"https:\/\/www.qnde.ca\/fr\/wp-json\/wp\/v2\/types\/product"}],"wp:featuredmedia":[{"embeddable":true,"href":"https:\/\/www.qnde.ca\/fr\/wp-json\/wp\/v2\/media\/31530"}],"wp:attachment":[{"href":"https:\/\/www.qnde.ca\/fr\/wp-json\/wp\/v2\/media?parent=31751"}],"wp:term":[{"taxonomy":"product_brand","embeddable":true,"href":"https:\/\/www.qnde.ca\/fr\/wp-json\/wp\/v2\/product_brand?post=31751"},{"taxonomy":"product_cat","embeddable":true,"href":"https:\/\/www.qnde.ca\/fr\/wp-json\/wp\/v2\/product_cat?post=31751"},{"taxonomy":"product_tag","embeddable":true,"href":"https:\/\/www.qnde.ca\/fr\/wp-json\/wp\/v2\/product_tag?post=31751"}],"curies":[{"name":"wp","href":"https:\/\/api.w.org\/{rel}","templated":true}]}}