{"id":31744,"date":"2023-03-29T19:02:12","date_gmt":"2023-03-29T23:02:12","guid":{"rendered":"https:\/\/www.qnde.ca\/produit\/x-ris-gemx-tube-a-rayons-x-alimente-par-batterie\/"},"modified":"2025-11-11T14:14:33","modified_gmt":"2025-11-11T19:14:33","slug":"x-ris-gemx-tube-a-rayons-x-alimente-par-batterie","status":"publish","type":"product","link":"https:\/\/www.qnde.ca\/fr\/produit\/x-ris-gemx-tube-a-rayons-x-alimente-par-batterie\/","title":{"rendered":"X-RIS GemX Tube \u00e0 rayons X aliment\u00e9 par batterie"},"content":{"rendered":"<h3>X-RIS GemX Tube \u00e0 rayons X aliment\u00e9 par batterie<\/h3>\n<p>Ce tube \u00e0 rayons X portatif \u00e0 potentiel constant de X-RIS est optimis\u00e9 pour la radiographie digitale, avec kV et mA r\u00e9glables et un tr\u00e8s petit point focal de 200\u00b5m et un faisceau de 45 x 45 degr\u00e9s.<\/p>\n<p>Le kit standard comprend: un tube \u00e0 rayons X portatif GemX \u00e0 batterie avec un cycle d\u2019utilisation de 1\/3, une batterie rechargeable LiPo int\u00e9gr\u00e9e (60 minutes de rayons X \u00e0 pleine puissance), un chargeur de batterie 100-246VAC, 50-60Hz, alimentation 26 \u00e0 54VDC, contr\u00f4leur sans fil (Bluetooth V 4.0, jusqu&rsquo;\u00e0 80m) ou commande ethernet filaire, et poign\u00e9e \u00e0 360 degr\u00e9s pour facilement pointer le faisceau de rayons X. Livr\u00e9 avec le logiciel d&rsquo;utilisation, manuel de l&rsquo;utilisateur, lampe clignotante avec alarme sonore, tr\u00e9pied, pointeur laser, certificat de conformit\u00e9, certificat de mesure du point focale et robuste valise de transport.<\/p>\n<p>&nbsp;<\/p>\n<ul>\n<li>GemX-150: 50-150kV, 0.1 \u00e0 2.0\u00a0mA, 150\u00a0W, point focal de 200\u00b5m.<\/li>\n<li>GemX-160: 50-160kV, 0.1 \u00e0 2.0\u00a0mA, 160\u00a0W, point focal de 500\u00a0x\u00a0700\u00b5m.<\/li>\n<li>GemX-200: 50-200kV, 0.1 \u00e0 2.0mA, 200W, point focal de 500&#215;700\u00b5m.<\/li>\n<\/ul>\n","protected":false},"excerpt":{"rendered":"<p>X-RIS GemX Tube \u00e0 rayons X aliment\u00e9 par batterie Ce tube \u00e0 rayons X portatif \u00e0 potentiel constant de X-RIS est optimis\u00e9 pour la radiographie digitale, avec kV et mA r\u00e9glables et un tr\u00e8s petit point focal de 200\u00b5m et un faisceau de 45 x 45 degr\u00e9s. Le kit standard comprend: un tube \u00e0 rayons [&hellip;]<\/p>\n","protected":false},"featured_media":31536,"template":"","meta":{"_monsterinsights_skip_tracking":false,"_monsterinsights_sitenote_active":false,"_monsterinsights_sitenote_note":"","_monsterinsights_sitenote_category":0},"product_brand":[],"product_cat":[606,138,365,142],"product_tag":[],"class_list":{"0":"post-31744","1":"product","2":"type-product","3":"status-publish","4":"has-post-thumbnail","6":"product_cat-x-ris-fr","7":"product_cat-radiographie","8":"product_cat-systeme-rayons-x","9":"product_cat-radiologie-numerique-dr","11":"first","12":"instock","13":"shipping-taxable","14":"purchasable","15":"product-type-variable"},"yoast_head":"<!-- This site is optimized with the Yoast SEO plugin v23.9 - https:\/\/yoast.com\/wordpress\/plugins\/seo\/ -->\n<title>X-RIS GemX Tube \u00e0 rayons X aliment\u00e9 par batterie &#060; Qualit\u00e9 NDE<\/title>\n<meta name=\"description\" content=\"X-RIS GemX, tube \u00e0 rayons X portatif \u00e0 batterie, 200\u202f\u00b5m, faisceau 45\u00b0, sans fil ou Ethernet. Id\u00e9al pour radiographie digitale. Kit complet avec valise.\" \/>\n<meta name=\"robots\" content=\"index, follow, max-snippet:-1, max-image-preview:large, max-video-preview:-1\" \/>\n<link rel=\"canonical\" href=\"https:\/\/www.qnde.ca\/fr\/produit\/x-ris-gemx-tube-a-rayons-x-alimente-par-batterie\/\" \/>\n<meta name=\"twitter:label1\" content=\"Dur\u00e9e de lecture estim\u00e9e\" \/>\n\t<meta name=\"twitter:data1\" content=\"1 minute\" \/>\n<script type=\"application\/ld+json\" class=\"yoast-schema-graph\">{\"@context\":\"https:\/\/schema.org\",\"@graph\":[{\"@type\":[\"WebPage\",\"ItemPage\"],\"@id\":\"https:\/\/www.qnde.ca\/fr\/produit\/x-ris-gemx-tube-a-rayons-x-alimente-par-batterie\/\",\"url\":\"https:\/\/www.qnde.ca\/fr\/produit\/x-ris-gemx-tube-a-rayons-x-alimente-par-batterie\/\",\"name\":\"X-RIS GemX Tube \u00e0 rayons X aliment\u00e9 par batterie &#060; Qualit\u00e9 NDE\",\"isPartOf\":{\"@id\":\"https:\/\/www.qnde.ca\/#website\"},\"primaryImageOfPage\":{\"@id\":\"https:\/\/www.qnde.ca\/fr\/produit\/x-ris-gemx-tube-a-rayons-x-alimente-par-batterie\/#primaryimage\"},\"image\":{\"@id\":\"https:\/\/www.qnde.ca\/fr\/produit\/x-ris-gemx-tube-a-rayons-x-alimente-par-batterie\/#primaryimage\"},\"thumbnailUrl\":\"https:\/\/www.qnde.ca\/wp-content\/uploads\/2023\/03\/X-Ris-GemX-X-Ray-Generator.jpg\",\"datePublished\":\"2023-03-29T23:02:12+00:00\",\"dateModified\":\"2025-11-11T19:14:33+00:00\",\"description\":\"X-RIS GemX, tube \u00e0 rayons X portatif \u00e0 batterie, 200\u202f\u00b5m, faisceau 45\u00b0, sans fil ou Ethernet. Id\u00e9al pour radiographie digitale. Kit complet avec valise.\",\"breadcrumb\":{\"@id\":\"https:\/\/www.qnde.ca\/fr\/produit\/x-ris-gemx-tube-a-rayons-x-alimente-par-batterie\/#breadcrumb\"},\"inLanguage\":\"fr-FR\",\"potentialAction\":[{\"@type\":\"ReadAction\",\"target\":[\"https:\/\/www.qnde.ca\/fr\/produit\/x-ris-gemx-tube-a-rayons-x-alimente-par-batterie\/\"]}]},{\"@type\":\"ImageObject\",\"inLanguage\":\"fr-FR\",\"@id\":\"https:\/\/www.qnde.ca\/fr\/produit\/x-ris-gemx-tube-a-rayons-x-alimente-par-batterie\/#primaryimage\",\"url\":\"https:\/\/www.qnde.ca\/wp-content\/uploads\/2023\/03\/X-Ris-GemX-X-Ray-Generator.jpg\",\"contentUrl\":\"https:\/\/www.qnde.ca\/wp-content\/uploads\/2023\/03\/X-Ris-GemX-X-Ray-Generator.jpg\",\"width\":605,\"height\":403},{\"@type\":\"BreadcrumbList\",\"@id\":\"https:\/\/www.qnde.ca\/fr\/produit\/x-ris-gemx-tube-a-rayons-x-alimente-par-batterie\/#breadcrumb\",\"itemListElement\":[{\"@type\":\"ListItem\",\"position\":1,\"name\":\"Accueil\",\"item\":\"https:\/\/www.qnde.ca\/fr\/\"},{\"@type\":\"ListItem\",\"position\":2,\"name\":\"Produits\",\"item\":\"https:\/\/www.qnde.ca\/fr\/produits\/\"},{\"@type\":\"ListItem\",\"position\":3,\"name\":\"Marques\",\"item\":\"https:\/\/www.qnde.ca\/fr\/product-category\/marques\/\"},{\"@type\":\"ListItem\",\"position\":4,\"name\":\"X-RIS\",\"item\":\"https:\/\/www.qnde.ca\/fr\/product-category\/marques\/x-ris-fr\/\"},{\"@type\":\"ListItem\",\"position\":5,\"name\":\"X-RIS GemX Tube \u00e0 rayons X aliment\u00e9 par batterie\"}]},{\"@type\":\"WebSite\",\"@id\":\"https:\/\/www.qnde.ca\/#website\",\"url\":\"https:\/\/www.qnde.ca\/\",\"name\":\"Qualit\u00e9 NDE\",\"description\":\"\u00c9quipements d&#039;essais non destructifs \",\"publisher\":{\"@id\":\"https:\/\/www.qnde.ca\/#organization\"},\"potentialAction\":[{\"@type\":\"SearchAction\",\"target\":{\"@type\":\"EntryPoint\",\"urlTemplate\":\"https:\/\/www.qnde.ca\/?s={search_term_string}\"},\"query-input\":{\"@type\":\"PropertyValueSpecification\",\"valueRequired\":true,\"valueName\":\"search_term_string\"}}],\"inLanguage\":\"fr-FR\"},{\"@type\":\"Organization\",\"@id\":\"https:\/\/www.qnde.ca\/#organization\",\"name\":\"Quality NDT Ltd.\",\"url\":\"https:\/\/www.qnde.ca\/\",\"logo\":{\"@type\":\"ImageObject\",\"inLanguage\":\"fr-FR\",\"@id\":\"https:\/\/www.qnde.ca\/#\/schema\/logo\/image\/\",\"url\":\"https:\/\/www.qnde.ca\/wp-content\/uploads\/2022\/02\/QNDE_logo_RGB-gif.gif\",\"contentUrl\":\"https:\/\/www.qnde.ca\/wp-content\/uploads\/2022\/02\/QNDE_logo_RGB-gif.gif\",\"width\":250,\"height\":64,\"caption\":\"Quality NDT Ltd.\"},\"image\":{\"@id\":\"https:\/\/www.qnde.ca\/#\/schema\/logo\/image\/\"},\"sameAs\":[\"https:\/\/www.linkedin.com\/company\/qnde\/about\/?viewAsMember=true\"]}]}<\/script>\n<!-- \/ Yoast SEO plugin. -->","yoast_head_json":{"title":"X-RIS GemX Tube \u00e0 rayons X aliment\u00e9 par batterie &#060; Qualit\u00e9 NDE","description":"X-RIS GemX, tube \u00e0 rayons X portatif \u00e0 batterie, 200\u202f\u00b5m, faisceau 45\u00b0, sans fil ou Ethernet. Id\u00e9al pour radiographie digitale. Kit complet avec valise.","robots":{"index":"index","follow":"follow","max-snippet":"max-snippet:-1","max-image-preview":"max-image-preview:large","max-video-preview":"max-video-preview:-1"},"canonical":"https:\/\/www.qnde.ca\/fr\/produit\/x-ris-gemx-tube-a-rayons-x-alimente-par-batterie\/","twitter_misc":{"Dur\u00e9e de lecture estim\u00e9e":"1 minute"},"schema":{"@context":"https:\/\/schema.org","@graph":[{"@type":["WebPage","ItemPage"],"@id":"https:\/\/www.qnde.ca\/fr\/produit\/x-ris-gemx-tube-a-rayons-x-alimente-par-batterie\/","url":"https:\/\/www.qnde.ca\/fr\/produit\/x-ris-gemx-tube-a-rayons-x-alimente-par-batterie\/","name":"X-RIS GemX Tube \u00e0 rayons X aliment\u00e9 par batterie &#060; Qualit\u00e9 NDE","isPartOf":{"@id":"https:\/\/www.qnde.ca\/#website"},"primaryImageOfPage":{"@id":"https:\/\/www.qnde.ca\/fr\/produit\/x-ris-gemx-tube-a-rayons-x-alimente-par-batterie\/#primaryimage"},"image":{"@id":"https:\/\/www.qnde.ca\/fr\/produit\/x-ris-gemx-tube-a-rayons-x-alimente-par-batterie\/#primaryimage"},"thumbnailUrl":"https:\/\/www.qnde.ca\/wp-content\/uploads\/2023\/03\/X-Ris-GemX-X-Ray-Generator.jpg","datePublished":"2023-03-29T23:02:12+00:00","dateModified":"2025-11-11T19:14:33+00:00","description":"X-RIS GemX, tube \u00e0 rayons X portatif \u00e0 batterie, 200\u202f\u00b5m, faisceau 45\u00b0, sans fil ou Ethernet. Id\u00e9al pour radiographie digitale. Kit complet avec valise.","breadcrumb":{"@id":"https:\/\/www.qnde.ca\/fr\/produit\/x-ris-gemx-tube-a-rayons-x-alimente-par-batterie\/#breadcrumb"},"inLanguage":"fr-FR","potentialAction":[{"@type":"ReadAction","target":["https:\/\/www.qnde.ca\/fr\/produit\/x-ris-gemx-tube-a-rayons-x-alimente-par-batterie\/"]}]},{"@type":"ImageObject","inLanguage":"fr-FR","@id":"https:\/\/www.qnde.ca\/fr\/produit\/x-ris-gemx-tube-a-rayons-x-alimente-par-batterie\/#primaryimage","url":"https:\/\/www.qnde.ca\/wp-content\/uploads\/2023\/03\/X-Ris-GemX-X-Ray-Generator.jpg","contentUrl":"https:\/\/www.qnde.ca\/wp-content\/uploads\/2023\/03\/X-Ris-GemX-X-Ray-Generator.jpg","width":605,"height":403},{"@type":"BreadcrumbList","@id":"https:\/\/www.qnde.ca\/fr\/produit\/x-ris-gemx-tube-a-rayons-x-alimente-par-batterie\/#breadcrumb","itemListElement":[{"@type":"ListItem","position":1,"name":"Accueil","item":"https:\/\/www.qnde.ca\/fr\/"},{"@type":"ListItem","position":2,"name":"Produits","item":"https:\/\/www.qnde.ca\/fr\/produits\/"},{"@type":"ListItem","position":3,"name":"Marques","item":"https:\/\/www.qnde.ca\/fr\/product-category\/marques\/"},{"@type":"ListItem","position":4,"name":"X-RIS","item":"https:\/\/www.qnde.ca\/fr\/product-category\/marques\/x-ris-fr\/"},{"@type":"ListItem","position":5,"name":"X-RIS GemX Tube \u00e0 rayons X aliment\u00e9 par batterie"}]},{"@type":"WebSite","@id":"https:\/\/www.qnde.ca\/#website","url":"https:\/\/www.qnde.ca\/","name":"Qualit\u00e9 NDE","description":"\u00c9quipements d&#039;essais non destructifs ","publisher":{"@id":"https:\/\/www.qnde.ca\/#organization"},"potentialAction":[{"@type":"SearchAction","target":{"@type":"EntryPoint","urlTemplate":"https:\/\/www.qnde.ca\/?s={search_term_string}"},"query-input":{"@type":"PropertyValueSpecification","valueRequired":true,"valueName":"search_term_string"}}],"inLanguage":"fr-FR"},{"@type":"Organization","@id":"https:\/\/www.qnde.ca\/#organization","name":"Quality NDT Ltd.","url":"https:\/\/www.qnde.ca\/","logo":{"@type":"ImageObject","inLanguage":"fr-FR","@id":"https:\/\/www.qnde.ca\/#\/schema\/logo\/image\/","url":"https:\/\/www.qnde.ca\/wp-content\/uploads\/2022\/02\/QNDE_logo_RGB-gif.gif","contentUrl":"https:\/\/www.qnde.ca\/wp-content\/uploads\/2022\/02\/QNDE_logo_RGB-gif.gif","width":250,"height":64,"caption":"Quality NDT Ltd."},"image":{"@id":"https:\/\/www.qnde.ca\/#\/schema\/logo\/image\/"},"sameAs":["https:\/\/www.linkedin.com\/company\/qnde\/about\/?viewAsMember=true"]}]}},"jetpack_sharing_enabled":true,"_links":{"self":[{"href":"https:\/\/www.qnde.ca\/fr\/wp-json\/wp\/v2\/product\/31744","targetHints":{"allow":["GET"]}}],"collection":[{"href":"https:\/\/www.qnde.ca\/fr\/wp-json\/wp\/v2\/product"}],"about":[{"href":"https:\/\/www.qnde.ca\/fr\/wp-json\/wp\/v2\/types\/product"}],"wp:featuredmedia":[{"embeddable":true,"href":"https:\/\/www.qnde.ca\/fr\/wp-json\/wp\/v2\/media\/31536"}],"wp:attachment":[{"href":"https:\/\/www.qnde.ca\/fr\/wp-json\/wp\/v2\/media?parent=31744"}],"wp:term":[{"taxonomy":"product_brand","embeddable":true,"href":"https:\/\/www.qnde.ca\/fr\/wp-json\/wp\/v2\/product_brand?post=31744"},{"taxonomy":"product_cat","embeddable":true,"href":"https:\/\/www.qnde.ca\/fr\/wp-json\/wp\/v2\/product_cat?post=31744"},{"taxonomy":"product_tag","embeddable":true,"href":"https:\/\/www.qnde.ca\/fr\/wp-json\/wp\/v2\/product_tag?post=31744"}],"curies":[{"name":"wp","href":"https:\/\/api.w.org\/{rel}","templated":true}]}}