{"id":31732,"date":"2023-03-29T18:45:24","date_gmt":"2023-03-29T22:45:24","guid":{"rendered":"https:\/\/www.qnde.ca\/produit\/panneau-dr-dereo-xris\/"},"modified":"2025-08-20T08:31:53","modified_gmt":"2025-08-20T12:31:53","slug":"panneau-dr-dereo-xris","status":"publish","type":"product","link":"https:\/\/www.qnde.ca\/fr\/produit\/panneau-dr-dereo-xris\/","title":{"rendered":"X-RIS Dereo HE\/UP\/HR, Panneau DR portable \u00e0 rayons X"},"content":{"rendered":"<h3><strong>X-RIS Dereo HE\/UP\/HR, Panneau DR portable \u00e0 rayons X<\/strong><\/h3>\n<p>Les X-RIS Dereo HE\/UP\/HR sont des syst\u00e8mes DR portables sans fil avec batterie rechargeable pour l&rsquo;inspection par rayons X \u00e0 l&rsquo;int\u00e9rieur et \u00e0 l&rsquo;ext\u00e9rieur. Il peut \u00eatre utilis\u00e9 pour toute inspection par rayons X sur site dans une grande vari\u00e9t\u00e9 d&rsquo;applications en a\u00e9rospatiale, a\u00e9ronautique, navale, tuyau, lignes \u00e9lectriques, b\u00e2timents, et autres.<\/p>\n<p>Le kit standard comprend : un panneau DDA robuste avec poign\u00e9e et coins pare-chocs de protection amovibles. Il est \u00e9tanche (IP67) et livr\u00e9 avec quatre batteries Li-ion permettant 2 heures de fonctionnement continu par batterie, un chargeur 100-246VAC, 50-60Hz, un d\u00e9vidoir avec c\u00e2ble de 40 m \u00e9quip\u00e9 de connecteurs magn\u00e9tiques militaires standard, ainsi qu\u2019un ordinateur portable tactile (r\u00e9gulier ou robuste), ou une tablette 10,1&Prime; (MIL-STD810G), avec le logiciel Maestro NDT (filtres en temps r\u00e9el, outils de mesure, DICONDE, loupe, mesure d\u2019\u00e9paisseur, archivage, rapports, etc.). L\u2019ensemble est fourni avec un manuel d&rsquo;utilisation, un certificat de conformit\u00e9 (ISO 17636, ASTM E2698, E2736, E2737, E2597, Safran PR5250, Airbus AITM 6-7007, Boeing BSS-7044) et une valise de transport robuste.<\/p>\n<ul>\n<li>Le kit UP standard comprend deux batteries Li-ion pour 2 heures de fonctionnement continu par batterie.<\/li>\n<li>Le kit HR standard comprend un bo\u00eetier d&rsquo;alimentation GUC pour 4 heures de fonctionnement continu.<\/li>\n<\/ul>\n<p>Contactez-nous pour discuter de votre application, de vos exigences, des options disponibles et\/ou recevoir une soumission. X-RIS est ouvert \u00e0 discuter du d\u00e9veloppement de nouveaux outils logiciels pour vos besoins sp\u00e9cifiques.<\/p>\n<h3>Options:<\/h3>\n\n<table id=\"tablepress-88\" class=\"tablepress tablepress-id-88\">\n<thead>\n<tr class=\"row-1\">\n\t<th class=\"column-1\">Mod\u00e8le<\/th><th class=\"column-2\">Zone Active<\/th><th class=\"column-3\">Type de Scintillateur<\/th><th class=\"column-4\">Taille des pixels<\/th><th class=\"column-5\">BIT<\/th><th class=\"column-6\">Dimensions Externes (sans bumpers)<\/th><th class=\"column-7\">Poids (batteries inclus)<\/th><th class=\"column-8\">Sans Fil<\/th>\n<\/tr>\n<\/thead>\n<tbody class=\"row-striping row-hover\">\n<tr class=\"row-2\">\n\t<td class=\"column-1\">Dereo HE 1723<\/td><td class=\"column-2\">17x23cm<\/td><td class=\"column-3\">Gadox<\/td><td class=\"column-4\">75\u00b5m<\/td><td class=\"column-5\">16<\/td><td class=\"column-6\">208x256x30mm<\/td><td class=\"column-7\">2.7kg<\/td><td class=\"column-8\">Yes<\/td>\n<\/tr>\n<tr class=\"row-3\">\n\t<td class=\"column-1\">Dereo HE 2532<\/td><td class=\"column-2\">25x32cm<\/td><td class=\"column-3\">Gadox<\/td><td class=\"column-4\">124\u00b5m<\/td><td class=\"column-5\">16<\/td><td class=\"column-6\">322x355x19mm<\/td><td class=\"column-7\">3.8kg<\/td><td class=\"column-8\">Yes<\/td>\n<\/tr>\n<tr class=\"row-4\">\n\t<td class=\"column-1\">Dereo HE 3643<\/td><td class=\"column-2\">36x43cm<\/td><td class=\"column-3\">Gadox<\/td><td class=\"column-4\">140\u00b5m<\/td><td class=\"column-5\">16<\/td><td class=\"column-6\">400x470x19mm<\/td><td class=\"column-7\">5.9kg<\/td><td class=\"column-8\">Yes<\/td>\n<\/tr>\n<tr class=\"row-5\">\n\t<td class=\"column-1\">Dereo HE 4040<\/td><td class=\"column-2\">40x40cm<\/td><td class=\"column-3\">Gadox<\/td><td class=\"column-4\">200\u00b5m<\/td><td class=\"column-5\">16<\/td><td class=\"column-6\">605x586x25mm<\/td><td class=\"column-7\">12.3kg<\/td><td class=\"column-8\">Yes<\/td>\n<\/tr>\n<tr class=\"row-6\">\n\t<td class=\"column-1\">Dereo HR 1506<\/td><td class=\"column-2\">15x6cm<\/td><td class=\"column-3\">CMOS<\/td><td class=\"column-4\">49\u00b5m<\/td><td class=\"column-5\">14<\/td><td class=\"column-6\">80x230x26.5mm<\/td><td class=\"column-7\">1.0kg<\/td><td class=\"column-8\">Yes<\/td>\n<\/tr>\n<tr class=\"row-7\">\n\t<td class=\"column-1\">Dereo UP 2530<\/td><td class=\"column-2\">25x30cm<\/td><td class=\"column-3\">Gadox<\/td><td class=\"column-4\">100\u00b5m<\/td><td class=\"column-5\">16<\/td><td class=\"column-6\">412x321x17mm<\/td><td class=\"column-7\">2.8kg<\/td><td class=\"column-8\">Yes<\/td>\n<\/tr>\n<tr class=\"row-8\">\n\t<td class=\"column-1\">Dereo UP 2530C<\/td><td class=\"column-2\">25x30cm<\/td><td class=\"column-3\">CSL<\/td><td class=\"column-4\">100\u00b5m<\/td><td class=\"column-5\">16<\/td><td class=\"column-6\">412x321x17mm<\/td><td class=\"column-7\">2.8kg<\/td><td class=\"column-8\">Yes<\/td>\n<\/tr>\n<tr class=\"row-9\">\n\t<td class=\"column-1\">Dereo UP 3643<\/td><td class=\"column-2\">36x43cm<\/td><td class=\"column-3\">Gadox<\/td><td class=\"column-4\">100\u00b5m<\/td><td class=\"column-5\">16<\/td><td class=\"column-6\">543x430x17mm<\/td><td class=\"column-7\">4.0kg<\/td><td class=\"column-8\">Yes<\/td>\n<\/tr>\n<tr class=\"row-10\">\n\t<td class=\"column-1\">Dereo UP 3643C<\/td><td class=\"column-2\">36x43cm<\/td><td class=\"column-3\">CSL<\/td><td class=\"column-4\">100\u00b5m<\/td><td class=\"column-5\">16<\/td><td class=\"column-6\">543x430x17mm<\/td><td class=\"column-7\">4.0kg<\/td><td class=\"column-8\">Yes<\/td>\n<\/tr>\n<\/tbody>\n<\/table>\n\n","protected":false},"excerpt":{"rendered":"<p>X-RIS Dereo HE\/UP\/HR, Panneau DR portable \u00e0 rayons X Les X-RIS Dereo HE\/UP\/HR sont des syst\u00e8mes DR portables sans fil avec batterie rechargeable pour l&rsquo;inspection par rayons X \u00e0 l&rsquo;int\u00e9rieur et \u00e0 l&rsquo;ext\u00e9rieur. Il peut \u00eatre utilis\u00e9 pour toute inspection par rayons X sur site dans une grande vari\u00e9t\u00e9 d&rsquo;applications en a\u00e9rospatiale, a\u00e9ronautique, navale, tuyau, [&hellip;]<\/p>\n","protected":false},"featured_media":31524,"template":"","meta":{"_monsterinsights_skip_tracking":false,"_monsterinsights_sitenote_active":false,"_monsterinsights_sitenote_note":"","_monsterinsights_sitenote_category":0},"product_brand":[],"product_cat":[606,138,142],"product_tag":[],"class_list":{"0":"post-31732","1":"product","2":"type-product","3":"status-publish","4":"has-post-thumbnail","6":"product_cat-x-ris-fr","7":"product_cat-radiographie","8":"product_cat-radiologie-numerique-dr","10":"first","11":"instock","12":"shipping-taxable","13":"purchasable","14":"product-type-variable"},"yoast_head":"<!-- This site is optimized with the Yoast SEO plugin v23.9 - https:\/\/yoast.com\/wordpress\/plugins\/seo\/ -->\n<title>X-RIS Dereo HE\/UP\/HR, Panneau DR portable \u00e0 rayons X &#060; Qualit\u00e9 NDE<\/title>\n<meta name=\"description\" content=\"X-RIS Dereo DR portable sans fil, batterie rechargeable, IP67, logiciel Maestro NDT, adapt\u00e9 aux inspections rayons X en a\u00e9rospatial, navale, industrie.\" \/>\n<meta name=\"robots\" content=\"index, follow, max-snippet:-1, max-image-preview:large, max-video-preview:-1\" \/>\n<link rel=\"canonical\" href=\"https:\/\/www.qnde.ca\/fr\/produit\/panneau-dr-dereo-xris\/\" \/>\n<meta name=\"twitter:label1\" content=\"Dur\u00e9e de lecture estim\u00e9e\" \/>\n\t<meta name=\"twitter:data1\" content=\"2 minutes\" \/>\n<script type=\"application\/ld+json\" class=\"yoast-schema-graph\">{\"@context\":\"https:\/\/schema.org\",\"@graph\":[{\"@type\":[\"WebPage\",\"ItemPage\"],\"@id\":\"https:\/\/www.qnde.ca\/fr\/produit\/panneau-dr-dereo-xris\/\",\"url\":\"https:\/\/www.qnde.ca\/fr\/produit\/panneau-dr-dereo-xris\/\",\"name\":\"X-RIS Dereo HE\/UP\/HR, Panneau DR portable \u00e0 rayons X &#060; Qualit\u00e9 NDE\",\"isPartOf\":{\"@id\":\"https:\/\/www.qnde.ca\/#website\"},\"primaryImageOfPage\":{\"@id\":\"https:\/\/www.qnde.ca\/fr\/produit\/panneau-dr-dereo-xris\/#primaryimage\"},\"image\":{\"@id\":\"https:\/\/www.qnde.ca\/fr\/produit\/panneau-dr-dereo-xris\/#primaryimage\"},\"thumbnailUrl\":\"https:\/\/www.qnde.ca\/wp-content\/uploads\/2023\/03\/X-Ris-Dereo-UP-2530-3643.jpg\",\"datePublished\":\"2023-03-29T22:45:24+00:00\",\"dateModified\":\"2025-08-20T12:31:53+00:00\",\"description\":\"X-RIS Dereo DR portable sans fil, batterie rechargeable, IP67, logiciel Maestro NDT, adapt\u00e9 aux inspections rayons X en a\u00e9rospatial, navale, industrie.\",\"breadcrumb\":{\"@id\":\"https:\/\/www.qnde.ca\/fr\/produit\/panneau-dr-dereo-xris\/#breadcrumb\"},\"inLanguage\":\"fr-FR\",\"potentialAction\":[{\"@type\":\"ReadAction\",\"target\":[\"https:\/\/www.qnde.ca\/fr\/produit\/panneau-dr-dereo-xris\/\"]}]},{\"@type\":\"ImageObject\",\"inLanguage\":\"fr-FR\",\"@id\":\"https:\/\/www.qnde.ca\/fr\/produit\/panneau-dr-dereo-xris\/#primaryimage\",\"url\":\"https:\/\/www.qnde.ca\/wp-content\/uploads\/2023\/03\/X-Ris-Dereo-UP-2530-3643.jpg\",\"contentUrl\":\"https:\/\/www.qnde.ca\/wp-content\/uploads\/2023\/03\/X-Ris-Dereo-UP-2530-3643.jpg\",\"width\":859,\"height\":573},{\"@type\":\"BreadcrumbList\",\"@id\":\"https:\/\/www.qnde.ca\/fr\/produit\/panneau-dr-dereo-xris\/#breadcrumb\",\"itemListElement\":[{\"@type\":\"ListItem\",\"position\":1,\"name\":\"Accueil\",\"item\":\"https:\/\/www.qnde.ca\/fr\/\"},{\"@type\":\"ListItem\",\"position\":2,\"name\":\"Produits\",\"item\":\"https:\/\/www.qnde.ca\/fr\/produits\/\"},{\"@type\":\"ListItem\",\"position\":3,\"name\":\"Marques\",\"item\":\"https:\/\/www.qnde.ca\/fr\/product-category\/marques\/\"},{\"@type\":\"ListItem\",\"position\":4,\"name\":\"X-RIS\",\"item\":\"https:\/\/www.qnde.ca\/fr\/product-category\/marques\/x-ris-fr\/\"},{\"@type\":\"ListItem\",\"position\":5,\"name\":\"X-RIS Dereo HE\/UP\/HR, Panneau DR portable \u00e0 rayons X\"}]},{\"@type\":\"WebSite\",\"@id\":\"https:\/\/www.qnde.ca\/#website\",\"url\":\"https:\/\/www.qnde.ca\/\",\"name\":\"Qualit\u00e9 NDE\",\"description\":\"\u00c9quipements d&#039;essais non destructifs \",\"publisher\":{\"@id\":\"https:\/\/www.qnde.ca\/#organization\"},\"potentialAction\":[{\"@type\":\"SearchAction\",\"target\":{\"@type\":\"EntryPoint\",\"urlTemplate\":\"https:\/\/www.qnde.ca\/?s={search_term_string}\"},\"query-input\":{\"@type\":\"PropertyValueSpecification\",\"valueRequired\":true,\"valueName\":\"search_term_string\"}}],\"inLanguage\":\"fr-FR\"},{\"@type\":\"Organization\",\"@id\":\"https:\/\/www.qnde.ca\/#organization\",\"name\":\"Quality NDT Ltd.\",\"url\":\"https:\/\/www.qnde.ca\/\",\"logo\":{\"@type\":\"ImageObject\",\"inLanguage\":\"fr-FR\",\"@id\":\"https:\/\/www.qnde.ca\/#\/schema\/logo\/image\/\",\"url\":\"https:\/\/www.qnde.ca\/wp-content\/uploads\/2022\/02\/QNDE_logo_RGB-gif.gif\",\"contentUrl\":\"https:\/\/www.qnde.ca\/wp-content\/uploads\/2022\/02\/QNDE_logo_RGB-gif.gif\",\"width\":250,\"height\":64,\"caption\":\"Quality NDT Ltd.\"},\"image\":{\"@id\":\"https:\/\/www.qnde.ca\/#\/schema\/logo\/image\/\"},\"sameAs\":[\"https:\/\/www.linkedin.com\/company\/qnde\/about\/?viewAsMember=true\"]}]}<\/script>\n<!-- \/ Yoast SEO plugin. -->","yoast_head_json":{"title":"X-RIS Dereo HE\/UP\/HR, Panneau DR portable \u00e0 rayons X &#060; Qualit\u00e9 NDE","description":"X-RIS Dereo DR portable sans fil, batterie rechargeable, IP67, logiciel Maestro NDT, adapt\u00e9 aux inspections rayons X en a\u00e9rospatial, navale, industrie.","robots":{"index":"index","follow":"follow","max-snippet":"max-snippet:-1","max-image-preview":"max-image-preview:large","max-video-preview":"max-video-preview:-1"},"canonical":"https:\/\/www.qnde.ca\/fr\/produit\/panneau-dr-dereo-xris\/","twitter_misc":{"Dur\u00e9e de lecture estim\u00e9e":"2 minutes"},"schema":{"@context":"https:\/\/schema.org","@graph":[{"@type":["WebPage","ItemPage"],"@id":"https:\/\/www.qnde.ca\/fr\/produit\/panneau-dr-dereo-xris\/","url":"https:\/\/www.qnde.ca\/fr\/produit\/panneau-dr-dereo-xris\/","name":"X-RIS Dereo HE\/UP\/HR, Panneau DR portable \u00e0 rayons X &#060; Qualit\u00e9 NDE","isPartOf":{"@id":"https:\/\/www.qnde.ca\/#website"},"primaryImageOfPage":{"@id":"https:\/\/www.qnde.ca\/fr\/produit\/panneau-dr-dereo-xris\/#primaryimage"},"image":{"@id":"https:\/\/www.qnde.ca\/fr\/produit\/panneau-dr-dereo-xris\/#primaryimage"},"thumbnailUrl":"https:\/\/www.qnde.ca\/wp-content\/uploads\/2023\/03\/X-Ris-Dereo-UP-2530-3643.jpg","datePublished":"2023-03-29T22:45:24+00:00","dateModified":"2025-08-20T12:31:53+00:00","description":"X-RIS Dereo DR portable sans fil, batterie rechargeable, IP67, logiciel Maestro NDT, adapt\u00e9 aux inspections rayons X en a\u00e9rospatial, navale, industrie.","breadcrumb":{"@id":"https:\/\/www.qnde.ca\/fr\/produit\/panneau-dr-dereo-xris\/#breadcrumb"},"inLanguage":"fr-FR","potentialAction":[{"@type":"ReadAction","target":["https:\/\/www.qnde.ca\/fr\/produit\/panneau-dr-dereo-xris\/"]}]},{"@type":"ImageObject","inLanguage":"fr-FR","@id":"https:\/\/www.qnde.ca\/fr\/produit\/panneau-dr-dereo-xris\/#primaryimage","url":"https:\/\/www.qnde.ca\/wp-content\/uploads\/2023\/03\/X-Ris-Dereo-UP-2530-3643.jpg","contentUrl":"https:\/\/www.qnde.ca\/wp-content\/uploads\/2023\/03\/X-Ris-Dereo-UP-2530-3643.jpg","width":859,"height":573},{"@type":"BreadcrumbList","@id":"https:\/\/www.qnde.ca\/fr\/produit\/panneau-dr-dereo-xris\/#breadcrumb","itemListElement":[{"@type":"ListItem","position":1,"name":"Accueil","item":"https:\/\/www.qnde.ca\/fr\/"},{"@type":"ListItem","position":2,"name":"Produits","item":"https:\/\/www.qnde.ca\/fr\/produits\/"},{"@type":"ListItem","position":3,"name":"Marques","item":"https:\/\/www.qnde.ca\/fr\/product-category\/marques\/"},{"@type":"ListItem","position":4,"name":"X-RIS","item":"https:\/\/www.qnde.ca\/fr\/product-category\/marques\/x-ris-fr\/"},{"@type":"ListItem","position":5,"name":"X-RIS Dereo HE\/UP\/HR, Panneau DR portable \u00e0 rayons X"}]},{"@type":"WebSite","@id":"https:\/\/www.qnde.ca\/#website","url":"https:\/\/www.qnde.ca\/","name":"Qualit\u00e9 NDE","description":"\u00c9quipements d&#039;essais non destructifs ","publisher":{"@id":"https:\/\/www.qnde.ca\/#organization"},"potentialAction":[{"@type":"SearchAction","target":{"@type":"EntryPoint","urlTemplate":"https:\/\/www.qnde.ca\/?s={search_term_string}"},"query-input":{"@type":"PropertyValueSpecification","valueRequired":true,"valueName":"search_term_string"}}],"inLanguage":"fr-FR"},{"@type":"Organization","@id":"https:\/\/www.qnde.ca\/#organization","name":"Quality NDT Ltd.","url":"https:\/\/www.qnde.ca\/","logo":{"@type":"ImageObject","inLanguage":"fr-FR","@id":"https:\/\/www.qnde.ca\/#\/schema\/logo\/image\/","url":"https:\/\/www.qnde.ca\/wp-content\/uploads\/2022\/02\/QNDE_logo_RGB-gif.gif","contentUrl":"https:\/\/www.qnde.ca\/wp-content\/uploads\/2022\/02\/QNDE_logo_RGB-gif.gif","width":250,"height":64,"caption":"Quality NDT Ltd."},"image":{"@id":"https:\/\/www.qnde.ca\/#\/schema\/logo\/image\/"},"sameAs":["https:\/\/www.linkedin.com\/company\/qnde\/about\/?viewAsMember=true"]}]}},"jetpack_sharing_enabled":true,"_links":{"self":[{"href":"https:\/\/www.qnde.ca\/fr\/wp-json\/wp\/v2\/product\/31732","targetHints":{"allow":["GET"]}}],"collection":[{"href":"https:\/\/www.qnde.ca\/fr\/wp-json\/wp\/v2\/product"}],"about":[{"href":"https:\/\/www.qnde.ca\/fr\/wp-json\/wp\/v2\/types\/product"}],"wp:featuredmedia":[{"embeddable":true,"href":"https:\/\/www.qnde.ca\/fr\/wp-json\/wp\/v2\/media\/31524"}],"wp:attachment":[{"href":"https:\/\/www.qnde.ca\/fr\/wp-json\/wp\/v2\/media?parent=31732"}],"wp:term":[{"taxonomy":"product_brand","embeddable":true,"href":"https:\/\/www.qnde.ca\/fr\/wp-json\/wp\/v2\/product_brand?post=31732"},{"taxonomy":"product_cat","embeddable":true,"href":"https:\/\/www.qnde.ca\/fr\/wp-json\/wp\/v2\/product_cat?post=31732"},{"taxonomy":"product_tag","embeddable":true,"href":"https:\/\/www.qnde.ca\/fr\/wp-json\/wp\/v2\/product_tag?post=31732"}],"curies":[{"name":"wp","href":"https:\/\/api.w.org\/{rel}","templated":true}]}}