{"id":31723,"date":"2023-03-29T18:24:11","date_gmt":"2023-03-29T22:24:11","guid":{"rendered":"https:\/\/www.qnde.ca\/produit\/x-ris-dereo-rt-panneau-dr-de-radiographie-numerique\/"},"modified":"2025-11-11T14:17:16","modified_gmt":"2025-11-11T19:17:16","slug":"x-ris-dereo-rt-panneau-dr-de-radiographie-numerique","status":"publish","type":"product","link":"https:\/\/www.qnde.ca\/fr\/produit\/x-ris-dereo-rt-panneau-dr-de-radiographie-numerique\/","title":{"rendered":"X-RIS Dereo RT, Panneau DR de radiographie num\u00e9rique"},"content":{"rendered":"<h3><strong>X-RIS Dereo RT, Panneau DR de radiographie num\u00e9rique<\/strong><\/h3>\n<p>Am\u00e9liorez votre syst\u00e8me de radiographie existant avec un panneau de radiographie num\u00e9rique en temps r\u00e9el (scopie) avec le X-RIS Dereo RT. Optimis\u00e9 pour l&rsquo;inspection de soudures, de munitions, de mat\u00e9riaux composites, la R&amp;D, les actifs historiques et bien plus encore. Localisation en temps r\u00e9el de d\u00e9fauts, de porosit\u00e9, de fissures, d\u2019inclusions et plus encore.<\/p>\n<p>&nbsp;<\/p>\n<p>Le kit standard comprend: panneau DDA avec bo\u00eetier de protection renforc\u00e9, ordinateur et moniteur. Excellent \u00ab\u00a0Signal to Noise Ratio\u00a0\u00bb (SNR&gt;500) et r\u00e9solution des contrastes sup\u00e9rieures \u00e0 1% (EN 462-1). Logiciel intuitif Maestro NDT d\u00e9velopp\u00e9 par et avec des utilisateurs sur le terrain avec filtres en temps r\u00e9el, outils de mesure, DICONDE, loupe, mesure d&rsquo;\u00e9paisseur de paroi, un archivage et des rapports faciles et bien plus encore. Le logiciel permet \u00e9galement l\u2019ajustement en temps r\u00e9el du kV et du mA et une auto-d\u00e9tection de mouvement (passage automatique \u00e0 l&rsquo;image haute r\u00e9solution lorsque le panneau arr\u00eate de bouger). Livr\u00e9 avec alimentation 100-246VAC, 50-60Hz, manuel d&rsquo;utilisation et certificat de conformit\u00e9 (ISO 17636, ASTM E2698, E2736, E2737, E2597, Safran PR5250, Airbus AITM 6-7007 et Boeing BSS-7044).<\/p>\n<p>&nbsp;<\/p>\n<p>Contactez-nous pour discuter de votre application, de vos exigences, des options disponibles et\/ou recevoir une soumission. X-RIS est ouvert \u00e0 discuter du d\u00e9veloppement de nouveaux outils logiciels pour vos besoins sp\u00e9cifiques.<\/p>\n<p>&nbsp;<\/p>\n<p>Option:<\/p>\n<ul>\n<li>Dereo RT 1515: surface d\u2019imagerie de 15x15cm, jusqu&rsquo;\u00e0 450kV, 34fps, 119\u00b5m.<\/li>\n<li>Dereo RT 2323: surface d\u2019imagerie de 23x23cm, jusqu&rsquo;\u00e0 450kV, 30fps, 179\u00b5m.<\/li>\n<li>Dereo RT 2532: surface d\u2019imagerie de 25x30cm, jusqu&rsquo;\u00e0 450kV, 22fps, 124\u00b5m.<\/li>\n<li>Dereo RT 3030: surface d\u2019imagerie de 30x30cm, jusqu&rsquo;\u00e0 450kV, 14fps, 145\u00b5m.<\/li>\n<li>Dereo RT 4343: surface d\u2019imagerie de 43x43cm, jusqu&rsquo;\u00e0 450kV, 6fps, 139\u00b5m.<\/li>\n<\/ul>\n","protected":false},"excerpt":{"rendered":"<p>X-RIS Dereo RT, Panneau DR de radiographie num\u00e9rique Am\u00e9liorez votre syst\u00e8me de radiographie existant avec un panneau de radiographie num\u00e9rique en temps r\u00e9el (scopie) avec le X-RIS Dereo RT. Optimis\u00e9 pour l&rsquo;inspection de soudures, de munitions, de mat\u00e9riaux composites, la R&amp;D, les actifs historiques et bien plus encore. Localisation en temps r\u00e9el de d\u00e9fauts, de [&hellip;]<\/p>\n","protected":false},"featured_media":31522,"template":"","meta":{"_monsterinsights_skip_tracking":false,"_monsterinsights_sitenote_active":false,"_monsterinsights_sitenote_note":"","_monsterinsights_sitenote_category":0},"product_brand":[],"product_cat":[606,138,142],"product_tag":[],"class_list":{"0":"post-31723","1":"product","2":"type-product","3":"status-publish","4":"has-post-thumbnail","6":"product_cat-x-ris-fr","7":"product_cat-radiographie","8":"product_cat-radiologie-numerique-dr","10":"first","11":"instock","12":"shipping-taxable","13":"purchasable","14":"product-type-variable"},"yoast_head":"<!-- This site is optimized with the Yoast SEO plugin v23.9 - https:\/\/yoast.com\/wordpress\/plugins\/seo\/ -->\n<title>X-RIS Dereo RT, Panneau DR de radiographie num\u00e9rique &#060; Qualit\u00e9 NDE<\/title>\n<meta name=\"description\" content=\"X-RIS Dereo RT : panneau DR temps r\u00e9el pour soudures, composites, R&amp;D. Haute r\u00e9solution, SNR &gt;500, logiciel Maestro NDT intuitif.\" \/>\n<meta name=\"robots\" content=\"index, follow, max-snippet:-1, max-image-preview:large, max-video-preview:-1\" \/>\n<link rel=\"canonical\" href=\"https:\/\/www.qnde.ca\/fr\/produit\/x-ris-dereo-rt-panneau-dr-de-radiographie-numerique\/\" \/>\n<meta name=\"twitter:label1\" content=\"Dur\u00e9e de lecture estim\u00e9e\" \/>\n\t<meta name=\"twitter:data1\" content=\"2 minutes\" \/>\n<script type=\"application\/ld+json\" class=\"yoast-schema-graph\">{\"@context\":\"https:\/\/schema.org\",\"@graph\":[{\"@type\":[\"WebPage\",\"ItemPage\"],\"@id\":\"https:\/\/www.qnde.ca\/fr\/produit\/x-ris-dereo-rt-panneau-dr-de-radiographie-numerique\/\",\"url\":\"https:\/\/www.qnde.ca\/fr\/produit\/x-ris-dereo-rt-panneau-dr-de-radiographie-numerique\/\",\"name\":\"X-RIS Dereo RT, Panneau DR de radiographie num\u00e9rique &#060; Qualit\u00e9 NDE\",\"isPartOf\":{\"@id\":\"https:\/\/www.qnde.ca\/#website\"},\"primaryImageOfPage\":{\"@id\":\"https:\/\/www.qnde.ca\/fr\/produit\/x-ris-dereo-rt-panneau-dr-de-radiographie-numerique\/#primaryimage\"},\"image\":{\"@id\":\"https:\/\/www.qnde.ca\/fr\/produit\/x-ris-dereo-rt-panneau-dr-de-radiographie-numerique\/#primaryimage\"},\"thumbnailUrl\":\"https:\/\/www.qnde.ca\/wp-content\/uploads\/2023\/03\/x-ris-Dereo-RT.jpg\",\"datePublished\":\"2023-03-29T22:24:11+00:00\",\"dateModified\":\"2025-11-11T19:17:16+00:00\",\"description\":\"X-RIS Dereo RT : panneau DR temps r\u00e9el pour soudures, composites, R&D. Haute r\u00e9solution, SNR >500, logiciel Maestro NDT intuitif.\",\"breadcrumb\":{\"@id\":\"https:\/\/www.qnde.ca\/fr\/produit\/x-ris-dereo-rt-panneau-dr-de-radiographie-numerique\/#breadcrumb\"},\"inLanguage\":\"fr-FR\",\"potentialAction\":[{\"@type\":\"ReadAction\",\"target\":[\"https:\/\/www.qnde.ca\/fr\/produit\/x-ris-dereo-rt-panneau-dr-de-radiographie-numerique\/\"]}]},{\"@type\":\"ImageObject\",\"inLanguage\":\"fr-FR\",\"@id\":\"https:\/\/www.qnde.ca\/fr\/produit\/x-ris-dereo-rt-panneau-dr-de-radiographie-numerique\/#primaryimage\",\"url\":\"https:\/\/www.qnde.ca\/wp-content\/uploads\/2023\/03\/x-ris-Dereo-RT.jpg\",\"contentUrl\":\"https:\/\/www.qnde.ca\/wp-content\/uploads\/2023\/03\/x-ris-Dereo-RT.jpg\",\"width\":869,\"height\":869},{\"@type\":\"BreadcrumbList\",\"@id\":\"https:\/\/www.qnde.ca\/fr\/produit\/x-ris-dereo-rt-panneau-dr-de-radiographie-numerique\/#breadcrumb\",\"itemListElement\":[{\"@type\":\"ListItem\",\"position\":1,\"name\":\"Accueil\",\"item\":\"https:\/\/www.qnde.ca\/fr\/\"},{\"@type\":\"ListItem\",\"position\":2,\"name\":\"Produits\",\"item\":\"https:\/\/www.qnde.ca\/fr\/produits\/\"},{\"@type\":\"ListItem\",\"position\":3,\"name\":\"Marques\",\"item\":\"https:\/\/www.qnde.ca\/fr\/product-category\/marques\/\"},{\"@type\":\"ListItem\",\"position\":4,\"name\":\"X-RIS\",\"item\":\"https:\/\/www.qnde.ca\/fr\/product-category\/marques\/x-ris-fr\/\"},{\"@type\":\"ListItem\",\"position\":5,\"name\":\"X-RIS Dereo RT, Panneau DR de radiographie num\u00e9rique\"}]},{\"@type\":\"WebSite\",\"@id\":\"https:\/\/www.qnde.ca\/#website\",\"url\":\"https:\/\/www.qnde.ca\/\",\"name\":\"Qualit\u00e9 NDE\",\"description\":\"\u00c9quipements d&#039;essais non destructifs \",\"publisher\":{\"@id\":\"https:\/\/www.qnde.ca\/#organization\"},\"potentialAction\":[{\"@type\":\"SearchAction\",\"target\":{\"@type\":\"EntryPoint\",\"urlTemplate\":\"https:\/\/www.qnde.ca\/?s={search_term_string}\"},\"query-input\":{\"@type\":\"PropertyValueSpecification\",\"valueRequired\":true,\"valueName\":\"search_term_string\"}}],\"inLanguage\":\"fr-FR\"},{\"@type\":\"Organization\",\"@id\":\"https:\/\/www.qnde.ca\/#organization\",\"name\":\"Quality NDT Ltd.\",\"url\":\"https:\/\/www.qnde.ca\/\",\"logo\":{\"@type\":\"ImageObject\",\"inLanguage\":\"fr-FR\",\"@id\":\"https:\/\/www.qnde.ca\/#\/schema\/logo\/image\/\",\"url\":\"https:\/\/www.qnde.ca\/wp-content\/uploads\/2022\/02\/QNDE_logo_RGB-gif.gif\",\"contentUrl\":\"https:\/\/www.qnde.ca\/wp-content\/uploads\/2022\/02\/QNDE_logo_RGB-gif.gif\",\"width\":250,\"height\":64,\"caption\":\"Quality NDT Ltd.\"},\"image\":{\"@id\":\"https:\/\/www.qnde.ca\/#\/schema\/logo\/image\/\"},\"sameAs\":[\"https:\/\/www.linkedin.com\/company\/qnde\/about\/?viewAsMember=true\"]}]}<\/script>\n<!-- \/ Yoast SEO plugin. -->","yoast_head_json":{"title":"X-RIS Dereo RT, Panneau DR de radiographie num\u00e9rique &#060; Qualit\u00e9 NDE","description":"X-RIS Dereo RT : panneau DR temps r\u00e9el pour soudures, composites, R&D. Haute r\u00e9solution, SNR >500, logiciel Maestro NDT intuitif.","robots":{"index":"index","follow":"follow","max-snippet":"max-snippet:-1","max-image-preview":"max-image-preview:large","max-video-preview":"max-video-preview:-1"},"canonical":"https:\/\/www.qnde.ca\/fr\/produit\/x-ris-dereo-rt-panneau-dr-de-radiographie-numerique\/","twitter_misc":{"Dur\u00e9e de lecture estim\u00e9e":"2 minutes"},"schema":{"@context":"https:\/\/schema.org","@graph":[{"@type":["WebPage","ItemPage"],"@id":"https:\/\/www.qnde.ca\/fr\/produit\/x-ris-dereo-rt-panneau-dr-de-radiographie-numerique\/","url":"https:\/\/www.qnde.ca\/fr\/produit\/x-ris-dereo-rt-panneau-dr-de-radiographie-numerique\/","name":"X-RIS Dereo RT, Panneau DR de radiographie num\u00e9rique &#060; Qualit\u00e9 NDE","isPartOf":{"@id":"https:\/\/www.qnde.ca\/#website"},"primaryImageOfPage":{"@id":"https:\/\/www.qnde.ca\/fr\/produit\/x-ris-dereo-rt-panneau-dr-de-radiographie-numerique\/#primaryimage"},"image":{"@id":"https:\/\/www.qnde.ca\/fr\/produit\/x-ris-dereo-rt-panneau-dr-de-radiographie-numerique\/#primaryimage"},"thumbnailUrl":"https:\/\/www.qnde.ca\/wp-content\/uploads\/2023\/03\/x-ris-Dereo-RT.jpg","datePublished":"2023-03-29T22:24:11+00:00","dateModified":"2025-11-11T19:17:16+00:00","description":"X-RIS Dereo RT : panneau DR temps r\u00e9el pour soudures, composites, R&D. Haute r\u00e9solution, SNR >500, logiciel Maestro NDT intuitif.","breadcrumb":{"@id":"https:\/\/www.qnde.ca\/fr\/produit\/x-ris-dereo-rt-panneau-dr-de-radiographie-numerique\/#breadcrumb"},"inLanguage":"fr-FR","potentialAction":[{"@type":"ReadAction","target":["https:\/\/www.qnde.ca\/fr\/produit\/x-ris-dereo-rt-panneau-dr-de-radiographie-numerique\/"]}]},{"@type":"ImageObject","inLanguage":"fr-FR","@id":"https:\/\/www.qnde.ca\/fr\/produit\/x-ris-dereo-rt-panneau-dr-de-radiographie-numerique\/#primaryimage","url":"https:\/\/www.qnde.ca\/wp-content\/uploads\/2023\/03\/x-ris-Dereo-RT.jpg","contentUrl":"https:\/\/www.qnde.ca\/wp-content\/uploads\/2023\/03\/x-ris-Dereo-RT.jpg","width":869,"height":869},{"@type":"BreadcrumbList","@id":"https:\/\/www.qnde.ca\/fr\/produit\/x-ris-dereo-rt-panneau-dr-de-radiographie-numerique\/#breadcrumb","itemListElement":[{"@type":"ListItem","position":1,"name":"Accueil","item":"https:\/\/www.qnde.ca\/fr\/"},{"@type":"ListItem","position":2,"name":"Produits","item":"https:\/\/www.qnde.ca\/fr\/produits\/"},{"@type":"ListItem","position":3,"name":"Marques","item":"https:\/\/www.qnde.ca\/fr\/product-category\/marques\/"},{"@type":"ListItem","position":4,"name":"X-RIS","item":"https:\/\/www.qnde.ca\/fr\/product-category\/marques\/x-ris-fr\/"},{"@type":"ListItem","position":5,"name":"X-RIS Dereo RT, Panneau DR de radiographie num\u00e9rique"}]},{"@type":"WebSite","@id":"https:\/\/www.qnde.ca\/#website","url":"https:\/\/www.qnde.ca\/","name":"Qualit\u00e9 NDE","description":"\u00c9quipements d&#039;essais non destructifs ","publisher":{"@id":"https:\/\/www.qnde.ca\/#organization"},"potentialAction":[{"@type":"SearchAction","target":{"@type":"EntryPoint","urlTemplate":"https:\/\/www.qnde.ca\/?s={search_term_string}"},"query-input":{"@type":"PropertyValueSpecification","valueRequired":true,"valueName":"search_term_string"}}],"inLanguage":"fr-FR"},{"@type":"Organization","@id":"https:\/\/www.qnde.ca\/#organization","name":"Quality NDT Ltd.","url":"https:\/\/www.qnde.ca\/","logo":{"@type":"ImageObject","inLanguage":"fr-FR","@id":"https:\/\/www.qnde.ca\/#\/schema\/logo\/image\/","url":"https:\/\/www.qnde.ca\/wp-content\/uploads\/2022\/02\/QNDE_logo_RGB-gif.gif","contentUrl":"https:\/\/www.qnde.ca\/wp-content\/uploads\/2022\/02\/QNDE_logo_RGB-gif.gif","width":250,"height":64,"caption":"Quality NDT Ltd."},"image":{"@id":"https:\/\/www.qnde.ca\/#\/schema\/logo\/image\/"},"sameAs":["https:\/\/www.linkedin.com\/company\/qnde\/about\/?viewAsMember=true"]}]}},"jetpack_sharing_enabled":true,"_links":{"self":[{"href":"https:\/\/www.qnde.ca\/fr\/wp-json\/wp\/v2\/product\/31723","targetHints":{"allow":["GET"]}}],"collection":[{"href":"https:\/\/www.qnde.ca\/fr\/wp-json\/wp\/v2\/product"}],"about":[{"href":"https:\/\/www.qnde.ca\/fr\/wp-json\/wp\/v2\/types\/product"}],"wp:featuredmedia":[{"embeddable":true,"href":"https:\/\/www.qnde.ca\/fr\/wp-json\/wp\/v2\/media\/31522"}],"wp:attachment":[{"href":"https:\/\/www.qnde.ca\/fr\/wp-json\/wp\/v2\/media?parent=31723"}],"wp:term":[{"taxonomy":"product_brand","embeddable":true,"href":"https:\/\/www.qnde.ca\/fr\/wp-json\/wp\/v2\/product_brand?post=31723"},{"taxonomy":"product_cat","embeddable":true,"href":"https:\/\/www.qnde.ca\/fr\/wp-json\/wp\/v2\/product_cat?post=31723"},{"taxonomy":"product_tag","embeddable":true,"href":"https:\/\/www.qnde.ca\/fr\/wp-json\/wp\/v2\/product_tag?post=31723"}],"curies":[{"name":"wp","href":"https:\/\/api.w.org\/{rel}","templated":true}]}}