{"id":31471,"date":"2023-03-24T11:20:41","date_gmt":"2023-03-24T15:26:14","guid":{"rendered":"https:\/\/www.qnde.ca\/?post_type=product&#038;p=31471"},"modified":"2025-11-11T14:19:11","modified_gmt":"2025-11-11T19:19:11","slug":"magnaflux-zyglo-zp-4d-fr","status":"publish","type":"product","link":"https:\/\/www.qnde.ca\/fr\/produit\/magnaflux-zyglo-zp-4d-fr\/","title":{"rendered":"Magnaflux Zyglo ZP-4D R\u00e9v\u00e9lateur en Poudre S\u00e8che"},"content":{"rendered":"<h3><strong>Magnaflux Zyglo ZP-4D R\u00e9v\u00e9lateur en Poudre S\u00e8che<\/strong><\/h3>\n<p>Cette poudre s\u00e8che blanche de Magnaflux est fluide, l\u00e9g\u00e8re et de haute-puret\u00e9; elle est utilis\u00e9e comme r\u00e9v\u00e9lateur en poudre s\u00e8che pour les p\u00e9n\u00e9trants fluorescent et p\u00e9n\u00e9trants Zyglo. Elle forme un mince film sur les pi\u00e8ces, ce qui met en \u00e9vidence les indications des tr\u00e8s petits d\u00e9fauts.<\/p>\n<p>Ce produit est une am\u00e9lioration par rapport \u00e0 son pr\u00e9d\u00e9cesseur, le ZP-4B, \u00e9tant incombustible. Le ZP-4D est r\u00e9pertori\u00e9 sur la liste des produits qualifi\u00e9s QPL SAE AMS 264 et est approuv\u00e9 par Pratt &amp; Whitney.<\/p>\n<p>Options:<\/p>\n<ul>\n<li>MGZP4B-6: ZP-4D, 10lb (4.53kg) chaudi\u00e8re.<\/li>\n<li>MGZP4B-5: ZP-4D, 20lb (9.07kg) chaudi\u00e8re.<\/li>\n<\/ul>\n","protected":false},"excerpt":{"rendered":"<p>Magnaflux Zyglo ZP-4D R\u00e9v\u00e9lateur en Poudre S\u00e8che Cette poudre s\u00e8che blanche de Magnaflux est fluide, l\u00e9g\u00e8re et de haute-puret\u00e9; elle est utilis\u00e9e comme r\u00e9v\u00e9lateur en poudre s\u00e8che pour les p\u00e9n\u00e9trants fluorescent et p\u00e9n\u00e9trants Zyglo. Elle forme un mince film sur les pi\u00e8ces, ce qui met en \u00e9vidence les indications des tr\u00e8s petits d\u00e9fauts. Ce produit [&hellip;]<\/p>\n","protected":false},"featured_media":31460,"template":"","meta":{"_monsterinsights_skip_tracking":false,"_monsterinsights_sitenote_active":false,"_monsterinsights_sitenote_note":"","_monsterinsights_sitenote_category":0},"product_brand":[],"product_cat":[369,118,120],"product_tag":[],"class_list":{"0":"post-31471","1":"product","2":"type-product","3":"status-publish","4":"has-post-thumbnail","6":"product_cat-magnaflux-fr","7":"product_cat-ressuage","8":"product_cat-penetrants-fluorescents","10":"first","11":"instock","12":"shipping-taxable","13":"purchasable","14":"product-type-variable"},"yoast_head":"<!-- This site is optimized with the Yoast SEO plugin v23.9 - https:\/\/yoast.com\/wordpress\/plugins\/seo\/ -->\n<title>Magnaflux Zyglo ZP-4D R\u00e9v\u00e9lateur en Poudre S\u00e8che &#060; Qualit\u00e9 NDE<\/title>\n<meta name=\"description\" content=\"Le Zyglo ZP-4D est une am\u00e9lioration de son pr\u00e9d\u00e9cesseur, le ZP-4B, \u00e9tant incombustible. Utilis\u00e9 dans le processus d&#039;inspection par penetrant fluorescent.\" \/>\n<meta name=\"robots\" content=\"index, follow, max-snippet:-1, max-image-preview:large, max-video-preview:-1\" \/>\n<link rel=\"canonical\" href=\"https:\/\/www.qnde.ca\/fr\/produit\/magnaflux-zyglo-zp-4d-fr\/\" \/>\n<meta name=\"twitter:label1\" content=\"Dur\u00e9e de lecture estim\u00e9e\" \/>\n\t<meta name=\"twitter:data1\" content=\"1 minute\" \/>\n<script type=\"application\/ld+json\" class=\"yoast-schema-graph\">{\"@context\":\"https:\/\/schema.org\",\"@graph\":[{\"@type\":[\"WebPage\",\"ItemPage\"],\"@id\":\"https:\/\/www.qnde.ca\/fr\/produit\/magnaflux-zyglo-zp-4d-fr\/\",\"url\":\"https:\/\/www.qnde.ca\/fr\/produit\/magnaflux-zyglo-zp-4d-fr\/\",\"name\":\"Magnaflux Zyglo ZP-4D R\u00e9v\u00e9lateur en Poudre S\u00e8che &#060; Qualit\u00e9 NDE\",\"isPartOf\":{\"@id\":\"https:\/\/www.qnde.ca\/#website\"},\"primaryImageOfPage\":{\"@id\":\"https:\/\/www.qnde.ca\/fr\/produit\/magnaflux-zyglo-zp-4d-fr\/#primaryimage\"},\"image\":{\"@id\":\"https:\/\/www.qnde.ca\/fr\/produit\/magnaflux-zyglo-zp-4d-fr\/#primaryimage\"},\"thumbnailUrl\":\"https:\/\/www.qnde.ca\/wp-content\/uploads\/2023\/03\/Magnaflux-ZP-4D-Dry-Powder-Developer.png\",\"datePublished\":\"2023-03-24T15:26:14+00:00\",\"dateModified\":\"2025-11-11T19:19:11+00:00\",\"description\":\"Le Zyglo ZP-4D est une am\u00e9lioration de son pr\u00e9d\u00e9cesseur, le ZP-4B, \u00e9tant incombustible. Utilis\u00e9 dans le processus d'inspection par penetrant fluorescent.\",\"breadcrumb\":{\"@id\":\"https:\/\/www.qnde.ca\/fr\/produit\/magnaflux-zyglo-zp-4d-fr\/#breadcrumb\"},\"inLanguage\":\"fr-FR\",\"potentialAction\":[{\"@type\":\"ReadAction\",\"target\":[\"https:\/\/www.qnde.ca\/fr\/produit\/magnaflux-zyglo-zp-4d-fr\/\"]}]},{\"@type\":\"ImageObject\",\"inLanguage\":\"fr-FR\",\"@id\":\"https:\/\/www.qnde.ca\/fr\/produit\/magnaflux-zyglo-zp-4d-fr\/#primaryimage\",\"url\":\"https:\/\/www.qnde.ca\/wp-content\/uploads\/2023\/03\/Magnaflux-ZP-4D-Dry-Powder-Developer.png\",\"contentUrl\":\"https:\/\/www.qnde.ca\/wp-content\/uploads\/2023\/03\/Magnaflux-ZP-4D-Dry-Powder-Developer.png\",\"width\":2048,\"height\":2048},{\"@type\":\"BreadcrumbList\",\"@id\":\"https:\/\/www.qnde.ca\/fr\/produit\/magnaflux-zyglo-zp-4d-fr\/#breadcrumb\",\"itemListElement\":[{\"@type\":\"ListItem\",\"position\":1,\"name\":\"Accueil\",\"item\":\"https:\/\/www.qnde.ca\/fr\/\"},{\"@type\":\"ListItem\",\"position\":2,\"name\":\"Produits\",\"item\":\"https:\/\/www.qnde.ca\/fr\/produits\/\"},{\"@type\":\"ListItem\",\"position\":3,\"name\":\"Marques\",\"item\":\"https:\/\/www.qnde.ca\/fr\/product-category\/marques\/\"},{\"@type\":\"ListItem\",\"position\":4,\"name\":\"Magnaflux\",\"item\":\"https:\/\/www.qnde.ca\/fr\/product-category\/marques\/magnaflux-fr\/\"},{\"@type\":\"ListItem\",\"position\":5,\"name\":\"Magnaflux Zyglo ZP-4D R\u00e9v\u00e9lateur en Poudre S\u00e8che\"}]},{\"@type\":\"WebSite\",\"@id\":\"https:\/\/www.qnde.ca\/#website\",\"url\":\"https:\/\/www.qnde.ca\/\",\"name\":\"Qualit\u00e9 NDE\",\"description\":\"\u00c9quipements d&#039;essais non destructifs \",\"publisher\":{\"@id\":\"https:\/\/www.qnde.ca\/#organization\"},\"potentialAction\":[{\"@type\":\"SearchAction\",\"target\":{\"@type\":\"EntryPoint\",\"urlTemplate\":\"https:\/\/www.qnde.ca\/?s={search_term_string}\"},\"query-input\":{\"@type\":\"PropertyValueSpecification\",\"valueRequired\":true,\"valueName\":\"search_term_string\"}}],\"inLanguage\":\"fr-FR\"},{\"@type\":\"Organization\",\"@id\":\"https:\/\/www.qnde.ca\/#organization\",\"name\":\"Quality NDT Ltd.\",\"url\":\"https:\/\/www.qnde.ca\/\",\"logo\":{\"@type\":\"ImageObject\",\"inLanguage\":\"fr-FR\",\"@id\":\"https:\/\/www.qnde.ca\/#\/schema\/logo\/image\/\",\"url\":\"https:\/\/www.qnde.ca\/wp-content\/uploads\/2022\/02\/QNDE_logo_RGB-gif.gif\",\"contentUrl\":\"https:\/\/www.qnde.ca\/wp-content\/uploads\/2022\/02\/QNDE_logo_RGB-gif.gif\",\"width\":250,\"height\":64,\"caption\":\"Quality NDT Ltd.\"},\"image\":{\"@id\":\"https:\/\/www.qnde.ca\/#\/schema\/logo\/image\/\"},\"sameAs\":[\"https:\/\/www.linkedin.com\/company\/qnde\/about\/?viewAsMember=true\"]}]}<\/script>\n<!-- \/ Yoast SEO plugin. -->","yoast_head_json":{"title":"Magnaflux Zyglo ZP-4D R\u00e9v\u00e9lateur en Poudre S\u00e8che &#060; Qualit\u00e9 NDE","description":"Le Zyglo ZP-4D est une am\u00e9lioration de son pr\u00e9d\u00e9cesseur, le ZP-4B, \u00e9tant incombustible. Utilis\u00e9 dans le processus d'inspection par penetrant fluorescent.","robots":{"index":"index","follow":"follow","max-snippet":"max-snippet:-1","max-image-preview":"max-image-preview:large","max-video-preview":"max-video-preview:-1"},"canonical":"https:\/\/www.qnde.ca\/fr\/produit\/magnaflux-zyglo-zp-4d-fr\/","twitter_misc":{"Dur\u00e9e de lecture estim\u00e9e":"1 minute"},"schema":{"@context":"https:\/\/schema.org","@graph":[{"@type":["WebPage","ItemPage"],"@id":"https:\/\/www.qnde.ca\/fr\/produit\/magnaflux-zyglo-zp-4d-fr\/","url":"https:\/\/www.qnde.ca\/fr\/produit\/magnaflux-zyglo-zp-4d-fr\/","name":"Magnaflux Zyglo ZP-4D R\u00e9v\u00e9lateur en Poudre S\u00e8che &#060; Qualit\u00e9 NDE","isPartOf":{"@id":"https:\/\/www.qnde.ca\/#website"},"primaryImageOfPage":{"@id":"https:\/\/www.qnde.ca\/fr\/produit\/magnaflux-zyglo-zp-4d-fr\/#primaryimage"},"image":{"@id":"https:\/\/www.qnde.ca\/fr\/produit\/magnaflux-zyglo-zp-4d-fr\/#primaryimage"},"thumbnailUrl":"https:\/\/www.qnde.ca\/wp-content\/uploads\/2023\/03\/Magnaflux-ZP-4D-Dry-Powder-Developer.png","datePublished":"2023-03-24T15:26:14+00:00","dateModified":"2025-11-11T19:19:11+00:00","description":"Le Zyglo ZP-4D est une am\u00e9lioration de son pr\u00e9d\u00e9cesseur, le ZP-4B, \u00e9tant incombustible. Utilis\u00e9 dans le processus d'inspection par penetrant fluorescent.","breadcrumb":{"@id":"https:\/\/www.qnde.ca\/fr\/produit\/magnaflux-zyglo-zp-4d-fr\/#breadcrumb"},"inLanguage":"fr-FR","potentialAction":[{"@type":"ReadAction","target":["https:\/\/www.qnde.ca\/fr\/produit\/magnaflux-zyglo-zp-4d-fr\/"]}]},{"@type":"ImageObject","inLanguage":"fr-FR","@id":"https:\/\/www.qnde.ca\/fr\/produit\/magnaflux-zyglo-zp-4d-fr\/#primaryimage","url":"https:\/\/www.qnde.ca\/wp-content\/uploads\/2023\/03\/Magnaflux-ZP-4D-Dry-Powder-Developer.png","contentUrl":"https:\/\/www.qnde.ca\/wp-content\/uploads\/2023\/03\/Magnaflux-ZP-4D-Dry-Powder-Developer.png","width":2048,"height":2048},{"@type":"BreadcrumbList","@id":"https:\/\/www.qnde.ca\/fr\/produit\/magnaflux-zyglo-zp-4d-fr\/#breadcrumb","itemListElement":[{"@type":"ListItem","position":1,"name":"Accueil","item":"https:\/\/www.qnde.ca\/fr\/"},{"@type":"ListItem","position":2,"name":"Produits","item":"https:\/\/www.qnde.ca\/fr\/produits\/"},{"@type":"ListItem","position":3,"name":"Marques","item":"https:\/\/www.qnde.ca\/fr\/product-category\/marques\/"},{"@type":"ListItem","position":4,"name":"Magnaflux","item":"https:\/\/www.qnde.ca\/fr\/product-category\/marques\/magnaflux-fr\/"},{"@type":"ListItem","position":5,"name":"Magnaflux Zyglo ZP-4D R\u00e9v\u00e9lateur en Poudre S\u00e8che"}]},{"@type":"WebSite","@id":"https:\/\/www.qnde.ca\/#website","url":"https:\/\/www.qnde.ca\/","name":"Qualit\u00e9 NDE","description":"\u00c9quipements d&#039;essais non destructifs ","publisher":{"@id":"https:\/\/www.qnde.ca\/#organization"},"potentialAction":[{"@type":"SearchAction","target":{"@type":"EntryPoint","urlTemplate":"https:\/\/www.qnde.ca\/?s={search_term_string}"},"query-input":{"@type":"PropertyValueSpecification","valueRequired":true,"valueName":"search_term_string"}}],"inLanguage":"fr-FR"},{"@type":"Organization","@id":"https:\/\/www.qnde.ca\/#organization","name":"Quality NDT Ltd.","url":"https:\/\/www.qnde.ca\/","logo":{"@type":"ImageObject","inLanguage":"fr-FR","@id":"https:\/\/www.qnde.ca\/#\/schema\/logo\/image\/","url":"https:\/\/www.qnde.ca\/wp-content\/uploads\/2022\/02\/QNDE_logo_RGB-gif.gif","contentUrl":"https:\/\/www.qnde.ca\/wp-content\/uploads\/2022\/02\/QNDE_logo_RGB-gif.gif","width":250,"height":64,"caption":"Quality NDT Ltd."},"image":{"@id":"https:\/\/www.qnde.ca\/#\/schema\/logo\/image\/"},"sameAs":["https:\/\/www.linkedin.com\/company\/qnde\/about\/?viewAsMember=true"]}]}},"jetpack_sharing_enabled":true,"_links":{"self":[{"href":"https:\/\/www.qnde.ca\/fr\/wp-json\/wp\/v2\/product\/31471","targetHints":{"allow":["GET"]}}],"collection":[{"href":"https:\/\/www.qnde.ca\/fr\/wp-json\/wp\/v2\/product"}],"about":[{"href":"https:\/\/www.qnde.ca\/fr\/wp-json\/wp\/v2\/types\/product"}],"wp:featuredmedia":[{"embeddable":true,"href":"https:\/\/www.qnde.ca\/fr\/wp-json\/wp\/v2\/media\/31460"}],"wp:attachment":[{"href":"https:\/\/www.qnde.ca\/fr\/wp-json\/wp\/v2\/media?parent=31471"}],"wp:term":[{"taxonomy":"product_brand","embeddable":true,"href":"https:\/\/www.qnde.ca\/fr\/wp-json\/wp\/v2\/product_brand?post=31471"},{"taxonomy":"product_cat","embeddable":true,"href":"https:\/\/www.qnde.ca\/fr\/wp-json\/wp\/v2\/product_cat?post=31471"},{"taxonomy":"product_tag","embeddable":true,"href":"https:\/\/www.qnde.ca\/fr\/wp-json\/wp\/v2\/product_tag?post=31471"}],"curies":[{"name":"wp","href":"https:\/\/api.w.org\/{rel}","templated":true}]}}