{"id":31440,"date":"2023-03-23T18:09:53","date_gmt":"2023-03-23T22:10:45","guid":{"rendered":"https:\/\/www.qnde.ca\/?post_type=product&#038;p=31440"},"modified":"2025-11-11T14:30:41","modified_gmt":"2025-11-11T19:30:41","slug":"spectro-uv-lampe-de-poche-idx-500","status":"publish","type":"product","link":"https:\/\/www.qnde.ca\/fr\/produit\/spectro-uv-lampe-de-poche-idx-500\/","title":{"rendered":"Spectro-UV Lampe de poche IDX-500"},"content":{"rendered":"<p><strong>Spectro-UV Lampe de poche IDX-500<\/strong><\/p>\n<p>La lampe de poche UV DEL rechargeable de la s\u00e9rie IDX est \u00e9quip\u00e9e d\u2019une lentille \u00e0 \u00a0filtre noir, d\u2019un indicateur lumineux de l\u2019\u00e9tat de charge et d\u2019un port de recharge USB. Autonomie en fonctionnement continu : 3 heures.<\/p>\n<p>Livr\u00e9 avec une batterie rechargeable, un adaptateur secteur 5V, un c\u00e2ble de recharge USB, une dragonne, deux joints toriques, un \u00e9tui de ceinture, des lunettes de protection UV et une mallette de transport rigide.<\/p>\n<p>IDX-500 : Lampe de poche UV s\u00e9rie Nano 365. Intensit\u00e9 de 33 000 \u00b5W\/cm\u00b2 \u00e0 38 cm (15&Prime;). Faisceau de 1 000 \u00b5W\/cm\u00b2 sur un diam\u00e8tre de 10 cm (3,9&Prime;).<\/p>\n","protected":false},"excerpt":{"rendered":"<p>Spectro-UV Lampe de poche IDX-500 La lampe de poche UV DEL rechargeable de la s\u00e9rie IDX est \u00e9quip\u00e9e d\u2019une lentille \u00e0 \u00a0filtre noir, d\u2019un indicateur lumineux de l\u2019\u00e9tat de charge et d\u2019un port de recharge USB. Autonomie en fonctionnement continu : 3 heures. Livr\u00e9 avec une batterie rechargeable, un adaptateur secteur 5V, un c\u00e2ble de [&hellip;]<\/p>\n","protected":false},"featured_media":31419,"template":"","meta":{"_monsterinsights_skip_tracking":false,"_monsterinsights_sitenote_active":false,"_monsterinsights_sitenote_note":"","_monsterinsights_sitenote_category":0},"product_brand":[],"product_cat":[400,133],"product_tag":[],"class_list":{"0":"post-31440","1":"product","2":"type-product","3":"status-publish","4":"has-post-thumbnail","6":"product_cat-spectro-uv-fr","7":"product_cat-lampes-uv","9":"first","10":"instock","11":"shipping-taxable","12":"purchasable","13":"product-type-simple"},"yoast_head":"<!-- This site is optimized with the Yoast SEO plugin v23.9 - https:\/\/yoast.com\/wordpress\/plugins\/seo\/ -->\n<title>Spectro-UV Lampe de poche IDX-500 &#060; Qualit\u00e9 NDE<\/title>\n<meta name=\"description\" content=\"La lampe rechargeable LED UV de la s\u00e9rie IDX as une lentille \u00e0 filtre noir, une lumi\u00e8re indiquant le statu de charge, et un port de charge USB.\" \/>\n<meta name=\"robots\" content=\"index, follow, max-snippet:-1, max-image-preview:large, max-video-preview:-1\" \/>\n<link rel=\"canonical\" href=\"https:\/\/www.qnde.ca\/fr\/produit\/spectro-uv-lampe-de-poche-idx-500\/\" \/>\n<meta name=\"twitter:label1\" content=\"Dur\u00e9e de lecture estim\u00e9e\" \/>\n\t<meta name=\"twitter:data1\" content=\"1 minute\" \/>\n<script type=\"application\/ld+json\" class=\"yoast-schema-graph\">{\"@context\":\"https:\/\/schema.org\",\"@graph\":[{\"@type\":[\"WebPage\",\"ItemPage\"],\"@id\":\"https:\/\/www.qnde.ca\/fr\/produit\/spectro-uv-lampe-de-poche-idx-500\/\",\"url\":\"https:\/\/www.qnde.ca\/fr\/produit\/spectro-uv-lampe-de-poche-idx-500\/\",\"name\":\"Spectro-UV Lampe de poche IDX-500 &#060; Qualit\u00e9 NDE\",\"isPartOf\":{\"@id\":\"https:\/\/www.qnde.ca\/#website\"},\"primaryImageOfPage\":{\"@id\":\"https:\/\/www.qnde.ca\/fr\/produit\/spectro-uv-lampe-de-poche-idx-500\/#primaryimage\"},\"image\":{\"@id\":\"https:\/\/www.qnde.ca\/fr\/produit\/spectro-uv-lampe-de-poche-idx-500\/#primaryimage\"},\"thumbnailUrl\":\"https:\/\/www.qnde.ca\/wp-content\/uploads\/2023\/03\/Nano-365-UV-Flashlight-IDX-500-1000-overs-3.9-inches.webp\",\"datePublished\":\"2023-03-23T22:10:45+00:00\",\"dateModified\":\"2025-11-11T19:30:41+00:00\",\"description\":\"La lampe rechargeable LED UV de la s\u00e9rie IDX as une lentille \u00e0 filtre noir, une lumi\u00e8re indiquant le statu de charge, et un port de charge USB.\",\"breadcrumb\":{\"@id\":\"https:\/\/www.qnde.ca\/fr\/produit\/spectro-uv-lampe-de-poche-idx-500\/#breadcrumb\"},\"inLanguage\":\"fr-FR\",\"potentialAction\":[{\"@type\":\"ReadAction\",\"target\":[\"https:\/\/www.qnde.ca\/fr\/produit\/spectro-uv-lampe-de-poche-idx-500\/\"]}]},{\"@type\":\"ImageObject\",\"inLanguage\":\"fr-FR\",\"@id\":\"https:\/\/www.qnde.ca\/fr\/produit\/spectro-uv-lampe-de-poche-idx-500\/#primaryimage\",\"url\":\"https:\/\/www.qnde.ca\/wp-content\/uploads\/2023\/03\/Nano-365-UV-Flashlight-IDX-500-1000-overs-3.9-inches.webp\",\"contentUrl\":\"https:\/\/www.qnde.ca\/wp-content\/uploads\/2023\/03\/Nano-365-UV-Flashlight-IDX-500-1000-overs-3.9-inches.webp\",\"width\":560,\"height\":400},{\"@type\":\"BreadcrumbList\",\"@id\":\"https:\/\/www.qnde.ca\/fr\/produit\/spectro-uv-lampe-de-poche-idx-500\/#breadcrumb\",\"itemListElement\":[{\"@type\":\"ListItem\",\"position\":1,\"name\":\"Accueil\",\"item\":\"https:\/\/www.qnde.ca\/fr\/\"},{\"@type\":\"ListItem\",\"position\":2,\"name\":\"Produits\",\"item\":\"https:\/\/www.qnde.ca\/fr\/produits\/\"},{\"@type\":\"ListItem\",\"position\":3,\"name\":\"Marques\",\"item\":\"https:\/\/www.qnde.ca\/fr\/product-category\/marques\/\"},{\"@type\":\"ListItem\",\"position\":4,\"name\":\"Spectro-UV\",\"item\":\"https:\/\/www.qnde.ca\/fr\/product-category\/marques\/spectro-uv-fr\/\"},{\"@type\":\"ListItem\",\"position\":5,\"name\":\"Spectro-UV Lampe de poche IDX-500\"}]},{\"@type\":\"WebSite\",\"@id\":\"https:\/\/www.qnde.ca\/#website\",\"url\":\"https:\/\/www.qnde.ca\/\",\"name\":\"Qualit\u00e9 NDE\",\"description\":\"\u00c9quipements d&#039;essais non destructifs \",\"publisher\":{\"@id\":\"https:\/\/www.qnde.ca\/#organization\"},\"potentialAction\":[{\"@type\":\"SearchAction\",\"target\":{\"@type\":\"EntryPoint\",\"urlTemplate\":\"https:\/\/www.qnde.ca\/?s={search_term_string}\"},\"query-input\":{\"@type\":\"PropertyValueSpecification\",\"valueRequired\":true,\"valueName\":\"search_term_string\"}}],\"inLanguage\":\"fr-FR\"},{\"@type\":\"Organization\",\"@id\":\"https:\/\/www.qnde.ca\/#organization\",\"name\":\"Quality NDT Ltd.\",\"url\":\"https:\/\/www.qnde.ca\/\",\"logo\":{\"@type\":\"ImageObject\",\"inLanguage\":\"fr-FR\",\"@id\":\"https:\/\/www.qnde.ca\/#\/schema\/logo\/image\/\",\"url\":\"https:\/\/www.qnde.ca\/wp-content\/uploads\/2022\/02\/QNDE_logo_RGB-gif.gif\",\"contentUrl\":\"https:\/\/www.qnde.ca\/wp-content\/uploads\/2022\/02\/QNDE_logo_RGB-gif.gif\",\"width\":250,\"height\":64,\"caption\":\"Quality NDT Ltd.\"},\"image\":{\"@id\":\"https:\/\/www.qnde.ca\/#\/schema\/logo\/image\/\"},\"sameAs\":[\"https:\/\/www.linkedin.com\/company\/qnde\/about\/?viewAsMember=true\"]}]}<\/script>\n<!-- \/ Yoast SEO plugin. -->","yoast_head_json":{"title":"Spectro-UV Lampe de poche IDX-500 &#060; Qualit\u00e9 NDE","description":"La lampe rechargeable LED UV de la s\u00e9rie IDX as une lentille \u00e0 filtre noir, une lumi\u00e8re indiquant le statu de charge, et un port de charge USB.","robots":{"index":"index","follow":"follow","max-snippet":"max-snippet:-1","max-image-preview":"max-image-preview:large","max-video-preview":"max-video-preview:-1"},"canonical":"https:\/\/www.qnde.ca\/fr\/produit\/spectro-uv-lampe-de-poche-idx-500\/","twitter_misc":{"Dur\u00e9e de lecture estim\u00e9e":"1 minute"},"schema":{"@context":"https:\/\/schema.org","@graph":[{"@type":["WebPage","ItemPage"],"@id":"https:\/\/www.qnde.ca\/fr\/produit\/spectro-uv-lampe-de-poche-idx-500\/","url":"https:\/\/www.qnde.ca\/fr\/produit\/spectro-uv-lampe-de-poche-idx-500\/","name":"Spectro-UV Lampe de poche IDX-500 &#060; Qualit\u00e9 NDE","isPartOf":{"@id":"https:\/\/www.qnde.ca\/#website"},"primaryImageOfPage":{"@id":"https:\/\/www.qnde.ca\/fr\/produit\/spectro-uv-lampe-de-poche-idx-500\/#primaryimage"},"image":{"@id":"https:\/\/www.qnde.ca\/fr\/produit\/spectro-uv-lampe-de-poche-idx-500\/#primaryimage"},"thumbnailUrl":"https:\/\/www.qnde.ca\/wp-content\/uploads\/2023\/03\/Nano-365-UV-Flashlight-IDX-500-1000-overs-3.9-inches.webp","datePublished":"2023-03-23T22:10:45+00:00","dateModified":"2025-11-11T19:30:41+00:00","description":"La lampe rechargeable LED UV de la s\u00e9rie IDX as une lentille \u00e0 filtre noir, une lumi\u00e8re indiquant le statu de charge, et un port de charge USB.","breadcrumb":{"@id":"https:\/\/www.qnde.ca\/fr\/produit\/spectro-uv-lampe-de-poche-idx-500\/#breadcrumb"},"inLanguage":"fr-FR","potentialAction":[{"@type":"ReadAction","target":["https:\/\/www.qnde.ca\/fr\/produit\/spectro-uv-lampe-de-poche-idx-500\/"]}]},{"@type":"ImageObject","inLanguage":"fr-FR","@id":"https:\/\/www.qnde.ca\/fr\/produit\/spectro-uv-lampe-de-poche-idx-500\/#primaryimage","url":"https:\/\/www.qnde.ca\/wp-content\/uploads\/2023\/03\/Nano-365-UV-Flashlight-IDX-500-1000-overs-3.9-inches.webp","contentUrl":"https:\/\/www.qnde.ca\/wp-content\/uploads\/2023\/03\/Nano-365-UV-Flashlight-IDX-500-1000-overs-3.9-inches.webp","width":560,"height":400},{"@type":"BreadcrumbList","@id":"https:\/\/www.qnde.ca\/fr\/produit\/spectro-uv-lampe-de-poche-idx-500\/#breadcrumb","itemListElement":[{"@type":"ListItem","position":1,"name":"Accueil","item":"https:\/\/www.qnde.ca\/fr\/"},{"@type":"ListItem","position":2,"name":"Produits","item":"https:\/\/www.qnde.ca\/fr\/produits\/"},{"@type":"ListItem","position":3,"name":"Marques","item":"https:\/\/www.qnde.ca\/fr\/product-category\/marques\/"},{"@type":"ListItem","position":4,"name":"Spectro-UV","item":"https:\/\/www.qnde.ca\/fr\/product-category\/marques\/spectro-uv-fr\/"},{"@type":"ListItem","position":5,"name":"Spectro-UV Lampe de poche IDX-500"}]},{"@type":"WebSite","@id":"https:\/\/www.qnde.ca\/#website","url":"https:\/\/www.qnde.ca\/","name":"Qualit\u00e9 NDE","description":"\u00c9quipements d&#039;essais non destructifs ","publisher":{"@id":"https:\/\/www.qnde.ca\/#organization"},"potentialAction":[{"@type":"SearchAction","target":{"@type":"EntryPoint","urlTemplate":"https:\/\/www.qnde.ca\/?s={search_term_string}"},"query-input":{"@type":"PropertyValueSpecification","valueRequired":true,"valueName":"search_term_string"}}],"inLanguage":"fr-FR"},{"@type":"Organization","@id":"https:\/\/www.qnde.ca\/#organization","name":"Quality NDT Ltd.","url":"https:\/\/www.qnde.ca\/","logo":{"@type":"ImageObject","inLanguage":"fr-FR","@id":"https:\/\/www.qnde.ca\/#\/schema\/logo\/image\/","url":"https:\/\/www.qnde.ca\/wp-content\/uploads\/2022\/02\/QNDE_logo_RGB-gif.gif","contentUrl":"https:\/\/www.qnde.ca\/wp-content\/uploads\/2022\/02\/QNDE_logo_RGB-gif.gif","width":250,"height":64,"caption":"Quality NDT Ltd."},"image":{"@id":"https:\/\/www.qnde.ca\/#\/schema\/logo\/image\/"},"sameAs":["https:\/\/www.linkedin.com\/company\/qnde\/about\/?viewAsMember=true"]}]}},"jetpack_sharing_enabled":true,"_links":{"self":[{"href":"https:\/\/www.qnde.ca\/fr\/wp-json\/wp\/v2\/product\/31440","targetHints":{"allow":["GET"]}}],"collection":[{"href":"https:\/\/www.qnde.ca\/fr\/wp-json\/wp\/v2\/product"}],"about":[{"href":"https:\/\/www.qnde.ca\/fr\/wp-json\/wp\/v2\/types\/product"}],"wp:featuredmedia":[{"embeddable":true,"href":"https:\/\/www.qnde.ca\/fr\/wp-json\/wp\/v2\/media\/31419"}],"wp:attachment":[{"href":"https:\/\/www.qnde.ca\/fr\/wp-json\/wp\/v2\/media?parent=31440"}],"wp:term":[{"taxonomy":"product_brand","embeddable":true,"href":"https:\/\/www.qnde.ca\/fr\/wp-json\/wp\/v2\/product_brand?post=31440"},{"taxonomy":"product_cat","embeddable":true,"href":"https:\/\/www.qnde.ca\/fr\/wp-json\/wp\/v2\/product_cat?post=31440"},{"taxonomy":"product_tag","embeddable":true,"href":"https:\/\/www.qnde.ca\/fr\/wp-json\/wp\/v2\/product_tag?post=31440"}],"curies":[{"name":"wp","href":"https:\/\/api.w.org\/{rel}","templated":true}]}}