{"id":31003,"date":"2023-03-21T11:56:43","date_gmt":"2023-03-21T15:56:43","guid":{"rendered":"https:\/\/www.qnde.ca\/?post_type=product&#038;p=31003"},"modified":"2025-11-25T14:34:26","modified_gmt":"2025-11-25T19:34:26","slug":"sonatest-veo3-detecteur-de-defauts","status":"publish","type":"product","link":"https:\/\/www.qnde.ca\/fr\/produit\/sonatest-veo3-detecteur-de-defauts\/","title":{"rendered":"Sonatest Veo3 D\u00e9tecteur de D\u00e9fauts \u00ab Phase Array \u00bb"},"content":{"rendered":"<h3><strong>Sonatest Veo3 D\u00e9tecteur de D\u00e9fauts \u00ab Phase Array \u00bb<\/strong><\/h3>\n<p>Le Veo3 est con\u00e7u pour l\u2019inspection des pi\u00e8ces composites, des soudures, des structures et pour la surveillance de la corrosion. Disponible en quatre configurations PA (16:64, 32:64, 16:128 ou 32:128), il est aliment\u00e9 par un syst\u00e8me d&rsquo;exploitation Linus 64 bits et une m\u00e9moire SSD rapide de 128GB, ainsi les donn\u00e9es ne seront jamais une pr\u00e9occupation.<\/p>\n<p>Cliquez la fiche descriptive et la vid\u00e9o pour plus d\u2019information.<\/p>\n<p>Options:<\/p>\n<ul>\n<li>VEO3 16:64: Sonatest VEO3 d\u00e9tecteur de d\u00e9fauts \u00ab Phase Array \u00bb 16:64, syst\u00e8me complet avec TFM \u2013 connecteurs BNC ou LEMO disponibles.<\/li>\n<li>VEO3 32:64: Sonatest VEO3 d\u00e9tecteur de d\u00e9fauts \u00ab Phase Array \u00bb 32:64, syst\u00e8me complet avec TFM \u2013 connecteurs BNC ou LEMO disponibles.<\/li>\n<li>VEO3 16:128: Sonatest VEO3 d\u00e9tecteur de d\u00e9fauts \u00ab Phase Array \u00bb 16:128, syst\u00e8me complet avec TFM \u2013 connecteurs BNC ou LEMO disponibles.<\/li>\n<li>VEO3 32:128: Sonatest VEO3 d\u00e9tecteur de d\u00e9fauts \u00ab Phase Array \u00bb 32:128, syst\u00e8me complet avec TFM \u2013 connecteurs\u00a0 BNC ou LEMO disponibles.<\/li>\n<\/ul>\n<p>Contactez-nous pour discuter de votre application, vos exigences, options disponibles et\/ou recevoir une soumission.<\/p>\n","protected":false},"excerpt":{"rendered":"<p>Sonatest Veo3 D\u00e9tecteur de D\u00e9fauts \u00ab Phase Array \u00bb Le Veo3 est con\u00e7u pour l\u2019inspection des pi\u00e8ces composites, des soudures, des structures et pour la surveillance de la corrosion. Disponible en quatre configurations PA (16:64, 32:64, 16:128 ou 32:128), il est aliment\u00e9 par un syst\u00e8me d&rsquo;exploitation Linus 64 bits et une m\u00e9moire SSD rapide de [&hellip;]<\/p>\n","protected":false},"featured_media":31053,"template":"","meta":{"_monsterinsights_skip_tracking":false,"_monsterinsights_sitenote_active":false,"_monsterinsights_sitenote_note":"","_monsterinsights_sitenote_category":0},"product_brand":[],"product_cat":[401,125],"product_tag":[],"class_list":{"0":"post-31003","1":"product","2":"type-product","3":"status-publish","4":"has-post-thumbnail","6":"product_cat-sonatest-fr","7":"product_cat-detecteurs-defauts","9":"first","10":"instock","11":"shipping-taxable","12":"purchasable","13":"product-type-variable"},"yoast_head":"<!-- This site is optimized with the Yoast SEO plugin v23.9 - https:\/\/yoast.com\/wordpress\/plugins\/seo\/ -->\n<title>Sonatest Veo3 D\u00e9tecteur de D\u00e9fauts \u00ab Phase Array \u00bb &#060; Qualit\u00e9 NDE<\/title>\n<meta name=\"description\" content=\"Con\u00e7u pour l\u2019inspection des pi\u00e8ces composites, des soudures, des structures et pour la surveillance de la corrosion. Disponible en quatre configurations PA.\" \/>\n<meta name=\"robots\" content=\"index, follow, max-snippet:-1, max-image-preview:large, max-video-preview:-1\" \/>\n<link rel=\"canonical\" href=\"https:\/\/www.qnde.ca\/fr\/produit\/sonatest-veo3-detecteur-de-defauts\/\" \/>\n<meta name=\"twitter:label1\" content=\"Dur\u00e9e de lecture estim\u00e9e\" \/>\n\t<meta name=\"twitter:data1\" content=\"1 minute\" \/>\n<script type=\"application\/ld+json\" class=\"yoast-schema-graph\">{\"@context\":\"https:\/\/schema.org\",\"@graph\":[{\"@type\":[\"WebPage\",\"ItemPage\"],\"@id\":\"https:\/\/www.qnde.ca\/fr\/produit\/sonatest-veo3-detecteur-de-defauts\/\",\"url\":\"https:\/\/www.qnde.ca\/fr\/produit\/sonatest-veo3-detecteur-de-defauts\/\",\"name\":\"Sonatest Veo3 D\u00e9tecteur de D\u00e9fauts \u00ab Phase Array \u00bb &#060; Qualit\u00e9 NDE\",\"isPartOf\":{\"@id\":\"https:\/\/www.qnde.ca\/#website\"},\"primaryImageOfPage\":{\"@id\":\"https:\/\/www.qnde.ca\/fr\/produit\/sonatest-veo3-detecteur-de-defauts\/#primaryimage\"},\"image\":{\"@id\":\"https:\/\/www.qnde.ca\/fr\/produit\/sonatest-veo3-detecteur-de-defauts\/#primaryimage\"},\"thumbnailUrl\":\"https:\/\/www.qnde.ca\/wp-content\/uploads\/2016\/01\/Sonatest-Veo3.jpg\",\"datePublished\":\"2023-03-21T15:56:43+00:00\",\"dateModified\":\"2025-11-25T19:34:26+00:00\",\"description\":\"Con\u00e7u pour l\u2019inspection des pi\u00e8ces composites, des soudures, des structures et pour la surveillance de la corrosion. Disponible en quatre configurations PA.\",\"breadcrumb\":{\"@id\":\"https:\/\/www.qnde.ca\/fr\/produit\/sonatest-veo3-detecteur-de-defauts\/#breadcrumb\"},\"inLanguage\":\"fr-FR\",\"potentialAction\":[{\"@type\":\"ReadAction\",\"target\":[\"https:\/\/www.qnde.ca\/fr\/produit\/sonatest-veo3-detecteur-de-defauts\/\"]}]},{\"@type\":\"ImageObject\",\"inLanguage\":\"fr-FR\",\"@id\":\"https:\/\/www.qnde.ca\/fr\/produit\/sonatest-veo3-detecteur-de-defauts\/#primaryimage\",\"url\":\"https:\/\/www.qnde.ca\/wp-content\/uploads\/2016\/01\/Sonatest-Veo3.jpg\",\"contentUrl\":\"https:\/\/www.qnde.ca\/wp-content\/uploads\/2016\/01\/Sonatest-Veo3.jpg\",\"width\":1690,\"height\":1463,\"caption\":\"Un appareil portatif dot\u00e9 d\u2019un \u00e9cran affichant des donn\u00e9es provenant d\u2019un d\u00e9tecteur de d\u00e9fauts par r\u00e9seau phas\u00e9 pour les essais non destructifs.\"},{\"@type\":\"BreadcrumbList\",\"@id\":\"https:\/\/www.qnde.ca\/fr\/produit\/sonatest-veo3-detecteur-de-defauts\/#breadcrumb\",\"itemListElement\":[{\"@type\":\"ListItem\",\"position\":1,\"name\":\"Accueil\",\"item\":\"https:\/\/www.qnde.ca\/fr\/\"},{\"@type\":\"ListItem\",\"position\":2,\"name\":\"Produits\",\"item\":\"https:\/\/www.qnde.ca\/fr\/produits\/\"},{\"@type\":\"ListItem\",\"position\":3,\"name\":\"Marques\",\"item\":\"https:\/\/www.qnde.ca\/fr\/product-category\/marques\/\"},{\"@type\":\"ListItem\",\"position\":4,\"name\":\"Sonatest\",\"item\":\"https:\/\/www.qnde.ca\/fr\/product-category\/marques\/sonatest-fr\/\"},{\"@type\":\"ListItem\",\"position\":5,\"name\":\"Sonatest Veo3 D\u00e9tecteur de D\u00e9fauts \u00ab Phase Array \u00bb\"}]},{\"@type\":\"WebSite\",\"@id\":\"https:\/\/www.qnde.ca\/#website\",\"url\":\"https:\/\/www.qnde.ca\/\",\"name\":\"Qualit\u00e9 NDE\",\"description\":\"\u00c9quipements d&#039;essais non destructifs \",\"publisher\":{\"@id\":\"https:\/\/www.qnde.ca\/#organization\"},\"potentialAction\":[{\"@type\":\"SearchAction\",\"target\":{\"@type\":\"EntryPoint\",\"urlTemplate\":\"https:\/\/www.qnde.ca\/?s={search_term_string}\"},\"query-input\":{\"@type\":\"PropertyValueSpecification\",\"valueRequired\":true,\"valueName\":\"search_term_string\"}}],\"inLanguage\":\"fr-FR\"},{\"@type\":\"Organization\",\"@id\":\"https:\/\/www.qnde.ca\/#organization\",\"name\":\"Quality NDT Ltd.\",\"url\":\"https:\/\/www.qnde.ca\/\",\"logo\":{\"@type\":\"ImageObject\",\"inLanguage\":\"fr-FR\",\"@id\":\"https:\/\/www.qnde.ca\/#\/schema\/logo\/image\/\",\"url\":\"https:\/\/www.qnde.ca\/wp-content\/uploads\/2022\/02\/QNDE_logo_RGB-gif.gif\",\"contentUrl\":\"https:\/\/www.qnde.ca\/wp-content\/uploads\/2022\/02\/QNDE_logo_RGB-gif.gif\",\"width\":250,\"height\":64,\"caption\":\"Quality NDT Ltd.\"},\"image\":{\"@id\":\"https:\/\/www.qnde.ca\/#\/schema\/logo\/image\/\"},\"sameAs\":[\"https:\/\/www.linkedin.com\/company\/qnde\/about\/?viewAsMember=true\"]}]}<\/script>\n<!-- \/ Yoast SEO plugin. -->","yoast_head_json":{"title":"Sonatest Veo3 D\u00e9tecteur de D\u00e9fauts \u00ab Phase Array \u00bb &#060; Qualit\u00e9 NDE","description":"Con\u00e7u pour l\u2019inspection des pi\u00e8ces composites, des soudures, des structures et pour la surveillance de la corrosion. Disponible en quatre configurations PA.","robots":{"index":"index","follow":"follow","max-snippet":"max-snippet:-1","max-image-preview":"max-image-preview:large","max-video-preview":"max-video-preview:-1"},"canonical":"https:\/\/www.qnde.ca\/fr\/produit\/sonatest-veo3-detecteur-de-defauts\/","twitter_misc":{"Dur\u00e9e de lecture estim\u00e9e":"1 minute"},"schema":{"@context":"https:\/\/schema.org","@graph":[{"@type":["WebPage","ItemPage"],"@id":"https:\/\/www.qnde.ca\/fr\/produit\/sonatest-veo3-detecteur-de-defauts\/","url":"https:\/\/www.qnde.ca\/fr\/produit\/sonatest-veo3-detecteur-de-defauts\/","name":"Sonatest Veo3 D\u00e9tecteur de D\u00e9fauts \u00ab Phase Array \u00bb &#060; Qualit\u00e9 NDE","isPartOf":{"@id":"https:\/\/www.qnde.ca\/#website"},"primaryImageOfPage":{"@id":"https:\/\/www.qnde.ca\/fr\/produit\/sonatest-veo3-detecteur-de-defauts\/#primaryimage"},"image":{"@id":"https:\/\/www.qnde.ca\/fr\/produit\/sonatest-veo3-detecteur-de-defauts\/#primaryimage"},"thumbnailUrl":"https:\/\/www.qnde.ca\/wp-content\/uploads\/2016\/01\/Sonatest-Veo3.jpg","datePublished":"2023-03-21T15:56:43+00:00","dateModified":"2025-11-25T19:34:26+00:00","description":"Con\u00e7u pour l\u2019inspection des pi\u00e8ces composites, des soudures, des structures et pour la surveillance de la corrosion. Disponible en quatre configurations PA.","breadcrumb":{"@id":"https:\/\/www.qnde.ca\/fr\/produit\/sonatest-veo3-detecteur-de-defauts\/#breadcrumb"},"inLanguage":"fr-FR","potentialAction":[{"@type":"ReadAction","target":["https:\/\/www.qnde.ca\/fr\/produit\/sonatest-veo3-detecteur-de-defauts\/"]}]},{"@type":"ImageObject","inLanguage":"fr-FR","@id":"https:\/\/www.qnde.ca\/fr\/produit\/sonatest-veo3-detecteur-de-defauts\/#primaryimage","url":"https:\/\/www.qnde.ca\/wp-content\/uploads\/2016\/01\/Sonatest-Veo3.jpg","contentUrl":"https:\/\/www.qnde.ca\/wp-content\/uploads\/2016\/01\/Sonatest-Veo3.jpg","width":1690,"height":1463,"caption":"Un appareil portatif dot\u00e9 d\u2019un \u00e9cran affichant des donn\u00e9es provenant d\u2019un d\u00e9tecteur de d\u00e9fauts par r\u00e9seau phas\u00e9 pour les essais non destructifs."},{"@type":"BreadcrumbList","@id":"https:\/\/www.qnde.ca\/fr\/produit\/sonatest-veo3-detecteur-de-defauts\/#breadcrumb","itemListElement":[{"@type":"ListItem","position":1,"name":"Accueil","item":"https:\/\/www.qnde.ca\/fr\/"},{"@type":"ListItem","position":2,"name":"Produits","item":"https:\/\/www.qnde.ca\/fr\/produits\/"},{"@type":"ListItem","position":3,"name":"Marques","item":"https:\/\/www.qnde.ca\/fr\/product-category\/marques\/"},{"@type":"ListItem","position":4,"name":"Sonatest","item":"https:\/\/www.qnde.ca\/fr\/product-category\/marques\/sonatest-fr\/"},{"@type":"ListItem","position":5,"name":"Sonatest Veo3 D\u00e9tecteur de D\u00e9fauts \u00ab Phase Array \u00bb"}]},{"@type":"WebSite","@id":"https:\/\/www.qnde.ca\/#website","url":"https:\/\/www.qnde.ca\/","name":"Qualit\u00e9 NDE","description":"\u00c9quipements d&#039;essais non destructifs ","publisher":{"@id":"https:\/\/www.qnde.ca\/#organization"},"potentialAction":[{"@type":"SearchAction","target":{"@type":"EntryPoint","urlTemplate":"https:\/\/www.qnde.ca\/?s={search_term_string}"},"query-input":{"@type":"PropertyValueSpecification","valueRequired":true,"valueName":"search_term_string"}}],"inLanguage":"fr-FR"},{"@type":"Organization","@id":"https:\/\/www.qnde.ca\/#organization","name":"Quality NDT Ltd.","url":"https:\/\/www.qnde.ca\/","logo":{"@type":"ImageObject","inLanguage":"fr-FR","@id":"https:\/\/www.qnde.ca\/#\/schema\/logo\/image\/","url":"https:\/\/www.qnde.ca\/wp-content\/uploads\/2022\/02\/QNDE_logo_RGB-gif.gif","contentUrl":"https:\/\/www.qnde.ca\/wp-content\/uploads\/2022\/02\/QNDE_logo_RGB-gif.gif","width":250,"height":64,"caption":"Quality NDT Ltd."},"image":{"@id":"https:\/\/www.qnde.ca\/#\/schema\/logo\/image\/"},"sameAs":["https:\/\/www.linkedin.com\/company\/qnde\/about\/?viewAsMember=true"]}]}},"jetpack_sharing_enabled":true,"_links":{"self":[{"href":"https:\/\/www.qnde.ca\/fr\/wp-json\/wp\/v2\/product\/31003","targetHints":{"allow":["GET"]}}],"collection":[{"href":"https:\/\/www.qnde.ca\/fr\/wp-json\/wp\/v2\/product"}],"about":[{"href":"https:\/\/www.qnde.ca\/fr\/wp-json\/wp\/v2\/types\/product"}],"wp:featuredmedia":[{"embeddable":true,"href":"https:\/\/www.qnde.ca\/fr\/wp-json\/wp\/v2\/media\/31053"}],"wp:attachment":[{"href":"https:\/\/www.qnde.ca\/fr\/wp-json\/wp\/v2\/media?parent=31003"}],"wp:term":[{"taxonomy":"product_brand","embeddable":true,"href":"https:\/\/www.qnde.ca\/fr\/wp-json\/wp\/v2\/product_brand?post=31003"},{"taxonomy":"product_cat","embeddable":true,"href":"https:\/\/www.qnde.ca\/fr\/wp-json\/wp\/v2\/product_cat?post=31003"},{"taxonomy":"product_tag","embeddable":true,"href":"https:\/\/www.qnde.ca\/fr\/wp-json\/wp\/v2\/product_tag?post=31003"}],"curies":[{"name":"wp","href":"https:\/\/api.w.org\/{rel}","templated":true}]}}