{"id":30968,"date":"2023-03-20T18:09:46","date_gmt":"2023-03-21T14:57:22","guid":{"rendered":"https:\/\/www.qnde.ca\/?post_type=product&#038;p=30968"},"modified":"2025-11-11T14:44:00","modified_gmt":"2025-11-11T19:44:00","slug":"comet-evo-systeme","status":"publish","type":"product","link":"https:\/\/www.qnde.ca\/fr\/produit\/comet-evo-systeme\/","title":{"rendered":"COMET Syst\u00e8me \u00e0 Rayons-X &#8211; LOCATION"},"content":{"rendered":"<h3>Syst\u00e8me \u00e0 rayons X Comet &#8211; LOCATION<\/h3>\n<p>Comet est votre fournisseur unique pour la fourniture de g\u00e9n\u00e9rateurs de rayons X, de tubes \u00e0 rayons X en m\u00e9tal-c\u00e9ramique, de refroidisseurs et de c\u00e2bles. Tous les syst\u00e8mes iXRS ont un acc\u00e8s \u00e0 distance via une connexion Internet pour le d\u00e9pannage \u00e0 distance.<\/p>\n<p>Le syst\u00e8me \u00e0 rayons X pour l&rsquo;inspection radiographique est disponible \u00e0 la location et comprend le g\u00e9n\u00e9rateur de rayons X fixe Comet iVario XRS-225\/4500W, une t\u00eate de tube \u00e0 rayons X MXR-225\/26 et un c\u00e2ble HT de 10 m.<\/p>\n<p>Caract\u00e9ristiques:<\/p>\n<ul>\n<li>Tube \u00e0 rayons X MXR-225\/26 &#8211; spot focal ((EN 12543) (1.0\/5.5mm = 640W\/3000W)).<\/li>\n<li>G\u00e9n\u00e9rateur iVario 225kV \/ 4500Watt (y compris les brides) \u2013 208-240VAC avec couvercle IP54.<\/li>\n<li>C\u00e2ble haute tension de 10 m P3\/250-R24SL-R28SL.<\/li>\n<li>Refroidisseur XRC-3023-WA avec 20 m de tuyaux de refroidissement et 20 m de c\u00e2ble d&rsquo;alimentation du refroidisseur).<\/li>\n<li>Contr\u00f4leur portable avec logiciel iVario et protocole Ethernet T3 (c\u00e2ble de 20 m.<\/li>\n<li>Bo\u00eete de d\u00e9rivation iVario (pour connecter le(s) verrouillage(s), les panneaux d&rsquo;avertissement externes, la tour d&rsquo;\u00e9clairage interne, le buzzer et l&rsquo;arr\u00eat d&rsquo;urgence (le cas \u00e9ch\u00e9ant).<\/li>\n<li>Syst\u00e8me \u00e0 rayons X conforme \u00e0 la RED ACT de Sant\u00e9 Canada.\n<ul>\n<li>Livr\u00e9 avec centreur laser.<\/li>\n<\/ul>\n<\/li>\n<li>Manuel d&rsquo;utilisation (anglais).<\/li>\n<\/ul>\n<p>Contactez-nous pour discuter de votre application, de vos exigences, des options disponibles et\/ou recevoir une soumission.<\/p>\n","protected":false},"excerpt":{"rendered":"<p>Syst\u00e8me \u00e0 rayons X Comet &#8211; LOCATION Comet est votre fournisseur unique pour la fourniture de g\u00e9n\u00e9rateurs de rayons X, de tubes \u00e0 rayons X en m\u00e9tal-c\u00e9ramique, de refroidisseurs et de c\u00e2bles. Tous les syst\u00e8mes iXRS ont un acc\u00e8s \u00e0 distance via une connexion Internet pour le d\u00e9pannage \u00e0 distance. Le syst\u00e8me \u00e0 rayons X [&hellip;]<\/p>\n","protected":false},"featured_media":29705,"template":"","meta":{"_monsterinsights_skip_tracking":false,"_monsterinsights_sitenote_active":false,"_monsterinsights_sitenote_note":"","_monsterinsights_sitenote_category":0},"product_brand":[],"product_cat":[394,302],"product_tag":[],"class_list":{"0":"post-30968","1":"product","2":"type-product","3":"status-publish","4":"has-post-thumbnail","6":"product_cat-comet-fr","7":"product_cat-location","9":"first","10":"instock","11":"shipping-taxable","12":"product-type-simple"},"yoast_head":"<!-- This site is optimized with the Yoast SEO plugin v23.9 - https:\/\/yoast.com\/wordpress\/plugins\/seo\/ -->\n<title>COMET Syst\u00e8me \u00e0 Rayons-X - LOCATION &#060; Qualit\u00e9 NDE<\/title>\n<meta name=\"description\" content=\"Ce syst\u00e8me \u00e0 rayons-x est disponible \u00e0 la location et comprend le g\u00e9n\u00e9rateur iVario XRS-225\/4500W, un tube \u00e0 rayons X MXR-225\/26 et un c\u00e2ble HT de 10m.\" \/>\n<meta name=\"robots\" content=\"index, follow, max-snippet:-1, max-image-preview:large, max-video-preview:-1\" \/>\n<link rel=\"canonical\" href=\"https:\/\/www.qnde.ca\/fr\/produit\/comet-evo-systeme\/\" \/>\n<meta name=\"twitter:label1\" content=\"Dur\u00e9e de lecture estim\u00e9e\" \/>\n\t<meta name=\"twitter:data1\" content=\"2 minutes\" \/>\n<script type=\"application\/ld+json\" class=\"yoast-schema-graph\">{\"@context\":\"https:\/\/schema.org\",\"@graph\":[{\"@type\":[\"WebPage\",\"ItemPage\"],\"@id\":\"https:\/\/www.qnde.ca\/fr\/produit\/comet-evo-systeme\/\",\"url\":\"https:\/\/www.qnde.ca\/fr\/produit\/comet-evo-systeme\/\",\"name\":\"COMET Syst\u00e8me \u00e0 Rayons-X - LOCATION &#060; Qualit\u00e9 NDE\",\"isPartOf\":{\"@id\":\"https:\/\/www.qnde.ca\/#website\"},\"primaryImageOfPage\":{\"@id\":\"https:\/\/www.qnde.ca\/fr\/produit\/comet-evo-systeme\/#primaryimage\"},\"image\":{\"@id\":\"https:\/\/www.qnde.ca\/fr\/produit\/comet-evo-systeme\/#primaryimage\"},\"thumbnailUrl\":\"https:\/\/www.qnde.ca\/wp-content\/uploads\/2016\/01\/Comet-iVario-225-scaled.jpg\",\"datePublished\":\"2023-03-21T14:57:22+00:00\",\"dateModified\":\"2025-11-11T19:44:00+00:00\",\"description\":\"Ce syst\u00e8me \u00e0 rayons-x est disponible \u00e0 la location et comprend le g\u00e9n\u00e9rateur iVario XRS-225\/4500W, un tube \u00e0 rayons X MXR-225\/26 et un c\u00e2ble HT de 10m.\",\"breadcrumb\":{\"@id\":\"https:\/\/www.qnde.ca\/fr\/produit\/comet-evo-systeme\/#breadcrumb\"},\"inLanguage\":\"fr-FR\",\"potentialAction\":[{\"@type\":\"ReadAction\",\"target\":[\"https:\/\/www.qnde.ca\/fr\/produit\/comet-evo-systeme\/\"]}]},{\"@type\":\"ImageObject\",\"inLanguage\":\"fr-FR\",\"@id\":\"https:\/\/www.qnde.ca\/fr\/produit\/comet-evo-systeme\/#primaryimage\",\"url\":\"https:\/\/www.qnde.ca\/wp-content\/uploads\/2016\/01\/Comet-iVario-225-scaled.jpg\",\"contentUrl\":\"https:\/\/www.qnde.ca\/wp-content\/uploads\/2016\/01\/Comet-iVario-225-scaled.jpg\",\"width\":2048,\"height\":1088},{\"@type\":\"BreadcrumbList\",\"@id\":\"https:\/\/www.qnde.ca\/fr\/produit\/comet-evo-systeme\/#breadcrumb\",\"itemListElement\":[{\"@type\":\"ListItem\",\"position\":1,\"name\":\"Accueil\",\"item\":\"https:\/\/www.qnde.ca\/fr\/\"},{\"@type\":\"ListItem\",\"position\":2,\"name\":\"Produits\",\"item\":\"https:\/\/www.qnde.ca\/fr\/produits\/\"},{\"@type\":\"ListItem\",\"position\":3,\"name\":\"Marques\",\"item\":\"https:\/\/www.qnde.ca\/fr\/product-category\/marques\/\"},{\"@type\":\"ListItem\",\"position\":4,\"name\":\"Comet\",\"item\":\"https:\/\/www.qnde.ca\/fr\/product-category\/marques\/comet-fr\/\"},{\"@type\":\"ListItem\",\"position\":5,\"name\":\"COMET Syst\u00e8me \u00e0 Rayons-X &#8211; LOCATION\"}]},{\"@type\":\"WebSite\",\"@id\":\"https:\/\/www.qnde.ca\/#website\",\"url\":\"https:\/\/www.qnde.ca\/\",\"name\":\"Qualit\u00e9 NDE\",\"description\":\"\u00c9quipements d&#039;essais non destructifs \",\"publisher\":{\"@id\":\"https:\/\/www.qnde.ca\/#organization\"},\"potentialAction\":[{\"@type\":\"SearchAction\",\"target\":{\"@type\":\"EntryPoint\",\"urlTemplate\":\"https:\/\/www.qnde.ca\/?s={search_term_string}\"},\"query-input\":{\"@type\":\"PropertyValueSpecification\",\"valueRequired\":true,\"valueName\":\"search_term_string\"}}],\"inLanguage\":\"fr-FR\"},{\"@type\":\"Organization\",\"@id\":\"https:\/\/www.qnde.ca\/#organization\",\"name\":\"Quality NDT Ltd.\",\"url\":\"https:\/\/www.qnde.ca\/\",\"logo\":{\"@type\":\"ImageObject\",\"inLanguage\":\"fr-FR\",\"@id\":\"https:\/\/www.qnde.ca\/#\/schema\/logo\/image\/\",\"url\":\"https:\/\/www.qnde.ca\/wp-content\/uploads\/2022\/02\/QNDE_logo_RGB-gif.gif\",\"contentUrl\":\"https:\/\/www.qnde.ca\/wp-content\/uploads\/2022\/02\/QNDE_logo_RGB-gif.gif\",\"width\":250,\"height\":64,\"caption\":\"Quality NDT Ltd.\"},\"image\":{\"@id\":\"https:\/\/www.qnde.ca\/#\/schema\/logo\/image\/\"},\"sameAs\":[\"https:\/\/www.linkedin.com\/company\/qnde\/about\/?viewAsMember=true\"]}]}<\/script>\n<!-- \/ Yoast SEO plugin. -->","yoast_head_json":{"title":"COMET Syst\u00e8me \u00e0 Rayons-X - LOCATION &#060; Qualit\u00e9 NDE","description":"Ce syst\u00e8me \u00e0 rayons-x est disponible \u00e0 la location et comprend le g\u00e9n\u00e9rateur iVario XRS-225\/4500W, un tube \u00e0 rayons X MXR-225\/26 et un c\u00e2ble HT de 10m.","robots":{"index":"index","follow":"follow","max-snippet":"max-snippet:-1","max-image-preview":"max-image-preview:large","max-video-preview":"max-video-preview:-1"},"canonical":"https:\/\/www.qnde.ca\/fr\/produit\/comet-evo-systeme\/","twitter_misc":{"Dur\u00e9e de lecture estim\u00e9e":"2 minutes"},"schema":{"@context":"https:\/\/schema.org","@graph":[{"@type":["WebPage","ItemPage"],"@id":"https:\/\/www.qnde.ca\/fr\/produit\/comet-evo-systeme\/","url":"https:\/\/www.qnde.ca\/fr\/produit\/comet-evo-systeme\/","name":"COMET Syst\u00e8me \u00e0 Rayons-X - LOCATION &#060; Qualit\u00e9 NDE","isPartOf":{"@id":"https:\/\/www.qnde.ca\/#website"},"primaryImageOfPage":{"@id":"https:\/\/www.qnde.ca\/fr\/produit\/comet-evo-systeme\/#primaryimage"},"image":{"@id":"https:\/\/www.qnde.ca\/fr\/produit\/comet-evo-systeme\/#primaryimage"},"thumbnailUrl":"https:\/\/www.qnde.ca\/wp-content\/uploads\/2016\/01\/Comet-iVario-225-scaled.jpg","datePublished":"2023-03-21T14:57:22+00:00","dateModified":"2025-11-11T19:44:00+00:00","description":"Ce syst\u00e8me \u00e0 rayons-x est disponible \u00e0 la location et comprend le g\u00e9n\u00e9rateur iVario XRS-225\/4500W, un tube \u00e0 rayons X MXR-225\/26 et un c\u00e2ble HT de 10m.","breadcrumb":{"@id":"https:\/\/www.qnde.ca\/fr\/produit\/comet-evo-systeme\/#breadcrumb"},"inLanguage":"fr-FR","potentialAction":[{"@type":"ReadAction","target":["https:\/\/www.qnde.ca\/fr\/produit\/comet-evo-systeme\/"]}]},{"@type":"ImageObject","inLanguage":"fr-FR","@id":"https:\/\/www.qnde.ca\/fr\/produit\/comet-evo-systeme\/#primaryimage","url":"https:\/\/www.qnde.ca\/wp-content\/uploads\/2016\/01\/Comet-iVario-225-scaled.jpg","contentUrl":"https:\/\/www.qnde.ca\/wp-content\/uploads\/2016\/01\/Comet-iVario-225-scaled.jpg","width":2048,"height":1088},{"@type":"BreadcrumbList","@id":"https:\/\/www.qnde.ca\/fr\/produit\/comet-evo-systeme\/#breadcrumb","itemListElement":[{"@type":"ListItem","position":1,"name":"Accueil","item":"https:\/\/www.qnde.ca\/fr\/"},{"@type":"ListItem","position":2,"name":"Produits","item":"https:\/\/www.qnde.ca\/fr\/produits\/"},{"@type":"ListItem","position":3,"name":"Marques","item":"https:\/\/www.qnde.ca\/fr\/product-category\/marques\/"},{"@type":"ListItem","position":4,"name":"Comet","item":"https:\/\/www.qnde.ca\/fr\/product-category\/marques\/comet-fr\/"},{"@type":"ListItem","position":5,"name":"COMET Syst\u00e8me \u00e0 Rayons-X &#8211; LOCATION"}]},{"@type":"WebSite","@id":"https:\/\/www.qnde.ca\/#website","url":"https:\/\/www.qnde.ca\/","name":"Qualit\u00e9 NDE","description":"\u00c9quipements d&#039;essais non destructifs ","publisher":{"@id":"https:\/\/www.qnde.ca\/#organization"},"potentialAction":[{"@type":"SearchAction","target":{"@type":"EntryPoint","urlTemplate":"https:\/\/www.qnde.ca\/?s={search_term_string}"},"query-input":{"@type":"PropertyValueSpecification","valueRequired":true,"valueName":"search_term_string"}}],"inLanguage":"fr-FR"},{"@type":"Organization","@id":"https:\/\/www.qnde.ca\/#organization","name":"Quality NDT Ltd.","url":"https:\/\/www.qnde.ca\/","logo":{"@type":"ImageObject","inLanguage":"fr-FR","@id":"https:\/\/www.qnde.ca\/#\/schema\/logo\/image\/","url":"https:\/\/www.qnde.ca\/wp-content\/uploads\/2022\/02\/QNDE_logo_RGB-gif.gif","contentUrl":"https:\/\/www.qnde.ca\/wp-content\/uploads\/2022\/02\/QNDE_logo_RGB-gif.gif","width":250,"height":64,"caption":"Quality NDT Ltd."},"image":{"@id":"https:\/\/www.qnde.ca\/#\/schema\/logo\/image\/"},"sameAs":["https:\/\/www.linkedin.com\/company\/qnde\/about\/?viewAsMember=true"]}]}},"jetpack_sharing_enabled":true,"_links":{"self":[{"href":"https:\/\/www.qnde.ca\/fr\/wp-json\/wp\/v2\/product\/30968","targetHints":{"allow":["GET"]}}],"collection":[{"href":"https:\/\/www.qnde.ca\/fr\/wp-json\/wp\/v2\/product"}],"about":[{"href":"https:\/\/www.qnde.ca\/fr\/wp-json\/wp\/v2\/types\/product"}],"wp:featuredmedia":[{"embeddable":true,"href":"https:\/\/www.qnde.ca\/fr\/wp-json\/wp\/v2\/media\/29705"}],"wp:attachment":[{"href":"https:\/\/www.qnde.ca\/fr\/wp-json\/wp\/v2\/media?parent=30968"}],"wp:term":[{"taxonomy":"product_brand","embeddable":true,"href":"https:\/\/www.qnde.ca\/fr\/wp-json\/wp\/v2\/product_brand?post=30968"},{"taxonomy":"product_cat","embeddable":true,"href":"https:\/\/www.qnde.ca\/fr\/wp-json\/wp\/v2\/product_cat?post=30968"},{"taxonomy":"product_tag","embeddable":true,"href":"https:\/\/www.qnde.ca\/fr\/wp-json\/wp\/v2\/product_tag?post=30968"}],"curies":[{"name":"wp","href":"https:\/\/api.w.org\/{rel}","templated":true}]}}