{"id":30960,"date":"2023-03-20T17:15:15","date_gmt":"2023-03-21T14:56:51","guid":{"rendered":"https:\/\/www.qnde.ca\/?post_type=product&#038;p=30960"},"modified":"2025-11-25T14:38:49","modified_gmt":"2025-11-25T19:38:49","slug":"corendt-cables","status":"publish","type":"product","link":"https:\/\/www.qnde.ca\/fr\/produit\/corendt-cables\/","title":{"rendered":"CoreNDT C\u00e2bles Ultrasons"},"content":{"rendered":"<h3>CoreNDT C\u00e2bles Ultrasons<\/h3>\n<p>Offrant une grande vari\u00e9t\u00e9 de c\u00e2bles ultrasons de diff\u00e9rentes configurations, CoreNDT est un leader dans la fabrication de c\u00e2bles de haute qualit\u00e9 et \u00e0 faible bruit.<\/p>\n<p>Nous avons ajout\u00e9 une nouvelle gamme de c\u00e2bles Quick Trace, qui sont cod\u00e9s par couleur pour \u00eatre facilement identifiables et utiles dans de nombreuses configurations d\u2019inspection.<\/p>\n<p>CoreNDT propose de nombreux types de c\u00e2bles (RG-174, RG-196, RG-58, RG-316 et autres), ainsi que de nombreux types de connecteurs (BNC, Lemo, Microdot et UHF) pour r\u00e9pondre \u00e0 vos besoins en c\u00e2bles ultrasons.<\/p>\n<p>Contactez-nous pour plus d&rsquo;informations ou pour demander une soumission.<\/p>\n","protected":false},"excerpt":{"rendered":"<p>CoreNDT C\u00e2bles Ultrasons Offrant une grande vari\u00e9t\u00e9 de c\u00e2bles ultrasons de diff\u00e9rentes configurations, CoreNDT est un leader dans la fabrication de c\u00e2bles de haute qualit\u00e9 et \u00e0 faible bruit. Nous avons ajout\u00e9 une nouvelle gamme de c\u00e2bles Quick Trace, qui sont cod\u00e9s par couleur pour \u00eatre facilement identifiables et utiles dans de nombreuses configurations d\u2019inspection. [&hellip;]<\/p>\n","protected":false},"featured_media":29776,"template":"","meta":{"_monsterinsights_skip_tracking":false,"_monsterinsights_sitenote_active":false,"_monsterinsights_sitenote_note":"","_monsterinsights_sitenote_category":0},"product_brand":[],"product_cat":[611,124,330],"product_tag":[],"class_list":{"0":"post-30960","1":"product","2":"type-product","3":"status-publish","4":"has-post-thumbnail","6":"product_cat-core-ndt-fr","7":"product_cat-ultrasons","8":"product_cat-palpeurs","10":"first","11":"instock","12":"shipping-taxable","13":"product-type-simple"},"yoast_head":"<!-- This site is optimized with the Yoast SEO plugin v23.9 - https:\/\/yoast.com\/wordpress\/plugins\/seo\/ -->\n<title>CoreNDT C\u00e2bles Ultrasons &#060; Qualit\u00e9 NDE<\/title>\n<meta name=\"description\" content=\"Offrant une grande vari\u00e9t\u00e9 de c\u00e2bles dans diff\u00e9rentes configurations, les c\u00e2bles sont de haute qualit\u00e9 et \u00e0 faible bruit.\" \/>\n<meta name=\"robots\" content=\"index, follow, max-snippet:-1, max-image-preview:large, max-video-preview:-1\" \/>\n<link rel=\"canonical\" href=\"https:\/\/www.qnde.ca\/fr\/produit\/corendt-cables\/\" \/>\n<meta name=\"twitter:label1\" content=\"Dur\u00e9e de lecture estim\u00e9e\" \/>\n\t<meta name=\"twitter:data1\" content=\"1 minute\" \/>\n<script type=\"application\/ld+json\" class=\"yoast-schema-graph\">{\"@context\":\"https:\/\/schema.org\",\"@graph\":[{\"@type\":[\"WebPage\",\"ItemPage\"],\"@id\":\"https:\/\/www.qnde.ca\/fr\/produit\/corendt-cables\/\",\"url\":\"https:\/\/www.qnde.ca\/fr\/produit\/corendt-cables\/\",\"name\":\"CoreNDT C\u00e2bles Ultrasons &#060; Qualit\u00e9 NDE\",\"isPartOf\":{\"@id\":\"https:\/\/www.qnde.ca\/#website\"},\"primaryImageOfPage\":{\"@id\":\"https:\/\/www.qnde.ca\/fr\/produit\/corendt-cables\/#primaryimage\"},\"image\":{\"@id\":\"https:\/\/www.qnde.ca\/fr\/produit\/corendt-cables\/#primaryimage\"},\"thumbnailUrl\":\"https:\/\/www.qnde.ca\/wp-content\/uploads\/2023\/03\/CoreNDT-Cables.jpg\",\"datePublished\":\"2023-03-21T14:56:51+00:00\",\"dateModified\":\"2025-11-25T19:38:49+00:00\",\"description\":\"Offrant une grande vari\u00e9t\u00e9 de c\u00e2bles dans diff\u00e9rentes configurations, les c\u00e2bles sont de haute qualit\u00e9 et \u00e0 faible bruit.\",\"breadcrumb\":{\"@id\":\"https:\/\/www.qnde.ca\/fr\/produit\/corendt-cables\/#breadcrumb\"},\"inLanguage\":\"fr-FR\",\"potentialAction\":[{\"@type\":\"ReadAction\",\"target\":[\"https:\/\/www.qnde.ca\/fr\/produit\/corendt-cables\/\"]}]},{\"@type\":\"ImageObject\",\"inLanguage\":\"fr-FR\",\"@id\":\"https:\/\/www.qnde.ca\/fr\/produit\/corendt-cables\/#primaryimage\",\"url\":\"https:\/\/www.qnde.ca\/wp-content\/uploads\/2023\/03\/CoreNDT-Cables.jpg\",\"contentUrl\":\"https:\/\/www.qnde.ca\/wp-content\/uploads\/2023\/03\/CoreNDT-Cables.jpg\",\"width\":1024,\"height\":684,\"caption\":\"Un ensemble de c\u00e2bles CoreNDT color\u00e9s, chacun affichant une teinte diff\u00e9rente, cr\u00e9ant un arrangement visuellement saisissant et diversifi\u00e9.\"},{\"@type\":\"BreadcrumbList\",\"@id\":\"https:\/\/www.qnde.ca\/fr\/produit\/corendt-cables\/#breadcrumb\",\"itemListElement\":[{\"@type\":\"ListItem\",\"position\":1,\"name\":\"Accueil\",\"item\":\"https:\/\/www.qnde.ca\/fr\/\"},{\"@type\":\"ListItem\",\"position\":2,\"name\":\"Produits\",\"item\":\"https:\/\/www.qnde.ca\/fr\/produits\/\"},{\"@type\":\"ListItem\",\"position\":3,\"name\":\"Marques\",\"item\":\"https:\/\/www.qnde.ca\/fr\/product-category\/marques\/\"},{\"@type\":\"ListItem\",\"position\":4,\"name\":\"CoreNDT\",\"item\":\"https:\/\/www.qnde.ca\/fr\/product-category\/marques\/core-ndt-fr\/\"},{\"@type\":\"ListItem\",\"position\":5,\"name\":\"CoreNDT C\u00e2bles Ultrasons\"}]},{\"@type\":\"WebSite\",\"@id\":\"https:\/\/www.qnde.ca\/#website\",\"url\":\"https:\/\/www.qnde.ca\/\",\"name\":\"Qualit\u00e9 NDE\",\"description\":\"\u00c9quipements d&#039;essais non destructifs \",\"publisher\":{\"@id\":\"https:\/\/www.qnde.ca\/#organization\"},\"potentialAction\":[{\"@type\":\"SearchAction\",\"target\":{\"@type\":\"EntryPoint\",\"urlTemplate\":\"https:\/\/www.qnde.ca\/?s={search_term_string}\"},\"query-input\":{\"@type\":\"PropertyValueSpecification\",\"valueRequired\":true,\"valueName\":\"search_term_string\"}}],\"inLanguage\":\"fr-FR\"},{\"@type\":\"Organization\",\"@id\":\"https:\/\/www.qnde.ca\/#organization\",\"name\":\"Quality NDT Ltd.\",\"url\":\"https:\/\/www.qnde.ca\/\",\"logo\":{\"@type\":\"ImageObject\",\"inLanguage\":\"fr-FR\",\"@id\":\"https:\/\/www.qnde.ca\/#\/schema\/logo\/image\/\",\"url\":\"https:\/\/www.qnde.ca\/wp-content\/uploads\/2022\/02\/QNDE_logo_RGB-gif.gif\",\"contentUrl\":\"https:\/\/www.qnde.ca\/wp-content\/uploads\/2022\/02\/QNDE_logo_RGB-gif.gif\",\"width\":250,\"height\":64,\"caption\":\"Quality NDT Ltd.\"},\"image\":{\"@id\":\"https:\/\/www.qnde.ca\/#\/schema\/logo\/image\/\"},\"sameAs\":[\"https:\/\/www.linkedin.com\/company\/qnde\/about\/?viewAsMember=true\"]}]}<\/script>\n<!-- \/ Yoast SEO plugin. -->","yoast_head_json":{"title":"CoreNDT C\u00e2bles Ultrasons &#060; Qualit\u00e9 NDE","description":"Offrant une grande vari\u00e9t\u00e9 de c\u00e2bles dans diff\u00e9rentes configurations, les c\u00e2bles sont de haute qualit\u00e9 et \u00e0 faible bruit.","robots":{"index":"index","follow":"follow","max-snippet":"max-snippet:-1","max-image-preview":"max-image-preview:large","max-video-preview":"max-video-preview:-1"},"canonical":"https:\/\/www.qnde.ca\/fr\/produit\/corendt-cables\/","twitter_misc":{"Dur\u00e9e de lecture estim\u00e9e":"1 minute"},"schema":{"@context":"https:\/\/schema.org","@graph":[{"@type":["WebPage","ItemPage"],"@id":"https:\/\/www.qnde.ca\/fr\/produit\/corendt-cables\/","url":"https:\/\/www.qnde.ca\/fr\/produit\/corendt-cables\/","name":"CoreNDT C\u00e2bles Ultrasons &#060; Qualit\u00e9 NDE","isPartOf":{"@id":"https:\/\/www.qnde.ca\/#website"},"primaryImageOfPage":{"@id":"https:\/\/www.qnde.ca\/fr\/produit\/corendt-cables\/#primaryimage"},"image":{"@id":"https:\/\/www.qnde.ca\/fr\/produit\/corendt-cables\/#primaryimage"},"thumbnailUrl":"https:\/\/www.qnde.ca\/wp-content\/uploads\/2023\/03\/CoreNDT-Cables.jpg","datePublished":"2023-03-21T14:56:51+00:00","dateModified":"2025-11-25T19:38:49+00:00","description":"Offrant une grande vari\u00e9t\u00e9 de c\u00e2bles dans diff\u00e9rentes configurations, les c\u00e2bles sont de haute qualit\u00e9 et \u00e0 faible bruit.","breadcrumb":{"@id":"https:\/\/www.qnde.ca\/fr\/produit\/corendt-cables\/#breadcrumb"},"inLanguage":"fr-FR","potentialAction":[{"@type":"ReadAction","target":["https:\/\/www.qnde.ca\/fr\/produit\/corendt-cables\/"]}]},{"@type":"ImageObject","inLanguage":"fr-FR","@id":"https:\/\/www.qnde.ca\/fr\/produit\/corendt-cables\/#primaryimage","url":"https:\/\/www.qnde.ca\/wp-content\/uploads\/2023\/03\/CoreNDT-Cables.jpg","contentUrl":"https:\/\/www.qnde.ca\/wp-content\/uploads\/2023\/03\/CoreNDT-Cables.jpg","width":1024,"height":684,"caption":"Un ensemble de c\u00e2bles CoreNDT color\u00e9s, chacun affichant une teinte diff\u00e9rente, cr\u00e9ant un arrangement visuellement saisissant et diversifi\u00e9."},{"@type":"BreadcrumbList","@id":"https:\/\/www.qnde.ca\/fr\/produit\/corendt-cables\/#breadcrumb","itemListElement":[{"@type":"ListItem","position":1,"name":"Accueil","item":"https:\/\/www.qnde.ca\/fr\/"},{"@type":"ListItem","position":2,"name":"Produits","item":"https:\/\/www.qnde.ca\/fr\/produits\/"},{"@type":"ListItem","position":3,"name":"Marques","item":"https:\/\/www.qnde.ca\/fr\/product-category\/marques\/"},{"@type":"ListItem","position":4,"name":"CoreNDT","item":"https:\/\/www.qnde.ca\/fr\/product-category\/marques\/core-ndt-fr\/"},{"@type":"ListItem","position":5,"name":"CoreNDT C\u00e2bles Ultrasons"}]},{"@type":"WebSite","@id":"https:\/\/www.qnde.ca\/#website","url":"https:\/\/www.qnde.ca\/","name":"Qualit\u00e9 NDE","description":"\u00c9quipements d&#039;essais non destructifs ","publisher":{"@id":"https:\/\/www.qnde.ca\/#organization"},"potentialAction":[{"@type":"SearchAction","target":{"@type":"EntryPoint","urlTemplate":"https:\/\/www.qnde.ca\/?s={search_term_string}"},"query-input":{"@type":"PropertyValueSpecification","valueRequired":true,"valueName":"search_term_string"}}],"inLanguage":"fr-FR"},{"@type":"Organization","@id":"https:\/\/www.qnde.ca\/#organization","name":"Quality NDT Ltd.","url":"https:\/\/www.qnde.ca\/","logo":{"@type":"ImageObject","inLanguage":"fr-FR","@id":"https:\/\/www.qnde.ca\/#\/schema\/logo\/image\/","url":"https:\/\/www.qnde.ca\/wp-content\/uploads\/2022\/02\/QNDE_logo_RGB-gif.gif","contentUrl":"https:\/\/www.qnde.ca\/wp-content\/uploads\/2022\/02\/QNDE_logo_RGB-gif.gif","width":250,"height":64,"caption":"Quality NDT Ltd."},"image":{"@id":"https:\/\/www.qnde.ca\/#\/schema\/logo\/image\/"},"sameAs":["https:\/\/www.linkedin.com\/company\/qnde\/about\/?viewAsMember=true"]}]}},"jetpack_sharing_enabled":true,"_links":{"self":[{"href":"https:\/\/www.qnde.ca\/fr\/wp-json\/wp\/v2\/product\/30960","targetHints":{"allow":["GET"]}}],"collection":[{"href":"https:\/\/www.qnde.ca\/fr\/wp-json\/wp\/v2\/product"}],"about":[{"href":"https:\/\/www.qnde.ca\/fr\/wp-json\/wp\/v2\/types\/product"}],"wp:featuredmedia":[{"embeddable":true,"href":"https:\/\/www.qnde.ca\/fr\/wp-json\/wp\/v2\/media\/29776"}],"wp:attachment":[{"href":"https:\/\/www.qnde.ca\/fr\/wp-json\/wp\/v2\/media?parent=30960"}],"wp:term":[{"taxonomy":"product_brand","embeddable":true,"href":"https:\/\/www.qnde.ca\/fr\/wp-json\/wp\/v2\/product_brand?post=30960"},{"taxonomy":"product_cat","embeddable":true,"href":"https:\/\/www.qnde.ca\/fr\/wp-json\/wp\/v2\/product_cat?post=30960"},{"taxonomy":"product_tag","embeddable":true,"href":"https:\/\/www.qnde.ca\/fr\/wp-json\/wp\/v2\/product_tag?post=30960"}],"curies":[{"name":"wp","href":"https:\/\/api.w.org\/{rel}","templated":true}]}}