{"id":30954,"date":"2023-03-21T10:55:05","date_gmt":"2023-03-21T14:57:31","guid":{"rendered":"https:\/\/www.qnde.ca\/?post_type=product&#038;p=30954"},"modified":"2025-11-11T14:40:36","modified_gmt":"2025-11-11T19:40:36","slug":"palpeur-a-delai-remplacable","status":"publish","type":"product","link":"https:\/\/www.qnde.ca\/fr\/produit\/palpeur-a-delai-remplacable\/","title":{"rendered":"CoreNDT Palpeur \u00e0 Delai Rempla\u00e7able"},"content":{"rendered":"<h3>CoreNDT Palpeur \u00e0 Delai Rempla\u00e7able<\/h3>\n<p>Les palpeurs \u00e0 d\u00e9lai de CoreNDT sont g\u00e9n\u00e9ralement utilis\u00e9s pour la mesure d&rsquo;\u00e9paisseur de pr\u00e9cision et la recherche de petits d\u00e9fauts. Ces palpeurs \u00e0 d\u00e9lai rempla\u00e7able introduisent un d\u00e9lai dans l&rsquo;onde sonore ce qui am\u00e9liore la r\u00e9solution proche de la surface. Les d\u00e9lais sont standard en longueur de 0,500&Prime; mais sont disponibles en longueur et formes personnalis\u00e9es pour les applications sp\u00e9ciales.<\/p>\n<p>Disponible dans une gamme de fr\u00e9quences de 2,25 \u00e0 15MHz et des tailles de 0,25&Prime; \u00e0 0,500&Prime; de diam\u00e8tre.<\/p>\n<p>Contactez-nous pour discuter de votre application, vos exigences, des options disponibles et\/ou pour re\u00e7evoir une soumission.<\/p>\n<p>&nbsp;<\/p>\n\n<table id=\"tablepress-86\" class=\"tablepress tablepress-id-86\">\n<thead>\n<tr class=\"row-1\">\n\t<th class=\"column-1\">Taille Nominale de l'\u00c9l\u00e9ment<\/th><th class=\"column-2\">2.25 MHz<\/th><th class=\"column-3\">3.5 MHz<\/th><th class=\"column-4\">5MHz<\/th><th class=\"column-5\">10 MHz<\/th><th class=\"column-6\">15 MHz<\/th><th class=\"column-7\">Tips<\/th>\n<\/tr>\n<\/thead>\n<tbody class=\"row-striping row-hover\">\n<tr class=\"row-2\">\n\t<td class=\"column-1\">0.25\" microdot<\/td><td class=\"column-2\">RDL-2-250-H<\/td><td class=\"column-3\">RDL-3-250-H<\/td><td class=\"column-4\">RDL-5-250-H<\/td><td class=\"column-5\">RDL-10-250-H<\/td><td class=\"column-6\">RDL-15-250-H<\/td><td class=\"column-7\">DT-250<\/td>\n<\/tr>\n<tr class=\"row-3\">\n\t<td class=\"column-1\">0.5\" microdot<\/td><td class=\"column-2\">RDL-2-500-H<\/td><td class=\"column-3\">RDL-3-500-H<\/td><td class=\"column-4\">RDL-5-500-H<\/td><td class=\"column-5\">RDL-10-500-H<\/td><td class=\"column-6\"><\/td><td class=\"column-7\">DT-500<\/td>\n<\/tr>\n<\/tbody>\n<\/table>\n<!-- #tablepress-86 from cache -->\n","protected":false},"excerpt":{"rendered":"<p>CoreNDT Palpeur \u00e0 Delai Rempla\u00e7able Les palpeurs \u00e0 d\u00e9lai de CoreNDT sont g\u00e9n\u00e9ralement utilis\u00e9s pour la mesure d&rsquo;\u00e9paisseur de pr\u00e9cision et la recherche de petits d\u00e9fauts. Ces palpeurs \u00e0 d\u00e9lai rempla\u00e7able introduisent un d\u00e9lai dans l&rsquo;onde sonore ce qui am\u00e9liore la r\u00e9solution proche de la surface. Les d\u00e9lais sont standard en longueur de 0,500&Prime; mais [&hellip;]<\/p>\n","protected":false},"featured_media":29790,"template":"","meta":{"_monsterinsights_skip_tracking":false,"_monsterinsights_sitenote_active":false,"_monsterinsights_sitenote_note":"","_monsterinsights_sitenote_category":0},"product_brand":[],"product_cat":[611,124,330],"product_tag":[],"class_list":{"0":"post-30954","1":"product","2":"type-product","3":"status-publish","4":"has-post-thumbnail","6":"product_cat-core-ndt-fr","7":"product_cat-ultrasons","8":"product_cat-palpeurs","10":"first","11":"instock","12":"shipping-taxable","13":"purchasable","14":"product-type-variable"},"yoast_head":"<!-- This site is optimized with the Yoast SEO plugin v23.9 - https:\/\/yoast.com\/wordpress\/plugins\/seo\/ -->\n<title>CoreNDT Palpeur \u00e0 Delai Rempla\u00e7able &#060; Qualit\u00e9 NDE<\/title>\n<meta name=\"description\" content=\"Les palpeurs ligne \u00e0 retard de CoreNDT sont g\u00e9n\u00e9ralement utilis\u00e9s pour la mesure d&#039;\u00e9paisseur fine et la recherche de petits d\u00e9fauts.\" \/>\n<meta name=\"robots\" content=\"index, follow, max-snippet:-1, max-image-preview:large, max-video-preview:-1\" \/>\n<link rel=\"canonical\" href=\"https:\/\/www.qnde.ca\/fr\/produit\/palpeur-a-delai-remplacable\/\" \/>\n<meta name=\"twitter:label1\" content=\"Dur\u00e9e de lecture estim\u00e9e\" \/>\n\t<meta name=\"twitter:data1\" content=\"1 minute\" \/>\n<script type=\"application\/ld+json\" class=\"yoast-schema-graph\">{\"@context\":\"https:\/\/schema.org\",\"@graph\":[{\"@type\":[\"WebPage\",\"ItemPage\"],\"@id\":\"https:\/\/www.qnde.ca\/fr\/produit\/palpeur-a-delai-remplacable\/\",\"url\":\"https:\/\/www.qnde.ca\/fr\/produit\/palpeur-a-delai-remplacable\/\",\"name\":\"CoreNDT Palpeur \u00e0 Delai Rempla\u00e7able &#060; Qualit\u00e9 NDE\",\"isPartOf\":{\"@id\":\"https:\/\/www.qnde.ca\/#website\"},\"primaryImageOfPage\":{\"@id\":\"https:\/\/www.qnde.ca\/fr\/produit\/palpeur-a-delai-remplacable\/#primaryimage\"},\"image\":{\"@id\":\"https:\/\/www.qnde.ca\/fr\/produit\/palpeur-a-delai-remplacable\/#primaryimage\"},\"thumbnailUrl\":\"https:\/\/www.qnde.ca\/wp-content\/uploads\/2023\/03\/CoreNDT-Repleaceable-Delay-Line-Transducers.jpg\",\"datePublished\":\"2023-03-21T14:57:31+00:00\",\"dateModified\":\"2025-11-11T19:40:36+00:00\",\"description\":\"Les palpeurs ligne \u00e0 retard de CoreNDT sont g\u00e9n\u00e9ralement utilis\u00e9s pour la mesure d'\u00e9paisseur fine et la recherche de petits d\u00e9fauts.\",\"breadcrumb\":{\"@id\":\"https:\/\/www.qnde.ca\/fr\/produit\/palpeur-a-delai-remplacable\/#breadcrumb\"},\"inLanguage\":\"fr-FR\",\"potentialAction\":[{\"@type\":\"ReadAction\",\"target\":[\"https:\/\/www.qnde.ca\/fr\/produit\/palpeur-a-delai-remplacable\/\"]}]},{\"@type\":\"ImageObject\",\"inLanguage\":\"fr-FR\",\"@id\":\"https:\/\/www.qnde.ca\/fr\/produit\/palpeur-a-delai-remplacable\/#primaryimage\",\"url\":\"https:\/\/www.qnde.ca\/wp-content\/uploads\/2023\/03\/CoreNDT-Repleaceable-Delay-Line-Transducers.jpg\",\"contentUrl\":\"https:\/\/www.qnde.ca\/wp-content\/uploads\/2023\/03\/CoreNDT-Repleaceable-Delay-Line-Transducers.jpg\",\"width\":1280,\"height\":960},{\"@type\":\"BreadcrumbList\",\"@id\":\"https:\/\/www.qnde.ca\/fr\/produit\/palpeur-a-delai-remplacable\/#breadcrumb\",\"itemListElement\":[{\"@type\":\"ListItem\",\"position\":1,\"name\":\"Accueil\",\"item\":\"https:\/\/www.qnde.ca\/fr\/\"},{\"@type\":\"ListItem\",\"position\":2,\"name\":\"Produits\",\"item\":\"https:\/\/www.qnde.ca\/fr\/produits\/\"},{\"@type\":\"ListItem\",\"position\":3,\"name\":\"Marques\",\"item\":\"https:\/\/www.qnde.ca\/fr\/product-category\/marques\/\"},{\"@type\":\"ListItem\",\"position\":4,\"name\":\"CoreNDT\",\"item\":\"https:\/\/www.qnde.ca\/fr\/product-category\/marques\/core-ndt-fr\/\"},{\"@type\":\"ListItem\",\"position\":5,\"name\":\"CoreNDT Palpeur \u00e0 Delai Rempla\u00e7able\"}]},{\"@type\":\"WebSite\",\"@id\":\"https:\/\/www.qnde.ca\/#website\",\"url\":\"https:\/\/www.qnde.ca\/\",\"name\":\"Qualit\u00e9 NDE\",\"description\":\"\u00c9quipements d&#039;essais non destructifs \",\"publisher\":{\"@id\":\"https:\/\/www.qnde.ca\/#organization\"},\"potentialAction\":[{\"@type\":\"SearchAction\",\"target\":{\"@type\":\"EntryPoint\",\"urlTemplate\":\"https:\/\/www.qnde.ca\/?s={search_term_string}\"},\"query-input\":{\"@type\":\"PropertyValueSpecification\",\"valueRequired\":true,\"valueName\":\"search_term_string\"}}],\"inLanguage\":\"fr-FR\"},{\"@type\":\"Organization\",\"@id\":\"https:\/\/www.qnde.ca\/#organization\",\"name\":\"Quality NDT Ltd.\",\"url\":\"https:\/\/www.qnde.ca\/\",\"logo\":{\"@type\":\"ImageObject\",\"inLanguage\":\"fr-FR\",\"@id\":\"https:\/\/www.qnde.ca\/#\/schema\/logo\/image\/\",\"url\":\"https:\/\/www.qnde.ca\/wp-content\/uploads\/2022\/02\/QNDE_logo_RGB-gif.gif\",\"contentUrl\":\"https:\/\/www.qnde.ca\/wp-content\/uploads\/2022\/02\/QNDE_logo_RGB-gif.gif\",\"width\":250,\"height\":64,\"caption\":\"Quality NDT Ltd.\"},\"image\":{\"@id\":\"https:\/\/www.qnde.ca\/#\/schema\/logo\/image\/\"},\"sameAs\":[\"https:\/\/www.linkedin.com\/company\/qnde\/about\/?viewAsMember=true\"]}]}<\/script>\n<!-- \/ Yoast SEO plugin. -->","yoast_head_json":{"title":"CoreNDT Palpeur \u00e0 Delai Rempla\u00e7able &#060; Qualit\u00e9 NDE","description":"Les palpeurs ligne \u00e0 retard de CoreNDT sont g\u00e9n\u00e9ralement utilis\u00e9s pour la mesure d'\u00e9paisseur fine et la recherche de petits d\u00e9fauts.","robots":{"index":"index","follow":"follow","max-snippet":"max-snippet:-1","max-image-preview":"max-image-preview:large","max-video-preview":"max-video-preview:-1"},"canonical":"https:\/\/www.qnde.ca\/fr\/produit\/palpeur-a-delai-remplacable\/","twitter_misc":{"Dur\u00e9e de lecture estim\u00e9e":"1 minute"},"schema":{"@context":"https:\/\/schema.org","@graph":[{"@type":["WebPage","ItemPage"],"@id":"https:\/\/www.qnde.ca\/fr\/produit\/palpeur-a-delai-remplacable\/","url":"https:\/\/www.qnde.ca\/fr\/produit\/palpeur-a-delai-remplacable\/","name":"CoreNDT Palpeur \u00e0 Delai Rempla\u00e7able &#060; Qualit\u00e9 NDE","isPartOf":{"@id":"https:\/\/www.qnde.ca\/#website"},"primaryImageOfPage":{"@id":"https:\/\/www.qnde.ca\/fr\/produit\/palpeur-a-delai-remplacable\/#primaryimage"},"image":{"@id":"https:\/\/www.qnde.ca\/fr\/produit\/palpeur-a-delai-remplacable\/#primaryimage"},"thumbnailUrl":"https:\/\/www.qnde.ca\/wp-content\/uploads\/2023\/03\/CoreNDT-Repleaceable-Delay-Line-Transducers.jpg","datePublished":"2023-03-21T14:57:31+00:00","dateModified":"2025-11-11T19:40:36+00:00","description":"Les palpeurs ligne \u00e0 retard de CoreNDT sont g\u00e9n\u00e9ralement utilis\u00e9s pour la mesure d'\u00e9paisseur fine et la recherche de petits d\u00e9fauts.","breadcrumb":{"@id":"https:\/\/www.qnde.ca\/fr\/produit\/palpeur-a-delai-remplacable\/#breadcrumb"},"inLanguage":"fr-FR","potentialAction":[{"@type":"ReadAction","target":["https:\/\/www.qnde.ca\/fr\/produit\/palpeur-a-delai-remplacable\/"]}]},{"@type":"ImageObject","inLanguage":"fr-FR","@id":"https:\/\/www.qnde.ca\/fr\/produit\/palpeur-a-delai-remplacable\/#primaryimage","url":"https:\/\/www.qnde.ca\/wp-content\/uploads\/2023\/03\/CoreNDT-Repleaceable-Delay-Line-Transducers.jpg","contentUrl":"https:\/\/www.qnde.ca\/wp-content\/uploads\/2023\/03\/CoreNDT-Repleaceable-Delay-Line-Transducers.jpg","width":1280,"height":960},{"@type":"BreadcrumbList","@id":"https:\/\/www.qnde.ca\/fr\/produit\/palpeur-a-delai-remplacable\/#breadcrumb","itemListElement":[{"@type":"ListItem","position":1,"name":"Accueil","item":"https:\/\/www.qnde.ca\/fr\/"},{"@type":"ListItem","position":2,"name":"Produits","item":"https:\/\/www.qnde.ca\/fr\/produits\/"},{"@type":"ListItem","position":3,"name":"Marques","item":"https:\/\/www.qnde.ca\/fr\/product-category\/marques\/"},{"@type":"ListItem","position":4,"name":"CoreNDT","item":"https:\/\/www.qnde.ca\/fr\/product-category\/marques\/core-ndt-fr\/"},{"@type":"ListItem","position":5,"name":"CoreNDT Palpeur \u00e0 Delai Rempla\u00e7able"}]},{"@type":"WebSite","@id":"https:\/\/www.qnde.ca\/#website","url":"https:\/\/www.qnde.ca\/","name":"Qualit\u00e9 NDE","description":"\u00c9quipements d&#039;essais non destructifs ","publisher":{"@id":"https:\/\/www.qnde.ca\/#organization"},"potentialAction":[{"@type":"SearchAction","target":{"@type":"EntryPoint","urlTemplate":"https:\/\/www.qnde.ca\/?s={search_term_string}"},"query-input":{"@type":"PropertyValueSpecification","valueRequired":true,"valueName":"search_term_string"}}],"inLanguage":"fr-FR"},{"@type":"Organization","@id":"https:\/\/www.qnde.ca\/#organization","name":"Quality NDT Ltd.","url":"https:\/\/www.qnde.ca\/","logo":{"@type":"ImageObject","inLanguage":"fr-FR","@id":"https:\/\/www.qnde.ca\/#\/schema\/logo\/image\/","url":"https:\/\/www.qnde.ca\/wp-content\/uploads\/2022\/02\/QNDE_logo_RGB-gif.gif","contentUrl":"https:\/\/www.qnde.ca\/wp-content\/uploads\/2022\/02\/QNDE_logo_RGB-gif.gif","width":250,"height":64,"caption":"Quality NDT Ltd."},"image":{"@id":"https:\/\/www.qnde.ca\/#\/schema\/logo\/image\/"},"sameAs":["https:\/\/www.linkedin.com\/company\/qnde\/about\/?viewAsMember=true"]}]}},"jetpack_sharing_enabled":true,"_links":{"self":[{"href":"https:\/\/www.qnde.ca\/fr\/wp-json\/wp\/v2\/product\/30954","targetHints":{"allow":["GET"]}}],"collection":[{"href":"https:\/\/www.qnde.ca\/fr\/wp-json\/wp\/v2\/product"}],"about":[{"href":"https:\/\/www.qnde.ca\/fr\/wp-json\/wp\/v2\/types\/product"}],"wp:featuredmedia":[{"embeddable":true,"href":"https:\/\/www.qnde.ca\/fr\/wp-json\/wp\/v2\/media\/29790"}],"wp:attachment":[{"href":"https:\/\/www.qnde.ca\/fr\/wp-json\/wp\/v2\/media?parent=30954"}],"wp:term":[{"taxonomy":"product_brand","embeddable":true,"href":"https:\/\/www.qnde.ca\/fr\/wp-json\/wp\/v2\/product_brand?post=30954"},{"taxonomy":"product_cat","embeddable":true,"href":"https:\/\/www.qnde.ca\/fr\/wp-json\/wp\/v2\/product_cat?post=30954"},{"taxonomy":"product_tag","embeddable":true,"href":"https:\/\/www.qnde.ca\/fr\/wp-json\/wp\/v2\/product_tag?post=30954"}],"curies":[{"name":"wp","href":"https:\/\/api.w.org\/{rel}","templated":true}]}}