{"id":30945,"date":"2023-03-20T15:05:10","date_gmt":"2023-03-20T19:06:10","guid":{"rendered":"https:\/\/www.qnde.ca\/?post_type=product&#038;p=30945"},"modified":"2023-03-22T15:21:39","modified_gmt":"2023-03-22T19:21:39","slug":"corendt-palpeurs-a-face-protegee","status":"publish","type":"product","link":"https:\/\/www.qnde.ca\/fr\/produit\/corendt-palpeurs-a-face-protegee\/","title":{"rendered":"CoreNDT Palpeurs \u00e0 Face Prot\u00e9g\u00e9e"},"content":{"rendered":"<h3><strong>CoreNDT Palpeurs \u00e0 Face Prot\u00e9g\u00e9e<\/strong><\/h3>\n<p>Les palpeurs \u00e0 face prot\u00e9g\u00e9e de CoreNDT permettent de tester une grande vari\u00e9t\u00e9 de mat\u00e9riaux gr\u00e2ce \u00e0 l&rsquo;utilisation d&rsquo;un capuchon de protection d&rsquo;usure, d&rsquo;une membrane protectrice ou d&rsquo;un d\u00e9lai sur la face du palpeur. Ces palpeurs peuvent \u00eatre utilis\u00e9s en contact direct avec le mat\u00e9riel pour la d\u00e9tection de d\u00e9fauts, la mesure d&rsquo;\u00e9paisseur, la d\u00e9tection et la mesure de d\u00e9lamination; et ils peuvent inspecter les plaques, billettes, barres et autres composantes m\u00e9talliques et non m\u00e9talliques.<\/p>\n<p>Chaque palpeur de la s\u00e9rie P inclut une bague de fixation, une cl\u00e9 et trois membranes protectrices.<\/p>\n<p>Contactez-nous pour discuter de votre application, de vos besoins, des options disponibles et\/ou recevoir une soumission.<\/p>\n<p>&nbsp;<\/p>\n\n<table id=\"tablepress-82\" class=\"tablepress tablepress-id-82\">\n<thead>\n<tr class=\"row-1\">\n\t<th class=\"column-1\">Taille Nominal de l'\u00c9l\u00e9ment<\/th><th class=\"column-2\">0.5 MHz<\/th><th class=\"column-3\">1.0 MHz <\/th><th class=\"column-4\">2.25 MHz <\/th><th class=\"column-5\">3.5 MHz<\/th>\n<\/tr>\n<\/thead>\n<tbody class=\"row-striping row-hover\">\n<tr class=\"row-2\">\n\t<td class=\"column-1\">0.5\" BNC<\/td><td class=\"column-2\"><\/td><td class=\"column-3\">P-1-500-G<\/td><td class=\"column-4\">P-2-500-G<\/td><td class=\"column-5\">P-3-500-G<\/td>\n<\/tr>\n<tr class=\"row-3\">\n\t<td class=\"column-1\">0.75\" BNC<\/td><td class=\"column-2\">P-0.5-750-G<\/td><td class=\"column-3\">P-1-750-G<\/td><td class=\"column-4\">P-2-750-G<\/td><td class=\"column-5\">P-3-750-G<\/td>\n<\/tr>\n<tr class=\"row-4\">\n\t<td class=\"column-1\">1.0\" BNC<\/td><td class=\"column-2\">P-0.5-1000-G<\/td><td class=\"column-3\">P-1-1000-G<\/td><td class=\"column-4\">P-2-1000-G<\/td><td class=\"column-5\">P-3-1000-G<\/td>\n<\/tr>\n<\/tbody>\n<\/table>\n<!-- #tablepress-82 from cache -->\n","protected":false},"excerpt":{"rendered":"<p>CoreNDT Palpeurs \u00e0 Face Prot\u00e9g\u00e9e Les palpeurs \u00e0 face prot\u00e9g\u00e9e de CoreNDT permettent de tester une grande vari\u00e9t\u00e9 de mat\u00e9riaux gr\u00e2ce \u00e0 l&rsquo;utilisation d&rsquo;un capuchon de protection d&rsquo;usure, d&rsquo;une membrane protectrice ou d&rsquo;un d\u00e9lai sur la face du palpeur. Ces palpeurs peuvent \u00eatre utilis\u00e9s en contact direct avec le mat\u00e9riel pour la d\u00e9tection de d\u00e9fauts, [&hellip;]<\/p>\n","protected":false},"featured_media":29782,"template":"","meta":{"_monsterinsights_skip_tracking":false,"_monsterinsights_sitenote_active":false,"_monsterinsights_sitenote_note":"","_monsterinsights_sitenote_category":0},"product_brand":[],"product_cat":[611,124,330],"product_tag":[],"class_list":{"0":"post-30945","1":"product","2":"type-product","3":"status-publish","4":"has-post-thumbnail","6":"product_cat-core-ndt-fr","7":"product_cat-ultrasons","8":"product_cat-palpeurs","10":"first","11":"instock","12":"shipping-taxable","13":"purchasable","14":"product-type-variable"},"yoast_head":"<!-- This site is optimized with the Yoast SEO plugin v23.9 - https:\/\/yoast.com\/wordpress\/plugins\/seo\/ -->\n<title>CoreNDT Palpeurs \u00e0 Face Prot\u00e9g\u00e9e &#060; Qualit\u00e9 NDE<\/title>\n<meta name=\"description\" content=\"Les transducteurs \u00e0 face prot\u00e9g\u00e9e CoreNDT permettent de tester une grande vari\u00e9t\u00e9 de mat\u00e9riaux.\" \/>\n<meta name=\"robots\" content=\"index, follow, max-snippet:-1, max-image-preview:large, max-video-preview:-1\" \/>\n<link rel=\"canonical\" href=\"https:\/\/www.qnde.ca\/fr\/produit\/corendt-palpeurs-a-face-protegee\/\" \/>\n<meta name=\"twitter:label1\" content=\"Dur\u00e9e de lecture estim\u00e9e\" \/>\n\t<meta name=\"twitter:data1\" content=\"1 minute\" \/>\n<script type=\"application\/ld+json\" class=\"yoast-schema-graph\">{\"@context\":\"https:\/\/schema.org\",\"@graph\":[{\"@type\":[\"WebPage\",\"ItemPage\"],\"@id\":\"https:\/\/www.qnde.ca\/fr\/produit\/corendt-palpeurs-a-face-protegee\/\",\"url\":\"https:\/\/www.qnde.ca\/fr\/produit\/corendt-palpeurs-a-face-protegee\/\",\"name\":\"CoreNDT Palpeurs \u00e0 Face Prot\u00e9g\u00e9e &#060; Qualit\u00e9 NDE\",\"isPartOf\":{\"@id\":\"https:\/\/www.qnde.ca\/#website\"},\"primaryImageOfPage\":{\"@id\":\"https:\/\/www.qnde.ca\/fr\/produit\/corendt-palpeurs-a-face-protegee\/#primaryimage\"},\"image\":{\"@id\":\"https:\/\/www.qnde.ca\/fr\/produit\/corendt-palpeurs-a-face-protegee\/#primaryimage\"},\"thumbnailUrl\":\"https:\/\/www.qnde.ca\/wp-content\/uploads\/2023\/03\/CoreNDT-Protective-Face-Transducers.jpg\",\"datePublished\":\"2023-03-20T19:06:10+00:00\",\"dateModified\":\"2023-03-22T19:21:39+00:00\",\"description\":\"Les transducteurs \u00e0 face prot\u00e9g\u00e9e CoreNDT permettent de tester une grande vari\u00e9t\u00e9 de mat\u00e9riaux.\",\"breadcrumb\":{\"@id\":\"https:\/\/www.qnde.ca\/fr\/produit\/corendt-palpeurs-a-face-protegee\/#breadcrumb\"},\"inLanguage\":\"fr-FR\",\"potentialAction\":[{\"@type\":\"ReadAction\",\"target\":[\"https:\/\/www.qnde.ca\/fr\/produit\/corendt-palpeurs-a-face-protegee\/\"]}]},{\"@type\":\"ImageObject\",\"inLanguage\":\"fr-FR\",\"@id\":\"https:\/\/www.qnde.ca\/fr\/produit\/corendt-palpeurs-a-face-protegee\/#primaryimage\",\"url\":\"https:\/\/www.qnde.ca\/wp-content\/uploads\/2023\/03\/CoreNDT-Protective-Face-Transducers.jpg\",\"contentUrl\":\"https:\/\/www.qnde.ca\/wp-content\/uploads\/2023\/03\/CoreNDT-Protective-Face-Transducers.jpg\",\"width\":300,\"height\":300},{\"@type\":\"BreadcrumbList\",\"@id\":\"https:\/\/www.qnde.ca\/fr\/produit\/corendt-palpeurs-a-face-protegee\/#breadcrumb\",\"itemListElement\":[{\"@type\":\"ListItem\",\"position\":1,\"name\":\"Accueil\",\"item\":\"https:\/\/www.qnde.ca\/fr\/\"},{\"@type\":\"ListItem\",\"position\":2,\"name\":\"Produits\",\"item\":\"https:\/\/www.qnde.ca\/fr\/produits\/\"},{\"@type\":\"ListItem\",\"position\":3,\"name\":\"Ultrasound\",\"item\":\"https:\/\/www.qnde.ca\/product-category\/ultrasound\/\"},{\"@type\":\"ListItem\",\"position\":4,\"name\":\"Transducers &amp; Wedges\",\"item\":\"https:\/\/www.qnde.ca\/product-category\/ultrasound\/transducers\/\"},{\"@type\":\"ListItem\",\"position\":5,\"name\":\"CoreNDT Palpeurs \u00e0 Face Prot\u00e9g\u00e9e\"}]},{\"@type\":\"WebSite\",\"@id\":\"https:\/\/www.qnde.ca\/#website\",\"url\":\"https:\/\/www.qnde.ca\/\",\"name\":\"Qualit\u00e9 NDE\",\"description\":\"\u00c9quipements d&#039;essais non destructifs \",\"publisher\":{\"@id\":\"https:\/\/www.qnde.ca\/#organization\"},\"potentialAction\":[{\"@type\":\"SearchAction\",\"target\":{\"@type\":\"EntryPoint\",\"urlTemplate\":\"https:\/\/www.qnde.ca\/?s={search_term_string}\"},\"query-input\":{\"@type\":\"PropertyValueSpecification\",\"valueRequired\":true,\"valueName\":\"search_term_string\"}}],\"inLanguage\":\"fr-FR\"},{\"@type\":\"Organization\",\"@id\":\"https:\/\/www.qnde.ca\/#organization\",\"name\":\"Quality NDT Ltd.\",\"url\":\"https:\/\/www.qnde.ca\/\",\"logo\":{\"@type\":\"ImageObject\",\"inLanguage\":\"fr-FR\",\"@id\":\"https:\/\/www.qnde.ca\/#\/schema\/logo\/image\/\",\"url\":\"https:\/\/www.qnde.ca\/wp-content\/uploads\/2022\/02\/QNDE_logo_RGB-gif.gif\",\"contentUrl\":\"https:\/\/www.qnde.ca\/wp-content\/uploads\/2022\/02\/QNDE_logo_RGB-gif.gif\",\"width\":250,\"height\":64,\"caption\":\"Quality NDT Ltd.\"},\"image\":{\"@id\":\"https:\/\/www.qnde.ca\/#\/schema\/logo\/image\/\"},\"sameAs\":[\"https:\/\/www.linkedin.com\/company\/qnde\/about\/?viewAsMember=true\"]}]}<\/script>\n<!-- \/ Yoast SEO plugin. -->","yoast_head_json":{"title":"CoreNDT Palpeurs \u00e0 Face Prot\u00e9g\u00e9e &#060; Qualit\u00e9 NDE","description":"Les transducteurs \u00e0 face prot\u00e9g\u00e9e CoreNDT permettent de tester une grande vari\u00e9t\u00e9 de mat\u00e9riaux.","robots":{"index":"index","follow":"follow","max-snippet":"max-snippet:-1","max-image-preview":"max-image-preview:large","max-video-preview":"max-video-preview:-1"},"canonical":"https:\/\/www.qnde.ca\/fr\/produit\/corendt-palpeurs-a-face-protegee\/","twitter_misc":{"Dur\u00e9e de lecture estim\u00e9e":"1 minute"},"schema":{"@context":"https:\/\/schema.org","@graph":[{"@type":["WebPage","ItemPage"],"@id":"https:\/\/www.qnde.ca\/fr\/produit\/corendt-palpeurs-a-face-protegee\/","url":"https:\/\/www.qnde.ca\/fr\/produit\/corendt-palpeurs-a-face-protegee\/","name":"CoreNDT Palpeurs \u00e0 Face Prot\u00e9g\u00e9e &#060; Qualit\u00e9 NDE","isPartOf":{"@id":"https:\/\/www.qnde.ca\/#website"},"primaryImageOfPage":{"@id":"https:\/\/www.qnde.ca\/fr\/produit\/corendt-palpeurs-a-face-protegee\/#primaryimage"},"image":{"@id":"https:\/\/www.qnde.ca\/fr\/produit\/corendt-palpeurs-a-face-protegee\/#primaryimage"},"thumbnailUrl":"https:\/\/www.qnde.ca\/wp-content\/uploads\/2023\/03\/CoreNDT-Protective-Face-Transducers.jpg","datePublished":"2023-03-20T19:06:10+00:00","dateModified":"2023-03-22T19:21:39+00:00","description":"Les transducteurs \u00e0 face prot\u00e9g\u00e9e CoreNDT permettent de tester une grande vari\u00e9t\u00e9 de mat\u00e9riaux.","breadcrumb":{"@id":"https:\/\/www.qnde.ca\/fr\/produit\/corendt-palpeurs-a-face-protegee\/#breadcrumb"},"inLanguage":"fr-FR","potentialAction":[{"@type":"ReadAction","target":["https:\/\/www.qnde.ca\/fr\/produit\/corendt-palpeurs-a-face-protegee\/"]}]},{"@type":"ImageObject","inLanguage":"fr-FR","@id":"https:\/\/www.qnde.ca\/fr\/produit\/corendt-palpeurs-a-face-protegee\/#primaryimage","url":"https:\/\/www.qnde.ca\/wp-content\/uploads\/2023\/03\/CoreNDT-Protective-Face-Transducers.jpg","contentUrl":"https:\/\/www.qnde.ca\/wp-content\/uploads\/2023\/03\/CoreNDT-Protective-Face-Transducers.jpg","width":300,"height":300},{"@type":"BreadcrumbList","@id":"https:\/\/www.qnde.ca\/fr\/produit\/corendt-palpeurs-a-face-protegee\/#breadcrumb","itemListElement":[{"@type":"ListItem","position":1,"name":"Accueil","item":"https:\/\/www.qnde.ca\/fr\/"},{"@type":"ListItem","position":2,"name":"Produits","item":"https:\/\/www.qnde.ca\/fr\/produits\/"},{"@type":"ListItem","position":3,"name":"Ultrasound","item":"https:\/\/www.qnde.ca\/product-category\/ultrasound\/"},{"@type":"ListItem","position":4,"name":"Transducers &amp; Wedges","item":"https:\/\/www.qnde.ca\/product-category\/ultrasound\/transducers\/"},{"@type":"ListItem","position":5,"name":"CoreNDT Palpeurs \u00e0 Face Prot\u00e9g\u00e9e"}]},{"@type":"WebSite","@id":"https:\/\/www.qnde.ca\/#website","url":"https:\/\/www.qnde.ca\/","name":"Qualit\u00e9 NDE","description":"\u00c9quipements d&#039;essais non destructifs ","publisher":{"@id":"https:\/\/www.qnde.ca\/#organization"},"potentialAction":[{"@type":"SearchAction","target":{"@type":"EntryPoint","urlTemplate":"https:\/\/www.qnde.ca\/?s={search_term_string}"},"query-input":{"@type":"PropertyValueSpecification","valueRequired":true,"valueName":"search_term_string"}}],"inLanguage":"fr-FR"},{"@type":"Organization","@id":"https:\/\/www.qnde.ca\/#organization","name":"Quality NDT Ltd.","url":"https:\/\/www.qnde.ca\/","logo":{"@type":"ImageObject","inLanguage":"fr-FR","@id":"https:\/\/www.qnde.ca\/#\/schema\/logo\/image\/","url":"https:\/\/www.qnde.ca\/wp-content\/uploads\/2022\/02\/QNDE_logo_RGB-gif.gif","contentUrl":"https:\/\/www.qnde.ca\/wp-content\/uploads\/2022\/02\/QNDE_logo_RGB-gif.gif","width":250,"height":64,"caption":"Quality NDT Ltd."},"image":{"@id":"https:\/\/www.qnde.ca\/#\/schema\/logo\/image\/"},"sameAs":["https:\/\/www.linkedin.com\/company\/qnde\/about\/?viewAsMember=true"]}]}},"jetpack_sharing_enabled":true,"_links":{"self":[{"href":"https:\/\/www.qnde.ca\/fr\/wp-json\/wp\/v2\/product\/30945","targetHints":{"allow":["GET"]}}],"collection":[{"href":"https:\/\/www.qnde.ca\/fr\/wp-json\/wp\/v2\/product"}],"about":[{"href":"https:\/\/www.qnde.ca\/fr\/wp-json\/wp\/v2\/types\/product"}],"wp:featuredmedia":[{"embeddable":true,"href":"https:\/\/www.qnde.ca\/fr\/wp-json\/wp\/v2\/media\/29782"}],"wp:attachment":[{"href":"https:\/\/www.qnde.ca\/fr\/wp-json\/wp\/v2\/media?parent=30945"}],"wp:term":[{"taxonomy":"product_brand","embeddable":true,"href":"https:\/\/www.qnde.ca\/fr\/wp-json\/wp\/v2\/product_brand?post=30945"},{"taxonomy":"product_cat","embeddable":true,"href":"https:\/\/www.qnde.ca\/fr\/wp-json\/wp\/v2\/product_cat?post=30945"},{"taxonomy":"product_tag","embeddable":true,"href":"https:\/\/www.qnde.ca\/fr\/wp-json\/wp\/v2\/product_tag?post=30945"}],"curies":[{"name":"wp","href":"https:\/\/api.w.org\/{rel}","templated":true}]}}