{"id":29815,"date":"2023-03-17T17:55:59","date_gmt":"2023-03-17T22:55:49","guid":{"rendered":"https:\/\/www.qnde.ca\/?post_type=product&#038;p=29815"},"modified":"2023-03-22T15:19:02","modified_gmt":"2023-03-22T19:19:02","slug":"palpeurs-contact-core-ndt","status":"publish","type":"product","link":"https:\/\/www.qnde.ca\/fr\/produit\/palpeurs-contact-core-ndt\/","title":{"rendered":"CoreNDT Palpeurs Contacts"},"content":{"rendered":"<h3>CoreNDT Palpeurs Contacts<\/h3>\n<p>Les palpeurs contact \u00e0 ondes longitudinales de CoreNDT sont robustes et con\u00e7us pour r\u00e9sister au contact direct avec une vari\u00e9t\u00e9 de mat\u00e9riaux. Ils sont utilis\u00e9s dans de nombreuses applications avec un faisceau droit pour la d\u00e9tection de d\u00e9fauts et la mesure d&rsquo;\u00e9paisseur, la d\u00e9tection et la mesure de d\u00e9lamination; et l&rsquo;inspection de plaques, billettes, barres et autres composantes m\u00e9talliques et non m\u00e9talliques.<\/p>\n<p>Notre gamme de palpeurs contacts \u00e0 une bague d&rsquo;usure pour r\u00e9sister aux exigentes conditions d\u2019inspections. Disponible dans une gamme de fr\u00e9quences de 2,25 \u00e0 10MHz et tailles de 0,25&Prime; \u00e0 1,0&Prime; avec connecteur BNC lat\u00e9ral ou micropoint sur le dessus.<\/p>\n<p>Contactez-nous pour discuter de votre application, de vos exigences, des options disponibles et\/ou recevoir une soumission.<\/p>\n<p>&nbsp;<\/p>\n\n<table id=\"tablepress-80\" class=\"tablepress tablepress-id-80\">\n<thead>\n<tr class=\"row-1\">\n\t<th class=\"column-1\">Taille Nominale de l'\u00e9l\u00e9ment<\/th><th class=\"column-2\">2.25 MHz<\/th><th class=\"column-3\">3.5 MHz <\/th><th class=\"column-4\">5 MHz<\/th><th class=\"column-5\">10 MHHz<\/th>\n<\/tr>\n<\/thead>\n<tbody class=\"row-striping row-hover\">\n<tr class=\"row-2\">\n\t<td class=\"column-1\">0.25\" Microdot (fingertip)<\/td><td class=\"column-2\">FC-2-250-G<\/td><td class=\"column-3\">FC-3-250-G<\/td><td class=\"column-4\">FC-5-250-G<\/td><td class=\"column-5\"><\/td>\n<\/tr>\n<tr class=\"row-3\">\n\t<td class=\"column-1\">0.375\" Microdot (fingertip)<\/td><td class=\"column-2\">FC-2-375-G<\/td><td class=\"column-3\">FC-3-375-G<\/td><td class=\"column-4\">FC-5-375-G<\/td><td class=\"column-5\"><\/td>\n<\/tr>\n<tr class=\"row-4\">\n\t<td class=\"column-1\">0.5\" Microdot (fingertip)<\/td><td class=\"column-2\">FC-2-500-G<\/td><td class=\"column-3\">FC-3-500-G<\/td><td class=\"column-4\">FC-5-500-G<\/td><td class=\"column-5\"><\/td>\n<\/tr>\n<tr class=\"row-5\">\n\t<td class=\"column-1\">0.75\" Microdot (fingertip)<\/td><td class=\"column-2\">FC-2-750-G<\/td><td class=\"column-3\"><\/td><td class=\"column-4\"><\/td><td class=\"column-5\"><\/td>\n<\/tr>\n<tr class=\"row-6\">\n\t<td class=\"column-1\">0.5\" BNC<\/td><td class=\"column-2\">C-2-500-G<\/td><td class=\"column-3\">C-3-500-G<\/td><td class=\"column-4\">C-5-500-G<\/td><td class=\"column-5\">C-10-500-G<\/td>\n<\/tr>\n<tr class=\"row-7\">\n\t<td class=\"column-1\">0.75\" BNC<\/td><td class=\"column-2\">C-2-750-G<\/td><td class=\"column-3\">C-3-750-G<\/td><td class=\"column-4\">C-5-750-G<\/td><td class=\"column-5\"><\/td>\n<\/tr>\n<tr class=\"row-8\">\n\t<td class=\"column-1\">1.0\" BNC<\/td><td class=\"column-2\">C-2-1000-G<\/td><td class=\"column-3\">C-3-1000-G<\/td><td class=\"column-4\">C-5-1000-G<\/td><td class=\"column-5\"><\/td>\n<\/tr>\n<\/tbody>\n<\/table>\n<!-- #tablepress-80 from cache -->\n","protected":false},"excerpt":{"rendered":"<p>CoreNDT Palpeurs Contacts Les palpeurs contact \u00e0 ondes longitudinales de CoreNDT sont robustes et con\u00e7us pour r\u00e9sister au contact direct avec une vari\u00e9t\u00e9 de mat\u00e9riaux. Ils sont utilis\u00e9s dans de nombreuses applications avec un faisceau droit pour la d\u00e9tection de d\u00e9fauts et la mesure d&rsquo;\u00e9paisseur, la d\u00e9tection et la mesure de d\u00e9lamination; et l&rsquo;inspection de [&hellip;]<\/p>\n","protected":false},"featured_media":29778,"template":"","meta":{"_monsterinsights_skip_tracking":false,"_monsterinsights_sitenote_active":false,"_monsterinsights_sitenote_note":"","_monsterinsights_sitenote_category":0},"product_brand":[],"product_cat":[611,124,330],"product_tag":[],"class_list":{"0":"post-29815","1":"product","2":"type-product","3":"status-publish","4":"has-post-thumbnail","6":"product_cat-core-ndt-fr","7":"product_cat-ultrasons","8":"product_cat-palpeurs","10":"first","11":"instock","12":"shipping-taxable","13":"purchasable","14":"product-type-variable"},"yoast_head":"<!-- This site is optimized with the Yoast SEO plugin v23.9 - https:\/\/yoast.com\/wordpress\/plugins\/seo\/ -->\n<title>CoreNDT Palpeurs Contacts &#060; Qualit\u00e9 NDE<\/title>\n<meta name=\"description\" content=\"Les transducteurs \u00e0 ondes longitudinales de contact CoreNDT sont robustes et con\u00e7us pour r\u00e9sister au contact direct avec une vari\u00e9t\u00e9 de mat\u00e9riaux.\" \/>\n<meta name=\"robots\" content=\"index, follow, max-snippet:-1, max-image-preview:large, max-video-preview:-1\" \/>\n<link rel=\"canonical\" href=\"https:\/\/www.qnde.ca\/fr\/produit\/palpeurs-contact-core-ndt\/\" \/>\n<meta name=\"twitter:label1\" content=\"Dur\u00e9e de lecture estim\u00e9e\" \/>\n\t<meta name=\"twitter:data1\" content=\"1 minute\" \/>\n<script type=\"application\/ld+json\" class=\"yoast-schema-graph\">{\"@context\":\"https:\/\/schema.org\",\"@graph\":[{\"@type\":[\"WebPage\",\"ItemPage\"],\"@id\":\"https:\/\/www.qnde.ca\/fr\/produit\/palpeurs-contact-core-ndt\/\",\"url\":\"https:\/\/www.qnde.ca\/fr\/produit\/palpeurs-contact-core-ndt\/\",\"name\":\"CoreNDT Palpeurs Contacts &#060; Qualit\u00e9 NDE\",\"isPartOf\":{\"@id\":\"https:\/\/www.qnde.ca\/#website\"},\"primaryImageOfPage\":{\"@id\":\"https:\/\/www.qnde.ca\/fr\/produit\/palpeurs-contact-core-ndt\/#primaryimage\"},\"image\":{\"@id\":\"https:\/\/www.qnde.ca\/fr\/produit\/palpeurs-contact-core-ndt\/#primaryimage\"},\"thumbnailUrl\":\"https:\/\/www.qnde.ca\/wp-content\/uploads\/2023\/03\/CoreNDT-Contact-Transducers-General-Purpose-High-Resolution.jpg\",\"datePublished\":\"2023-03-17T22:55:49+00:00\",\"dateModified\":\"2023-03-22T19:19:02+00:00\",\"description\":\"Les transducteurs \u00e0 ondes longitudinales de contact CoreNDT sont robustes et con\u00e7us pour r\u00e9sister au contact direct avec une vari\u00e9t\u00e9 de mat\u00e9riaux.\",\"breadcrumb\":{\"@id\":\"https:\/\/www.qnde.ca\/fr\/produit\/palpeurs-contact-core-ndt\/#breadcrumb\"},\"inLanguage\":\"fr-FR\",\"potentialAction\":[{\"@type\":\"ReadAction\",\"target\":[\"https:\/\/www.qnde.ca\/fr\/produit\/palpeurs-contact-core-ndt\/\"]}]},{\"@type\":\"ImageObject\",\"inLanguage\":\"fr-FR\",\"@id\":\"https:\/\/www.qnde.ca\/fr\/produit\/palpeurs-contact-core-ndt\/#primaryimage\",\"url\":\"https:\/\/www.qnde.ca\/wp-content\/uploads\/2023\/03\/CoreNDT-Contact-Transducers-General-Purpose-High-Resolution.jpg\",\"contentUrl\":\"https:\/\/www.qnde.ca\/wp-content\/uploads\/2023\/03\/CoreNDT-Contact-Transducers-General-Purpose-High-Resolution.jpg\",\"width\":684,\"height\":621},{\"@type\":\"BreadcrumbList\",\"@id\":\"https:\/\/www.qnde.ca\/fr\/produit\/palpeurs-contact-core-ndt\/#breadcrumb\",\"itemListElement\":[{\"@type\":\"ListItem\",\"position\":1,\"name\":\"Accueil\",\"item\":\"https:\/\/www.qnde.ca\/fr\/\"},{\"@type\":\"ListItem\",\"position\":2,\"name\":\"Produits\",\"item\":\"https:\/\/www.qnde.ca\/fr\/produits\/\"},{\"@type\":\"ListItem\",\"position\":3,\"name\":\"Ultrasound\",\"item\":\"https:\/\/www.qnde.ca\/product-category\/ultrasound\/\"},{\"@type\":\"ListItem\",\"position\":4,\"name\":\"Transducers &amp; Wedges\",\"item\":\"https:\/\/www.qnde.ca\/product-category\/ultrasound\/transducers\/\"},{\"@type\":\"ListItem\",\"position\":5,\"name\":\"CoreNDT Palpeurs Contacts\"}]},{\"@type\":\"WebSite\",\"@id\":\"https:\/\/www.qnde.ca\/#website\",\"url\":\"https:\/\/www.qnde.ca\/\",\"name\":\"Qualit\u00e9 NDE\",\"description\":\"\u00c9quipements d&#039;essais non destructifs \",\"publisher\":{\"@id\":\"https:\/\/www.qnde.ca\/#organization\"},\"potentialAction\":[{\"@type\":\"SearchAction\",\"target\":{\"@type\":\"EntryPoint\",\"urlTemplate\":\"https:\/\/www.qnde.ca\/?s={search_term_string}\"},\"query-input\":{\"@type\":\"PropertyValueSpecification\",\"valueRequired\":true,\"valueName\":\"search_term_string\"}}],\"inLanguage\":\"fr-FR\"},{\"@type\":\"Organization\",\"@id\":\"https:\/\/www.qnde.ca\/#organization\",\"name\":\"Quality NDT Ltd.\",\"url\":\"https:\/\/www.qnde.ca\/\",\"logo\":{\"@type\":\"ImageObject\",\"inLanguage\":\"fr-FR\",\"@id\":\"https:\/\/www.qnde.ca\/#\/schema\/logo\/image\/\",\"url\":\"https:\/\/www.qnde.ca\/wp-content\/uploads\/2022\/02\/QNDE_logo_RGB-gif.gif\",\"contentUrl\":\"https:\/\/www.qnde.ca\/wp-content\/uploads\/2022\/02\/QNDE_logo_RGB-gif.gif\",\"width\":250,\"height\":64,\"caption\":\"Quality NDT Ltd.\"},\"image\":{\"@id\":\"https:\/\/www.qnde.ca\/#\/schema\/logo\/image\/\"},\"sameAs\":[\"https:\/\/www.linkedin.com\/company\/qnde\/about\/?viewAsMember=true\"]}]}<\/script>\n<!-- \/ Yoast SEO plugin. -->","yoast_head_json":{"title":"CoreNDT Palpeurs Contacts &#060; Qualit\u00e9 NDE","description":"Les transducteurs \u00e0 ondes longitudinales de contact CoreNDT sont robustes et con\u00e7us pour r\u00e9sister au contact direct avec une vari\u00e9t\u00e9 de mat\u00e9riaux.","robots":{"index":"index","follow":"follow","max-snippet":"max-snippet:-1","max-image-preview":"max-image-preview:large","max-video-preview":"max-video-preview:-1"},"canonical":"https:\/\/www.qnde.ca\/fr\/produit\/palpeurs-contact-core-ndt\/","twitter_misc":{"Dur\u00e9e de lecture estim\u00e9e":"1 minute"},"schema":{"@context":"https:\/\/schema.org","@graph":[{"@type":["WebPage","ItemPage"],"@id":"https:\/\/www.qnde.ca\/fr\/produit\/palpeurs-contact-core-ndt\/","url":"https:\/\/www.qnde.ca\/fr\/produit\/palpeurs-contact-core-ndt\/","name":"CoreNDT Palpeurs Contacts &#060; Qualit\u00e9 NDE","isPartOf":{"@id":"https:\/\/www.qnde.ca\/#website"},"primaryImageOfPage":{"@id":"https:\/\/www.qnde.ca\/fr\/produit\/palpeurs-contact-core-ndt\/#primaryimage"},"image":{"@id":"https:\/\/www.qnde.ca\/fr\/produit\/palpeurs-contact-core-ndt\/#primaryimage"},"thumbnailUrl":"https:\/\/www.qnde.ca\/wp-content\/uploads\/2023\/03\/CoreNDT-Contact-Transducers-General-Purpose-High-Resolution.jpg","datePublished":"2023-03-17T22:55:49+00:00","dateModified":"2023-03-22T19:19:02+00:00","description":"Les transducteurs \u00e0 ondes longitudinales de contact CoreNDT sont robustes et con\u00e7us pour r\u00e9sister au contact direct avec une vari\u00e9t\u00e9 de mat\u00e9riaux.","breadcrumb":{"@id":"https:\/\/www.qnde.ca\/fr\/produit\/palpeurs-contact-core-ndt\/#breadcrumb"},"inLanguage":"fr-FR","potentialAction":[{"@type":"ReadAction","target":["https:\/\/www.qnde.ca\/fr\/produit\/palpeurs-contact-core-ndt\/"]}]},{"@type":"ImageObject","inLanguage":"fr-FR","@id":"https:\/\/www.qnde.ca\/fr\/produit\/palpeurs-contact-core-ndt\/#primaryimage","url":"https:\/\/www.qnde.ca\/wp-content\/uploads\/2023\/03\/CoreNDT-Contact-Transducers-General-Purpose-High-Resolution.jpg","contentUrl":"https:\/\/www.qnde.ca\/wp-content\/uploads\/2023\/03\/CoreNDT-Contact-Transducers-General-Purpose-High-Resolution.jpg","width":684,"height":621},{"@type":"BreadcrumbList","@id":"https:\/\/www.qnde.ca\/fr\/produit\/palpeurs-contact-core-ndt\/#breadcrumb","itemListElement":[{"@type":"ListItem","position":1,"name":"Accueil","item":"https:\/\/www.qnde.ca\/fr\/"},{"@type":"ListItem","position":2,"name":"Produits","item":"https:\/\/www.qnde.ca\/fr\/produits\/"},{"@type":"ListItem","position":3,"name":"Ultrasound","item":"https:\/\/www.qnde.ca\/product-category\/ultrasound\/"},{"@type":"ListItem","position":4,"name":"Transducers &amp; Wedges","item":"https:\/\/www.qnde.ca\/product-category\/ultrasound\/transducers\/"},{"@type":"ListItem","position":5,"name":"CoreNDT Palpeurs Contacts"}]},{"@type":"WebSite","@id":"https:\/\/www.qnde.ca\/#website","url":"https:\/\/www.qnde.ca\/","name":"Qualit\u00e9 NDE","description":"\u00c9quipements d&#039;essais non destructifs ","publisher":{"@id":"https:\/\/www.qnde.ca\/#organization"},"potentialAction":[{"@type":"SearchAction","target":{"@type":"EntryPoint","urlTemplate":"https:\/\/www.qnde.ca\/?s={search_term_string}"},"query-input":{"@type":"PropertyValueSpecification","valueRequired":true,"valueName":"search_term_string"}}],"inLanguage":"fr-FR"},{"@type":"Organization","@id":"https:\/\/www.qnde.ca\/#organization","name":"Quality NDT Ltd.","url":"https:\/\/www.qnde.ca\/","logo":{"@type":"ImageObject","inLanguage":"fr-FR","@id":"https:\/\/www.qnde.ca\/#\/schema\/logo\/image\/","url":"https:\/\/www.qnde.ca\/wp-content\/uploads\/2022\/02\/QNDE_logo_RGB-gif.gif","contentUrl":"https:\/\/www.qnde.ca\/wp-content\/uploads\/2022\/02\/QNDE_logo_RGB-gif.gif","width":250,"height":64,"caption":"Quality NDT Ltd."},"image":{"@id":"https:\/\/www.qnde.ca\/#\/schema\/logo\/image\/"},"sameAs":["https:\/\/www.linkedin.com\/company\/qnde\/about\/?viewAsMember=true"]}]}},"jetpack_sharing_enabled":true,"_links":{"self":[{"href":"https:\/\/www.qnde.ca\/fr\/wp-json\/wp\/v2\/product\/29815","targetHints":{"allow":["GET"]}}],"collection":[{"href":"https:\/\/www.qnde.ca\/fr\/wp-json\/wp\/v2\/product"}],"about":[{"href":"https:\/\/www.qnde.ca\/fr\/wp-json\/wp\/v2\/types\/product"}],"wp:featuredmedia":[{"embeddable":true,"href":"https:\/\/www.qnde.ca\/fr\/wp-json\/wp\/v2\/media\/29778"}],"wp:attachment":[{"href":"https:\/\/www.qnde.ca\/fr\/wp-json\/wp\/v2\/media?parent=29815"}],"wp:term":[{"taxonomy":"product_brand","embeddable":true,"href":"https:\/\/www.qnde.ca\/fr\/wp-json\/wp\/v2\/product_brand?post=29815"},{"taxonomy":"product_cat","embeddable":true,"href":"https:\/\/www.qnde.ca\/fr\/wp-json\/wp\/v2\/product_cat?post=29815"},{"taxonomy":"product_tag","embeddable":true,"href":"https:\/\/www.qnde.ca\/fr\/wp-json\/wp\/v2\/product_tag?post=29815"}],"curies":[{"name":"wp","href":"https:\/\/api.w.org\/{rel}","templated":true}]}}