{"id":29807,"date":"2023-03-17T16:49:12","date_gmt":"2023-03-17T20:51:38","guid":{"rendered":"https:\/\/www.qnde.ca\/?post_type=product&#038;p=29807"},"modified":"2023-03-22T15:16:07","modified_gmt":"2023-03-22T19:16:07","slug":"palpeurs-sabots-aws","status":"publish","type":"product","link":"https:\/\/www.qnde.ca\/fr\/produit\/palpeurs-sabots-aws\/","title":{"rendered":"CoreNDT Palpeurs \u00e0 Angle et Sabots AWS"},"content":{"rendered":"<h3>CoreNDT Palpeurs \u00e0 Angle et Sabots AWS<\/h3>\n<p>Les palpeurs \u00e0 angle AWS de CoreNDT sont utilis\u00e9s avec un sabot AWS pour introduire une onde longitudinale dans le mat\u00e9riel inspect\u00e9. Les palpeurs AWS de CoreNDT respectent ou d\u00e9passent les exigences de l\u2019American Welding Society.<\/p>\n<p>Contactez-nous pour discuter de votre application, vos exigences, des options disponibles et\/ou recevoir une soumission.<\/p>\n<p>&nbsp;<\/p>\n\n<table id=\"tablepress-78\" class=\"tablepress tablepress-id-78\">\n<thead>\n<tr class=\"row-1\">\n\t<th class=\"column-1\">Taille nominale de l'\u00e9l\u00e9ment<\/th><th class=\"column-2\">2.25 MHz<\/th><th class=\"column-3\">Palpeur Escargot AWS 45\u00b0 <\/th><th class=\"column-4\">Palpeur Escargot AWS 60\u00b0 <\/th><th class=\"column-5\">Palpeur Escargot AWS 70\u00b0 <\/th>\n<\/tr>\n<\/thead>\n<tbody class=\"row-striping row-hover\">\n<tr class=\"row-2\">\n\t<td class=\"column-1\">0.625\" x 0.625\"<\/td><td class=\"column-2\">AB-2-625x625-AWS<\/td><td class=\"column-3\">SN45-5\/8<\/td><td class=\"column-4\">SN60-5\/8<\/td><td class=\"column-5\">SN70-5\/8<\/td>\n<\/tr>\n<tr class=\"row-3\">\n\t<td class=\"column-1\">0.625\" X 0.75\"<\/td><td class=\"column-2\">AB-2-625x75-AWS<\/td><td class=\"column-3\">SN45-5\/8-3\/4<\/td><td class=\"column-4\">SN60-5\/8-3\/4<\/td><td class=\"column-5\">SN70-5\/8-3\/5<\/td>\n<\/tr>\n<tr class=\"row-4\">\n\t<td class=\"column-1\">0.75\" X 0.75\"<\/td><td class=\"column-2\">AB-2-750x750-AWS<\/td><td class=\"column-3\">SN45-3\/4<\/td><td class=\"column-4\">SN60-3\/4<\/td><td class=\"column-5\">SN70-3\/4<\/td>\n<\/tr>\n<\/tbody>\n<\/table>\n<!-- #tablepress-78 from cache -->\n","protected":false},"excerpt":{"rendered":"<p>CoreNDT Palpeurs \u00e0 Angle et Sabots AWS Les palpeurs \u00e0 angle AWS de CoreNDT sont utilis\u00e9s avec un sabot AWS pour introduire une onde longitudinale dans le mat\u00e9riel inspect\u00e9. Les palpeurs AWS de CoreNDT respectent ou d\u00e9passent les exigences de l\u2019American Welding Society. Contactez-nous pour discuter de votre application, vos exigences, des options disponibles et\/ou [&hellip;]<\/p>\n","protected":false},"featured_media":29804,"template":"","meta":{"_monsterinsights_skip_tracking":false,"_monsterinsights_sitenote_active":false,"_monsterinsights_sitenote_note":"","_monsterinsights_sitenote_category":0},"product_brand":[],"product_cat":[611,124,330],"product_tag":[],"class_list":{"0":"post-29807","1":"product","2":"type-product","3":"status-publish","4":"has-post-thumbnail","6":"product_cat-core-ndt-fr","7":"product_cat-ultrasons","8":"product_cat-palpeurs","10":"first","11":"instock","12":"shipping-taxable","13":"purchasable","14":"product-type-variable"},"yoast_head":"<!-- This site is optimized with the Yoast SEO plugin v23.9 - https:\/\/yoast.com\/wordpress\/plugins\/seo\/ -->\n<title>CoreNDT Palpeurs \u00e0 Angle et Sabots AWS &#060; Qualit\u00e9 NDE<\/title>\n<meta name=\"description\" content=\"Les palpeurs \u00e0 angle standard de CoreNDT sont utilis\u00e9s en conjonction avec un sabot \u00e0 changement rapide pour l\u2019inspection a ultrason.\" \/>\n<meta name=\"robots\" content=\"index, follow, max-snippet:-1, max-image-preview:large, max-video-preview:-1\" \/>\n<link rel=\"canonical\" href=\"https:\/\/www.qnde.ca\/fr\/produit\/palpeurs-sabots-aws\/\" \/>\n<meta name=\"twitter:label1\" content=\"Dur\u00e9e de lecture estim\u00e9e\" \/>\n\t<meta name=\"twitter:data1\" content=\"1 minute\" \/>\n<script type=\"application\/ld+json\" class=\"yoast-schema-graph\">{\"@context\":\"https:\/\/schema.org\",\"@graph\":[{\"@type\":[\"WebPage\",\"ItemPage\"],\"@id\":\"https:\/\/www.qnde.ca\/fr\/produit\/palpeurs-sabots-aws\/\",\"url\":\"https:\/\/www.qnde.ca\/fr\/produit\/palpeurs-sabots-aws\/\",\"name\":\"CoreNDT Palpeurs \u00e0 Angle et Sabots AWS &#060; Qualit\u00e9 NDE\",\"isPartOf\":{\"@id\":\"https:\/\/www.qnde.ca\/#website\"},\"primaryImageOfPage\":{\"@id\":\"https:\/\/www.qnde.ca\/fr\/produit\/palpeurs-sabots-aws\/#primaryimage\"},\"image\":{\"@id\":\"https:\/\/www.qnde.ca\/fr\/produit\/palpeurs-sabots-aws\/#primaryimage\"},\"thumbnailUrl\":\"https:\/\/www.qnde.ca\/wp-content\/uploads\/2023\/03\/CoreNDT-AWS-Angle-Beam-Transducer-Microdot-2.25MHz-0.625inch.png\",\"datePublished\":\"2023-03-17T20:51:38+00:00\",\"dateModified\":\"2023-03-22T19:16:07+00:00\",\"description\":\"Les palpeurs \u00e0 angle standard de CoreNDT sont utilis\u00e9s en conjonction avec un sabot \u00e0 changement rapide pour l\u2019inspection a ultrason.\",\"breadcrumb\":{\"@id\":\"https:\/\/www.qnde.ca\/fr\/produit\/palpeurs-sabots-aws\/#breadcrumb\"},\"inLanguage\":\"fr-FR\",\"potentialAction\":[{\"@type\":\"ReadAction\",\"target\":[\"https:\/\/www.qnde.ca\/fr\/produit\/palpeurs-sabots-aws\/\"]}]},{\"@type\":\"ImageObject\",\"inLanguage\":\"fr-FR\",\"@id\":\"https:\/\/www.qnde.ca\/fr\/produit\/palpeurs-sabots-aws\/#primaryimage\",\"url\":\"https:\/\/www.qnde.ca\/wp-content\/uploads\/2023\/03\/CoreNDT-AWS-Angle-Beam-Transducer-Microdot-2.25MHz-0.625inch.png\",\"contentUrl\":\"https:\/\/www.qnde.ca\/wp-content\/uploads\/2023\/03\/CoreNDT-AWS-Angle-Beam-Transducer-Microdot-2.25MHz-0.625inch.png\",\"width\":1024,\"height\":1024},{\"@type\":\"BreadcrumbList\",\"@id\":\"https:\/\/www.qnde.ca\/fr\/produit\/palpeurs-sabots-aws\/#breadcrumb\",\"itemListElement\":[{\"@type\":\"ListItem\",\"position\":1,\"name\":\"Accueil\",\"item\":\"https:\/\/www.qnde.ca\/fr\/\"},{\"@type\":\"ListItem\",\"position\":2,\"name\":\"Produits\",\"item\":\"https:\/\/www.qnde.ca\/fr\/produits\/\"},{\"@type\":\"ListItem\",\"position\":3,\"name\":\"Brands\",\"item\":\"https:\/\/www.qnde.ca\/product-category\/brands\/\"},{\"@type\":\"ListItem\",\"position\":4,\"name\":\"Other Brands\",\"item\":\"https:\/\/www.qnde.ca\/product-category\/brands\/other-brands\/\"},{\"@type\":\"ListItem\",\"position\":5,\"name\":\"CoreNDT Palpeurs \u00e0 Angle et Sabots AWS\"}]},{\"@type\":\"WebSite\",\"@id\":\"https:\/\/www.qnde.ca\/#website\",\"url\":\"https:\/\/www.qnde.ca\/\",\"name\":\"Qualit\u00e9 NDE\",\"description\":\"\u00c9quipements d&#039;essais non destructifs \",\"publisher\":{\"@id\":\"https:\/\/www.qnde.ca\/#organization\"},\"potentialAction\":[{\"@type\":\"SearchAction\",\"target\":{\"@type\":\"EntryPoint\",\"urlTemplate\":\"https:\/\/www.qnde.ca\/?s={search_term_string}\"},\"query-input\":{\"@type\":\"PropertyValueSpecification\",\"valueRequired\":true,\"valueName\":\"search_term_string\"}}],\"inLanguage\":\"fr-FR\"},{\"@type\":\"Organization\",\"@id\":\"https:\/\/www.qnde.ca\/#organization\",\"name\":\"Quality NDT Ltd.\",\"url\":\"https:\/\/www.qnde.ca\/\",\"logo\":{\"@type\":\"ImageObject\",\"inLanguage\":\"fr-FR\",\"@id\":\"https:\/\/www.qnde.ca\/#\/schema\/logo\/image\/\",\"url\":\"https:\/\/www.qnde.ca\/wp-content\/uploads\/2022\/02\/QNDE_logo_RGB-gif.gif\",\"contentUrl\":\"https:\/\/www.qnde.ca\/wp-content\/uploads\/2022\/02\/QNDE_logo_RGB-gif.gif\",\"width\":250,\"height\":64,\"caption\":\"Quality NDT Ltd.\"},\"image\":{\"@id\":\"https:\/\/www.qnde.ca\/#\/schema\/logo\/image\/\"},\"sameAs\":[\"https:\/\/www.linkedin.com\/company\/qnde\/about\/?viewAsMember=true\"]}]}<\/script>\n<!-- \/ Yoast SEO plugin. -->","yoast_head_json":{"title":"CoreNDT Palpeurs \u00e0 Angle et Sabots AWS &#060; Qualit\u00e9 NDE","description":"Les palpeurs \u00e0 angle standard de CoreNDT sont utilis\u00e9s en conjonction avec un sabot \u00e0 changement rapide pour l\u2019inspection a ultrason.","robots":{"index":"index","follow":"follow","max-snippet":"max-snippet:-1","max-image-preview":"max-image-preview:large","max-video-preview":"max-video-preview:-1"},"canonical":"https:\/\/www.qnde.ca\/fr\/produit\/palpeurs-sabots-aws\/","twitter_misc":{"Dur\u00e9e de lecture estim\u00e9e":"1 minute"},"schema":{"@context":"https:\/\/schema.org","@graph":[{"@type":["WebPage","ItemPage"],"@id":"https:\/\/www.qnde.ca\/fr\/produit\/palpeurs-sabots-aws\/","url":"https:\/\/www.qnde.ca\/fr\/produit\/palpeurs-sabots-aws\/","name":"CoreNDT Palpeurs \u00e0 Angle et Sabots AWS &#060; Qualit\u00e9 NDE","isPartOf":{"@id":"https:\/\/www.qnde.ca\/#website"},"primaryImageOfPage":{"@id":"https:\/\/www.qnde.ca\/fr\/produit\/palpeurs-sabots-aws\/#primaryimage"},"image":{"@id":"https:\/\/www.qnde.ca\/fr\/produit\/palpeurs-sabots-aws\/#primaryimage"},"thumbnailUrl":"https:\/\/www.qnde.ca\/wp-content\/uploads\/2023\/03\/CoreNDT-AWS-Angle-Beam-Transducer-Microdot-2.25MHz-0.625inch.png","datePublished":"2023-03-17T20:51:38+00:00","dateModified":"2023-03-22T19:16:07+00:00","description":"Les palpeurs \u00e0 angle standard de CoreNDT sont utilis\u00e9s en conjonction avec un sabot \u00e0 changement rapide pour l\u2019inspection a ultrason.","breadcrumb":{"@id":"https:\/\/www.qnde.ca\/fr\/produit\/palpeurs-sabots-aws\/#breadcrumb"},"inLanguage":"fr-FR","potentialAction":[{"@type":"ReadAction","target":["https:\/\/www.qnde.ca\/fr\/produit\/palpeurs-sabots-aws\/"]}]},{"@type":"ImageObject","inLanguage":"fr-FR","@id":"https:\/\/www.qnde.ca\/fr\/produit\/palpeurs-sabots-aws\/#primaryimage","url":"https:\/\/www.qnde.ca\/wp-content\/uploads\/2023\/03\/CoreNDT-AWS-Angle-Beam-Transducer-Microdot-2.25MHz-0.625inch.png","contentUrl":"https:\/\/www.qnde.ca\/wp-content\/uploads\/2023\/03\/CoreNDT-AWS-Angle-Beam-Transducer-Microdot-2.25MHz-0.625inch.png","width":1024,"height":1024},{"@type":"BreadcrumbList","@id":"https:\/\/www.qnde.ca\/fr\/produit\/palpeurs-sabots-aws\/#breadcrumb","itemListElement":[{"@type":"ListItem","position":1,"name":"Accueil","item":"https:\/\/www.qnde.ca\/fr\/"},{"@type":"ListItem","position":2,"name":"Produits","item":"https:\/\/www.qnde.ca\/fr\/produits\/"},{"@type":"ListItem","position":3,"name":"Brands","item":"https:\/\/www.qnde.ca\/product-category\/brands\/"},{"@type":"ListItem","position":4,"name":"Other Brands","item":"https:\/\/www.qnde.ca\/product-category\/brands\/other-brands\/"},{"@type":"ListItem","position":5,"name":"CoreNDT Palpeurs \u00e0 Angle et Sabots AWS"}]},{"@type":"WebSite","@id":"https:\/\/www.qnde.ca\/#website","url":"https:\/\/www.qnde.ca\/","name":"Qualit\u00e9 NDE","description":"\u00c9quipements d&#039;essais non destructifs ","publisher":{"@id":"https:\/\/www.qnde.ca\/#organization"},"potentialAction":[{"@type":"SearchAction","target":{"@type":"EntryPoint","urlTemplate":"https:\/\/www.qnde.ca\/?s={search_term_string}"},"query-input":{"@type":"PropertyValueSpecification","valueRequired":true,"valueName":"search_term_string"}}],"inLanguage":"fr-FR"},{"@type":"Organization","@id":"https:\/\/www.qnde.ca\/#organization","name":"Quality NDT Ltd.","url":"https:\/\/www.qnde.ca\/","logo":{"@type":"ImageObject","inLanguage":"fr-FR","@id":"https:\/\/www.qnde.ca\/#\/schema\/logo\/image\/","url":"https:\/\/www.qnde.ca\/wp-content\/uploads\/2022\/02\/QNDE_logo_RGB-gif.gif","contentUrl":"https:\/\/www.qnde.ca\/wp-content\/uploads\/2022\/02\/QNDE_logo_RGB-gif.gif","width":250,"height":64,"caption":"Quality NDT Ltd."},"image":{"@id":"https:\/\/www.qnde.ca\/#\/schema\/logo\/image\/"},"sameAs":["https:\/\/www.linkedin.com\/company\/qnde\/about\/?viewAsMember=true"]}]}},"jetpack_sharing_enabled":true,"_links":{"self":[{"href":"https:\/\/www.qnde.ca\/fr\/wp-json\/wp\/v2\/product\/29807","targetHints":{"allow":["GET"]}}],"collection":[{"href":"https:\/\/www.qnde.ca\/fr\/wp-json\/wp\/v2\/product"}],"about":[{"href":"https:\/\/www.qnde.ca\/fr\/wp-json\/wp\/v2\/types\/product"}],"wp:featuredmedia":[{"embeddable":true,"href":"https:\/\/www.qnde.ca\/fr\/wp-json\/wp\/v2\/media\/29804"}],"wp:attachment":[{"href":"https:\/\/www.qnde.ca\/fr\/wp-json\/wp\/v2\/media?parent=29807"}],"wp:term":[{"taxonomy":"product_brand","embeddable":true,"href":"https:\/\/www.qnde.ca\/fr\/wp-json\/wp\/v2\/product_brand?post=29807"},{"taxonomy":"product_cat","embeddable":true,"href":"https:\/\/www.qnde.ca\/fr\/wp-json\/wp\/v2\/product_cat?post=29807"},{"taxonomy":"product_tag","embeddable":true,"href":"https:\/\/www.qnde.ca\/fr\/wp-json\/wp\/v2\/product_tag?post=29807"}],"curies":[{"name":"wp","href":"https:\/\/api.w.org\/{rel}","templated":true}]}}