{"id":29793,"date":"2023-03-17T15:51:57","date_gmt":"2023-03-17T19:52:27","guid":{"rendered":"https:\/\/www.qnde.ca\/?post_type=product&#038;p=29793"},"modified":"2023-03-22T15:13:56","modified_gmt":"2023-03-22T19:13:56","slug":"palpeur-angle","status":"publish","type":"product","link":"https:\/\/www.qnde.ca\/fr\/produit\/palpeur-angle\/","title":{"rendered":"CoreNDT Palpeurs a Angle et Sabots a Changement Rapide"},"content":{"rendered":"<h3><strong>CoreNDT Palpeurs a Angle et Sabots a Changement Rapide<\/strong><\/h3>\n<p>&nbsp;<\/p>\n<p>Les palpeurs \u00e0 angle de CoreNDT sont utilis\u00e9s avec un sabot pour introduire une onde longitudinale dans le mat\u00e9riel test\u00e9. Les palpeurs \u00e0 angle standard de CoreNDT sont con\u00e7us pour avoir un bruit faible et avoir une puissance substantielle.<\/p>\n<p>Ceux-ci sont disponibles dans des fr\u00e9quences de 2.25 \u00e0 10MHz et dans une grande vari\u00e9t\u00e9 de tailles.<\/p>\n<p>Contactez-nous pour discuter de votre application, vos exigences, des options disponibles et\/ou recevoir une soumission.<\/p>\n<p>&nbsp;<\/p>\n\n<table id=\"tablepress-74\" class=\"tablepress tablepress-id-74\">\n<thead>\n<tr class=\"row-1\">\n\t<th class=\"column-1\"><\/th><th class=\"column-2\">2.25 MHz<\/th><th class=\"column-3\">3.5 MHz<\/th><th class=\"column-4\">5 MHz<\/th><th class=\"column-5\">10 MHz<\/th>\n<\/tr>\n<\/thead>\n<tbody class=\"row-striping row-hover\">\n<tr class=\"row-2\">\n\t<td class=\"column-1\">0.25\" diametre<\/td><td class=\"column-2\">ABQC-2-250-G<\/td><td class=\"column-3\">ABQC-3-250-G<\/td><td class=\"column-4\">ABQC-5-250-G<\/td><td class=\"column-5\">ABQC-10-250-G<\/td>\n<\/tr>\n<tr class=\"row-3\">\n\t<td class=\"column-1\">0.375\" diametre<\/td><td class=\"column-2\">ABQC-2-375-G<\/td><td class=\"column-3\">ABQC-3-375-G<\/td><td class=\"column-4\">ABQC-5-375-G<\/td><td class=\"column-5\">ABQC-10-375-G<\/td>\n<\/tr>\n<tr class=\"row-4\">\n\t<td class=\"column-1\">0.5\" diametre<\/td><td class=\"column-2\">ABQC-2-500-G<\/td><td class=\"column-3\">ABQC-3-500-G<\/td><td class=\"column-4\">ABQC-5-500-G<\/td><td class=\"column-5\">ABQC-10-500-G<\/td>\n<\/tr>\n<\/tbody>\n<\/table>\n\n\n<table id=\"tablepress-76\" class=\"tablepress tablepress-id-76\">\n<thead>\n<tr class=\"row-1\">\n\t<th class=\"column-1\">Taille nominale de l'\u00e9l\u00e9ment\/Angle d'onde de cisaillement r\u00e9fract\u00e9<\/th><th class=\"column-2\">45\u00b0<\/th><th class=\"column-3\">60\u00b0<\/th><th class=\"column-4\">70\u00b0<\/th>\n<\/tr>\n<\/thead>\n<tbody class=\"row-striping row-hover\">\n<tr class=\"row-2\">\n\t<td class=\"column-1\">0.25\" diametre<\/td><td class=\"column-2\">QC145<\/td><td class=\"column-3\">QC160<\/td><td class=\"column-4\">QC170<\/td>\n<\/tr>\n<tr class=\"row-3\">\n\t<td class=\"column-1\">0.375\" diametre<\/td><td class=\"column-2\">QC245<\/td><td class=\"column-3\">QC260<\/td><td class=\"column-4\">QC270<\/td>\n<\/tr>\n<tr class=\"row-4\">\n\t<td class=\"column-1\">0.5\" diametre<\/td><td class=\"column-2\">QC345<\/td><td class=\"column-3\">QC360<\/td><td class=\"column-4\">QC370<\/td>\n<\/tr>\n<\/tbody>\n<\/table>\n\n","protected":false},"excerpt":{"rendered":"<p>CoreNDT Palpeurs a Angle et Sabots a Changement Rapide &nbsp; Les palpeurs \u00e0 angle de CoreNDT sont utilis\u00e9s avec un sabot pour introduire une onde longitudinale dans le mat\u00e9riel test\u00e9. Les palpeurs \u00e0 angle standard de CoreNDT sont con\u00e7us pour avoir un bruit faible et avoir une puissance substantielle. Ceux-ci sont disponibles dans des fr\u00e9quences [&hellip;]<\/p>\n","protected":false},"featured_media":29772,"template":"","meta":{"_monsterinsights_skip_tracking":false,"_monsterinsights_sitenote_active":false,"_monsterinsights_sitenote_note":"","_monsterinsights_sitenote_category":0},"product_brand":[],"product_cat":[611,124,330],"product_tag":[],"class_list":{"0":"post-29793","1":"product","2":"type-product","3":"status-publish","4":"has-post-thumbnail","6":"product_cat-core-ndt-fr","7":"product_cat-ultrasons","8":"product_cat-palpeurs","10":"first","11":"instock","12":"shipping-taxable","13":"purchasable","14":"product-type-variable"},"yoast_head":"<!-- This site is optimized with the Yoast SEO plugin v23.9 - https:\/\/yoast.com\/wordpress\/plugins\/seo\/ -->\n<title>CoreNDT Palpeurs a Angle et Sabots a Changement Rapide &#060; Qualit\u00e9 NDE<\/title>\n<meta name=\"description\" content=\"Les palpeurs \u00e0 angle standard de CoreNDT sont utilis\u00e9s en conjonction avec un sabot \u00e0 changement rapide pour inspection a ultrason.\" \/>\n<meta name=\"robots\" content=\"index, follow, max-snippet:-1, max-image-preview:large, max-video-preview:-1\" \/>\n<link rel=\"canonical\" href=\"https:\/\/www.qnde.ca\/fr\/produit\/palpeur-angle\/\" \/>\n<meta name=\"twitter:label1\" content=\"Dur\u00e9e de lecture estim\u00e9e\" \/>\n\t<meta name=\"twitter:data1\" content=\"1 minute\" \/>\n<script type=\"application\/ld+json\" class=\"yoast-schema-graph\">{\"@context\":\"https:\/\/schema.org\",\"@graph\":[{\"@type\":[\"WebPage\",\"ItemPage\"],\"@id\":\"https:\/\/www.qnde.ca\/fr\/produit\/palpeur-angle\/\",\"url\":\"https:\/\/www.qnde.ca\/fr\/produit\/palpeur-angle\/\",\"name\":\"CoreNDT Palpeurs a Angle et Sabots a Changement Rapide &#060; Qualit\u00e9 NDE\",\"isPartOf\":{\"@id\":\"https:\/\/www.qnde.ca\/#website\"},\"primaryImageOfPage\":{\"@id\":\"https:\/\/www.qnde.ca\/fr\/produit\/palpeur-angle\/#primaryimage\"},\"image\":{\"@id\":\"https:\/\/www.qnde.ca\/fr\/produit\/palpeur-angle\/#primaryimage\"},\"thumbnailUrl\":\"https:\/\/www.qnde.ca\/wp-content\/uploads\/2023\/03\/CoreNDT-Angle-Beam-Transducers.jpg\",\"datePublished\":\"2023-03-17T19:52:27+00:00\",\"dateModified\":\"2023-03-22T19:13:56+00:00\",\"description\":\"Les palpeurs \u00e0 angle standard de CoreNDT sont utilis\u00e9s en conjonction avec un sabot \u00e0 changement rapide pour inspection a ultrason.\",\"breadcrumb\":{\"@id\":\"https:\/\/www.qnde.ca\/fr\/produit\/palpeur-angle\/#breadcrumb\"},\"inLanguage\":\"fr-FR\",\"potentialAction\":[{\"@type\":\"ReadAction\",\"target\":[\"https:\/\/www.qnde.ca\/fr\/produit\/palpeur-angle\/\"]}]},{\"@type\":\"ImageObject\",\"inLanguage\":\"fr-FR\",\"@id\":\"https:\/\/www.qnde.ca\/fr\/produit\/palpeur-angle\/#primaryimage\",\"url\":\"https:\/\/www.qnde.ca\/wp-content\/uploads\/2023\/03\/CoreNDT-Angle-Beam-Transducers.jpg\",\"contentUrl\":\"https:\/\/www.qnde.ca\/wp-content\/uploads\/2023\/03\/CoreNDT-Angle-Beam-Transducers.jpg\",\"width\":1730,\"height\":1155},{\"@type\":\"BreadcrumbList\",\"@id\":\"https:\/\/www.qnde.ca\/fr\/produit\/palpeur-angle\/#breadcrumb\",\"itemListElement\":[{\"@type\":\"ListItem\",\"position\":1,\"name\":\"Accueil\",\"item\":\"https:\/\/www.qnde.ca\/fr\/\"},{\"@type\":\"ListItem\",\"position\":2,\"name\":\"Produits\",\"item\":\"https:\/\/www.qnde.ca\/fr\/produits\/\"},{\"@type\":\"ListItem\",\"position\":3,\"name\":\"Ultrasound\",\"item\":\"https:\/\/www.qnde.ca\/product-category\/ultrasound\/\"},{\"@type\":\"ListItem\",\"position\":4,\"name\":\"Transducers &amp; Wedges\",\"item\":\"https:\/\/www.qnde.ca\/product-category\/ultrasound\/transducers\/\"},{\"@type\":\"ListItem\",\"position\":5,\"name\":\"CoreNDT Palpeurs a Angle et Sabots a Changement Rapide\"}]},{\"@type\":\"WebSite\",\"@id\":\"https:\/\/www.qnde.ca\/#website\",\"url\":\"https:\/\/www.qnde.ca\/\",\"name\":\"Qualit\u00e9 NDE\",\"description\":\"\u00c9quipements d&#039;essais non destructifs \",\"publisher\":{\"@id\":\"https:\/\/www.qnde.ca\/#organization\"},\"potentialAction\":[{\"@type\":\"SearchAction\",\"target\":{\"@type\":\"EntryPoint\",\"urlTemplate\":\"https:\/\/www.qnde.ca\/?s={search_term_string}\"},\"query-input\":{\"@type\":\"PropertyValueSpecification\",\"valueRequired\":true,\"valueName\":\"search_term_string\"}}],\"inLanguage\":\"fr-FR\"},{\"@type\":\"Organization\",\"@id\":\"https:\/\/www.qnde.ca\/#organization\",\"name\":\"Quality NDT Ltd.\",\"url\":\"https:\/\/www.qnde.ca\/\",\"logo\":{\"@type\":\"ImageObject\",\"inLanguage\":\"fr-FR\",\"@id\":\"https:\/\/www.qnde.ca\/#\/schema\/logo\/image\/\",\"url\":\"https:\/\/www.qnde.ca\/wp-content\/uploads\/2022\/02\/QNDE_logo_RGB-gif.gif\",\"contentUrl\":\"https:\/\/www.qnde.ca\/wp-content\/uploads\/2022\/02\/QNDE_logo_RGB-gif.gif\",\"width\":250,\"height\":64,\"caption\":\"Quality NDT Ltd.\"},\"image\":{\"@id\":\"https:\/\/www.qnde.ca\/#\/schema\/logo\/image\/\"},\"sameAs\":[\"https:\/\/www.linkedin.com\/company\/qnde\/about\/?viewAsMember=true\"]}]}<\/script>\n<!-- \/ Yoast SEO plugin. -->","yoast_head_json":{"title":"CoreNDT Palpeurs a Angle et Sabots a Changement Rapide &#060; Qualit\u00e9 NDE","description":"Les palpeurs \u00e0 angle standard de CoreNDT sont utilis\u00e9s en conjonction avec un sabot \u00e0 changement rapide pour inspection a ultrason.","robots":{"index":"index","follow":"follow","max-snippet":"max-snippet:-1","max-image-preview":"max-image-preview:large","max-video-preview":"max-video-preview:-1"},"canonical":"https:\/\/www.qnde.ca\/fr\/produit\/palpeur-angle\/","twitter_misc":{"Dur\u00e9e de lecture estim\u00e9e":"1 minute"},"schema":{"@context":"https:\/\/schema.org","@graph":[{"@type":["WebPage","ItemPage"],"@id":"https:\/\/www.qnde.ca\/fr\/produit\/palpeur-angle\/","url":"https:\/\/www.qnde.ca\/fr\/produit\/palpeur-angle\/","name":"CoreNDT Palpeurs a Angle et Sabots a Changement Rapide &#060; Qualit\u00e9 NDE","isPartOf":{"@id":"https:\/\/www.qnde.ca\/#website"},"primaryImageOfPage":{"@id":"https:\/\/www.qnde.ca\/fr\/produit\/palpeur-angle\/#primaryimage"},"image":{"@id":"https:\/\/www.qnde.ca\/fr\/produit\/palpeur-angle\/#primaryimage"},"thumbnailUrl":"https:\/\/www.qnde.ca\/wp-content\/uploads\/2023\/03\/CoreNDT-Angle-Beam-Transducers.jpg","datePublished":"2023-03-17T19:52:27+00:00","dateModified":"2023-03-22T19:13:56+00:00","description":"Les palpeurs \u00e0 angle standard de CoreNDT sont utilis\u00e9s en conjonction avec un sabot \u00e0 changement rapide pour inspection a ultrason.","breadcrumb":{"@id":"https:\/\/www.qnde.ca\/fr\/produit\/palpeur-angle\/#breadcrumb"},"inLanguage":"fr-FR","potentialAction":[{"@type":"ReadAction","target":["https:\/\/www.qnde.ca\/fr\/produit\/palpeur-angle\/"]}]},{"@type":"ImageObject","inLanguage":"fr-FR","@id":"https:\/\/www.qnde.ca\/fr\/produit\/palpeur-angle\/#primaryimage","url":"https:\/\/www.qnde.ca\/wp-content\/uploads\/2023\/03\/CoreNDT-Angle-Beam-Transducers.jpg","contentUrl":"https:\/\/www.qnde.ca\/wp-content\/uploads\/2023\/03\/CoreNDT-Angle-Beam-Transducers.jpg","width":1730,"height":1155},{"@type":"BreadcrumbList","@id":"https:\/\/www.qnde.ca\/fr\/produit\/palpeur-angle\/#breadcrumb","itemListElement":[{"@type":"ListItem","position":1,"name":"Accueil","item":"https:\/\/www.qnde.ca\/fr\/"},{"@type":"ListItem","position":2,"name":"Produits","item":"https:\/\/www.qnde.ca\/fr\/produits\/"},{"@type":"ListItem","position":3,"name":"Ultrasound","item":"https:\/\/www.qnde.ca\/product-category\/ultrasound\/"},{"@type":"ListItem","position":4,"name":"Transducers &amp; Wedges","item":"https:\/\/www.qnde.ca\/product-category\/ultrasound\/transducers\/"},{"@type":"ListItem","position":5,"name":"CoreNDT Palpeurs a Angle et Sabots a Changement Rapide"}]},{"@type":"WebSite","@id":"https:\/\/www.qnde.ca\/#website","url":"https:\/\/www.qnde.ca\/","name":"Qualit\u00e9 NDE","description":"\u00c9quipements d&#039;essais non destructifs ","publisher":{"@id":"https:\/\/www.qnde.ca\/#organization"},"potentialAction":[{"@type":"SearchAction","target":{"@type":"EntryPoint","urlTemplate":"https:\/\/www.qnde.ca\/?s={search_term_string}"},"query-input":{"@type":"PropertyValueSpecification","valueRequired":true,"valueName":"search_term_string"}}],"inLanguage":"fr-FR"},{"@type":"Organization","@id":"https:\/\/www.qnde.ca\/#organization","name":"Quality NDT Ltd.","url":"https:\/\/www.qnde.ca\/","logo":{"@type":"ImageObject","inLanguage":"fr-FR","@id":"https:\/\/www.qnde.ca\/#\/schema\/logo\/image\/","url":"https:\/\/www.qnde.ca\/wp-content\/uploads\/2022\/02\/QNDE_logo_RGB-gif.gif","contentUrl":"https:\/\/www.qnde.ca\/wp-content\/uploads\/2022\/02\/QNDE_logo_RGB-gif.gif","width":250,"height":64,"caption":"Quality NDT Ltd."},"image":{"@id":"https:\/\/www.qnde.ca\/#\/schema\/logo\/image\/"},"sameAs":["https:\/\/www.linkedin.com\/company\/qnde\/about\/?viewAsMember=true"]}]}},"jetpack_sharing_enabled":true,"_links":{"self":[{"href":"https:\/\/www.qnde.ca\/fr\/wp-json\/wp\/v2\/product\/29793","targetHints":{"allow":["GET"]}}],"collection":[{"href":"https:\/\/www.qnde.ca\/fr\/wp-json\/wp\/v2\/product"}],"about":[{"href":"https:\/\/www.qnde.ca\/fr\/wp-json\/wp\/v2\/types\/product"}],"wp:featuredmedia":[{"embeddable":true,"href":"https:\/\/www.qnde.ca\/fr\/wp-json\/wp\/v2\/media\/29772"}],"wp:attachment":[{"href":"https:\/\/www.qnde.ca\/fr\/wp-json\/wp\/v2\/media?parent=29793"}],"wp:term":[{"taxonomy":"product_brand","embeddable":true,"href":"https:\/\/www.qnde.ca\/fr\/wp-json\/wp\/v2\/product_brand?post=29793"},{"taxonomy":"product_cat","embeddable":true,"href":"https:\/\/www.qnde.ca\/fr\/wp-json\/wp\/v2\/product_cat?post=29793"},{"taxonomy":"product_tag","embeddable":true,"href":"https:\/\/www.qnde.ca\/fr\/wp-json\/wp\/v2\/product_tag?post=29793"}],"curies":[{"name":"wp","href":"https:\/\/api.w.org\/{rel}","templated":true}]}}