{"id":29767,"date":"2023-03-17T13:56:42","date_gmt":"2023-03-17T18:16:50","guid":{"rendered":"https:\/\/www.qnde.ca\/?post_type=product&#038;p=29767"},"modified":"2025-06-27T14:34:41","modified_gmt":"2025-06-27T18:34:41","slug":"olympus-bondmaster-600","status":"publish","type":"product","link":"https:\/\/www.qnde.ca\/fr\/produit\/olympus-bondmaster-600\/","title":{"rendered":"Olympus BondMaster 600 Testeur d&rsquo;Adh\u00e9rence"},"content":{"rendered":"<p><strong>Olympus BondMaster 600 Testeur d&rsquo;Adh\u00e9rence<\/strong><\/p>\n<p>Le testeur d&rsquo;adh\u00e9rence BondMaster 600 d&rsquo;Olympus est un outil l\u00e9ger et puissant avec plusieurs modes d&rsquo;inspection de plusieurs types de composites. Ergonomique et portable, cet unit\u00e9 est pratique pour l&rsquo;inspection dans des espaces difficiles d&rsquo;acc\u00e8s et \u00e9troits ainsi que dans des conditions difficiles.<\/p>\n<p>Cet unit\u00e9 robuste de 1,7 kg (3,75 lb) a une vie d&rsquo;utilisation de 9 heures et un \u00e9cran VGA couleur lumineux de 5,7 pouces, une option plein \u00e9cran dans n&rsquo;importe quel mode d&rsquo;affichage, une bascule de mode d&rsquo;affichage, une capacit\u00e9 de stockage allant jusqu&rsquo;\u00e0 500 fichiers. Conforme \u00e0 IP66.<\/p>\n<p>Le kit complet comprend : Bondmaster B600 ou B600M avec dragonne, batterie Li-ion AA rechargeable, chargeur 120 VCA avec cordon d&rsquo;alimentation, plateau de batterie AA, carte m\u00e9moire microSD et adaptateur, logiciel PC BondMaster, c\u00e2ble de communication USB, c\u00e2ble de d\u00e9tection d&rsquo;hauteur et c\u00e2bles de sondes MIA, manuel d&rsquo;utilisation, certificat d&rsquo;\u00e9talonnage et une mallette de transport rigide \u00e9tanche.<\/p>\n","protected":false},"excerpt":{"rendered":"<p>Olympus BondMaster 600 Testeur d&rsquo;Adh\u00e9rence Le testeur d&rsquo;adh\u00e9rence BondMaster 600 d&rsquo;Olympus est un outil l\u00e9ger et puissant avec plusieurs modes d&rsquo;inspection de plusieurs types de composites. Ergonomique et portable, cet unit\u00e9 est pratique pour l&rsquo;inspection dans des espaces difficiles d&rsquo;acc\u00e8s et \u00e9troits ainsi que dans des conditions difficiles. Cet unit\u00e9 robuste de 1,7 kg (3,75 [&hellip;]<\/p>\n","protected":false},"featured_media":29759,"template":"","meta":{"_monsterinsights_skip_tracking":false,"_monsterinsights_sitenote_active":false,"_monsterinsights_sitenote_note":"","_monsterinsights_sitenote_category":0},"product_brand":[],"product_cat":[389,124,328,127],"product_tag":[],"class_list":{"0":"post-29767","1":"product","2":"type-product","3":"status-publish","4":"has-post-thumbnail","6":"product_cat-olympus-evident-fr","7":"product_cat-ultrasons","8":"product_cat-scanners-ultrasons","9":"product_cat-composites-ultrasons","11":"first","12":"instock","13":"shipping-taxable","14":"purchasable","15":"product-type-simple"},"yoast_head":"<!-- This site is optimized with the Yoast SEO plugin v23.9 - https:\/\/yoast.com\/wordpress\/plugins\/seo\/ -->\n<title>Olympus BondMaster 600 Testeur d&#039;Adh\u00e9rence &#060; Qualit\u00e9 NDE<\/title>\n<meta name=\"description\" content=\"Le testeur d&#039;adh\u00e9rence BondMaster 600 d&#039;Olympus est un outil l\u00e9ger mais puissant avec plusieurs modes pour inspecter plusieurs types de composites.\" \/>\n<meta name=\"robots\" content=\"index, follow, max-snippet:-1, max-image-preview:large, max-video-preview:-1\" \/>\n<link rel=\"canonical\" href=\"https:\/\/www.qnde.ca\/fr\/produit\/olympus-bondmaster-600\/\" \/>\n<meta name=\"twitter:label1\" content=\"Dur\u00e9e de lecture estim\u00e9e\" \/>\n\t<meta name=\"twitter:data1\" content=\"1 minute\" \/>\n<script type=\"application\/ld+json\" class=\"yoast-schema-graph\">{\"@context\":\"https:\/\/schema.org\",\"@graph\":[{\"@type\":[\"WebPage\",\"ItemPage\"],\"@id\":\"https:\/\/www.qnde.ca\/fr\/produit\/olympus-bondmaster-600\/\",\"url\":\"https:\/\/www.qnde.ca\/fr\/produit\/olympus-bondmaster-600\/\",\"name\":\"Olympus BondMaster 600 Testeur d'Adh\u00e9rence &#060; Qualit\u00e9 NDE\",\"isPartOf\":{\"@id\":\"https:\/\/www.qnde.ca\/#website\"},\"primaryImageOfPage\":{\"@id\":\"https:\/\/www.qnde.ca\/fr\/produit\/olympus-bondmaster-600\/#primaryimage\"},\"image\":{\"@id\":\"https:\/\/www.qnde.ca\/fr\/produit\/olympus-bondmaster-600\/#primaryimage\"},\"thumbnailUrl\":\"https:\/\/www.qnde.ca\/wp-content\/uploads\/2023\/03\/Olympus-Bondmaster-600-1.jpg\",\"datePublished\":\"2023-03-17T18:16:50+00:00\",\"dateModified\":\"2025-06-27T18:34:41+00:00\",\"description\":\"Le testeur d'adh\u00e9rence BondMaster 600 d'Olympus est un outil l\u00e9ger mais puissant avec plusieurs modes pour inspecter plusieurs types de composites.\",\"breadcrumb\":{\"@id\":\"https:\/\/www.qnde.ca\/fr\/produit\/olympus-bondmaster-600\/#breadcrumb\"},\"inLanguage\":\"fr-FR\",\"potentialAction\":[{\"@type\":\"ReadAction\",\"target\":[\"https:\/\/www.qnde.ca\/fr\/produit\/olympus-bondmaster-600\/\"]}]},{\"@type\":\"ImageObject\",\"inLanguage\":\"fr-FR\",\"@id\":\"https:\/\/www.qnde.ca\/fr\/produit\/olympus-bondmaster-600\/#primaryimage\",\"url\":\"https:\/\/www.qnde.ca\/wp-content\/uploads\/2023\/03\/Olympus-Bondmaster-600-1.jpg\",\"contentUrl\":\"https:\/\/www.qnde.ca\/wp-content\/uploads\/2023\/03\/Olympus-Bondmaster-600-1.jpg\",\"width\":452,\"height\":300},{\"@type\":\"BreadcrumbList\",\"@id\":\"https:\/\/www.qnde.ca\/fr\/produit\/olympus-bondmaster-600\/#breadcrumb\",\"itemListElement\":[{\"@type\":\"ListItem\",\"position\":1,\"name\":\"Accueil\",\"item\":\"https:\/\/www.qnde.ca\/fr\/\"},{\"@type\":\"ListItem\",\"position\":2,\"name\":\"Produits\",\"item\":\"https:\/\/www.qnde.ca\/fr\/produits\/\"},{\"@type\":\"ListItem\",\"position\":3,\"name\":\"Marques\",\"item\":\"https:\/\/www.qnde.ca\/fr\/product-category\/marques\/\"},{\"@type\":\"ListItem\",\"position\":4,\"name\":\"Evident Olympus\",\"item\":\"https:\/\/www.qnde.ca\/fr\/product-category\/marques\/olympus-evident-fr\/\"},{\"@type\":\"ListItem\",\"position\":5,\"name\":\"Olympus BondMaster 600 Testeur d&#8217;Adh\u00e9rence\"}]},{\"@type\":\"WebSite\",\"@id\":\"https:\/\/www.qnde.ca\/#website\",\"url\":\"https:\/\/www.qnde.ca\/\",\"name\":\"Qualit\u00e9 NDE\",\"description\":\"\u00c9quipements d&#039;essais non destructifs \",\"publisher\":{\"@id\":\"https:\/\/www.qnde.ca\/#organization\"},\"potentialAction\":[{\"@type\":\"SearchAction\",\"target\":{\"@type\":\"EntryPoint\",\"urlTemplate\":\"https:\/\/www.qnde.ca\/?s={search_term_string}\"},\"query-input\":{\"@type\":\"PropertyValueSpecification\",\"valueRequired\":true,\"valueName\":\"search_term_string\"}}],\"inLanguage\":\"fr-FR\"},{\"@type\":\"Organization\",\"@id\":\"https:\/\/www.qnde.ca\/#organization\",\"name\":\"Quality NDT Ltd.\",\"url\":\"https:\/\/www.qnde.ca\/\",\"logo\":{\"@type\":\"ImageObject\",\"inLanguage\":\"fr-FR\",\"@id\":\"https:\/\/www.qnde.ca\/#\/schema\/logo\/image\/\",\"url\":\"https:\/\/www.qnde.ca\/wp-content\/uploads\/2022\/02\/QNDE_logo_RGB-gif.gif\",\"contentUrl\":\"https:\/\/www.qnde.ca\/wp-content\/uploads\/2022\/02\/QNDE_logo_RGB-gif.gif\",\"width\":250,\"height\":64,\"caption\":\"Quality NDT Ltd.\"},\"image\":{\"@id\":\"https:\/\/www.qnde.ca\/#\/schema\/logo\/image\/\"},\"sameAs\":[\"https:\/\/www.linkedin.com\/company\/qnde\/about\/?viewAsMember=true\"]}]}<\/script>\n<!-- \/ Yoast SEO plugin. -->","yoast_head_json":{"title":"Olympus BondMaster 600 Testeur d'Adh\u00e9rence &#060; Qualit\u00e9 NDE","description":"Le testeur d'adh\u00e9rence BondMaster 600 d'Olympus est un outil l\u00e9ger mais puissant avec plusieurs modes pour inspecter plusieurs types de composites.","robots":{"index":"index","follow":"follow","max-snippet":"max-snippet:-1","max-image-preview":"max-image-preview:large","max-video-preview":"max-video-preview:-1"},"canonical":"https:\/\/www.qnde.ca\/fr\/produit\/olympus-bondmaster-600\/","twitter_misc":{"Dur\u00e9e de lecture estim\u00e9e":"1 minute"},"schema":{"@context":"https:\/\/schema.org","@graph":[{"@type":["WebPage","ItemPage"],"@id":"https:\/\/www.qnde.ca\/fr\/produit\/olympus-bondmaster-600\/","url":"https:\/\/www.qnde.ca\/fr\/produit\/olympus-bondmaster-600\/","name":"Olympus BondMaster 600 Testeur d'Adh\u00e9rence &#060; Qualit\u00e9 NDE","isPartOf":{"@id":"https:\/\/www.qnde.ca\/#website"},"primaryImageOfPage":{"@id":"https:\/\/www.qnde.ca\/fr\/produit\/olympus-bondmaster-600\/#primaryimage"},"image":{"@id":"https:\/\/www.qnde.ca\/fr\/produit\/olympus-bondmaster-600\/#primaryimage"},"thumbnailUrl":"https:\/\/www.qnde.ca\/wp-content\/uploads\/2023\/03\/Olympus-Bondmaster-600-1.jpg","datePublished":"2023-03-17T18:16:50+00:00","dateModified":"2025-06-27T18:34:41+00:00","description":"Le testeur d'adh\u00e9rence BondMaster 600 d'Olympus est un outil l\u00e9ger mais puissant avec plusieurs modes pour inspecter plusieurs types de composites.","breadcrumb":{"@id":"https:\/\/www.qnde.ca\/fr\/produit\/olympus-bondmaster-600\/#breadcrumb"},"inLanguage":"fr-FR","potentialAction":[{"@type":"ReadAction","target":["https:\/\/www.qnde.ca\/fr\/produit\/olympus-bondmaster-600\/"]}]},{"@type":"ImageObject","inLanguage":"fr-FR","@id":"https:\/\/www.qnde.ca\/fr\/produit\/olympus-bondmaster-600\/#primaryimage","url":"https:\/\/www.qnde.ca\/wp-content\/uploads\/2023\/03\/Olympus-Bondmaster-600-1.jpg","contentUrl":"https:\/\/www.qnde.ca\/wp-content\/uploads\/2023\/03\/Olympus-Bondmaster-600-1.jpg","width":452,"height":300},{"@type":"BreadcrumbList","@id":"https:\/\/www.qnde.ca\/fr\/produit\/olympus-bondmaster-600\/#breadcrumb","itemListElement":[{"@type":"ListItem","position":1,"name":"Accueil","item":"https:\/\/www.qnde.ca\/fr\/"},{"@type":"ListItem","position":2,"name":"Produits","item":"https:\/\/www.qnde.ca\/fr\/produits\/"},{"@type":"ListItem","position":3,"name":"Marques","item":"https:\/\/www.qnde.ca\/fr\/product-category\/marques\/"},{"@type":"ListItem","position":4,"name":"Evident Olympus","item":"https:\/\/www.qnde.ca\/fr\/product-category\/marques\/olympus-evident-fr\/"},{"@type":"ListItem","position":5,"name":"Olympus BondMaster 600 Testeur d&#8217;Adh\u00e9rence"}]},{"@type":"WebSite","@id":"https:\/\/www.qnde.ca\/#website","url":"https:\/\/www.qnde.ca\/","name":"Qualit\u00e9 NDE","description":"\u00c9quipements d&#039;essais non destructifs ","publisher":{"@id":"https:\/\/www.qnde.ca\/#organization"},"potentialAction":[{"@type":"SearchAction","target":{"@type":"EntryPoint","urlTemplate":"https:\/\/www.qnde.ca\/?s={search_term_string}"},"query-input":{"@type":"PropertyValueSpecification","valueRequired":true,"valueName":"search_term_string"}}],"inLanguage":"fr-FR"},{"@type":"Organization","@id":"https:\/\/www.qnde.ca\/#organization","name":"Quality NDT Ltd.","url":"https:\/\/www.qnde.ca\/","logo":{"@type":"ImageObject","inLanguage":"fr-FR","@id":"https:\/\/www.qnde.ca\/#\/schema\/logo\/image\/","url":"https:\/\/www.qnde.ca\/wp-content\/uploads\/2022\/02\/QNDE_logo_RGB-gif.gif","contentUrl":"https:\/\/www.qnde.ca\/wp-content\/uploads\/2022\/02\/QNDE_logo_RGB-gif.gif","width":250,"height":64,"caption":"Quality NDT Ltd."},"image":{"@id":"https:\/\/www.qnde.ca\/#\/schema\/logo\/image\/"},"sameAs":["https:\/\/www.linkedin.com\/company\/qnde\/about\/?viewAsMember=true"]}]}},"jetpack_sharing_enabled":true,"_links":{"self":[{"href":"https:\/\/www.qnde.ca\/fr\/wp-json\/wp\/v2\/product\/29767","targetHints":{"allow":["GET"]}}],"collection":[{"href":"https:\/\/www.qnde.ca\/fr\/wp-json\/wp\/v2\/product"}],"about":[{"href":"https:\/\/www.qnde.ca\/fr\/wp-json\/wp\/v2\/types\/product"}],"wp:featuredmedia":[{"embeddable":true,"href":"https:\/\/www.qnde.ca\/fr\/wp-json\/wp\/v2\/media\/29759"}],"wp:attachment":[{"href":"https:\/\/www.qnde.ca\/fr\/wp-json\/wp\/v2\/media?parent=29767"}],"wp:term":[{"taxonomy":"product_brand","embeddable":true,"href":"https:\/\/www.qnde.ca\/fr\/wp-json\/wp\/v2\/product_brand?post=29767"},{"taxonomy":"product_cat","embeddable":true,"href":"https:\/\/www.qnde.ca\/fr\/wp-json\/wp\/v2\/product_cat?post=29767"},{"taxonomy":"product_tag","embeddable":true,"href":"https:\/\/www.qnde.ca\/fr\/wp-json\/wp\/v2\/product_tag?post=29767"}],"curies":[{"name":"wp","href":"https:\/\/api.w.org\/{rel}","templated":true}]}}